{"id":9923,"date":"2023-01-06T10:44:45","date_gmt":"2023-01-06T10:44:45","guid":{"rendered":"https:\/\/natoura.si\/?page_id=9923"},"modified":"2025-10-09T12:05:22","modified_gmt":"2025-10-09T12:05:22","slug":"delta-donave-program","status":"publish","type":"page","link":"https:\/\/natoura.si\/sl_si\/delta-donave-program\/","title":{"rendered":"Delta Donave &#8211; program"},"content":{"rendered":"\t\t<div data-elementor-type=\"wp-page\" data-elementor-id=\"9923\" class=\"elementor elementor-9923\" data-elementor-post-type=\"page\">\n\t\t\t\t\t\t<section class=\"elementor-section elementor-top-section elementor-element elementor-element-b2d78c0 elementor-section-boxed elementor-section-height-default elementor-section-height-default\" data-id=\"b2d78c0\" data-element_type=\"section\" data-e-type=\"section\">\n\t\t\t\t\t\t<div class=\"elementor-container elementor-column-gap-default\">\n\t\t\t\t\t<div class=\"elementor-column elementor-col-100 elementor-top-column elementor-element elementor-element-6b21b36\" data-id=\"6b21b36\" data-element_type=\"column\" data-e-type=\"column\">\n\t\t\t<div class=\"elementor-widget-wrap\">\n\t\t\t\t\t\t\t<\/div>\n\t\t<\/div>\n\t\t\t\t\t<\/div>\n\t\t<\/section>\n\t\t\t\t<section class=\"elementor-section elementor-top-section elementor-element elementor-element-3b78148 elementor-section-boxed elementor-section-height-default elementor-section-height-default\" data-id=\"3b78148\" data-element_type=\"section\" data-e-type=\"section\">\n\t\t\t\t\t\t<div class=\"elementor-container elementor-column-gap-default\">\n\t\t\t\t\t<div class=\"elementor-column elementor-col-33 elementor-top-column elementor-element elementor-element-03c21c9\" data-id=\"03c21c9\" data-element_type=\"column\" data-e-type=\"column\">\n\t\t\t<div class=\"elementor-widget-wrap elementor-element-populated\">\n\t\t\t\t\t\t<div class=\"elementor-element elementor-element-19dfba0 elementor-widget elementor-widget-image\" data-id=\"19dfba0\" data-element_type=\"widget\" data-e-type=\"widget\" data-widget_type=\"image.default\">\n\t\t\t\t<div class=\"elementor-widget-container\">\n\t\t\t\t\t\t\t\t\t\t\t\t\t\t\t<img fetchpriority=\"high\" decoding=\"async\" width=\"915\" height=\"858\" src=\"https:\/\/natoura.si\/wp-content\/uploads\/2020\/03\/Navadna-cigra-Sterna-hirundo-3.gif\" class=\"attachment-large size-large wp-image-1732\" alt=\"\" \/>\t\t\t\t\t\t\t\t\t\t\t\t\t\t\t<\/div>\n\t\t\t\t<\/div>\n\t\t\t\t\t<\/div>\n\t\t<\/div>\n\t\t\t\t<div class=\"elementor-column elementor-col-66 elementor-top-column elementor-element elementor-element-8ab13c5\" data-id=\"8ab13c5\" data-element_type=\"column\" data-e-type=\"column\">\n\t\t\t<div class=\"elementor-widget-wrap elementor-element-populated\">\n\t\t\t\t\t\t<div class=\"elementor-element elementor-element-d3b5635 elementor-widget elementor-widget-text-editor\" data-id=\"d3b5635\" data-element_type=\"widget\" data-e-type=\"widget\" data-widget_type=\"text-editor.default\">\n\t\t\t\t<div class=\"elementor-widget-container\">\n\t\t\t\t\t\t\t\t\t<p><span style=\"color: #9db958;\">1. dan: 30. maj 2026<\/span><\/p><p><span style=\"color: #ffffff;\">Odhod iz Ljubljane z letalom do Bukare\u0161te. Prevoz z avtobusom do mesta Tulcea ob reki Donavi, namestitev v hotelu, ve\u010derja in preno\u010devanje.<\/span><\/p>\t\t\t\t\t\t\t\t<\/div>\n\t\t\t\t<\/div>\n\t\t\t\t\t<\/div>\n\t\t<\/div>\n\t\t\t\t\t<\/div>\n\t\t<\/section>\n\t\t\t\t<section class=\"elementor-section elementor-top-section elementor-element elementor-element-c1769e8 elementor-section-boxed elementor-section-height-default elementor-section-height-default\" data-id=\"c1769e8\" data-element_type=\"section\" data-e-type=\"section\">\n\t\t\t\t\t\t<div class=\"elementor-container elementor-column-gap-default\">\n\t\t\t\t\t<div class=\"elementor-column elementor-col-66 elementor-top-column elementor-element elementor-element-6707636\" data-id=\"6707636\" data-element_type=\"column\" data-e-type=\"column\">\n\t\t\t<div class=\"elementor-widget-wrap elementor-element-populated\">\n\t\t\t\t\t\t<div class=\"elementor-element elementor-element-e5c16b1 elementor-widget elementor-widget-text-editor\" data-id=\"e5c16b1\" data-element_type=\"widget\" data-e-type=\"widget\" data-widget_type=\"text-editor.default\">\n\t\t\t\t<div class=\"elementor-widget-container\">\n\t\t\t\t\t\t\t\t\t<p><span style=\"font-family: Poppins;\"><span style=\"color: #9db958; font-size: 16px;\">2. dan: 1. junij 2026<\/span><\/span><\/p><p><span style=\"color: #ffffff;\">Iz mesta Tulcea se bomo po zajtrku najprej odpeljali do NP M\u0103cin in si ogledali Informativno sredi\u0161\u010de parka, v katerem so predstavljeni bogata geolo\u0161ka, zoolo\u0161ka in botani\u010dna dedi\u0161\u010dina tega obmo\u010dja, predstvaljene pa so tudi \u0161tevilne narodnostne manj\u0161ine. Z lokalnim vodnikom se bomo nato podali po eni od \u0161tevilnih pohodnih poti na vrh grebena gorovja M\u0103cin, ob poti pa spoznavali \u0161tevilne naravoslovne posebnosti. Z vrha grebena bomo imeli \u010dudovit razgled na pokrajino v bli\u017eini delte reke Donave.<\/span><\/p><p><span style=\"color: #ffffff;\">Hoja: pribl. 6 km, 2-3 h (s postankom, malico, &#8230;). Popoldan vrnitev v Tulceo, kjer bo ve\u010derja in pred preno\u010devanjem \u0161e nekaj prostega \u010dasa za sprehod po mestu.<\/span><\/p><p><span style=\"font-family: Poppins; font-size: 14px; color: #ffffff;\">\u00a0<\/span><\/p>\t\t\t\t\t\t\t\t<\/div>\n\t\t\t\t<\/div>\n\t\t\t\t\t<\/div>\n\t\t<\/div>\n\t\t\t\t<div class=\"elementor-column elementor-col-33 elementor-top-column elementor-element elementor-element-9139d37\" data-id=\"9139d37\" data-element_type=\"column\" data-e-type=\"column\">\n\t\t\t<div class=\"elementor-widget-wrap elementor-element-populated\">\n\t\t\t\t\t\t<div class=\"elementor-element elementor-element-746fcb5 elementor-widget elementor-widget-image\" data-id=\"746fcb5\" data-element_type=\"widget\" data-e-type=\"widget\" data-widget_type=\"image.default\">\n\t\t\t\t<div class=\"elementor-widget-container\">\n\t\t\t\t\t\t\t\t\t\t\t\t\t\t\t<img decoding=\"async\" width=\"800\" height=\"800\" src=\"https:\/\/natoura.si\/wp-content\/uploads\/2023\/01\/Macin.gif\" class=\"attachment-large size-large wp-image-9932\" alt=\"\" \/>\t\t\t\t\t\t\t\t\t\t\t\t\t\t\t<\/div>\n\t\t\t\t<\/div>\n\t\t\t\t\t<\/div>\n\t\t<\/div>\n\t\t\t\t\t<\/div>\n\t\t<\/section>\n\t\t\t\t<section class=\"elementor-section elementor-top-section elementor-element elementor-element-71d0081 elementor-section-boxed elementor-section-height-default elementor-section-height-default\" data-id=\"71d0081\" data-element_type=\"section\" data-e-type=\"section\">\n\t\t\t\t\t\t<div class=\"elementor-container elementor-column-gap-default\">\n\t\t\t\t\t<div class=\"elementor-column elementor-col-33 elementor-top-column elementor-element elementor-element-2de5e3f\" data-id=\"2de5e3f\" data-element_type=\"column\" data-e-type=\"column\">\n\t\t\t<div class=\"elementor-widget-wrap elementor-element-populated\">\n\t\t\t\t\t\t<div class=\"elementor-element elementor-element-cccb775 elementor-widget elementor-widget-image\" data-id=\"cccb775\" data-element_type=\"widget\" data-e-type=\"widget\" data-widget_type=\"image.default\">\n\t\t\t\t<div class=\"elementor-widget-container\">\n\t\t\t\t\t\t\t\t\t\t\t\t\t\t\t<img decoding=\"async\" width=\"800\" height=\"800\" src=\"https:\/\/natoura.si\/wp-content\/uploads\/2023\/01\/Babadag.gif\" class=\"attachment-large size-large wp-image-9937\" alt=\"\" \/>\t\t\t\t\t\t\t\t\t\t\t\t\t\t\t<\/div>\n\t\t\t\t<\/div>\n\t\t\t\t\t<\/div>\n\t\t<\/div>\n\t\t\t\t<div class=\"elementor-column elementor-col-66 elementor-top-column elementor-element elementor-element-d4060a9\" data-id=\"d4060a9\" data-element_type=\"column\" data-e-type=\"column\">\n\t\t\t<div class=\"elementor-widget-wrap elementor-element-populated\">\n\t\t\t\t\t\t<div class=\"elementor-element elementor-element-5d62b89 elementor-widget elementor-widget-text-editor\" data-id=\"5d62b89\" data-element_type=\"widget\" data-e-type=\"widget\" data-widget_type=\"text-editor.default\">\n\t\t\t\t<div class=\"elementor-widget-container\">\n\t\t\t\t\t\t\t\t\t<p><span style=\"font-family: Poppins;\"><span style=\"color: #9db958; font-size: 16px;\">3. dan: 2. junij 2026<\/span><\/span><\/p><p><span style=\"font-family: Poppins; font-size: 14px;\"><span style=\"color: #ffffff;\">Zjutraj si bomo najprej ogledali izredno lep muzej z akvarijem v mestu Tulcea,\u00a0 v katerem so predstavljena vsa \u017eivljenjska okolja reke Donave v delti in ob njej, v akvariju pa si bomo med drugim ogledali tudi nekaj vrst jesetrov, ki so neko\u010d kraljevali reki, danes pa so izredno ogro\u017eeni. Nato se bomo vrnili za dobri dve tiso\u010dletji v preteklost in obiskali ostanke neko\u010d izredno pomembnega \u010drnomorskega pristani\u0161\u010da Histria, ki je svoj zaton do\u010dakalo tudi zaradi odlaganja naplavin reke Donave. Sledila bo vo\u017enja do vasi Enisala, kjer se bomo sprehodili po etnografskem muzeju na prostem in se seznanili z \u017eivljenjem v tamkaj\u0161njih vaseh v bli\u017enji preteklosti. V bli\u017eini se nahajajo ostanki neko\u010d mogo\u010dnega gradu Babadag, ki so ga zgradili Genove\u017eani, v notranjosti pa se nahaja tudi zanimiva naravoslovna razstava z opisom \u017eivljenjskih okolij v bli\u017enji okolici. Sledila bo vo\u017enja do Tulcee, kjer bo ve\u010derja in preno\u010devanje.<\/span><br \/><\/span><\/p>\t\t\t\t\t\t\t\t<\/div>\n\t\t\t\t<\/div>\n\t\t\t\t\t<\/div>\n\t\t<\/div>\n\t\t\t\t\t<\/div>\n\t\t<\/section>\n\t\t\t\t<section class=\"elementor-section elementor-top-section elementor-element elementor-element-2573db4 elementor-section-boxed elementor-section-height-default elementor-section-height-default\" data-id=\"2573db4\" data-element_type=\"section\" data-e-type=\"section\">\n\t\t\t\t\t\t<div class=\"elementor-container elementor-column-gap-default\">\n\t\t\t\t\t<div class=\"elementor-column elementor-col-66 elementor-top-column elementor-element elementor-element-46660ec\" data-id=\"46660ec\" data-element_type=\"column\" data-e-type=\"column\">\n\t\t\t<div class=\"elementor-widget-wrap elementor-element-populated\">\n\t\t\t\t\t\t<div class=\"elementor-element elementor-element-e4648b6 elementor-widget elementor-widget-text-editor\" data-id=\"e4648b6\" data-element_type=\"widget\" data-e-type=\"widget\" data-widget_type=\"text-editor.default\">\n\t\t\t\t<div class=\"elementor-widget-container\">\n\t\t\t\t\t\t\t\t\t<p><span style=\"font-family: Poppins;\"><span style=\"color: #9db958; font-size: 16px;\">4. dan : 3. junij 2026<\/span><\/span><\/p><p><span style=\"color: #ffffff;\">Po spoznavanju okolice delte Donave bo kon\u010dno napo\u010dil \u010das, ko se bomo podali v njeno osr\u010dje. Ta dan se bomo zadr\u017eevali v glavnem severno od stare glavne struge Donave in se podali na opazovanje ptic po zelo ozkih re\u010dnih kanalih in tudi do ve\u010djih jezer, ki so se oblikovala med \u0161tevilnimi re\u010dnimi rokavi. Sredi dneva se bomo ustavili v vasi Mila 23, kjer bomo imeli tradicionalno kosilo pri doma\u010dinih, po kon\u010dani vo\u017enji med kanali in jezeri pa bomo od\u0161li do vasi Cri\u015fan, ki se nahaja ob umetnem re\u010dnem rokavu, kjer bomo imeli v manj\u0161em etno hotelu ve\u010derjo in preno\u010devanje.<\/span><\/p>\t\t\t\t\t\t\t\t<\/div>\n\t\t\t\t<\/div>\n\t\t\t\t\t<\/div>\n\t\t<\/div>\n\t\t\t\t<div class=\"elementor-column elementor-col-33 elementor-top-column elementor-element elementor-element-8bec124\" data-id=\"8bec124\" data-element_type=\"column\" data-e-type=\"column\">\n\t\t\t<div class=\"elementor-widget-wrap elementor-element-populated\">\n\t\t\t\t\t\t<div class=\"elementor-element elementor-element-79982e3 elementor-widget elementor-widget-image\" data-id=\"79982e3\" data-element_type=\"widget\" data-e-type=\"widget\" data-widget_type=\"image.default\">\n\t\t\t\t<div class=\"elementor-widget-container\">\n\t\t\t\t\t\t\t\t\t\t\t\t\t\t\t<img loading=\"lazy\" decoding=\"async\" width=\"800\" height=\"800\" src=\"https:\/\/natoura.si\/wp-content\/uploads\/2023\/01\/Donava3.gif\" class=\"attachment-large size-large wp-image-9938\" alt=\"\" \/>\t\t\t\t\t\t\t\t\t\t\t\t\t\t\t<\/div>\n\t\t\t\t<\/div>\n\t\t\t\t\t<\/div>\n\t\t<\/div>\n\t\t\t\t\t<\/div>\n\t\t<\/section>\n\t\t\t\t<section class=\"elementor-section elementor-top-section elementor-element elementor-element-a1a75c3 elementor-section-boxed elementor-section-height-default elementor-section-height-default\" data-id=\"a1a75c3\" data-element_type=\"section\" data-e-type=\"section\">\n\t\t\t\t\t\t<div class=\"elementor-container elementor-column-gap-default\">\n\t\t\t\t\t<div class=\"elementor-column elementor-col-33 elementor-top-column elementor-element elementor-element-6b350df\" data-id=\"6b350df\" data-element_type=\"column\" data-e-type=\"column\">\n\t\t\t<div class=\"elementor-widget-wrap elementor-element-populated\">\n\t\t\t\t\t\t<div class=\"elementor-element elementor-element-9fac446 elementor-widget elementor-widget-image\" data-id=\"9fac446\" data-element_type=\"widget\" data-e-type=\"widget\" data-widget_type=\"image.default\">\n\t\t\t\t<div class=\"elementor-widget-container\">\n\t\t\t\t\t\t\t\t\t\t\t\t\t\t\t<img loading=\"lazy\" decoding=\"async\" width=\"800\" height=\"800\" src=\"https:\/\/natoura.si\/wp-content\/uploads\/2023\/01\/Crno-morje2.gif\" class=\"attachment-large size-large wp-image-9939\" alt=\"\" \/>\t\t\t\t\t\t\t\t\t\t\t\t\t\t\t<\/div>\n\t\t\t\t<\/div>\n\t\t\t\t\t<\/div>\n\t\t<\/div>\n\t\t\t\t<div class=\"elementor-column elementor-col-66 elementor-top-column elementor-element elementor-element-e26a6c0\" data-id=\"e26a6c0\" data-element_type=\"column\" data-e-type=\"column\">\n\t\t\t<div class=\"elementor-widget-wrap elementor-element-populated\">\n\t\t\t\t\t\t<div class=\"elementor-element elementor-element-8bb549f elementor-widget elementor-widget-text-editor\" data-id=\"8bb549f\" data-element_type=\"widget\" data-e-type=\"widget\" data-widget_type=\"text-editor.default\">\n\t\t\t\t<div class=\"elementor-widget-container\">\n\t\t\t\t\t\t\t\t\t<p><span style=\"font-family: Poppins;\"><span style=\"color: #9dbc55; font-size: 16px;\"><span style=\"font-size: 12pt;\">5. dan: 4. junij 2026<\/span><\/span><\/span><\/p><p><span style=\"color: #ffffff;\">Po zajtrku se bomo iz vasi Cri\u015fan odpravili na raziskovanje zavarovanih obmo\u010dij ju\u017enega dela delte Donave. Pot nas bo najprej vodila proti jugu do kanala St. Gheorghe, kjer se v \u010crno morje izliva najju\u017enej\u0161i krak reke Donave. Do soto\u010dja reke in morja se bomo sprehodili iz vasi St. Gheorghe, kjer bomo po ogledu imeli tudi kosilo pri doma\u010dinih. Po kosilu se bomo po re\u010dnih kanalih odpeljali do mesteca Sulina, kjer se v \u010crno morje izliva glavni rokav delte. Po kraj\u0161em ogledu se bomo vrnili v vas Cri\u015fan, kjer bo ve\u010derja in preno\u010devanje.<\/span><\/p>\t\t\t\t\t\t\t\t<\/div>\n\t\t\t\t<\/div>\n\t\t\t\t\t<\/div>\n\t\t<\/div>\n\t\t\t\t\t<\/div>\n\t\t<\/section>\n\t\t\t\t<section class=\"elementor-section elementor-top-section elementor-element elementor-element-41d892c elementor-section-boxed elementor-section-height-default elementor-section-height-default\" data-id=\"41d892c\" data-element_type=\"section\" data-e-type=\"section\">\n\t\t\t\t\t\t<div class=\"elementor-container elementor-column-gap-default\">\n\t\t\t\t\t<div class=\"elementor-column elementor-col-66 elementor-top-column elementor-element elementor-element-42141f1\" data-id=\"42141f1\" data-element_type=\"column\" data-e-type=\"column\">\n\t\t\t<div class=\"elementor-widget-wrap elementor-element-populated\">\n\t\t\t\t\t\t<div class=\"elementor-element elementor-element-4436178 elementor-widget elementor-widget-text-editor\" data-id=\"4436178\" data-element_type=\"widget\" data-e-type=\"widget\" data-widget_type=\"text-editor.default\">\n\t\t\t\t<div class=\"elementor-widget-container\">\n\t\t\t\t\t\t\t\t\t<p><span style=\"font-family: Poppins; font-size: 16px;\"><span style=\"color: #9dbc55;\">6. dan: 5. junij 2026<\/span><\/span><\/p><p><span style=\"color: #ffffff;\">Severovzhodno od Cri\u015fana in stare glavne struge reke Donave se nahaja gozd Letea, ki se je razvil na nekdanjih morskih sipinah, danes pa je to zavarovano obmo\u010dje z zelo zna\u010dilno vegetacijo, med katero z nekaj sre\u010de lahko opazujemo tudi divje konje. Do gozda in nazaj se bomo peljali z zna\u010dilno konjsko vprego, po ogledu pa nas bo pri doma\u010dinih \u010dakalo kosilo. Sledila bo vo\u017enja preko jezer, kjer se najpogosteje zadr\u017eujejo navadni in kodrasti pelikani in pred prihodom v vas Cri\u015fan jih bomo z nekaj sre\u010de videli tudi mi. Ve\u010derja in preno\u010devanje v Cri\u015fanu.<\/span><\/p>\t\t\t\t\t\t\t\t<\/div>\n\t\t\t\t<\/div>\n\t\t\t\t\t<\/div>\n\t\t<\/div>\n\t\t\t\t<div class=\"elementor-column elementor-col-33 elementor-top-column elementor-element elementor-element-ea65abe\" data-id=\"ea65abe\" data-element_type=\"column\" data-e-type=\"column\">\n\t\t\t<div class=\"elementor-widget-wrap elementor-element-populated\">\n\t\t\t\t\t\t<div class=\"elementor-element elementor-element-90529b0 elementor-widget elementor-widget-image\" data-id=\"90529b0\" data-element_type=\"widget\" data-e-type=\"widget\" data-widget_type=\"image.default\">\n\t\t\t\t<div class=\"elementor-widget-container\">\n\t\t\t\t\t\t\t\t\t\t\t\t\t\t\t<img loading=\"lazy\" decoding=\"async\" width=\"800\" height=\"800\" src=\"https:\/\/natoura.si\/wp-content\/uploads\/2023\/01\/Letea2.gif\" class=\"attachment-large size-large wp-image-9941\" alt=\"\" \/>\t\t\t\t\t\t\t\t\t\t\t\t\t\t\t<\/div>\n\t\t\t\t<\/div>\n\t\t\t\t\t<\/div>\n\t\t<\/div>\n\t\t\t\t\t<\/div>\n\t\t<\/section>\n\t\t\t\t<section class=\"elementor-section elementor-top-section elementor-element elementor-element-5683574 elementor-section-boxed elementor-section-height-default elementor-section-height-default\" data-id=\"5683574\" data-element_type=\"section\" data-e-type=\"section\">\n\t\t\t\t\t\t<div class=\"elementor-container elementor-column-gap-default\">\n\t\t\t\t\t<div class=\"elementor-column elementor-col-33 elementor-top-column elementor-element elementor-element-5eff8ee\" data-id=\"5eff8ee\" data-element_type=\"column\" data-e-type=\"column\">\n\t\t\t<div class=\"elementor-widget-wrap elementor-element-populated\">\n\t\t\t\t\t\t<div class=\"elementor-element elementor-element-78a7d4b elementor-widget elementor-widget-image\" data-id=\"78a7d4b\" data-element_type=\"widget\" data-e-type=\"widget\" data-widget_type=\"image.default\">\n\t\t\t\t<div class=\"elementor-widget-container\">\n\t\t\t\t\t\t\t\t\t\t\t\t\t\t\t<img loading=\"lazy\" decoding=\"async\" width=\"800\" height=\"800\" src=\"https:\/\/natoura.si\/wp-content\/uploads\/2020\/02\/Pelikan.gif\" class=\"attachment-large size-large wp-image-1129\" alt=\"\" \/>\t\t\t\t\t\t\t\t\t\t\t\t\t\t\t<\/div>\n\t\t\t\t<\/div>\n\t\t\t\t\t<\/div>\n\t\t<\/div>\n\t\t\t\t<div class=\"elementor-column elementor-col-66 elementor-top-column elementor-element elementor-element-8a47f01\" data-id=\"8a47f01\" data-element_type=\"column\" data-e-type=\"column\">\n\t\t\t<div class=\"elementor-widget-wrap elementor-element-populated\">\n\t\t\t\t\t\t<div class=\"elementor-element elementor-element-c1a1525 elementor-widget elementor-widget-text-editor\" data-id=\"c1a1525\" data-element_type=\"widget\" data-e-type=\"widget\" data-widget_type=\"text-editor.default\">\n\t\t\t\t<div class=\"elementor-widget-container\">\n\t\t\t\t\t\t\t\t\t<p><span style=\"font-family: Poppins;\"><span style=\"color: #9dbc55; font-size: 16px;\"><span style=\"font-size: 12pt;\">7. dan: 6. junij 2026<\/span><\/span><\/span><\/p><p><span style=\"color: #ffffff;\">Zadnji dan za opazovanje ptic se bomo odpravili po re\u010dnih kanalih in jezerih severno od glavnega re\u010dnega kanala in imeli prilo\u017enost spoznati \u017eivljenje lokalnih ribi\u010dev, saj se bomo pri enem izmed njih ustavili na kosilu. Vo\u017enjo preko re\u010dnih kanalov in jezer s postanki za opazovanje in fotografiranje bomo nadaljevali do mesta Tulcea, kjer bo ve\u010derja in preno\u010devanje.<\/span><\/p>\t\t\t\t\t\t\t\t<\/div>\n\t\t\t\t<\/div>\n\t\t\t\t\t<\/div>\n\t\t<\/div>\n\t\t\t\t\t<\/div>\n\t\t<\/section>\n\t\t\t\t<section class=\"elementor-section elementor-top-section elementor-element elementor-element-2148621 elementor-section-boxed elementor-section-height-default elementor-section-height-default\" data-id=\"2148621\" data-element_type=\"section\" data-e-type=\"section\">\n\t\t\t\t\t\t<div class=\"elementor-container elementor-column-gap-default\">\n\t\t\t\t\t<div class=\"elementor-column elementor-col-66 elementor-top-column elementor-element elementor-element-04d3f8e\" data-id=\"04d3f8e\" data-element_type=\"column\" data-e-type=\"column\">\n\t\t\t<div class=\"elementor-widget-wrap elementor-element-populated\">\n\t\t\t\t\t\t<div class=\"elementor-element elementor-element-48771b5 elementor-widget elementor-widget-text-editor\" data-id=\"48771b5\" data-element_type=\"widget\" data-e-type=\"widget\" data-widget_type=\"text-editor.default\">\n\t\t\t\t<div class=\"elementor-widget-container\">\n\t\t\t\t\t\t\t\t\t<p><span style=\"font-family: Poppins;\"><span style=\"color: #9dbc55; font-size: 16px;\"><span style=\"font-size: 12pt;\">8. dan: 7. junij 2026<\/span><\/span><\/span><\/p><p><span style=\"color: #ffffff;\">Po zajtrku bomo zapustili hotel in se z avtobusom odpeljali do letali\u0161\u010da v Bukare\u0161ti. Prihod v Ljubljano v ve\u010dernih urah.<br \/><\/span><\/p>\t\t\t\t\t\t\t\t<\/div>\n\t\t\t\t<\/div>\n\t\t\t\t\t<\/div>\n\t\t<\/div>\n\t\t\t\t<div class=\"elementor-column elementor-col-33 elementor-top-column elementor-element elementor-element-d4b10e3\" data-id=\"d4b10e3\" data-element_type=\"column\" data-e-type=\"column\">\n\t\t\t<div class=\"elementor-widget-wrap elementor-element-populated\">\n\t\t\t\t\t\t<div class=\"elementor-element elementor-element-630b975 elementor-widget elementor-widget-image\" data-id=\"630b975\" data-element_type=\"widget\" data-e-type=\"widget\" data-widget_type=\"image.default\">\n\t\t\t\t<div class=\"elementor-widget-container\">\n\t\t\t\t\t\t\t\t\t\t\t\t\t\t\t<img loading=\"lazy\" decoding=\"async\" width=\"901\" height=\"858\" src=\"https:\/\/natoura.si\/wp-content\/uploads\/2020\/03\/Delta-house.gif\" class=\"attachment-large size-large wp-image-1738\" alt=\"\" \/>\t\t\t\t\t\t\t\t\t\t\t\t\t\t\t<\/div>\n\t\t\t\t<\/div>\n\t\t\t\t\t<\/div>\n\t\t<\/div>\n\t\t\t\t\t<\/div>\n\t\t<\/section>\n\t\t\t\t<section class=\"elementor-section elementor-top-section elementor-element elementor-element-56380dc elementor-section-boxed elementor-section-height-default elementor-section-height-default\" data-id=\"56380dc\" data-element_type=\"section\" data-e-type=\"section\">\n\t\t\t\t\t\t<div class=\"elementor-container elementor-column-gap-default\">\n\t\t\t\t\t<div class=\"elementor-column elementor-col-100 elementor-top-column elementor-element elementor-element-d2eba57\" data-id=\"d2eba57\" data-element_type=\"column\" data-e-type=\"column\">\n\t\t\t<div class=\"elementor-widget-wrap elementor-element-populated\">\n\t\t\t\t\t\t<div class=\"elementor-element elementor-element-7b57216 elementor-widget elementor-widget-spacer\" data-id=\"7b57216\" data-element_type=\"widget\" data-e-type=\"widget\" data-widget_type=\"spacer.default\">\n\t\t\t\t<div class=\"elementor-widget-container\">\n\t\t\t\t\t\t\t<div class=\"elementor-spacer\">\n\t\t\t<div class=\"elementor-spacer-inner\"><\/div>\n\t\t<\/div>\n\t\t\t\t\t\t<\/div>\n\t\t\t\t<\/div>\n\t\t\t\t\t<\/div>\n\t\t<\/div>\n\t\t\t\t\t<\/div>\n\t\t<\/section>\n\t\t\t\t<section class=\"elementor-section elementor-top-section elementor-element elementor-element-658ba09 elementor-section-boxed elementor-section-height-default elementor-section-height-default\" data-id=\"658ba09\" data-element_type=\"section\" data-e-type=\"section\">\n\t\t\t\t\t\t<div class=\"elementor-container elementor-column-gap-default\">\n\t\t\t\t\t<div class=\"elementor-column elementor-col-100 elementor-top-column elementor-element elementor-element-4498596\" data-id=\"4498596\" data-element_type=\"column\" data-e-type=\"column\">\n\t\t\t<div class=\"elementor-widget-wrap elementor-element-populated\">\n\t\t\t\t\t\t<div class=\"elementor-element elementor-element-2a2d8c9 elementor-widget elementor-widget-text-editor\" data-id=\"2a2d8c9\" data-element_type=\"widget\" data-e-type=\"widget\" data-widget_type=\"text-editor.default\">\n\t\t\t\t<div class=\"elementor-widget-container\">\n\t\t\t\t\t\t\t\t\t<p><span style=\"font-family: Poppins; font-size: 14px; color: #ffffff;\">Avtorica programa in fotografij: \u00a9 Janja Benedik, 2019-2022.<\/span><\/p><p><span style=\"color: #ffffff;\">Vodstvo: Janja Benedik in Christian Mititelu Raileanu (sodelavec Life Bird International).<\/span><\/p><p><span style=\"font-family: Poppins; font-size: 14px; color: #ffffff;\">Organizator in izvajalec programa: \u00a9 naTOURa, Janja Benedik s. p.<\/span><span style=\"color: #ffffff;\"><span style=\"font-family: Poppins; font-size: 14px;\">, 2019-26<\/span><span style=\"font-family: Poppins; font-size: 14px;\">.<\/span><\/span><\/p>\t\t\t\t\t\t\t\t<\/div>\n\t\t\t\t<\/div>\n\t\t\t\t\t<\/div>\n\t\t<\/div>\n\t\t\t\t\t<\/div>\n\t\t<\/section>\n\t\t\t\t<\/div>\n\t\t","protected":false},"excerpt":{"rendered":"<p>1. dan: 30. maj 2026 Odhod iz Ljubljane z letalom do Bukare\u0161te. Prevoz z avtobusom do mesta Tulcea ob reki Donavi, namestitev v hotelu, ve\u010derjaTour Details<\/p>\n","protected":false},"author":1,"featured_media":9918,"parent":0,"menu_order":0,"comment_status":"closed","ping_status":"closed","template":"","meta":{"footnotes":""},"class_list":["post-9923","page","type-page","status-publish","has-post-thumbnail","hentry"],"_links":{"self":[{"href":"https:\/\/natoura.si\/sl_si\/wp-json\/wp\/v2\/pages\/9923","targetHints":{"allow":["GET"]}}],"collection":[{"href":"https:\/\/natoura.si\/sl_si\/wp-json\/wp\/v2\/pages"}],"about":[{"href":"https:\/\/natoura.si\/sl_si\/wp-json\/wp\/v2\/types\/page"}],"author":[{"embeddable":true,"href":"https:\/\/natoura.si\/sl_si\/wp-json\/wp\/v2\/users\/1"}],"replies":[{"embeddable":true,"href":"https:\/\/natoura.si\/sl_si\/wp-json\/wp\/v2\/comments?post=9923"}],"version-history":[{"count":49,"href":"https:\/\/natoura.si\/sl_si\/wp-json\/wp\/v2\/pages\/9923\/revisions"}],"predecessor-version":[{"id":16489,"href":"https:\/\/natoura.si\/sl_si\/wp-json\/wp\/v2\/pages\/9923\/revisions\/16489"}],"wp:featuredmedia":[{"embeddable":true,"href":"https:\/\/natoura.si\/sl_si\/wp-json\/wp\/v2\/media\/9918"}],"wp:attachment":[{"href":"https:\/\/natoura.si\/sl_si\/wp-json\/wp\/v2\/media?parent=9923"}],"curies":[{"name":"wp","href":"https:\/\/api.w.org\/{rel}","templated":true}]}}