{"id":9359,"date":"2022-11-26T21:21:33","date_gmt":"2022-11-26T21:21:33","guid":{"rendered":"https:\/\/natoura.si\/?page_id=9359"},"modified":"2022-12-20T07:43:37","modified_gmt":"2022-12-20T07:43:37","slug":"srbija-ob-donavi-program","status":"publish","type":"page","link":"https:\/\/natoura.si\/sl_si\/srbija-ob-donavi-program\/","title":{"rendered":"Srbija ob Donavi &#8211; program"},"content":{"rendered":"\t\t<div data-elementor-type=\"wp-page\" data-elementor-id=\"9359\" class=\"elementor elementor-9359\" data-elementor-post-type=\"page\">\n\t\t\t\t\t\t<section class=\"elementor-section elementor-top-section elementor-element elementor-element-3b78148 elementor-section-boxed elementor-section-height-default elementor-section-height-default\" data-id=\"3b78148\" data-element_type=\"section\" data-e-type=\"section\">\n\t\t\t\t\t\t<div class=\"elementor-container elementor-column-gap-default\">\n\t\t\t\t\t<div class=\"elementor-column elementor-col-33 elementor-top-column elementor-element elementor-element-03c21c9\" data-id=\"03c21c9\" data-element_type=\"column\" data-e-type=\"column\">\n\t\t\t<div class=\"elementor-widget-wrap elementor-element-populated\">\n\t\t\t\t\t\t<div class=\"elementor-element elementor-element-19dfba0 elementor-widget elementor-widget-image\" data-id=\"19dfba0\" data-element_type=\"widget\" data-e-type=\"widget\" data-widget_type=\"image.default\">\n\t\t\t\t<div class=\"elementor-widget-container\">\n\t\t\t\t\t\t\t\t\t\t\t\t\t\t\t<img fetchpriority=\"high\" decoding=\"async\" width=\"800\" height=\"800\" src=\"https:\/\/natoura.si\/wp-content\/uploads\/2022\/11\/Deliblatska6.gif\" class=\"attachment-large size-large wp-image-9365\" alt=\"\" \/>\t\t\t\t\t\t\t\t\t\t\t\t\t\t\t<\/div>\n\t\t\t\t<\/div>\n\t\t\t\t\t<\/div>\n\t\t<\/div>\n\t\t\t\t<div class=\"elementor-column elementor-col-66 elementor-top-column elementor-element elementor-element-8ab13c5\" data-id=\"8ab13c5\" data-element_type=\"column\" data-e-type=\"column\">\n\t\t\t<div class=\"elementor-widget-wrap elementor-element-populated\">\n\t\t\t\t\t\t<div class=\"elementor-element elementor-element-e23ee78 elementor-widget elementor-widget-text-editor\" data-id=\"e23ee78\" data-element_type=\"widget\" data-e-type=\"widget\" data-widget_type=\"text-editor.default\">\n\t\t\t\t<div class=\"elementor-widget-container\">\n\t\t\t\t\t\t\t\t\t<p><span style=\"font-family: Poppins;\"><span style=\"color: #9dbc55; font-size: 16px;\"><span style=\"font-size: 12pt;\">1. dan: 22. 4. 2023<\/span><br \/><\/span><\/span><\/p><p><span style=\"font-family: Poppins; font-size: 14px;\"><span style=\"color: #ffffff;\">Zve\u010der odhod z Brnika in let do Ni\u0161a. Transfer v hotel, preno\u010devanje.<\/span><br \/><\/span><\/p>\t\t\t\t\t\t\t\t<\/div>\n\t\t\t\t<\/div>\n\t\t\t\t\t<\/div>\n\t\t<\/div>\n\t\t\t\t\t<\/div>\n\t\t<\/section>\n\t\t\t\t<section class=\"elementor-section elementor-top-section elementor-element elementor-element-c1769e8 elementor-section-boxed elementor-section-height-default elementor-section-height-default\" data-id=\"c1769e8\" data-element_type=\"section\" data-e-type=\"section\">\n\t\t\t\t\t\t<div class=\"elementor-container elementor-column-gap-default\">\n\t\t\t\t\t<div class=\"elementor-column elementor-col-66 elementor-top-column elementor-element elementor-element-6707636\" data-id=\"6707636\" data-element_type=\"column\" data-e-type=\"column\">\n\t\t\t<div class=\"elementor-widget-wrap elementor-element-populated\">\n\t\t\t\t\t\t<div class=\"elementor-element elementor-element-e5c16b1 elementor-widget elementor-widget-text-editor\" data-id=\"e5c16b1\" data-element_type=\"widget\" data-e-type=\"widget\" data-widget_type=\"text-editor.default\">\n\t\t\t\t<div class=\"elementor-widget-container\">\n\t\t\t\t\t\t\t\t\t<p><span style=\"font-family: Poppins;\"><span style=\"color: #9db958; font-size: 16px;\">2. dan: 23. 4. 2023<br \/><\/span><\/span><\/p><p><span style=\"font-family: Poppins; font-size: 14px;\"><span style=\"color: #ffffff;\">V dopoldanskem \u010dasu ogled nekaterih znamenitosti Ni\u0161a, potem pa vo\u017enja do Gamzigrada, kjer se bomo vrnili v \u010das rimskega imperija ob koncu 3. stoletja, ko je emperator Galerius Maximianus tu postavil pala\u010do in jo poimenoval po svoji materi Felix Romuliana. Ogledali si bomo ostanke nekdanje veli\u010dastne utrjene pala\u010de, ki je uvr\u0161\u010dena na UNECO-v seznam svetovne kulturne dedi\u0161\u010dine. S tem ogledom bomo za\u010deli zgodbo o pomenu teh krajev za Rimski imperij, ki jo bomo nadaljevali ob reki Donavi. Ker je bil menda nekdanji empreator Galerius ljubitelj vina in dobre hrane, se bomo po njegovem zgledu zapeljali v vas Rajac, ki je znana po vinoto\u010dih, poimenovanih Raja\u010dke pimnice. Tam si bomo privo\u0161\u010dili del tradicionalne srbske kulinarike in degustacijo lokalnih vin. Preno\u010devanje.<\/span><br \/><\/span><\/p>\t\t\t\t\t\t\t\t<\/div>\n\t\t\t\t<\/div>\n\t\t\t\t\t<\/div>\n\t\t<\/div>\n\t\t\t\t<div class=\"elementor-column elementor-col-33 elementor-top-column elementor-element elementor-element-9139d37\" data-id=\"9139d37\" data-element_type=\"column\" data-e-type=\"column\">\n\t\t\t<div class=\"elementor-widget-wrap elementor-element-populated\">\n\t\t\t\t\t\t<div class=\"elementor-element elementor-element-746fcb5 elementor-widget elementor-widget-image\" data-id=\"746fcb5\" data-element_type=\"widget\" data-e-type=\"widget\" data-widget_type=\"image.default\">\n\t\t\t\t<div class=\"elementor-widget-container\">\n\t\t\t\t\t\t\t\t\t\t\t\t\t\t\t<img decoding=\"async\" width=\"800\" height=\"800\" src=\"https:\/\/natoura.si\/wp-content\/uploads\/2022\/11\/Felix-Romuliana.gif\" class=\"attachment-large size-large wp-image-9363\" alt=\"\" \/>\t\t\t\t\t\t\t\t\t\t\t\t\t\t\t<\/div>\n\t\t\t\t<\/div>\n\t\t\t\t\t<\/div>\n\t\t<\/div>\n\t\t\t\t\t<\/div>\n\t\t<\/section>\n\t\t\t\t<section class=\"elementor-section elementor-top-section elementor-element elementor-element-71d0081 elementor-section-boxed elementor-section-height-default elementor-section-height-default\" data-id=\"71d0081\" data-element_type=\"section\" data-e-type=\"section\">\n\t\t\t\t\t\t<div class=\"elementor-container elementor-column-gap-default\">\n\t\t\t\t\t<div class=\"elementor-column elementor-col-33 elementor-top-column elementor-element elementor-element-2de5e3f\" data-id=\"2de5e3f\" data-element_type=\"column\" data-e-type=\"column\">\n\t\t\t<div class=\"elementor-widget-wrap elementor-element-populated\">\n\t\t\t\t\t\t<div class=\"elementor-element elementor-element-cccb775 elementor-widget elementor-widget-image\" data-id=\"cccb775\" data-element_type=\"widget\" data-e-type=\"widget\" data-widget_type=\"image.default\">\n\t\t\t\t<div class=\"elementor-widget-container\">\n\t\t\t\t\t\t\t\t\t\t\t\t\t\t\t<img decoding=\"async\" width=\"800\" height=\"800\" src=\"https:\/\/natoura.si\/wp-content\/uploads\/2022\/11\/Vratna.jpg\" class=\"attachment-large size-large wp-image-9302\" alt=\"\" srcset=\"https:\/\/natoura.si\/wp-content\/uploads\/2022\/11\/Vratna.jpg 800w, https:\/\/natoura.si\/wp-content\/uploads\/2022\/11\/Vratna-300x300.jpg 300w, https:\/\/natoura.si\/wp-content\/uploads\/2022\/11\/Vratna-150x150.jpg 150w, https:\/\/natoura.si\/wp-content\/uploads\/2022\/11\/Vratna-768x768.jpg 768w\" sizes=\"(max-width: 800px) 100vw, 800px\" \/>\t\t\t\t\t\t\t\t\t\t\t\t\t\t\t<\/div>\n\t\t\t\t<\/div>\n\t\t\t\t\t<\/div>\n\t\t<\/div>\n\t\t\t\t<div class=\"elementor-column elementor-col-66 elementor-top-column elementor-element elementor-element-d4060a9\" data-id=\"d4060a9\" data-element_type=\"column\" data-e-type=\"column\">\n\t\t\t<div class=\"elementor-widget-wrap elementor-element-populated\">\n\t\t\t\t\t\t<div class=\"elementor-element elementor-element-5d62b89 elementor-widget elementor-widget-text-editor\" data-id=\"5d62b89\" data-element_type=\"widget\" data-e-type=\"widget\" data-widget_type=\"text-editor.default\">\n\t\t\t\t<div class=\"elementor-widget-container\">\n\t\t\t\t\t\t\t\t\t<p><span style=\"font-family: Poppins;\"><span style=\"color: #9db958; font-size: 16px;\">3. dan: 24. 4. 2023<\/span> <\/span><\/p><p><span style=\"font-family: Poppins; font-size: 14px; color: #ffffff;\">Po zajtrku se bomo odpeljali proti SV v smeri proti reki Donavi in se na poti ustavili pri dveh naravnih spomenikih. Prvi je dolina reke Vratne, kjer se nahajajo trije naravni mostovi, ki so posledica zru\u0161enja stropa nekdanje kra\u0161ke jame. Sprehodili se bomo po kratkem kanjonu in spoznavali kra\u0161ke pojave. Iz Vratne se bomo odpeljali do druge naravne znamenitosti, to je lehnjakotvorni slap Blederija, ki se ravno tako kot Vratna, nahaja na obmo\u010dju gore Miro\u010d. Nadaljevali bomo do Kladova, mesta ob reki Donavi, kjer bomo spregovorili o posledicah izgradnje HE \u0110erdap na \u017eivljenje ob reki in v njej. Nadaljevali bomo tudi z zgodbo o Rimskem imperiju ob reki Donavi in si ogledali ostanke voja\u0161ke utrdbe Diana, ki je nastala v \u010dasu rimskega emperatorja Trajanusa. Ve\u010derja in preno\u010devanje v Kladovu.<br \/><\/span><\/p><p><span style=\"color: #ffffff;\">(pribl. 2 km hoje, 200 m vi\u0161inske razlike)<\/span><\/p>\t\t\t\t\t\t\t\t<\/div>\n\t\t\t\t<\/div>\n\t\t\t\t\t<\/div>\n\t\t<\/div>\n\t\t\t\t\t<\/div>\n\t\t<\/section>\n\t\t\t\t<section class=\"elementor-section elementor-top-section elementor-element elementor-element-2573db4 elementor-section-boxed elementor-section-height-default elementor-section-height-default\" data-id=\"2573db4\" data-element_type=\"section\" data-e-type=\"section\">\n\t\t\t\t\t\t<div class=\"elementor-container elementor-column-gap-default\">\n\t\t\t\t\t<div class=\"elementor-column elementor-col-66 elementor-top-column elementor-element elementor-element-46660ec\" data-id=\"46660ec\" data-element_type=\"column\" data-e-type=\"column\">\n\t\t\t<div class=\"elementor-widget-wrap elementor-element-populated\">\n\t\t\t\t\t\t<div class=\"elementor-element elementor-element-e4648b6 elementor-widget elementor-widget-text-editor\" data-id=\"e4648b6\" data-element_type=\"widget\" data-e-type=\"widget\" data-widget_type=\"text-editor.default\">\n\t\t\t\t<div class=\"elementor-widget-container\">\n\t\t\t\t\t\t\t\t\t<p><span style=\"font-family: Poppins;\"><span style=\"color: #9db958; font-size: 16px;\">4. dan: 25. 4. 2023<\/span> <\/span><\/p><p><span style=\"color: #ffffff;\">Po zajtrku si bomo najprej privo\u0161\u010dili vo\u017enjo po reki Donavi, kasneje pa se bomo povzpeli nad njo in si jo ogledali \u0161e s pti\u010dje perspektive z enega najlep\u0161ih razgledi\u0161\u010d. V obeh primerih se bomo spomnili emperatorja Trajanusa in njegovega da\u010danskega nasprotnika Decibela. Po vrnitvi v dolino se bomo sprehodili \u0161e po soteski Boljetinske reke, ki je znana po fosilih amonitov in zato vklju\u010dena v Geopark \u0110erdap. Po prihodu v Donji Milanovac si bomo ogledali informacijski center Narodnega parka \u0110erdap. Ve\u010derja in preno\u010devanje v Donjem Milanovcu.<\/span><\/p><p><span style=\"color: #ffffff;\">(pribli\u017eno 8 km hoje, 400 m vi\u0161inske razlike)<\/span><\/p>\t\t\t\t\t\t\t\t<\/div>\n\t\t\t\t<\/div>\n\t\t\t\t\t<\/div>\n\t\t<\/div>\n\t\t\t\t<div class=\"elementor-column elementor-col-33 elementor-top-column elementor-element elementor-element-8bec124\" data-id=\"8bec124\" data-element_type=\"column\" data-e-type=\"column\">\n\t\t\t<div class=\"elementor-widget-wrap elementor-element-populated\">\n\t\t\t\t\t\t<div class=\"elementor-element elementor-element-79982e3 elementor-widget elementor-widget-image\" data-id=\"79982e3\" data-element_type=\"widget\" data-e-type=\"widget\" data-widget_type=\"image.default\">\n\t\t\t\t<div class=\"elementor-widget-container\">\n\t\t\t\t\t\t\t\t\t\t\t\t\t\t\t<img loading=\"lazy\" decoding=\"async\" width=\"800\" height=\"800\" src=\"https:\/\/natoura.si\/wp-content\/uploads\/2022\/11\/Djerdap3.gif\" class=\"attachment-large size-large wp-image-9364\" alt=\"\" \/>\t\t\t\t\t\t\t\t\t\t\t\t\t\t\t<\/div>\n\t\t\t\t<\/div>\n\t\t\t\t\t<\/div>\n\t\t<\/div>\n\t\t\t\t\t<\/div>\n\t\t<\/section>\n\t\t\t\t<section class=\"elementor-section elementor-top-section elementor-element elementor-element-a1a75c3 elementor-section-boxed elementor-section-height-default elementor-section-height-default\" data-id=\"a1a75c3\" data-element_type=\"section\" data-e-type=\"section\">\n\t\t\t\t\t\t<div class=\"elementor-container elementor-column-gap-default\">\n\t\t\t\t\t<div class=\"elementor-column elementor-col-33 elementor-top-column elementor-element elementor-element-6b350df\" data-id=\"6b350df\" data-element_type=\"column\" data-e-type=\"column\">\n\t\t\t<div class=\"elementor-widget-wrap elementor-element-populated\">\n\t\t\t\t\t\t<div class=\"elementor-element elementor-element-9fac446 elementor-widget elementor-widget-image\" data-id=\"9fac446\" data-element_type=\"widget\" data-e-type=\"widget\" data-widget_type=\"image.default\">\n\t\t\t\t<div class=\"elementor-widget-container\">\n\t\t\t\t\t\t\t\t\t\t\t\t\t\t\t<img loading=\"lazy\" decoding=\"async\" width=\"800\" height=\"800\" src=\"https:\/\/natoura.si\/wp-content\/uploads\/2022\/11\/Lepenski-vir.gif\" class=\"attachment-large size-large wp-image-9366\" alt=\"\" \/>\t\t\t\t\t\t\t\t\t\t\t\t\t\t\t<\/div>\n\t\t\t\t<\/div>\n\t\t\t\t\t<\/div>\n\t\t<\/div>\n\t\t\t\t<div class=\"elementor-column elementor-col-66 elementor-top-column elementor-element elementor-element-e26a6c0\" data-id=\"e26a6c0\" data-element_type=\"column\" data-e-type=\"column\">\n\t\t\t<div class=\"elementor-widget-wrap elementor-element-populated\">\n\t\t\t\t\t\t<div class=\"elementor-element elementor-element-8bb549f elementor-widget elementor-widget-text-editor\" data-id=\"8bb549f\" data-element_type=\"widget\" data-e-type=\"widget\" data-widget_type=\"text-editor.default\">\n\t\t\t\t<div class=\"elementor-widget-container\">\n\t\t\t\t\t\t\t\t\t<p><span style=\"font-family: Poppins;\"><span style=\"color: #9dbc55; font-size: 16px;\"><span style=\"font-size: 12pt;\">5. dan (26. 4. 2023) <\/span><br \/><\/span><\/span><\/p><p><span style=\"color: #ffffff;\">Po zajtrku ogled Arheolo\u0161kega parka Lepenski vir, kjer se bomo vrnili 8000 let nazaj v preteklost in spoznali kulturo skrivnostnega ljudstva, ki je to obmo\u010dje poseljevalo dobrih 2000 let. Da je mogo\u010dna reka privabljala ljudi ves \u010das poselitve vse do danes, seveda ni skrivnost, dokaz o strate\u0161ki legi pa je tudi trdnjava Golubac, kjer so na\u0161li ostanke rimske poselitve, kasneje pa so isto lokacijo obladovali vsi trenutni gospodarji: Ogri, Srbi in na koncu do druge polovice 19. stoletja Otomani. Dan bomo zaklju\u010dili ob mrtvici reke Donave Srebrno jezero, kjer bo ve\u010derja in preno\u010devanje.<\/span><\/p>\t\t\t\t\t\t\t\t<\/div>\n\t\t\t\t<\/div>\n\t\t\t\t\t<\/div>\n\t\t<\/div>\n\t\t\t\t\t<\/div>\n\t\t<\/section>\n\t\t\t\t<section class=\"elementor-section elementor-top-section elementor-element elementor-element-b0b1d1e elementor-section-boxed elementor-section-height-default elementor-section-height-default\" data-id=\"b0b1d1e\" data-element_type=\"section\" data-e-type=\"section\">\n\t\t\t\t\t\t<div class=\"elementor-container elementor-column-gap-default\">\n\t\t\t\t\t<div class=\"elementor-column elementor-col-66 elementor-top-column elementor-element elementor-element-2849eb4\" data-id=\"2849eb4\" data-element_type=\"column\" data-e-type=\"column\">\n\t\t\t<div class=\"elementor-widget-wrap elementor-element-populated\">\n\t\t\t\t\t\t<div class=\"elementor-element elementor-element-406db90 elementor-widget elementor-widget-text-editor\" data-id=\"406db90\" data-element_type=\"widget\" data-e-type=\"widget\" data-widget_type=\"text-editor.default\">\n\t\t\t\t<div class=\"elementor-widget-container\">\n\t\t\t\t\t\t\t\t\t<p><span style=\"font-family: Poppins;\"><span style=\"color: #9dbc55; font-size: 16px;\"><span style=\"font-size: 12pt;\">6. dan (27. 4. 2023)<\/span><br \/><\/span><\/span><\/p><p><span style=\"color: #ffffff;\">Od mrtvice Donave nas bo pot vodila do trdnjave Ram, ki se nahaja ob desnem bregu Donave na mestu, kjer je bilo v preteklosti \u017ee keltsko naselje. S\u00e1mo trdnjavo so zgradili Otomani v 15. stoletju in je predstavljala le eno od strate\u0161kih voja\u0161kih postojank, danes pa velja za enega najlep\u0161ih kulturnih spomenikov Srbije.\u00a0 Od tu nas bo pot vodila do nekdanjega rimskega voja\u0161kega tabora, ki se je v zadnjih letih razvil v lep arheolo\u0161ki park. V neposredni bli\u017eini se nahajajo tudi ostanki pribli\u017eno 5 milijonov let starega mamuta, ki so ga na\u0161li pred dobrimi 10 leti na mestu, kjer se je v \u010dasu umika Panonskega morja nahajala delta reke Morave. S svojimi nanosi je reka Morava v preteklosti omogo\u010dila nastanek poplavne ravnice, kjer so se ohranili odli\u010dni pogoji za uspevanje hrasta doba. Okrog 300 ohranjenih starih dreves je danes zavarovanih v okviru Naravnega rezervata \u0160alina\u010dki lug, kjer se bomo seznanili z geolo\u0161kimi in botani\u010dnimi zna\u010dilnostmi obmo\u010dja. Sledila bo vo\u017enja do hotela, ve\u010derja in preno\u010devanje.<\/span><\/p>\t\t\t\t\t\t\t\t<\/div>\n\t\t\t\t<\/div>\n\t\t\t\t\t<\/div>\n\t\t<\/div>\n\t\t\t\t<div class=\"elementor-column elementor-col-33 elementor-top-column elementor-element elementor-element-62d36f3\" data-id=\"62d36f3\" data-element_type=\"column\" data-e-type=\"column\">\n\t\t\t<div class=\"elementor-widget-wrap elementor-element-populated\">\n\t\t\t\t\t\t<div class=\"elementor-element elementor-element-d96aa06 elementor-widget elementor-widget-image\" data-id=\"d96aa06\" data-element_type=\"widget\" data-e-type=\"widget\" data-widget_type=\"image.default\">\n\t\t\t\t<div class=\"elementor-widget-container\">\n\t\t\t\t\t\t\t\t\t\t\t\t\t\t\t<img loading=\"lazy\" decoding=\"async\" width=\"800\" height=\"800\" src=\"https:\/\/natoura.si\/wp-content\/uploads\/2022\/11\/Viminatium.gif\" class=\"attachment-large size-large wp-image-9367\" alt=\"\" \/>\t\t\t\t\t\t\t\t\t\t\t\t\t\t\t<\/div>\n\t\t\t\t<\/div>\n\t\t\t\t\t<\/div>\n\t\t<\/div>\n\t\t\t\t\t<\/div>\n\t\t<\/section>\n\t\t\t\t<section class=\"elementor-section elementor-top-section elementor-element elementor-element-2bf7040 elementor-section-boxed elementor-section-height-default elementor-section-height-default\" data-id=\"2bf7040\" data-element_type=\"section\" data-e-type=\"section\">\n\t\t\t\t\t\t<div class=\"elementor-container elementor-column-gap-default\">\n\t\t\t\t\t<div class=\"elementor-column elementor-col-33 elementor-top-column elementor-element elementor-element-f863af6\" data-id=\"f863af6\" data-element_type=\"column\" data-e-type=\"column\">\n\t\t\t<div class=\"elementor-widget-wrap elementor-element-populated\">\n\t\t\t\t\t\t<div class=\"elementor-element elementor-element-e6a83f2 elementor-widget elementor-widget-image\" data-id=\"e6a83f2\" data-element_type=\"widget\" data-e-type=\"widget\" data-widget_type=\"image.default\">\n\t\t\t\t<div class=\"elementor-widget-container\">\n\t\t\t\t\t\t\t\t\t\t\t\t\t\t\t<img loading=\"lazy\" decoding=\"async\" width=\"800\" height=\"800\" src=\"https:\/\/natoura.si\/wp-content\/uploads\/2022\/11\/Deliblatska5.gif\" class=\"attachment-large size-large wp-image-9385\" alt=\"\" \/>\t\t\t\t\t\t\t\t\t\t\t\t\t\t\t<\/div>\n\t\t\t\t<\/div>\n\t\t\t\t\t<\/div>\n\t\t<\/div>\n\t\t\t\t<div class=\"elementor-column elementor-col-66 elementor-top-column elementor-element elementor-element-74e5a0a\" data-id=\"74e5a0a\" data-element_type=\"column\" data-e-type=\"column\">\n\t\t\t<div class=\"elementor-widget-wrap elementor-element-populated\">\n\t\t\t\t\t\t<div class=\"elementor-element elementor-element-35b00ca elementor-widget elementor-widget-text-editor\" data-id=\"35b00ca\" data-element_type=\"widget\" data-e-type=\"widget\" data-widget_type=\"text-editor.default\">\n\t\t\t\t<div class=\"elementor-widget-container\">\n\t\t\t\t\t\t\t\t\t<p><span style=\"font-family: Poppins;\"><span style=\"color: #9dbc55; font-size: 16px;\"><span style=\"font-size: 12pt;\">7. dan (28. 4. 2023)<\/span><br \/><\/span><\/span><\/p><p><span style=\"color: #ffffff;\">Po zajtrku se bomo odpeljali preko Donave do Deliblatske pe\u0161\u010dare in se podali na 14 km dolg pohod po najbolj zna\u010dilnih delih sipin in spoznali nastanek ter rastlinstvo in \u017eivalstvo, ki je tu prav gotovo nekaj posebnega zaradi druga\u010dnih ekolo\u0161kih razmer. Na poti bomo videli \u0161tevilne redke in zavarovane rastlinske in (z nekaj sre\u010de tudi) \u017eivalske vrste ter spregovorili o problematiki zara\u0161\u010danja in zasajevanjem z invazivnimi tujerodnimi vrstami. Popoldan bo sledila vo\u017enja do Beograda, kjer bo nekaj prostega \u010dasa pred ve\u010derjo in preno\u010devanjem.<\/span><\/p>\t\t\t\t\t\t\t\t<\/div>\n\t\t\t\t<\/div>\n\t\t\t\t\t<\/div>\n\t\t<\/div>\n\t\t\t\t\t<\/div>\n\t\t<\/section>\n\t\t\t\t<section class=\"elementor-section elementor-top-section elementor-element elementor-element-079e59a elementor-section-boxed elementor-section-height-default elementor-section-height-default\" data-id=\"079e59a\" data-element_type=\"section\" data-e-type=\"section\">\n\t\t\t\t\t\t<div class=\"elementor-container elementor-column-gap-default\">\n\t\t\t\t\t<div class=\"elementor-column elementor-col-66 elementor-top-column elementor-element elementor-element-0e1a1d4\" data-id=\"0e1a1d4\" data-element_type=\"column\" data-e-type=\"column\">\n\t\t\t<div class=\"elementor-widget-wrap elementor-element-populated\">\n\t\t\t\t\t\t<div class=\"elementor-element elementor-element-699d1a1 elementor-widget elementor-widget-text-editor\" data-id=\"699d1a1\" data-element_type=\"widget\" data-e-type=\"widget\" data-widget_type=\"text-editor.default\">\n\t\t\t\t<div class=\"elementor-widget-container\">\n\t\t\t\t\t\t\t\t\t<p><span style=\"font-family: Poppins;\"><span style=\"color: #9dbc55; font-size: 16px;\"><span style=\"font-size: 12pt;\">8. dan (29. 4. 2023)<\/span><br \/><\/span><\/span><\/p><p><span style=\"color: #ffffff;\">Zgodnji odhod iz hotela do letali\u0161\u010da v Beogradu. Na letali\u0161\u010de Brnik bomo prispeli v dopoldanskih urah.<\/span><\/p><p><span style=\"font-family: Poppins; font-size: 14px;\">\u00a0<\/span><\/p>\t\t\t\t\t\t\t\t<\/div>\n\t\t\t\t<\/div>\n\t\t\t\t\t<\/div>\n\t\t<\/div>\n\t\t\t\t<div class=\"elementor-column elementor-col-33 elementor-top-column elementor-element elementor-element-dc72b01\" data-id=\"dc72b01\" data-element_type=\"column\" data-e-type=\"column\">\n\t\t\t<div class=\"elementor-widget-wrap elementor-element-populated\">\n\t\t\t\t\t\t<div class=\"elementor-element elementor-element-253ff87 elementor-widget elementor-widget-image\" data-id=\"253ff87\" data-element_type=\"widget\" data-e-type=\"widget\" data-widget_type=\"image.default\">\n\t\t\t\t<div class=\"elementor-widget-container\">\n\t\t\t\t\t\t\t\t\t\t\t\t\t\t\t<img loading=\"lazy\" decoding=\"async\" width=\"800\" height=\"800\" src=\"https:\/\/natoura.si\/wp-content\/uploads\/2022\/11\/Vratna3.gif\" class=\"attachment-large size-large wp-image-9373\" alt=\"\" \/>\t\t\t\t\t\t\t\t\t\t\t\t\t\t\t<\/div>\n\t\t\t\t<\/div>\n\t\t\t\t\t<\/div>\n\t\t<\/div>\n\t\t\t\t\t<\/div>\n\t\t<\/section>\n\t\t\t\t<section class=\"elementor-section elementor-top-section elementor-element elementor-element-56380dc elementor-section-boxed elementor-section-height-default elementor-section-height-default\" data-id=\"56380dc\" data-element_type=\"section\" data-e-type=\"section\">\n\t\t\t\t\t\t<div class=\"elementor-container elementor-column-gap-default\">\n\t\t\t\t\t<div class=\"elementor-column elementor-col-100 elementor-top-column elementor-element elementor-element-d2eba57\" data-id=\"d2eba57\" data-element_type=\"column\" data-e-type=\"column\">\n\t\t\t<div class=\"elementor-widget-wrap elementor-element-populated\">\n\t\t\t\t\t\t<div class=\"elementor-element elementor-element-7b57216 elementor-widget elementor-widget-spacer\" data-id=\"7b57216\" data-element_type=\"widget\" data-e-type=\"widget\" data-widget_type=\"spacer.default\">\n\t\t\t\t<div class=\"elementor-widget-container\">\n\t\t\t\t\t\t\t<div class=\"elementor-spacer\">\n\t\t\t<div class=\"elementor-spacer-inner\"><\/div>\n\t\t<\/div>\n\t\t\t\t\t\t<\/div>\n\t\t\t\t<\/div>\n\t\t\t\t\t<\/div>\n\t\t<\/div>\n\t\t\t\t\t<\/div>\n\t\t<\/section>\n\t\t\t\t<section class=\"elementor-section elementor-top-section elementor-element elementor-element-658ba09 elementor-section-boxed elementor-section-height-default elementor-section-height-default\" data-id=\"658ba09\" data-element_type=\"section\" data-e-type=\"section\">\n\t\t\t\t\t\t<div class=\"elementor-container elementor-column-gap-default\">\n\t\t\t\t\t<div class=\"elementor-column elementor-col-100 elementor-top-column elementor-element elementor-element-4498596\" data-id=\"4498596\" data-element_type=\"column\" data-e-type=\"column\">\n\t\t\t<div class=\"elementor-widget-wrap elementor-element-populated\">\n\t\t\t\t\t\t<div class=\"elementor-element elementor-element-2a2d8c9 elementor-widget elementor-widget-text-editor\" data-id=\"2a2d8c9\" data-element_type=\"widget\" data-e-type=\"widget\" data-widget_type=\"text-editor.default\">\n\t\t\t\t<div class=\"elementor-widget-container\">\n\t\t\t\t\t\t\t\t\t<p><span style=\"font-family: Poppins; font-size: 14px; color: #ffffff;\">Avtorja programa: \u00a9 Janja Benedik, Pavle Pavlovi\u0107, 2022.<\/span><\/p><p><span style=\"font-family: Poppins; font-size: 14px; color: #ffffff;\">Organizator in izvajalec programa: \u00a9 naTOURa, Janja Benedik s. p., 2022-2023.<\/span><\/p>\t\t\t\t\t\t\t\t<\/div>\n\t\t\t\t<\/div>\n\t\t\t\t\t<\/div>\n\t\t<\/div>\n\t\t\t\t\t<\/div>\n\t\t<\/section>\n\t\t\t\t<\/div>\n\t\t","protected":false},"excerpt":{"rendered":"<p>1. dan: 22. 4. 2023 Zve\u010der odhod z Brnika in let do Ni\u0161a. Transfer v hotel, preno\u010devanje. 2. dan: 23. 4. 2023 V dopoldanskem \u010dasuTour Details<\/p>\n","protected":false},"author":1,"featured_media":9360,"parent":0,"menu_order":0,"comment_status":"closed","ping_status":"closed","template":"","meta":{"footnotes":""},"class_list":["post-9359","page","type-page","status-publish","has-post-thumbnail","hentry"],"_links":{"self":[{"href":"https:\/\/natoura.si\/sl_si\/wp-json\/wp\/v2\/pages\/9359","targetHints":{"allow":["GET"]}}],"collection":[{"href":"https:\/\/natoura.si\/sl_si\/wp-json\/wp\/v2\/pages"}],"about":[{"href":"https:\/\/natoura.si\/sl_si\/wp-json\/wp\/v2\/types\/page"}],"author":[{"embeddable":true,"href":"https:\/\/natoura.si\/sl_si\/wp-json\/wp\/v2\/users\/1"}],"replies":[{"embeddable":true,"href":"https:\/\/natoura.si\/sl_si\/wp-json\/wp\/v2\/comments?post=9359"}],"version-history":[{"count":22,"href":"https:\/\/natoura.si\/sl_si\/wp-json\/wp\/v2\/pages\/9359\/revisions"}],"predecessor-version":[{"id":9491,"href":"https:\/\/natoura.si\/sl_si\/wp-json\/wp\/v2\/pages\/9359\/revisions\/9491"}],"wp:featuredmedia":[{"embeddable":true,"href":"https:\/\/natoura.si\/sl_si\/wp-json\/wp\/v2\/media\/9360"}],"wp:attachment":[{"href":"https:\/\/natoura.si\/sl_si\/wp-json\/wp\/v2\/media?parent=9359"}],"curies":[{"name":"wp","href":"https:\/\/api.w.org\/{rel}","templated":true}]}}