{"id":9279,"date":"2022-11-07T21:01:14","date_gmt":"2022-11-07T21:01:14","guid":{"rendered":"https:\/\/natoura.si\/?page_id=9279"},"modified":"2023-05-16T07:06:40","modified_gmt":"2023-05-16T07:06:40","slug":"gorski-kotar-program","status":"publish","type":"page","link":"https:\/\/natoura.si\/sl_si\/gorski-kotar-program\/","title":{"rendered":"Gorski kotar &#8211; program"},"content":{"rendered":"\t\t<div data-elementor-type=\"wp-page\" data-elementor-id=\"9279\" class=\"elementor elementor-9279\" data-elementor-post-type=\"page\">\n\t\t\t\t\t\t<section class=\"elementor-section elementor-top-section elementor-element elementor-element-3b78148 elementor-section-boxed elementor-section-height-default elementor-section-height-default\" data-id=\"3b78148\" data-element_type=\"section\" data-e-type=\"section\">\n\t\t\t\t\t\t<div class=\"elementor-container elementor-column-gap-default\">\n\t\t\t\t\t<div class=\"elementor-column elementor-col-33 elementor-top-column elementor-element elementor-element-03c21c9\" data-id=\"03c21c9\" data-element_type=\"column\" data-e-type=\"column\">\n\t\t\t<div class=\"elementor-widget-wrap elementor-element-populated\">\n\t\t\t\t\t\t<div class=\"elementor-element elementor-element-19dfba0 elementor-widget elementor-widget-image\" data-id=\"19dfba0\" data-element_type=\"widget\" data-e-type=\"widget\" data-widget_type=\"image.default\">\n\t\t\t\t<div class=\"elementor-widget-container\">\n\t\t\t\t\t\t\t\t\t\t\t\t\t\t\t<img fetchpriority=\"high\" decoding=\"async\" width=\"800\" height=\"800\" src=\"https:\/\/natoura.si\/wp-content\/uploads\/2022\/12\/Izvir-Kolpe2.gif\" class=\"attachment-large size-large wp-image-9746\" alt=\"\" \/>\t\t\t\t\t\t\t\t\t\t\t\t\t\t\t<\/div>\n\t\t\t\t<\/div>\n\t\t\t\t\t<\/div>\n\t\t<\/div>\n\t\t\t\t<div class=\"elementor-column elementor-col-66 elementor-top-column elementor-element elementor-element-8ab13c5\" data-id=\"8ab13c5\" data-element_type=\"column\" data-e-type=\"column\">\n\t\t\t<div class=\"elementor-widget-wrap elementor-element-populated\">\n\t\t\t\t\t\t<div class=\"elementor-element elementor-element-e23ee78 elementor-widget elementor-widget-text-editor\" data-id=\"e23ee78\" data-element_type=\"widget\" data-e-type=\"widget\" data-widget_type=\"text-editor.default\">\n\t\t\t\t<div class=\"elementor-widget-container\">\n\t\t\t\t\t\t\t\t\t<p><span style=\"font-family: Poppins;\"><span style=\"color: #9dbc55; font-size: 16px;\">1. dan: sobota, 24. 6. 2023<br \/><\/span><\/span><\/p><p><span lang=\"hr\" style=\"color: #ffffff;\">Odhod iz Ljubljane in vo\u017enja preko Ko\u010devja do Delnic, od tam pa do vasi Razloge, kjer se bomo pe\u0161 odpravili do izvira mejne reke Kolpe. Gre za skoraj 80 m globok izvir, ki velja za enega najlep\u0161ih kra\u0161kih izvirov. Po vrnitvi na izhodi\u0161\u010de se bomo odpeljali do jame Lokvarka, ki velja za najglobjo turisti\u010dno jamo na Hrva\u0161kem. Sprehodili se bomo skozi \u0161tiri eta\u017ee in spoznali nastanek jame ter njen pomen pri odkrivanju bogatega podzemnega \u017eivalstva. Po vrnitvi na povr\u0161ino nas bo pot vodila do Stare Su\u0161ice, kjer si bomo ogledali nekdanji dvorec slavne hrva\u0161ke rodbine Frankopan, nato pa bomo obiskali Center za obiskovalce &#8220;Velike zveri&#8221; in se seznanili z \u017eivalmi, ki so nedvomno simbol Gorskega kotarja. Sledila bo vo\u017enja do Ravne Gore, kjer bo ve\u010derja in preno\u010devanje. <\/span><\/p><p><span style=\"color: #ffffff;\">Hoja: Razloge &#8211; izvir Kolpe: 2,5 km v eno smer, 300 m vi\u0161inske razlike; jama Lokvarka: dol\u017eina poti: 900 m, vi\u0161inska razlika: 75 m.<\/span><\/p>\t\t\t\t\t\t\t\t<\/div>\n\t\t\t\t<\/div>\n\t\t\t\t\t<\/div>\n\t\t<\/div>\n\t\t\t\t\t<\/div>\n\t\t<\/section>\n\t\t\t\t<section class=\"elementor-section elementor-top-section elementor-element elementor-element-c1769e8 elementor-section-boxed elementor-section-height-default elementor-section-height-default\" data-id=\"c1769e8\" data-element_type=\"section\" data-e-type=\"section\">\n\t\t\t\t\t\t<div class=\"elementor-container elementor-column-gap-default\">\n\t\t\t\t\t<div class=\"elementor-column elementor-col-66 elementor-top-column elementor-element elementor-element-6707636\" data-id=\"6707636\" data-element_type=\"column\" data-e-type=\"column\">\n\t\t\t<div class=\"elementor-widget-wrap elementor-element-populated\">\n\t\t\t\t\t\t<div class=\"elementor-element elementor-element-e5c16b1 elementor-widget elementor-widget-text-editor\" data-id=\"e5c16b1\" data-element_type=\"widget\" data-e-type=\"widget\" data-widget_type=\"text-editor.default\">\n\t\t\t\t<div class=\"elementor-widget-container\">\n\t\t\t\t\t\t\t\t\t<p><span style=\"font-family: Poppins;\"><span style=\"color: #9db958; font-size: 16px;\">2. dan: nedelja, 25. 6. 2023<br \/><\/span><\/span><\/p><p><span lang=\"hr\" style=\"color: #ffffff;\">Po zajtrku nas bo pot vodila z Ravne Gore proti mestecu Skrad, kjer se bomo podali na kro\u017eno pohodno pot. Za\u010deli bomo pri Planinskem domu Zeleni vir in se najprej podali do ozke soteske Hudi\u010dev prehod (Vra\u017eji prolaz), se nato po dinarskem bukovem gozdu dvignili na planoto po poti, ki v Skradu zopet zavije proti izhodi\u0161\u010du, kjer si bomo malo pred ciljem ogledali \u0161e slap in izvir Zeleni vir. Po po\u010ditku v Planinskem domu (mo\u017enost kosila!) se bomo odpeljali do vasi Kocijani, od koder se bomo podali na kraj\u0161i pohod do enega najlep\u0161ih razgledi\u0161\u010d na reko Kolpo, Medveja stena. Sledila bo vo\u017enja do Ravne Gore, kjer bo ve\u010derja in preno\u010devanje. <br \/><\/span><\/p><p><span style=\"color: #ffffff;\">Hoja: Zeleni vir &#8211; kro\u017ena pot: pribl. 6 km, vi\u0161inska razlika pribl. 400 m. Tisti, ki bi jim bila pot prenaporna, se lahko sprehodijo le do nekaj sto metrov oddaljenega slapa in izvira Zeleni vir ter v okolici Planinskega doma po stezah ob potoku. Pot Kocijani &#8211; Medveja stena:\u00a0 2,5 km v eno smer, vi\u0161inska razlika: 240 m.<\/span><\/p><p><span style=\"color: #ffffff; font-family: Poppins; font-size: 14px;\">\u00a0<\/span><\/p>\t\t\t\t\t\t\t\t<\/div>\n\t\t\t\t<\/div>\n\t\t\t\t\t<\/div>\n\t\t<\/div>\n\t\t\t\t<div class=\"elementor-column elementor-col-33 elementor-top-column elementor-element elementor-element-9139d37\" data-id=\"9139d37\" data-element_type=\"column\" data-e-type=\"column\">\n\t\t\t<div class=\"elementor-widget-wrap elementor-element-populated\">\n\t\t\t\t\t\t<div class=\"elementor-element elementor-element-746fcb5 elementor-widget elementor-widget-image\" data-id=\"746fcb5\" data-element_type=\"widget\" data-e-type=\"widget\" data-widget_type=\"image.default\">\n\t\t\t\t<div class=\"elementor-widget-container\">\n\t\t\t\t\t\t\t\t\t\t\t\t\t\t\t<img decoding=\"async\" width=\"800\" height=\"800\" src=\"https:\/\/natoura.si\/wp-content\/uploads\/2022\/11\/Zeleni-vir.gif\" class=\"attachment-large size-large wp-image-9282\" alt=\"\" \/>\t\t\t\t\t\t\t\t\t\t\t\t\t\t\t<\/div>\n\t\t\t\t<\/div>\n\t\t\t\t\t<\/div>\n\t\t<\/div>\n\t\t\t\t\t<\/div>\n\t\t<\/section>\n\t\t\t\t<section class=\"elementor-section elementor-top-section elementor-element elementor-element-7ed273d elementor-section-boxed elementor-section-height-default elementor-section-height-default\" data-id=\"7ed273d\" data-element_type=\"section\" data-e-type=\"section\">\n\t\t\t\t\t\t<div class=\"elementor-container elementor-column-gap-default\">\n\t\t\t\t\t<div class=\"elementor-column elementor-col-33 elementor-top-column elementor-element elementor-element-33e8c31\" data-id=\"33e8c31\" data-element_type=\"column\" data-e-type=\"column\">\n\t\t\t<div class=\"elementor-widget-wrap elementor-element-populated\">\n\t\t\t\t\t\t<div class=\"elementor-element elementor-element-fa5f890 elementor-widget elementor-widget-image\" data-id=\"fa5f890\" data-element_type=\"widget\" data-e-type=\"widget\" data-widget_type=\"image.default\">\n\t\t\t\t<div class=\"elementor-widget-container\">\n\t\t\t\t\t\t\t\t\t\t\t\t\t\t\t<img decoding=\"async\" width=\"800\" height=\"800\" src=\"https:\/\/natoura.si\/wp-content\/uploads\/2022\/11\/Kamacnik.gif\" class=\"attachment-large size-large wp-image-9283\" alt=\"\" \/>\t\t\t\t\t\t\t\t\t\t\t\t\t\t\t<\/div>\n\t\t\t\t<\/div>\n\t\t\t\t\t<\/div>\n\t\t<\/div>\n\t\t\t\t<div class=\"elementor-column elementor-col-66 elementor-top-column elementor-element elementor-element-a79aa82\" data-id=\"a79aa82\" data-element_type=\"column\" data-e-type=\"column\">\n\t\t\t<div class=\"elementor-widget-wrap elementor-element-populated\">\n\t\t\t\t\t\t<div class=\"elementor-element elementor-element-5ca644c elementor-widget elementor-widget-text-editor\" data-id=\"5ca644c\" data-element_type=\"widget\" data-e-type=\"widget\" data-widget_type=\"text-editor.default\">\n\t\t\t\t<div class=\"elementor-widget-container\">\n\t\t\t\t\t\t\t\t\t<p><span style=\"font-family: Poppins;\"><span style=\"color: #9db958; font-size: 16px;\">3. dan: ponedeljek, 26. 6. 2023<br \/><\/span><\/span><\/p><p><span lang=\"hr\" style=\"color: #ffffff;\">Po zajtrku se bomo poslovili od Ravne gore in se odpeljali do Vrbovskega, kjer se bomo sprehodli po kanjonu potoka Kama\u010dnik od njegovega izliva v reko Dobro do njegovega kra\u0161kega izvira. Idili\u010dno pokrajino ob lepo urejeni poti bomo spoznavali tudi s pomo\u010djo informativnih tabel, ki prikazujejo rastlinske in \u017eivalske vrste tega kanjona. Vrnili se bomo po isti poti in si odpo\u010dili v restavraciji ob izhodi\u0161\u010du, nato pa se bomo odpeljali \u0161e do enega od Frankopanskih dvorcev &#8211; Severin. Po ogledu vo\u017enja do Bosiljeva in preko Bele krajine v Ljubljano, kamor bomo prispeli v ve\u010dernih urah.<br \/><\/span><\/p><p><span style=\"color: #ffffff;\">Hoja: kanjon Kama\u010dnik: 3 km v eno smer, 40 m vi\u0161inske razlike.<\/span><\/p><p><span style=\"font-family: Poppins; color: #ffffff;\">\u00a0<\/span><\/p>\t\t\t\t\t\t\t\t<\/div>\n\t\t\t\t<\/div>\n\t\t\t\t\t<\/div>\n\t\t<\/div>\n\t\t\t\t\t<\/div>\n\t\t<\/section>\n\t\t\t\t<section class=\"elementor-section elementor-top-section elementor-element elementor-element-658ba09 elementor-section-boxed elementor-section-height-default elementor-section-height-default\" data-id=\"658ba09\" data-element_type=\"section\" data-e-type=\"section\">\n\t\t\t\t\t\t<div class=\"elementor-container elementor-column-gap-default\">\n\t\t\t\t\t<div class=\"elementor-column elementor-col-100 elementor-top-column elementor-element elementor-element-4498596\" data-id=\"4498596\" data-element_type=\"column\" data-e-type=\"column\">\n\t\t\t<div class=\"elementor-widget-wrap elementor-element-populated\">\n\t\t\t\t\t\t<div class=\"elementor-element elementor-element-2a2d8c9 elementor-widget elementor-widget-text-editor\" data-id=\"2a2d8c9\" data-element_type=\"widget\" data-e-type=\"widget\" data-widget_type=\"text-editor.default\">\n\t\t\t\t<div class=\"elementor-widget-container\">\n\t\t\t\t\t\t\t\t\t<p><span style=\"color: #ffffff;\"><span style=\"font-family: Poppins; font-size: 14px;\">A<\/span><span style=\"font-family: Poppins; font-size: 14px;\">vtorica programa in fotografij: \u00a9 Janja Benedik, 2022.<\/span><\/span><\/p><p><span style=\"font-family: Poppins; font-size: 14px; color: #ffffff;\">Organizator in izvajalec programa: \u00a9 naTOURa, Janja Benedik s. p., 2022-2023.<\/span><\/p>\t\t\t\t\t\t\t\t<\/div>\n\t\t\t\t<\/div>\n\t\t\t\t\t<\/div>\n\t\t<\/div>\n\t\t\t\t\t<\/div>\n\t\t<\/section>\n\t\t\t\t<\/div>\n\t\t","protected":false},"excerpt":{"rendered":"<p>1. dan: sobota, 24. 6. 2023 Odhod iz Ljubljane in vo\u017enja preko Ko\u010devja do Delnic, od tam pa do vasi Razloge, kjer se bomo pe\u0161Tour Details<\/p>\n","protected":false},"author":1,"featured_media":9280,"parent":0,"menu_order":0,"comment_status":"closed","ping_status":"closed","template":"","meta":{"footnotes":""},"class_list":["post-9279","page","type-page","status-publish","has-post-thumbnail","hentry"],"_links":{"self":[{"href":"https:\/\/natoura.si\/sl_si\/wp-json\/wp\/v2\/pages\/9279","targetHints":{"allow":["GET"]}}],"collection":[{"href":"https:\/\/natoura.si\/sl_si\/wp-json\/wp\/v2\/pages"}],"about":[{"href":"https:\/\/natoura.si\/sl_si\/wp-json\/wp\/v2\/types\/page"}],"author":[{"embeddable":true,"href":"https:\/\/natoura.si\/sl_si\/wp-json\/wp\/v2\/users\/1"}],"replies":[{"embeddable":true,"href":"https:\/\/natoura.si\/sl_si\/wp-json\/wp\/v2\/comments?post=9279"}],"version-history":[{"count":32,"href":"https:\/\/natoura.si\/sl_si\/wp-json\/wp\/v2\/pages\/9279\/revisions"}],"predecessor-version":[{"id":10954,"href":"https:\/\/natoura.si\/sl_si\/wp-json\/wp\/v2\/pages\/9279\/revisions\/10954"}],"wp:featuredmedia":[{"embeddable":true,"href":"https:\/\/natoura.si\/sl_si\/wp-json\/wp\/v2\/media\/9280"}],"wp:attachment":[{"href":"https:\/\/natoura.si\/sl_si\/wp-json\/wp\/v2\/media?parent=9279"}],"curies":[{"name":"wp","href":"https:\/\/api.w.org\/{rel}","templated":true}]}}