{"id":91,"date":"2019-09-03T05:35:57","date_gmt":"2019-09-03T05:35:57","guid":{"rendered":"https:\/\/natoura.si\/?page_id=91"},"modified":"2020-02-23T21:38:17","modified_gmt":"2020-02-23T21:38:17","slug":"italija","status":"publish","type":"page","link":"https:\/\/natoura.si\/sl_si\/italija\/","title":{"rendered":"Italija"},"content":{"rendered":"<table style=\"width: 100%;\">\n<tbody>\n<tr>\n<td style=\"width: 97.931%;\"><span style=\"font-family: Montserrat; font-size: 10pt;\"><img fetchpriority=\"high\" decoding=\"async\" class=\"wp-image-1132 size-medium alignleft\" src=\"https:\/\/natoura.si\/wp-content\/uploads\/2020\/02\/Euganei-300x300.gif\" alt=\"\" width=\"300\" height=\"300\" srcset=\"https:\/\/natoura.si\/wp-content\/uploads\/2020\/02\/Euganei-300x300.gif 300w, https:\/\/natoura.si\/wp-content\/uploads\/2020\/02\/Euganei-150x150.gif 150w, https:\/\/natoura.si\/wp-content\/uploads\/2020\/02\/Euganei-768x768.gif 768w, https:\/\/natoura.si\/wp-content\/uploads\/2020\/02\/Euganei-100x100.gif 100w\" sizes=\"(max-width: 300px) 100vw, 300px\" \/><\/span><\/p>\n<p><span style=\"font-family: Montserrat; font-size: 10pt;\"><a href=\"https:\/\/natoura.si\/dediscina-vulkanov-in-morskih-lagun\/\"><strong><span style=\"color: #9dbc55;\">Dedi\u0161\u010dina vulkanov in morskih lagun<\/span><\/strong><\/a><\/span><\/p>\n<p><span style=\"font-family: Montserrat; font-size: 10pt;\">22. &#8211; 24. 5. 2020<\/span><\/p>\n<p>&nbsp;<\/p>\n<p>&nbsp;<\/p>\n<p>&nbsp;<\/p>\n<p>&nbsp;<\/p>\n<p>&nbsp;<\/p>\n<p><img decoding=\"async\" class=\"wp-image-1136 size-medium alignleft\" src=\"https:\/\/natoura.si\/wp-content\/uploads\/2020\/02\/Dolomiti-300x300.gif\" alt=\"\" width=\"300\" height=\"300\" srcset=\"https:\/\/natoura.si\/wp-content\/uploads\/2020\/02\/Dolomiti-300x300.gif 300w, https:\/\/natoura.si\/wp-content\/uploads\/2020\/02\/Dolomiti-150x150.gif 150w, https:\/\/natoura.si\/wp-content\/uploads\/2020\/02\/Dolomiti-768x768.gif 768w, https:\/\/natoura.si\/wp-content\/uploads\/2020\/02\/Dolomiti-100x100.gif 100w\" sizes=\"(max-width: 300px) 100vw, 300px\" \/><\/p>\n<p>&nbsp;<\/p>\n<p><a href=\"https:\/\/natoura.si\/ob-vznozju-dolomitov\/\"><span style=\"font-family: Montserrat; font-size: 10pt;\"><strong><span style=\"color: #9dbc55;\">Ob vzno\u017eju Dolomitov<\/span><\/strong><\/span><\/a><\/p>\n<p><span style=\"font-family: Montserrat; font-size: 10pt;\">4. &#8211; 6. 9. 2020<\/span><\/td>\n<\/tr>\n<\/tbody>\n<\/table>\n","protected":false},"excerpt":{"rendered":"<p>Dedi\u0161\u010dina vulkanov in morskih lagun 22. &#8211; 24. 5. 2020 &nbsp; &nbsp; &nbsp; &nbsp; &nbsp; &nbsp; Ob vzno\u017eju Dolomitov 4. &#8211; 6. 9. 2020<\/p>\n","protected":false},"author":1,"featured_media":0,"parent":0,"menu_order":0,"comment_status":"closed","ping_status":"closed","template":"","meta":{"footnotes":""},"class_list":["post-91","page","type-page","status-publish","hentry"],"_links":{"self":[{"href":"https:\/\/natoura.si\/sl_si\/wp-json\/wp\/v2\/pages\/91","targetHints":{"allow":["GET"]}}],"collection":[{"href":"https:\/\/natoura.si\/sl_si\/wp-json\/wp\/v2\/pages"}],"about":[{"href":"https:\/\/natoura.si\/sl_si\/wp-json\/wp\/v2\/types\/page"}],"author":[{"embeddable":true,"href":"https:\/\/natoura.si\/sl_si\/wp-json\/wp\/v2\/users\/1"}],"replies":[{"embeddable":true,"href":"https:\/\/natoura.si\/sl_si\/wp-json\/wp\/v2\/comments?post=91"}],"version-history":[{"count":7,"href":"https:\/\/natoura.si\/sl_si\/wp-json\/wp\/v2\/pages\/91\/revisions"}],"predecessor-version":[{"id":1180,"href":"https:\/\/natoura.si\/sl_si\/wp-json\/wp\/v2\/pages\/91\/revisions\/1180"}],"wp:attachment":[{"href":"https:\/\/natoura.si\/sl_si\/wp-json\/wp\/v2\/media?parent=91"}],"curies":[{"name":"wp","href":"https:\/\/api.w.org\/{rel}","templated":true}]}}