{"id":8897,"date":"2022-08-23T07:51:43","date_gmt":"2022-08-23T07:51:43","guid":{"rendered":"https:\/\/natoura.si\/?page_id=8897"},"modified":"2022-11-22T10:15:02","modified_gmt":"2022-11-22T10:15:02","slug":"soglasje-za-sklenitev-zavarovanja-potovanja-v-tujino","status":"publish","type":"page","link":"https:\/\/natoura.si\/sl_si\/soglasje-za-sklenitev-zavarovanja-potovanja-v-tujino\/","title":{"rendered":"Soglasje za sklenitev Zavarovanja potovanja v tujino"},"content":{"rendered":"\t\t<div data-elementor-type=\"wp-page\" data-elementor-id=\"8897\" class=\"elementor elementor-8897\" data-elementor-post-type=\"page\">\n\t\t\t\t\t\t<section class=\"elementor-section elementor-top-section elementor-element elementor-element-e323fd5 elementor-section-boxed elementor-section-height-default elementor-section-height-default\" data-id=\"e323fd5\" data-element_type=\"section\" data-e-type=\"section\">\n\t\t\t\t\t\t<div class=\"elementor-container elementor-column-gap-default\">\n\t\t\t\t\t<div class=\"elementor-column elementor-col-100 elementor-top-column elementor-element elementor-element-4590762\" data-id=\"4590762\" data-element_type=\"column\" data-e-type=\"column\">\n\t\t\t<div class=\"elementor-widget-wrap elementor-element-populated\">\n\t\t\t\t\t\t<div class=\"elementor-element elementor-element-3fca472 elementor-button-align-center elementor-widget__width-auto elementor-widget elementor-widget-form\" data-id=\"3fca472\" data-element_type=\"widget\" data-e-type=\"widget\" data-settings=\"{&quot;step_next_label&quot;:&quot;Naprej&quot;,&quot;step_previous_label&quot;:&quot;Nazaj&quot;,&quot;step_type&quot;:&quot;none&quot;,&quot;button_width&quot;:&quot;100&quot;,&quot;step_icon_shape&quot;:&quot;circle&quot;}\" data-widget_type=\"form.default\">\n\t\t\t\t<div class=\"elementor-widget-container\">\n\t\t\t\t\t\t\t<form class=\"elementor-form\" method=\"post\" name=\"natour07\" aria-label=\"natour07\">\n\t\t\t<input type=\"hidden\" name=\"post_id\" value=\"8897\"\/>\n\t\t\t<input type=\"hidden\" name=\"form_id\" value=\"3fca472\"\/>\n\t\t\t<input type=\"hidden\" name=\"referer_title\" value=\"Soglasje za sklenitev Zavarovanja potovanja v tujino\" \/>\n\n\t\t\t\t\t\t\t<input type=\"hidden\" name=\"queried_id\" value=\"8897\"\/>\n\t\t\t\n\t\t\t<div class=\"elementor-form-fields-wrapper elementor-labels-above\">\n\t\t\t\t\t\t\t\t<div class=\"elementor-field-type-textarea elementor-field-group elementor-column elementor-field-group-field_beaa343 elementor-col-100\">\n\t\t\t\t\t<textarea class=\"elementor-field-textual elementor-field  elementor-size-sm\" name=\"form_fields[field_beaa343]\" id=\"form-field-field_beaa343\" rows=\"4\" placeholder=\"Bodite pozorni, da vna\u0161ate podatke, ki so enaki kot v uradnih dokumentih. Preverite pravilnost vne\u0161enih podatkov. Izpolnite vsa obvezna polja, ozna\u010dena z zvezdico. Dokazilo o uspe\u0161no poslanem soglasju je prejeta kopija soglasja na elektronski naslov, ki ste ga vpisali. Za ve\u010d informacij o zavarovanjih si oglejte zavihek na strani zgoraj ali pi\u0161ite na info@natoura.si.\"><\/textarea>\t\t\t\t<\/div>\n\t\t\t\t\t\t\t\t<div class=\"elementor-field-type-text elementor-field-group elementor-column elementor-field-group-field_753c01b elementor-col-100\">\n\t\t\t\t\t\t\t\t\t\t\t\t\t<input size=\"1\" type=\"text\" name=\"form_fields[field_753c01b]\" id=\"form-field-field_753c01b\" class=\"elementor-field elementor-size-sm  elementor-field-textual\" placeholder=\"OSEBNI PODATKI\">\n\t\t\t\t\t\t\t\t\t\t\t<\/div>\n\t\t\t\t\t\t\t\t<div class=\"elementor-field-type-text elementor-field-group elementor-column elementor-field-group-name elementor-col-100 elementor-field-required elementor-mark-required\">\n\t\t\t\t\t\t\t\t\t\t\t\t<label for=\"form-field-name\" class=\"elementor-field-label\">\n\t\t\t\t\t\t\t\tIme in priimek nosilca zavarovalne police\t\t\t\t\t\t\t<\/label>\n\t\t\t\t\t\t\t\t\t\t\t\t\t\t<input size=\"1\" type=\"text\" name=\"form_fields[name]\" id=\"form-field-name\" class=\"elementor-field elementor-size-sm  elementor-field-textual\" placeholder=\"Ime in priimek\" required=\"required\">\n\t\t\t\t\t\t\t\t\t\t\t<\/div>\n\t\t\t\t\t\t\t\t<div class=\"elementor-field-type-text elementor-field-group elementor-column elementor-field-group-field_45a8be9 elementor-col-50 elementor-field-required elementor-mark-required\">\n\t\t\t\t\t\t\t\t\t\t\t\t<label for=\"form-field-field_45a8be9\" class=\"elementor-field-label\">\n\t\t\t\t\t\t\t\tNaslov stalnega prebivali\u0161\u010da\t\t\t\t\t\t\t<\/label>\n\t\t\t\t\t\t\t\t\t\t\t\t\t\t<input size=\"1\" type=\"text\" name=\"form_fields[field_45a8be9]\" id=\"form-field-field_45a8be9\" class=\"elementor-field elementor-size-sm  elementor-field-textual\" placeholder=\"Ulica in hi\u0161na \u0161tevilka, po\u0161ta, kraj\" required=\"required\">\n\t\t\t\t\t\t\t\t\t\t\t<\/div>\n\t\t\t\t\t\t\t\t<div class=\"elementor-field-type-email elementor-field-group elementor-column elementor-field-group-email elementor-col-50 elementor-field-required elementor-mark-required\">\n\t\t\t\t\t\t\t\t\t\t\t\t<label for=\"form-field-email\" class=\"elementor-field-label\">\n\t\t\t\t\t\t\t\tElektronski naslov\t\t\t\t\t\t\t<\/label>\n\t\t\t\t\t\t\t\t\t\t\t\t\t\t<input size=\"1\" type=\"email\" name=\"form_fields[email]\" id=\"form-field-email\" class=\"elementor-field elementor-size-sm  elementor-field-textual\" placeholder=\"Elektronski naslov\" required=\"required\">\n\t\t\t\t\t\t\t\t\t\t\t<\/div>\n\t\t\t\t\t\t\t\t<div class=\"elementor-field-type-text elementor-field-group elementor-column elementor-field-group-field_2f69ea2 elementor-col-50 elementor-field-required elementor-mark-required\">\n\t\t\t\t\t\t\t\t\t\t\t\t<label for=\"form-field-field_2f69ea2\" class=\"elementor-field-label\">\n\t\t\t\t\t\t\t\tTelefonska \u0161tevilka\t\t\t\t\t\t\t<\/label>\n\t\t\t\t\t\t\t\t\t\t\t\t\t\t<input size=\"1\" type=\"text\" name=\"form_fields[field_2f69ea2]\" id=\"form-field-field_2f69ea2\" class=\"elementor-field elementor-size-sm  elementor-field-textual\" placeholder=\"\u0160tevilka GSM\" required=\"required\">\n\t\t\t\t\t\t\t\t\t\t\t<\/div>\n\t\t\t\t\t\t\t\t<div class=\"elementor-field-type-text elementor-field-group elementor-column elementor-field-group-field_ccd5636 elementor-col-50 elementor-field-required elementor-mark-required\">\n\t\t\t\t\t\t\t\t\t\t\t\t<label for=\"form-field-field_ccd5636\" class=\"elementor-field-label\">\n\t\t\t\t\t\t\t\tDatum rojstva\t\t\t\t\t\t\t<\/label>\n\t\t\t\t\t\t\t\t\t\t\t\t\t\t<input size=\"1\" type=\"text\" name=\"form_fields[field_ccd5636]\" id=\"form-field-field_ccd5636\" class=\"elementor-field elementor-size-sm  elementor-field-textual\" required=\"required\">\n\t\t\t\t\t\t\t\t\t\t\t<\/div>\n\t\t\t\t\t\t\t\t<div class=\"elementor-field-type-text elementor-field-group elementor-column elementor-field-group-field_09685bb elementor-col-100\">\n\t\t\t\t\t\t\t\t\t\t\t\t\t<input size=\"1\" type=\"text\" name=\"form_fields[field_09685bb]\" id=\"form-field-field_09685bb\" class=\"elementor-field elementor-size-sm  elementor-field-textual\" placeholder=\"SOPOTNIKI z enakim naslovom stalnega prebivali\u0161\u010da, za katere se sklepa enako zavarovanje\">\n\t\t\t\t\t\t\t\t\t\t\t<\/div>\n\t\t\t\t\t\t\t\t<div class=\"elementor-field-type-text elementor-field-group elementor-column elementor-field-group-field_bf20647 elementor-col-50\">\n\t\t\t\t\t\t\t\t\t\t\t\t<label for=\"form-field-field_bf20647\" class=\"elementor-field-label\">\n\t\t\t\t\t\t\t\t1. Ime in priimek\t\t\t\t\t\t\t<\/label>\n\t\t\t\t\t\t\t\t\t\t\t\t\t\t<input size=\"1\" type=\"text\" name=\"form_fields[field_bf20647]\" id=\"form-field-field_bf20647\" class=\"elementor-field elementor-size-sm  elementor-field-textual\" placeholder=\"1. Ime in priimek \">\n\t\t\t\t\t\t\t\t\t\t\t<\/div>\n\t\t\t\t\t\t\t\t<div class=\"elementor-field-type-text elementor-field-group elementor-column elementor-field-group-field_599ee7b elementor-col-50\">\n\t\t\t\t\t\t\t\t\t\t\t\t<label for=\"form-field-field_599ee7b\" class=\"elementor-field-label\">\n\t\t\t\t\t\t\t\t1. Datum rojstva\t\t\t\t\t\t\t<\/label>\n\t\t\t\t\t\t\t\t\t\t\t\t\t\t<input size=\"1\" type=\"text\" name=\"form_fields[field_599ee7b]\" id=\"form-field-field_599ee7b\" class=\"elementor-field elementor-size-sm  elementor-field-textual\">\n\t\t\t\t\t\t\t\t\t\t\t<\/div>\n\t\t\t\t\t\t\t\t<div class=\"elementor-field-type-text elementor-field-group elementor-column elementor-field-group-field_3ae0b2c elementor-col-50\">\n\t\t\t\t\t\t\t\t\t\t\t\t<label for=\"form-field-field_3ae0b2c\" class=\"elementor-field-label\">\n\t\t\t\t\t\t\t\t2. Ime in priimek\t\t\t\t\t\t\t<\/label>\n\t\t\t\t\t\t\t\t\t\t\t\t\t\t<input size=\"1\" type=\"text\" name=\"form_fields[field_3ae0b2c]\" id=\"form-field-field_3ae0b2c\" class=\"elementor-field elementor-size-sm  elementor-field-textual\" placeholder=\"2. Ime in priimek \">\n\t\t\t\t\t\t\t\t\t\t\t<\/div>\n\t\t\t\t\t\t\t\t<div class=\"elementor-field-type-text elementor-field-group elementor-column elementor-field-group-field_5172098 elementor-col-50\">\n\t\t\t\t\t\t\t\t\t\t\t\t<label for=\"form-field-field_5172098\" class=\"elementor-field-label\">\n\t\t\t\t\t\t\t\t2. Datum rojstva\t\t\t\t\t\t\t<\/label>\n\t\t\t\t\t\t\t\t\t\t\t\t\t\t<input size=\"1\" type=\"text\" name=\"form_fields[field_5172098]\" id=\"form-field-field_5172098\" class=\"elementor-field elementor-size-sm  elementor-field-textual\">\n\t\t\t\t\t\t\t\t\t\t\t<\/div>\n\t\t\t\t\t\t\t\t<div class=\"elementor-field-type-text elementor-field-group elementor-column elementor-field-group-field_4dd763e elementor-col-100\">\n\t\t\t\t\t\t\t\t\t\t\t\t<label for=\"form-field-field_4dd763e\" class=\"elementor-field-label\">\n\t\t\t\t\t\t\t\tNAZIV POTOVANJA\t\t\t\t\t\t\t<\/label>\n\t\t\t\t\t\t\t\t\t\t\t\t\t\t<input size=\"1\" type=\"text\" name=\"form_fields[field_4dd763e]\" id=\"form-field-field_4dd763e\" class=\"elementor-field elementor-size-sm  elementor-field-textual\" placeholder=\"Vpi\u0161ite naziv potovanja, za katerega \u017eelite skleniti Zavarovanje \">\n\t\t\t\t\t\t\t\t\t\t\t<\/div>\n\t\t\t\t\t\t\t\t<div class=\"elementor-field-type-acceptance elementor-field-group elementor-column elementor-field-group-field_d03cafc elementor-col-100 elementor-field-required elementor-mark-required\">\n\t\t\t\t\t\t\t<div class=\"elementor-field-subgroup\">\n\t\t\t<span class=\"elementor-field-option\">\n\t\t\t\t<input type=\"checkbox\" name=\"form_fields[field_d03cafc]\" id=\"form-field-field_d03cafc\" class=\"elementor-field elementor-size-sm  elementor-acceptance-field\" required=\"required\">\n\t\t\t\t<label for=\"form-field-field_d03cafc\">Sogla\u0161am, da naTOURa, potovalna agencija, Janja Benedik s. p., za mene (in sopotnike na isti pogodbi) in v mojem imenu z Zavarovalnico Triglav d. d., sklene Zavarovanje potovanja v tujino za zgoraj navedeni aran\u017ema. <\/label>\t\t\t<\/span>\n\t\t<\/div>\n\t\t\t\t\t\t<\/div>\n\t\t\t\t\t\t\t\t<div class=\"elementor-field-type-checkbox elementor-field-group elementor-column elementor-field-group-field_88fdfe0 elementor-col-100\">\n\t\t\t\t\t\t\t\t\t\t\t\t<label for=\"form-field-field_88fdfe0\" class=\"elementor-field-label\">\n\t\t\t\t\t\t\t\t\u017delim, da mi uredite (ozna\u010dite eno od mo\u017enosti)\t\t\t\t\t\t\t<\/label>\n\t\t\t\t\t\t<div class=\"elementor-field-subgroup  \"><span class=\"elementor-field-option\"><input type=\"checkbox\" value=\"Zavarovanje potovanja pri Zavarovalnici Triglav - paket A.\" id=\"form-field-field_88fdfe0-0\" name=\"form_fields[field_88fdfe0][]\"> <label for=\"form-field-field_88fdfe0-0\">Zavarovanje potovanja pri Zavarovalnici Triglav - paket A.<\/label><\/span><span class=\"elementor-field-option\"><input type=\"checkbox\" value=\"Zavarovanje potovanja pri Zavarovalnici Triglav - paket B.\" id=\"form-field-field_88fdfe0-1\" name=\"form_fields[field_88fdfe0][]\"> <label for=\"form-field-field_88fdfe0-1\">Zavarovanje potovanja pri Zavarovalnici Triglav - paket B.<\/label><\/span><span class=\"elementor-field-option\"><input type=\"checkbox\" value=\"Zavarovanje potovanja pri Zavarovalnici Triglav - paket C.\" id=\"form-field-field_88fdfe0-2\" name=\"form_fields[field_88fdfe0][]\"> <label for=\"form-field-field_88fdfe0-2\">Zavarovanje potovanja pri Zavarovalnici Triglav - paket C.<\/label><\/span><\/div>\t\t\t\t<\/div>\n\t\t\t\t\t\t\t\t<div class=\"elementor-field-type-acceptance elementor-field-group elementor-column elementor-field-group-field_9f23c95 elementor-col-100 elementor-field-required elementor-mark-required\">\n\t\t\t\t\t\t\t<div class=\"elementor-field-subgroup\">\n\t\t\t<span class=\"elementor-field-option\">\n\t\t\t\t<input type=\"checkbox\" name=\"form_fields[field_9f23c95]\" id=\"form-field-field_9f23c95\" class=\"elementor-field elementor-size-sm  elementor-acceptance-field\" required=\"required\">\n\t\t\t\t<label for=\"form-field-field_9f23c95\">Sogla\u0161am in s podpisom potrjujem, da v nobenem primeru ne bom zahteval\/-a povrnitev stro\u0161kov zneska zavarovalne vsote Zavarovanja potovanja v tujino, \u010de potovanje iz kakr\u0161nih koli razlogov odpovem sam\/-a ali je potovanje odpovedano zaradi vi\u0161je sile (naravne nesre\u010de, vojne, epidemije, \u2026) ali premajhnega \u0161tevila udele\u017eencev.<\/label>\t\t\t<\/span>\n\t\t<\/div>\n\t\t\t\t\t\t<\/div>\n\t\t\t\t\t\t\t\t<div class=\"elementor-field-group elementor-column elementor-field-type-submit elementor-col-100 e-form__buttons\">\n\t\t\t\t\t<button class=\"elementor-button elementor-size-md\" type=\"submit\">\n\t\t\t\t\t\t<span class=\"elementor-button-content-wrapper\">\n\t\t\t\t\t\t\t\t\t\t\t\t\t\t\t<span class=\"elementor-button-icon\">\n\t\t\t\t\t\t\t\t\t<i aria-hidden=\"true\" class=\"far fa-paper-plane\"><\/i>\t\t\t\t\t\t\t\t\t\t\t\t\t\t\t\t\t<\/span>\n\t\t\t\t\t\t\t\t\t\t\t\t\t\t\t\t\t\t\t\t\t\t<span class=\"elementor-button-text\"> PO\u0160LJI<\/span>\n\t\t\t\t\t\t\t\t\t\t\t\t\t<\/span>\n\t\t\t\t\t<\/button>\n\t\t\t\t<\/div>\n\t\t\t<\/div>\n\t\t<\/form>\n\t\t\t\t\t\t<\/div>\n\t\t\t\t<\/div>\n\t\t\t\t\t<\/div>\n\t\t<\/div>\n\t\t\t\t\t<\/div>\n\t\t<\/section>\n\t\t\t\t<\/div>\n\t\t","protected":false},"excerpt":{"rendered":"","protected":false},"author":1,"featured_media":9339,"parent":0,"menu_order":0,"comment_status":"closed","ping_status":"closed","template":"","meta":{"footnotes":""},"class_list":["post-8897","page","type-page","status-publish","has-post-thumbnail","hentry"],"_links":{"self":[{"href":"https:\/\/natoura.si\/sl_si\/wp-json\/wp\/v2\/pages\/8897","targetHints":{"allow":["GET"]}}],"collection":[{"href":"https:\/\/natoura.si\/sl_si\/wp-json\/wp\/v2\/pages"}],"about":[{"href":"https:\/\/natoura.si\/sl_si\/wp-json\/wp\/v2\/types\/page"}],"author":[{"embeddable":true,"href":"https:\/\/natoura.si\/sl_si\/wp-json\/wp\/v2\/users\/1"}],"replies":[{"embeddable":true,"href":"https:\/\/natoura.si\/sl_si\/wp-json\/wp\/v2\/comments?post=8897"}],"version-history":[{"count":13,"href":"https:\/\/natoura.si\/sl_si\/wp-json\/wp\/v2\/pages\/8897\/revisions"}],"predecessor-version":[{"id":9345,"href":"https:\/\/natoura.si\/sl_si\/wp-json\/wp\/v2\/pages\/8897\/revisions\/9345"}],"wp:featuredmedia":[{"embeddable":true,"href":"https:\/\/natoura.si\/sl_si\/wp-json\/wp\/v2\/media\/9339"}],"wp:attachment":[{"href":"https:\/\/natoura.si\/sl_si\/wp-json\/wp\/v2\/media?parent=8897"}],"curies":[{"name":"wp","href":"https:\/\/api.w.org\/{rel}","templated":true}]}}