{"id":8884,"date":"2022-08-23T06:57:35","date_gmt":"2022-08-23T06:57:35","guid":{"rendered":"https:\/\/natoura.si\/?page_id=8884"},"modified":"2023-05-22T08:10:05","modified_gmt":"2023-05-22T08:10:05","slug":"obrazci","status":"publish","type":"page","link":"https:\/\/natoura.si\/sl_si\/obrazci\/","title":{"rendered":"Obrazci"},"content":{"rendered":"\t\t<div data-elementor-type=\"wp-page\" data-elementor-id=\"8884\" class=\"elementor elementor-8884\" data-elementor-post-type=\"page\">\n\t\t\t\t\t\t<section class=\"elementor-section elementor-top-section elementor-element elementor-element-76e9f71 elementor-section-boxed elementor-section-height-default elementor-section-height-default\" data-id=\"76e9f71\" data-element_type=\"section\" data-e-type=\"section\">\n\t\t\t\t\t\t<div class=\"elementor-container elementor-column-gap-default\">\n\t\t\t\t\t<div class=\"elementor-column elementor-col-100 elementor-top-column elementor-element elementor-element-322779b\" data-id=\"322779b\" data-element_type=\"column\" data-e-type=\"column\">\n\t\t\t<div class=\"elementor-widget-wrap elementor-element-populated\">\n\t\t\t\t\t\t<div class=\"elementor-element elementor-element-6197d43 elementor-widget elementor-widget-text-editor\" data-id=\"6197d43\" data-element_type=\"widget\" data-e-type=\"widget\" data-widget_type=\"text-editor.default\">\n\t\t\t\t<div class=\"elementor-widget-container\">\n\t\t\t\t\t\t\t\t\t<p><span style=\"color: #ffffff;\">Tu najdete obrazce, ki jih izpolnite v primeru odpovedi potovanja ali sklenitve zavarovanja. Obrazec bo avtomatsko poslan na elektronski naslov info@natoura.si, kopijo pa boste prejeli na elektronski naslov, ki ga boste navedli v obrazcu. Za ve\u010d informacij pi\u0161ite na info@natoura.si ali pokli\u010dite na \u0161tevilko 00386 31 360 356.<\/span><\/p><p>\u00a0<\/p>\t\t\t\t\t\t\t\t<\/div>\n\t\t\t\t<\/div>\n\t\t\t\t\t<\/div>\n\t\t<\/div>\n\t\t\t\t\t<\/div>\n\t\t<\/section>\n\t\t\t\t<section class=\"elementor-section elementor-top-section elementor-element elementor-element-8a7a27c elementor-section-boxed elementor-section-height-default elementor-section-height-default\" data-id=\"8a7a27c\" data-element_type=\"section\" data-e-type=\"section\">\n\t\t\t\t\t\t<div class=\"elementor-container elementor-column-gap-default\">\n\t\t\t\t\t<div class=\"elementor-column elementor-col-100 elementor-top-column elementor-element elementor-element-24a974e\" data-id=\"24a974e\" data-element_type=\"column\" data-e-type=\"column\">\n\t\t\t<div class=\"elementor-widget-wrap elementor-element-populated\">\n\t\t\t\t\t\t<div class=\"elementor-element elementor-element-930a081 elementor-widget elementor-widget-text-editor\" data-id=\"930a081\" data-element_type=\"widget\" data-e-type=\"widget\" data-widget_type=\"text-editor.default\">\n\t\t\t\t<div class=\"elementor-widget-container\">\n\t\t\t\t\t\t\t\t\t<p><span style=\"color: #f57364;\">ODPOVED POTOVANJA<\/span><\/p>\t\t\t\t\t\t\t\t<\/div>\n\t\t\t\t<\/div>\n\t\t\t\t\t<\/div>\n\t\t<\/div>\n\t\t\t\t\t<\/div>\n\t\t<\/section>\n\t\t\t\t<section class=\"elementor-section elementor-top-section elementor-element elementor-element-8175619 elementor-section-boxed elementor-section-height-default elementor-section-height-default\" data-id=\"8175619\" data-element_type=\"section\" data-e-type=\"section\">\n\t\t\t\t\t\t<div class=\"elementor-container elementor-column-gap-default\">\n\t\t\t\t\t<div class=\"elementor-column elementor-col-100 elementor-top-column elementor-element elementor-element-4b5e85a\" data-id=\"4b5e85a\" data-element_type=\"column\" data-e-type=\"column\">\n\t\t\t<div class=\"elementor-widget-wrap elementor-element-populated\">\n\t\t\t\t\t\t<div class=\"elementor-element elementor-element-0a86b67 elementor-widget elementor-widget-text-editor\" data-id=\"0a86b67\" data-element_type=\"widget\" data-e-type=\"widget\" data-widget_type=\"text-editor.default\">\n\t\t\t\t<div class=\"elementor-widget-container\">\n\t\t\t\t\t\t\t\t\t<p><span style=\"color: #ffffff;\">\u010ce ste se prijavili na potovanje in se iz kakr\u0161nih koli razlogov potovanja ne morete udele\u017eiti, morate najkasneje v 3 dneh po tem, ko izveste za razlog, podati pisno odpoved potovanja. V primeru, da ste \u017ee vpla\u010dali dolo\u010den znesek, vam naTOURa povrne vse, razen \u017ee nastale stro\u0161ke, zadr\u017ei pa tudi 15,00 \u20ac administrativnih stro\u0161kov. <\/span><\/p><p><span style=\"color: #ffffff;\">V primeru, da ste preko agencije sklenili Zavarovanje odpovedi potovanja, vam pomagamo pri uveljavitvi zavarovalnine za stro\u0161ke, ki jih je naTOURa \u017ee imela za va\u0161 aran\u017ema in vam jih ne more vrniti.<\/span><\/p>\t\t\t\t\t\t\t\t<\/div>\n\t\t\t\t<\/div>\n\t\t\t\t\t<\/div>\n\t\t<\/div>\n\t\t\t\t\t<\/div>\n\t\t<\/section>\n\t\t\t\t<section class=\"elementor-section elementor-top-section elementor-element elementor-element-2bef95e elementor-section-boxed elementor-section-height-default elementor-section-height-default\" data-id=\"2bef95e\" data-element_type=\"section\" data-e-type=\"section\">\n\t\t\t\t\t\t<div class=\"elementor-container elementor-column-gap-default\">\n\t\t\t\t\t<div class=\"elementor-column elementor-col-100 elementor-top-column elementor-element elementor-element-077d341\" data-id=\"077d341\" data-element_type=\"column\" data-e-type=\"column\">\n\t\t\t<div class=\"elementor-widget-wrap elementor-element-populated\">\n\t\t\t\t\t\t<div class=\"elementor-element elementor-element-c8ddca1 elementor-widget elementor-widget-text-editor\" data-id=\"c8ddca1\" data-element_type=\"widget\" data-e-type=\"widget\" data-widget_type=\"text-editor.default\">\n\t\t\t\t<div class=\"elementor-widget-container\">\n\t\t\t\t\t\t\t\t\t<p><a href=\"https:\/\/natoura.si\/wp-content\/uploads\/2022\/08\/Odpoved-potovanja.pdf\"><span style=\"color: #9dbc55;\">Obrazec ODPOVED POTOVANJA<\/span><\/a><\/p>\t\t\t\t\t\t\t\t<\/div>\n\t\t\t\t<\/div>\n\t\t\t\t\t<\/div>\n\t\t<\/div>\n\t\t\t\t\t<\/div>\n\t\t<\/section>\n\t\t\t\t<section class=\"elementor-section elementor-top-section elementor-element elementor-element-25b16df elementor-section-boxed elementor-section-height-default elementor-section-height-default\" data-id=\"25b16df\" data-element_type=\"section\" data-e-type=\"section\">\n\t\t\t\t\t\t<div class=\"elementor-container elementor-column-gap-default\">\n\t\t\t\t\t<div class=\"elementor-column elementor-col-100 elementor-top-column elementor-element elementor-element-1bdcd9c\" data-id=\"1bdcd9c\" data-element_type=\"column\" data-e-type=\"column\">\n\t\t\t<div class=\"elementor-widget-wrap elementor-element-populated\">\n\t\t\t\t\t\t<div class=\"elementor-element elementor-element-c224ba8 elementor-widget-divider--view-line elementor-widget elementor-widget-divider\" data-id=\"c224ba8\" data-element_type=\"widget\" data-e-type=\"widget\" data-widget_type=\"divider.default\">\n\t\t\t\t<div class=\"elementor-widget-container\">\n\t\t\t\t\t\t\t<div class=\"elementor-divider\">\n\t\t\t<span class=\"elementor-divider-separator\">\n\t\t\t\t\t\t<\/span>\n\t\t<\/div>\n\t\t\t\t\t\t<\/div>\n\t\t\t\t<\/div>\n\t\t\t\t\t<\/div>\n\t\t<\/div>\n\t\t\t\t\t<\/div>\n\t\t<\/section>\n\t\t\t\t<section class=\"elementor-section elementor-top-section elementor-element elementor-element-530ed4d elementor-section-boxed elementor-section-height-default elementor-section-height-default\" data-id=\"530ed4d\" data-element_type=\"section\" data-e-type=\"section\">\n\t\t\t\t\t\t<div class=\"elementor-container elementor-column-gap-default\">\n\t\t\t\t\t<div class=\"elementor-column elementor-col-100 elementor-top-column elementor-element elementor-element-0673213\" data-id=\"0673213\" data-element_type=\"column\" data-e-type=\"column\">\n\t\t\t<div class=\"elementor-widget-wrap elementor-element-populated\">\n\t\t\t\t\t\t<div class=\"elementor-element elementor-element-a29e135 elementor-widget elementor-widget-text-editor\" data-id=\"a29e135\" data-element_type=\"widget\" data-e-type=\"widget\" data-widget_type=\"text-editor.default\">\n\t\t\t\t<div class=\"elementor-widget-container\">\n\t\t\t\t\t\t\t\t\t<p><span style=\"color: #f57364;\">SOGLASJE ZA SKLENITEV TURISTI\u010cNIH ZAVAROVANJ<\/span><\/p>\t\t\t\t\t\t\t\t<\/div>\n\t\t\t\t<\/div>\n\t\t\t\t\t<\/div>\n\t\t<\/div>\n\t\t\t\t\t<\/div>\n\t\t<\/section>\n\t\t\t\t<section class=\"elementor-section elementor-top-section elementor-element elementor-element-c8e057f elementor-section-boxed elementor-section-height-default elementor-section-height-default\" data-id=\"c8e057f\" data-element_type=\"section\" data-e-type=\"section\">\n\t\t\t\t\t\t<div class=\"elementor-container elementor-column-gap-default\">\n\t\t\t\t\t<div class=\"elementor-column elementor-col-100 elementor-top-column elementor-element elementor-element-5f6355e\" data-id=\"5f6355e\" data-element_type=\"column\" data-e-type=\"column\">\n\t\t\t<div class=\"elementor-widget-wrap elementor-element-populated\">\n\t\t\t\t\t\t<div class=\"elementor-element elementor-element-22bae72 elementor-widget elementor-widget-text-editor\" data-id=\"22bae72\" data-element_type=\"widget\" data-e-type=\"widget\" data-widget_type=\"text-editor.default\">\n\t\t\t\t<div class=\"elementor-widget-container\">\n\t\t\t\t\t\t\t\t\t<p><span style=\"color: #ffffff;\">Ve\u010d o posameznih vrstah turisti\u010dnih zavarovanj lahko preberete na povezavi <a href=\"https:\/\/natoura.si\/turisticno-zavarovanje\/\">https:\/\/natoura.si\/turisticno-zavarovanje\/<\/a>.<\/span><\/p>\t\t\t\t\t\t\t\t<\/div>\n\t\t\t\t<\/div>\n\t\t\t\t\t<\/div>\n\t\t<\/div>\n\t\t\t\t\t<\/div>\n\t\t<\/section>\n\t\t\t\t<section class=\"elementor-section elementor-top-section elementor-element elementor-element-216ea80 elementor-section-boxed elementor-section-height-default elementor-section-height-default\" data-id=\"216ea80\" data-element_type=\"section\" data-e-type=\"section\">\n\t\t\t\t\t\t<div class=\"elementor-container elementor-column-gap-default\">\n\t\t\t\t\t<div class=\"elementor-column elementor-col-100 elementor-top-column elementor-element elementor-element-922085f\" data-id=\"922085f\" data-element_type=\"column\" data-e-type=\"column\">\n\t\t\t<div class=\"elementor-widget-wrap elementor-element-populated\">\n\t\t\t\t\t\t<div class=\"elementor-element elementor-element-1ba120f elementor-widget elementor-widget-text-editor\" data-id=\"1ba120f\" data-element_type=\"widget\" data-e-type=\"widget\" data-widget_type=\"text-editor.default\">\n\t\t\t\t<div class=\"elementor-widget-container\">\n\t\t\t\t\t\t\t\t\t<p><a href=\"https:\/\/natoura.si\/soglasje-za-sklenitev-zavarovanja-odpovedi-potovanja\/\"><span style=\"color: #9dbc55;\">Obrazec SOGLASJE ZA SKLENITEV ZAVAROVANJA ODPOVEDI POTOVANJA<\/span><\/a><\/p>\t\t\t\t\t\t\t\t<\/div>\n\t\t\t\t<\/div>\n\t\t\t\t\t<\/div>\n\t\t<\/div>\n\t\t\t\t\t<\/div>\n\t\t<\/section>\n\t\t\t\t<section class=\"elementor-section elementor-top-section elementor-element elementor-element-69fb60e elementor-section-boxed elementor-section-height-default elementor-section-height-default\" data-id=\"69fb60e\" data-element_type=\"section\" data-e-type=\"section\">\n\t\t\t\t\t\t<div class=\"elementor-container elementor-column-gap-default\">\n\t\t\t\t\t<div class=\"elementor-column elementor-col-100 elementor-top-column elementor-element elementor-element-c468d78\" data-id=\"c468d78\" data-element_type=\"column\" data-e-type=\"column\">\n\t\t\t<div class=\"elementor-widget-wrap elementor-element-populated\">\n\t\t\t\t\t\t<div class=\"elementor-element elementor-element-8b62310 elementor-widget elementor-widget-text-editor\" data-id=\"8b62310\" data-element_type=\"widget\" data-e-type=\"widget\" data-widget_type=\"text-editor.default\">\n\t\t\t\t<div class=\"elementor-widget-container\">\n\t\t\t\t\t\t\t\t\t<p><a href=\"https:\/\/natoura.si\/soglasje-za-sklenitev-zavarovanja-potovanja-v-tujino\/\"><span style=\"color: #9dbc55;\">Obrazec SOGLASJE ZA SKLENITEV ZAVAROVANJA POTOVANJA V TUJINO<\/span><\/a><\/p>\t\t\t\t\t\t\t\t<\/div>\n\t\t\t\t<\/div>\n\t\t\t\t\t<\/div>\n\t\t<\/div>\n\t\t\t\t\t<\/div>\n\t\t<\/section>\n\t\t\t\t<\/div>\n\t\t","protected":false},"excerpt":{"rendered":"<p>Tu najdete obrazce, ki jih izpolnite v primeru odpovedi potovanja ali sklenitve zavarovanja. Obrazec bo avtomatsko poslan na elektronski naslov info@natoura.si, kopijo pa boste prejeliTour Details<\/p>\n","protected":false},"author":1,"featured_media":1163,"parent":0,"menu_order":0,"comment_status":"closed","ping_status":"closed","template":"","meta":{"footnotes":""},"class_list":["post-8884","page","type-page","status-publish","has-post-thumbnail","hentry"],"_links":{"self":[{"href":"https:\/\/natoura.si\/sl_si\/wp-json\/wp\/v2\/pages\/8884","targetHints":{"allow":["GET"]}}],"collection":[{"href":"https:\/\/natoura.si\/sl_si\/wp-json\/wp\/v2\/pages"}],"about":[{"href":"https:\/\/natoura.si\/sl_si\/wp-json\/wp\/v2\/types\/page"}],"author":[{"embeddable":true,"href":"https:\/\/natoura.si\/sl_si\/wp-json\/wp\/v2\/users\/1"}],"replies":[{"embeddable":true,"href":"https:\/\/natoura.si\/sl_si\/wp-json\/wp\/v2\/comments?post=8884"}],"version-history":[{"count":23,"href":"https:\/\/natoura.si\/sl_si\/wp-json\/wp\/v2\/pages\/8884\/revisions"}],"predecessor-version":[{"id":11032,"href":"https:\/\/natoura.si\/sl_si\/wp-json\/wp\/v2\/pages\/8884\/revisions\/11032"}],"wp:featuredmedia":[{"embeddable":true,"href":"https:\/\/natoura.si\/sl_si\/wp-json\/wp\/v2\/media\/1163"}],"wp:attachment":[{"href":"https:\/\/natoura.si\/sl_si\/wp-json\/wp\/v2\/media?parent=8884"}],"curies":[{"name":"wp","href":"https:\/\/api.w.org\/{rel}","templated":true}]}}