{"id":8106,"date":"2022-06-07T06:30:11","date_gmt":"2022-06-07T06:30:11","guid":{"rendered":"https:\/\/natoura.si\/?page_id=8106"},"modified":"2023-01-15T17:08:56","modified_gmt":"2023-01-15T17:08:56","slug":"zavarovanje-odpovedi-turisticnih-potovanj","status":"publish","type":"page","link":"https:\/\/natoura.si\/sl_si\/zavarovanje-odpovedi-turisticnih-potovanj\/","title":{"rendered":"Zavarovanje odpovedi turisti\u010dnih potovanj"},"content":{"rendered":"\t\t<div data-elementor-type=\"wp-page\" data-elementor-id=\"8106\" class=\"elementor elementor-8106\" data-elementor-post-type=\"page\">\n\t\t\t\t\t\t<section class=\"elementor-section elementor-top-section elementor-element elementor-element-4f3d496 elementor-section-boxed elementor-section-height-default elementor-section-height-default\" data-id=\"4f3d496\" data-element_type=\"section\" data-e-type=\"section\">\n\t\t\t\t\t\t<div class=\"elementor-container elementor-column-gap-default\">\n\t\t\t\t\t<div class=\"elementor-column elementor-col-100 elementor-top-column elementor-element elementor-element-d0428d8\" data-id=\"d0428d8\" data-element_type=\"column\" data-e-type=\"column\">\n\t\t\t<div class=\"elementor-widget-wrap elementor-element-populated\">\n\t\t\t\t\t\t<div class=\"elementor-element elementor-element-22a2dda elementor-widget elementor-widget-text-editor\" data-id=\"22a2dda\" data-element_type=\"widget\" data-e-type=\"widget\" data-widget_type=\"text-editor.default\">\n\t\t\t\t<div class=\"elementor-widget-container\">\n\t\t\t\t\t\t\t\t\t<p><span style=\"color: #ffffff;\">\u010ce \u017eelite, da vam uredimo Zavarovanje odpovedi potovanja, izpolnite Soglasje\u00a0 na povezavi<\/span> <span style=\"color: #ff9900;\"><a href=\"https:\/\/natoura.si\/soglasje-za-sklenitev-zavarovanja-odpovedi-potovanja\/\">https:\/\/natoura.si\/soglasje-za-sklenitev-zavarovanja-odpovedi-potovanja\/<\/a>.<\/span><\/p>\t\t\t\t\t\t\t\t<\/div>\n\t\t\t\t<\/div>\n\t\t\t\t\t<\/div>\n\t\t<\/div>\n\t\t\t\t\t<\/div>\n\t\t<\/section>\n\t\t\t\t<section class=\"elementor-section elementor-top-section elementor-element elementor-element-0021927 elementor-section-boxed elementor-section-height-default elementor-section-height-default\" data-id=\"0021927\" data-element_type=\"section\" data-e-type=\"section\">\n\t\t\t\t\t\t<div class=\"elementor-container elementor-column-gap-default\">\n\t\t\t\t\t<div class=\"elementor-column elementor-col-100 elementor-top-column elementor-element elementor-element-7698271\" data-id=\"7698271\" data-element_type=\"column\" data-e-type=\"column\">\n\t\t\t<div class=\"elementor-widget-wrap elementor-element-populated\">\n\t\t\t\t\t\t<div class=\"elementor-element elementor-element-47ec149 elementor-widget elementor-widget-text-editor\" data-id=\"47ec149\" data-element_type=\"widget\" data-e-type=\"widget\" data-widget_type=\"text-editor.default\">\n\t\t\t\t<div class=\"elementor-widget-container\">\n\t\t\t\t\t\t\t\t\t<h3><span style=\"color: #f57364;\"><strong>ZAVAROVANJE ODPOVEDI TURISTI\u010cNIH POTOVANJ<\/strong><\/span><\/h3><p><span style=\"color: #ffffff;\">Gre za zavarovanje stro\u0161kov, ki nastanejo zaradi odpovedi turisti\u010dne storitve, za katero<\/span> <span style=\"color: #ffffff;\">ste sklenili zavarovanje, pod pogojem, da je vzrok za odpoved eden od v zavarovalni pogodbi dolo\u010denih nepredvidljivih dogodkov (nevarnosti). Izbirate lahko med dvema naboroma nevarnosti, paketom A in paketom B, pri \u010demer lahko sklenete zavarovanje za vsakega posameznega ali za oba skupaj. Zavarujete lahko eno ali ve\u010d oseb, ki potujejo skupaj.<\/span><\/p><p><span style=\"color: #9dbc55;\"><strong>KAJ JE ZAVAROVANO?<\/strong><\/span><\/p><p><strong><span style=\"color: #ffffff;\">Stro\u0161ki odpovedi turisti\u010dnih storitev:<\/span><\/strong><\/p><ul><li><span style=\"color: #ffffff;\">aran\u017emaja pri turisti\u010dni agenciji;<\/span><\/li><li><span style=\"color: #ffffff;\">aran\u017emaja v hotelu ali druga\u010dne nastanitve;<\/span><\/li><li><span style=\"color: #ffffff;\">prevoza;<\/span><\/li><li><span style=\"color: #ffffff;\">najema vozila (rent a car);<\/span><\/li><li><span style=\"color: #ffffff;\">prireditev, razstav in drugih dogodkov (stro\u0161ki vstopnic za koncerte, \u0161portne dogodke, ekskurzije, &#8230;).<\/span><\/li><\/ul><p><span style=\"color: #f57364;\"><strong>PAKET A: 4,61 % vrednosti aran\u017emaja + 8,5 % davek<\/strong><\/span><\/p><ul><li><span style=\"color: #ffffff;\">smrt, nezgoda ali nepri\u010dakovano poslab\u0161anje zdravstvenega stanja zavarovanca;<\/span><\/li><li><span style=\"color: #ffffff;\">smrt zavarovan\u010devih svojcev;<\/span><\/li><li><span style=\"color: #ffffff;\">nezgoda ali nepri\u010dakovano poslab\u0161anje zdravstvenega stanja zavarovan\u010devih o\u017ejih svojcev;<\/span><\/li><li><span style=\"color: #ffffff;\">mobilizacija civilne za\u0161\u010dite in poziv upravnih ali sodnih organov;<\/span><\/li><li><span style=\"color: #ffffff;\">elementarna nesre\u010da v kraju bivanja.<\/span><\/li><\/ul><p><span style=\"color: #f57364;\"><strong>PAKET B: 4,17 % vrednosti aran\u017emaja + 8,5 % davek<\/strong><\/span><\/p><ul><li><span style=\"color: #ffffff;\">obse\u017ena \u0161koda na domu zavarovanca;<\/span><\/li><li><span style=\"color: #ffffff;\">elementarna nesre\u010da, epidemija, pandemija ali ogro\u017eena varnost na obmo\u010dju potovanja;<\/span><\/li><li><span style=\"color: #ffffff;\">teroristi\u010dno dejanje na obmo\u010dju potovanja;<\/span><\/li><li><span style=\"color: #ffffff;\">vklju\u010denost v prometno nesre\u010do na poti do kraja odhoda;<\/span><\/li><li><span style=\"color: #ffffff;\">odpoved poro\u010dnega potovanja;<\/span><\/li><li><span style=\"color: #ffffff;\">razveza zakonske zveze\/ prenehanje zunajzakonske skupnosti;<\/span><\/li><li><span style=\"color: #ffffff;\">odpoved delovnega razmerja s strani delodajalca;<\/span><\/li><li><span style=\"color: #ffffff;\">odpoved oz. sprememba datuma dogodka (koncert, \u0161portni dogodek, ekskurzija, &#8230;).<\/span><\/li><\/ul><p><span style=\"color: #f57364;\"><strong>Paket A in B: 7,02 % vrednosti aran\u017emaja + 8,5 % davek.<\/strong><\/span><\/p><p><span style=\"color: #9dbc55;\"><strong>KAJ NI ZAVAROVANO?<\/strong><\/span><\/p><p><span style=\"color: #ffffff;\"><strong>Zavarovalnica ne krije stro\u0161kov odpovedi:<\/strong><\/span><\/p><ul><li><span style=\"color: #ffffff;\">\u010de je te stro\u0161ke dol\u017ean povrniti kdo drug;<\/span><\/li><li><span style=\"color: #ffffff;\">\u010de zahtevek ni dokumentiran.<\/span><\/li><\/ul><p><span style=\"color: #ffffff;\"><strong>Odpoved potovanja zaradi smrti, nezgode ali nepri\u010dakovanega poslab\u0161anja zdravstvenega stanja:<\/strong><\/span><\/p><ul><li><span style=\"color: #ffffff;\">\u010de so bile posledice nezgode oz.<\/span> <span style=\"color: #ffffff;\">zdravstveno stanje znani pred sklenitvijo zavarovanja;<\/span><\/li><li><span style=\"color: #ffffff;\">\u010de smrt, nezgoda ali poslab\u0161anje zdravstvenega stanja zavarovancu ne omogo\u010da potovanja.<\/span><\/li><\/ul><p><span style=\"color: #ffffff;\"><strong>Odpoved potovanja zaradi mobilizacije civilne za\u0161\u010dite ter poziva sodnih in upravnih organov:<\/strong><\/span><\/p><ul><li><span style=\"color: #ffffff;\">\u010de osebna prisotnost zavarovanca ni obvezna;<\/span><\/li><li><span style=\"color: #ffffff;\">\u010de je udele\u017eba pred organom prestavljiva.<\/span><\/li><\/ul><p><span style=\"color: #ffffff;\"><strong>Odpoved potovanja zaradi elementarne nesre\u010de v kaju bivanja:<\/strong><\/span><\/p><ul><li><span style=\"color: #ffffff;\">\u010de nesre\u010da zavarovancu ne onemogo\u010da potovanja.<\/span><\/li><\/ul><p><span style=\"color: #ffffff;\"><strong>Odpoved potovanja zaradi obse\u017ene \u0161kode na domu:<\/strong><\/span><\/p><ul><li><span style=\"color: #ffffff;\">\u010de izvedba nujnih sanacijskih del zavarovancu ne onemogo\u010da potovanja.<\/span><\/li><\/ul><p><span style=\"color: #f57364;\"><strong>Ali je kritje omejeno?<\/strong><\/span><\/p><ul><li><span style=\"color: #ffffff;\">Zavarovalna vsota je zavarovalna vrednost potovanja, soudele\u017eba pri \u0161kodi zna\u0161a 5 % dajatve zavarovalnice, vendar ne manj kot 20,00 \u20ac po zavarovalnem primeru;<\/span><\/li><li><span style=\"color: #ffffff;\">na v polici dogovorjeno potovanje;<\/span><\/li><li><span style=\"color: #ffffff;\">to\u010dno so definirani svojci in o\u017eji svojci;<\/span><\/li><li><span style=\"color: #ffffff;\">\u010de zavarovanec organizatorja potovanja o odpovedi ne obvesti takoj, ko izve, da se potovanja ne bo mogel udele\u017eiti, so kriti le stro\u0161ki, ki bi jih bil dol\u017ean pla\u010dati ob takoj\u0161nji odpovedi.<\/span><\/li><\/ul><p><span style=\"color: #f57364;\"><strong>Kak\u0161ne so moje obveznosti?<\/strong><\/span><\/p><ul><li><span style=\"color: #ffffff;\">skleniti zavarovanje najkasneje 21 dni pred za\u010detkom kori\u0161\u010denja turisti\u010dne storitve. \u010ce je med nakupom turisti\u010dne storitve in za\u010detkom kori\u0161\u010denja te storitve manj kot 21 dni, pa je potrebno zavarovanje skleniti v roku 48 ur od nakupa turisti\u010dne storitve;<\/span><\/li><li><span style=\"color: #ffffff;\">prijaviti okoli\u0161\u010dine, pomembne za zavarovanje in ocenitev nevarnosti pri sklenitvi zavarovalne pogodbe;<\/span><\/li><li><span style=\"color: #ffffff;\">pravo\u010dasno pla\u010dati premijo;<\/span><\/li><li><span style=\"color: #ffffff;\">pisno obvestiti ponudnika turisti\u010dne storitve o odpovedi takoj, ko izvem za razlog odpovedi;<\/span><\/li><li><span style=\"color: #ffffff;\">obvestiti zavarovalnico o nastalem zavarovalnem primeru najpozneje v treh dneh, ko izvem za razlog odpovedi;<\/span><\/li><li><span style=\"color: #ffffff;\">ob uveljavljanju zavarovalnine zahtevek dokumentirati;<\/span><\/li><li><span style=\"color: #ffffff;\">obvestiti zavarovalnico o spremembi svojega osebnega imena ali prebivali\u0161\u010da oziroma firme ali sede\u017ea v petnajstih dneh od dneva spremembe.<\/span><\/li><\/ul><p><span style=\"color: #f57364;\"><strong>Kdaj in kako pla\u010dam?<\/strong><\/span><\/p><p><span style=\"color: #ffffff;\">V primeru sklenitve zavarovanja preko naTOURa, premijo pla\u010date agenciji po prejetem ra\u010dunu.<\/span><\/p><p><span style=\"color: #f57364;\"><strong>Kdaj zavarovanje za\u010dne in kdaj neha veljati?<\/strong><\/span><\/p><p><span style=\"color: #ffffff;\">Zavarovalna pogodba u\u010dinkuje po izteku 24. ure dneva, ki je v polici naveden kot za\u010detek zavarovanja, \u010de je do takrat pla\u010dana zavarovalna premija. Zavarovanje u\u010dinkuje do izteka 24. ure tistega dneva, ki je v polici naveden kot dan poteka zavarovanja.<\/span><\/p><p><span style=\"color: #f57364;\"><strong>Kako lahko odstopim od pogodbe?<\/strong><\/span><\/p><p><span style=\"color: #ffffff;\">Od sklenjene zavarovalne pogodbe ne morem odstopiti.<\/span><\/p>\t\t\t\t\t\t\t\t<\/div>\n\t\t\t\t<\/div>\n\t\t\t\t\t<\/div>\n\t\t<\/div>\n\t\t\t\t\t<\/div>\n\t\t<\/section>\n\t\t\t\t<\/div>\n\t\t","protected":false},"excerpt":{"rendered":"<p>\u010ce \u017eelite, da vam uredimo Zavarovanje odpovedi potovanja, izpolnite Soglasje\u00a0 na povezavi https:\/\/natoura.si\/soglasje-za-sklenitev-zavarovanja-odpovedi-potovanja\/. ZAVAROVANJE ODPOVEDI TURISTI\u010cNIH POTOVANJ Gre za zavarovanje stro\u0161kov, ki nastanejo zaradi odpovediTour Details<\/p>\n","protected":false},"author":1,"featured_media":8101,"parent":0,"menu_order":0,"comment_status":"closed","ping_status":"closed","template":"","meta":{"footnotes":""},"class_list":["post-8106","page","type-page","status-publish","has-post-thumbnail","hentry"],"_links":{"self":[{"href":"https:\/\/natoura.si\/sl_si\/wp-json\/wp\/v2\/pages\/8106","targetHints":{"allow":["GET"]}}],"collection":[{"href":"https:\/\/natoura.si\/sl_si\/wp-json\/wp\/v2\/pages"}],"about":[{"href":"https:\/\/natoura.si\/sl_si\/wp-json\/wp\/v2\/types\/page"}],"author":[{"embeddable":true,"href":"https:\/\/natoura.si\/sl_si\/wp-json\/wp\/v2\/users\/1"}],"replies":[{"embeddable":true,"href":"https:\/\/natoura.si\/sl_si\/wp-json\/wp\/v2\/comments?post=8106"}],"version-history":[{"count":25,"href":"https:\/\/natoura.si\/sl_si\/wp-json\/wp\/v2\/pages\/8106\/revisions"}],"predecessor-version":[{"id":10142,"href":"https:\/\/natoura.si\/sl_si\/wp-json\/wp\/v2\/pages\/8106\/revisions\/10142"}],"wp:featuredmedia":[{"embeddable":true,"href":"https:\/\/natoura.si\/sl_si\/wp-json\/wp\/v2\/media\/8101"}],"wp:attachment":[{"href":"https:\/\/natoura.si\/sl_si\/wp-json\/wp\/v2\/media?parent=8106"}],"curies":[{"name":"wp","href":"https:\/\/api.w.org\/{rel}","templated":true}]}}