{"id":8097,"date":"2022-06-07T05:48:15","date_gmt":"2022-06-07T05:48:15","guid":{"rendered":"https:\/\/natoura.si\/?page_id=8097"},"modified":"2022-06-07T11:22:43","modified_gmt":"2022-06-07T11:22:43","slug":"turisticno-zavarovanje","status":"publish","type":"page","link":"https:\/\/natoura.si\/sl_si\/turisticno-zavarovanje\/","title":{"rendered":"Turisti\u010dno zavarovanje"},"content":{"rendered":"\t\t<div data-elementor-type=\"wp-page\" data-elementor-id=\"8097\" class=\"elementor elementor-8097\" data-elementor-post-type=\"page\">\n\t\t\t\t\t\t<section class=\"elementor-section elementor-top-section elementor-element elementor-element-51a2151 elementor-section-boxed elementor-section-height-default elementor-section-height-default\" data-id=\"51a2151\" data-element_type=\"section\" data-e-type=\"section\">\n\t\t\t\t\t\t<div class=\"elementor-container elementor-column-gap-default\">\n\t\t\t\t\t<div class=\"elementor-column elementor-col-100 elementor-top-column elementor-element elementor-element-cc0b11f\" data-id=\"cc0b11f\" data-element_type=\"column\" data-e-type=\"column\">\n\t\t\t<div class=\"elementor-widget-wrap elementor-element-populated\">\n\t\t\t\t\t\t<div class=\"elementor-element elementor-element-1556afb elementor-widget elementor-widget-text-editor\" data-id=\"1556afb\" data-element_type=\"widget\" data-e-type=\"widget\" data-widget_type=\"text-editor.default\">\n\t\t\t\t<div class=\"elementor-widget-container\">\n\t\t\t\t\t\t\t\t\t<p><span style=\"color: #ffffff;\">Za vas lahko uredim dve vrsti zavarovanj pri Zavarovalnici Triglav d. d.:<\/span><\/p><ol><li><span style=\"color: #ffffff;\">Zavarovanje odpovedi turisti\u010dnih potovanj.<\/span> <span style=\"color: #ff9900;\"><a style=\"color: #ff9900;\" href=\"https:\/\/natoura.si\/zavarovanje-odpovedi-turisticnih-potovanj\/\">Ve\u010d ..<\/a>.<\/span><\/li><li><span style=\"color: #ffffff;\">Zavarovanje potovanj v tujino.<\/span> <span style=\"color: #ff9900;\"><a style=\"color: #ff9900;\" href=\"https:\/\/natoura.si\/zavarovanje-potovanj-v-tujino\/\">Ve\u010d &#8230;<\/a><\/span><\/li><\/ol>\t\t\t\t\t\t\t\t<\/div>\n\t\t\t\t<\/div>\n\t\t\t\t\t<\/div>\n\t\t<\/div>\n\t\t\t\t\t<\/div>\n\t\t<\/section>\n\t\t\t\t<section class=\"elementor-section elementor-top-section elementor-element elementor-element-e3e5230 elementor-section-boxed elementor-section-height-default elementor-section-height-default\" data-id=\"e3e5230\" data-element_type=\"section\" data-e-type=\"section\">\n\t\t\t\t\t\t<div class=\"elementor-container elementor-column-gap-default\">\n\t\t\t\t\t<div class=\"elementor-column elementor-col-16 elementor-top-column elementor-element elementor-element-c94e3dc\" data-id=\"c94e3dc\" data-element_type=\"column\" data-e-type=\"column\">\n\t\t\t<div class=\"elementor-widget-wrap elementor-element-populated\">\n\t\t\t\t\t\t<div class=\"elementor-element elementor-element-af89851 elementor-widget elementor-widget-image\" data-id=\"af89851\" data-element_type=\"widget\" data-e-type=\"widget\" data-widget_type=\"image.default\">\n\t\t\t\t<div class=\"elementor-widget-container\">\n\t\t\t\t\t\t\t\t\t\t\t\t\t\t\t\t<a href=\"https:\/\/www.triglav.si\/\">\n\t\t\t\t\t\t\t<img decoding=\"async\" src=\"https:\/\/natoura.si\/wp-content\/uploads\/elementor\/thumbs\/Triglav-logo-ppyaqsv3diw93tfoodaxqa8pmljbnc190fvksg1bw4.jpg\" title=\"Triglav logo\" alt=\"Triglav logo\" loading=\"lazy\" \/>\t\t\t\t\t\t\t\t<\/a>\n\t\t\t\t\t\t\t\t\t\t\t\t\t\t\t<\/div>\n\t\t\t\t<\/div>\n\t\t\t\t\t<\/div>\n\t\t<\/div>\n\t\t\t\t<div class=\"elementor-column elementor-col-66 elementor-top-column elementor-element elementor-element-2134883\" data-id=\"2134883\" data-element_type=\"column\" data-e-type=\"column\">\n\t\t\t<div class=\"elementor-widget-wrap\">\n\t\t\t\t\t\t\t<\/div>\n\t\t<\/div>\n\t\t\t\t<div class=\"elementor-column elementor-col-16 elementor-top-column elementor-element elementor-element-9c44482\" data-id=\"9c44482\" data-element_type=\"column\" data-e-type=\"column\">\n\t\t\t<div class=\"elementor-widget-wrap\">\n\t\t\t\t\t\t\t<\/div>\n\t\t<\/div>\n\t\t\t\t\t<\/div>\n\t\t<\/section>\n\t\t\t\t<\/div>\n\t\t","protected":false},"excerpt":{"rendered":"<p>Za vas lahko uredim dve vrsti zavarovanj pri Zavarovalnici Triglav d. d.: Zavarovanje odpovedi turisti\u010dnih potovanj. Ve\u010d &#8230; Zavarovanje potovanj v tujino. Ve\u010d &#8230;<\/p>\n","protected":false},"author":1,"featured_media":8101,"parent":0,"menu_order":0,"comment_status":"closed","ping_status":"closed","template":"","meta":{"footnotes":""},"class_list":["post-8097","page","type-page","status-publish","has-post-thumbnail","hentry"],"_links":{"self":[{"href":"https:\/\/natoura.si\/sl_si\/wp-json\/wp\/v2\/pages\/8097","targetHints":{"allow":["GET"]}}],"collection":[{"href":"https:\/\/natoura.si\/sl_si\/wp-json\/wp\/v2\/pages"}],"about":[{"href":"https:\/\/natoura.si\/sl_si\/wp-json\/wp\/v2\/types\/page"}],"author":[{"embeddable":true,"href":"https:\/\/natoura.si\/sl_si\/wp-json\/wp\/v2\/users\/1"}],"replies":[{"embeddable":true,"href":"https:\/\/natoura.si\/sl_si\/wp-json\/wp\/v2\/comments?post=8097"}],"version-history":[{"count":13,"href":"https:\/\/natoura.si\/sl_si\/wp-json\/wp\/v2\/pages\/8097\/revisions"}],"predecessor-version":[{"id":8152,"href":"https:\/\/natoura.si\/sl_si\/wp-json\/wp\/v2\/pages\/8097\/revisions\/8152"}],"wp:featuredmedia":[{"embeddable":true,"href":"https:\/\/natoura.si\/sl_si\/wp-json\/wp\/v2\/media\/8101"}],"wp:attachment":[{"href":"https:\/\/natoura.si\/sl_si\/wp-json\/wp\/v2\/media?parent=8097"}],"curies":[{"name":"wp","href":"https:\/\/api.w.org\/{rel}","templated":true}]}}