{"id":772,"date":"2019-09-16T16:28:50","date_gmt":"2019-09-16T16:28:50","guid":{"rendered":"https:\/\/natoura.si\/?page_id=772"},"modified":"2019-09-16T16:29:34","modified_gmt":"2019-09-16T16:29:34","slug":"novoletno-potepanje-po-vojvodini","status":"publish","type":"page","link":"https:\/\/natoura.si\/sl_si\/novoletno-potepanje-po-vojvodini\/","title":{"rendered":"Novoletno potepanje po Vojvodini"},"content":{"rendered":"<p><span style=\"color: #9dbc55;\"><strong>Kam odhajamo najprej?<\/strong><\/span><\/p>\n<p>Pot nas bo vodila v Vojvodino, kjer se bomo tudi poslovili od leto\u0161njega leta in stopili v novo.<\/p>\n<p><strong><span style=\"color: #9dbc55;\">Zakaj Vojvodina?<\/span><\/strong><\/p>\n<p>\u017de tretje leto zapored silvestrujemo v Srbiji, ki je med Slovenci priljubljena novoletna destinacija. Ampak mi si jo ogledamo nekoliko druga\u010de. V zimskem \u010dasu smo omejeni z ogledom naravnih posebnosti te de\u017eele, zato svojo pozornost usmerimo na vse tisto, kar \u010dlovek uspe pridobiti iz narave za svoje potrebe.<\/p>\n<p>Tako se bomo tudi letos posvetili degustaciji razli\u010dnih pija\u010d, ki jih iz razli\u010dnih vrst sadja z dolgo tradicijo pridelujejo uspe\u0161ni doma\u010dini. Poizku\u0161ali bomo razli\u010dna vina, pivo in \u017eganja, kot posebnost pa bomo letos ocenili tudi viski Two doves (Dve golobici).<\/p>\n<p><img decoding=\"async\" class=\"alignnone wp-image-321\" src=\"https:\/\/natoura.si\/wp-content\/uploads\/2019\/09\/Two-doves-176x300.gif\" alt=\"\" width=\"118\" height=\"200\" \/> <img decoding=\"async\" class=\"alignnone wp-image-761\" src=\"https:\/\/natoura.si\/wp-content\/uploads\/2019\/09\/Destilarija-300x250.gif\" alt=\"\" width=\"240\" height=\"200\" \/><\/p>\n<p>Vojvodina je znana kot kmetijska de\u017eela in \u017eitarica Srbije. Da bi zmleli vse pridelano \u017eito, so neko\u010d ljudje uporabljali naravne vire energije in v vojvodinski ravnici je bil to veter. Ravno zato so tam zgradili \u0161tevilne mline na veter, ki danes le \u0161e nemo pri\u010dajo o nekdanji mlinarski obrti v teh krajih.<\/p>\n<p><img fetchpriority=\"high\" decoding=\"async\" class=\"alignnone wp-image-319\" src=\"https:\/\/natoura.si\/wp-content\/uploads\/2019\/09\/Rodina-vetrenjaca.gif\" alt=\"\" width=\"267\" height=\"200\" \/> <img loading=\"lazy\" decoding=\"async\" class=\"alignnone wp-image-318\" src=\"https:\/\/natoura.si\/wp-content\/uploads\/2019\/09\/Vetrenjaca-Melenci-225x300.gif\" alt=\"\" width=\"150\" height=\"200\" \/><\/p>\n<p>Vojvodina je de\u017eela, kjer se stikajo in prepletajo kulture razli\u010dnih narodnosti, kar je posledica nekdanje nadvlade Avstroogrske. Vse to se odra\u017ea v obi\u010dajih, kulinariki in tudi arhitekturi, ki jo bomo spoznali v Subotici. Seznanili se bomo z vzrejo konj in izdelavo prav posebnih bombonov, leto pa bomo zaklju\u010dili v imenitnem hotelu ob odli\u010dni hrani in glasbi lokalnih tambura\u0161ev.<\/p>\n<p>Pridru\u017eite se nam in si ob koncu leta privo\u0161\u010dite prijetno potepanje.<\/p>\n<p>Program in prijavnico za izlet najdete na povezavi <a href=\"https:\/\/natoura.si\/?nltr=MjsxO2h0dHBzOi8vbmF0b3VyYS5zaS96LXZldHJvbS12LW5vdm8tbGV0by87O2E3NzA3YThmYjYzYzk0ZGRkODQ0NDc4N2IwOGRmOWNj\" target=\"_blank\" rel=\"noopener noreferrer\" data-saferedirecturl=\"https:\/\/www.google.com\/url?q=https:\/\/natoura.si\/?nltr%3DMjsxO2h0dHBzOi8vbmF0b3VyYS5zaS96LXZldHJvbS12LW5vdm8tbGV0by87O2E3NzA3YThmYjYzYzk0ZGRkODQ0NDc4N2IwOGRmOWNj&amp;source=gmail&amp;ust=1568735445361000&amp;usg=AFQjCNFZjn0NjF2S5tecs1acbBkDlh5gXw\">https:\/\/natoura.si\/z-vetrom-v-<wbr \/>novo-leto\/<\/a>.<\/p>\n<p>Udele\u017eba je za \u010dlane Prirodoslovnega dru\u0161tva Slovenije in naro\u010dnike revije Proteus cenej\u0161a.<\/p>\n<p>&nbsp;<\/p>\n<p>15. 9. 2019<\/p>\n<p>&nbsp;<\/p>\n","protected":false},"excerpt":{"rendered":"<p>Kam odhajamo najprej? Pot nas bo vodila v Vojvodino, kjer se bomo tudi poslovili od leto\u0161njega leta in stopili v novo. Zakaj Vojvodina? \u017de tretjeTour Details<\/p>\n","protected":false},"author":1,"featured_media":0,"parent":0,"menu_order":0,"comment_status":"closed","ping_status":"closed","template":"","meta":{"footnotes":""},"class_list":["post-772","page","type-page","status-publish","hentry"],"_links":{"self":[{"href":"https:\/\/natoura.si\/sl_si\/wp-json\/wp\/v2\/pages\/772","targetHints":{"allow":["GET"]}}],"collection":[{"href":"https:\/\/natoura.si\/sl_si\/wp-json\/wp\/v2\/pages"}],"about":[{"href":"https:\/\/natoura.si\/sl_si\/wp-json\/wp\/v2\/types\/page"}],"author":[{"embeddable":true,"href":"https:\/\/natoura.si\/sl_si\/wp-json\/wp\/v2\/users\/1"}],"replies":[{"embeddable":true,"href":"https:\/\/natoura.si\/sl_si\/wp-json\/wp\/v2\/comments?post=772"}],"version-history":[{"count":2,"href":"https:\/\/natoura.si\/sl_si\/wp-json\/wp\/v2\/pages\/772\/revisions"}],"predecessor-version":[{"id":774,"href":"https:\/\/natoura.si\/sl_si\/wp-json\/wp\/v2\/pages\/772\/revisions\/774"}],"wp:attachment":[{"href":"https:\/\/natoura.si\/sl_si\/wp-json\/wp\/v2\/media?parent=772"}],"curies":[{"name":"wp","href":"https:\/\/api.w.org\/{rel}","templated":true}]}}