{"id":7562,"date":"2022-02-12T10:48:26","date_gmt":"2022-02-12T10:48:26","guid":{"rendered":"https:\/\/natoura.si\/?page_id=7562"},"modified":"2024-04-03T10:26:17","modified_gmt":"2024-04-03T10:26:17","slug":"nekoc-morje-danes-puscava-program","status":"publish","type":"page","link":"https:\/\/natoura.si\/sl_si\/nekoc-morje-danes-puscava-program\/","title":{"rendered":"Egiptovski zaklad &#8211; program"},"content":{"rendered":"\t\t<div data-elementor-type=\"wp-page\" data-elementor-id=\"7562\" class=\"elementor elementor-7562\" data-elementor-post-type=\"page\">\n\t\t\t\t\t\t<section class=\"elementor-section elementor-top-section elementor-element elementor-element-3b78148 elementor-section-boxed elementor-section-height-default elementor-section-height-default\" data-id=\"3b78148\" data-element_type=\"section\" data-e-type=\"section\">\n\t\t\t\t\t\t<div class=\"elementor-container elementor-column-gap-default\">\n\t\t\t\t\t<div class=\"elementor-column elementor-col-33 elementor-top-column elementor-element elementor-element-03c21c9\" data-id=\"03c21c9\" data-element_type=\"column\" data-e-type=\"column\">\n\t\t\t<div class=\"elementor-widget-wrap elementor-element-populated\">\n\t\t\t\t\t\t<div class=\"elementor-element elementor-element-19dfba0 elementor-widget elementor-widget-image\" data-id=\"19dfba0\" data-element_type=\"widget\" data-e-type=\"widget\" data-widget_type=\"image.default\">\n\t\t\t\t<div class=\"elementor-widget-container\">\n\t\t\t\t\t\t\t\t\t\t\t\t\t\t\t<img fetchpriority=\"high\" decoding=\"async\" width=\"800\" height=\"800\" src=\"https:\/\/natoura.si\/wp-content\/uploads\/2022\/02\/Kamela.gif\" class=\"attachment-large size-large wp-image-7565\" alt=\"\" \/>\t\t\t\t\t\t\t\t\t\t\t\t\t\t\t<\/div>\n\t\t\t\t<\/div>\n\t\t\t\t\t<\/div>\n\t\t<\/div>\n\t\t\t\t<div class=\"elementor-column elementor-col-66 elementor-top-column elementor-element elementor-element-8ab13c5\" data-id=\"8ab13c5\" data-element_type=\"column\" data-e-type=\"column\">\n\t\t\t<div class=\"elementor-widget-wrap elementor-element-populated\">\n\t\t\t\t\t\t<div class=\"elementor-element elementor-element-e23ee78 elementor-widget elementor-widget-text-editor\" data-id=\"e23ee78\" data-element_type=\"widget\" data-e-type=\"widget\" data-widget_type=\"text-editor.default\">\n\t\t\t\t<div class=\"elementor-widget-container\">\n\t\t\t\t\t\t\t\t\t<p><span style=\"font-family: Poppins;\"><span style=\"color: #9dbc55; font-size: 16px;\"><span style=\"font-size: 12pt;\">1. dan: ODHOD V EGIPT<\/span><br \/><\/span><\/span><\/p><p><span style=\"font-family: Poppins; font-size: 14px;\"><span style=\"color: #ffffff;\">Odhod iz Ljubljane do letali\u0161\u010da v Trstu in no\u010dni let do Kaira, kamor bomo prispeli v zgodnjih urah naslednjega dne.<\/span><br \/><\/span><\/p>\t\t\t\t\t\t\t\t<\/div>\n\t\t\t\t<\/div>\n\t\t\t\t\t<\/div>\n\t\t<\/div>\n\t\t\t\t\t<\/div>\n\t\t<\/section>\n\t\t\t\t<section class=\"elementor-section elementor-top-section elementor-element elementor-element-c1769e8 elementor-section-boxed elementor-section-height-default elementor-section-height-default\" data-id=\"c1769e8\" data-element_type=\"section\" data-e-type=\"section\">\n\t\t\t\t\t\t<div class=\"elementor-container elementor-column-gap-default\">\n\t\t\t\t\t<div class=\"elementor-column elementor-col-66 elementor-top-column elementor-element elementor-element-6707636\" data-id=\"6707636\" data-element_type=\"column\" data-e-type=\"column\">\n\t\t\t<div class=\"elementor-widget-wrap elementor-element-populated\">\n\t\t\t\t\t\t<div class=\"elementor-element elementor-element-e5c16b1 elementor-widget elementor-widget-text-editor\" data-id=\"e5c16b1\" data-element_type=\"widget\" data-e-type=\"widget\" data-widget_type=\"text-editor.default\">\n\t\t\t\t<div class=\"elementor-widget-container\">\n\t\t\t\t\t\t\t\t\t<p><span style=\"font-family: Poppins;\"><span style=\"color: #9db958; font-size: 16px;\">2. dan: VODNO BOGASTVO<br \/><\/span><\/span><\/p><p><span style=\"font-family: Poppins; font-size: 14px; color: #ffffff;\">Po prihodu v Kairo ureditev vize in vo\u017enja do oaze Bahariya, kjer si bomo v bli\u017enjem kampu najprej privo\u0161\u010dili nekaj po\u010ditka, v popoldanskem \u010dasu pa od\u0161li na kopanje v tople izvire, proti ve\u010deru pa na ogled gore Piramida in slanega jezera. Ob Piramidi se bomo seznanili z nekaj geolo\u0161kimi zanimostmi oaze Bahariya in spoznali ostanke dinozavrov, ki so tu \u017eiveli pred pribli\u017eno 100 milijoni let, njihove ostanke pa so na\u0161li prav na tem obmo\u010dju. Ob slanem jezeru bomo v zahajajo\u010dem soncu spoznali razloge za njegov nastanek in izvedeli, zakaj je to jezero slano, ko pa se v neposredni bli\u017eini nahajajo \u0161tevilni hladni in topli izviri neslane, pitne vode. Ve\u010derja in preno\u010devanje v kampu v oazi Bahariya.<\/span><\/p>\t\t\t\t\t\t\t\t<\/div>\n\t\t\t\t<\/div>\n\t\t\t\t\t<\/div>\n\t\t<\/div>\n\t\t\t\t<div class=\"elementor-column elementor-col-33 elementor-top-column elementor-element elementor-element-9139d37\" data-id=\"9139d37\" data-element_type=\"column\" data-e-type=\"column\">\n\t\t\t<div class=\"elementor-widget-wrap elementor-element-populated\">\n\t\t\t\t\t\t<div class=\"elementor-element elementor-element-746fcb5 elementor-widget elementor-widget-image\" data-id=\"746fcb5\" data-element_type=\"widget\" data-e-type=\"widget\" data-widget_type=\"image.default\">\n\t\t\t\t<div class=\"elementor-widget-container\">\n\t\t\t\t\t\t\t\t\t\t\t\t\t\t\t<img decoding=\"async\" width=\"800\" height=\"800\" src=\"https:\/\/natoura.si\/wp-content\/uploads\/2022\/12\/Palme.gif\" class=\"attachment-large size-large wp-image-9429\" alt=\"\" \/>\t\t\t\t\t\t\t\t\t\t\t\t\t\t\t<\/div>\n\t\t\t\t<\/div>\n\t\t\t\t\t<\/div>\n\t\t<\/div>\n\t\t\t\t\t<\/div>\n\t\t<\/section>\n\t\t\t\t<section class=\"elementor-section elementor-top-section elementor-element elementor-element-3d7c51c elementor-section-boxed elementor-section-height-default elementor-section-height-default\" data-id=\"3d7c51c\" data-element_type=\"section\" data-e-type=\"section\">\n\t\t\t\t\t\t<div class=\"elementor-container elementor-column-gap-default\">\n\t\t\t\t\t<div class=\"elementor-column elementor-col-33 elementor-top-column elementor-element elementor-element-9a31b12\" data-id=\"9a31b12\" data-element_type=\"column\" data-e-type=\"column\">\n\t\t\t<div class=\"elementor-widget-wrap elementor-element-populated\">\n\t\t\t\t\t\t<div class=\"elementor-element elementor-element-6d662b5 elementor-widget elementor-widget-image\" data-id=\"6d662b5\" data-element_type=\"widget\" data-e-type=\"widget\" data-widget_type=\"image.default\">\n\t\t\t\t<div class=\"elementor-widget-container\">\n\t\t\t\t\t\t\t\t\t\t\t\t\t\t\t<img decoding=\"async\" width=\"800\" height=\"800\" src=\"https:\/\/natoura.si\/wp-content\/uploads\/2022\/02\/Black-desert.gif\" class=\"attachment-large size-large wp-image-7570\" alt=\"\" \/>\t\t\t\t\t\t\t\t\t\t\t\t\t\t\t<\/div>\n\t\t\t\t<\/div>\n\t\t\t\t\t<\/div>\n\t\t<\/div>\n\t\t\t\t<div class=\"elementor-column elementor-col-33 elementor-top-column elementor-element elementor-element-3e55f1c\" data-id=\"3e55f1c\" data-element_type=\"column\" data-e-type=\"column\">\n\t\t\t<div class=\"elementor-widget-wrap elementor-element-populated\">\n\t\t\t\t\t\t<div class=\"elementor-element elementor-element-6bcb17a elementor-widget elementor-widget-image\" data-id=\"6bcb17a\" data-element_type=\"widget\" data-e-type=\"widget\" data-widget_type=\"image.default\">\n\t\t\t\t<div class=\"elementor-widget-container\">\n\t\t\t\t\t\t\t\t\t\t\t\t\t\t\t<img loading=\"lazy\" decoding=\"async\" width=\"800\" height=\"800\" src=\"https:\/\/natoura.si\/wp-content\/uploads\/2022\/02\/Egipt-4.-dan.gif\" class=\"attachment-large size-large wp-image-7572\" alt=\"\" \/>\t\t\t\t\t\t\t\t\t\t\t\t\t\t\t<\/div>\n\t\t\t\t<\/div>\n\t\t\t\t\t<\/div>\n\t\t<\/div>\n\t\t\t\t<div class=\"elementor-column elementor-col-33 elementor-top-column elementor-element elementor-element-c03299c\" data-id=\"c03299c\" data-element_type=\"column\" data-e-type=\"column\">\n\t\t\t<div class=\"elementor-widget-wrap elementor-element-populated\">\n\t\t\t\t\t\t<div class=\"elementor-element elementor-element-99990e3 elementor-widget elementor-widget-image\" data-id=\"99990e3\" data-element_type=\"widget\" data-e-type=\"widget\" data-widget_type=\"image.default\">\n\t\t\t\t<div class=\"elementor-widget-container\">\n\t\t\t\t\t\t\t\t\t\t\t\t\t\t\t<img loading=\"lazy\" decoding=\"async\" width=\"800\" height=\"800\" src=\"https:\/\/natoura.si\/wp-content\/uploads\/2022\/02\/Egipt-5.-dan.gif\" class=\"attachment-large size-large wp-image-7573\" alt=\"\" \/>\t\t\t\t\t\t\t\t\t\t\t\t\t\t\t<\/div>\n\t\t\t\t<\/div>\n\t\t\t\t\t<\/div>\n\t\t<\/div>\n\t\t\t\t\t<\/div>\n\t\t<\/section>\n\t\t\t\t<section class=\"elementor-section elementor-top-section elementor-element elementor-element-f22d386 elementor-section-boxed elementor-section-height-default elementor-section-height-default\" data-id=\"f22d386\" data-element_type=\"section\" data-e-type=\"section\">\n\t\t\t\t\t\t<div class=\"elementor-container elementor-column-gap-default\">\n\t\t\t\t\t<div class=\"elementor-column elementor-col-33 elementor-top-column elementor-element elementor-element-5ca8127\" data-id=\"5ca8127\" data-element_type=\"column\" data-e-type=\"column\">\n\t\t\t<div class=\"elementor-widget-wrap elementor-element-populated\">\n\t\t\t\t\t\t<div class=\"elementor-element elementor-element-a6310f9 elementor-widget elementor-widget-image\" data-id=\"a6310f9\" data-element_type=\"widget\" data-e-type=\"widget\" data-widget_type=\"image.default\">\n\t\t\t\t<div class=\"elementor-widget-container\">\n\t\t\t\t\t\t\t\t\t\t\t\t\t\t\t<img loading=\"lazy\" decoding=\"async\" width=\"800\" height=\"800\" src=\"https:\/\/natoura.si\/wp-content\/uploads\/2022\/02\/Egipt-6.-dan.gif\" class=\"attachment-large size-large wp-image-7574\" alt=\"\" \/>\t\t\t\t\t\t\t\t\t\t\t\t\t\t\t<\/div>\n\t\t\t\t<\/div>\n\t\t\t\t\t<\/div>\n\t\t<\/div>\n\t\t\t\t<div class=\"elementor-column elementor-col-33 elementor-top-column elementor-element elementor-element-4001c9a\" data-id=\"4001c9a\" data-element_type=\"column\" data-e-type=\"column\">\n\t\t\t<div class=\"elementor-widget-wrap elementor-element-populated\">\n\t\t\t\t\t\t<div class=\"elementor-element elementor-element-68033dd elementor-widget elementor-widget-image\" data-id=\"68033dd\" data-element_type=\"widget\" data-e-type=\"widget\" data-widget_type=\"image.default\">\n\t\t\t\t<div class=\"elementor-widget-container\">\n\t\t\t\t\t\t\t\t\t\t\t\t\t\t\t<img loading=\"lazy\" decoding=\"async\" width=\"800\" height=\"800\" src=\"https:\/\/natoura.si\/wp-content\/uploads\/2022\/02\/White-desert.gif\" class=\"attachment-large size-large wp-image-7581\" alt=\"\" \/>\t\t\t\t\t\t\t\t\t\t\t\t\t\t\t<\/div>\n\t\t\t\t<\/div>\n\t\t\t\t\t<\/div>\n\t\t<\/div>\n\t\t\t\t<div class=\"elementor-column elementor-col-33 elementor-top-column elementor-element elementor-element-9993c66\" data-id=\"9993c66\" data-element_type=\"column\" data-e-type=\"column\">\n\t\t\t<div class=\"elementor-widget-wrap elementor-element-populated\">\n\t\t\t\t\t\t<div class=\"elementor-element elementor-element-0dc5ded elementor-widget elementor-widget-image\" data-id=\"0dc5ded\" data-element_type=\"widget\" data-e-type=\"widget\" data-widget_type=\"image.default\">\n\t\t\t\t<div class=\"elementor-widget-container\">\n\t\t\t\t\t\t\t\t\t\t\t\t\t\t\t<img loading=\"lazy\" decoding=\"async\" width=\"800\" height=\"800\" src=\"https:\/\/natoura.si\/wp-content\/uploads\/2022\/02\/Egipt-okamenelo-drevo.gif\" class=\"attachment-large size-large wp-image-7582\" alt=\"\" \/>\t\t\t\t\t\t\t\t\t\t\t\t\t\t\t<\/div>\n\t\t\t\t<\/div>\n\t\t\t\t\t<\/div>\n\t\t<\/div>\n\t\t\t\t\t<\/div>\n\t\t<\/section>\n\t\t\t\t<section class=\"elementor-section elementor-top-section elementor-element elementor-element-7ed273d elementor-section-boxed elementor-section-height-default elementor-section-height-default\" data-id=\"7ed273d\" data-element_type=\"section\" data-e-type=\"section\">\n\t\t\t\t\t\t<div class=\"elementor-container elementor-column-gap-default\">\n\t\t\t\t\t<div class=\"elementor-column elementor-col-100 elementor-top-column elementor-element elementor-element-a79aa82\" data-id=\"a79aa82\" data-element_type=\"column\" data-e-type=\"column\">\n\t\t\t<div class=\"elementor-widget-wrap elementor-element-populated\">\n\t\t\t\t\t\t<div class=\"elementor-element elementor-element-5ca644c elementor-widget elementor-widget-text-editor\" data-id=\"5ca644c\" data-element_type=\"widget\" data-e-type=\"widget\" data-widget_type=\"text-editor.default\">\n\t\t\t\t<div class=\"elementor-widget-container\">\n\t\t\t\t\t\t\t\t\t<p><span style=\"font-family: Poppins;\"><span style=\"color: #9db958; font-size: 16px;\">3. &#8211; 6. dan: \u010cRNA, KRISTALNA, BELA IN ZAHODNA PU\u0160\u010cAVA<br><\/span><\/span><\/p>\n<p><span style=\"font-family: Poppins; color: #ffffff;\">Zjutraj se bomo po zajtrku odpravili na \u0161tiridnevno potepanje po Beli in \u010crni pu\u0161\u010davi, kjer&nbsp; bomo spoznavali raznolikost geolo\u0161kih, geomorfolo\u0161kih, botani\u010dnih, hidrolo\u0161kih, mineralo\u0161kih in paleontolo\u0161kih posebnosti. Spoznali bomo nekdanji kras in obiskali kra\u0161ko jamo, vodne izvire, ki so poznani \u017ee iz anti\u010dnih \u010dasov in so omogo\u010dali poselitev pu\u0161\u010dave, poiskali bomo okamnele ostanke nekdanjih dreves in \u0161koljke nekdanjega morja. Med nenavadnimi erozijskimi oblikami iz krede bomo videli razli\u010dne skulpture in se prepustili domi\u0161ljiji, u\u017eivali bomo na pravih pu\u0161\u010davskih sipinah, posku\u0161ali najti najlep\u0161e oblikovan \u017eelezov mineral pirit in spoznali, kako rodovitna so tla pod nami, \u010de le pridejo v stik z vodo. Preno\u010devali bomo v \u0161otorih, za hrano in pija\u010do ter udobje bo poskrbela izku\u0161ena ekipa doma\u010dinov.<br><\/span><\/p>\t\t\t\t\t\t\t\t<\/div>\n\t\t\t\t<\/div>\n\t\t\t\t\t<\/div>\n\t\t<\/div>\n\t\t\t\t\t<\/div>\n\t\t<\/section>\n\t\t\t\t<section class=\"elementor-section elementor-top-section elementor-element elementor-element-71d0081 elementor-section-boxed elementor-section-height-default elementor-section-height-default\" data-id=\"71d0081\" data-element_type=\"section\" data-e-type=\"section\">\n\t\t\t\t\t\t<div class=\"elementor-container elementor-column-gap-default\">\n\t\t\t\t\t<div class=\"elementor-column elementor-col-33 elementor-top-column elementor-element elementor-element-2de5e3f\" data-id=\"2de5e3f\" data-element_type=\"column\" data-e-type=\"column\">\n\t\t\t<div class=\"elementor-widget-wrap elementor-element-populated\">\n\t\t\t\t\t\t<div class=\"elementor-element elementor-element-cccb775 elementor-widget elementor-widget-image\" data-id=\"cccb775\" data-element_type=\"widget\" data-e-type=\"widget\" data-widget_type=\"image.default\">\n\t\t\t\t<div class=\"elementor-widget-container\">\n\t\t\t\t\t\t\t\t\t\t\t\t\t\t\t<img loading=\"lazy\" decoding=\"async\" width=\"800\" height=\"800\" src=\"https:\/\/natoura.si\/wp-content\/uploads\/2022\/02\/Mumija.gif\" class=\"attachment-large size-large wp-image-7578\" alt=\"\" \/>\t\t\t\t\t\t\t\t\t\t\t\t\t\t\t<\/div>\n\t\t\t\t<\/div>\n\t\t\t\t\t<\/div>\n\t\t<\/div>\n\t\t\t\t<div class=\"elementor-column elementor-col-66 elementor-top-column elementor-element elementor-element-d4060a9\" data-id=\"d4060a9\" data-element_type=\"column\" data-e-type=\"column\">\n\t\t\t<div class=\"elementor-widget-wrap elementor-element-populated\">\n\t\t\t\t\t\t<div class=\"elementor-element elementor-element-5d62b89 elementor-widget elementor-widget-text-editor\" data-id=\"5d62b89\" data-element_type=\"widget\" data-e-type=\"widget\" data-widget_type=\"text-editor.default\">\n\t\t\t\t<div class=\"elementor-widget-container\">\n\t\t\t\t\t\t\t\t\t<p><span style=\"font-family: Poppins;\"><span style=\"color: #9db958; font-size: 16px;\">7. dan: BAHARIYA<\/span> <\/span><\/p><p><span style=\"font-family: Poppins; font-size: 14px;\"><span style=\"color: #ffffff;\">Po zajtrku se bomo vrnili v Bahariyo, kjer si bomo ogledali dve anti\u010dni grobnici z zna\u010dilnimi egip\u010danskimi poslikavami in spoznavali egip\u010danski panteon, nato pa si ogledali \u0161e muzej, v katerem je predstavljenih le nekaj od ve\u010d tiso\u010d zlatih mumij, ki so jih odkrili v Bahariyi in predstavljajo eno najbogatej\u0161ih najdb starega Egipta. Popoldan bo \u0161e nekaj \u010dasa za potepanje po lokalnih trgovinah in stojnicah, proti ve\u010deru pa se bomo odpeljali do oaze Fayoum, kjer bo v lokalnem hotelu ve\u010derja in peno\u010devanje.<\/span><br \/><\/span><\/p>\t\t\t\t\t\t\t\t<\/div>\n\t\t\t\t<\/div>\n\t\t\t\t\t<\/div>\n\t\t<\/div>\n\t\t\t\t\t<\/div>\n\t\t<\/section>\n\t\t\t\t<section class=\"elementor-section elementor-top-section elementor-element elementor-element-2573db4 elementor-section-boxed elementor-section-height-default elementor-section-height-default\" data-id=\"2573db4\" data-element_type=\"section\" data-e-type=\"section\">\n\t\t\t\t\t\t<div class=\"elementor-container elementor-column-gap-default\">\n\t\t\t\t\t<div class=\"elementor-column elementor-col-66 elementor-top-column elementor-element elementor-element-46660ec\" data-id=\"46660ec\" data-element_type=\"column\" data-e-type=\"column\">\n\t\t\t<div class=\"elementor-widget-wrap elementor-element-populated\">\n\t\t\t\t\t\t<div class=\"elementor-element elementor-element-e4648b6 elementor-widget elementor-widget-text-editor\" data-id=\"e4648b6\" data-element_type=\"widget\" data-e-type=\"widget\" data-widget_type=\"text-editor.default\">\n\t\t\t\t<div class=\"elementor-widget-container\">\n\t\t\t\t\t\t\t\t\t<p><span style=\"font-family: Poppins;\"><span style=\"color: #9db958; font-size: 16px;\">8. in 9. dan : OAZA FAYOUM<\/span> <\/span><\/p><p><span style=\"color: #ffffff;\">Dva dneva v Fayoumu bomo posvetili raziskovanju Narodnega parka Wadi Rayan, znotraj katerega se v Wadi Hitanu nahajajo tudi fosilni ostanki prednikov dana\u0161njih kitov (UNESCO) in \u0161tevilni fosilni ostanki drugih morskih organizmov. Spoznali bomo izredno znano in cenjeno lokalno keramiko v vasi Tunis in se seznanili z bogatim kulturnim izro\u010dilom, kjer se prepletajo vplivi Starega Egipta, gr\u0161ke in rimske antike, kr\u0161\u010danstva in islama. Nastanjeni bomo v hotelu v oazi Fayoum.<\/span> <\/p>\t\t\t\t\t\t\t\t<\/div>\n\t\t\t\t<\/div>\n\t\t\t\t\t<\/div>\n\t\t<\/div>\n\t\t\t\t<div class=\"elementor-column elementor-col-33 elementor-top-column elementor-element elementor-element-8bec124\" data-id=\"8bec124\" data-element_type=\"column\" data-e-type=\"column\">\n\t\t\t<div class=\"elementor-widget-wrap elementor-element-populated\">\n\t\t\t\t\t\t<div class=\"elementor-element elementor-element-79982e3 elementor-widget elementor-widget-image\" data-id=\"79982e3\" data-element_type=\"widget\" data-e-type=\"widget\" data-widget_type=\"image.default\">\n\t\t\t\t<div class=\"elementor-widget-container\">\n\t\t\t\t\t\t\t\t\t\t\t\t\t\t\t<img loading=\"lazy\" decoding=\"async\" width=\"330\" height=\"330\" src=\"https:\/\/natoura.si\/wp-content\/uploads\/2022\/02\/Wadi-Hitan-okostje-kitov.gif\" class=\"attachment-large size-large wp-image-7586\" alt=\"\" \/>\t\t\t\t\t\t\t\t\t\t\t\t\t\t\t<\/div>\n\t\t\t\t<\/div>\n\t\t\t\t\t<\/div>\n\t\t<\/div>\n\t\t\t\t\t<\/div>\n\t\t<\/section>\n\t\t\t\t<section class=\"elementor-section elementor-top-section elementor-element elementor-element-a1a75c3 elementor-section-boxed elementor-section-height-default elementor-section-height-default\" data-id=\"a1a75c3\" data-element_type=\"section\" data-e-type=\"section\">\n\t\t\t\t\t\t<div class=\"elementor-container elementor-column-gap-default\">\n\t\t\t\t\t<div class=\"elementor-column elementor-col-33 elementor-top-column elementor-element elementor-element-6b350df\" data-id=\"6b350df\" data-element_type=\"column\" data-e-type=\"column\">\n\t\t\t<div class=\"elementor-widget-wrap elementor-element-populated\">\n\t\t\t\t\t\t<div class=\"elementor-element elementor-element-9fac446 elementor-widget elementor-widget-image\" data-id=\"9fac446\" data-element_type=\"widget\" data-e-type=\"widget\" data-widget_type=\"image.default\">\n\t\t\t\t<div class=\"elementor-widget-container\">\n\t\t\t\t\t\t\t\t\t\t\t\t\t\t\t<img loading=\"lazy\" decoding=\"async\" width=\"800\" height=\"800\" src=\"https:\/\/natoura.si\/wp-content\/uploads\/2022\/02\/Egipt-transport.gif\" class=\"attachment-large size-large wp-image-7580\" alt=\"\" \/>\t\t\t\t\t\t\t\t\t\t\t\t\t\t\t<\/div>\n\t\t\t\t<\/div>\n\t\t\t\t\t<\/div>\n\t\t<\/div>\n\t\t\t\t<div class=\"elementor-column elementor-col-66 elementor-top-column elementor-element elementor-element-e26a6c0\" data-id=\"e26a6c0\" data-element_type=\"column\" data-e-type=\"column\">\n\t\t\t<div class=\"elementor-widget-wrap elementor-element-populated\">\n\t\t\t\t\t\t<div class=\"elementor-element elementor-element-8bb549f elementor-widget elementor-widget-text-editor\" data-id=\"8bb549f\" data-element_type=\"widget\" data-e-type=\"widget\" data-widget_type=\"text-editor.default\">\n\t\t\t\t<div class=\"elementor-widget-container\">\n\t\t\t\t\t\t\t\t\t<p><span style=\"font-family: Poppins;\"><span style=\"color: #9dbc55; font-size: 16px;\"><span style=\"font-size: 12pt;\">10. dan: POVRATEK DOMOV<\/span><br \/><\/span><\/span><\/p><p><span style=\"color: #ffffff;\">Odhod iz hotela do letali\u0161\u010da v Kairu in let proti domu. Pristanek na letali\u0161\u010du v Trstu in transfer do Ljubljane.<\/span><\/p>\t\t\t\t\t\t\t\t<\/div>\n\t\t\t\t<\/div>\n\t\t\t\t\t<\/div>\n\t\t<\/div>\n\t\t\t\t\t<\/div>\n\t\t<\/section>\n\t\t\t\t<section class=\"elementor-section elementor-top-section elementor-element elementor-element-56380dc elementor-section-boxed elementor-section-height-default elementor-section-height-default\" data-id=\"56380dc\" data-element_type=\"section\" data-e-type=\"section\">\n\t\t\t\t\t\t<div class=\"elementor-container elementor-column-gap-default\">\n\t\t\t\t\t<div class=\"elementor-column elementor-col-100 elementor-top-column elementor-element elementor-element-d2eba57\" data-id=\"d2eba57\" data-element_type=\"column\" data-e-type=\"column\">\n\t\t\t<div class=\"elementor-widget-wrap elementor-element-populated\">\n\t\t\t\t\t\t<div class=\"elementor-element elementor-element-7b57216 elementor-widget elementor-widget-spacer\" data-id=\"7b57216\" data-element_type=\"widget\" data-e-type=\"widget\" data-widget_type=\"spacer.default\">\n\t\t\t\t<div class=\"elementor-widget-container\">\n\t\t\t\t\t\t\t<div class=\"elementor-spacer\">\n\t\t\t<div class=\"elementor-spacer-inner\"><\/div>\n\t\t<\/div>\n\t\t\t\t\t\t<\/div>\n\t\t\t\t<\/div>\n\t\t\t\t\t<\/div>\n\t\t<\/div>\n\t\t\t\t\t<\/div>\n\t\t<\/section>\n\t\t\t\t<section class=\"elementor-section elementor-top-section elementor-element elementor-element-658ba09 elementor-section-boxed elementor-section-height-default elementor-section-height-default\" data-id=\"658ba09\" data-element_type=\"section\" data-e-type=\"section\">\n\t\t\t\t\t\t<div class=\"elementor-container elementor-column-gap-default\">\n\t\t\t\t\t<div class=\"elementor-column elementor-col-100 elementor-top-column elementor-element elementor-element-4498596\" data-id=\"4498596\" data-element_type=\"column\" data-e-type=\"column\">\n\t\t\t<div class=\"elementor-widget-wrap elementor-element-populated\">\n\t\t\t\t\t\t<div class=\"elementor-element elementor-element-2a2d8c9 elementor-widget elementor-widget-text-editor\" data-id=\"2a2d8c9\" data-element_type=\"widget\" data-e-type=\"widget\" data-widget_type=\"text-editor.default\">\n\t\t\t\t<div class=\"elementor-widget-container\">\n\t\t\t\t\t\t\t\t\t<p><span style=\"font-family: Poppins; font-size: 14px; color: #ffffff;\">Avtorica programa in fotografij: \u00a9 Janja Benedik, 2022.<\/span><\/p><p><span style=\"font-family: Poppins; font-size: 14px; color: #ffffff;\">Organizator in izvajalec programa: \u00a9 naTOURa, Janja Benedik s. p.\u00a0 v sodelovanju z Mostafa Safari To<\/span><span style=\"color: #ffffff;\"><span style=\"font-family: Poppins; font-size: 14px;\">urs, 2022-24<\/span><span style=\"font-family: Poppins; font-size: 14px;\">.<\/span><\/span><\/p>\t\t\t\t\t\t\t\t<\/div>\n\t\t\t\t<\/div>\n\t\t\t\t\t<\/div>\n\t\t<\/div>\n\t\t\t\t\t<\/div>\n\t\t<\/section>\n\t\t\t\t<\/div>\n\t\t","protected":false},"excerpt":{"rendered":"<p>1. dan: ODHOD V EGIPT Odhod iz Ljubljane do letali\u0161\u010da v Trstu in no\u010dni let do Kaira, kamor bomo prispeli v zgodnjih urah naslednjega dne.Tour Details<\/p>\n","protected":false},"author":1,"featured_media":9360,"parent":0,"menu_order":0,"comment_status":"closed","ping_status":"closed","template":"","meta":{"footnotes":""},"class_list":["post-7562","page","type-page","status-publish","has-post-thumbnail","hentry"],"_links":{"self":[{"href":"https:\/\/natoura.si\/sl_si\/wp-json\/wp\/v2\/pages\/7562","targetHints":{"allow":["GET"]}}],"collection":[{"href":"https:\/\/natoura.si\/sl_si\/wp-json\/wp\/v2\/pages"}],"about":[{"href":"https:\/\/natoura.si\/sl_si\/wp-json\/wp\/v2\/types\/page"}],"author":[{"embeddable":true,"href":"https:\/\/natoura.si\/sl_si\/wp-json\/wp\/v2\/users\/1"}],"replies":[{"embeddable":true,"href":"https:\/\/natoura.si\/sl_si\/wp-json\/wp\/v2\/comments?post=7562"}],"version-history":[{"count":54,"href":"https:\/\/natoura.si\/sl_si\/wp-json\/wp\/v2\/pages\/7562\/revisions"}],"predecessor-version":[{"id":13102,"href":"https:\/\/natoura.si\/sl_si\/wp-json\/wp\/v2\/pages\/7562\/revisions\/13102"}],"wp:featuredmedia":[{"embeddable":true,"href":"https:\/\/natoura.si\/sl_si\/wp-json\/wp\/v2\/media\/9360"}],"wp:attachment":[{"href":"https:\/\/natoura.si\/sl_si\/wp-json\/wp\/v2\/media?parent=7562"}],"curies":[{"name":"wp","href":"https:\/\/api.w.org\/{rel}","templated":true}]}}