{"id":66,"date":"2019-09-02T20:30:26","date_gmt":"2019-09-02T20:30:26","guid":{"rendered":"https:\/\/natoura.si\/?page_id=66"},"modified":"2020-03-27T20:46:31","modified_gmt":"2020-03-27T20:46:31","slug":"kontakt","status":"publish","type":"page","link":"https:\/\/natoura.si\/sl_si\/kontakt\/","title":{"rendered":"Kontakt"},"content":{"rendered":"\t\t<div data-elementor-type=\"wp-page\" data-elementor-id=\"66\" class=\"elementor elementor-66\" data-elementor-post-type=\"page\">\n\t\t\t\t\t\t<section class=\"elementor-section elementor-top-section elementor-element elementor-element-ec6247e elementor-section-boxed elementor-section-height-default elementor-section-height-default\" data-id=\"ec6247e\" data-element_type=\"section\" data-e-type=\"section\">\n\t\t\t\t\t\t<div class=\"elementor-container elementor-column-gap-default\">\n\t\t\t\t\t<div class=\"elementor-column elementor-col-25 elementor-top-column elementor-element elementor-element-45c99f0\" data-id=\"45c99f0\" data-element_type=\"column\" data-e-type=\"column\">\n\t\t\t<div class=\"elementor-widget-wrap elementor-element-populated\">\n\t\t\t\t\t\t<div class=\"elementor-element elementor-element-b466d04 elementor-position-top elementor-widget elementor-widget-image-box\" data-id=\"b466d04\" data-element_type=\"widget\" data-e-type=\"widget\" data-widget_type=\"image-box.default\">\n\t\t\t\t<div class=\"elementor-widget-container\">\n\t\t\t\t\t<div class=\"elementor-image-box-wrapper\"><figure class=\"elementor-image-box-img\"><img fetchpriority=\"high\" decoding=\"async\" width=\"485\" height=\"485\" src=\"https:\/\/natoura.si\/wp-content\/uploads\/2020\/03\/Logo-net.gif\" class=\"attachment-full size-full wp-image-1445\" alt=\"\" \/><\/figure><div class=\"elementor-image-box-content\"><h3 class=\"elementor-image-box-title\">naTOURa<\/h3><p class=\"elementor-image-box-description\">potovalna agencija,\n\nJanja Benedik s. p.\n\nRotarjeva ulica 3\n\n4000 Kranj\n\nSI - Slovenija<\/p><\/div><\/div>\t\t\t\t<\/div>\n\t\t\t\t<\/div>\n\t\t\t\t\t<\/div>\n\t\t<\/div>\n\t\t\t\t<div class=\"elementor-column elementor-col-25 elementor-top-column elementor-element elementor-element-6791835\" data-id=\"6791835\" data-element_type=\"column\" data-e-type=\"column\">\n\t\t\t<div class=\"elementor-widget-wrap elementor-element-populated\">\n\t\t\t\t\t\t<div class=\"elementor-element elementor-element-4a710cd elementor-widget elementor-widget-text-editor\" data-id=\"4a710cd\" data-element_type=\"widget\" data-e-type=\"widget\" data-widget_type=\"text-editor.default\">\n\t\t\t\t<div class=\"elementor-widget-container\">\n\t\t\t\t\t\t\t\t\t<p><span style=\"font-family: Poppins; color: #ffffff;\">Telefon: +386 31 360 356<br \/><\/span><\/p>\n<p><span style=\"font-family: Poppins; color: #ffffff;\">E-po\u0161ta:<\/span><\/p>\n<p><span style=\"color: #ffffff;\"><a style=\"color: #ffffff;\" href=\"janja.benedik@gmail.com\"><span style=\"font-family: Poppins;\">janja.benedik@gmail.com<\/span><\/a><\/span><\/p>\n<p><a href=\"info@natoura.si\"><span style=\"font-family: Poppins;\"><span style=\"color: #ffffff;\">info@natoura.si<\/span><\/span><\/a><\/p>\t\t\t\t\t\t\t\t<\/div>\n\t\t\t\t<\/div>\n\t\t\t\t\t<\/div>\n\t\t<\/div>\n\t\t\t\t<div class=\"elementor-column elementor-col-25 elementor-top-column elementor-element elementor-element-aa4a531\" data-id=\"aa4a531\" data-element_type=\"column\" data-e-type=\"column\">\n\t\t\t<div class=\"elementor-widget-wrap elementor-element-populated\">\n\t\t\t\t\t\t<div class=\"elementor-element elementor-element-f7300c9 elementor-widget elementor-widget-text-editor\" data-id=\"f7300c9\" data-element_type=\"widget\" data-e-type=\"widget\" data-widget_type=\"text-editor.default\">\n\t\t\t\t<div class=\"elementor-widget-container\">\n\t\t\t\t\t\t\t\t\t<p><span style=\"font-family: Poppins; color: #ffffff;\">Dav\u010dna \u0161tevilka: 42333652<\/span><\/p>\n<p><span style=\"font-family: Poppins; color: #ffffff;\">Mati\u010dna \u0161tevilka: 8489556000<\/span><\/p>\n<p><span style=\"font-family: Poppins; color: #ffffff;\">IBAN: SI56 6100 0002 2785 550<\/span><\/p>\n<p><span style=\"font-family: Poppins; color: #ffffff;\">(Delavska hranilnica d. d.)<\/span><\/p>\n<p><span style=\"font-family: Poppins; color: #ffffff;\">SWIFT\/BIC: <span class=\"st\">HDELSI22<\/span><\/span><\/p>\t\t\t\t\t\t\t\t<\/div>\n\t\t\t\t<\/div>\n\t\t\t\t\t<\/div>\n\t\t<\/div>\n\t\t\t\t<div class=\"elementor-column elementor-col-25 elementor-top-column elementor-element elementor-element-311628f\" data-id=\"311628f\" data-element_type=\"column\" data-e-type=\"column\">\n\t\t\t<div class=\"elementor-widget-wrap elementor-element-populated\">\n\t\t\t\t\t\t<div class=\"elementor-element elementor-element-7e6f1ff elementor-widget elementor-widget-text-editor\" data-id=\"7e6f1ff\" data-element_type=\"widget\" data-e-type=\"widget\" data-widget_type=\"text-editor.default\">\n\t\t\t\t<div class=\"elementor-widget-container\">\n\t\t\t\t\t\t\t\t\t<p><span style=\"font-family: Poppins; color: #ffffff;\">\u0160tevilka licence turisti\u010dnega vodnika: TV 0995.<\/span><\/p>\n<p><span style=\"color: #ffffff;\"><span style=\"font-family: Poppins;\">\u0160tevilka licence za opravljanje dejavnosti <\/span><span style=\"font-family: Poppins;\">organiziranja turisti\u010dnih aran\u017emajev:\u00a0 2225.<\/span><\/span><\/p>\n<p><span style=\"color: #ffffff;\"><span style=\"font-family: Poppins;\">\u0160tevilka licence za opravljanje dejavnosti <\/span><span style=\"font-family: Poppins;\">prodaje turisti\u010dnih aran\u017emajev: 2226.<\/span><\/span><\/p>\t\t\t\t\t\t\t\t<\/div>\n\t\t\t\t<\/div>\n\t\t\t\t\t<\/div>\n\t\t<\/div>\n\t\t\t\t\t<\/div>\n\t\t<\/section>\n\t\t\t\t<\/div>\n\t\t","protected":false},"excerpt":{"rendered":"<p>naTOURa potovalna agencija, Janja Benedik s. p. Rotarjeva ulica 3 4000 Kranj SI &#8211; Slovenija Telefon: +386 31 360 356 E-po\u0161ta: janja.benedik@gmail.com info@natoura.si Dav\u010dna \u0161tevilka:Tour Details<\/p>\n","protected":false},"author":1,"featured_media":1701,"parent":0,"menu_order":0,"comment_status":"closed","ping_status":"closed","template":"","meta":{"footnotes":""},"class_list":["post-66","page","type-page","status-publish","has-post-thumbnail","hentry"],"_links":{"self":[{"href":"https:\/\/natoura.si\/sl_si\/wp-json\/wp\/v2\/pages\/66","targetHints":{"allow":["GET"]}}],"collection":[{"href":"https:\/\/natoura.si\/sl_si\/wp-json\/wp\/v2\/pages"}],"about":[{"href":"https:\/\/natoura.si\/sl_si\/wp-json\/wp\/v2\/types\/page"}],"author":[{"embeddable":true,"href":"https:\/\/natoura.si\/sl_si\/wp-json\/wp\/v2\/users\/1"}],"replies":[{"embeddable":true,"href":"https:\/\/natoura.si\/sl_si\/wp-json\/wp\/v2\/comments?post=66"}],"version-history":[{"count":16,"href":"https:\/\/natoura.si\/sl_si\/wp-json\/wp\/v2\/pages\/66\/revisions"}],"predecessor-version":[{"id":1834,"href":"https:\/\/natoura.si\/sl_si\/wp-json\/wp\/v2\/pages\/66\/revisions\/1834"}],"wp:featuredmedia":[{"embeddable":true,"href":"https:\/\/natoura.si\/sl_si\/wp-json\/wp\/v2\/media\/1701"}],"wp:attachment":[{"href":"https:\/\/natoura.si\/sl_si\/wp-json\/wp\/v2\/media?parent=66"}],"curies":[{"name":"wp","href":"https:\/\/api.w.org\/{rel}","templated":true}]}}