{"id":62,"date":"2019-09-02T20:29:49","date_gmt":"2019-09-02T20:29:49","guid":{"rendered":"https:\/\/natoura.si\/?page_id=62"},"modified":"2020-03-24T21:33:17","modified_gmt":"2020-03-24T21:33:17","slug":"vtisi-udelezencev","status":"publish","type":"page","link":"https:\/\/natoura.si\/sl_si\/vtisi-udelezencev\/","title":{"rendered":"Vtisi udele\u017eencev"},"content":{"rendered":"\t\t<div data-elementor-type=\"wp-page\" data-elementor-id=\"62\" class=\"elementor elementor-62\" data-elementor-post-type=\"page\">\n\t\t\t\t\t\t<section class=\"elementor-section elementor-top-section elementor-element elementor-element-2a7c801 elementor-section-boxed elementor-section-height-default elementor-section-height-default\" data-id=\"2a7c801\" data-element_type=\"section\" data-e-type=\"section\">\n\t\t\t\t\t\t<div class=\"elementor-container elementor-column-gap-default\">\n\t\t\t\t\t<div class=\"elementor-column elementor-col-100 elementor-top-column elementor-element elementor-element-f8f336e\" data-id=\"f8f336e\" data-element_type=\"column\" data-e-type=\"column\">\n\t\t\t<div class=\"elementor-widget-wrap elementor-element-populated\">\n\t\t\t\t\t\t<div class=\"elementor-element elementor-element-b62524e elementor-widget elementor-widget-text-editor\" data-id=\"b62524e\" data-element_type=\"widget\" data-e-type=\"widget\" data-widget_type=\"text-editor.default\">\n\t\t\t\t<div class=\"elementor-widget-container\">\n\t\t\t\t\t\t\t\t\t<p><span style=\"font-family: Poppins; color: #9dbc55;\">Armenija in Gorski Karabah (19. 7. &#8211; 2. 8. 2019)<\/span><\/p>\n<p><span style=\"font-family: Poppins; color: #ffffff;\">Bilo je tako lepo, da \u017ee komaj \u010dakava naslednjih dogodiv\u0161\u010din.<\/span><\/p>\n<p><span style=\"font-family: Poppins; color: #ffffff;\">Did &amp; Tamara<\/span><\/p>\n<p><span style=\"font-family: Poppins; color: #ffffff;\">Draga Janja! Vsak trenutek potovanja po Armeniji je bil do potankosti premi\u0161ljen. Ob\u010dudujem tvojo umirjenost, ki vpliva na klimo skupine tako, da se po 14 dneh po\u010dutimo kot eno. Ima\u0161 ob\u010dutek za ljudi in izbiro lokacij. Zahvaljujem se tebi Janja in Arsenu, za ob\u010dutek, da zmorem. Veselim se prihodnjih potovanj s teboj. \u017delim ti veliko varnih poti in ljudi, ki sprejemajo drug drugega takega, kot je. Hvala, da SI.<\/span><\/p>\n<p><span style=\"font-family: Poppins; color: #ffffff;\">Ivana<\/span><\/p>\n<p><span style=\"font-family: Poppins; color: #9dbc55;\">Ob vzno\u017eju Dolomitov (24. &#8211; 26. 5. 2019)<\/span><\/p>\n<p><span style=\"font-family: Poppins; color: #ffffff;\">Zelo sem navdu\u0161ena. Lepa izbira geolo\u0161kih, naravnih in zgodovinskih lokacij v tako kratkem \u010dasu, ki jih sami ne bi mogli obiskati, najti. Odli\u010dno vodstvo, udobna vo\u017enja in prekrasna dru\u017eba. Nekaj nas je prvi\u010d na ekskurziji, bom \u0161la \u0161e na kak\u0161no.<\/span><\/p>\n<p><span style=\"font-family: Poppins; color: #ffffff;\">Mojca<\/span><\/p>\n<p><span style=\"font-family: Poppins; color: #ffffff;\">Splet mozaikov, tak\u0161nih iz kamen\u010dkov do mozaikov vasic in krajev. Lu\u0161tno je bilo.<\/span><\/p>\n<p><span style=\"font-family: Poppins; color: #ffffff;\">Morana &amp; Bo\u0161tjan<\/span><\/p>\n<p><span style=\"font-family: Poppins; color: #9dbc55;\">Delta Donave (29. 4. &#8211; 6. 5. 2019)<\/span><\/p>\n<p><span style=\"font-family: Poppins; color: #ffffff;\">Romunije nismo spoznali od \u03b1 do \u03a9, \u0394 pa smo do\u017eiveli z vsemi \u010dutili. Janja, hvala.<\/span><\/p>\n<p><span style=\"font-family: Poppins; color: #ffffff;\">Claudio in Nerina<\/span><\/p>\n<p><span style=\"font-family: Poppins; color: #ffffff;\">Vo\u017enja z ladjico po re\u010dnih kanalih, jezerih, opazovanja ptic, vodnega rastlinstva, \u010dudoviti razgledi proti delti Donave, sipine, &#8230; nepozabna do\u017eivetja!!<\/span><\/p>\n<p><span style=\"font-family: Poppins; color: #ffffff;\">Milenka<\/span><\/p>\n<p><span style=\"font-family: Poppins; color: #9dbc55;\">Od izvira do izliva (17. &#8211; 19. 4. 2019)<\/span><\/p>\n<p><span style=\"font-family: Poppins; color: #ffffff;\">Draga Janja! Bilo je zelo lepo!! Hvala za odli\u010dno organizacijo izleta, zlasti pa za izvrstno vsebino izleta.<\/span><\/p>\n<p><span style=\"font-family: Poppins; color: #ffffff;\">Tatjana<\/span><\/p>\n<p><span style=\"font-family: Poppins; color: #ffffff;\">Draga Janja, hvala, ker razume\u0161, da je u\u010denje lahko zabavno in zanimivo, da to ni le kopi\u010denje dejstev in podatkov in da nam \u017ee Narava ponuja vedno nove izzive, s katerimi se spopadamo in jih raziskujemo. S tabo je vedno zanimivo, zato upamo, da se bomo \u0161e pogosto dru\u017eili.<\/span><\/p>\n<p><span style=\"font-family: Poppins; color: #ffffff;\">Sta\u0161a<\/span><\/p>\n<p><span style=\"font-family: Poppins; color: #9dbc55;\">Iran (16. 2. &#8211; 2. 3. 2019)<\/span><\/p>\n<p><span style=\"font-family: Poppins; color: #ffffff;\">Veliko lepih priporo\u010dil sem sli\u0161ala \u017ee pred potovanjem. Tokrat prvi\u010d v \u017eivo z vami. Upam, da \u0161e kdaj. Hvala za res do\u017eiveto pripravljeno potovanje, ravno prav naravoslovno za\u010dinjeno. Dobra organizacija, dobra dru\u017eba &#8230; Vtisi se bodo \u0161e nekoliko nalagali. Hvala za vse.<\/span><\/p>\n<p><span style=\"font-family: Poppins; color: #ffffff;\">Nata\u0161a<\/span><\/p>\n<p><span style=\"font-family: Poppins; color: #ffffff;\">Ma kaj naj napi\u0161em &#8230; ni\u010d drugega, kot da je bilo prav super. \u017de lansko potovanje v Iran me je navdu\u0161ilo in letos me je vleklo spet &#8230; Hvala ti, da si mi omogo\u010dila, da sem \u0161la spet zraven, a vseeno malo po svoje (in po tvojih nasvetih). Upam, da ti bom lahko pripravila kaj uporabnih informacij in da se pridru\u017eim \u0161e na kak\u0161nem izletu.<\/span><\/p>\n<p><span style=\"font-family: Poppins; color: #ffffff;\">Mojca<\/span><\/p>\n<p><span style=\"font-family: Poppins; color: #ffffff;\">Vrhunsko potovanje! Nad pri\u010dakovanji &#8230;<\/span><\/p>\n<p><span style=\"font-family: Poppins; color: #ffffff;\">Martin<\/span><\/p>\n<p><span style=\"font-family: Poppins; color: #ffffff;\">Izku\u0161nja, ki je ne bova nikoli pozabili in ki spremeni tvoj pogled na svet za vedno. Hvala za odli\u010dno organizacijo, Afshin pa je spremenil to potovanje v Afshinabad.<\/span><\/p>\n<p><span style=\"font-family: Poppins; color: #ffffff;\">Tinkara &amp; Maija<\/span><\/p>\n<p><span style=\"font-family: Poppins; color: #ffffff;\">Janja, zelo dobro organizirano potovanje. Polna lepih vtisov se vra\u010dam domov. Prvi\u010d s tabo, upam, da ne zadnji\u010d.<\/span><\/p>\n<p><span style=\"font-family: Poppins; color: #ffffff;\">Janja<\/span><\/p>\n<p><span style=\"font-family: Poppins; color: #9dbc55;\">Novoletna Srbija za gurmane (29. 12. 2018 &#8211; 1. 1. 2019)<\/span><\/p>\n<p><span style=\"font-family: Poppins; color: #ffffff;\">Od mangulice, pihtije in vseh ostalih gurmanskih dobrot do kulturno-zgodovinskih posebnosti Stojkove ku\u0107e, Avale in vodenice in preko kraft piv ter vrhunskega vina pri Aleksandrovi\u0107u smo zaokro\u017eili s poezijo Desanke Maksimovi\u0107. &#8220;Srbija soul food&#8221; v ve\u010d pomenih.<\/span><\/p>\n<p><span style=\"font-family: Poppins; color: #ffffff;\">Bo\u0161tjan &amp; Morana<\/span><\/p>\n<p><span style=\"font-family: Poppins; color: #ffffff;\">Draga Janja! Res nepozabno silvestrovanje, nisem mislila, da se bom imela tako lepo.<\/span><\/p>\n<p><span style=\"font-family: Poppins; color: #ffffff;\">Marjana<\/span><\/p>\n<p><span style=\"font-family: Poppins; color: #9dbc55;\">Armenija (4. &#8211; 18. 8. 2017)<\/span><\/p>\n<p><span style=\"font-family: Poppins; color: #ffffff;\">Od sedaj naprej lahko re\u010demo: Armenija v na\u0161ih srcih! Presegli smo sami sebe, vzdr\u017eali vse napore, osvojili vrhove, premerili razdalje. Strah vzbujajo\u010da zgodovina, lepa pokrajina, prijazni ljudje in dobra hrana. Vse to pa ne bi bilo tako prepri\u010dljivo brez vodi\u010dev, organizatorjev in nas, vztrajnih popotnikov. Skratka: bilo je nepozabno! Do naslednji\u010d &#8230;<\/span><\/p>\n<p><span style=\"font-family: Poppins; color: #ffffff;\">Ekipa iz Bistrice: Marino, Ksenija in Andrej<\/span><\/p>\n<p><span style=\"font-family: Poppins; color: #9dbc55;\">Od Kablarja do Stare planine (24. &#8211; 30. 6. 2017)<\/span><\/p>\n<p><span style=\"font-family: Poppins; color: #ffffff;\">Prijetno te\u0161enje naravoslovne radovednosti in spodbudno preizku\u0161anje telesnih zmogljivosti.<\/span><\/p>\n<p><span style=\"font-family: Poppins; color: #ffffff;\">Darinka<\/span><\/p>\n<p><span style=\"font-family: Poppins; color: #ffffff;\">Kot vedno zabavno, nepredvidljivo, kulinari\u010dno, pou\u010dno, v Srbiji pa \u0161e nostalgi\u010dno.<\/span><\/p>\n<p><span style=\"font-family: Poppins; color: #ffffff;\">Mi\u0161a<\/span><\/p>\n<p><span style=\"font-family: Poppins; color: #9dbc55;\">Archaeopteryx na meji Rimskega cesarstva (2. &#8211; 4. 6. 2017)<\/span><\/p>\n<p><span style=\"font-family: Poppins; color: #ffffff;\">Prvi\u010d, a zagotovo ne zadnji\u010d. Nekaj novega na staro podlago, ravno prav prijetnega in zabavnega. Hvala. Odli\u010dno organizirano, prijetno vodenje, lu\u0161tna dru\u017eba. Pisano na mojo ko\u017eo.<\/span><\/p>\n<p><span style=\"font-family: Poppins; color: #ffffff;\">Maja<\/span><\/p>\n<p><span style=\"font-family: Poppins; color: #9dbc55;\">Dalmacija (27. 4. &#8211; 2. 5. 2017)<\/span><\/p>\n<p><span style=\"font-family: Poppins; color: #ffffff;\">Prvi\u010d sem bila z vami in bilo je \u010dudovito. Bilo je veliko lep\u0161e in bolj zanimivo, kot sem pri\u010dakovala. Se vidimo spet!<\/span><\/p>\n<p><span style=\"font-family: Poppins; color: #ffffff;\">Alenka<\/span><\/p>\n<p><span style=\"font-family: Poppins; color: #ffffff;\">Tudi tokrat sem u\u017eivala ob spoznavanju biserov narave in kulturne dedi\u0161\u010dine. Seveda tudi ob odli\u010dni predstavitvi. Hvala!!<\/span><\/p>\n<p><span style=\"font-family: Poppins; color: #ffffff;\">Milenka<\/span><\/p>\n<p><span style=\"font-family: Poppins; color: #9dbc55;\">Zelena Istra (8. &#8211; 9. april 2017)<\/span><\/p>\n<p><span style=\"font-family: Poppins; color: #ffffff;\">Draga Janja, \u0161e ve\u010dkrat nas odpelji na tako \u010dudovite koti\u010dke narave, \u010de pa je izlet &#8220;obogaten&#8221; \u0161e s tako dobro hrano, je pa sploh popolno.<\/span><\/p>\n<p><span style=\"font-family: Poppins; color: #ffffff;\">Lea<\/span><\/p>\n<p><span style=\"font-family: Poppins; color: #ffffff;\">Nama tako blizu in tako poznana Istra se je pokazala v eni popolnoma druga\u010dni lu\u010di. Super do\u017eivetje. Brez pripomb.<\/span><\/p>\n<p><span style=\"font-family: Poppins; color: #ffffff;\">Ksenija &amp; Marino<\/span><\/p>\n<p><span style=\"font-family: Poppins; color: #ffffff;\">Janja, zopet si nam pokazala biser\u010dke, ki jih sami verjetno ne bi na\u0161li. Bilo je res odli\u010dno &#8211; VSE.<\/span><\/p>\n<p><span style=\"font-family: Poppins; color: #ffffff;\">Marinka &amp; Dimo<\/span><\/p>\n<p><span style=\"font-family: Poppins; color: #ffffff;\">Idrij\u010danki sva bili prvi\u010d na ekskurziji z vami. Vsa velika pri\u010dakovanja so bila izpolnjena in \u0161e ve\u010d &#8211; prese\u017eena.<\/span><\/p>\n<p><span style=\"font-family: Poppins; color: #ffffff;\">Renata in Anka<\/span><\/p>\n<p><span style=\"font-family: Poppins; color: #9dbc55;\">Severni Ciper (2. &#8211; 11. marec 2017)<\/span><\/p>\n<p><span style=\"font-family: Poppins; color: #ffffff;\">\u010cudovit, do\u017eivet izlet po pomladnem Cipru. Videnega veliko novega, dober program in organizacija. HVALA!<\/span><\/p>\n<p><span style=\"font-family: Poppins; color: #ffffff;\">Hvala vsem organizatorjem za \u010dudovito vodenje in seveda zame nov na\u010din spoznavanja tuje de\u017eele. Bilo je super.<\/span><\/p>\n<p><span style=\"font-family: Poppins; color: #ffffff;\">Polona<\/span><\/p>\n<p><span style=\"font-family: Poppins; color: #9dbc55;\">Verona in Gardsko jezero (3. &#8211; 5. junij 2016)<\/span><\/p>\n<p><span style=\"font-family: Poppins; color: #ffffff;\">Lepo pripravljena in lepo izvedena strokovna ekskurzija. Hvala Janji in Marinki, ki sta se vse dni trudili za nas.<\/span><\/p>\n<p><span style=\"font-family: Poppins; color: #ffffff;\">Slavica in Maru\u0161ka<\/span><\/p>\n<p><span style=\"font-family: Poppins; color: #ffffff;\">Zasnova in realizacija strokovnega dela programa zelo dobra &#8211; odli\u010den izbor oglednih to\u010dk, \u0161e posebej pa razumljiva razlaga s prepri\u010dljivim pojasnjevanjem (ri\u017earna, mosti\u0161\u010darstvo). Hvala Marinki in Janji za najina pridobljena znanja in<\/span><\/p>\n<p><span style=\"font-family: Poppins; color: #ffffff;\">spoznanja o nama do zdaj manj poznanih dose\u017ekih nekdanje civilizacije.<\/span><\/p>\n<p><span style=\"font-family: Poppins; color: #ffffff;\">Milenka in Darinka<\/span><\/p>\t\t\t\t\t\t\t\t<\/div>\n\t\t\t\t<\/div>\n\t\t\t\t\t<\/div>\n\t\t<\/div>\n\t\t\t\t\t<\/div>\n\t\t<\/section>\n\t\t\t\t<\/div>\n\t\t","protected":false},"excerpt":{"rendered":"<p>Armenija in Gorski Karabah (19. 7. &#8211; 2. 8. 2019) Bilo je tako lepo, da \u017ee komaj \u010dakava naslednjih dogodiv\u0161\u010din. Did &amp; Tamara Draga Janja!Tour Details<\/p>\n","protected":false},"author":1,"featured_media":1062,"parent":0,"menu_order":0,"comment_status":"closed","ping_status":"closed","template":"","meta":{"footnotes":""},"class_list":["post-62","page","type-page","status-publish","has-post-thumbnail","hentry"],"_links":{"self":[{"href":"https:\/\/natoura.si\/sl_si\/wp-json\/wp\/v2\/pages\/62","targetHints":{"allow":["GET"]}}],"collection":[{"href":"https:\/\/natoura.si\/sl_si\/wp-json\/wp\/v2\/pages"}],"about":[{"href":"https:\/\/natoura.si\/sl_si\/wp-json\/wp\/v2\/types\/page"}],"author":[{"embeddable":true,"href":"https:\/\/natoura.si\/sl_si\/wp-json\/wp\/v2\/users\/1"}],"replies":[{"embeddable":true,"href":"https:\/\/natoura.si\/sl_si\/wp-json\/wp\/v2\/comments?post=62"}],"version-history":[{"count":10,"href":"https:\/\/natoura.si\/sl_si\/wp-json\/wp\/v2\/pages\/62\/revisions"}],"predecessor-version":[{"id":1715,"href":"https:\/\/natoura.si\/sl_si\/wp-json\/wp\/v2\/pages\/62\/revisions\/1715"}],"wp:featuredmedia":[{"embeddable":true,"href":"https:\/\/natoura.si\/sl_si\/wp-json\/wp\/v2\/media\/1062"}],"wp:attachment":[{"href":"https:\/\/natoura.si\/sl_si\/wp-json\/wp\/v2\/media?parent=62"}],"curies":[{"name":"wp","href":"https:\/\/api.w.org\/{rel}","templated":true}]}}