{"id":5912,"date":"2021-10-12T07:03:42","date_gmt":"2021-10-12T07:03:42","guid":{"rendered":"https:\/\/natoura.si\/?page_id=5912"},"modified":"2022-07-07T21:23:27","modified_gmt":"2022-07-07T21:23:27","slug":"rovtarska-idila-12-9-2020","status":"publish","type":"page","link":"https:\/\/natoura.si\/sl_si\/rovtarska-idila-12-9-2020\/","title":{"rendered":"Rovtarska idila: 12. 9. 2020"},"content":{"rendered":"\t\t<div data-elementor-type=\"wp-page\" data-elementor-id=\"5912\" class=\"elementor elementor-5912\" data-elementor-post-type=\"page\">\n\t\t\t\t\t\t<section class=\"elementor-section elementor-top-section elementor-element elementor-element-181bad0 elementor-section-boxed elementor-section-height-default elementor-section-height-default\" data-id=\"181bad0\" data-element_type=\"section\" data-e-type=\"section\">\n\t\t\t\t\t\t<div class=\"elementor-container elementor-column-gap-default\">\n\t\t\t\t\t<div class=\"elementor-column elementor-col-100 elementor-top-column elementor-element elementor-element-201cba5\" data-id=\"201cba5\" data-element_type=\"column\" data-e-type=\"column\">\n\t\t\t<div class=\"elementor-widget-wrap elementor-element-populated\">\n\t\t\t\t\t\t<div class=\"elementor-element elementor-element-82778f6 elementor-widget elementor-widget-text-editor\" data-id=\"82778f6\" data-element_type=\"widget\" data-e-type=\"widget\" data-widget_type=\"text-editor.default\">\n\t\t\t\t<div class=\"elementor-widget-container\">\n\t\t\t\t\t\t\t\t\t<p style=\"text-align: center;\"><span style=\"color: #ffffff;\">Spoznavali smo skrivnostne grape, ki so jih oblikovali \u0161tevilni potoki in reke, planote nad njimi, posejane z idili\u010dnimi vasicami, skrite zaklade narave in nadvse bogato kulturno dedi\u0161\u010dino.<\/span><\/p>\t\t\t\t\t\t\t\t<\/div>\n\t\t\t\t<\/div>\n\t\t\t\t\t<\/div>\n\t\t<\/div>\n\t\t\t\t\t<\/div>\n\t\t<\/section>\n\t\t\t\t<section class=\"elementor-section elementor-top-section elementor-element elementor-element-5ebc1aa elementor-section-boxed elementor-section-height-default elementor-section-height-default\" data-id=\"5ebc1aa\" data-element_type=\"section\" data-e-type=\"section\">\n\t\t\t\t\t\t<div class=\"elementor-container elementor-column-gap-default\">\n\t\t\t\t\t<div class=\"elementor-column elementor-col-33 elementor-top-column elementor-element elementor-element-4b65494\" data-id=\"4b65494\" data-element_type=\"column\" data-e-type=\"column\">\n\t\t\t<div class=\"elementor-widget-wrap elementor-element-populated\">\n\t\t\t\t\t\t<div class=\"elementor-element elementor-element-960921d elementor-widget elementor-widget-image\" data-id=\"960921d\" data-element_type=\"widget\" data-e-type=\"widget\" data-widget_type=\"image.default\">\n\t\t\t\t<div class=\"elementor-widget-container\">\n\t\t\t\t\t\t\t\t\t\t\t\t\t\t\t<img fetchpriority=\"high\" decoding=\"async\" width=\"1024\" height=\"683\" src=\"https:\/\/natoura.si\/wp-content\/uploads\/2021\/10\/IMG_2133-1024x683.gif\" class=\"attachment-large size-large wp-image-5914\" alt=\"\" srcset=\"https:\/\/natoura.si\/wp-content\/uploads\/2021\/10\/IMG_2133-1024x683.gif 1024w, https:\/\/natoura.si\/wp-content\/uploads\/2021\/10\/IMG_2133-300x200.gif 300w, https:\/\/natoura.si\/wp-content\/uploads\/2021\/10\/IMG_2133-768x512.gif 768w\" sizes=\"(max-width: 1024px) 100vw, 1024px\" \/>\t\t\t\t\t\t\t\t\t\t\t\t\t\t\t<\/div>\n\t\t\t\t<\/div>\n\t\t\t\t\t<\/div>\n\t\t<\/div>\n\t\t\t\t<div class=\"elementor-column elementor-col-33 elementor-top-column elementor-element elementor-element-f1b047a\" data-id=\"f1b047a\" data-element_type=\"column\" data-e-type=\"column\">\n\t\t\t<div class=\"elementor-widget-wrap elementor-element-populated\">\n\t\t\t\t\t\t<div class=\"elementor-element elementor-element-5c736a5 elementor-widget elementor-widget-image\" data-id=\"5c736a5\" data-element_type=\"widget\" data-e-type=\"widget\" data-widget_type=\"image.default\">\n\t\t\t\t<div class=\"elementor-widget-container\">\n\t\t\t\t\t\t\t\t\t\t\t\t\t\t\t<img decoding=\"async\" width=\"1024\" height=\"683\" src=\"https:\/\/natoura.si\/wp-content\/uploads\/2021\/10\/IMG_2142-1024x683.gif\" class=\"attachment-large size-large wp-image-5915\" alt=\"\" srcset=\"https:\/\/natoura.si\/wp-content\/uploads\/2021\/10\/IMG_2142-1024x683.gif 1024w, https:\/\/natoura.si\/wp-content\/uploads\/2021\/10\/IMG_2142-300x200.gif 300w, https:\/\/natoura.si\/wp-content\/uploads\/2021\/10\/IMG_2142-768x512.gif 768w\" sizes=\"(max-width: 1024px) 100vw, 1024px\" \/>\t\t\t\t\t\t\t\t\t\t\t\t\t\t\t<\/div>\n\t\t\t\t<\/div>\n\t\t\t\t\t<\/div>\n\t\t<\/div>\n\t\t\t\t<div class=\"elementor-column elementor-col-33 elementor-top-column elementor-element elementor-element-0a2a0ff\" data-id=\"0a2a0ff\" data-element_type=\"column\" data-e-type=\"column\">\n\t\t\t<div class=\"elementor-widget-wrap elementor-element-populated\">\n\t\t\t\t\t\t<div class=\"elementor-element elementor-element-77c3edb elementor-widget elementor-widget-image\" data-id=\"77c3edb\" data-element_type=\"widget\" data-e-type=\"widget\" data-widget_type=\"image.default\">\n\t\t\t\t<div class=\"elementor-widget-container\">\n\t\t\t\t\t\t\t\t\t\t\t\t\t\t\t<img decoding=\"async\" width=\"1024\" height=\"683\" src=\"https:\/\/natoura.si\/wp-content\/uploads\/2021\/10\/IMG_2152-1024x683.gif\" class=\"attachment-large size-large wp-image-5916\" alt=\"\" srcset=\"https:\/\/natoura.si\/wp-content\/uploads\/2021\/10\/IMG_2152-1024x683.gif 1024w, https:\/\/natoura.si\/wp-content\/uploads\/2021\/10\/IMG_2152-300x200.gif 300w, https:\/\/natoura.si\/wp-content\/uploads\/2021\/10\/IMG_2152-768x512.gif 768w\" sizes=\"(max-width: 1024px) 100vw, 1024px\" \/>\t\t\t\t\t\t\t\t\t\t\t\t\t\t\t<\/div>\n\t\t\t\t<\/div>\n\t\t\t\t\t<\/div>\n\t\t<\/div>\n\t\t\t\t\t<\/div>\n\t\t<\/section>\n\t\t\t\t<section class=\"elementor-section elementor-top-section elementor-element elementor-element-01c16f1 elementor-section-boxed elementor-section-height-default elementor-section-height-default\" data-id=\"01c16f1\" data-element_type=\"section\" data-e-type=\"section\">\n\t\t\t\t\t\t<div class=\"elementor-container elementor-column-gap-default\">\n\t\t\t\t\t<div class=\"elementor-column elementor-col-33 elementor-top-column elementor-element elementor-element-7a7bcf8\" data-id=\"7a7bcf8\" data-element_type=\"column\" data-e-type=\"column\">\n\t\t\t<div class=\"elementor-widget-wrap elementor-element-populated\">\n\t\t\t\t\t\t<div class=\"elementor-element elementor-element-7f8d14a elementor-widget elementor-widget-image\" data-id=\"7f8d14a\" data-element_type=\"widget\" data-e-type=\"widget\" data-widget_type=\"image.default\">\n\t\t\t\t<div class=\"elementor-widget-container\">\n\t\t\t\t\t\t\t\t\t\t\t\t\t\t\t<img loading=\"lazy\" decoding=\"async\" width=\"1024\" height=\"683\" src=\"https:\/\/natoura.si\/wp-content\/uploads\/2021\/10\/IMG_2162-1024x683.gif\" class=\"attachment-large size-large wp-image-5917\" alt=\"\" srcset=\"https:\/\/natoura.si\/wp-content\/uploads\/2021\/10\/IMG_2162-1024x683.gif 1024w, https:\/\/natoura.si\/wp-content\/uploads\/2021\/10\/IMG_2162-300x200.gif 300w, https:\/\/natoura.si\/wp-content\/uploads\/2021\/10\/IMG_2162-768x512.gif 768w\" sizes=\"(max-width: 1024px) 100vw, 1024px\" \/>\t\t\t\t\t\t\t\t\t\t\t\t\t\t\t<\/div>\n\t\t\t\t<\/div>\n\t\t\t\t\t<\/div>\n\t\t<\/div>\n\t\t\t\t<div class=\"elementor-column elementor-col-33 elementor-top-column elementor-element elementor-element-01fad43\" data-id=\"01fad43\" data-element_type=\"column\" data-e-type=\"column\">\n\t\t\t<div class=\"elementor-widget-wrap elementor-element-populated\">\n\t\t\t\t\t\t<div class=\"elementor-element elementor-element-7fd47bc elementor-widget elementor-widget-image\" data-id=\"7fd47bc\" data-element_type=\"widget\" data-e-type=\"widget\" data-widget_type=\"image.default\">\n\t\t\t\t<div class=\"elementor-widget-container\">\n\t\t\t\t\t\t\t\t\t\t\t\t\t\t\t<img loading=\"lazy\" decoding=\"async\" width=\"1024\" height=\"683\" src=\"https:\/\/natoura.si\/wp-content\/uploads\/2021\/10\/IMG_2166-1024x683.gif\" class=\"attachment-large size-large wp-image-5918\" alt=\"\" srcset=\"https:\/\/natoura.si\/wp-content\/uploads\/2021\/10\/IMG_2166-1024x683.gif 1024w, https:\/\/natoura.si\/wp-content\/uploads\/2021\/10\/IMG_2166-300x200.gif 300w, https:\/\/natoura.si\/wp-content\/uploads\/2021\/10\/IMG_2166-768x512.gif 768w\" sizes=\"(max-width: 1024px) 100vw, 1024px\" \/>\t\t\t\t\t\t\t\t\t\t\t\t\t\t\t<\/div>\n\t\t\t\t<\/div>\n\t\t\t\t\t<\/div>\n\t\t<\/div>\n\t\t\t\t<div class=\"elementor-column elementor-col-33 elementor-top-column elementor-element elementor-element-c6d4993\" data-id=\"c6d4993\" data-element_type=\"column\" data-e-type=\"column\">\n\t\t\t<div class=\"elementor-widget-wrap elementor-element-populated\">\n\t\t\t\t\t\t<div class=\"elementor-element elementor-element-35187d5 elementor-widget elementor-widget-image\" data-id=\"35187d5\" data-element_type=\"widget\" data-e-type=\"widget\" data-widget_type=\"image.default\">\n\t\t\t\t<div class=\"elementor-widget-container\">\n\t\t\t\t\t\t\t\t\t\t\t\t\t\t\t<img loading=\"lazy\" decoding=\"async\" width=\"1024\" height=\"683\" src=\"https:\/\/natoura.si\/wp-content\/uploads\/2021\/10\/IMG_2170-1024x683.gif\" class=\"attachment-large size-large wp-image-5919\" alt=\"\" srcset=\"https:\/\/natoura.si\/wp-content\/uploads\/2021\/10\/IMG_2170-1024x683.gif 1024w, https:\/\/natoura.si\/wp-content\/uploads\/2021\/10\/IMG_2170-300x200.gif 300w, https:\/\/natoura.si\/wp-content\/uploads\/2021\/10\/IMG_2170-768x512.gif 768w\" sizes=\"(max-width: 1024px) 100vw, 1024px\" \/>\t\t\t\t\t\t\t\t\t\t\t\t\t\t\t<\/div>\n\t\t\t\t<\/div>\n\t\t\t\t\t<\/div>\n\t\t<\/div>\n\t\t\t\t\t<\/div>\n\t\t<\/section>\n\t\t\t\t<section class=\"elementor-section elementor-top-section elementor-element elementor-element-1493000 elementor-section-boxed elementor-section-height-default elementor-section-height-default\" data-id=\"1493000\" data-element_type=\"section\" data-e-type=\"section\">\n\t\t\t\t\t\t<div class=\"elementor-container elementor-column-gap-default\">\n\t\t\t\t\t<div class=\"elementor-column elementor-col-33 elementor-top-column elementor-element elementor-element-d6010a7\" data-id=\"d6010a7\" data-element_type=\"column\" data-e-type=\"column\">\n\t\t\t<div class=\"elementor-widget-wrap elementor-element-populated\">\n\t\t\t\t\t\t<div class=\"elementor-element elementor-element-c2ca20d elementor-widget elementor-widget-image\" data-id=\"c2ca20d\" data-element_type=\"widget\" data-e-type=\"widget\" data-widget_type=\"image.default\">\n\t\t\t\t<div class=\"elementor-widget-container\">\n\t\t\t\t\t\t\t\t\t\t\t\t\t\t\t<img loading=\"lazy\" decoding=\"async\" width=\"1024\" height=\"683\" src=\"https:\/\/natoura.si\/wp-content\/uploads\/2021\/10\/IMG_2177-1-1024x683.gif\" class=\"attachment-large size-large wp-image-5920\" alt=\"\" srcset=\"https:\/\/natoura.si\/wp-content\/uploads\/2021\/10\/IMG_2177-1-1024x683.gif 1024w, https:\/\/natoura.si\/wp-content\/uploads\/2021\/10\/IMG_2177-1-300x200.gif 300w, https:\/\/natoura.si\/wp-content\/uploads\/2021\/10\/IMG_2177-1-768x512.gif 768w\" sizes=\"(max-width: 1024px) 100vw, 1024px\" \/>\t\t\t\t\t\t\t\t\t\t\t\t\t\t\t<\/div>\n\t\t\t\t<\/div>\n\t\t\t\t\t<\/div>\n\t\t<\/div>\n\t\t\t\t<div class=\"elementor-column elementor-col-33 elementor-top-column elementor-element elementor-element-bfc1aa3\" data-id=\"bfc1aa3\" data-element_type=\"column\" data-e-type=\"column\">\n\t\t\t<div class=\"elementor-widget-wrap elementor-element-populated\">\n\t\t\t\t\t\t<div class=\"elementor-element elementor-element-fd7ee7e elementor-widget elementor-widget-image\" data-id=\"fd7ee7e\" data-element_type=\"widget\" data-e-type=\"widget\" data-widget_type=\"image.default\">\n\t\t\t\t<div class=\"elementor-widget-container\">\n\t\t\t\t\t\t\t\t\t\t\t\t\t\t\t<img loading=\"lazy\" decoding=\"async\" width=\"1024\" height=\"683\" src=\"https:\/\/natoura.si\/wp-content\/uploads\/2021\/10\/IMG_2183-1024x683.gif\" class=\"attachment-large size-large wp-image-5921\" alt=\"\" srcset=\"https:\/\/natoura.si\/wp-content\/uploads\/2021\/10\/IMG_2183-1024x683.gif 1024w, https:\/\/natoura.si\/wp-content\/uploads\/2021\/10\/IMG_2183-300x200.gif 300w, https:\/\/natoura.si\/wp-content\/uploads\/2021\/10\/IMG_2183-768x512.gif 768w\" sizes=\"(max-width: 1024px) 100vw, 1024px\" \/>\t\t\t\t\t\t\t\t\t\t\t\t\t\t\t<\/div>\n\t\t\t\t<\/div>\n\t\t\t\t\t<\/div>\n\t\t<\/div>\n\t\t\t\t<div class=\"elementor-column elementor-col-33 elementor-top-column elementor-element elementor-element-32ef9e3\" data-id=\"32ef9e3\" data-element_type=\"column\" data-e-type=\"column\">\n\t\t\t<div class=\"elementor-widget-wrap elementor-element-populated\">\n\t\t\t\t\t\t<div class=\"elementor-element elementor-element-11726f3 elementor-widget elementor-widget-image\" data-id=\"11726f3\" data-element_type=\"widget\" data-e-type=\"widget\" data-widget_type=\"image.default\">\n\t\t\t\t<div class=\"elementor-widget-container\">\n\t\t\t\t\t\t\t\t\t\t\t\t\t\t\t<img loading=\"lazy\" decoding=\"async\" width=\"1024\" height=\"683\" src=\"https:\/\/natoura.si\/wp-content\/uploads\/2021\/10\/IMG_2189-1024x683.gif\" class=\"attachment-large size-large wp-image-5922\" alt=\"\" srcset=\"https:\/\/natoura.si\/wp-content\/uploads\/2021\/10\/IMG_2189-1024x683.gif 1024w, https:\/\/natoura.si\/wp-content\/uploads\/2021\/10\/IMG_2189-300x200.gif 300w, https:\/\/natoura.si\/wp-content\/uploads\/2021\/10\/IMG_2189-768x512.gif 768w\" sizes=\"(max-width: 1024px) 100vw, 1024px\" \/>\t\t\t\t\t\t\t\t\t\t\t\t\t\t\t<\/div>\n\t\t\t\t<\/div>\n\t\t\t\t\t<\/div>\n\t\t<\/div>\n\t\t\t\t\t<\/div>\n\t\t<\/section>\n\t\t\t\t<section class=\"elementor-section elementor-top-section elementor-element elementor-element-65bbc58 elementor-section-boxed elementor-section-height-default elementor-section-height-default\" data-id=\"65bbc58\" data-element_type=\"section\" data-e-type=\"section\">\n\t\t\t\t\t\t<div class=\"elementor-container elementor-column-gap-default\">\n\t\t\t\t\t<div class=\"elementor-column elementor-col-100 elementor-top-column elementor-element elementor-element-74fa271\" data-id=\"74fa271\" data-element_type=\"column\" data-e-type=\"column\">\n\t\t\t<div class=\"elementor-widget-wrap elementor-element-populated\">\n\t\t\t\t\t\t<div class=\"elementor-element elementor-element-7229e26 elementor-widget elementor-widget-text-editor\" data-id=\"7229e26\" data-element_type=\"widget\" data-e-type=\"widget\" data-widget_type=\"text-editor.default\">\n\t\t\t\t<div class=\"elementor-widget-container\">\n\t\t\t\t\t\t\t\t\t<p><span style=\"color: #ffffff;\">Foto: \u00a9 Janja Benedik, september 2020.<\/span><\/p>\t\t\t\t\t\t\t\t<\/div>\n\t\t\t\t<\/div>\n\t\t\t\t\t<\/div>\n\t\t<\/div>\n\t\t\t\t\t<\/div>\n\t\t<\/section>\n\t\t\t\t<\/div>\n\t\t","protected":false},"excerpt":{"rendered":"<p>Spoznavali smo skrivnostne grape, ki so jih oblikovali \u0161tevilni potoki in reke, planote nad njimi, posejane z idili\u010dnimi vasicami, skrite zaklade narave in nadvse bogatoTour Details<\/p>\n","protected":false},"author":1,"featured_media":2919,"parent":0,"menu_order":0,"comment_status":"closed","ping_status":"closed","template":"","meta":{"footnotes":""},"class_list":["post-5912","page","type-page","status-publish","has-post-thumbnail","hentry"],"_links":{"self":[{"href":"https:\/\/natoura.si\/sl_si\/wp-json\/wp\/v2\/pages\/5912","targetHints":{"allow":["GET"]}}],"collection":[{"href":"https:\/\/natoura.si\/sl_si\/wp-json\/wp\/v2\/pages"}],"about":[{"href":"https:\/\/natoura.si\/sl_si\/wp-json\/wp\/v2\/types\/page"}],"author":[{"embeddable":true,"href":"https:\/\/natoura.si\/sl_si\/wp-json\/wp\/v2\/users\/1"}],"replies":[{"embeddable":true,"href":"https:\/\/natoura.si\/sl_si\/wp-json\/wp\/v2\/comments?post=5912"}],"version-history":[{"count":7,"href":"https:\/\/natoura.si\/sl_si\/wp-json\/wp\/v2\/pages\/5912\/revisions"}],"predecessor-version":[{"id":8430,"href":"https:\/\/natoura.si\/sl_si\/wp-json\/wp\/v2\/pages\/5912\/revisions\/8430"}],"wp:featuredmedia":[{"embeddable":true,"href":"https:\/\/natoura.si\/sl_si\/wp-json\/wp\/v2\/media\/2919"}],"wp:attachment":[{"href":"https:\/\/natoura.si\/sl_si\/wp-json\/wp\/v2\/media?parent=5912"}],"curies":[{"name":"wp","href":"https:\/\/api.w.org\/{rel}","templated":true}]}}