{"id":5876,"date":"2021-10-11T21:49:12","date_gmt":"2021-10-11T21:49:12","guid":{"rendered":"https:\/\/natoura.si\/?page_id=5876"},"modified":"2022-07-07T21:20:29","modified_gmt":"2022-07-07T21:20:29","slug":"koroska-vodna-pot-29-8-2020","status":"publish","type":"page","link":"https:\/\/natoura.si\/sl_si\/koroska-vodna-pot-29-8-2020\/","title":{"rendered":"Koro\u0161ka vodna pot: 29. 8. 2020"},"content":{"rendered":"\t\t<div data-elementor-type=\"wp-page\" data-elementor-id=\"5876\" class=\"elementor elementor-5876\" data-elementor-post-type=\"page\">\n\t\t\t\t\t\t<section class=\"elementor-section elementor-top-section elementor-element elementor-element-866ac8e elementor-section-boxed elementor-section-height-default elementor-section-height-default\" data-id=\"866ac8e\" data-element_type=\"section\" data-e-type=\"section\">\n\t\t\t\t\t\t<div class=\"elementor-container elementor-column-gap-default\">\n\t\t\t\t\t<div class=\"elementor-column elementor-col-100 elementor-top-column elementor-element elementor-element-77fc470\" data-id=\"77fc470\" data-element_type=\"column\" data-e-type=\"column\">\n\t\t\t<div class=\"elementor-widget-wrap elementor-element-populated\">\n\t\t\t\t\t\t<div class=\"elementor-element elementor-element-4d5bf55 elementor-widget elementor-widget-text-editor\" data-id=\"4d5bf55\" data-element_type=\"widget\" data-e-type=\"widget\" data-widget_type=\"text-editor.default\">\n\t\t\t\t<div class=\"elementor-widget-container\">\n\t\t\t\t\t\t\t\t\t<p style=\"text-align: center;\"><span style=\"color: #ffffff;\">Dolina Ro\u017e na Avstrijskem Koro\u0161kem se razteza pod severnim vzno\u017ejem Ko\u0161ute. Bogasto vode se odra\u017ea v \u0161tevilnih izvirih in potokih, ki prihajajo s pobo\u010dij Karavank in te\u010dejo proti dolinam, kjer so v preteklosti delovali mlini in \u017eage, danes pa le malo\u0161tevilni spominjajo na preteklost v teh odro\u010dnih krajih. Poti ob potokih in osamljenih gorskih kmetijah so danes ve\u010dinoma namenjene radovednim pohodnikom, ki u\u017eivajo v neokrnjeni naravi, \u017euborenju vode in pestri paleti kamnin. Raziskovali smo koro\u0161ke vode \u2013 od hite\u010dih potokov, \u010dudovitega slapa in prav posebnih vodnih izvirov.<\/span><\/p>\t\t\t\t\t\t\t\t<\/div>\n\t\t\t\t<\/div>\n\t\t\t\t\t<\/div>\n\t\t<\/div>\n\t\t\t\t\t<\/div>\n\t\t<\/section>\n\t\t\t\t<section class=\"elementor-section elementor-top-section elementor-element elementor-element-3b0dc5e elementor-section-boxed elementor-section-height-default elementor-section-height-default\" data-id=\"3b0dc5e\" data-element_type=\"section\" data-e-type=\"section\">\n\t\t\t\t\t\t<div class=\"elementor-container elementor-column-gap-default\">\n\t\t\t\t\t<div class=\"elementor-column elementor-col-33 elementor-top-column elementor-element elementor-element-4942211\" data-id=\"4942211\" data-element_type=\"column\" data-e-type=\"column\">\n\t\t\t<div class=\"elementor-widget-wrap elementor-element-populated\">\n\t\t\t\t\t\t<div class=\"elementor-element elementor-element-1d105ad elementor-widget elementor-widget-image\" data-id=\"1d105ad\" data-element_type=\"widget\" data-e-type=\"widget\" data-widget_type=\"image.default\">\n\t\t\t\t<div class=\"elementor-widget-container\">\n\t\t\t\t\t\t\t\t\t\t\t\t\t\t\t<img fetchpriority=\"high\" decoding=\"async\" width=\"1024\" height=\"683\" src=\"https:\/\/natoura.si\/wp-content\/uploads\/2021\/10\/IMG_0642-1024x683.gif\" class=\"attachment-large size-large wp-image-5878\" alt=\"\" srcset=\"https:\/\/natoura.si\/wp-content\/uploads\/2021\/10\/IMG_0642-1024x683.gif 1024w, https:\/\/natoura.si\/wp-content\/uploads\/2021\/10\/IMG_0642-300x200.gif 300w, https:\/\/natoura.si\/wp-content\/uploads\/2021\/10\/IMG_0642-768x513.gif 768w\" sizes=\"(max-width: 1024px) 100vw, 1024px\" \/>\t\t\t\t\t\t\t\t\t\t\t\t\t\t\t<\/div>\n\t\t\t\t<\/div>\n\t\t\t\t\t<\/div>\n\t\t<\/div>\n\t\t\t\t<div class=\"elementor-column elementor-col-33 elementor-top-column elementor-element elementor-element-a74749b\" data-id=\"a74749b\" data-element_type=\"column\" data-e-type=\"column\">\n\t\t\t<div class=\"elementor-widget-wrap elementor-element-populated\">\n\t\t\t\t\t\t<div class=\"elementor-element elementor-element-a055557 elementor-widget elementor-widget-image\" data-id=\"a055557\" data-element_type=\"widget\" data-e-type=\"widget\" data-widget_type=\"image.default\">\n\t\t\t\t<div class=\"elementor-widget-container\">\n\t\t\t\t\t\t\t\t\t\t\t\t\t\t\t<img decoding=\"async\" width=\"1024\" height=\"683\" src=\"https:\/\/natoura.si\/wp-content\/uploads\/2021\/10\/IMG_0650-1024x683.gif\" class=\"attachment-large size-large wp-image-5882\" alt=\"\" srcset=\"https:\/\/natoura.si\/wp-content\/uploads\/2021\/10\/IMG_0650-1024x683.gif 1024w, https:\/\/natoura.si\/wp-content\/uploads\/2021\/10\/IMG_0650-300x200.gif 300w, https:\/\/natoura.si\/wp-content\/uploads\/2021\/10\/IMG_0650-768x513.gif 768w\" sizes=\"(max-width: 1024px) 100vw, 1024px\" \/>\t\t\t\t\t\t\t\t\t\t\t\t\t\t\t<\/div>\n\t\t\t\t<\/div>\n\t\t\t\t\t<\/div>\n\t\t<\/div>\n\t\t\t\t<div class=\"elementor-column elementor-col-33 elementor-top-column elementor-element elementor-element-d4b0ddd\" data-id=\"d4b0ddd\" data-element_type=\"column\" data-e-type=\"column\">\n\t\t\t<div class=\"elementor-widget-wrap elementor-element-populated\">\n\t\t\t\t\t\t<div class=\"elementor-element elementor-element-09d4bb8 elementor-widget elementor-widget-image\" data-id=\"09d4bb8\" data-element_type=\"widget\" data-e-type=\"widget\" data-widget_type=\"image.default\">\n\t\t\t\t<div class=\"elementor-widget-container\">\n\t\t\t\t\t\t\t\t\t\t\t\t\t\t\t<img decoding=\"async\" width=\"1024\" height=\"683\" src=\"https:\/\/natoura.si\/wp-content\/uploads\/2021\/10\/IMG_0656-1024x683.gif\" class=\"attachment-large size-large wp-image-5883\" alt=\"\" srcset=\"https:\/\/natoura.si\/wp-content\/uploads\/2021\/10\/IMG_0656-1024x683.gif 1024w, https:\/\/natoura.si\/wp-content\/uploads\/2021\/10\/IMG_0656-300x200.gif 300w, https:\/\/natoura.si\/wp-content\/uploads\/2021\/10\/IMG_0656-768x513.gif 768w\" sizes=\"(max-width: 1024px) 100vw, 1024px\" \/>\t\t\t\t\t\t\t\t\t\t\t\t\t\t\t<\/div>\n\t\t\t\t<\/div>\n\t\t\t\t\t<\/div>\n\t\t<\/div>\n\t\t\t\t\t<\/div>\n\t\t<\/section>\n\t\t\t\t<section class=\"elementor-section elementor-top-section elementor-element elementor-element-61679b1 elementor-section-boxed elementor-section-height-default elementor-section-height-default\" data-id=\"61679b1\" data-element_type=\"section\" data-e-type=\"section\">\n\t\t\t\t\t\t<div class=\"elementor-container elementor-column-gap-default\">\n\t\t\t\t\t<div class=\"elementor-column elementor-col-33 elementor-top-column elementor-element elementor-element-35eaca2\" data-id=\"35eaca2\" data-element_type=\"column\" data-e-type=\"column\">\n\t\t\t<div class=\"elementor-widget-wrap elementor-element-populated\">\n\t\t\t\t\t\t<div class=\"elementor-element elementor-element-b1ec256 elementor-widget elementor-widget-image\" data-id=\"b1ec256\" data-element_type=\"widget\" data-e-type=\"widget\" data-widget_type=\"image.default\">\n\t\t\t\t<div class=\"elementor-widget-container\">\n\t\t\t\t\t\t\t\t\t\t\t\t\t\t\t<img loading=\"lazy\" decoding=\"async\" width=\"1024\" height=\"683\" src=\"https:\/\/natoura.si\/wp-content\/uploads\/2021\/10\/IMG_0670-1024x683.gif\" class=\"attachment-large size-large wp-image-5884\" alt=\"\" srcset=\"https:\/\/natoura.si\/wp-content\/uploads\/2021\/10\/IMG_0670-1024x683.gif 1024w, https:\/\/natoura.si\/wp-content\/uploads\/2021\/10\/IMG_0670-300x200.gif 300w, https:\/\/natoura.si\/wp-content\/uploads\/2021\/10\/IMG_0670-768x513.gif 768w\" sizes=\"(max-width: 1024px) 100vw, 1024px\" \/>\t\t\t\t\t\t\t\t\t\t\t\t\t\t\t<\/div>\n\t\t\t\t<\/div>\n\t\t\t\t<div class=\"elementor-element elementor-element-4856ede elementor-widget elementor-widget-image\" data-id=\"4856ede\" data-element_type=\"widget\" data-e-type=\"widget\" data-widget_type=\"image.default\">\n\t\t\t\t<div class=\"elementor-widget-container\">\n\t\t\t\t\t\t\t\t\t\t\t\t\t\t\t<img loading=\"lazy\" decoding=\"async\" width=\"1024\" height=\"683\" src=\"https:\/\/natoura.si\/wp-content\/uploads\/2021\/10\/IMG_0672-1024x683.gif\" class=\"attachment-large size-large wp-image-5885\" alt=\"\" srcset=\"https:\/\/natoura.si\/wp-content\/uploads\/2021\/10\/IMG_0672-1024x683.gif 1024w, https:\/\/natoura.si\/wp-content\/uploads\/2021\/10\/IMG_0672-300x200.gif 300w, https:\/\/natoura.si\/wp-content\/uploads\/2021\/10\/IMG_0672-768x513.gif 768w\" sizes=\"(max-width: 1024px) 100vw, 1024px\" \/>\t\t\t\t\t\t\t\t\t\t\t\t\t\t\t<\/div>\n\t\t\t\t<\/div>\n\t\t\t\t\t<\/div>\n\t\t<\/div>\n\t\t\t\t<div class=\"elementor-column elementor-col-33 elementor-top-column elementor-element elementor-element-65b4221\" data-id=\"65b4221\" data-element_type=\"column\" data-e-type=\"column\">\n\t\t\t<div class=\"elementor-widget-wrap elementor-element-populated\">\n\t\t\t\t\t\t<div class=\"elementor-element elementor-element-3e0de09 elementor-widget elementor-widget-image\" data-id=\"3e0de09\" data-element_type=\"widget\" data-e-type=\"widget\" data-widget_type=\"image.default\">\n\t\t\t\t<div class=\"elementor-widget-container\">\n\t\t\t\t\t\t\t\t\t\t\t\t\t\t\t<img loading=\"lazy\" decoding=\"async\" width=\"592\" height=\"889\" src=\"https:\/\/natoura.si\/wp-content\/uploads\/2021\/10\/IMG_0705.gif\" class=\"attachment-large size-large wp-image-5886\" alt=\"\" \/>\t\t\t\t\t\t\t\t\t\t\t\t\t\t\t<\/div>\n\t\t\t\t<\/div>\n\t\t\t\t\t<\/div>\n\t\t<\/div>\n\t\t\t\t<div class=\"elementor-column elementor-col-33 elementor-top-column elementor-element elementor-element-223ef1c\" data-id=\"223ef1c\" data-element_type=\"column\" data-e-type=\"column\">\n\t\t\t<div class=\"elementor-widget-wrap elementor-element-populated\">\n\t\t\t\t\t\t<div class=\"elementor-element elementor-element-032fe22 elementor-widget elementor-widget-image\" data-id=\"032fe22\" data-element_type=\"widget\" data-e-type=\"widget\" data-widget_type=\"image.default\">\n\t\t\t\t<div class=\"elementor-widget-container\">\n\t\t\t\t\t\t\t\t\t\t\t\t\t\t\t<img loading=\"lazy\" decoding=\"async\" width=\"592\" height=\"889\" src=\"https:\/\/natoura.si\/wp-content\/uploads\/2021\/10\/IMG_0750.gif\" class=\"attachment-large size-large wp-image-5890\" alt=\"\" \/>\t\t\t\t\t\t\t\t\t\t\t\t\t\t\t<\/div>\n\t\t\t\t<\/div>\n\t\t\t\t\t<\/div>\n\t\t<\/div>\n\t\t\t\t\t<\/div>\n\t\t<\/section>\n\t\t\t\t<section class=\"elementor-section elementor-top-section elementor-element elementor-element-529718a elementor-section-boxed elementor-section-height-default elementor-section-height-default\" data-id=\"529718a\" data-element_type=\"section\" data-e-type=\"section\">\n\t\t\t\t\t\t<div class=\"elementor-container elementor-column-gap-default\">\n\t\t\t\t\t<div class=\"elementor-column elementor-col-50 elementor-top-column elementor-element elementor-element-a3e0326\" data-id=\"a3e0326\" data-element_type=\"column\" data-e-type=\"column\">\n\t\t\t<div class=\"elementor-widget-wrap elementor-element-populated\">\n\t\t\t\t\t\t<div class=\"elementor-element elementor-element-fdc9b60 elementor-widget elementor-widget-image\" data-id=\"fdc9b60\" data-element_type=\"widget\" data-e-type=\"widget\" data-widget_type=\"image.default\">\n\t\t\t\t<div class=\"elementor-widget-container\">\n\t\t\t\t\t\t\t\t\t\t\t\t\t\t\t<img loading=\"lazy\" decoding=\"async\" width=\"1024\" height=\"683\" src=\"https:\/\/natoura.si\/wp-content\/uploads\/2021\/10\/IMG_0719-1024x683.gif\" class=\"attachment-large size-large wp-image-5888\" alt=\"\" srcset=\"https:\/\/natoura.si\/wp-content\/uploads\/2021\/10\/IMG_0719-1024x683.gif 1024w, https:\/\/natoura.si\/wp-content\/uploads\/2021\/10\/IMG_0719-300x200.gif 300w, https:\/\/natoura.si\/wp-content\/uploads\/2021\/10\/IMG_0719-768x513.gif 768w\" sizes=\"(max-width: 1024px) 100vw, 1024px\" \/>\t\t\t\t\t\t\t\t\t\t\t\t\t\t\t<\/div>\n\t\t\t\t<\/div>\n\t\t\t\t\t<\/div>\n\t\t<\/div>\n\t\t\t\t<div class=\"elementor-column elementor-col-50 elementor-top-column elementor-element elementor-element-9ec2c15\" data-id=\"9ec2c15\" data-element_type=\"column\" data-e-type=\"column\">\n\t\t\t<div class=\"elementor-widget-wrap elementor-element-populated\">\n\t\t\t\t\t\t<div class=\"elementor-element elementor-element-bec56a8 elementor-widget elementor-widget-image\" data-id=\"bec56a8\" data-element_type=\"widget\" data-e-type=\"widget\" data-widget_type=\"image.default\">\n\t\t\t\t<div class=\"elementor-widget-container\">\n\t\t\t\t\t\t\t\t\t\t\t\t\t\t\t<img loading=\"lazy\" decoding=\"async\" width=\"1024\" height=\"683\" src=\"https:\/\/natoura.si\/wp-content\/uploads\/2021\/10\/IMG_0740-1024x683.gif\" class=\"attachment-large size-large wp-image-5891\" alt=\"\" srcset=\"https:\/\/natoura.si\/wp-content\/uploads\/2021\/10\/IMG_0740-1024x683.gif 1024w, https:\/\/natoura.si\/wp-content\/uploads\/2021\/10\/IMG_0740-300x200.gif 300w, https:\/\/natoura.si\/wp-content\/uploads\/2021\/10\/IMG_0740-768x513.gif 768w\" sizes=\"(max-width: 1024px) 100vw, 1024px\" \/>\t\t\t\t\t\t\t\t\t\t\t\t\t\t\t<\/div>\n\t\t\t\t<\/div>\n\t\t\t\t\t<\/div>\n\t\t<\/div>\n\t\t\t\t\t<\/div>\n\t\t<\/section>\n\t\t\t\t<section class=\"elementor-section elementor-top-section elementor-element elementor-element-0c4f7e6 elementor-section-boxed elementor-section-height-default elementor-section-height-default\" data-id=\"0c4f7e6\" data-element_type=\"section\" data-e-type=\"section\">\n\t\t\t\t\t\t<div class=\"elementor-container elementor-column-gap-default\">\n\t\t\t\t\t<div class=\"elementor-column elementor-col-100 elementor-top-column elementor-element elementor-element-b6bdeff\" data-id=\"b6bdeff\" data-element_type=\"column\" data-e-type=\"column\">\n\t\t\t<div class=\"elementor-widget-wrap elementor-element-populated\">\n\t\t\t\t\t\t<div class=\"elementor-element elementor-element-49fbb47 elementor-widget elementor-widget-text-editor\" data-id=\"49fbb47\" data-element_type=\"widget\" data-e-type=\"widget\" data-widget_type=\"text-editor.default\">\n\t\t\t\t<div class=\"elementor-widget-container\">\n\t\t\t\t\t\t\t\t\t<p><span style=\"color: #ffffff;\">Foto: \u00a9 Janja Benedik, avgust 2020.<\/span><\/p>\t\t\t\t\t\t\t\t<\/div>\n\t\t\t\t<\/div>\n\t\t\t\t\t<\/div>\n\t\t<\/div>\n\t\t\t\t\t<\/div>\n\t\t<\/section>\n\t\t\t\t<\/div>\n\t\t","protected":false},"excerpt":{"rendered":"<p>Dolina Ro\u017e na Avstrijskem Koro\u0161kem se razteza pod severnim vzno\u017ejem Ko\u0161ute. Bogasto vode se odra\u017ea v \u0161tevilnih izvirih in potokih, ki prihajajo s pobo\u010dij KaravankTour Details<\/p>\n","protected":false},"author":1,"featured_media":2640,"parent":0,"menu_order":0,"comment_status":"closed","ping_status":"closed","template":"","meta":{"footnotes":""},"class_list":["post-5876","page","type-page","status-publish","has-post-thumbnail","hentry"],"_links":{"self":[{"href":"https:\/\/natoura.si\/sl_si\/wp-json\/wp\/v2\/pages\/5876","targetHints":{"allow":["GET"]}}],"collection":[{"href":"https:\/\/natoura.si\/sl_si\/wp-json\/wp\/v2\/pages"}],"about":[{"href":"https:\/\/natoura.si\/sl_si\/wp-json\/wp\/v2\/types\/page"}],"author":[{"embeddable":true,"href":"https:\/\/natoura.si\/sl_si\/wp-json\/wp\/v2\/users\/1"}],"replies":[{"embeddable":true,"href":"https:\/\/natoura.si\/sl_si\/wp-json\/wp\/v2\/comments?post=5876"}],"version-history":[{"count":10,"href":"https:\/\/natoura.si\/sl_si\/wp-json\/wp\/v2\/pages\/5876\/revisions"}],"predecessor-version":[{"id":8424,"href":"https:\/\/natoura.si\/sl_si\/wp-json\/wp\/v2\/pages\/5876\/revisions\/8424"}],"wp:featuredmedia":[{"embeddable":true,"href":"https:\/\/natoura.si\/sl_si\/wp-json\/wp\/v2\/media\/2640"}],"wp:attachment":[{"href":"https:\/\/natoura.si\/sl_si\/wp-json\/wp\/v2\/media?parent=5876"}],"curies":[{"name":"wp","href":"https:\/\/api.w.org\/{rel}","templated":true}]}}