{"id":5855,"date":"2021-10-11T21:33:04","date_gmt":"2021-10-11T21:33:04","guid":{"rendered":"https:\/\/natoura.si\/?page_id=5855"},"modified":"2022-07-07T21:18:30","modified_gmt":"2022-07-07T21:18:30","slug":"zgodbe-slapov-in-gradov-2","status":"publish","type":"page","link":"https:\/\/natoura.si\/sl_si\/zgodbe-slapov-in-gradov-2\/","title":{"rendered":"Zgodbe slapov in gradov"},"content":{"rendered":"\t\t<div data-elementor-type=\"wp-page\" data-elementor-id=\"5855\" class=\"elementor elementor-5855\" data-elementor-post-type=\"page\">\n\t\t\t\t\t\t<section class=\"elementor-section elementor-top-section elementor-element elementor-element-43b9edd elementor-section-boxed elementor-section-height-default elementor-section-height-default\" data-id=\"43b9edd\" data-element_type=\"section\" data-e-type=\"section\">\n\t\t\t\t\t\t<div class=\"elementor-container elementor-column-gap-default\">\n\t\t\t\t\t<div class=\"elementor-column elementor-col-100 elementor-top-column elementor-element elementor-element-35b42b8\" data-id=\"35b42b8\" data-element_type=\"column\" data-e-type=\"column\">\n\t\t\t<div class=\"elementor-widget-wrap elementor-element-populated\">\n\t\t\t\t\t\t<div class=\"elementor-element elementor-element-963e470 elementor-widget elementor-widget-text-editor\" data-id=\"963e470\" data-element_type=\"widget\" data-e-type=\"widget\" data-widget_type=\"text-editor.default\">\n\t\t\t\t<div class=\"elementor-widget-container\">\n\t\t\t\t\t\t\t\t\t<p style=\"text-align: center;\"><span style=\"color: #ffffff;\">V hribovitem svetu Slovenije se skrivajo \u0161tevilne zgodbe \u2013 nekatere \u0161e neodkrite ali skoraj pozabljene, druge se pi\u0161ejo na novo. Potovali smo od Litije do Jurklo\u0161tra, odkrivali slapove rek Sopote in Gra\u010dnice, sledili zgodbam Svibenskih vitezov ter slovenskima Romeu in Juliji: Frideriku II. Celjskemu in Veroniki Deseni\u0161ki. Spoznali smo zgodbo o bogati geolo\u0161ki in biolo\u0161ki dedi\u0161\u010dini, doma\u010dini pa so poskrbeli za pristno kulinari\u010dno do\u017eivetje.<\/span><\/p>\t\t\t\t\t\t\t\t<\/div>\n\t\t\t\t<\/div>\n\t\t\t\t\t<\/div>\n\t\t<\/div>\n\t\t\t\t\t<\/div>\n\t\t<\/section>\n\t\t\t\t<section class=\"elementor-section elementor-top-section elementor-element elementor-element-b8d34dd elementor-section-boxed elementor-section-height-default elementor-section-height-default\" data-id=\"b8d34dd\" data-element_type=\"section\" data-e-type=\"section\">\n\t\t\t\t\t\t<div class=\"elementor-container elementor-column-gap-default\">\n\t\t\t\t\t<div class=\"elementor-column elementor-col-33 elementor-top-column elementor-element elementor-element-8a67750\" data-id=\"8a67750\" data-element_type=\"column\" data-e-type=\"column\">\n\t\t\t<div class=\"elementor-widget-wrap elementor-element-populated\">\n\t\t\t\t\t\t<div class=\"elementor-element elementor-element-2d3c704 elementor-widget elementor-widget-image\" data-id=\"2d3c704\" data-element_type=\"widget\" data-e-type=\"widget\" data-widget_type=\"image.default\">\n\t\t\t\t<div class=\"elementor-widget-container\">\n\t\t\t\t\t\t\t\t\t\t\t\t\t\t\t<img fetchpriority=\"high\" decoding=\"async\" width=\"1024\" height=\"683\" src=\"https:\/\/natoura.si\/wp-content\/uploads\/2021\/10\/IMG_0536-1-1024x683.gif\" class=\"attachment-large size-large wp-image-5858\" alt=\"\" srcset=\"https:\/\/natoura.si\/wp-content\/uploads\/2021\/10\/IMG_0536-1-1024x683.gif 1024w, https:\/\/natoura.si\/wp-content\/uploads\/2021\/10\/IMG_0536-1-300x200.gif 300w, https:\/\/natoura.si\/wp-content\/uploads\/2021\/10\/IMG_0536-1-768x512.gif 768w\" sizes=\"(max-width: 1024px) 100vw, 1024px\" \/>\t\t\t\t\t\t\t\t\t\t\t\t\t\t\t<\/div>\n\t\t\t\t<\/div>\n\t\t\t\t\t<\/div>\n\t\t<\/div>\n\t\t\t\t<div class=\"elementor-column elementor-col-33 elementor-top-column elementor-element elementor-element-adaa5af\" data-id=\"adaa5af\" data-element_type=\"column\" data-e-type=\"column\">\n\t\t\t<div class=\"elementor-widget-wrap elementor-element-populated\">\n\t\t\t\t\t\t<div class=\"elementor-element elementor-element-30de554 elementor-widget elementor-widget-image\" data-id=\"30de554\" data-element_type=\"widget\" data-e-type=\"widget\" data-widget_type=\"image.default\">\n\t\t\t\t<div class=\"elementor-widget-container\">\n\t\t\t\t\t\t\t\t\t\t\t\t\t\t\t<img decoding=\"async\" width=\"1024\" height=\"683\" src=\"https:\/\/natoura.si\/wp-content\/uploads\/2021\/10\/IMG_0571-1024x683.gif\" class=\"attachment-large size-large wp-image-5859\" alt=\"\" srcset=\"https:\/\/natoura.si\/wp-content\/uploads\/2021\/10\/IMG_0571-1024x683.gif 1024w, https:\/\/natoura.si\/wp-content\/uploads\/2021\/10\/IMG_0571-300x200.gif 300w, https:\/\/natoura.si\/wp-content\/uploads\/2021\/10\/IMG_0571-768x512.gif 768w\" sizes=\"(max-width: 1024px) 100vw, 1024px\" \/>\t\t\t\t\t\t\t\t\t\t\t\t\t\t\t<\/div>\n\t\t\t\t<\/div>\n\t\t\t\t\t<\/div>\n\t\t<\/div>\n\t\t\t\t<div class=\"elementor-column elementor-col-33 elementor-top-column elementor-element elementor-element-9b8d24b\" data-id=\"9b8d24b\" data-element_type=\"column\" data-e-type=\"column\">\n\t\t\t<div class=\"elementor-widget-wrap elementor-element-populated\">\n\t\t\t\t\t\t<div class=\"elementor-element elementor-element-b4a029a elementor-widget elementor-widget-image\" data-id=\"b4a029a\" data-element_type=\"widget\" data-e-type=\"widget\" data-widget_type=\"image.default\">\n\t\t\t\t<div class=\"elementor-widget-container\">\n\t\t\t\t\t\t\t\t\t\t\t\t\t\t\t<img decoding=\"async\" width=\"1024\" height=\"683\" src=\"https:\/\/natoura.si\/wp-content\/uploads\/2021\/10\/IMG_0575-1024x683.gif\" class=\"attachment-large size-large wp-image-5860\" alt=\"\" srcset=\"https:\/\/natoura.si\/wp-content\/uploads\/2021\/10\/IMG_0575-1024x683.gif 1024w, https:\/\/natoura.si\/wp-content\/uploads\/2021\/10\/IMG_0575-300x200.gif 300w, https:\/\/natoura.si\/wp-content\/uploads\/2021\/10\/IMG_0575-768x512.gif 768w\" sizes=\"(max-width: 1024px) 100vw, 1024px\" \/>\t\t\t\t\t\t\t\t\t\t\t\t\t\t\t<\/div>\n\t\t\t\t<\/div>\n\t\t\t\t\t<\/div>\n\t\t<\/div>\n\t\t\t\t\t<\/div>\n\t\t<\/section>\n\t\t\t\t<section class=\"elementor-section elementor-top-section elementor-element elementor-element-7d56867 elementor-section-boxed elementor-section-height-default elementor-section-height-default\" data-id=\"7d56867\" data-element_type=\"section\" data-e-type=\"section\">\n\t\t\t\t\t\t<div class=\"elementor-container elementor-column-gap-default\">\n\t\t\t\t\t<div class=\"elementor-column elementor-col-33 elementor-top-column elementor-element elementor-element-d713e50\" data-id=\"d713e50\" data-element_type=\"column\" data-e-type=\"column\">\n\t\t\t<div class=\"elementor-widget-wrap elementor-element-populated\">\n\t\t\t\t\t\t<div class=\"elementor-element elementor-element-a527a1c elementor-widget elementor-widget-image\" data-id=\"a527a1c\" data-element_type=\"widget\" data-e-type=\"widget\" data-widget_type=\"image.default\">\n\t\t\t\t<div class=\"elementor-widget-container\">\n\t\t\t\t\t\t\t\t\t\t\t\t\t\t\t<img loading=\"lazy\" decoding=\"async\" width=\"1024\" height=\"683\" src=\"https:\/\/natoura.si\/wp-content\/uploads\/2021\/10\/IMG_0880-1024x683.gif\" class=\"attachment-large size-large wp-image-5861\" alt=\"\" srcset=\"https:\/\/natoura.si\/wp-content\/uploads\/2021\/10\/IMG_0880-1024x683.gif 1024w, https:\/\/natoura.si\/wp-content\/uploads\/2021\/10\/IMG_0880-300x200.gif 300w, https:\/\/natoura.si\/wp-content\/uploads\/2021\/10\/IMG_0880-768x512.gif 768w\" sizes=\"(max-width: 1024px) 100vw, 1024px\" \/>\t\t\t\t\t\t\t\t\t\t\t\t\t\t\t<\/div>\n\t\t\t\t<\/div>\n\t\t\t\t\t<\/div>\n\t\t<\/div>\n\t\t\t\t<div class=\"elementor-column elementor-col-33 elementor-top-column elementor-element elementor-element-6ed6f77\" data-id=\"6ed6f77\" data-element_type=\"column\" data-e-type=\"column\">\n\t\t\t<div class=\"elementor-widget-wrap elementor-element-populated\">\n\t\t\t\t\t\t<div class=\"elementor-element elementor-element-059ce52 elementor-widget elementor-widget-image\" data-id=\"059ce52\" data-element_type=\"widget\" data-e-type=\"widget\" data-widget_type=\"image.default\">\n\t\t\t\t<div class=\"elementor-widget-container\">\n\t\t\t\t\t\t\t\t\t\t\t\t\t\t\t<img loading=\"lazy\" decoding=\"async\" width=\"1024\" height=\"683\" src=\"https:\/\/natoura.si\/wp-content\/uploads\/2021\/10\/IMG_0898-1024x683.gif\" class=\"attachment-large size-large wp-image-5862\" alt=\"\" srcset=\"https:\/\/natoura.si\/wp-content\/uploads\/2021\/10\/IMG_0898-1024x683.gif 1024w, https:\/\/natoura.si\/wp-content\/uploads\/2021\/10\/IMG_0898-300x200.gif 300w, https:\/\/natoura.si\/wp-content\/uploads\/2021\/10\/IMG_0898-768x512.gif 768w\" sizes=\"(max-width: 1024px) 100vw, 1024px\" \/>\t\t\t\t\t\t\t\t\t\t\t\t\t\t\t<\/div>\n\t\t\t\t<\/div>\n\t\t\t\t\t<\/div>\n\t\t<\/div>\n\t\t\t\t<div class=\"elementor-column elementor-col-33 elementor-top-column elementor-element elementor-element-1b1f80b\" data-id=\"1b1f80b\" data-element_type=\"column\" data-e-type=\"column\">\n\t\t\t<div class=\"elementor-widget-wrap elementor-element-populated\">\n\t\t\t\t\t\t<div class=\"elementor-element elementor-element-d457c50 elementor-widget elementor-widget-image\" data-id=\"d457c50\" data-element_type=\"widget\" data-e-type=\"widget\" data-widget_type=\"image.default\">\n\t\t\t\t<div class=\"elementor-widget-container\">\n\t\t\t\t\t\t\t\t\t\t\t\t\t\t\t<img loading=\"lazy\" decoding=\"async\" width=\"1024\" height=\"683\" src=\"https:\/\/natoura.si\/wp-content\/uploads\/2021\/10\/IMG_9523-1024x683.gif\" class=\"attachment-large size-large wp-image-5864\" alt=\"\" srcset=\"https:\/\/natoura.si\/wp-content\/uploads\/2021\/10\/IMG_9523-1024x683.gif 1024w, https:\/\/natoura.si\/wp-content\/uploads\/2021\/10\/IMG_9523-300x200.gif 300w, https:\/\/natoura.si\/wp-content\/uploads\/2021\/10\/IMG_9523-768x512.gif 768w\" sizes=\"(max-width: 1024px) 100vw, 1024px\" \/>\t\t\t\t\t\t\t\t\t\t\t\t\t\t\t<\/div>\n\t\t\t\t<\/div>\n\t\t\t\t\t<\/div>\n\t\t<\/div>\n\t\t\t\t\t<\/div>\n\t\t<\/section>\n\t\t\t\t<section class=\"elementor-section elementor-top-section elementor-element elementor-element-f40143f elementor-section-boxed elementor-section-height-default elementor-section-height-default\" data-id=\"f40143f\" data-element_type=\"section\" data-e-type=\"section\">\n\t\t\t\t\t\t<div class=\"elementor-container elementor-column-gap-default\">\n\t\t\t\t\t<div class=\"elementor-column elementor-col-33 elementor-top-column elementor-element elementor-element-b396460\" data-id=\"b396460\" data-element_type=\"column\" data-e-type=\"column\">\n\t\t\t<div class=\"elementor-widget-wrap elementor-element-populated\">\n\t\t\t\t\t\t<div class=\"elementor-element elementor-element-aec7246 elementor-widget elementor-widget-image\" data-id=\"aec7246\" data-element_type=\"widget\" data-e-type=\"widget\" data-widget_type=\"image.default\">\n\t\t\t\t<div class=\"elementor-widget-container\">\n\t\t\t\t\t\t\t\t\t\t\t\t\t\t\t<img loading=\"lazy\" decoding=\"async\" width=\"592\" height=\"889\" src=\"https:\/\/natoura.si\/wp-content\/uploads\/2021\/10\/IMG_9574.gif\" class=\"attachment-large size-large wp-image-5865\" alt=\"\" \/>\t\t\t\t\t\t\t\t\t\t\t\t\t\t\t<\/div>\n\t\t\t\t<\/div>\n\t\t\t\t\t<\/div>\n\t\t<\/div>\n\t\t\t\t<div class=\"elementor-column elementor-col-33 elementor-top-column elementor-element elementor-element-bf6d05b\" data-id=\"bf6d05b\" data-element_type=\"column\" data-e-type=\"column\">\n\t\t\t<div class=\"elementor-widget-wrap elementor-element-populated\">\n\t\t\t\t\t\t<div class=\"elementor-element elementor-element-a34f6e0 elementor-widget elementor-widget-image\" data-id=\"a34f6e0\" data-element_type=\"widget\" data-e-type=\"widget\" data-widget_type=\"image.default\">\n\t\t\t\t<div class=\"elementor-widget-container\">\n\t\t\t\t\t\t\t\t\t\t\t\t\t\t\t<img loading=\"lazy\" decoding=\"async\" width=\"1024\" height=\"683\" src=\"https:\/\/natoura.si\/wp-content\/uploads\/2021\/10\/IMG_9576-1024x683.gif\" class=\"attachment-large size-large wp-image-5866\" alt=\"\" srcset=\"https:\/\/natoura.si\/wp-content\/uploads\/2021\/10\/IMG_9576-1024x683.gif 1024w, https:\/\/natoura.si\/wp-content\/uploads\/2021\/10\/IMG_9576-300x200.gif 300w, https:\/\/natoura.si\/wp-content\/uploads\/2021\/10\/IMG_9576-768x512.gif 768w\" sizes=\"(max-width: 1024px) 100vw, 1024px\" \/>\t\t\t\t\t\t\t\t\t\t\t\t\t\t\t<\/div>\n\t\t\t\t<\/div>\n\t\t\t\t<div class=\"elementor-element elementor-element-18a264a elementor-widget elementor-widget-image\" data-id=\"18a264a\" data-element_type=\"widget\" data-e-type=\"widget\" data-widget_type=\"image.default\">\n\t\t\t\t<div class=\"elementor-widget-container\">\n\t\t\t\t\t\t\t\t\t\t\t\t\t\t\t<img loading=\"lazy\" decoding=\"async\" width=\"1024\" height=\"683\" src=\"https:\/\/natoura.si\/wp-content\/uploads\/2021\/10\/IMG_9604-1024x683.gif\" class=\"attachment-large size-large wp-image-5867\" alt=\"\" srcset=\"https:\/\/natoura.si\/wp-content\/uploads\/2021\/10\/IMG_9604-1024x683.gif 1024w, https:\/\/natoura.si\/wp-content\/uploads\/2021\/10\/IMG_9604-300x200.gif 300w, https:\/\/natoura.si\/wp-content\/uploads\/2021\/10\/IMG_9604-768x512.gif 768w\" sizes=\"(max-width: 1024px) 100vw, 1024px\" \/>\t\t\t\t\t\t\t\t\t\t\t\t\t\t\t<\/div>\n\t\t\t\t<\/div>\n\t\t\t\t\t<\/div>\n\t\t<\/div>\n\t\t\t\t<div class=\"elementor-column elementor-col-33 elementor-top-column elementor-element elementor-element-053f035\" data-id=\"053f035\" data-element_type=\"column\" data-e-type=\"column\">\n\t\t\t<div class=\"elementor-widget-wrap elementor-element-populated\">\n\t\t\t\t\t\t<div class=\"elementor-element elementor-element-75b2015 elementor-widget elementor-widget-image\" data-id=\"75b2015\" data-element_type=\"widget\" data-e-type=\"widget\" data-widget_type=\"image.default\">\n\t\t\t\t<div class=\"elementor-widget-container\">\n\t\t\t\t\t\t\t\t\t\t\t\t\t\t\t<img loading=\"lazy\" decoding=\"async\" width=\"1024\" height=\"683\" src=\"https:\/\/natoura.si\/wp-content\/uploads\/2021\/10\/IMG_9663-1024x683.gif\" class=\"attachment-large size-large wp-image-5868\" alt=\"\" srcset=\"https:\/\/natoura.si\/wp-content\/uploads\/2021\/10\/IMG_9663-1024x683.gif 1024w, https:\/\/natoura.si\/wp-content\/uploads\/2021\/10\/IMG_9663-300x200.gif 300w, https:\/\/natoura.si\/wp-content\/uploads\/2021\/10\/IMG_9663-768x512.gif 768w\" sizes=\"(max-width: 1024px) 100vw, 1024px\" \/>\t\t\t\t\t\t\t\t\t\t\t\t\t\t\t<\/div>\n\t\t\t\t<\/div>\n\t\t\t\t<div class=\"elementor-element elementor-element-725e974 elementor-widget elementor-widget-image\" data-id=\"725e974\" data-element_type=\"widget\" data-e-type=\"widget\" data-widget_type=\"image.default\">\n\t\t\t\t<div class=\"elementor-widget-container\">\n\t\t\t\t\t\t\t\t\t\t\t\t\t\t\t<img loading=\"lazy\" decoding=\"async\" width=\"1024\" height=\"683\" src=\"https:\/\/natoura.si\/wp-content\/uploads\/2021\/10\/IMG_9653-1024x683.gif\" class=\"attachment-large size-large wp-image-5869\" alt=\"\" srcset=\"https:\/\/natoura.si\/wp-content\/uploads\/2021\/10\/IMG_9653-1024x683.gif 1024w, https:\/\/natoura.si\/wp-content\/uploads\/2021\/10\/IMG_9653-300x200.gif 300w, https:\/\/natoura.si\/wp-content\/uploads\/2021\/10\/IMG_9653-768x512.gif 768w\" sizes=\"(max-width: 1024px) 100vw, 1024px\" \/>\t\t\t\t\t\t\t\t\t\t\t\t\t\t\t<\/div>\n\t\t\t\t<\/div>\n\t\t\t\t\t<\/div>\n\t\t<\/div>\n\t\t\t\t\t<\/div>\n\t\t<\/section>\n\t\t\t\t<section class=\"elementor-section elementor-top-section elementor-element elementor-element-680788a elementor-section-boxed elementor-section-height-default elementor-section-height-default\" data-id=\"680788a\" data-element_type=\"section\" data-e-type=\"section\">\n\t\t\t\t\t\t<div class=\"elementor-container elementor-column-gap-default\">\n\t\t\t\t\t<div class=\"elementor-column elementor-col-100 elementor-top-column elementor-element elementor-element-89c1b24\" data-id=\"89c1b24\" data-element_type=\"column\" data-e-type=\"column\">\n\t\t\t<div class=\"elementor-widget-wrap elementor-element-populated\">\n\t\t\t\t\t\t<div class=\"elementor-element elementor-element-78c6c39 elementor-widget elementor-widget-text-editor\" data-id=\"78c6c39\" data-element_type=\"widget\" data-e-type=\"widget\" data-widget_type=\"text-editor.default\">\n\t\t\t\t<div class=\"elementor-widget-container\">\n\t\t\t\t\t\t\t\t\t<p><span style=\"color: #ffffff;\">Foto: \u00a9 Janja Benedik, 2020.<\/span><\/p>\t\t\t\t\t\t\t\t<\/div>\n\t\t\t\t<\/div>\n\t\t\t\t\t<\/div>\n\t\t<\/div>\n\t\t\t\t\t<\/div>\n\t\t<\/section>\n\t\t\t\t<\/div>\n\t\t","protected":false},"excerpt":{"rendered":"<p>V hribovitem svetu Slovenije se skrivajo \u0161tevilne zgodbe \u2013 nekatere \u0161e neodkrite ali skoraj pozabljene, druge se pi\u0161ejo na novo. Potovali smo od Litije doTour Details<\/p>\n","protected":false},"author":1,"featured_media":5856,"parent":0,"menu_order":0,"comment_status":"closed","ping_status":"closed","template":"","meta":{"footnotes":""},"class_list":["post-5855","page","type-page","status-publish","has-post-thumbnail","hentry"],"_links":{"self":[{"href":"https:\/\/natoura.si\/sl_si\/wp-json\/wp\/v2\/pages\/5855","targetHints":{"allow":["GET"]}}],"collection":[{"href":"https:\/\/natoura.si\/sl_si\/wp-json\/wp\/v2\/pages"}],"about":[{"href":"https:\/\/natoura.si\/sl_si\/wp-json\/wp\/v2\/types\/page"}],"author":[{"embeddable":true,"href":"https:\/\/natoura.si\/sl_si\/wp-json\/wp\/v2\/users\/1"}],"replies":[{"embeddable":true,"href":"https:\/\/natoura.si\/sl_si\/wp-json\/wp\/v2\/comments?post=5855"}],"version-history":[{"count":7,"href":"https:\/\/natoura.si\/sl_si\/wp-json\/wp\/v2\/pages\/5855\/revisions"}],"predecessor-version":[{"id":8421,"href":"https:\/\/natoura.si\/sl_si\/wp-json\/wp\/v2\/pages\/5855\/revisions\/8421"}],"wp:featuredmedia":[{"embeddable":true,"href":"https:\/\/natoura.si\/sl_si\/wp-json\/wp\/v2\/media\/5856"}],"wp:attachment":[{"href":"https:\/\/natoura.si\/sl_si\/wp-json\/wp\/v2\/media?parent=5855"}],"curies":[{"name":"wp","href":"https:\/\/api.w.org\/{rel}","templated":true}]}}