{"id":5771,"date":"2021-10-11T13:59:35","date_gmt":"2021-10-11T13:59:35","guid":{"rendered":"https:\/\/natoura.si\/?page_id=5771"},"modified":"2022-07-07T21:08:42","modified_gmt":"2022-07-07T21:08:42","slug":"z-vetrom-v-novo-leto-29-12-2019-1-1-2020","status":"publish","type":"page","link":"https:\/\/natoura.si\/sl_si\/z-vetrom-v-novo-leto-29-12-2019-1-1-2020\/","title":{"rendered":"Z vetrom v novo leto: 29. 12. 2019 &#8211; 1. 1. 2020"},"content":{"rendered":"\t\t<div data-elementor-type=\"wp-page\" data-elementor-id=\"5771\" class=\"elementor elementor-5771\" data-elementor-post-type=\"page\">\n\t\t\t\t\t\t<section class=\"elementor-section elementor-top-section elementor-element elementor-element-3d66b2b elementor-section-boxed elementor-section-height-default elementor-section-height-default\" data-id=\"3d66b2b\" data-element_type=\"section\" data-e-type=\"section\">\n\t\t\t\t\t\t<div class=\"elementor-container elementor-column-gap-default\">\n\t\t\t\t\t<div class=\"elementor-column elementor-col-100 elementor-top-column elementor-element elementor-element-1af10b5\" data-id=\"1af10b5\" data-element_type=\"column\" data-e-type=\"column\">\n\t\t\t<div class=\"elementor-widget-wrap elementor-element-populated\">\n\t\t\t\t\t\t<div class=\"elementor-element elementor-element-bd4a448 elementor-widget elementor-widget-text-editor\" data-id=\"bd4a448\" data-element_type=\"widget\" data-e-type=\"widget\" data-widget_type=\"text-editor.default\">\n\t\t\t\t<div class=\"elementor-widget-container\">\n\t\t\t\t\t\t\t\t\t<p style=\"text-align: center;\"><span style=\"color: #ffffff;\">Vojvodina je kot mozaik \u2013 sestavljena iz drobnih pisanih ko\u0161\u010dkov, ki predstavljajo pestro etnolo\u0161ko, kulturno in kulinari\u010dno ponudbo. \u017de tretji\u010d smo se konec leta odpravili v Srbijo, tokrat v osr\u010dje Vojvodine, kjer smo odkrivali mline na veter, stare pala\u010de in gradove, secesijo in neskon\u010dno pestrost okusov odli\u010dnih lokalnih proizvajalcev hrane in pija\u010de. Nepozabna do\u017eivetja v dobri dru\u017ebi so prav gotovo dobra popotnica v prihajajo\u010de leto.<\/span><\/p>\t\t\t\t\t\t\t\t<\/div>\n\t\t\t\t<\/div>\n\t\t\t\t\t<\/div>\n\t\t<\/div>\n\t\t\t\t\t<\/div>\n\t\t<\/section>\n\t\t\t\t<section class=\"elementor-section elementor-top-section elementor-element elementor-element-37fe6eb elementor-section-boxed elementor-section-height-default elementor-section-height-default\" data-id=\"37fe6eb\" data-element_type=\"section\" data-e-type=\"section\">\n\t\t\t\t\t\t<div class=\"elementor-container elementor-column-gap-default\">\n\t\t\t\t\t<div class=\"elementor-column elementor-col-33 elementor-top-column elementor-element elementor-element-2b33f6e\" data-id=\"2b33f6e\" data-element_type=\"column\" data-e-type=\"column\">\n\t\t\t<div class=\"elementor-widget-wrap elementor-element-populated\">\n\t\t\t\t\t\t<div class=\"elementor-element elementor-element-415009d elementor-widget elementor-widget-image\" data-id=\"415009d\" data-element_type=\"widget\" data-e-type=\"widget\" data-widget_type=\"image.default\">\n\t\t\t\t<div class=\"elementor-widget-container\">\n\t\t\t\t\t\t\t\t\t\t\t\t\t\t\t<img fetchpriority=\"high\" decoding=\"async\" width=\"1024\" height=\"764\" src=\"https:\/\/natoura.si\/wp-content\/uploads\/2021\/10\/1-Backa-Topola-1024x764.gif\" class=\"attachment-large size-large wp-image-5773\" alt=\"\" srcset=\"https:\/\/natoura.si\/wp-content\/uploads\/2021\/10\/1-Backa-Topola-1024x764.gif 1024w, https:\/\/natoura.si\/wp-content\/uploads\/2021\/10\/1-Backa-Topola-300x224.gif 300w, https:\/\/natoura.si\/wp-content\/uploads\/2021\/10\/1-Backa-Topola-768x573.gif 768w\" sizes=\"(max-width: 1024px) 100vw, 1024px\" \/>\t\t\t\t\t\t\t\t\t\t\t\t\t\t\t<\/div>\n\t\t\t\t<\/div>\n\t\t\t\t\t<\/div>\n\t\t<\/div>\n\t\t\t\t<div class=\"elementor-column elementor-col-33 elementor-top-column elementor-element elementor-element-505b534\" data-id=\"505b534\" data-element_type=\"column\" data-e-type=\"column\">\n\t\t\t<div class=\"elementor-widget-wrap elementor-element-populated\">\n\t\t\t\t\t\t<div class=\"elementor-element elementor-element-145949f elementor-widget elementor-widget-image\" data-id=\"145949f\" data-element_type=\"widget\" data-e-type=\"widget\" data-widget_type=\"image.default\">\n\t\t\t\t<div class=\"elementor-widget-container\">\n\t\t\t\t\t\t\t\t\t\t\t\t\t\t\t<img decoding=\"async\" width=\"1024\" height=\"773\" src=\"https:\/\/natoura.si\/wp-content\/uploads\/2021\/10\/2-1024x773.gif\" class=\"attachment-large size-large wp-image-5774\" alt=\"\" srcset=\"https:\/\/natoura.si\/wp-content\/uploads\/2021\/10\/2-1024x773.gif 1024w, https:\/\/natoura.si\/wp-content\/uploads\/2021\/10\/2-300x226.gif 300w, https:\/\/natoura.si\/wp-content\/uploads\/2021\/10\/2-768x580.gif 768w\" sizes=\"(max-width: 1024px) 100vw, 1024px\" \/>\t\t\t\t\t\t\t\t\t\t\t\t\t\t\t<\/div>\n\t\t\t\t<\/div>\n\t\t\t\t\t<\/div>\n\t\t<\/div>\n\t\t\t\t<div class=\"elementor-column elementor-col-33 elementor-top-column elementor-element elementor-element-93257be\" data-id=\"93257be\" data-element_type=\"column\" data-e-type=\"column\">\n\t\t\t<div class=\"elementor-widget-wrap elementor-element-populated\">\n\t\t\t\t\t\t<div class=\"elementor-element elementor-element-d95488d elementor-widget elementor-widget-image\" data-id=\"d95488d\" data-element_type=\"widget\" data-e-type=\"widget\" data-widget_type=\"image.default\">\n\t\t\t\t<div class=\"elementor-widget-container\">\n\t\t\t\t\t\t\t\t\t\t\t\t\t\t\t<img decoding=\"async\" width=\"1024\" height=\"770\" src=\"https:\/\/natoura.si\/wp-content\/uploads\/2021\/10\/7-1024x770.gif\" class=\"attachment-large size-large wp-image-5777\" alt=\"\" srcset=\"https:\/\/natoura.si\/wp-content\/uploads\/2021\/10\/7-1024x770.gif 1024w, https:\/\/natoura.si\/wp-content\/uploads\/2021\/10\/7-300x225.gif 300w, https:\/\/natoura.si\/wp-content\/uploads\/2021\/10\/7-768x577.gif 768w\" sizes=\"(max-width: 1024px) 100vw, 1024px\" \/>\t\t\t\t\t\t\t\t\t\t\t\t\t\t\t<\/div>\n\t\t\t\t<\/div>\n\t\t\t\t\t<\/div>\n\t\t<\/div>\n\t\t\t\t\t<\/div>\n\t\t<\/section>\n\t\t\t\t<section class=\"elementor-section elementor-top-section elementor-element elementor-element-f40e62d elementor-section-boxed elementor-section-height-default elementor-section-height-default\" data-id=\"f40e62d\" data-element_type=\"section\" data-e-type=\"section\">\n\t\t\t\t\t\t<div class=\"elementor-container elementor-column-gap-default\">\n\t\t\t\t\t<div class=\"elementor-column elementor-col-33 elementor-top-column elementor-element elementor-element-6bae63d\" data-id=\"6bae63d\" data-element_type=\"column\" data-e-type=\"column\">\n\t\t\t<div class=\"elementor-widget-wrap elementor-element-populated\">\n\t\t\t\t\t\t<div class=\"elementor-element elementor-element-fd20cdd elementor-widget elementor-widget-image\" data-id=\"fd20cdd\" data-element_type=\"widget\" data-e-type=\"widget\" data-widget_type=\"image.default\">\n\t\t\t\t<div class=\"elementor-widget-container\">\n\t\t\t\t\t\t\t\t\t\t\t\t\t\t\t<img loading=\"lazy\" decoding=\"async\" width=\"626\" height=\"889\" src=\"https:\/\/natoura.si\/wp-content\/uploads\/2021\/10\/5.gif\" class=\"attachment-large size-large wp-image-5776\" alt=\"\" \/>\t\t\t\t\t\t\t\t\t\t\t\t\t\t\t<\/div>\n\t\t\t\t<\/div>\n\t\t\t\t\t<\/div>\n\t\t<\/div>\n\t\t\t\t<div class=\"elementor-column elementor-col-33 elementor-top-column elementor-element elementor-element-e97a096\" data-id=\"e97a096\" data-element_type=\"column\" data-e-type=\"column\">\n\t\t\t<div class=\"elementor-widget-wrap elementor-element-populated\">\n\t\t\t\t\t\t<div class=\"elementor-element elementor-element-99a6345 elementor-widget elementor-widget-image\" data-id=\"99a6345\" data-element_type=\"widget\" data-e-type=\"widget\" data-widget_type=\"image.default\">\n\t\t\t\t<div class=\"elementor-widget-container\">\n\t\t\t\t\t\t\t\t\t\t\t\t\t\t\t<img loading=\"lazy\" decoding=\"async\" width=\"1024\" height=\"757\" src=\"https:\/\/natoura.si\/wp-content\/uploads\/2021\/10\/12-1024x757.gif\" class=\"attachment-large size-large wp-image-5779\" alt=\"\" srcset=\"https:\/\/natoura.si\/wp-content\/uploads\/2021\/10\/12-1024x757.gif 1024w, https:\/\/natoura.si\/wp-content\/uploads\/2021\/10\/12-300x222.gif 300w, https:\/\/natoura.si\/wp-content\/uploads\/2021\/10\/12-768x568.gif 768w\" sizes=\"(max-width: 1024px) 100vw, 1024px\" \/>\t\t\t\t\t\t\t\t\t\t\t\t\t\t\t<\/div>\n\t\t\t\t<\/div>\n\t\t\t\t<div class=\"elementor-element elementor-element-5b2565b elementor-widget elementor-widget-image\" data-id=\"5b2565b\" data-element_type=\"widget\" data-e-type=\"widget\" data-widget_type=\"image.default\">\n\t\t\t\t<div class=\"elementor-widget-container\">\n\t\t\t\t\t\t\t\t\t\t\t\t\t\t\t<img loading=\"lazy\" decoding=\"async\" width=\"1024\" height=\"750\" src=\"https:\/\/natoura.si\/wp-content\/uploads\/2021\/10\/13-1024x750.gif\" class=\"attachment-large size-large wp-image-5783\" alt=\"\" srcset=\"https:\/\/natoura.si\/wp-content\/uploads\/2021\/10\/13-1024x750.gif 1024w, https:\/\/natoura.si\/wp-content\/uploads\/2021\/10\/13-300x220.gif 300w, https:\/\/natoura.si\/wp-content\/uploads\/2021\/10\/13-768x562.gif 768w\" sizes=\"(max-width: 1024px) 100vw, 1024px\" \/>\t\t\t\t\t\t\t\t\t\t\t\t\t\t\t<\/div>\n\t\t\t\t<\/div>\n\t\t\t\t\t<\/div>\n\t\t<\/div>\n\t\t\t\t<div class=\"elementor-column elementor-col-33 elementor-top-column elementor-element elementor-element-838af52\" data-id=\"838af52\" data-element_type=\"column\" data-e-type=\"column\">\n\t\t\t<div class=\"elementor-widget-wrap elementor-element-populated\">\n\t\t\t\t\t\t<div class=\"elementor-element elementor-element-f0fd537 elementor-widget elementor-widget-image\" data-id=\"f0fd537\" data-element_type=\"widget\" data-e-type=\"widget\" data-widget_type=\"image.default\">\n\t\t\t\t<div class=\"elementor-widget-container\">\n\t\t\t\t\t\t\t\t\t\t\t\t\t\t\t<img loading=\"lazy\" decoding=\"async\" width=\"675\" height=\"889\" src=\"https:\/\/natoura.si\/wp-content\/uploads\/2021\/10\/9.gif\" class=\"attachment-large size-large wp-image-5780\" alt=\"\" \/>\t\t\t\t\t\t\t\t\t\t\t\t\t\t\t<\/div>\n\t\t\t\t<\/div>\n\t\t\t\t\t<\/div>\n\t\t<\/div>\n\t\t\t\t\t<\/div>\n\t\t<\/section>\n\t\t\t\t<section class=\"elementor-section elementor-top-section elementor-element elementor-element-3cd97de elementor-section-boxed elementor-section-height-default elementor-section-height-default\" data-id=\"3cd97de\" data-element_type=\"section\" data-e-type=\"section\">\n\t\t\t\t\t\t<div class=\"elementor-container elementor-column-gap-default\">\n\t\t\t\t\t<div class=\"elementor-column elementor-col-33 elementor-top-column elementor-element elementor-element-845972d\" data-id=\"845972d\" data-element_type=\"column\" data-e-type=\"column\">\n\t\t\t<div class=\"elementor-widget-wrap elementor-element-populated\">\n\t\t\t\t\t\t<div class=\"elementor-element elementor-element-bfc3bca elementor-widget elementor-widget-image\" data-id=\"bfc3bca\" data-element_type=\"widget\" data-e-type=\"widget\" data-widget_type=\"image.default\">\n\t\t\t\t<div class=\"elementor-widget-container\">\n\t\t\t\t\t\t\t\t\t\t\t\t\t\t\t<img loading=\"lazy\" decoding=\"async\" width=\"1024\" height=\"763\" src=\"https:\/\/natoura.si\/wp-content\/uploads\/2021\/10\/14-1024x763.gif\" class=\"attachment-large size-large wp-image-5784\" alt=\"\" srcset=\"https:\/\/natoura.si\/wp-content\/uploads\/2021\/10\/14-1024x763.gif 1024w, https:\/\/natoura.si\/wp-content\/uploads\/2021\/10\/14-300x224.gif 300w, https:\/\/natoura.si\/wp-content\/uploads\/2021\/10\/14-768x572.gif 768w\" sizes=\"(max-width: 1024px) 100vw, 1024px\" \/>\t\t\t\t\t\t\t\t\t\t\t\t\t\t\t<\/div>\n\t\t\t\t<\/div>\n\t\t\t\t\t<\/div>\n\t\t<\/div>\n\t\t\t\t<div class=\"elementor-column elementor-col-33 elementor-top-column elementor-element elementor-element-3f410ac\" data-id=\"3f410ac\" data-element_type=\"column\" data-e-type=\"column\">\n\t\t\t<div class=\"elementor-widget-wrap elementor-element-populated\">\n\t\t\t\t\t\t<div class=\"elementor-element elementor-element-d2136c9 elementor-widget elementor-widget-image\" data-id=\"d2136c9\" data-element_type=\"widget\" data-e-type=\"widget\" data-widget_type=\"image.default\">\n\t\t\t\t<div class=\"elementor-widget-container\">\n\t\t\t\t\t\t\t\t\t\t\t\t\t\t\t<img loading=\"lazy\" decoding=\"async\" width=\"1024\" height=\"819\" src=\"https:\/\/natoura.si\/wp-content\/uploads\/2021\/10\/17-1024x819.gif\" class=\"attachment-large size-large wp-image-5785\" alt=\"\" srcset=\"https:\/\/natoura.si\/wp-content\/uploads\/2021\/10\/17-1024x819.gif 1024w, https:\/\/natoura.si\/wp-content\/uploads\/2021\/10\/17-300x240.gif 300w, https:\/\/natoura.si\/wp-content\/uploads\/2021\/10\/17-768x615.gif 768w\" sizes=\"(max-width: 1024px) 100vw, 1024px\" \/>\t\t\t\t\t\t\t\t\t\t\t\t\t\t\t<\/div>\n\t\t\t\t<\/div>\n\t\t\t\t\t<\/div>\n\t\t<\/div>\n\t\t\t\t<div class=\"elementor-column elementor-col-33 elementor-top-column elementor-element elementor-element-d4a9e72\" data-id=\"d4a9e72\" data-element_type=\"column\" data-e-type=\"column\">\n\t\t\t<div class=\"elementor-widget-wrap elementor-element-populated\">\n\t\t\t\t\t\t<div class=\"elementor-element elementor-element-0501d84 elementor-widget elementor-widget-image\" data-id=\"0501d84\" data-element_type=\"widget\" data-e-type=\"widget\" data-widget_type=\"image.default\">\n\t\t\t\t<div class=\"elementor-widget-container\">\n\t\t\t\t\t\t\t\t\t\t\t\t\t\t\t<img loading=\"lazy\" decoding=\"async\" width=\"1024\" height=\"770\" src=\"https:\/\/natoura.si\/wp-content\/uploads\/2021\/10\/22-1024x770.gif\" class=\"attachment-large size-large wp-image-5794\" alt=\"\" srcset=\"https:\/\/natoura.si\/wp-content\/uploads\/2021\/10\/22-1024x770.gif 1024w, https:\/\/natoura.si\/wp-content\/uploads\/2021\/10\/22-300x225.gif 300w, https:\/\/natoura.si\/wp-content\/uploads\/2021\/10\/22-768x577.gif 768w\" sizes=\"(max-width: 1024px) 100vw, 1024px\" \/>\t\t\t\t\t\t\t\t\t\t\t\t\t\t\t<\/div>\n\t\t\t\t<\/div>\n\t\t\t\t\t<\/div>\n\t\t<\/div>\n\t\t\t\t\t<\/div>\n\t\t<\/section>\n\t\t\t\t<section class=\"elementor-section elementor-top-section elementor-element elementor-element-380dcdf elementor-section-boxed elementor-section-height-default elementor-section-height-default\" data-id=\"380dcdf\" data-element_type=\"section\" data-e-type=\"section\">\n\t\t\t\t\t\t<div class=\"elementor-container elementor-column-gap-default\">\n\t\t\t\t\t<div class=\"elementor-column elementor-col-33 elementor-top-column elementor-element elementor-element-e799a83\" data-id=\"e799a83\" data-element_type=\"column\" data-e-type=\"column\">\n\t\t\t<div class=\"elementor-widget-wrap elementor-element-populated\">\n\t\t\t\t\t\t<div class=\"elementor-element elementor-element-a77d4f0 elementor-widget elementor-widget-image\" data-id=\"a77d4f0\" data-element_type=\"widget\" data-e-type=\"widget\" data-widget_type=\"image.default\">\n\t\t\t\t<div class=\"elementor-widget-container\">\n\t\t\t\t\t\t\t\t\t\t\t\t\t\t\t<img loading=\"lazy\" decoding=\"async\" width=\"1024\" height=\"759\" src=\"https:\/\/natoura.si\/wp-content\/uploads\/2021\/10\/23-1024x759.gif\" class=\"attachment-large size-large wp-image-5795\" alt=\"\" srcset=\"https:\/\/natoura.si\/wp-content\/uploads\/2021\/10\/23-1024x759.gif 1024w, https:\/\/natoura.si\/wp-content\/uploads\/2021\/10\/23-300x222.gif 300w, https:\/\/natoura.si\/wp-content\/uploads\/2021\/10\/23-768x569.gif 768w\" sizes=\"(max-width: 1024px) 100vw, 1024px\" \/>\t\t\t\t\t\t\t\t\t\t\t\t\t\t\t<\/div>\n\t\t\t\t<\/div>\n\t\t\t\t<div class=\"elementor-element elementor-element-a4fcfcf elementor-widget elementor-widget-image\" data-id=\"a4fcfcf\" data-element_type=\"widget\" data-e-type=\"widget\" data-widget_type=\"image.default\">\n\t\t\t\t<div class=\"elementor-widget-container\">\n\t\t\t\t\t\t\t\t\t\t\t\t\t\t\t<img loading=\"lazy\" decoding=\"async\" width=\"1024\" height=\"768\" src=\"https:\/\/natoura.si\/wp-content\/uploads\/2021\/10\/25-1024x768.gif\" class=\"attachment-large size-large wp-image-5796\" alt=\"\" srcset=\"https:\/\/natoura.si\/wp-content\/uploads\/2021\/10\/25-1024x768.gif 1024w, https:\/\/natoura.si\/wp-content\/uploads\/2021\/10\/25-300x225.gif 300w, https:\/\/natoura.si\/wp-content\/uploads\/2021\/10\/25-768x576.gif 768w\" sizes=\"(max-width: 1024px) 100vw, 1024px\" \/>\t\t\t\t\t\t\t\t\t\t\t\t\t\t\t<\/div>\n\t\t\t\t<\/div>\n\t\t\t\t\t<\/div>\n\t\t<\/div>\n\t\t\t\t<div class=\"elementor-column elementor-col-33 elementor-top-column elementor-element elementor-element-a93231d\" data-id=\"a93231d\" data-element_type=\"column\" data-e-type=\"column\">\n\t\t\t<div class=\"elementor-widget-wrap elementor-element-populated\">\n\t\t\t\t\t\t<div class=\"elementor-element elementor-element-d2c1957 elementor-widget elementor-widget-image\" data-id=\"d2c1957\" data-element_type=\"widget\" data-e-type=\"widget\" data-widget_type=\"image.default\">\n\t\t\t\t<div class=\"elementor-widget-container\">\n\t\t\t\t\t\t\t\t\t\t\t\t\t\t\t<img loading=\"lazy\" decoding=\"async\" width=\"658\" height=\"889\" src=\"https:\/\/natoura.si\/wp-content\/uploads\/2021\/10\/19.gif\" class=\"attachment-large size-large wp-image-5792\" alt=\"\" \/>\t\t\t\t\t\t\t\t\t\t\t\t\t\t\t<\/div>\n\t\t\t\t<\/div>\n\t\t\t\t\t<\/div>\n\t\t<\/div>\n\t\t\t\t<div class=\"elementor-column elementor-col-33 elementor-top-column elementor-element elementor-element-da784a2\" data-id=\"da784a2\" data-element_type=\"column\" data-e-type=\"column\">\n\t\t\t<div class=\"elementor-widget-wrap elementor-element-populated\">\n\t\t\t\t\t\t<div class=\"elementor-element elementor-element-6b44a56 elementor-widget elementor-widget-image\" data-id=\"6b44a56\" data-element_type=\"widget\" data-e-type=\"widget\" data-widget_type=\"image.default\">\n\t\t\t\t<div class=\"elementor-widget-container\">\n\t\t\t\t\t\t\t\t\t\t\t\t\t\t\t<img loading=\"lazy\" decoding=\"async\" width=\"1024\" height=\"763\" src=\"https:\/\/natoura.si\/wp-content\/uploads\/2021\/10\/20-1024x763.gif\" class=\"attachment-large size-large wp-image-5793\" alt=\"\" srcset=\"https:\/\/natoura.si\/wp-content\/uploads\/2021\/10\/20-1024x763.gif 1024w, https:\/\/natoura.si\/wp-content\/uploads\/2021\/10\/20-300x224.gif 300w, https:\/\/natoura.si\/wp-content\/uploads\/2021\/10\/20-768x572.gif 768w\" sizes=\"(max-width: 1024px) 100vw, 1024px\" \/>\t\t\t\t\t\t\t\t\t\t\t\t\t\t\t<\/div>\n\t\t\t\t<\/div>\n\t\t\t\t<div class=\"elementor-element elementor-element-8aae842 elementor-widget elementor-widget-image\" data-id=\"8aae842\" data-element_type=\"widget\" data-e-type=\"widget\" data-widget_type=\"image.default\">\n\t\t\t\t<div class=\"elementor-widget-container\">\n\t\t\t\t\t\t\t\t\t\t\t\t\t\t\t<img loading=\"lazy\" decoding=\"async\" width=\"1024\" height=\"766\" src=\"https:\/\/natoura.si\/wp-content\/uploads\/2021\/10\/27-1024x766.gif\" class=\"attachment-large size-large wp-image-5798\" alt=\"\" srcset=\"https:\/\/natoura.si\/wp-content\/uploads\/2021\/10\/27-1024x766.gif 1024w, https:\/\/natoura.si\/wp-content\/uploads\/2021\/10\/27-300x224.gif 300w, https:\/\/natoura.si\/wp-content\/uploads\/2021\/10\/27-768x575.gif 768w\" sizes=\"(max-width: 1024px) 100vw, 1024px\" \/>\t\t\t\t\t\t\t\t\t\t\t\t\t\t\t<\/div>\n\t\t\t\t<\/div>\n\t\t\t\t\t<\/div>\n\t\t<\/div>\n\t\t\t\t\t<\/div>\n\t\t<\/section>\n\t\t\t\t<section class=\"elementor-section elementor-top-section elementor-element elementor-element-a7deadb elementor-section-boxed elementor-section-height-default elementor-section-height-default\" data-id=\"a7deadb\" data-element_type=\"section\" data-e-type=\"section\">\n\t\t\t\t\t\t<div class=\"elementor-container elementor-column-gap-default\">\n\t\t\t\t\t<div class=\"elementor-column elementor-col-100 elementor-top-column elementor-element elementor-element-4d705d5\" data-id=\"4d705d5\" data-element_type=\"column\" data-e-type=\"column\">\n\t\t\t<div class=\"elementor-widget-wrap elementor-element-populated\">\n\t\t\t\t\t\t<div class=\"elementor-element elementor-element-4d7f582 elementor-widget elementor-widget-text-editor\" data-id=\"4d7f582\" data-element_type=\"widget\" data-e-type=\"widget\" data-widget_type=\"text-editor.default\">\n\t\t\t\t<div class=\"elementor-widget-container\">\n\t\t\t\t\t\t\t\t\t<p><span style=\"color: #ffffff;\">Foto: \u00a9 Janja Benedik.<\/span><\/p>\t\t\t\t\t\t\t\t<\/div>\n\t\t\t\t<\/div>\n\t\t\t\t\t<\/div>\n\t\t<\/div>\n\t\t\t\t\t<\/div>\n\t\t<\/section>\n\t\t\t\t<\/div>\n\t\t","protected":false},"excerpt":{"rendered":"<p>Vojvodina je kot mozaik \u2013 sestavljena iz drobnih pisanih ko\u0161\u010dkov, ki predstavljajo pestro etnolo\u0161ko, kulturno in kulinari\u010dno ponudbo. \u017de tretji\u010d smo se konec leta odpraviliTour Details<\/p>\n","protected":false},"author":1,"featured_media":1751,"parent":0,"menu_order":0,"comment_status":"closed","ping_status":"closed","template":"","meta":{"footnotes":""},"class_list":["post-5771","page","type-page","status-publish","has-post-thumbnail","hentry"],"_links":{"self":[{"href":"https:\/\/natoura.si\/sl_si\/wp-json\/wp\/v2\/pages\/5771","targetHints":{"allow":["GET"]}}],"collection":[{"href":"https:\/\/natoura.si\/sl_si\/wp-json\/wp\/v2\/pages"}],"about":[{"href":"https:\/\/natoura.si\/sl_si\/wp-json\/wp\/v2\/types\/page"}],"author":[{"embeddable":true,"href":"https:\/\/natoura.si\/sl_si\/wp-json\/wp\/v2\/users\/1"}],"replies":[{"embeddable":true,"href":"https:\/\/natoura.si\/sl_si\/wp-json\/wp\/v2\/comments?post=5771"}],"version-history":[{"count":13,"href":"https:\/\/natoura.si\/sl_si\/wp-json\/wp\/v2\/pages\/5771\/revisions"}],"predecessor-version":[{"id":8401,"href":"https:\/\/natoura.si\/sl_si\/wp-json\/wp\/v2\/pages\/5771\/revisions\/8401"}],"wp:featuredmedia":[{"embeddable":true,"href":"https:\/\/natoura.si\/sl_si\/wp-json\/wp\/v2\/media\/1751"}],"wp:attachment":[{"href":"https:\/\/natoura.si\/sl_si\/wp-json\/wp\/v2\/media?parent=5771"}],"curies":[{"name":"wp","href":"https:\/\/api.w.org\/{rel}","templated":true}]}}