{"id":5717,"date":"2021-10-11T05:45:56","date_gmt":"2021-10-11T05:45:56","guid":{"rendered":"https:\/\/natoura.si\/?page_id=5717"},"modified":"2022-07-07T17:52:39","modified_gmt":"2022-07-07T17:52:39","slug":"dediscina-vulkanov-in-morskih-lagun-10-12-9-2021","status":"publish","type":"page","link":"https:\/\/natoura.si\/sl_si\/dediscina-vulkanov-in-morskih-lagun-10-12-9-2021\/","title":{"rendered":"Dedi\u0161\u010dina vulkanov in morskih lagun: 10. &#8211; 12. 9. 2021"},"content":{"rendered":"\t\t<div data-elementor-type=\"wp-page\" data-elementor-id=\"5717\" class=\"elementor elementor-5717\" data-elementor-post-type=\"page\">\n\t\t\t\t\t\t<section class=\"elementor-section elementor-top-section elementor-element elementor-element-fa9edb2 elementor-section-boxed elementor-section-height-default elementor-section-height-default\" data-id=\"fa9edb2\" data-element_type=\"section\" data-e-type=\"section\">\n\t\t\t\t\t\t<div class=\"elementor-container elementor-column-gap-default\">\n\t\t\t\t\t<div class=\"elementor-column elementor-col-100 elementor-top-column elementor-element elementor-element-d93ca98\" data-id=\"d93ca98\" data-element_type=\"column\" data-e-type=\"column\">\n\t\t\t<div class=\"elementor-widget-wrap elementor-element-populated\">\n\t\t\t\t\t\t<div class=\"elementor-element elementor-element-66aa047 elementor-widget elementor-widget-text-editor\" data-id=\"66aa047\" data-element_type=\"widget\" data-e-type=\"widget\" data-widget_type=\"text-editor.default\">\n\t\t\t\t<div class=\"elementor-widget-container\">\n\t\t\t\t\t\t\t\t\t<p style=\"text-align: center;\"><span style=\"color: #ffffff;\">Evganejsko gri\u010devje v bli\u017eini Padove predstavlja nekdanji arhipelag v plitvem tropskem morju, ki se je v davni geolo\u0161ki zgodovini nahajalo na delu dana\u0161nje Padske ni\u017eine. Kasnej\u0161i geolo\u0161ki in geomorfolo\u0161ki razvoj obmo\u010dja sta vplivala na oblikovanje dana\u0161nje gri\u010devnate pokrajine, posejane z vasicami in mesteci, ki jih obdajajo \u0161tevilni vinogradi, ob vzno\u017eju pa na dan prihajajo topli izviri, ki jih ljudje s pridom izkori\u0161\u010dajo v terapevtske namene \u017ee od antike dalje. Ob spoznavanju naravnih in kulturnih zanimivostih tega obmo\u010dja smo se v njih razvajali tudi mi.<\/span><\/p>\t\t\t\t\t\t\t\t<\/div>\n\t\t\t\t<\/div>\n\t\t\t\t\t<\/div>\n\t\t<\/div>\n\t\t\t\t\t<\/div>\n\t\t<\/section>\n\t\t\t\t<section class=\"elementor-section elementor-top-section elementor-element elementor-element-6878de9 elementor-section-boxed elementor-section-height-default elementor-section-height-default\" data-id=\"6878de9\" data-element_type=\"section\" data-e-type=\"section\">\n\t\t\t\t\t\t<div class=\"elementor-container elementor-column-gap-default\">\n\t\t\t\t\t<div class=\"elementor-column elementor-col-33 elementor-top-column elementor-element elementor-element-2af6837\" data-id=\"2af6837\" data-element_type=\"column\" data-e-type=\"column\">\n\t\t\t<div class=\"elementor-widget-wrap elementor-element-populated\">\n\t\t\t\t\t\t<div class=\"elementor-element elementor-element-c9ac528 elementor-widget elementor-widget-image\" data-id=\"c9ac528\" data-element_type=\"widget\" data-e-type=\"widget\" data-widget_type=\"image.default\">\n\t\t\t\t<div class=\"elementor-widget-container\">\n\t\t\t\t\t\t\t\t\t\t\t\t\t\t\t<img fetchpriority=\"high\" decoding=\"async\" width=\"1024\" height=\"683\" src=\"https:\/\/natoura.si\/wp-content\/uploads\/2021\/10\/IMG_2723-1024x683.gif\" class=\"attachment-large size-large wp-image-5719\" alt=\"\" srcset=\"https:\/\/natoura.si\/wp-content\/uploads\/2021\/10\/IMG_2723-1024x683.gif 1024w, https:\/\/natoura.si\/wp-content\/uploads\/2021\/10\/IMG_2723-300x200.gif 300w, https:\/\/natoura.si\/wp-content\/uploads\/2021\/10\/IMG_2723-768x512.gif 768w\" sizes=\"(max-width: 1024px) 100vw, 1024px\" \/>\t\t\t\t\t\t\t\t\t\t\t\t\t\t\t<\/div>\n\t\t\t\t<\/div>\n\t\t\t\t\t<\/div>\n\t\t<\/div>\n\t\t\t\t<div class=\"elementor-column elementor-col-33 elementor-top-column elementor-element elementor-element-51cea90\" data-id=\"51cea90\" data-element_type=\"column\" data-e-type=\"column\">\n\t\t\t<div class=\"elementor-widget-wrap elementor-element-populated\">\n\t\t\t\t\t\t<div class=\"elementor-element elementor-element-3e22dd5 elementor-widget elementor-widget-image\" data-id=\"3e22dd5\" data-element_type=\"widget\" data-e-type=\"widget\" data-widget_type=\"image.default\">\n\t\t\t\t<div class=\"elementor-widget-container\">\n\t\t\t\t\t\t\t\t\t\t\t\t\t\t\t<img decoding=\"async\" width=\"1024\" height=\"683\" src=\"https:\/\/natoura.si\/wp-content\/uploads\/2021\/10\/IMG_2725-1024x683.gif\" class=\"attachment-large size-large wp-image-5720\" alt=\"\" srcset=\"https:\/\/natoura.si\/wp-content\/uploads\/2021\/10\/IMG_2725-1024x683.gif 1024w, https:\/\/natoura.si\/wp-content\/uploads\/2021\/10\/IMG_2725-300x200.gif 300w, https:\/\/natoura.si\/wp-content\/uploads\/2021\/10\/IMG_2725-768x512.gif 768w\" sizes=\"(max-width: 1024px) 100vw, 1024px\" \/>\t\t\t\t\t\t\t\t\t\t\t\t\t\t\t<\/div>\n\t\t\t\t<\/div>\n\t\t\t\t\t<\/div>\n\t\t<\/div>\n\t\t\t\t<div class=\"elementor-column elementor-col-33 elementor-top-column elementor-element elementor-element-cd251cb\" data-id=\"cd251cb\" data-element_type=\"column\" data-e-type=\"column\">\n\t\t\t<div class=\"elementor-widget-wrap elementor-element-populated\">\n\t\t\t\t\t\t<div class=\"elementor-element elementor-element-f87c626 elementor-widget elementor-widget-image\" data-id=\"f87c626\" data-element_type=\"widget\" data-e-type=\"widget\" data-widget_type=\"image.default\">\n\t\t\t\t<div class=\"elementor-widget-container\">\n\t\t\t\t\t\t\t\t\t\t\t\t\t\t\t<img decoding=\"async\" width=\"1024\" height=\"683\" src=\"https:\/\/natoura.si\/wp-content\/uploads\/2021\/10\/IMG_2737-1024x683.gif\" class=\"attachment-large size-large wp-image-5721\" alt=\"\" srcset=\"https:\/\/natoura.si\/wp-content\/uploads\/2021\/10\/IMG_2737-1024x683.gif 1024w, https:\/\/natoura.si\/wp-content\/uploads\/2021\/10\/IMG_2737-300x200.gif 300w, https:\/\/natoura.si\/wp-content\/uploads\/2021\/10\/IMG_2737-768x512.gif 768w\" sizes=\"(max-width: 1024px) 100vw, 1024px\" \/>\t\t\t\t\t\t\t\t\t\t\t\t\t\t\t<\/div>\n\t\t\t\t<\/div>\n\t\t\t\t\t<\/div>\n\t\t<\/div>\n\t\t\t\t\t<\/div>\n\t\t<\/section>\n\t\t\t\t<section class=\"elementor-section elementor-top-section elementor-element elementor-element-a0abb41 elementor-section-boxed elementor-section-height-default elementor-section-height-default\" data-id=\"a0abb41\" data-element_type=\"section\" data-e-type=\"section\">\n\t\t\t\t\t\t<div class=\"elementor-container elementor-column-gap-default\">\n\t\t\t\t\t<div class=\"elementor-column elementor-col-33 elementor-top-column elementor-element elementor-element-64d72b4\" data-id=\"64d72b4\" data-element_type=\"column\" data-e-type=\"column\">\n\t\t\t<div class=\"elementor-widget-wrap elementor-element-populated\">\n\t\t\t\t\t\t<div class=\"elementor-element elementor-element-b2d8d55 elementor-widget elementor-widget-image\" data-id=\"b2d8d55\" data-element_type=\"widget\" data-e-type=\"widget\" data-widget_type=\"image.default\">\n\t\t\t\t<div class=\"elementor-widget-container\">\n\t\t\t\t\t\t\t\t\t\t\t\t\t\t\t<img loading=\"lazy\" decoding=\"async\" width=\"1024\" height=\"683\" src=\"https:\/\/natoura.si\/wp-content\/uploads\/2021\/10\/IMG_2796-1024x683.gif\" class=\"attachment-large size-large wp-image-5722\" alt=\"\" srcset=\"https:\/\/natoura.si\/wp-content\/uploads\/2021\/10\/IMG_2796-1024x683.gif 1024w, https:\/\/natoura.si\/wp-content\/uploads\/2021\/10\/IMG_2796-300x200.gif 300w, https:\/\/natoura.si\/wp-content\/uploads\/2021\/10\/IMG_2796-768x512.gif 768w\" sizes=\"(max-width: 1024px) 100vw, 1024px\" \/>\t\t\t\t\t\t\t\t\t\t\t\t\t\t\t<\/div>\n\t\t\t\t<\/div>\n\t\t\t\t<div class=\"elementor-element elementor-element-adfcfd6 elementor-widget elementor-widget-image\" data-id=\"adfcfd6\" data-element_type=\"widget\" data-e-type=\"widget\" data-widget_type=\"image.default\">\n\t\t\t\t<div class=\"elementor-widget-container\">\n\t\t\t\t\t\t\t\t\t\t\t\t\t\t\t<img loading=\"lazy\" decoding=\"async\" width=\"1024\" height=\"683\" src=\"https:\/\/natoura.si\/wp-content\/uploads\/2021\/10\/IMG_2803-1024x683.gif\" class=\"attachment-large size-large wp-image-5723\" alt=\"\" srcset=\"https:\/\/natoura.si\/wp-content\/uploads\/2021\/10\/IMG_2803-1024x683.gif 1024w, https:\/\/natoura.si\/wp-content\/uploads\/2021\/10\/IMG_2803-300x200.gif 300w, https:\/\/natoura.si\/wp-content\/uploads\/2021\/10\/IMG_2803-768x512.gif 768w\" sizes=\"(max-width: 1024px) 100vw, 1024px\" \/>\t\t\t\t\t\t\t\t\t\t\t\t\t\t\t<\/div>\n\t\t\t\t<\/div>\n\t\t\t\t\t<\/div>\n\t\t<\/div>\n\t\t\t\t<div class=\"elementor-column elementor-col-33 elementor-top-column elementor-element elementor-element-f0c5d38\" data-id=\"f0c5d38\" data-element_type=\"column\" data-e-type=\"column\">\n\t\t\t<div class=\"elementor-widget-wrap elementor-element-populated\">\n\t\t\t\t\t\t<div class=\"elementor-element elementor-element-50e1d7a elementor-widget elementor-widget-image\" data-id=\"50e1d7a\" data-element_type=\"widget\" data-e-type=\"widget\" data-widget_type=\"image.default\">\n\t\t\t\t<div class=\"elementor-widget-container\">\n\t\t\t\t\t\t\t\t\t\t\t\t\t\t\t<img loading=\"lazy\" decoding=\"async\" width=\"592\" height=\"889\" src=\"https:\/\/natoura.si\/wp-content\/uploads\/2021\/10\/IMG_2846.gif\" class=\"attachment-large size-large wp-image-5724\" alt=\"\" \/>\t\t\t\t\t\t\t\t\t\t\t\t\t\t\t<\/div>\n\t\t\t\t<\/div>\n\t\t\t\t\t<\/div>\n\t\t<\/div>\n\t\t\t\t<div class=\"elementor-column elementor-col-33 elementor-top-column elementor-element elementor-element-2a03674\" data-id=\"2a03674\" data-element_type=\"column\" data-e-type=\"column\">\n\t\t\t<div class=\"elementor-widget-wrap elementor-element-populated\">\n\t\t\t\t\t\t<div class=\"elementor-element elementor-element-017fbd5 elementor-widget elementor-widget-image\" data-id=\"017fbd5\" data-element_type=\"widget\" data-e-type=\"widget\" data-widget_type=\"image.default\">\n\t\t\t\t<div class=\"elementor-widget-container\">\n\t\t\t\t\t\t\t\t\t\t\t\t\t\t\t<img loading=\"lazy\" decoding=\"async\" width=\"1024\" height=\"683\" src=\"https:\/\/natoura.si\/wp-content\/uploads\/2021\/10\/IMG_2851-1024x683.gif\" class=\"attachment-large size-large wp-image-5725\" alt=\"\" srcset=\"https:\/\/natoura.si\/wp-content\/uploads\/2021\/10\/IMG_2851-1024x683.gif 1024w, https:\/\/natoura.si\/wp-content\/uploads\/2021\/10\/IMG_2851-300x200.gif 300w, https:\/\/natoura.si\/wp-content\/uploads\/2021\/10\/IMG_2851-768x512.gif 768w\" sizes=\"(max-width: 1024px) 100vw, 1024px\" \/>\t\t\t\t\t\t\t\t\t\t\t\t\t\t\t<\/div>\n\t\t\t\t<\/div>\n\t\t\t\t<div class=\"elementor-element elementor-element-9d0e2c4 elementor-widget elementor-widget-image\" data-id=\"9d0e2c4\" data-element_type=\"widget\" data-e-type=\"widget\" data-widget_type=\"image.default\">\n\t\t\t\t<div class=\"elementor-widget-container\">\n\t\t\t\t\t\t\t\t\t\t\t\t\t\t\t<img loading=\"lazy\" decoding=\"async\" width=\"1024\" height=\"683\" src=\"https:\/\/natoura.si\/wp-content\/uploads\/2021\/10\/IMG_2873-1024x683.gif\" class=\"attachment-large size-large wp-image-5726\" alt=\"\" srcset=\"https:\/\/natoura.si\/wp-content\/uploads\/2021\/10\/IMG_2873-1024x683.gif 1024w, https:\/\/natoura.si\/wp-content\/uploads\/2021\/10\/IMG_2873-300x200.gif 300w, https:\/\/natoura.si\/wp-content\/uploads\/2021\/10\/IMG_2873-768x512.gif 768w\" sizes=\"(max-width: 1024px) 100vw, 1024px\" \/>\t\t\t\t\t\t\t\t\t\t\t\t\t\t\t<\/div>\n\t\t\t\t<\/div>\n\t\t\t\t\t<\/div>\n\t\t<\/div>\n\t\t\t\t\t<\/div>\n\t\t<\/section>\n\t\t\t\t<section class=\"elementor-section elementor-top-section elementor-element elementor-element-038d821 elementor-section-boxed elementor-section-height-default elementor-section-height-default\" data-id=\"038d821\" data-element_type=\"section\" data-e-type=\"section\">\n\t\t\t\t\t\t<div class=\"elementor-container elementor-column-gap-default\">\n\t\t\t\t\t<div class=\"elementor-column elementor-col-33 elementor-top-column elementor-element elementor-element-79f78b6\" data-id=\"79f78b6\" data-element_type=\"column\" data-e-type=\"column\">\n\t\t\t<div class=\"elementor-widget-wrap elementor-element-populated\">\n\t\t\t\t\t\t<div class=\"elementor-element elementor-element-18590c4 elementor-widget elementor-widget-image\" data-id=\"18590c4\" data-element_type=\"widget\" data-e-type=\"widget\" data-widget_type=\"image.default\">\n\t\t\t\t<div class=\"elementor-widget-container\">\n\t\t\t\t\t\t\t\t\t\t\t\t\t\t\t<img loading=\"lazy\" decoding=\"async\" width=\"1024\" height=\"683\" src=\"https:\/\/natoura.si\/wp-content\/uploads\/2021\/10\/IMG_2917-1024x683.gif\" class=\"attachment-large size-large wp-image-5732\" alt=\"\" srcset=\"https:\/\/natoura.si\/wp-content\/uploads\/2021\/10\/IMG_2917-1024x683.gif 1024w, https:\/\/natoura.si\/wp-content\/uploads\/2021\/10\/IMG_2917-300x200.gif 300w, https:\/\/natoura.si\/wp-content\/uploads\/2021\/10\/IMG_2917-768x512.gif 768w\" sizes=\"(max-width: 1024px) 100vw, 1024px\" \/>\t\t\t\t\t\t\t\t\t\t\t\t\t\t\t<\/div>\n\t\t\t\t<\/div>\n\t\t\t\t\t<\/div>\n\t\t<\/div>\n\t\t\t\t<div class=\"elementor-column elementor-col-33 elementor-top-column elementor-element elementor-element-6ca70f1\" data-id=\"6ca70f1\" data-element_type=\"column\" data-e-type=\"column\">\n\t\t\t<div class=\"elementor-widget-wrap elementor-element-populated\">\n\t\t\t\t\t\t<div class=\"elementor-element elementor-element-3f658da elementor-widget elementor-widget-image\" data-id=\"3f658da\" data-element_type=\"widget\" data-e-type=\"widget\" data-widget_type=\"image.default\">\n\t\t\t\t<div class=\"elementor-widget-container\">\n\t\t\t\t\t\t\t\t\t\t\t\t\t\t\t<img loading=\"lazy\" decoding=\"async\" width=\"1024\" height=\"683\" src=\"https:\/\/natoura.si\/wp-content\/uploads\/2021\/10\/IMG_4518-1024x683.gif\" class=\"attachment-large size-large wp-image-5733\" alt=\"\" srcset=\"https:\/\/natoura.si\/wp-content\/uploads\/2021\/10\/IMG_4518-1024x683.gif 1024w, https:\/\/natoura.si\/wp-content\/uploads\/2021\/10\/IMG_4518-300x200.gif 300w, https:\/\/natoura.si\/wp-content\/uploads\/2021\/10\/IMG_4518-768x512.gif 768w\" sizes=\"(max-width: 1024px) 100vw, 1024px\" \/>\t\t\t\t\t\t\t\t\t\t\t\t\t\t\t<\/div>\n\t\t\t\t<\/div>\n\t\t\t\t\t<\/div>\n\t\t<\/div>\n\t\t\t\t<div class=\"elementor-column elementor-col-33 elementor-top-column elementor-element elementor-element-1cf3fd0\" data-id=\"1cf3fd0\" data-element_type=\"column\" data-e-type=\"column\">\n\t\t\t<div class=\"elementor-widget-wrap elementor-element-populated\">\n\t\t\t\t\t\t<div class=\"elementor-element elementor-element-ddd589a elementor-widget elementor-widget-image\" data-id=\"ddd589a\" data-element_type=\"widget\" data-e-type=\"widget\" data-widget_type=\"image.default\">\n\t\t\t\t<div class=\"elementor-widget-container\">\n\t\t\t\t\t\t\t\t\t\t\t\t\t\t\t<img loading=\"lazy\" decoding=\"async\" width=\"1024\" height=\"683\" src=\"https:\/\/natoura.si\/wp-content\/uploads\/2021\/10\/IMG_4528-1024x683.gif\" class=\"attachment-large size-large wp-image-5734\" alt=\"\" srcset=\"https:\/\/natoura.si\/wp-content\/uploads\/2021\/10\/IMG_4528-1024x683.gif 1024w, https:\/\/natoura.si\/wp-content\/uploads\/2021\/10\/IMG_4528-300x200.gif 300w, https:\/\/natoura.si\/wp-content\/uploads\/2021\/10\/IMG_4528-768x512.gif 768w\" sizes=\"(max-width: 1024px) 100vw, 1024px\" \/>\t\t\t\t\t\t\t\t\t\t\t\t\t\t\t<\/div>\n\t\t\t\t<\/div>\n\t\t\t\t\t<\/div>\n\t\t<\/div>\n\t\t\t\t\t<\/div>\n\t\t<\/section>\n\t\t\t\t<section class=\"elementor-section elementor-top-section elementor-element elementor-element-3f822db elementor-section-boxed elementor-section-height-default elementor-section-height-default\" data-id=\"3f822db\" data-element_type=\"section\" data-e-type=\"section\">\n\t\t\t\t\t\t<div class=\"elementor-container elementor-column-gap-default\">\n\t\t\t\t\t<div class=\"elementor-column elementor-col-33 elementor-top-column elementor-element elementor-element-ed7164b\" data-id=\"ed7164b\" data-element_type=\"column\" data-e-type=\"column\">\n\t\t\t<div class=\"elementor-widget-wrap elementor-element-populated\">\n\t\t\t\t\t\t<div class=\"elementor-element elementor-element-73fec00 elementor-widget elementor-widget-image\" data-id=\"73fec00\" data-element_type=\"widget\" data-e-type=\"widget\" data-widget_type=\"image.default\">\n\t\t\t\t<div class=\"elementor-widget-container\">\n\t\t\t\t\t\t\t\t\t\t\t\t\t\t\t<img loading=\"lazy\" decoding=\"async\" width=\"592\" height=\"889\" src=\"https:\/\/natoura.si\/wp-content\/uploads\/2021\/10\/IMG_2912.gif\" class=\"attachment-large size-large wp-image-5730\" alt=\"\" \/>\t\t\t\t\t\t\t\t\t\t\t\t\t\t\t<\/div>\n\t\t\t\t<\/div>\n\t\t\t\t\t<\/div>\n\t\t<\/div>\n\t\t\t\t<div class=\"elementor-column elementor-col-33 elementor-top-column elementor-element elementor-element-161d2b8\" data-id=\"161d2b8\" data-element_type=\"column\" data-e-type=\"column\">\n\t\t\t<div class=\"elementor-widget-wrap elementor-element-populated\">\n\t\t\t\t\t\t<div class=\"elementor-element elementor-element-01c259a elementor-widget elementor-widget-image\" data-id=\"01c259a\" data-element_type=\"widget\" data-e-type=\"widget\" data-widget_type=\"image.default\">\n\t\t\t\t<div class=\"elementor-widget-container\">\n\t\t\t\t\t\t\t\t\t\t\t\t\t\t\t<img loading=\"lazy\" decoding=\"async\" width=\"1024\" height=\"683\" src=\"https:\/\/natoura.si\/wp-content\/uploads\/2021\/10\/IMG_2902-1024x683.gif\" class=\"attachment-large size-large wp-image-5728\" alt=\"\" srcset=\"https:\/\/natoura.si\/wp-content\/uploads\/2021\/10\/IMG_2902-1024x683.gif 1024w, https:\/\/natoura.si\/wp-content\/uploads\/2021\/10\/IMG_2902-300x200.gif 300w, https:\/\/natoura.si\/wp-content\/uploads\/2021\/10\/IMG_2902-768x512.gif 768w\" sizes=\"(max-width: 1024px) 100vw, 1024px\" \/>\t\t\t\t\t\t\t\t\t\t\t\t\t\t\t<\/div>\n\t\t\t\t<\/div>\n\t\t\t\t<div class=\"elementor-element elementor-element-4d58b4e elementor-widget elementor-widget-image\" data-id=\"4d58b4e\" data-element_type=\"widget\" data-e-type=\"widget\" data-widget_type=\"image.default\">\n\t\t\t\t<div class=\"elementor-widget-container\">\n\t\t\t\t\t\t\t\t\t\t\t\t\t\t\t<img loading=\"lazy\" decoding=\"async\" width=\"844\" height=\"889\" src=\"https:\/\/natoura.si\/wp-content\/uploads\/2021\/10\/IMG_2898.gif\" class=\"attachment-large size-large wp-image-5727\" alt=\"\" \/>\t\t\t\t\t\t\t\t\t\t\t\t\t\t\t<\/div>\n\t\t\t\t<\/div>\n\t\t\t\t\t<\/div>\n\t\t<\/div>\n\t\t\t\t<div class=\"elementor-column elementor-col-33 elementor-top-column elementor-element elementor-element-c2e8e45\" data-id=\"c2e8e45\" data-element_type=\"column\" data-e-type=\"column\">\n\t\t\t<div class=\"elementor-widget-wrap elementor-element-populated\">\n\t\t\t\t\t\t<div class=\"elementor-element elementor-element-2ea6b52 elementor-widget elementor-widget-image\" data-id=\"2ea6b52\" data-element_type=\"widget\" data-e-type=\"widget\" data-widget_type=\"image.default\">\n\t\t\t\t<div class=\"elementor-widget-container\">\n\t\t\t\t\t\t\t\t\t\t\t\t\t\t\t<img loading=\"lazy\" decoding=\"async\" width=\"1024\" height=\"683\" src=\"https:\/\/natoura.si\/wp-content\/uploads\/2021\/10\/IMG_2906-1024x683.gif\" class=\"attachment-large size-large wp-image-5729\" alt=\"\" srcset=\"https:\/\/natoura.si\/wp-content\/uploads\/2021\/10\/IMG_2906-1024x683.gif 1024w, https:\/\/natoura.si\/wp-content\/uploads\/2021\/10\/IMG_2906-300x200.gif 300w, https:\/\/natoura.si\/wp-content\/uploads\/2021\/10\/IMG_2906-768x512.gif 768w\" sizes=\"(max-width: 1024px) 100vw, 1024px\" \/>\t\t\t\t\t\t\t\t\t\t\t\t\t\t\t<\/div>\n\t\t\t\t<\/div>\n\t\t\t\t<div class=\"elementor-element elementor-element-35acd32 elementor-widget elementor-widget-image\" data-id=\"35acd32\" data-element_type=\"widget\" data-e-type=\"widget\" data-widget_type=\"image.default\">\n\t\t\t\t<div class=\"elementor-widget-container\">\n\t\t\t\t\t\t\t\t\t\t\t\t\t\t\t<img loading=\"lazy\" decoding=\"async\" width=\"964\" height=\"889\" src=\"https:\/\/natoura.si\/wp-content\/uploads\/2021\/10\/IMG_2923.gif\" class=\"attachment-large size-large wp-image-5731\" alt=\"\" \/>\t\t\t\t\t\t\t\t\t\t\t\t\t\t\t<\/div>\n\t\t\t\t<\/div>\n\t\t\t\t\t<\/div>\n\t\t<\/div>\n\t\t\t\t\t<\/div>\n\t\t<\/section>\n\t\t\t\t<section class=\"elementor-section elementor-top-section elementor-element elementor-element-c8d0f00 elementor-section-boxed elementor-section-height-default elementor-section-height-default\" data-id=\"c8d0f00\" data-element_type=\"section\" data-e-type=\"section\">\n\t\t\t\t\t\t<div class=\"elementor-container elementor-column-gap-default\">\n\t\t\t\t\t<div class=\"elementor-column elementor-col-100 elementor-top-column elementor-element elementor-element-0054d05\" data-id=\"0054d05\" data-element_type=\"column\" data-e-type=\"column\">\n\t\t\t<div class=\"elementor-widget-wrap elementor-element-populated\">\n\t\t\t\t\t\t<div class=\"elementor-element elementor-element-dce6c9f elementor-widget elementor-widget-text-editor\" data-id=\"dce6c9f\" data-element_type=\"widget\" data-e-type=\"widget\" data-widget_type=\"text-editor.default\">\n\t\t\t\t<div class=\"elementor-widget-container\">\n\t\t\t\t\t\t\t\t\t<p><span style=\"color: #ffffff;\">Foto: \u00a9 Janja Benedik, september 2021.<\/span><\/p>\t\t\t\t\t\t\t\t<\/div>\n\t\t\t\t<\/div>\n\t\t\t\t\t<\/div>\n\t\t<\/div>\n\t\t\t\t\t<\/div>\n\t\t<\/section>\n\t\t\t\t<\/div>\n\t\t","protected":false},"excerpt":{"rendered":"<p>Evganejsko gri\u010devje v bli\u017eini Padove predstavlja nekdanji arhipelag v plitvem tropskem morju, ki se je v davni geolo\u0161ki zgodovini nahajalo na delu dana\u0161nje Padske ni\u017eine.Tour Details<\/p>\n","protected":false},"author":1,"featured_media":4355,"parent":0,"menu_order":0,"comment_status":"closed","ping_status":"closed","template":"","meta":{"footnotes":""},"class_list":["post-5717","page","type-page","status-publish","has-post-thumbnail","hentry"],"_links":{"self":[{"href":"https:\/\/natoura.si\/sl_si\/wp-json\/wp\/v2\/pages\/5717","targetHints":{"allow":["GET"]}}],"collection":[{"href":"https:\/\/natoura.si\/sl_si\/wp-json\/wp\/v2\/pages"}],"about":[{"href":"https:\/\/natoura.si\/sl_si\/wp-json\/wp\/v2\/types\/page"}],"author":[{"embeddable":true,"href":"https:\/\/natoura.si\/sl_si\/wp-json\/wp\/v2\/users\/1"}],"replies":[{"embeddable":true,"href":"https:\/\/natoura.si\/sl_si\/wp-json\/wp\/v2\/comments?post=5717"}],"version-history":[{"count":7,"href":"https:\/\/natoura.si\/sl_si\/wp-json\/wp\/v2\/pages\/5717\/revisions"}],"predecessor-version":[{"id":8374,"href":"https:\/\/natoura.si\/sl_si\/wp-json\/wp\/v2\/pages\/5717\/revisions\/8374"}],"wp:featuredmedia":[{"embeddable":true,"href":"https:\/\/natoura.si\/sl_si\/wp-json\/wp\/v2\/media\/4355"}],"wp:attachment":[{"href":"https:\/\/natoura.si\/sl_si\/wp-json\/wp\/v2\/media?parent=5717"}],"curies":[{"name":"wp","href":"https:\/\/api.w.org\/{rel}","templated":true}]}}