{"id":505,"date":"2019-09-05T17:48:04","date_gmt":"2019-09-05T17:48:04","guid":{"rendered":"https:\/\/natoura.si\/?page_id=505"},"modified":"2020-04-11T18:58:41","modified_gmt":"2020-04-11T18:58:41","slug":"od-stepe-do-poplavnih-gozdov","status":"publish","type":"page","link":"https:\/\/natoura.si\/sl_si\/od-stepe-do-poplavnih-gozdov\/","title":{"rendered":"Od stepe do poplavnih gozdov"},"content":{"rendered":"\t\t<div data-elementor-type=\"wp-page\" data-elementor-id=\"505\" class=\"elementor elementor-505\" data-elementor-post-type=\"page\">\n\t\t\t\t\t\t<section class=\"elementor-section elementor-top-section elementor-element elementor-element-fedd1e7 elementor-section-boxed elementor-section-height-default elementor-section-height-default\" data-id=\"fedd1e7\" data-element_type=\"section\" data-e-type=\"section\">\n\t\t\t\t\t\t<div class=\"elementor-container elementor-column-gap-default\">\n\t\t\t\t\t<div class=\"elementor-column elementor-col-100 elementor-top-column elementor-element elementor-element-8921eef\" data-id=\"8921eef\" data-element_type=\"column\" data-e-type=\"column\">\n\t\t\t<div class=\"elementor-widget-wrap elementor-element-populated\">\n\t\t\t\t\t\t<div class=\"elementor-element elementor-element-477e720 elementor-widget elementor-widget-text-editor\" data-id=\"477e720\" data-element_type=\"widget\" data-e-type=\"widget\" data-widget_type=\"text-editor.default\">\n\t\t\t\t<div class=\"elementor-widget-container\">\n\t\t\t\t\t\t\t\t\t<p style=\"text-align: center;\"><span style=\"font-family: Poppins; font-size: 20px; color: #f56450;\">4. &#8211; 6.\u00a0 junij 2021<\/span><\/p><p style=\"text-align: center;\"><span style=\"font-family: Poppins; font-size: 16px; color: #ffffff;\">tridnevni izlet \u2022 avtobus<\/span><\/p><p style=\"text-align: center;\"><span style=\"font-family: Poppins; font-size: 16px; color: #ffffff;\"><em>Bogat preplet naravnih \u017eivljenskih okolij, ki po\u010dasi prehajajo eden iz drugega med kulturno krajino, kjer najdemo sledi zapu\u0161\u010dine iz preteklosti in sedanjosti. Od jezera, ob katerem se zaradi suhe stepske pokrajine nahajajo slani\u0161\u010da, do reke Donave z mokri\u0161\u010di in poplavnimi gozdovi, kjer gnezdijo \u0161torklje, pa popolna rekonstrukcija bivali\u0161\u010d nekdanjega rimskega mesta, kjer se lahko le priklonimo njihovemu tehni\u010dnemu znanju, za konec pa \u0161e plovba po veli\u010dastni reki s \u010dajkami, ki nas bodo popeljale v \u0161e ne tako daljnjo preteklost.<\/em><\/span><\/p>\t\t\t\t\t\t\t\t<\/div>\n\t\t\t\t<\/div>\n\t\t\t\t\t<\/div>\n\t\t<\/div>\n\t\t\t\t\t<\/div>\n\t\t<\/section>\n\t\t\t\t<section class=\"elementor-section elementor-top-section elementor-element elementor-element-56b7211 elementor-section-boxed elementor-section-height-default elementor-section-height-default\" data-id=\"56b7211\" data-element_type=\"section\" data-e-type=\"section\">\n\t\t\t\t\t\t<div class=\"elementor-container elementor-column-gap-default\">\n\t\t\t\t\t<div class=\"elementor-column elementor-col-100 elementor-top-column elementor-element elementor-element-283836e\" data-id=\"283836e\" data-element_type=\"column\" data-e-type=\"column\">\n\t\t\t<div class=\"elementor-widget-wrap elementor-element-populated\">\n\t\t\t\t\t\t<div class=\"elementor-element elementor-element-5396be1 elementor-widget elementor-widget-spacer\" data-id=\"5396be1\" data-element_type=\"widget\" data-e-type=\"widget\" data-widget_type=\"spacer.default\">\n\t\t\t\t<div class=\"elementor-widget-container\">\n\t\t\t\t\t\t\t<div class=\"elementor-spacer\">\n\t\t\t<div class=\"elementor-spacer-inner\"><\/div>\n\t\t<\/div>\n\t\t\t\t\t\t<\/div>\n\t\t\t\t<\/div>\n\t\t\t\t\t<\/div>\n\t\t<\/div>\n\t\t\t\t\t<\/div>\n\t\t<\/section>\n\t\t\t\t<section class=\"elementor-section elementor-top-section elementor-element elementor-element-d6e10b3 elementor-section-boxed elementor-section-height-default elementor-section-height-default\" data-id=\"d6e10b3\" data-element_type=\"section\" data-e-type=\"section\">\n\t\t\t\t\t\t<div class=\"elementor-container elementor-column-gap-default\">\n\t\t\t\t\t<div class=\"elementor-column elementor-col-100 elementor-top-column elementor-element elementor-element-7463218\" data-id=\"7463218\" data-element_type=\"column\" data-e-type=\"column\">\n\t\t\t<div class=\"elementor-widget-wrap elementor-element-populated\">\n\t\t\t\t\t\t<div class=\"elementor-element elementor-element-0cb1472 elementor-widget elementor-widget-eael-adv-tabs\" data-id=\"0cb1472\" data-element_type=\"widget\" data-e-type=\"widget\" data-widget_type=\"eael-adv-tabs.default\">\n\t\t\t\t<div class=\"elementor-widget-container\">\n\t\t\t\t\t        <div data-scroll-on-click=\"no\" data-scroll-speed=\"300\" id=\"eael-advance-tabs-0cb1472\" class=\"eael-advance-tabs eael-tabs-horizontal eael-tab-auto-active \" data-tabid=\"0cb1472\">\n            <div class=\"eael-tabs-nav \">\n                <ul class=\"eael-tab-inline-icon\" role=\"tablist\">\n                                            <li id=\"program\" class=\"inactive eael-tab-item-trigger eael-tab-nav-item\" aria-selected=\"true\" data-tab=\"1\" role=\"tab\" tabindex=\"0\" aria-controls=\"program-tab\" aria-expanded=\"false\">\n                            \n                                                                <i class=\"far fa-folder-open\"><\/i>                                                            \n                                                            <span class=\"eael-tab-title title-after-icon\" >PROGRAM<\/span>                            \n                                                    <\/li>\n                                            <li id=\"cena\" class=\"inactive eael-tab-item-trigger eael-tab-nav-item\" aria-selected=\"false\" data-tab=\"2\" role=\"tab\" tabindex=\"-1\" aria-controls=\"cena-tab\" aria-expanded=\"false\">\n                            \n                                                                <i class=\"fas fa-euro-sign\"><\/i>                                                            \n                                                            <span class=\"eael-tab-title title-after-icon\" >CENA<\/span>                            \n                                                    <\/li>\n                                            <li id=\"pomembno\" class=\"inactive eael-tab-item-trigger eael-tab-nav-item\" aria-selected=\"false\" data-tab=\"3\" role=\"tab\" tabindex=\"-1\" aria-controls=\"pomembno-tab\" aria-expanded=\"false\">\n                            \n                                                                <i class=\"fas fa-exclamation-circle\"><\/i>                                                            \n                                                            <span class=\"eael-tab-title title-after-icon\" >POMEMBNO<\/span>                            \n                                                    <\/li>\n                                            <li id=\"prijava\" class=\"inactive eael-tab-item-trigger eael-tab-nav-item\" aria-selected=\"false\" data-tab=\"4\" role=\"tab\" tabindex=\"-1\" aria-controls=\"prijava-tab\" aria-expanded=\"false\">\n                            \n                                                                <i class=\"far fa-edit\"><\/i>                                                            \n                                                            <span class=\"eael-tab-title title-after-icon\" >PRIJAVA<\/span>                            \n                                                    <\/li>\n                    \n                                  <\/ul>\n            <\/div>\n            \n            <div class=\"eael-tabs-content\">\n\t\t        \n                    <div id=\"program-tab\" class=\"clearfix eael-tab-content-item inactive\" data-title-link=\"program-tab\">\n\t\t\t\t                            <\/div>\n\t\t        \n                    <div id=\"cena-tab\" class=\"clearfix eael-tab-content-item inactive\" data-title-link=\"cena-tab\">\n\t\t\t\t        <p><span style=\"font-family: Poppins;font-size: 16px\"><span style=\"color: #ffffff\">Cena na osebo v dvoposteljni sobi: 305,00 \u20ac (prijavljenih 30 oseb).<\/span> <br \/><\/span><\/p>\n<p><span style=\"font-family: Poppins;font-size: 16px\"><span style=\"color: #9dbc55\">CENA VKLJU\u010cUJE:<\/span><strong><br \/><\/strong><\/span><\/p>\n<ul>\n<li><span style=\"font-family: Poppins;font-size: 16px;color: #ffffff\">prevoz s turisti\u010dnim avtobusom po programu z vsemi pripadajo\u010dimi stro\u0161ki,<\/span><\/li>\n<li><span style=\"font-family: Poppins;font-size: 16px;color: #ffffff\">2 x polpenzion,<\/span><\/li>\n<li><span style=\"font-family: Poppins;font-size: 16px;color: #ffffff\">vse vstopnine in lokalna vodstva,<\/span><\/li>\n<li><span style=\"font-family: Poppins;font-size: 16px;color: #ffffff\">slovenskega vodnika z licenco TZS,<\/span><\/li>\n<li><span style=\"font-family: Poppins;font-size: 16px;color: #ffffff\">organizacijo potovanja.<\/span><\/li>\n<\/ul>\n<p><span style=\"font-family: Poppins;font-size: 16px;color: #9dbc55\">DOPLA\u010cILA PO \u017dELJI:<\/span><\/p>\n<ul>\n<li><span style=\"font-family: Poppins;font-size: 16px;color: #ffffff\">enoposteljna soba: 30,00 \u20ac,<\/span><\/li>\n<li><span style=\"font-family: Poppins;font-size: 16px;color: #ffffff\">zavarovanje za tujino Coris: 9,50 \u20ac,<\/span><\/li>\n<li><span style=\"font-family: Poppins;font-size: 16px;color: #ffffff\"><a style=\"color: #ffffff\" href=\"https:\/\/natoura.si\/wp-content\/uploads\/2020\/03\/IPID-Trip-cancellation-2020.pdf\">zavarovanje rizika odpovedi do 75. leta starosti: enostavna polica (4,3 %) ali raz\u0161irjena polica (6,6,%) vrednosti aran\u017emaja.<\/a><\/span><\/li>\n<li><span style=\"font-family: Poppins;font-size: 16px;color: #ffffff\">Dopla\u010dilo poravnate ob vpla\u010dilu akontacije.<\/span><\/li>\n<\/ul>\n<p><span style=\"font-family: Poppins;font-size: 16px;color: #9dbc55\">OBVEZNO DOPLA\u010cILO OB PRIJAVI MANJ\u0160EGA \u0160TEVILA OSEB:<\/span><\/p>\n<ul>\n<li><span style=\"font-family: Poppins;font-size: 16px;color: #ffffff\">dopla\u010dilo, \u010de bo v skupini le od 25 do 29 oseb: 20,00 \u20ac,<\/span><\/li>\n<li><span style=\"font-family: Poppins;font-size: 16px;color: #ffffff\">dopla\u010dilo, \u010de bo v skupini le od 20 do 24 oseb: 50,00 \u20ac<\/span><\/li>\n<li><span style=\"font-family: Poppins;font-size: 16px;color: #ffffff\">dopla\u010dilo, \u010de bo v skupini le od 15 do 19 oseb: 100,00 \u20ac.<\/span><\/li>\n<\/ul>\n<p><span style=\"font-family: Poppins;font-size: 16px;color: #9dbc55\">POPUST:<\/span><\/p>\n<ul>\n<li><span style=\"font-family: Poppins;font-size: 16px;color: #ffffff\">pla\u010dilo v enem obroku: -5 %.<\/span><\/li>\n<\/ul>\n<p><span style=\"font-family: Poppins;font-size: 16px;color: #ffffff\">Mo\u017eno je pla\u010dilo v 2 obrokih. Oba obroka morata biti pla\u010dana pred odhodom.<\/span><\/p>\n<p><span style=\"font-family: Poppins;font-size: 16px;color: #9dbc55\">V CENO NI VKLJU\u010cENO:<\/span><\/p>\n<ul>\n<li><span style=\"font-family: Poppins;font-size: 16px;color: #ffffff\">vstopnine za morebitne dodatne oglede,<\/span><\/li>\n<li><span style=\"font-family: Poppins;font-size: 16px;color: #ffffff\">dodatna hrana in pija\u010da,<\/span><\/li>\n<li><span style=\"font-family: Poppins;font-size: 16px;color: #ffffff\">vse ostalo, kar ni navedeno posebej.<\/span><\/li>\n<\/ul>                    <\/div>\n\t\t        \n                    <div id=\"pomembno-tab\" class=\"clearfix eael-tab-content-item inactive\" data-title-link=\"pomembno-tab\">\n\t\t\t\t        <ul>\n<li><span style=\"font-family: Poppins;font-size: 16px;color: #ffffff\">med bivanjem na Hrva\u0161kem potniki niso posebej zdravstveno zavarovani, niti ni zavarovana lastnina ali kakr\u0161ne koli po\u0161kodbe (osebne po\u0161kodbe, tatvine, avtomobilske nesre\u010de, ugrabitve, teroristi\u010dni napadi, nemiri v dr\u017eavi, naravne katastrofe kot so potresi, po\u017eari, poplave, plazovi, &#8230;)<\/span><\/li>\n<li><span style=\"font-family: Poppins;font-size: 16px;color: #ffffff\">ne odgovarjamo, \u010de bi se v primeru naravnih nesre\u010d, kot so potresi, po\u017eari, poplave, plazovi, &#8230; moral spremeniti program potovanja,<\/span><\/li>\n<li><span style=\"font-family: Poppins;font-size: 16px;color: #ffffff\">ne odgovarjamo za nesre\u010de ali po\u0161kodbe med trekingom in posledicami le-tega,<\/span><\/li>\n<li><span style=\"font-family: Poppins;font-size: 16px;color: #ffffff\">v primeru povi\u0161anja cen bencina, hotelov ali katerih koli drugih cen, se lahko povi\u0161a cena aran\u017emaja.<\/span><\/li>\n<\/ul>                    <\/div>\n\t\t        \n                    <div id=\"prijava-tab\" class=\"clearfix eael-tab-content-item inactive\" data-title-link=\"prijava-tab\">\n\t\t\t\t        <p><span style=\"font-family: Poppins;font-size: 16px;color: #ffffff\">[contact-form-7 id=&#8221;1107&#8243; title=&#8221;Prijavnica za izlet Od stepe do poplavnih gozdov&#8221;]<\/span><\/p>                    <\/div>\n\t\t                    <\/div>\n        <\/div>\n\t\t\t\t<\/div>\n\t\t\t\t<\/div>\n\t\t\t\t\t<\/div>\n\t\t<\/div>\n\t\t\t\t\t<\/div>\n\t\t<\/section>\n\t\t\t\t<section class=\"elementor-section elementor-top-section elementor-element elementor-element-5394ca4 elementor-section-boxed elementor-section-height-default elementor-section-height-default\" data-id=\"5394ca4\" data-element_type=\"section\" data-e-type=\"section\">\n\t\t\t\t\t\t<div class=\"elementor-container elementor-column-gap-default\">\n\t\t\t\t\t<div class=\"elementor-column elementor-col-100 elementor-top-column elementor-element elementor-element-901303e\" data-id=\"901303e\" data-element_type=\"column\" data-e-type=\"column\">\n\t\t\t<div class=\"elementor-widget-wrap elementor-element-populated\">\n\t\t\t\t\t\t<div class=\"elementor-element elementor-element-53890e5 elementor-widget elementor-widget-spacer\" data-id=\"53890e5\" data-element_type=\"widget\" data-e-type=\"widget\" data-widget_type=\"spacer.default\">\n\t\t\t\t<div class=\"elementor-widget-container\">\n\t\t\t\t\t\t\t<div class=\"elementor-spacer\">\n\t\t\t<div class=\"elementor-spacer-inner\"><\/div>\n\t\t<\/div>\n\t\t\t\t\t\t<\/div>\n\t\t\t\t<\/div>\n\t\t\t\t\t<\/div>\n\t\t<\/div>\n\t\t\t\t\t<\/div>\n\t\t<\/section>\n\t\t\t\t<section class=\"elementor-section elementor-top-section elementor-element elementor-element-9c836f9 elementor-section-boxed elementor-section-height-default elementor-section-height-default\" data-id=\"9c836f9\" data-element_type=\"section\" data-e-type=\"section\">\n\t\t\t\t\t\t<div class=\"elementor-container elementor-column-gap-default\">\n\t\t\t\t\t<div class=\"elementor-column elementor-col-33 elementor-top-column elementor-element elementor-element-34c5be9\" data-id=\"34c5be9\" data-element_type=\"column\" data-e-type=\"column\">\n\t\t\t<div class=\"elementor-widget-wrap elementor-element-populated\">\n\t\t\t\t\t\t<div class=\"elementor-element elementor-element-ac3429e elementor-widget elementor-widget-image\" data-id=\"ac3429e\" data-element_type=\"widget\" data-e-type=\"widget\" data-widget_type=\"image.default\">\n\t\t\t\t<div class=\"elementor-widget-container\">\n\t\t\t\t\t\t\t\t\t\t\t\t\t\t\t<img fetchpriority=\"high\" decoding=\"async\" width=\"860\" height=\"858\" src=\"https:\/\/natoura.si\/wp-content\/uploads\/2020\/03\/Nezidersko-jezero.gif\" class=\"attachment-large size-large wp-image-1765\" alt=\"\" \/>\t\t\t\t\t\t\t\t\t\t\t\t\t\t\t<\/div>\n\t\t\t\t<\/div>\n\t\t\t\t\t<\/div>\n\t\t<\/div>\n\t\t\t\t<div class=\"elementor-column elementor-col-66 elementor-top-column elementor-element elementor-element-446744b\" data-id=\"446744b\" data-element_type=\"column\" data-e-type=\"column\">\n\t\t\t<div class=\"elementor-widget-wrap elementor-element-populated\">\n\t\t\t\t\t\t<div class=\"elementor-element elementor-element-a920425 elementor-widget elementor-widget-text-editor\" data-id=\"a920425\" data-element_type=\"widget\" data-e-type=\"widget\" data-widget_type=\"text-editor.default\">\n\t\t\t\t<div class=\"elementor-widget-container\">\n\t\t\t\t\t\t\t\t\t<p><span style=\"font-family: Poppins; font-size: 16px; color: #9dbc55;\">1. dan: petek, 5. junij 2020<\/span><\/p>\n<p><span style=\"font-family: Poppins; font-size: 16px; color: #ffffff;\">Odhod iz Ljubljane v jutranjih urah, vo\u017enja do NP Ne\u017eidersko jezero v Avstriji blizu mad\u017earske meje. Ne\u017eidersko jezero predstavlja pisan mozaik razli\u010dnih \u017eivljenjskih prostorov, ki vklju\u010dujejo tudi slani\u0161\u010da in mokri\u0161\u010da, tam pa \u017eivijo \u0161tevilne rastlinske in \u017eivalske vrste, ki si jih bomo ogledali pod strokovnim vodstvom sodelavcev parka. Po ogledu se bomo odpeljali do rojstne hi\u0161e skladatelja Josepha Haydna, dan pa zaklju\u010dili s sprehodom po delu nekdanjega rimskega mesta Carnuntum, kjer bomo v hotelu imeli tudi ve\u010derjo in preno\u010devanje.<\/span><\/p>\t\t\t\t\t\t\t\t<\/div>\n\t\t\t\t<\/div>\n\t\t\t\t\t<\/div>\n\t\t<\/div>\n\t\t\t\t\t<\/div>\n\t\t<\/section>\n\t\t\t\t<section class=\"elementor-section elementor-top-section elementor-element elementor-element-8eecf04 elementor-section-boxed elementor-section-height-default elementor-section-height-default\" data-id=\"8eecf04\" data-element_type=\"section\" data-e-type=\"section\">\n\t\t\t\t\t\t<div class=\"elementor-container elementor-column-gap-default\">\n\t\t\t\t\t<div class=\"elementor-column elementor-col-66 elementor-top-column elementor-element elementor-element-6686c06\" data-id=\"6686c06\" data-element_type=\"column\" data-e-type=\"column\">\n\t\t\t<div class=\"elementor-widget-wrap elementor-element-populated\">\n\t\t\t\t\t\t<div class=\"elementor-element elementor-element-4e6cff6 elementor-widget elementor-widget-text-editor\" data-id=\"4e6cff6\" data-element_type=\"widget\" data-e-type=\"widget\" data-widget_type=\"text-editor.default\">\n\t\t\t\t<div class=\"elementor-widget-container\">\n\t\t\t\t\t\t\t\t\t<p><span style=\"font-family: Poppins; font-size: 16px; color: #9dbc55;\">2. dan: sobota, 6. junij 2020<\/span><\/p>\n<p><span style=\"font-family: Poppins; font-size: 16px; color: #ffffff;\">Po zajtrku si bomo ogledali \u0161e del Carnuntuma, ki je ohranjen v sklopu arheolo\u0161kega parka z rekonstrukcijami nekaterih rimskih stavb in vso notranjo opremo prostorov, kar nas bo popeljalo v resni\u010dnost pred skoraj 2000 leti. Sledila bo vo\u017enja do bli\u017enjega NP Donau-Auen, kjer si bomo ogledali ohranjene poplavne gozdove in suhe travnike ob reki Donavi in se seznanili z biotsko pestrostjo tega obmo\u010dja s strokovnjaki NP.<\/span><\/p>\t\t\t\t\t\t\t\t<\/div>\n\t\t\t\t<\/div>\n\t\t\t\t\t<\/div>\n\t\t<\/div>\n\t\t\t\t<div class=\"elementor-column elementor-col-33 elementor-top-column elementor-element elementor-element-f3810da\" data-id=\"f3810da\" data-element_type=\"column\" data-e-type=\"column\">\n\t\t\t<div class=\"elementor-widget-wrap elementor-element-populated\">\n\t\t\t\t\t\t<div class=\"elementor-element elementor-element-82f61c6 elementor-widget elementor-widget-image\" data-id=\"82f61c6\" data-element_type=\"widget\" data-e-type=\"widget\" data-widget_type=\"image.default\">\n\t\t\t\t<div class=\"elementor-widget-container\">\n\t\t\t\t\t\t\t\t\t\t\t\t\t\t\t<img decoding=\"async\" width=\"858\" height=\"858\" src=\"https:\/\/natoura.si\/wp-content\/uploads\/2020\/03\/Carnuntum1.gif\" class=\"attachment-large size-large wp-image-1766\" alt=\"\" \/>\t\t\t\t\t\t\t\t\t\t\t\t\t\t\t<\/div>\n\t\t\t\t<\/div>\n\t\t\t\t\t<\/div>\n\t\t<\/div>\n\t\t\t\t\t<\/div>\n\t\t<\/section>\n\t\t\t\t<section class=\"elementor-section elementor-top-section elementor-element elementor-element-8148e19 elementor-section-boxed elementor-section-height-default elementor-section-height-default\" data-id=\"8148e19\" data-element_type=\"section\" data-e-type=\"section\">\n\t\t\t\t\t\t<div class=\"elementor-container elementor-column-gap-default\">\n\t\t\t\t\t<div class=\"elementor-column elementor-col-33 elementor-top-column elementor-element elementor-element-b94f8eb\" data-id=\"b94f8eb\" data-element_type=\"column\" data-e-type=\"column\">\n\t\t\t<div class=\"elementor-widget-wrap elementor-element-populated\">\n\t\t\t\t\t\t<div class=\"elementor-element elementor-element-8464325 elementor-widget elementor-widget-image\" data-id=\"8464325\" data-element_type=\"widget\" data-e-type=\"widget\" data-widget_type=\"image.default\">\n\t\t\t\t<div class=\"elementor-widget-container\">\n\t\t\t\t\t\t\t\t\t\t\t\t\t\t\t<img decoding=\"async\" width=\"805\" height=\"801\" src=\"https:\/\/natoura.si\/wp-content\/uploads\/2020\/03\/Storklja.gif\" class=\"attachment-large size-large wp-image-1767\" alt=\"\" \/>\t\t\t\t\t\t\t\t\t\t\t\t\t\t\t<\/div>\n\t\t\t\t<\/div>\n\t\t\t\t\t<\/div>\n\t\t<\/div>\n\t\t\t\t<div class=\"elementor-column elementor-col-66 elementor-top-column elementor-element elementor-element-0d02111\" data-id=\"0d02111\" data-element_type=\"column\" data-e-type=\"column\">\n\t\t\t<div class=\"elementor-widget-wrap elementor-element-populated\">\n\t\t\t\t\t\t<div class=\"elementor-element elementor-element-8fef155 elementor-widget elementor-widget-text-editor\" data-id=\"8fef155\" data-element_type=\"widget\" data-e-type=\"widget\" data-widget_type=\"text-editor.default\">\n\t\t\t\t<div class=\"elementor-widget-container\">\n\t\t\t\t\t\t\t\t\t<p><span style=\"font-size: 16px; font-family: Poppins; color: #9dbc55;\">3. dan: nedelja, 7. junij 2020<\/span><\/p>\n<p><span style=\"font-size: 16px; font-family: Poppins; color: #ffffff;\">Zadnji dan si bomo v bli\u017eini meje med Avstrijo in Slova\u0161ko ogledali rezervat Marchegg, kjer domuje velika kolonija belih \u0161torkelj, ki svoja gnezda gradijo na starih hrastih. Malo redkej\u0161e so tu tudi \u010drne \u0161torklje in ob sprehodu bomo gotovo naleteli \u0161e na katero od ptic, ki si v bli\u017enjih mokri\u0161\u010dih i\u0161\u010de hrano. Na poti proti Sloveniji se bomo ustavili \u0161e v kraju Orth an der Donau, kjer si bomo ogledali star mlin na vodi in zna\u010dilno donavsko plovilo \u010dajko. Sledila bo vo\u017enja proti Ljubljani, kamor bomo prispeli v ve\u010dernih urah.<\/span><\/p>\n<p>\u00a0<\/p>\t\t\t\t\t\t\t\t<\/div>\n\t\t\t\t<\/div>\n\t\t\t\t\t<\/div>\n\t\t<\/div>\n\t\t\t\t\t<\/div>\n\t\t<\/section>\n\t\t\t\t<section class=\"elementor-section elementor-top-section elementor-element elementor-element-4433cbeb elementor-section-boxed elementor-section-height-default elementor-section-height-default\" data-id=\"4433cbeb\" data-element_type=\"section\" data-e-type=\"section\">\n\t\t\t\t\t\t<div class=\"elementor-container elementor-column-gap-default\">\n\t\t\t\t\t<div class=\"elementor-column elementor-col-100 elementor-top-column elementor-element elementor-element-131d4ab7\" data-id=\"131d4ab7\" data-element_type=\"column\" data-e-type=\"column\">\n\t\t\t<div class=\"elementor-widget-wrap elementor-element-populated\">\n\t\t\t\t\t\t<div class=\"elementor-element elementor-element-469fd0ee elementor-widget elementor-widget-text-editor\" data-id=\"469fd0ee\" data-element_type=\"widget\" data-e-type=\"widget\" data-widget_type=\"text-editor.default\">\n\t\t\t\t<div class=\"elementor-widget-container\">\n\t\t\t\t\t\t\t\t\t<p><span style=\"font-family: Poppins; font-size: 16px; color: #ffffff;\"><span style=\"color: #9dbc55;\"><a style=\"color: #9dbc55;\" href=\"https:\/\/natoura.si\/splosni-pogoji-poslovanja\/\">Splo\u0161ni pogoji poslovanja<\/a><\/span> so sestavni del programa. Na voljo so na spletni strani https:\/\/natoura.si.<\/span><\/p>\n<p><span style=\"font-family: Poppins; font-size: 16px; color: #ffffff;\">Avtorica programa: \u00a9 Janja Benedik, 2019.<\/span><\/p>\n<p><span style=\"font-family: Poppins; font-size: 16px; color: #ffffff;\">Organizator in izvajalec programa: \u00a9 naTOURa, Janja Benedik s. p., 2019-2020.<\/span><\/p>\t\t\t\t\t\t\t\t<\/div>\n\t\t\t\t<\/div>\n\t\t\t\t\t<\/div>\n\t\t<\/div>\n\t\t\t\t\t<\/div>\n\t\t<\/section>\n\t\t\t\t<\/div>\n\t\t","protected":false},"excerpt":{"rendered":"<p>4. &#8211; 6.\u00a0 junij 2021 tridnevni izlet \u2022 avtobus Bogat preplet naravnih \u017eivljenskih okolij, ki po\u010dasi prehajajo eden iz drugega med kulturno krajino, kjer najdemoTour Details<\/p>\n","protected":false},"author":1,"featured_media":1763,"parent":0,"menu_order":0,"comment_status":"closed","ping_status":"closed","template":"","meta":{"footnotes":""},"class_list":["post-505","page","type-page","status-publish","has-post-thumbnail","hentry"],"_links":{"self":[{"href":"https:\/\/natoura.si\/sl_si\/wp-json\/wp\/v2\/pages\/505","targetHints":{"allow":["GET"]}}],"collection":[{"href":"https:\/\/natoura.si\/sl_si\/wp-json\/wp\/v2\/pages"}],"about":[{"href":"https:\/\/natoura.si\/sl_si\/wp-json\/wp\/v2\/types\/page"}],"author":[{"embeddable":true,"href":"https:\/\/natoura.si\/sl_si\/wp-json\/wp\/v2\/users\/1"}],"replies":[{"embeddable":true,"href":"https:\/\/natoura.si\/sl_si\/wp-json\/wp\/v2\/comments?post=505"}],"version-history":[{"count":15,"href":"https:\/\/natoura.si\/sl_si\/wp-json\/wp\/v2\/pages\/505\/revisions"}],"predecessor-version":[{"id":2153,"href":"https:\/\/natoura.si\/sl_si\/wp-json\/wp\/v2\/pages\/505\/revisions\/2153"}],"wp:featuredmedia":[{"embeddable":true,"href":"https:\/\/natoura.si\/sl_si\/wp-json\/wp\/v2\/media\/1763"}],"wp:attachment":[{"href":"https:\/\/natoura.si\/sl_si\/wp-json\/wp\/v2\/media?parent=505"}],"curies":[{"name":"wp","href":"https:\/\/api.w.org\/{rel}","templated":true}]}}