{"id":4702,"date":"2021-07-16T07:16:10","date_gmt":"2021-07-16T07:16:10","guid":{"rendered":"https:\/\/natoura.si\/?page_id=4702"},"modified":"2021-07-16T09:39:23","modified_gmt":"2021-07-16T09:39:23","slug":"ziljska-dolina-program","status":"publish","type":"page","link":"https:\/\/natoura.si\/sl_si\/ziljska-dolina-program\/","title":{"rendered":"Ziljska dolina &#8211; program"},"content":{"rendered":"\t\t<div data-elementor-type=\"wp-page\" data-elementor-id=\"4702\" class=\"elementor elementor-4702\" data-elementor-post-type=\"page\">\n\t\t\t\t\t\t<section class=\"elementor-section elementor-top-section elementor-element elementor-element-458936a elementor-section-boxed elementor-section-height-default elementor-section-height-default\" data-id=\"458936a\" data-element_type=\"section\" data-e-type=\"section\">\n\t\t\t\t\t\t<div class=\"elementor-container elementor-column-gap-default\">\n\t\t\t\t\t<div class=\"elementor-column elementor-col-33 elementor-top-column elementor-element elementor-element-54469bc\" data-id=\"54469bc\" data-element_type=\"column\" data-e-type=\"column\">\n\t\t\t<div class=\"elementor-widget-wrap elementor-element-populated\">\n\t\t\t\t\t\t<div class=\"elementor-element elementor-element-7578f08 elementor-widget elementor-widget-image\" data-id=\"7578f08\" data-element_type=\"widget\" data-e-type=\"widget\" data-widget_type=\"image.default\">\n\t\t\t\t<div class=\"elementor-widget-container\">\n\t\t\t\t\t\t\t\t\t\t\t\t\t\t\t<img fetchpriority=\"high\" decoding=\"async\" width=\"525\" height=\"525\" src=\"https:\/\/natoura.si\/wp-content\/uploads\/2021\/07\/Soteska.gif\" class=\"attachment-large size-large wp-image-4705\" alt=\"\" \/>\t\t\t\t\t\t\t\t\t\t\t\t\t\t\t<\/div>\n\t\t\t\t<\/div>\n\t\t\t\t\t<\/div>\n\t\t<\/div>\n\t\t\t\t<div class=\"elementor-column elementor-col-33 elementor-top-column elementor-element elementor-element-e6b39ee\" data-id=\"e6b39ee\" data-element_type=\"column\" data-e-type=\"column\">\n\t\t\t<div class=\"elementor-widget-wrap elementor-element-populated\">\n\t\t\t\t\t\t<div class=\"elementor-element elementor-element-366f5b1 elementor-widget elementor-widget-image\" data-id=\"366f5b1\" data-element_type=\"widget\" data-e-type=\"widget\" data-widget_type=\"image.default\">\n\t\t\t\t<div class=\"elementor-widget-container\">\n\t\t\t\t\t\t\t\t\t\t\t\t\t\t\t<img decoding=\"async\" width=\"525\" height=\"525\" src=\"https:\/\/natoura.si\/wp-content\/uploads\/2021\/07\/Soteska2.gif\" class=\"attachment-large size-large wp-image-4706\" alt=\"\" \/>\t\t\t\t\t\t\t\t\t\t\t\t\t\t\t<\/div>\n\t\t\t\t<\/div>\n\t\t\t\t\t<\/div>\n\t\t<\/div>\n\t\t\t\t<div class=\"elementor-column elementor-col-33 elementor-top-column elementor-element elementor-element-b54301e\" data-id=\"b54301e\" data-element_type=\"column\" data-e-type=\"column\">\n\t\t\t<div class=\"elementor-widget-wrap elementor-element-populated\">\n\t\t\t\t\t\t<div class=\"elementor-element elementor-element-63d458a elementor-widget elementor-widget-image\" data-id=\"63d458a\" data-element_type=\"widget\" data-e-type=\"widget\" data-widget_type=\"image.default\">\n\t\t\t\t<div class=\"elementor-widget-container\">\n\t\t\t\t\t\t\t\t\t\t\t\t\t\t\t<img decoding=\"async\" width=\"525\" height=\"525\" src=\"https:\/\/natoura.si\/wp-content\/uploads\/2021\/07\/IMG_7962.gif\" class=\"attachment-large size-large wp-image-4714\" alt=\"\" \/>\t\t\t\t\t\t\t\t\t\t\t\t\t\t\t<\/div>\n\t\t\t\t<\/div>\n\t\t\t\t\t<\/div>\n\t\t<\/div>\n\t\t\t\t\t<\/div>\n\t\t<\/section>\n\t\t\t\t<section class=\"elementor-section elementor-top-section elementor-element elementor-element-2b88f31 elementor-section-boxed elementor-section-height-default elementor-section-height-default\" data-id=\"2b88f31\" data-element_type=\"section\" data-e-type=\"section\">\n\t\t\t\t\t\t<div class=\"elementor-container elementor-column-gap-default\">\n\t\t\t\t\t<div class=\"elementor-column elementor-col-100 elementor-top-column elementor-element elementor-element-85a25fe\" data-id=\"85a25fe\" data-element_type=\"column\" data-e-type=\"column\">\n\t\t\t<div class=\"elementor-widget-wrap elementor-element-populated\">\n\t\t\t\t\t\t<div class=\"elementor-element elementor-element-4964130 elementor-widget elementor-widget-text-editor\" data-id=\"4964130\" data-element_type=\"widget\" data-e-type=\"widget\" data-widget_type=\"text-editor.default\">\n\t\t\t\t<div class=\"elementor-widget-container\">\n\t\t\t\t\t\t\t\t\t<p><span style=\"color: #ffffff;\">Iz Ljubljane se bomo peljali proti Avstriji \u010dez Korensko sedlo in po regionalni cesti do \u0160mohorja (Hermagor), upravnega in gospodarskega sredi\u0161\u010da Ziljske doline. V bli\u017enji Modrinji vasi (M\u00f6derndorf) je izhodi\u0161\u010de za eno najlep\u0161ih sotesk v Avstriji, to je Krni\u0161ka soteska (Garnitzenklamm), ki je s svojo slikovitostjo zaradi \u0161tevilnih slapi\u0161\u010d, korit, strmih sten in ponekod ozkih prehodov resni\u010dno pravo do\u017eivetje. Prehodili bomo le njen najlep\u0161i del (prva dva odseka od treh, pribl. 4,5 km v obe smeri, 250 m vi\u0161inske razlike), potem pa se bomo vrnili v Modrinjo vas, kjer se bomo ustavili ob cerkvici Sv. Martina in se seznanili z zna\u010dilno koro\u0161ko arhitekturo. Nadaljevali bomo z vo\u017enjo skozi\u00a0 vasi Limar\u010de (Fritzendorf) in Brdo (Egg) do obrobja Prese\u0161kega jezera, kjer bomo z razgledne to\u010dke spoznavali njegove zna\u010dilnosti.<\/span><\/p><p><span style=\"color: #ffffff;\">Sledila bo vo\u017enja skozi vasi Gori\u010de (G\u00f6rtschah), \u0160tefan na Zilji (St. Stefan an der Gail) in\u00a0 Bla\u010de (Vorderberg) do Marije v Grapi (Maria Graben), kjer bomo ob \u010dudovito ohranjeni stari arhitekturi spoznali tudi prizadevanja ljudi obvladovati naravo. S spoznavanjem le-tega bomo nadaljevali nedale\u010d stran ob reki Zilji, kjer so pred nekaj leti uspe\u0161no revitalizirali njene mrtvice, ki si jih bomo tudi ogledali. S pogledom na ju\u017ena pobo\u010dja Dobra\u010da, ki so pred 700 leti ob velikem podoru mo\u010dno vplivala na \u017eivljenje ljudi, bomo zapustili Ziljsko dolino in se preko Korenskega sedla vrnili v Slovenijo.<\/span><\/p><p><span style=\"color: #ffffff;\">Prihod v Ljubljano je predviden med 19. in 20. uro.<\/span><\/p>\t\t\t\t\t\t\t\t<\/div>\n\t\t\t\t<\/div>\n\t\t\t\t\t<\/div>\n\t\t<\/div>\n\t\t\t\t\t<\/div>\n\t\t<\/section>\n\t\t\t\t<section class=\"elementor-section elementor-top-section elementor-element elementor-element-c58e283 elementor-section-boxed elementor-section-height-default elementor-section-height-default\" data-id=\"c58e283\" data-element_type=\"section\" data-e-type=\"section\">\n\t\t\t\t\t\t<div class=\"elementor-container elementor-column-gap-default\">\n\t\t\t\t\t<div class=\"elementor-column elementor-col-33 elementor-top-column elementor-element elementor-element-9523e99\" data-id=\"9523e99\" data-element_type=\"column\" data-e-type=\"column\">\n\t\t\t<div class=\"elementor-widget-wrap elementor-element-populated\">\n\t\t\t\t\t\t<div class=\"elementor-element elementor-element-c6e6769 elementor-widget elementor-widget-image\" data-id=\"c6e6769\" data-element_type=\"widget\" data-e-type=\"widget\" data-widget_type=\"image.default\">\n\t\t\t\t<div class=\"elementor-widget-container\">\n\t\t\t\t\t\t\t\t\t\t\t\t\t\t\t<img loading=\"lazy\" decoding=\"async\" width=\"525\" height=\"525\" src=\"https:\/\/natoura.si\/wp-content\/uploads\/2021\/07\/Modrinja-vas.gif\" class=\"attachment-large size-large wp-image-4707\" alt=\"\" \/>\t\t\t\t\t\t\t\t\t\t\t\t\t\t\t<\/div>\n\t\t\t\t<\/div>\n\t\t\t\t\t<\/div>\n\t\t<\/div>\n\t\t\t\t<div class=\"elementor-column elementor-col-33 elementor-top-column elementor-element elementor-element-ef5ab8b\" data-id=\"ef5ab8b\" data-element_type=\"column\" data-e-type=\"column\">\n\t\t\t<div class=\"elementor-widget-wrap elementor-element-populated\">\n\t\t\t\t\t\t<div class=\"elementor-element elementor-element-6548113 elementor-widget elementor-widget-image\" data-id=\"6548113\" data-element_type=\"widget\" data-e-type=\"widget\" data-widget_type=\"image.default\">\n\t\t\t\t<div class=\"elementor-widget-container\">\n\t\t\t\t\t\t\t\t\t\t\t\t\t\t\t<img loading=\"lazy\" decoding=\"async\" width=\"525\" height=\"525\" src=\"https:\/\/natoura.si\/wp-content\/uploads\/2021\/07\/Marija-v-Grapi.gif\" class=\"attachment-large size-large wp-image-4709\" alt=\"\" \/>\t\t\t\t\t\t\t\t\t\t\t\t\t\t\t<\/div>\n\t\t\t\t<\/div>\n\t\t\t\t\t<\/div>\n\t\t<\/div>\n\t\t\t\t<div class=\"elementor-column elementor-col-33 elementor-top-column elementor-element elementor-element-67b47e2\" data-id=\"67b47e2\" data-element_type=\"column\" data-e-type=\"column\">\n\t\t\t<div class=\"elementor-widget-wrap elementor-element-populated\">\n\t\t\t\t\t\t<div class=\"elementor-element elementor-element-8e8f1fb elementor-widget elementor-widget-image\" data-id=\"8e8f1fb\" data-element_type=\"widget\" data-e-type=\"widget\" data-widget_type=\"image.default\">\n\t\t\t\t<div class=\"elementor-widget-container\">\n\t\t\t\t\t\t\t\t\t\t\t\t\t\t\t<img loading=\"lazy\" decoding=\"async\" width=\"525\" height=\"525\" src=\"https:\/\/natoura.si\/wp-content\/uploads\/2021\/07\/Mrtvica-Zilje2.gif\" class=\"attachment-large size-large wp-image-4715\" alt=\"\" \/>\t\t\t\t\t\t\t\t\t\t\t\t\t\t\t<\/div>\n\t\t\t\t<\/div>\n\t\t\t\t\t<\/div>\n\t\t<\/div>\n\t\t\t\t\t<\/div>\n\t\t<\/section>\n\t\t\t\t<section class=\"elementor-section elementor-top-section elementor-element elementor-element-6a1e364 elementor-section-boxed elementor-section-height-default elementor-section-height-default\" data-id=\"6a1e364\" data-element_type=\"section\" data-e-type=\"section\">\n\t\t\t\t\t\t<div class=\"elementor-container elementor-column-gap-default\">\n\t\t\t\t\t<div class=\"elementor-column elementor-col-100 elementor-top-column elementor-element elementor-element-a059ba3\" data-id=\"a059ba3\" data-element_type=\"column\" data-e-type=\"column\">\n\t\t\t<div class=\"elementor-widget-wrap elementor-element-populated\">\n\t\t\t\t\t\t<div class=\"elementor-element elementor-element-b39cfa6 elementor-widget elementor-widget-text-editor\" data-id=\"b39cfa6\" data-element_type=\"widget\" data-e-type=\"widget\" data-widget_type=\"text-editor.default\">\n\t\t\t\t<div class=\"elementor-widget-container\">\n\t\t\t\t\t\t\t\t\t<p><span style=\"color: #ffffff;\">Vodstvo: Janja Benedik.<\/span><\/p><p><span style=\"color: #ffffff;\">Avtorica programa in fotografij: \u00a9 Janja Benedik, 2020-2021.<\/span><\/p><p><span style=\"color: #f56450;\">PODROBNEJ\u0160E INFORMACIJE O IZLETU BOSTE PRIJAVLJENI PREJELI PO ELEKTRONSKI PO\u0160TI TRI DNI PRED ODHODOM.<\/span><\/p><div class=\"elementor-container elementor-column-gap-default\"><div class=\"elementor-row\"><div class=\"elementor-column elementor-col-100 elementor-top-column elementor-element elementor-element-271362bf\" data-id=\"271362bf\" data-element_type=\"column\"><div class=\"elementor-column-wrap elementor-element-populated\"><div class=\"elementor-widget-wrap\"><div class=\"elementor-element elementor-element-37c1f47b elementor-widget elementor-widget-text-editor\" data-id=\"37c1f47b\" data-element_type=\"widget\" data-widget_type=\"text-editor.default\"><div class=\"elementor-widget-container\"><div class=\"elementor-text-editor elementor-clearfix\"><p><span style=\"color: #ffffff;\"><a style=\"color: #ffffff;\" href=\"https:\/\/natoura.si\/splosni-pogoji-poslovanja\/\">S<\/a><a style=\"color: #ffffff;\" href=\"https:\/\/natoura.si\/splosni-pogoji-poslovanja\/\">plo\u0161ni pogoji poslovanja<\/a> so sestavni del programa. Na voljo so na spletni strani https:\/\/natoura.si.<\/span><\/p><p><span style=\"color: #ffffff;\">Organizator in izvajalec izleta: \u00a9 <span style=\"font-family: Nothing You Could Do;\">naTOURa<\/span>, potovalna agencija, Janja Benedik s. p., 2021.<\/span><\/p><\/div><\/div><\/div><\/div><\/div><\/div><\/div><\/div>\t\t\t\t\t\t\t\t<\/div>\n\t\t\t\t<\/div>\n\t\t\t\t\t<\/div>\n\t\t<\/div>\n\t\t\t\t\t<\/div>\n\t\t<\/section>\n\t\t\t\t<\/div>\n\t\t","protected":false},"excerpt":{"rendered":"<p>Iz Ljubljane se bomo peljali proti Avstriji \u010dez Korensko sedlo in po regionalni cesti do \u0160mohorja (Hermagor), upravnega in gospodarskega sredi\u0161\u010da Ziljske doline. V bli\u017enjiTour Details<\/p>\n","protected":false},"author":1,"featured_media":4703,"parent":0,"menu_order":0,"comment_status":"closed","ping_status":"closed","template":"","meta":{"footnotes":""},"class_list":["post-4702","page","type-page","status-publish","has-post-thumbnail","hentry"],"_links":{"self":[{"href":"https:\/\/natoura.si\/sl_si\/wp-json\/wp\/v2\/pages\/4702","targetHints":{"allow":["GET"]}}],"collection":[{"href":"https:\/\/natoura.si\/sl_si\/wp-json\/wp\/v2\/pages"}],"about":[{"href":"https:\/\/natoura.si\/sl_si\/wp-json\/wp\/v2\/types\/page"}],"author":[{"embeddable":true,"href":"https:\/\/natoura.si\/sl_si\/wp-json\/wp\/v2\/users\/1"}],"replies":[{"embeddable":true,"href":"https:\/\/natoura.si\/sl_si\/wp-json\/wp\/v2\/comments?post=4702"}],"version-history":[{"count":10,"href":"https:\/\/natoura.si\/sl_si\/wp-json\/wp\/v2\/pages\/4702\/revisions"}],"predecessor-version":[{"id":4722,"href":"https:\/\/natoura.si\/sl_si\/wp-json\/wp\/v2\/pages\/4702\/revisions\/4722"}],"wp:featuredmedia":[{"embeddable":true,"href":"https:\/\/natoura.si\/sl_si\/wp-json\/wp\/v2\/media\/4703"}],"wp:attachment":[{"href":"https:\/\/natoura.si\/sl_si\/wp-json\/wp\/v2\/media?parent=4702"}],"curies":[{"name":"wp","href":"https:\/\/api.w.org\/{rel}","templated":true}]}}