{"id":4679,"date":"2021-06-29T08:40:26","date_gmt":"2021-06-29T08:40:26","guid":{"rendered":"https:\/\/natoura.si\/?page_id=4679"},"modified":"2021-07-27T06:18:26","modified_gmt":"2021-07-27T06:18:26","slug":"prekmurje-program","status":"publish","type":"page","link":"https:\/\/natoura.si\/sl_si\/prekmurje-program\/","title":{"rendered":"Preko Mure &#8211; program"},"content":{"rendered":"\t\t<div data-elementor-type=\"wp-page\" data-elementor-id=\"4679\" class=\"elementor elementor-4679\" data-elementor-post-type=\"page\">\n\t\t\t\t\t\t<section class=\"elementor-section elementor-top-section elementor-element elementor-element-5746b8f elementor-section-boxed elementor-section-height-default elementor-section-height-default\" data-id=\"5746b8f\" data-element_type=\"section\" data-e-type=\"section\">\n\t\t\t\t\t\t<div class=\"elementor-container elementor-column-gap-default\">\n\t\t\t\t\t<div class=\"elementor-column elementor-col-33 elementor-top-column elementor-element elementor-element-053c046\" data-id=\"053c046\" data-element_type=\"column\" data-e-type=\"column\">\n\t\t\t<div class=\"elementor-widget-wrap elementor-element-populated\">\n\t\t\t\t\t\t<div class=\"elementor-element elementor-element-f4ccc38 elementor-widget elementor-widget-image\" data-id=\"f4ccc38\" data-element_type=\"widget\" data-e-type=\"widget\" data-widget_type=\"image.default\">\n\t\t\t\t<div class=\"elementor-widget-container\">\n\t\t\t\t\t\t\t\t\t\t\t\t\t\t\t<img fetchpriority=\"high\" decoding=\"async\" width=\"800\" height=\"800\" src=\"https:\/\/natoura.si\/wp-content\/uploads\/2021\/06\/Napovedna-Haloze.gif\" class=\"attachment-large size-large wp-image-4198\" alt=\"\" \/>\t\t\t\t\t\t\t\t\t\t\t\t\t\t\t<\/div>\n\t\t\t\t<\/div>\n\t\t\t\t\t<\/div>\n\t\t<\/div>\n\t\t\t\t<div class=\"elementor-column elementor-col-33 elementor-top-column elementor-element elementor-element-349bef1\" data-id=\"349bef1\" data-element_type=\"column\" data-e-type=\"column\">\n\t\t\t<div class=\"elementor-widget-wrap elementor-element-populated\">\n\t\t\t\t\t\t<div class=\"elementor-element elementor-element-dc0481c elementor-widget elementor-widget-image\" data-id=\"dc0481c\" data-element_type=\"widget\" data-e-type=\"widget\" data-widget_type=\"image.default\">\n\t\t\t\t<div class=\"elementor-widget-container\">\n\t\t\t\t\t\t\t\t\t\t\t\t\t\t\t<img decoding=\"async\" width=\"800\" height=\"800\" src=\"https:\/\/natoura.si\/wp-content\/uploads\/2021\/07\/Gradisce.gif\" class=\"attachment-large size-large wp-image-4808\" alt=\"\" \/>\t\t\t\t\t\t\t\t\t\t\t\t\t\t\t<\/div>\n\t\t\t\t<\/div>\n\t\t\t\t\t<\/div>\n\t\t<\/div>\n\t\t\t\t<div class=\"elementor-column elementor-col-33 elementor-top-column elementor-element elementor-element-a4d0b20\" data-id=\"a4d0b20\" data-element_type=\"column\" data-e-type=\"column\">\n\t\t\t<div class=\"elementor-widget-wrap elementor-element-populated\">\n\t\t\t\t\t\t<div class=\"elementor-element elementor-element-2d6114b elementor-widget elementor-widget-image\" data-id=\"2d6114b\" data-element_type=\"widget\" data-e-type=\"widget\" data-widget_type=\"image.default\">\n\t\t\t\t<div class=\"elementor-widget-container\">\n\t\t\t\t\t\t\t\t\t\t\t\t\t\t\t<img decoding=\"async\" width=\"800\" height=\"800\" src=\"https:\/\/natoura.si\/wp-content\/uploads\/2021\/06\/Kamenci.jpg\" class=\"attachment-large size-large wp-image-4685\" alt=\"\" srcset=\"https:\/\/natoura.si\/wp-content\/uploads\/2021\/06\/Kamenci.jpg 800w, https:\/\/natoura.si\/wp-content\/uploads\/2021\/06\/Kamenci-300x300.jpg 300w, https:\/\/natoura.si\/wp-content\/uploads\/2021\/06\/Kamenci-150x150.jpg 150w, https:\/\/natoura.si\/wp-content\/uploads\/2021\/06\/Kamenci-768x768.jpg 768w\" sizes=\"(max-width: 800px) 100vw, 800px\" \/>\t\t\t\t\t\t\t\t\t\t\t\t\t\t\t<\/div>\n\t\t\t\t<\/div>\n\t\t\t\t\t<\/div>\n\t\t<\/div>\n\t\t\t\t\t<\/div>\n\t\t<\/section>\n\t\t\t\t<section class=\"elementor-section elementor-top-section elementor-element elementor-element-be108fd elementor-section-boxed elementor-section-height-default elementor-section-height-default\" data-id=\"be108fd\" data-element_type=\"section\" data-e-type=\"section\">\n\t\t\t\t\t\t<div class=\"elementor-container elementor-column-gap-default\">\n\t\t\t\t\t<div class=\"elementor-column elementor-col-100 elementor-top-column elementor-element elementor-element-0dc05be\" data-id=\"0dc05be\" data-element_type=\"column\" data-e-type=\"column\">\n\t\t\t<div class=\"elementor-widget-wrap elementor-element-populated\">\n\t\t\t\t\t\t<div class=\"elementor-element elementor-element-11e1f2c elementor-widget elementor-widget-text-editor\" data-id=\"11e1f2c\" data-element_type=\"widget\" data-e-type=\"widget\" data-widget_type=\"text-editor.default\">\n\t\t\t\t<div class=\"elementor-widget-container\">\n\t\t\t\t\t\t\t\t\t<p><span style=\"font-family: Poppins; color: #9dbc55;\">1. dan: 4. september 2021<\/span><\/p><p><span style=\"color: #ffffff;\">Zjutraj odhod iz Ljubljane po \u0161tajerski avtocesti mimo Ptuja in Ormo\u017ea do <strong>Naravnega rezervata<\/strong><strong>Ormo\u0161ke lagune<\/strong>. Tam so v nekdanjih bazenih odpadne vode Tovarne sladkorja Ormo\u017e po njenem propadu ponovno vzpostavili bivali\u0161\u010da, primerna za \u0161tevilne redke in ogro\u017eene vrste ptic, za vzdr\u017eevanje nizke vegetacije pa so naselili azijske vodne bivole. Po dolgi vo\u017enji bo sprehod ob vodnih bazenih s pogledi na vodne bivole in zelo zgledno urejenim rezervatom ve\u010d kot dobrodo\u0161el. Sledila bo vo\u017enja proti reki Muri, kjer se bomo v vasi \u0160afarsko ob rekonstrukciji prazgodovinskega naselja <strong>Gradi\u0161\u010de<\/strong> seznanili z na\u010dinom \u017eivljenja enih prvih naseljencev tega obmo\u010dja. Od naselbine se bomo sprehodili ob \u0160\u010davnici do njenega soto\u010dja z reko Muro, nato pa se bomo odpravili v <strong>Cigansko naselje Kamenci <\/strong>pri \u010cren\u0161evcih, kjer bomo dele\u017eni prave ciganske pogostitve z doma\u010dim bogra\u010dem in lokalnim vinom ter izvedeli<\/span> <span style=\"color: #ffffff;\">marsikatero zanimivo zgodbo ljudi, katerih na\u010din \u017eivljenja in razmi\u0161ljanja \u017ee nekaj stoletij buri duhove. Sledila bo vo\u017enja do hotela in preno\u010devanje.<\/span><\/p>\t\t\t\t\t\t\t\t<\/div>\n\t\t\t\t<\/div>\n\t\t\t\t\t<\/div>\n\t\t<\/div>\n\t\t\t\t\t<\/div>\n\t\t<\/section>\n\t\t\t\t<section class=\"elementor-section elementor-top-section elementor-element elementor-element-06a0d6a elementor-section-boxed elementor-section-height-default elementor-section-height-default\" data-id=\"06a0d6a\" data-element_type=\"section\" data-e-type=\"section\">\n\t\t\t\t\t\t<div class=\"elementor-container elementor-column-gap-default\">\n\t\t\t\t\t<div class=\"elementor-column elementor-col-100 elementor-top-column elementor-element elementor-element-f3c647e\" data-id=\"f3c647e\" data-element_type=\"column\" data-e-type=\"column\">\n\t\t\t<div class=\"elementor-widget-wrap elementor-element-populated\">\n\t\t\t\t\t\t<div class=\"elementor-element elementor-element-9e06d72 elementor-widget elementor-widget-text-editor\" data-id=\"9e06d72\" data-element_type=\"widget\" data-e-type=\"widget\" data-widget_type=\"text-editor.default\">\n\t\t\t\t<div class=\"elementor-widget-container\">\n\t\t\t\t\t\t\t\t\t<p><span style=\"font-family: Poppins;\"><span style=\"color: #9dbc55;\">2. dan: 5. september 2021<\/span><br \/><\/span><\/p><p><span style=\"color: #ffffff;\">Po zajtrku se bomo odpeljali do Ver\u017eeja, kjer se bomo ob spremstvu lokalnega vodnika sprehodili do mrtvic reke Mure in se seznanili z velikim pomenom te reke za okolje. Ob Muri so neko\u010d stali \u0161tevilni mlini in na sre\u010do so se mnogi od njih tudi ohranili. V Mali Polani je obnovljen <strong>Copekov mlin<\/strong>, ki se nahaja v prav idili\u010dnem okolju. V Nedelici si bomo ogledali v celoti obnovljeno in opremljeno <strong>Kova\u010devo doma\u010dijo<\/strong>, kjer nam bodo doma\u010dini postregli z doma\u010dimi jedmi in lokalnimi vini.\u00a0 S polnimi \u017eelodci se bomo v bli\u017eini Radencev sprehodili do <strong>Petanjskega vrelca<\/strong> in spoznali, zakaj je takih vrelcev v Panonskem delu Slovenije toliko. Za konec bomo obiskali \u0161e pravi slovenski <strong>mlin na veter<\/strong> ter se zve\u010der vrnili v Ljubljano.<\/span><\/p>\t\t\t\t\t\t\t\t<\/div>\n\t\t\t\t<\/div>\n\t\t\t\t\t<\/div>\n\t\t<\/div>\n\t\t\t\t\t<\/div>\n\t\t<\/section>\n\t\t\t\t<section class=\"elementor-section elementor-top-section elementor-element elementor-element-39800d3 elementor-section-boxed elementor-section-height-default elementor-section-height-default\" data-id=\"39800d3\" data-element_type=\"section\" data-e-type=\"section\">\n\t\t\t\t\t\t<div class=\"elementor-container elementor-column-gap-default\">\n\t\t\t\t\t<div class=\"elementor-column elementor-col-33 elementor-top-column elementor-element elementor-element-bfbaf7b\" data-id=\"bfbaf7b\" data-element_type=\"column\" data-e-type=\"column\">\n\t\t\t<div class=\"elementor-widget-wrap elementor-element-populated\">\n\t\t\t\t\t\t<div class=\"elementor-element elementor-element-06d27f4 elementor-widget elementor-widget-image\" data-id=\"06d27f4\" data-element_type=\"widget\" data-e-type=\"widget\" data-widget_type=\"image.default\">\n\t\t\t\t<div class=\"elementor-widget-container\">\n\t\t\t\t\t\t\t\t\t\t\t\t\t\t\t<img loading=\"lazy\" decoding=\"async\" width=\"800\" height=\"800\" src=\"https:\/\/natoura.si\/wp-content\/uploads\/2021\/07\/Mura-net.gif\" class=\"attachment-large size-large wp-image-4803\" alt=\"\" \/>\t\t\t\t\t\t\t\t\t\t\t\t\t\t\t<\/div>\n\t\t\t\t<\/div>\n\t\t\t\t\t<\/div>\n\t\t<\/div>\n\t\t\t\t<div class=\"elementor-column elementor-col-33 elementor-top-column elementor-element elementor-element-e551ff8\" data-id=\"e551ff8\" data-element_type=\"column\" data-e-type=\"column\">\n\t\t\t<div class=\"elementor-widget-wrap elementor-element-populated\">\n\t\t\t\t\t\t<div class=\"elementor-element elementor-element-f302e63 elementor-widget elementor-widget-image\" data-id=\"f302e63\" data-element_type=\"widget\" data-e-type=\"widget\" data-widget_type=\"image.default\">\n\t\t\t\t<div class=\"elementor-widget-container\">\n\t\t\t\t\t\t\t\t\t\t\t\t\t\t\t<img loading=\"lazy\" decoding=\"async\" width=\"800\" height=\"800\" src=\"https:\/\/natoura.si\/wp-content\/uploads\/2021\/07\/IMG_2597.gif\" class=\"attachment-large size-large wp-image-4793\" alt=\"\" \/>\t\t\t\t\t\t\t\t\t\t\t\t\t\t\t<\/div>\n\t\t\t\t<\/div>\n\t\t\t\t\t<\/div>\n\t\t<\/div>\n\t\t\t\t<div class=\"elementor-column elementor-col-33 elementor-top-column elementor-element elementor-element-791b20f\" data-id=\"791b20f\" data-element_type=\"column\" data-e-type=\"column\">\n\t\t\t<div class=\"elementor-widget-wrap elementor-element-populated\">\n\t\t\t\t\t\t<div class=\"elementor-element elementor-element-04d1750 elementor-widget elementor-widget-image\" data-id=\"04d1750\" data-element_type=\"widget\" data-e-type=\"widget\" data-widget_type=\"image.default\">\n\t\t\t\t<div class=\"elementor-widget-container\">\n\t\t\t\t\t\t\t\t\t\t\t\t\t\t\t<img loading=\"lazy\" decoding=\"async\" width=\"800\" height=\"800\" src=\"https:\/\/natoura.si\/wp-content\/uploads\/2021\/07\/Kovaceva-domacija.gif\" class=\"attachment-large size-large wp-image-4953\" alt=\"\" \/>\t\t\t\t\t\t\t\t\t\t\t\t\t\t\t<\/div>\n\t\t\t\t<\/div>\n\t\t\t\t\t<\/div>\n\t\t<\/div>\n\t\t\t\t\t<\/div>\n\t\t<\/section>\n\t\t\t\t<section class=\"elementor-section elementor-top-section elementor-element elementor-element-b82a39f elementor-section-boxed elementor-section-height-default elementor-section-height-default\" data-id=\"b82a39f\" data-element_type=\"section\" data-e-type=\"section\">\n\t\t\t\t\t\t<div class=\"elementor-container elementor-column-gap-default\">\n\t\t\t\t\t<div class=\"elementor-column elementor-col-100 elementor-top-column elementor-element elementor-element-a036de3\" data-id=\"a036de3\" data-element_type=\"column\" data-e-type=\"column\">\n\t\t\t<div class=\"elementor-widget-wrap elementor-element-populated\">\n\t\t\t\t\t\t<div class=\"elementor-element elementor-element-ec3f929 elementor-widget elementor-widget-text-editor\" data-id=\"ec3f929\" data-element_type=\"widget\" data-e-type=\"widget\" data-widget_type=\"text-editor.default\">\n\t\t\t\t<div class=\"elementor-widget-container\">\n\t\t\t\t\t\t\t\t\t<p><span style=\"font-family: Poppins; color: #ffffff;\">Vodstvo: Janja Benedik in lokalni vodniki.<\/span><\/p><p><span style=\"color: #f56450;\">PODROBNEJ\u0160E INFORMACIJE O IZLETU BOSTE PRIJAVLJENI PREJELI PO ELEKTRONSKI PO\u0160TI EN TEDEN PRED ODHODOM.<\/span><\/p>\t\t\t\t\t\t\t\t<\/div>\n\t\t\t\t<\/div>\n\t\t\t\t\t<\/div>\n\t\t<\/div>\n\t\t\t\t\t<\/div>\n\t\t<\/section>\n\t\t\t\t<section class=\"elementor-section elementor-top-section elementor-element elementor-element-aa4cb04 elementor-section-boxed elementor-section-height-default elementor-section-height-default\" data-id=\"aa4cb04\" data-element_type=\"section\" data-e-type=\"section\">\n\t\t\t\t\t\t<div class=\"elementor-container elementor-column-gap-default\">\n\t\t\t\t\t<div class=\"elementor-column elementor-col-100 elementor-top-column elementor-element elementor-element-bbba9d2\" data-id=\"bbba9d2\" data-element_type=\"column\" data-e-type=\"column\">\n\t\t\t<div class=\"elementor-widget-wrap elementor-element-populated\">\n\t\t\t\t\t\t<div class=\"elementor-element elementor-element-0493326 elementor-widget elementor-widget-text-editor\" data-id=\"0493326\" data-element_type=\"widget\" data-e-type=\"widget\" data-widget_type=\"text-editor.default\">\n\t\t\t\t<div class=\"elementor-widget-container\">\n\t\t\t\t\t\t\t\t\t<p><span style=\"color: #9dbc55;\">IZLET LAHKO PLA\u010cATE S TURISTI\u010cNIMI BONI. VE\u010c INFORMACIJ V POSEBNEM ZAVIHKU NA VRHU STRANI.<\/span><\/p>\t\t\t\t\t\t\t\t<\/div>\n\t\t\t\t<\/div>\n\t\t\t\t\t<\/div>\n\t\t<\/div>\n\t\t\t\t\t<\/div>\n\t\t<\/section>\n\t\t\t\t<section class=\"elementor-section elementor-top-section elementor-element elementor-element-5ffab85 elementor-section-boxed elementor-section-height-default elementor-section-height-default\" data-id=\"5ffab85\" data-element_type=\"section\" data-e-type=\"section\">\n\t\t\t\t\t\t<div class=\"elementor-container elementor-column-gap-default\">\n\t\t\t\t\t<div class=\"elementor-column elementor-col-100 elementor-top-column elementor-element elementor-element-7b795d5\" data-id=\"7b795d5\" data-element_type=\"column\" data-e-type=\"column\">\n\t\t\t<div class=\"elementor-widget-wrap elementor-element-populated\">\n\t\t\t\t\t\t<div class=\"elementor-element elementor-element-82f37b3 elementor-widget elementor-widget-spacer\" data-id=\"82f37b3\" data-element_type=\"widget\" data-e-type=\"widget\" data-widget_type=\"spacer.default\">\n\t\t\t\t<div class=\"elementor-widget-container\">\n\t\t\t\t\t\t\t<div class=\"elementor-spacer\">\n\t\t\t<div class=\"elementor-spacer-inner\"><\/div>\n\t\t<\/div>\n\t\t\t\t\t\t<\/div>\n\t\t\t\t<\/div>\n\t\t\t\t<div class=\"elementor-element elementor-element-e70fe8c elementor-widget elementor-widget-text-editor\" data-id=\"e70fe8c\" data-element_type=\"widget\" data-e-type=\"widget\" data-widget_type=\"text-editor.default\">\n\t\t\t\t<div class=\"elementor-widget-container\">\n\t\t\t\t\t\t\t\t\t<p><span style=\"color: #ffffff;\"><span style=\"font-family: Poppins;\"><a style=\"color: #ffffff;\" href=\"https:\/\/natoura.si\/splosni-pogoji-poslovanja\/\">S<\/a><\/span><span style=\"font-family: Poppins;\"><a style=\"color: #ffffff;\" href=\"https:\/\/natoura.si\/splosni-pogoji-poslovanja\/\">plo\u0161ni pogoji poslovanja<\/a><\/span><span style=\"font-family: Poppins;\"> so sestavni del programa. Na voljo so na spletni strani https:\/\/natoura.si.<\/span><\/span><\/p><p><span style=\"font-family: Poppins; color: #ffffff;\">Avtorica programa: \u00a9 Janja Benedik, 2021.<\/span><\/p><p><span style=\"font-family: Poppins; color: #ffffff;\">Organizator in izvajalec izleta: \u00a9 naTOURa, Janja Benedik, s. p. , 2021.<\/span><\/p><p><strong>\u00a0<\/strong><\/p>\t\t\t\t\t\t\t\t<\/div>\n\t\t\t\t<\/div>\n\t\t\t\t\t<\/div>\n\t\t<\/div>\n\t\t\t\t\t<\/div>\n\t\t<\/section>\n\t\t\t\t<\/div>\n\t\t","protected":false},"excerpt":{"rendered":"<p>1. dan: 4. september 2021 Zjutraj odhod iz Ljubljane po \u0161tajerski avtocesti mimo Ptuja in Ormo\u017ea do Naravnega rezervataOrmo\u0161ke lagune. Tam so v nekdanjih bazenihTour Details<\/p>\n","protected":false},"author":1,"featured_media":4680,"parent":0,"menu_order":0,"comment_status":"closed","ping_status":"closed","template":"","meta":{"footnotes":""},"class_list":["post-4679","page","type-page","status-publish","has-post-thumbnail","hentry"],"_links":{"self":[{"href":"https:\/\/natoura.si\/sl_si\/wp-json\/wp\/v2\/pages\/4679","targetHints":{"allow":["GET"]}}],"collection":[{"href":"https:\/\/natoura.si\/sl_si\/wp-json\/wp\/v2\/pages"}],"about":[{"href":"https:\/\/natoura.si\/sl_si\/wp-json\/wp\/v2\/types\/page"}],"author":[{"embeddable":true,"href":"https:\/\/natoura.si\/sl_si\/wp-json\/wp\/v2\/users\/1"}],"replies":[{"embeddable":true,"href":"https:\/\/natoura.si\/sl_si\/wp-json\/wp\/v2\/comments?post=4679"}],"version-history":[{"count":47,"href":"https:\/\/natoura.si\/sl_si\/wp-json\/wp\/v2\/pages\/4679\/revisions"}],"predecessor-version":[{"id":4956,"href":"https:\/\/natoura.si\/sl_si\/wp-json\/wp\/v2\/pages\/4679\/revisions\/4956"}],"wp:featuredmedia":[{"embeddable":true,"href":"https:\/\/natoura.si\/sl_si\/wp-json\/wp\/v2\/media\/4680"}],"wp:attachment":[{"href":"https:\/\/natoura.si\/sl_si\/wp-json\/wp\/v2\/media?parent=4679"}],"curies":[{"name":"wp","href":"https:\/\/api.w.org\/{rel}","templated":true}]}}