{"id":440,"date":"2019-09-05T15:47:13","date_gmt":"2019-09-05T15:47:13","guid":{"rendered":"https:\/\/natoura.si\/?page_id=440"},"modified":"2020-03-27T21:37:58","modified_gmt":"2020-03-27T21:37:58","slug":"bogastvo-irana","status":"publish","type":"page","link":"https:\/\/natoura.si\/sl_si\/bogastvo-irana\/","title":{"rendered":"Bogastvo Irana"},"content":{"rendered":"\t\t<div data-elementor-type=\"wp-page\" data-elementor-id=\"440\" class=\"elementor elementor-440\" data-elementor-post-type=\"page\">\n\t\t\t\t\t\t<section class=\"elementor-section elementor-top-section elementor-element elementor-element-9f1b3f1 elementor-section-boxed elementor-section-height-default elementor-section-height-default\" data-id=\"9f1b3f1\" data-element_type=\"section\" data-e-type=\"section\">\n\t\t\t\t\t\t<div class=\"elementor-container elementor-column-gap-default\">\n\t\t\t\t\t<div class=\"elementor-column elementor-col-100 elementor-top-column elementor-element elementor-element-2f18abe\" data-id=\"2f18abe\" data-element_type=\"column\" data-e-type=\"column\">\n\t\t\t<div class=\"elementor-widget-wrap elementor-element-populated\">\n\t\t\t\t\t\t<div class=\"elementor-element elementor-element-2117cca elementor-widget elementor-widget-text-editor\" data-id=\"2117cca\" data-element_type=\"widget\" data-e-type=\"widget\" data-widget_type=\"text-editor.default\">\n\t\t\t\t<div class=\"elementor-widget-container\">\n\t\t\t\t\t\t\t\t\t<p><span style=\"font-family: Poppins; color: #ffffff;\"><span class=\"_4yxp\">Z<\/span><span class=\"_4yxp\">azrta v neskon\u010dno ravnino polpu\u0161\u010davske pokrajine me ob poslu\u0161anju melodije tradicionalne glasbe odpelje v razmi\u0161ljanje o de\u017eeli, ki sem jo p<\/span><span class=\"_4yxp\">onovno obiskala. \u017delja po vrnitvi je bila premo\u010dna, vtisi s prvega potovanja so bili izjemni.<\/span><\/span><\/p>\n<p>\u00a0<\/p>\t\t\t\t\t\t\t\t<\/div>\n\t\t\t\t<\/div>\n\t\t\t\t\t<\/div>\n\t\t<\/div>\n\t\t\t\t\t<\/div>\n\t\t<\/section>\n\t\t\t\t<section class=\"elementor-section elementor-top-section elementor-element elementor-element-4410abc elementor-section-boxed elementor-section-height-default elementor-section-height-default\" data-id=\"4410abc\" data-element_type=\"section\" data-e-type=\"section\">\n\t\t\t\t\t\t<div class=\"elementor-container elementor-column-gap-default\">\n\t\t\t\t\t<div class=\"elementor-column elementor-col-100 elementor-top-column elementor-element elementor-element-0e9ac1e\" data-id=\"0e9ac1e\" data-element_type=\"column\" data-e-type=\"column\">\n\t\t\t<div class=\"elementor-widget-wrap elementor-element-populated\">\n\t\t\t\t\t\t<div class=\"elementor-element elementor-element-13616c5 elementor-position-top elementor-widget elementor-widget-image-box\" data-id=\"13616c5\" data-element_type=\"widget\" data-e-type=\"widget\" data-widget_type=\"image-box.default\">\n\t\t\t\t<div class=\"elementor-widget-container\">\n\t\t\t\t\t<div class=\"elementor-image-box-wrapper\"><figure class=\"elementor-image-box-img\"><img fetchpriority=\"high\" decoding=\"async\" width=\"640\" height=\"427\" src=\"https:\/\/natoura.si\/wp-content\/uploads\/2019\/09\/IMG_3596.gif\" class=\"attachment-full size-full wp-image-442\" alt=\"\" \/><\/figure><div class=\"elementor-image-box-content\"><p class=\"elementor-image-box-description\">Na obrobju pu\u0161\u010dave Lut.<\/p><\/div><\/div>\t\t\t\t<\/div>\n\t\t\t\t<\/div>\n\t\t\t\t\t<\/div>\n\t\t<\/div>\n\t\t\t\t\t<\/div>\n\t\t<\/section>\n\t\t\t\t<section class=\"elementor-section elementor-top-section elementor-element elementor-element-8620f88 elementor-section-boxed elementor-section-height-default elementor-section-height-default\" data-id=\"8620f88\" data-element_type=\"section\" data-e-type=\"section\">\n\t\t\t\t\t\t<div class=\"elementor-container elementor-column-gap-default\">\n\t\t\t\t\t<div class=\"elementor-column elementor-col-100 elementor-top-column elementor-element elementor-element-43694ba\" data-id=\"43694ba\" data-element_type=\"column\" data-e-type=\"column\">\n\t\t\t<div class=\"elementor-widget-wrap elementor-element-populated\">\n\t\t\t\t\t\t<div class=\"elementor-element elementor-element-0106735 elementor-widget elementor-widget-text-editor\" data-id=\"0106735\" data-element_type=\"widget\" data-e-type=\"widget\" data-widget_type=\"text-editor.default\">\n\t\t\t\t<div class=\"elementor-widget-container\">\n\t\t\t\t\t\t\t\t\t<p>\u00a0<\/p>\n<p><span style=\"font-family: Poppins; color: #ffffff;\">\u010cuden je svet, v katerem \u017eivimo, tako raznolike poti hodimo en ob drugem in pogosto se ne zavedamo, kaj imamo, kak\u0161no bogastvo nas obdaja. V de\u017eelah, kakr\u0161na je Iran, to \u0161e posebej dobro ob\u010dutim. Nikakor se ne morem na\u010duditi vsemu bogastvu izro\u010dila izpred nekaj tiso\u010d let, kulturi, ki kljub korenitim spremembam v dru\u017ebi \u0161e vedno ostaja zapisana v srcih ljudi, v obi\u010dajih, jeziku, vedenju. Globoko v sebi se jim je zasidrala plemenitost, ki je noben re\u017eim ne more in je ne bo spremenil.<\/span><\/p>\n<p>\u00a0<\/p>\t\t\t\t\t\t\t\t<\/div>\n\t\t\t\t<\/div>\n\t\t\t\t\t<\/div>\n\t\t<\/div>\n\t\t\t\t\t<\/div>\n\t\t<\/section>\n\t\t\t\t<section class=\"elementor-section elementor-top-section elementor-element elementor-element-993679e elementor-section-boxed elementor-section-height-default elementor-section-height-default\" data-id=\"993679e\" data-element_type=\"section\" data-e-type=\"section\">\n\t\t\t\t\t\t<div class=\"elementor-container elementor-column-gap-default\">\n\t\t\t\t\t<div class=\"elementor-column elementor-col-100 elementor-top-column elementor-element elementor-element-31c86a0\" data-id=\"31c86a0\" data-element_type=\"column\" data-e-type=\"column\">\n\t\t\t<div class=\"elementor-widget-wrap elementor-element-populated\">\n\t\t\t\t\t\t<div class=\"elementor-element elementor-element-4aecec4 elementor-position-top elementor-widget elementor-widget-image-box\" data-id=\"4aecec4\" data-element_type=\"widget\" data-e-type=\"widget\" data-widget_type=\"image-box.default\">\n\t\t\t\t<div class=\"elementor-widget-container\">\n\t\t\t\t\t<div class=\"elementor-image-box-wrapper\"><figure class=\"elementor-image-box-img\"><img decoding=\"async\" width=\"640\" height=\"427\" src=\"https:\/\/natoura.si\/wp-content\/uploads\/2019\/09\/IMG_3877.gif\" class=\"attachment-full size-full wp-image-443\" alt=\"\" \/><\/figure><div class=\"elementor-image-box-content\"><p class=\"elementor-image-box-description\">Pokrajina med Kermnom in Yazdom.<\/p><\/div><\/div>\t\t\t\t<\/div>\n\t\t\t\t<\/div>\n\t\t\t\t\t<\/div>\n\t\t<\/div>\n\t\t\t\t\t<\/div>\n\t\t<\/section>\n\t\t\t\t<section class=\"elementor-section elementor-top-section elementor-element elementor-element-1d5b7d5 elementor-section-boxed elementor-section-height-default elementor-section-height-default\" data-id=\"1d5b7d5\" data-element_type=\"section\" data-e-type=\"section\">\n\t\t\t\t\t\t<div class=\"elementor-container elementor-column-gap-default\">\n\t\t\t\t\t<div class=\"elementor-column elementor-col-100 elementor-top-column elementor-element elementor-element-326b08b\" data-id=\"326b08b\" data-element_type=\"column\" data-e-type=\"column\">\n\t\t\t<div class=\"elementor-widget-wrap elementor-element-populated\">\n\t\t\t\t\t\t<div class=\"elementor-element elementor-element-3d2fd81 elementor-widget elementor-widget-text-editor\" data-id=\"3d2fd81\" data-element_type=\"widget\" data-e-type=\"widget\" data-widget_type=\"text-editor.default\">\n\t\t\t\t<div class=\"elementor-widget-container\">\n\t\t\t\t\t\t\t\t\t<p>\u00a0<\/p>\n<p><span style=\"font-family: Poppins; color: #ffffff;\">Nekaj tiso\u010d let stari arhitekturni prese\u017eki Persepolisa nomadskega ljudstva lahko vzbujajo le ob\u010dudovanje. Inovativna arhitektura pu\u0161\u010davskih mest z razvejano mre\u017eo kanatov, vetrnih stolpov in \u010dudovitih hi\u0161 iz blatnih opek je \u0161e vedno \u017eiva, nobena moderna gradnja jih ne more nadomestiti. Perzijski vrtovi v vro\u010dih dneh \u0161e vedno, tako kot pred tiso\u010dletji, vabijo v senco dreves in spokojnost \u017eubore\u010de vode. Na nek na\u010din je vse tako, kot je bilo neko\u010d, pa vendar druga\u010de. Ujeti v sistem politi\u010dnih iger se ljudje po\u010dutijo prestra\u0161eni, izigrani in mladi brez upanja v prihodnost be\u017eijo iz tega sveta v svet, ki jih ne razume in ne sprejema. Bodo\u010dnost je vendarle tu, med tako sr\u010dnimi ljudmi, med tradicijo, ki se bori z moderno sedanjostjo, v de\u017eeli, ki ponuja toliko lepega, pa tega nih\u010de no\u010de zapeljati v pravo smer.<\/span><\/p>\n<p>\u00a0<\/p>\t\t\t\t\t\t\t\t<\/div>\n\t\t\t\t<\/div>\n\t\t\t\t\t<\/div>\n\t\t<\/div>\n\t\t\t\t\t<\/div>\n\t\t<\/section>\n\t\t\t\t<section class=\"elementor-section elementor-top-section elementor-element elementor-element-9f64b54 elementor-section-boxed elementor-section-height-default elementor-section-height-default\" data-id=\"9f64b54\" data-element_type=\"section\" data-e-type=\"section\">\n\t\t\t\t\t\t<div class=\"elementor-container elementor-column-gap-default\">\n\t\t\t\t\t<div class=\"elementor-column elementor-col-100 elementor-top-column elementor-element elementor-element-6122c66\" data-id=\"6122c66\" data-element_type=\"column\" data-e-type=\"column\">\n\t\t\t<div class=\"elementor-widget-wrap elementor-element-populated\">\n\t\t\t\t\t\t<div class=\"elementor-element elementor-element-59da2ad elementor-position-top elementor-widget elementor-widget-image-box\" data-id=\"59da2ad\" data-element_type=\"widget\" data-e-type=\"widget\" data-widget_type=\"image-box.default\">\n\t\t\t\t<div class=\"elementor-widget-container\">\n\t\t\t\t\t<div class=\"elementor-image-box-wrapper\"><figure class=\"elementor-image-box-img\"><img decoding=\"async\" width=\"640\" height=\"427\" src=\"https:\/\/natoura.si\/wp-content\/uploads\/2019\/09\/IMG_4071.gif\" class=\"attachment-full size-full wp-image-444\" alt=\"\" \/><\/figure><div class=\"elementor-image-box-content\"><p class=\"elementor-image-box-description\">Pokrite ulice v Yazdu nudijo zavetje v vro\u010dih poletnih dneh.<\/p><\/div><\/div>\t\t\t\t<\/div>\n\t\t\t\t<\/div>\n\t\t\t\t\t<\/div>\n\t\t<\/div>\n\t\t\t\t\t<\/div>\n\t\t<\/section>\n\t\t\t\t<section class=\"elementor-section elementor-top-section elementor-element elementor-element-9d17ac3 elementor-section-boxed elementor-section-height-default elementor-section-height-default\" data-id=\"9d17ac3\" data-element_type=\"section\" data-e-type=\"section\">\n\t\t\t\t\t\t<div class=\"elementor-container elementor-column-gap-default\">\n\t\t\t\t\t<div class=\"elementor-column elementor-col-100 elementor-top-column elementor-element elementor-element-ee8d9fc\" data-id=\"ee8d9fc\" data-element_type=\"column\" data-e-type=\"column\">\n\t\t\t<div class=\"elementor-widget-wrap elementor-element-populated\">\n\t\t\t\t\t\t<div class=\"elementor-element elementor-element-57004e9 elementor-widget elementor-widget-text-editor\" data-id=\"57004e9\" data-element_type=\"widget\" data-e-type=\"widget\" data-widget_type=\"text-editor.default\">\n\t\t\t\t<div class=\"elementor-widget-container\">\n\t\t\t\t\t\t\t\t\t<p>\u00a0<\/p>\n<p><span style=\"font-family: Poppins; color: #ffffff;\">\u00a0Izjemno bogastvo se ponuja v naravi, med \u0161tevilnimi slanimi jezeri, pisanimi plastmi nagubanih gorstev, prostranimi in slikovitimi pu\u0161\u010davami, gozdovi ob Kaspijskem morju, \u0161tevilnimi izviri, ki zaradi neumnosti ljudi postanejo suhe struge rek. Bogata je arhitektura, na katero so vplivala \u0161tevilna iranska in druga ljudstva v dolgi in nemirni zgodovini. Bogastvo je v literaturi, ki ljudi spremlja na vsakem koraku, bogastvo je v pesmih, predvsem tistih, ki jih pojejo na skrivaj, bogastvo okusov, di\u0161av, bogastvo vrve\u010dih mno\u017eic po stoletnih bazarjih, bogastvo ritmov in plesa, bogastvo milijonov sr\u010dnih ljudi, ki \u017eivijo danes in tukaj in najdejo sre\u010do in razlog za smeh tudi v nam najbolj nemogo\u010dih situacijah. To izjemno bogastvo enostavno mora\u0161 imeti rad, nikogar ne pusti ravnodu\u0161nega, prav nikogar.<\/span><\/p>\n<p>\u00a0<\/p>\n<p>\u00a0<\/p>\t\t\t\t\t\t\t\t<\/div>\n\t\t\t\t<\/div>\n\t\t\t\t\t<\/div>\n\t\t<\/div>\n\t\t\t\t\t<\/div>\n\t\t<\/section>\n\t\t\t\t<section class=\"elementor-section elementor-top-section elementor-element elementor-element-b8f1630 elementor-section-boxed elementor-section-height-default elementor-section-height-default\" data-id=\"b8f1630\" data-element_type=\"section\" data-e-type=\"section\">\n\t\t\t\t\t\t<div class=\"elementor-container elementor-column-gap-default\">\n\t\t\t\t\t<div class=\"elementor-column elementor-col-100 elementor-top-column elementor-element elementor-element-86682d1\" data-id=\"86682d1\" data-element_type=\"column\" data-e-type=\"column\">\n\t\t\t<div class=\"elementor-widget-wrap elementor-element-populated\">\n\t\t\t\t\t\t<div class=\"elementor-element elementor-element-1943e38 elementor-position-top elementor-widget elementor-widget-image-box\" data-id=\"1943e38\" data-element_type=\"widget\" data-e-type=\"widget\" data-widget_type=\"image-box.default\">\n\t\t\t\t<div class=\"elementor-widget-container\">\n\t\t\t\t\t<div class=\"elementor-image-box-wrapper\"><figure class=\"elementor-image-box-img\"><img loading=\"lazy\" decoding=\"async\" width=\"640\" height=\"427\" src=\"https:\/\/natoura.si\/wp-content\/uploads\/2019\/09\/IMG_4171.gif\" class=\"attachment-full size-full wp-image-445\" alt=\"\" \/><\/figure><div class=\"elementor-image-box-content\"><p class=\"elementor-image-box-description\">Yazd<\/p><\/div><\/div>\t\t\t\t<\/div>\n\t\t\t\t<\/div>\n\t\t\t\t\t<\/div>\n\t\t<\/div>\n\t\t\t\t\t<\/div>\n\t\t<\/section>\n\t\t\t\t<section class=\"elementor-section elementor-top-section elementor-element elementor-element-552b6a6 elementor-section-boxed elementor-section-height-default elementor-section-height-default\" data-id=\"552b6a6\" data-element_type=\"section\" data-e-type=\"section\">\n\t\t\t\t\t\t<div class=\"elementor-container elementor-column-gap-default\">\n\t\t\t\t\t<div class=\"elementor-column elementor-col-100 elementor-top-column elementor-element elementor-element-38c470a\" data-id=\"38c470a\" data-element_type=\"column\" data-e-type=\"column\">\n\t\t\t<div class=\"elementor-widget-wrap elementor-element-populated\">\n\t\t\t\t\t\t<div class=\"elementor-element elementor-element-3f895b6 elementor-widget elementor-widget-text-editor\" data-id=\"3f895b6\" data-element_type=\"widget\" data-e-type=\"widget\" data-widget_type=\"text-editor.default\">\n\t\t\t\t<div class=\"elementor-widget-container\">\n\t\t\t\t\t\t\t\t\t<p>\u00a0<\/p>\n<p><span style=\"font-family: Poppins; color: #ffffff;\">Zato upam, da se v te kraje ponovno vrnem, pogre\u0161am smeh in toplino ljudi, ki smo ju mi \u017ee zdavnaj izgubili.<\/span><\/p>\n<p>\u00a0<\/p>\t\t\t\t\t\t\t\t<\/div>\n\t\t\t\t<\/div>\n\t\t\t\t\t<\/div>\n\t\t<\/div>\n\t\t\t\t\t<\/div>\n\t\t<\/section>\n\t\t\t\t<section class=\"elementor-section elementor-top-section elementor-element elementor-element-e38fb41 elementor-section-boxed elementor-section-height-default elementor-section-height-default\" data-id=\"e38fb41\" data-element_type=\"section\" data-e-type=\"section\">\n\t\t\t\t\t\t<div class=\"elementor-container elementor-column-gap-default\">\n\t\t\t\t\t<div class=\"elementor-column elementor-col-100 elementor-top-column elementor-element elementor-element-4001851\" data-id=\"4001851\" data-element_type=\"column\" data-e-type=\"column\">\n\t\t\t<div class=\"elementor-widget-wrap elementor-element-populated\">\n\t\t\t\t\t\t<div class=\"elementor-element elementor-element-cdee855 elementor-position-top elementor-widget elementor-widget-image-box\" data-id=\"cdee855\" data-element_type=\"widget\" data-e-type=\"widget\" data-widget_type=\"image-box.default\">\n\t\t\t\t<div class=\"elementor-widget-container\">\n\t\t\t\t\t<div class=\"elementor-image-box-wrapper\"><figure class=\"elementor-image-box-img\"><img loading=\"lazy\" decoding=\"async\" width=\"640\" height=\"536\" src=\"https:\/\/natoura.si\/wp-content\/uploads\/2019\/09\/IMG_4609.gif\" class=\"attachment-full size-full wp-image-446\" alt=\"\" \/><\/figure><div class=\"elementor-image-box-content\"><p class=\"elementor-image-box-description\">Kashan<\/p><\/div><\/div>\t\t\t\t<\/div>\n\t\t\t\t<\/div>\n\t\t\t\t\t<\/div>\n\t\t<\/div>\n\t\t\t\t\t<\/div>\n\t\t<\/section>\n\t\t\t\t<section class=\"elementor-section elementor-top-section elementor-element elementor-element-5ec9a68a elementor-section-boxed elementor-section-height-default elementor-section-height-default\" data-id=\"5ec9a68a\" data-element_type=\"section\" data-e-type=\"section\">\n\t\t\t\t\t\t<div class=\"elementor-container elementor-column-gap-default\">\n\t\t\t\t\t<div class=\"elementor-column elementor-col-100 elementor-top-column elementor-element elementor-element-622fa48e\" data-id=\"622fa48e\" data-element_type=\"column\" data-e-type=\"column\">\n\t\t\t<div class=\"elementor-widget-wrap elementor-element-populated\">\n\t\t\t\t\t\t<div class=\"elementor-element elementor-element-58364f5a elementor-widget elementor-widget-text-editor\" data-id=\"58364f5a\" data-element_type=\"widget\" data-e-type=\"widget\" data-widget_type=\"text-editor.default\">\n\t\t\t\t<div class=\"elementor-widget-container\">\n\t\t\t\t\t\t\t\t\t<p>\u00a0<\/p>\n<p><span style=\"font-family: Poppins; font-size: 10pt; color: #ffffff;\">14. februar 2018<\/span><\/p>\t\t\t\t\t\t\t\t<\/div>\n\t\t\t\t<\/div>\n\t\t\t\t\t<\/div>\n\t\t<\/div>\n\t\t\t\t\t<\/div>\n\t\t<\/section>\n\t\t\t\t<\/div>\n\t\t","protected":false},"excerpt":{"rendered":"<p>Zazrta v neskon\u010dno ravnino polpu\u0161\u010davske pokrajine me ob poslu\u0161anju melodije tradicionalne glasbe odpelje v razmi\u0161ljanje o de\u017eeli, ki sem jo ponovno obiskala. \u017delja po vrnitviTour Details<\/p>\n","protected":false},"author":1,"featured_media":441,"parent":0,"menu_order":0,"comment_status":"closed","ping_status":"closed","template":"","meta":{"footnotes":""},"class_list":["post-440","page","type-page","status-publish","has-post-thumbnail","hentry"],"_links":{"self":[{"href":"https:\/\/natoura.si\/sl_si\/wp-json\/wp\/v2\/pages\/440","targetHints":{"allow":["GET"]}}],"collection":[{"href":"https:\/\/natoura.si\/sl_si\/wp-json\/wp\/v2\/pages"}],"about":[{"href":"https:\/\/natoura.si\/sl_si\/wp-json\/wp\/v2\/types\/page"}],"author":[{"embeddable":true,"href":"https:\/\/natoura.si\/sl_si\/wp-json\/wp\/v2\/users\/1"}],"replies":[{"embeddable":true,"href":"https:\/\/natoura.si\/sl_si\/wp-json\/wp\/v2\/comments?post=440"}],"version-history":[{"count":4,"href":"https:\/\/natoura.si\/sl_si\/wp-json\/wp\/v2\/pages\/440\/revisions"}],"predecessor-version":[{"id":1840,"href":"https:\/\/natoura.si\/sl_si\/wp-json\/wp\/v2\/pages\/440\/revisions\/1840"}],"wp:featuredmedia":[{"embeddable":true,"href":"https:\/\/natoura.si\/sl_si\/wp-json\/wp\/v2\/media\/441"}],"wp:attachment":[{"href":"https:\/\/natoura.si\/sl_si\/wp-json\/wp\/v2\/media?parent=440"}],"curies":[{"name":"wp","href":"https:\/\/api.w.org\/{rel}","templated":true}]}}