{"id":4114,"date":"2021-05-25T09:27:45","date_gmt":"2021-05-25T09:27:45","guid":{"rendered":"https:\/\/natoura.si\/?page_id=4114"},"modified":"2021-05-25T13:41:44","modified_gmt":"2021-05-25T13:41:44","slug":"bela-krajina-program","status":"publish","type":"page","link":"https:\/\/natoura.si\/sl_si\/bela-krajina-program\/","title":{"rendered":"Po Beli krajini do \u010drne \u010dlove\u0161ke ribice &#8211; program"},"content":{"rendered":"\t\t<div data-elementor-type=\"wp-page\" data-elementor-id=\"4114\" class=\"elementor elementor-4114\" data-elementor-post-type=\"page\">\n\t\t\t\t\t\t<section class=\"elementor-section elementor-top-section elementor-element elementor-element-1a592fa elementor-section-boxed elementor-section-height-default elementor-section-height-default\" data-id=\"1a592fa\" data-element_type=\"section\" data-e-type=\"section\">\n\t\t\t\t\t\t<div class=\"elementor-container elementor-column-gap-default\">\n\t\t\t\t\t<div class=\"elementor-column elementor-col-33 elementor-top-column elementor-element elementor-element-2129ff5\" data-id=\"2129ff5\" data-element_type=\"column\" data-e-type=\"column\">\n\t\t\t<div class=\"elementor-widget-wrap elementor-element-populated\">\n\t\t\t\t\t\t<div class=\"elementor-element elementor-element-2d6114b elementor-widget elementor-widget-image\" data-id=\"2d6114b\" data-element_type=\"widget\" data-e-type=\"widget\" data-widget_type=\"image.default\">\n\t\t\t\t<div class=\"elementor-widget-container\">\n\t\t\t\t\t\t\t\t\t\t\t\t\t\t\t<img fetchpriority=\"high\" decoding=\"async\" width=\"800\" height=\"800\" src=\"https:\/\/natoura.si\/wp-content\/uploads\/2021\/05\/IMG_6227.gif\" class=\"attachment-large size-large wp-image-4116\" alt=\"\" \/>\t\t\t\t\t\t\t\t\t\t\t\t\t\t\t<\/div>\n\t\t\t\t<\/div>\n\t\t\t\t\t<\/div>\n\t\t<\/div>\n\t\t\t\t<div class=\"elementor-column elementor-col-33 elementor-top-column elementor-element elementor-element-27e23d7\" data-id=\"27e23d7\" data-element_type=\"column\" data-e-type=\"column\">\n\t\t\t<div class=\"elementor-widget-wrap elementor-element-populated\">\n\t\t\t\t\t\t<div class=\"elementor-element elementor-element-040afdf elementor-widget elementor-widget-image\" data-id=\"040afdf\" data-element_type=\"widget\" data-e-type=\"widget\" data-widget_type=\"image.default\">\n\t\t\t\t<div class=\"elementor-widget-container\">\n\t\t\t\t\t\t\t\t\t\t\t\t\t\t\t<img decoding=\"async\" width=\"800\" height=\"800\" src=\"https:\/\/natoura.si\/wp-content\/uploads\/2021\/05\/IMG_6264.gif\" class=\"attachment-large size-large wp-image-4117\" alt=\"\" \/>\t\t\t\t\t\t\t\t\t\t\t\t\t\t\t<\/div>\n\t\t\t\t<\/div>\n\t\t\t\t\t<\/div>\n\t\t<\/div>\n\t\t\t\t<div class=\"elementor-column elementor-col-33 elementor-top-column elementor-element elementor-element-0e97601\" data-id=\"0e97601\" data-element_type=\"column\" data-e-type=\"column\">\n\t\t\t<div class=\"elementor-widget-wrap elementor-element-populated\">\n\t\t\t\t\t\t<div class=\"elementor-element elementor-element-5a75333 elementor-widget elementor-widget-image\" data-id=\"5a75333\" data-element_type=\"widget\" data-e-type=\"widget\" data-widget_type=\"image.default\">\n\t\t\t\t<div class=\"elementor-widget-container\">\n\t\t\t\t\t\t\t\t\t\t\t\t\t\t\t<img decoding=\"async\" width=\"800\" height=\"800\" src=\"https:\/\/natoura.si\/wp-content\/uploads\/2021\/05\/IMG_6256.gif\" class=\"attachment-large size-large wp-image-4118\" alt=\"\" \/>\t\t\t\t\t\t\t\t\t\t\t\t\t\t\t<\/div>\n\t\t\t\t<\/div>\n\t\t\t\t\t<\/div>\n\t\t<\/div>\n\t\t\t\t\t<\/div>\n\t\t<\/section>\n\t\t\t\t<section class=\"elementor-section elementor-top-section elementor-element elementor-element-be108fd elementor-section-boxed elementor-section-height-default elementor-section-height-default\" data-id=\"be108fd\" data-element_type=\"section\" data-e-type=\"section\">\n\t\t\t\t\t\t<div class=\"elementor-container elementor-column-gap-default\">\n\t\t\t\t\t<div class=\"elementor-column elementor-col-100 elementor-top-column elementor-element elementor-element-0dc05be\" data-id=\"0dc05be\" data-element_type=\"column\" data-e-type=\"column\">\n\t\t\t<div class=\"elementor-widget-wrap elementor-element-populated\">\n\t\t\t\t\t\t<div class=\"elementor-element elementor-element-11e1f2c elementor-widget elementor-widget-text-editor\" data-id=\"11e1f2c\" data-element_type=\"widget\" data-e-type=\"widget\" data-widget_type=\"text-editor.default\">\n\t\t\t\t<div class=\"elementor-widget-container\">\n\t\t\t\t\t\t\t\t\t<p><span style=\"color: #ffffff;\">Bela krajina je kra\u0161ka pokrajina in \u017ee povr\u0161en pogled nam razkrije \u0161tevilne vrta\u010de, udornice, spodmole, ponikalnice, &#8230; Kra\u0161ko povr\u0161je nastaja kot posledica delovanja vode na apnen\u010dasto podlago, zato se bomo tokrat seznanili s &#8220;kamnitim gozdom&#8221;, obiskali kra\u0161ka izvira rek Krupe in Lahinje, se sprehodili po &#8220;luninem povr\u0161ju&#8221; med vrta\u010dami pri Vrhovcih in ob reki Krupi do jame Judovska hi\u0161a, ki jo je s svojim delovanjem Krupa izdolbla v daljni preteklosti in nudila zato\u010di\u0161\u010de ljudem vse od paleolitika do danes. Zaklju\u010dili bomo na prav posebni lokaciji &#8211; ob izviru potoka Jel\u0161evnik, kjer so odkrili \u010drno \u010dlove\u0161ko ribico. Z nekaj sre\u010de jo bomo lahko opazovali tudi v \u017eivo ter si ogledali razstavo s prikazom belokranjskega krasa, marsikoga pa bo gotovo razveselilo tudi novo zgrajeno bobri\u0161\u010de. Spoznali bomo izredno \u0161kodljive posledice delovanja \u010dloveka, ki zaradi nepoznavanja delovanja kra\u0161kega sveta povzro\u010da nepopravljivo \u0161kodo \u0161tevilnim rastlinskim in \u017eivalskim vrstam, nenazadnje pa tudi sebi.<br \/><\/span><\/p><p><span style=\"color: #ffffff;\">Grenak priokus bomo popravili z doma\u010do hrano in belokranjsko gostoljubnostjo.<\/span><\/p><div id=\"kpm-root\" class=\"kpm_LTR\">\u00a0<\/div><div id=\"kpm-root\" class=\"kpm_LTR notranslate\" translate=\"no\">\u00a0<\/div><div id=\"kpm-root\" class=\"kpm_LTR notranslate\" translate=\"no\">\u00a0<\/div><div id=\"kpm-root\" class=\"kpm_LTR notranslate\" translate=\"no\">\u00a0<\/div>\t\t\t\t\t\t\t\t<\/div>\n\t\t\t\t<\/div>\n\t\t\t\t\t<\/div>\n\t\t<\/div>\n\t\t\t\t\t<\/div>\n\t\t<\/section>\n\t\t\t\t<section class=\"elementor-section elementor-top-section elementor-element elementor-element-9ab7fad elementor-section-boxed elementor-section-height-default elementor-section-height-default\" data-id=\"9ab7fad\" data-element_type=\"section\" data-e-type=\"section\">\n\t\t\t\t\t\t<div class=\"elementor-container elementor-column-gap-default\">\n\t\t\t\t\t<div class=\"elementor-column elementor-col-33 elementor-top-column elementor-element elementor-element-9d51576\" data-id=\"9d51576\" data-element_type=\"column\" data-e-type=\"column\">\n\t\t\t<div class=\"elementor-widget-wrap elementor-element-populated\">\n\t\t\t\t\t\t<div class=\"elementor-element elementor-element-5c25f55 elementor-widget elementor-widget-image\" data-id=\"5c25f55\" data-element_type=\"widget\" data-e-type=\"widget\" data-widget_type=\"image.default\">\n\t\t\t\t<div class=\"elementor-widget-container\">\n\t\t\t\t\t\t\t\t\t\t\t\t\t\t\t<img loading=\"lazy\" decoding=\"async\" width=\"800\" height=\"800\" src=\"https:\/\/natoura.si\/wp-content\/uploads\/2021\/05\/IMG_6283.gif\" class=\"attachment-large size-large wp-image-4119\" alt=\"\" \/>\t\t\t\t\t\t\t\t\t\t\t\t\t\t\t<\/div>\n\t\t\t\t<\/div>\n\t\t\t\t\t<\/div>\n\t\t<\/div>\n\t\t\t\t<div class=\"elementor-column elementor-col-33 elementor-top-column elementor-element elementor-element-5971ce0\" data-id=\"5971ce0\" data-element_type=\"column\" data-e-type=\"column\">\n\t\t\t<div class=\"elementor-widget-wrap elementor-element-populated\">\n\t\t\t\t\t\t<div class=\"elementor-element elementor-element-1ecca60 elementor-widget elementor-widget-image\" data-id=\"1ecca60\" data-element_type=\"widget\" data-e-type=\"widget\" data-widget_type=\"image.default\">\n\t\t\t\t<div class=\"elementor-widget-container\">\n\t\t\t\t\t\t\t\t\t\t\t\t\t\t\t<img decoding=\"async\" src=\"https:\/\/natoura.si\/wp-content\/uploads\/2021\/05\/IMG_6297.gif\" title=\"IMG_6297\" alt=\"IMG_6297\" loading=\"lazy\" \/>\t\t\t\t\t\t\t\t\t\t\t\t\t\t\t<\/div>\n\t\t\t\t<\/div>\n\t\t\t\t\t<\/div>\n\t\t<\/div>\n\t\t\t\t<div class=\"elementor-column elementor-col-33 elementor-top-column elementor-element elementor-element-e7bd95f\" data-id=\"e7bd95f\" data-element_type=\"column\" data-e-type=\"column\">\n\t\t\t<div class=\"elementor-widget-wrap elementor-element-populated\">\n\t\t\t\t\t\t<div class=\"elementor-element elementor-element-dc97cc7 elementor-widget elementor-widget-image\" data-id=\"dc97cc7\" data-element_type=\"widget\" data-e-type=\"widget\" data-widget_type=\"image.default\">\n\t\t\t\t<div class=\"elementor-widget-container\">\n\t\t\t\t\t\t\t\t\t\t\t\t\t\t\t<img loading=\"lazy\" decoding=\"async\" width=\"800\" height=\"800\" src=\"https:\/\/natoura.si\/wp-content\/uploads\/2021\/05\/IMG_6330.gif\" class=\"attachment-large size-large wp-image-4121\" alt=\"\" \/>\t\t\t\t\t\t\t\t\t\t\t\t\t\t\t<\/div>\n\t\t\t\t<\/div>\n\t\t\t\t\t<\/div>\n\t\t<\/div>\n\t\t\t\t\t<\/div>\n\t\t<\/section>\n\t\t\t\t<section class=\"elementor-section elementor-top-section elementor-element elementor-element-23698a6 elementor-section-boxed elementor-section-height-default elementor-section-height-default\" data-id=\"23698a6\" data-element_type=\"section\" data-e-type=\"section\">\n\t\t\t\t\t\t<div class=\"elementor-container elementor-column-gap-default\">\n\t\t\t\t\t<div class=\"elementor-column elementor-col-100 elementor-top-column elementor-element elementor-element-7395e87\" data-id=\"7395e87\" data-element_type=\"column\" data-e-type=\"column\">\n\t\t\t<div class=\"elementor-widget-wrap elementor-element-populated\">\n\t\t\t\t\t\t<div class=\"elementor-element elementor-element-43d1469 elementor-widget elementor-widget-text-editor\" data-id=\"43d1469\" data-element_type=\"widget\" data-e-type=\"widget\" data-widget_type=\"text-editor.default\">\n\t\t\t\t<div class=\"elementor-widget-container\">\n\t\t\t\t\t\t\t\t\t<p><span style=\"color: #ffffff;\">V kraj\u0161ih etapah bomo vse skupaj prehodili pribli\u017eno 5 kilometrov. Hoja ne bo naporna in je primerna za vsakogar.<\/span><\/p><div id=\"kpm-root\" class=\"kpm_LTR notranslate\" translate=\"no\">\u00a0<\/div>\t\t\t\t\t\t\t\t<\/div>\n\t\t\t\t<\/div>\n\t\t\t\t\t<\/div>\n\t\t<\/div>\n\t\t\t\t\t<\/div>\n\t\t<\/section>\n\t\t\t\t<section class=\"elementor-section elementor-top-section elementor-element elementor-element-b82a39f elementor-section-boxed elementor-section-height-default elementor-section-height-default\" data-id=\"b82a39f\" data-element_type=\"section\" data-e-type=\"section\">\n\t\t\t\t\t\t<div class=\"elementor-container elementor-column-gap-default\">\n\t\t\t\t\t<div class=\"elementor-column elementor-col-100 elementor-top-column elementor-element elementor-element-a036de3\" data-id=\"a036de3\" data-element_type=\"column\" data-e-type=\"column\">\n\t\t\t<div class=\"elementor-widget-wrap elementor-element-populated\">\n\t\t\t\t\t\t<div class=\"elementor-element elementor-element-ec3f929 elementor-widget elementor-widget-text-editor\" data-id=\"ec3f929\" data-element_type=\"widget\" data-e-type=\"widget\" data-widget_type=\"text-editor.default\">\n\t\t\t\t<div class=\"elementor-widget-container\">\n\t\t\t\t\t\t\t\t\t<p><span style=\"font-family: Poppins; color: #ffffff;\">Vodstvo: Janja Benedik (biologija) in Timotej Verbov\u0161ek (geologija).<\/span><\/p><p><span style=\"color: #f56450;\">PODROBNEJ\u0160E INFORMACIJE O IZLETU BOSTE PRIJAVLJENI PREJELI PO ELEKTRONSKI PO\u0160TI NEKAJ DNI PRED ODHODOM.<\/span><\/p><div id=\"kpm-root\" class=\"kpm_LTR\">\u00a0<\/div>\t\t\t\t\t\t\t\t<\/div>\n\t\t\t\t<\/div>\n\t\t\t\t\t<\/div>\n\t\t<\/div>\n\t\t\t\t\t<\/div>\n\t\t<\/section>\n\t\t\t\t<section class=\"elementor-section elementor-top-section elementor-element elementor-element-5ffab85 elementor-section-boxed elementor-section-height-default elementor-section-height-default\" data-id=\"5ffab85\" data-element_type=\"section\" data-e-type=\"section\">\n\t\t\t\t\t\t<div class=\"elementor-container elementor-column-gap-default\">\n\t\t\t\t\t<div class=\"elementor-column elementor-col-100 elementor-top-column elementor-element elementor-element-7b795d5\" data-id=\"7b795d5\" data-element_type=\"column\" data-e-type=\"column\">\n\t\t\t<div class=\"elementor-widget-wrap elementor-element-populated\">\n\t\t\t\t\t\t<div class=\"elementor-element elementor-element-e70fe8c elementor-widget elementor-widget-text-editor\" data-id=\"e70fe8c\" data-element_type=\"widget\" data-e-type=\"widget\" data-widget_type=\"text-editor.default\">\n\t\t\t\t<div class=\"elementor-widget-container\">\n\t\t\t\t\t\t\t\t\t<p><span style=\"color: #ffffff;\"><span style=\"font-family: Poppins;\"><a style=\"color: #ffffff;\" href=\"https:\/\/natoura.si\/splosni-pogoji-poslovanja\/\">S<\/a><\/span><span style=\"font-family: Poppins;\"><a style=\"color: #ffffff;\" href=\"https:\/\/natoura.si\/splosni-pogoji-poslovanja\/\">plo\u0161ni pogoji poslovanja<\/a><\/span><span style=\"font-family: Poppins;\"> so <\/span><\/span><span style=\"font-family: Poppins; color: #ffffff;\">sestavni del programa. Na voljo so na spletni strani https:\/\/natoura.si.<\/span><\/p><p><span style=\"color: #ffffff;\">Avtorica fotografij: \u00a9 Janja Benedik. <\/span><\/p><p><span style=\"color: #ffffff;\"><span style=\"font-family: Poppins;\">Organizator in izvajalec izleta: \u00a9 naTOURa, Janja Benedik, s. p., <\/span><span style=\"font-family: Poppins;\">2020-21.<\/span><\/span><\/p><div id=\"kpm-root\" class=\"kpm_LTR\">\u00a0<\/div>\t\t\t\t\t\t\t\t<\/div>\n\t\t\t\t<\/div>\n\t\t\t\t\t<\/div>\n\t\t<\/div>\n\t\t\t\t\t<\/div>\n\t\t<\/section>\n\t\t\t\t<\/div>\n\t\t","protected":false},"excerpt":{"rendered":"<p>Bela krajina je kra\u0161ka pokrajina in \u017ee povr\u0161en pogled nam razkrije \u0161tevilne vrta\u010de, udornice, spodmole, ponikalnice, &#8230; Kra\u0161ko povr\u0161je nastaja kot posledica delovanja vode naTour Details<\/p>\n","protected":false},"author":1,"featured_media":4107,"parent":0,"menu_order":0,"comment_status":"closed","ping_status":"closed","template":"","meta":{"footnotes":""},"class_list":["post-4114","page","type-page","status-publish","has-post-thumbnail","hentry"],"_links":{"self":[{"href":"https:\/\/natoura.si\/sl_si\/wp-json\/wp\/v2\/pages\/4114","targetHints":{"allow":["GET"]}}],"collection":[{"href":"https:\/\/natoura.si\/sl_si\/wp-json\/wp\/v2\/pages"}],"about":[{"href":"https:\/\/natoura.si\/sl_si\/wp-json\/wp\/v2\/types\/page"}],"author":[{"embeddable":true,"href":"https:\/\/natoura.si\/sl_si\/wp-json\/wp\/v2\/users\/1"}],"replies":[{"embeddable":true,"href":"https:\/\/natoura.si\/sl_si\/wp-json\/wp\/v2\/comments?post=4114"}],"version-history":[{"count":20,"href":"https:\/\/natoura.si\/sl_si\/wp-json\/wp\/v2\/pages\/4114\/revisions"}],"predecessor-version":[{"id":4161,"href":"https:\/\/natoura.si\/sl_si\/wp-json\/wp\/v2\/pages\/4114\/revisions\/4161"}],"wp:featuredmedia":[{"embeddable":true,"href":"https:\/\/natoura.si\/sl_si\/wp-json\/wp\/v2\/media\/4107"}],"wp:attachment":[{"href":"https:\/\/natoura.si\/sl_si\/wp-json\/wp\/v2\/media?parent=4114"}],"curies":[{"name":"wp","href":"https:\/\/api.w.org\/{rel}","templated":true}]}}