{"id":386,"date":"2019-09-05T11:34:36","date_gmt":"2019-09-05T11:34:36","guid":{"rendered":"https:\/\/natoura.si\/?page_id=386"},"modified":"2019-10-11T06:59:31","modified_gmt":"2019-10-11T06:59:31","slug":"severni-ciper-2","status":"publish","type":"page","link":"https:\/\/natoura.si\/sl_si\/severni-ciper-2\/","title":{"rendered":"Severni Ciper"},"content":{"rendered":"<p style=\"text-align: left;\" align=\"center\"><span style=\"font-family: Montserrat; font-size: 10pt;\"><strong><span style=\"color: #9dbc55;\">20. \u2013 29. marec 2020<\/span><br \/>\n<\/strong><\/span><\/p>\n<p style=\"text-align: left;\" align=\"center\"><span style=\"font-family: Montserrat; font-size: 10pt;\">desetdnevno potovanje \u2022\u00a0 letalo \u2022 minibus<\/span><\/p>\n<p><span style=\"font-family: Montserrat; font-size: 10pt;\"><em>Medtem, ko bo pri nas \u0161e vedno zima in bomo le slutili prihajajo\u010do pomlad, se lahko z nami podate na raziskovanje neokrnjene narave Severnega Cipra, kjer si bomo ogledali ve\u010d zavarovanih obmo\u010dij in spoznavali razli\u010dna \u017eivljenjska okolja rastlin in \u017eivali, od katerih so mnogi endemiti otoka. Ravno v tem \u010dasu se bodo razcveteli divje rasto\u010di tulipani in \u0161tevilne orhideje, ob morskih lagunah bomo opazovali vodne ptice, spoznavali slanoljubno vegetacijo obalnih sipin, gorovij, starih olj\u010dnih nasadov in se sprehajali med prosto \u017eive\u010dimi osli na skrajnem severovzhodu otoka. Bogate vtise bo popestrila odli\u010dna lokalna kulinarika.<\/em><\/span><\/p>\n<p>&nbsp;<\/p>\n<p><span style=\"font-family: Montserrat; color: #9dbc55; font-size: 10pt;\"><b>1. dan (petek, 20. 3. 2020)<\/b><\/span><\/p>\n<p><span style=\"font-family: Montserrat; font-size: 10pt;\">Odhod v dopoldanskih urah z letali\u0161\u010da Brnik. Let do Istanbula in naprej do letali\u0161\u010da Er\u00e7an na Cipru. Transfer do hotela, ve\u010derja in preno\u010devanje.<\/span><\/p>\n<p><span style=\"font-family: Montserrat; color: #9dbc55; font-size: 10pt;\"><strong> 2. dan (sobota, 21. 3. 2020): Zahod<\/strong><\/span><\/p>\n<p><span style=\"font-family: Montserrat; font-size: 10pt;\"><img decoding=\"async\" class=\"alignnone wp-image-746\" src=\"https:\/\/www.janjabenedik.com\/wp-content\/uploads\/2019\/08\/IMG_0316-300x252.gif\" alt=\"\" width=\"131\" height=\"110\" \/> <img decoding=\"async\" class=\"alignnone wp-image-744\" src=\"https:\/\/www.janjabenedik.com\/wp-content\/uploads\/2019\/08\/IMG_0312-300x200.gif\" alt=\"\" width=\"165\" height=\"110\" \/> <img decoding=\"async\" class=\"alignnone wp-image-745\" src=\"https:\/\/www.janjabenedik.com\/wp-content\/uploads\/2019\/08\/IMG_5592-300x200.gif\" alt=\"\" width=\"165\" height=\"110\" \/><\/span><\/p>\n<p><span style=\"font-family: Montserrat; font-size: 10pt;\">Pot bomo za\u010deli pri ru\u0161evinah Soli po poti, ki te\u010de skozi nasade citrusov. Pot gre nato mimo vzo\u017eja hribovja Troodos, kjer bodo cvetele spomladanske rastline. Na tem obmo\u010dju je veliko orhidej. Pot se zlagoma vzpenja do vasi Ba\u011fl\u0131k\u00f6y\/ Ambelikou, prijetne vasice, skrite v gorski dolini. V vasi se nahaja precej tradicionalnih hi\u0161, ki so obnovljene. Po ogledu vasice in postanku za kavo se bomo vrnili do ru\u0161evin Soli, kjer si bomo ogledali ostanke amfiteatra, agoro in baziliko, ki je znana po svojih mozaikih. Obiskali bomo tudi rudarsko mesto Lefke, ki ima bogato otomansko in kolonialno britansko arhitekturo, tu pa je tudi sede\u017e islamske sekte Naqshibendi.<\/span><\/p>\n<p><span style=\"font-family: Montserrat; font-size: 10pt;\"><b><span style=\"color: #9dbc55;\">3. dan (nedelja, 22. 3. 2020): Kmetijska pokrajina z visoko naravno vrednostjo<\/span><br \/>\n<\/b><\/span><\/p>\n<p style=\"text-align: left;\" align=\"center\"><span style=\"font-family: Montserrat; font-size: 10pt;\"><img loading=\"lazy\" decoding=\"async\" class=\"alignnone wp-image-410\" src=\"https:\/\/natoura.si\/wp-content\/uploads\/2019\/09\/Zbiralnik-za-vodo-300x225.gif\" alt=\"\" width=\"147\" height=\"110\" \/> <img loading=\"lazy\" decoding=\"async\" class=\"alignnone wp-image-398\" src=\"https:\/\/natoura.si\/wp-content\/uploads\/2019\/09\/Oljka-300x225.gif\" alt=\"\" width=\"147\" height=\"110\" \/> <img loading=\"lazy\" decoding=\"async\" class=\"alignnone wp-image-396\" src=\"https:\/\/natoura.si\/wp-content\/uploads\/2019\/09\/Hisarkoy-395-300x225.gif\" alt=\"\" width=\"147\" height=\"110\" \/><\/span><\/p>\n<p><span style=\"font-family: Montserrat; font-size: 10pt;\">Pot bomo zjutraj za\u010deli pri vodnem izviru, katerega vode se zbirajo v akvedukt in te\u010dejo navzdol skozi rodovitno dolino. To je ena od redkih zelenih dolin s skoraj edinim izvirom v severnem delu Cipra, ki nikoli ne presahne. Ob akveduktu uspeva veliko vodnih in mo\u010dvirnih rastlin. Ozka vijugasta pot sledi vodnemu toku proti dnu doline pod visokimi drevesi pinij. Na koncu akvedukta je velik vodni zbiralnik, ki ga \u017ee stoletja uporabljajo za namakanje olj\u010dnih nasadov. V tem nasadu uspeva pribli\u017eno 2000 oljk, 400 od njih je starih ve\u010d kot 500 let. Nekatera najstarej\u0161a drevesa so stara tudi od 800 do 900 let in \u0161e vedno obrodijo. V bli\u017eini nasada se nahaja tudi podzemna jama in nekaj ru\u0161evin. Zaklju\u010dek pohoda bo po stari stezi ob robu doline med drevesi pinij. Med potjo bomo obiskali tudi grobnico Akdeniz Royal in pe\u0161\u010dene sipine ob morski obali, kjer bomo lahko opazovali kseromorfne in halofilne rastline Cipra.<\/span><\/p>\n<p><span style=\"font-family: Montserrat; font-size: 10pt;\"><span style=\"color: #9dbc55;\"><b>4. dan (ponedelj<\/b><\/span><b><span style=\"color: #9dbc55;\">ek, 23. 3. 2020): Endemi\u010dne in redke vrste na obmo\u010dju Akdeniz, Nicosia<\/span><br \/>\n<\/b><\/span><\/p>\n<p style=\"text-align: left;\" align=\"center\"><span style=\"font-family: Montserrat; font-size: 10pt;\"><img loading=\"lazy\" decoding=\"async\" class=\"alignnone wp-image-409\" src=\"https:\/\/natoura.si\/wp-content\/uploads\/2019\/09\/tulipa-cypria-300x225.gif\" alt=\"\" width=\"147\" height=\"110\" \/> <img loading=\"lazy\" decoding=\"async\" class=\"alignnone wp-image-403\" src=\"https:\/\/natoura.si\/wp-content\/uploads\/2019\/09\/Quercus-infectoria-300x225.gif\" alt=\"\" width=\"147\" height=\"110\" \/> <img loading=\"lazy\" decoding=\"async\" class=\"alignnone wp-image-400\" src=\"https:\/\/natoura.si\/wp-content\/uploads\/2019\/09\/Ophrys-kotschyi-Akdeniz.gif\" alt=\"\" width=\"83\" height=\"110\" \/> <img loading=\"lazy\" decoding=\"async\" class=\"alignnone wp-image-390\" src=\"https:\/\/natoura.si\/wp-content\/uploads\/2019\/09\/Anthemis-tricolor-300x282.gif\" alt=\"\" width=\"117\" height=\"110\" \/><\/span><\/p>\n<p><span style=\"font-family: Montserrat; font-size: 10pt;\">Pot se nahaja na zavarovanem obmo\u010dju Akdeniz in poteka preko je\u010dmenovih polj, kar je idealno \u017eivljenjsko okolje za endemi\u010dne tulipane (<em>Tulipa<\/em> <em>cypria<\/em>). Med sezono cvetenja lahko vidimo na stotine rde\u010dih tulipanov med zelenimi polj\u0161\u010dinami. Druga redka rastlina Severnega Cipra je alepski hrast (<em>Quercus infectoria<\/em>), nekdaj prevladujo\u010da gozdna vrsta zahodnih ravnic. To obmo\u010dje je eno od \u0161tirih pomembnih hrastovih obmo\u010dij Severnega Cipra in tu uspevajo mnoge ruderalne vrste, med njimi vetrnice in orhideje. Pot poteka mimo vodnega rezervoarja, kjer lahko z malo sre\u010de opazujemo sezonske vodne ptice, zaklju\u010di pa se v maronitski vasici Kormacit, kjer \u017eivi libanonska arabska kr\u0161\u010danska skupnost z neokrnjeno kulturo, ki je v tej odmaknjeni vasici \u0161e vedno \u017eiva. V popoldanskem \u010dasu bomo obiskali Nicosio, razdeljeno glavno mesto Cipra.<\/span><\/p>\n<p><span style=\"font-family: Montserrat; font-size: 10pt;\"><b><span style=\"color: #9dbc55;\">5. dan (torek, 24. 3. 2020): Endemiti gora in kri\u017earski grad, Kyrenia<\/span><br \/>\n<\/b><\/span><\/p>\n<p style=\"text-align: left;\" align=\"center\"><span style=\"font-family: Montserrat; font-size: 10pt;\"><img loading=\"lazy\" decoding=\"async\" class=\"alignnone wp-image-391\" src=\"https:\/\/natoura.si\/wp-content\/uploads\/2019\/09\/Brassica-hilarionis.gif\" alt=\"\" width=\"83\" height=\"110\" \/> <img loading=\"lazy\" decoding=\"async\" class=\"alignnone wp-image-407\" src=\"https:\/\/natoura.si\/wp-content\/uploads\/2019\/09\/St.-Hillarion-300x186.gif\" alt=\"\" width=\"178\" height=\"110\" \/> <img loading=\"lazy\" decoding=\"async\" class=\"alignnone wp-image-395\" src=\"https:\/\/natoura.si\/wp-content\/uploads\/2019\/09\/Girne-300x197.gif\" alt=\"\" width=\"167\" height=\"110\" \/><\/span><\/p>\n<p><span style=\"font-family: Montserrat; font-size: 10pt;\">Iz vasi Ilgaz vodi pot vzdol\u017e gora do gorske vasice Karmi. To je zelo dobro ohranjena vas z obnovljenimi tradicionalnimi hi\u0161ami. Pot se nato vzpenja skozi kanjone in doline proti gradu Sv. Hilarion. Grad stoji na skalnem osamelcu, kjer se je ohranilo 12 zelo specializiranih endemitov gorovja Kyrenia, kot je na primer zelje Sv. Hilariona (<em>Brassica hialionensis<\/em>) ali jeruzalemski \u017eajbelj (<em>Phlomis fruticosa<\/em>). Razgled z gradu na Kyrenio je \u010dudovit. Za konec si bomo ogledali \u0161e mesto Kyrenia: staro mestno jedro, zgodovinsko pristani\u0161\u010de in grad Kyrenia.<\/span><\/p>\n<p><span style=\"font-family: Montserrat; font-size: 10pt;\"><b><span style=\"color: #9dbc55;\">6. dan (sreda, 25. 3. 2020): Lov za gorskimi orhidejami<\/span><br \/>\n<\/b><\/span><\/p>\n<p style=\"text-align: left;\" align=\"center\"><span style=\"font-family: Montserrat; font-size: 10pt;\"><img loading=\"lazy\" decoding=\"async\" class=\"alignnone wp-image-399\" src=\"https:\/\/natoura.si\/wp-content\/uploads\/2019\/09\/Ophrys-israelitica.gif\" alt=\"\" width=\"79\" height=\"110\" \/> <img loading=\"lazy\" decoding=\"async\" class=\"alignnone wp-image-401\" src=\"https:\/\/natoura.si\/wp-content\/uploads\/2019\/09\/Orchis-syriaca-1.gif\" alt=\"\" width=\"110\" height=\"110\" \/> <img loading=\"lazy\" decoding=\"async\" class=\"alignnone wp-image-405\" src=\"https:\/\/natoura.si\/wp-content\/uploads\/2019\/09\/sele-sepet-2-300x199.gif\" alt=\"\" width=\"166\" height=\"110\" \/> <img loading=\"lazy\" decoding=\"async\" class=\"alignnone wp-image-397\" src=\"https:\/\/natoura.si\/wp-content\/uploads\/2019\/09\/lf-12-300x225.gif\" alt=\"\" width=\"147\" height=\"110\" \/><\/span><\/p>\n<p><span style=\"font-family: Montserrat; font-size: 10pt;\">Na obmo\u010dju Alevkaye so najbolj\u0161e poti za opazovanje orhidej na Severnem Cipru in z malo sre\u010de lahko najdemo do 10 razli\u010dnih vrst. Poti po Alevkayi so del najstarej\u0161e mre\u017ee poti na tem delu otoka. Prve poti je odprla leta 1995 Planinsko \u0161portna zveza in nudijo lepe razglede na goro Pentodactylos, ki je simbol gorske verige Kyrenie. Med sprehodom skozi star pinijev gozd lahko opazujemo \u0161tevilna aromati\u010dna sredozemska zeli\u0161\u010da. Ob poti se nahaja tudi zapu\u0161\u010den armenski samostan. Mo\u017enost ogleda znamenitega herbarija. Po poti lahko spremljamo spreminjanje vegetacije na humidnih severnih pobo\u010djih in suih in vro\u010dih ju\u017enih pobo\u010djih, kjer se pot kon\u010da v tradicionalni ciprski vasi Kalava\u00e7. Med potjo bomo obiskali tudi vas \u03c2atoz (Serdarl\u03b9), kjer se bomo seznanili s tradicionalnim va\u0161kim \u017eivljenjem.<\/span><\/p>\n<p><span style=\"font-family: Montserrat; color: #9dbc55; font-size: 10pt;\"><b>7. dan (\u010detrtek, 26. 3. 2020): Mokri\u0161\u010de Famagusta<\/b><\/span><\/p>\n<p><span style=\"font-family: Montserrat; font-size: 10pt;\"><img loading=\"lazy\" decoding=\"async\" class=\"alignnone wp-image-394\" src=\"https:\/\/natoura.si\/wp-content\/uploads\/2019\/09\/flamingos-1-300x200.gif\" alt=\"\" width=\"165\" height=\"110\" \/> <img loading=\"lazy\" decoding=\"async\" class=\"alignnone wp-image-402\" src=\"https:\/\/natoura.si\/wp-content\/uploads\/2019\/09\/Ostrogasta-priba.gif\" alt=\"\" width=\"103\" height=\"110\" \/> <img loading=\"lazy\" decoding=\"async\" class=\"alignnone wp-image-393\" src=\"https:\/\/natoura.si\/wp-content\/uploads\/2019\/09\/Famagusta-300x199.gif\" alt=\"\" width=\"166\" height=\"110\" \/><\/span><\/p>\n<p><span style=\"font-family: Montserrat; font-size: 10pt;\">Obiskali bomo ostanke anti\u010dne rimske prestolnice Salamis in se sprehodili 2 km ob obali do lagune Famagusta. Ogledali si bomo jezeri G\u00fclseren in Ayluka, kjer bomo imeli mo\u017enost opazovati kravjo \u010dapljo (<em>Bubulcus ibis<\/em>), ostrogasto pribo (<em>Vanellus spinosus<\/em>), flaminge in druge ptice. Popoldan si bomo ogledali staro mesto Famagusta in mesto duhov Varosha, nekdanje mondeno letovi\u0161\u010de, ki so ga prebivalci zapustili po tur\u0161ki zasedbi leta 1974.<\/span><\/p>\n<p><span style=\"font-family: Montserrat; font-size: 10pt;\"><b><span style=\"color: #9dbc55;\">8. dan (petek, 27. 3. 2020): Zavarovano obmo\u010dje Karpaz<\/span><br \/>\n<\/b><\/span><\/p>\n<p style=\"text-align: left;\" align=\"center\"><span style=\"font-family: Montserrat; font-size: 10pt;\"><img loading=\"lazy\" decoding=\"async\" class=\"alignnone wp-image-392\" src=\"https:\/\/natoura.si\/wp-content\/uploads\/2019\/09\/Divji-osli-300x271.gif\" alt=\"\" width=\"122\" height=\"110\" \/> <img loading=\"lazy\" decoding=\"async\" class=\"alignnone wp-image-404\" src=\"https:\/\/natoura.si\/wp-content\/uploads\/2019\/09\/Samostan-300x225.gif\" alt=\"\" width=\"147\" height=\"110\" \/> <img loading=\"lazy\" decoding=\"async\" class=\"alignnone wp-image-408\" src=\"https:\/\/natoura.si\/wp-content\/uploads\/2019\/09\/Teucrium-karpasiticum.gif\" alt=\"\" width=\"74\" height=\"110\" \/> <img loading=\"lazy\" decoding=\"async\" class=\"alignnone wp-image-406\" src=\"https:\/\/natoura.si\/wp-content\/uploads\/2019\/09\/sredozemski-galeb-300x201.gif\" alt=\"\" width=\"164\" height=\"110\" \/><\/span><\/p>\n<p><span style=\"font-family: Montserrat; font-size: 10pt;\">Karpaz je zelo posebno obmo\u010dje, ki je malo razvito in ima zato dobro ohranjeno naravno krajino. Svoj ogled bomo za\u010deli z ogledom samostana Apostola Andreja, enem najsvetej\u0161ih krajev pravoslavnih vernikov. Pot poteka v glavnem po stezah, ki so jih naredili prosto \u017eive\u010di osli s polotoka Karpaz. \u010ceprav je brinov gozd v ostalem delu Mediterana redek tip vegetacije, potekajo steze po Karpazu prav skozi rasti\u0161\u010da teh dreves. Mogo\u010de bo videti lokalno karpa\u0161ko endemitsko rastlino <em>Teucrium karpasiticum<\/em> in mnoge ptice selivke, vklju\u010dno z lokalnim gnezdilcem sredozemskim galebom (<em>Ichthyaetus audouinii<\/em>), ki je bil neko\u010d ogro\u017een.<\/span><\/p>\n<p><span style=\"font-family: Montserrat; font-size: 10pt;\"><b><span style=\"color: #9dbc55;\">9. dan (sobota, 28. 3. 2020): Ciprske kamnine<\/span><br \/>\n<\/b><\/span><\/p>\n<p><span style=\"font-family: Montserrat; font-size: 10pt;\"><img loading=\"lazy\" decoding=\"async\" class=\"alignnone wp-image-742\" src=\"https:\/\/www.janjabenedik.com\/wp-content\/uploads\/2019\/08\/IMG_2071-300x200.gif\" alt=\"\" width=\"165\" height=\"110\" \/> <img loading=\"lazy\" decoding=\"async\" class=\"alignnone wp-image-739\" src=\"https:\/\/www.janjabenedik.com\/wp-content\/uploads\/2019\/08\/Ayios-Philon-Church-300x201.jpg\" alt=\"\" width=\"164\" height=\"110\" \/> <img loading=\"lazy\" decoding=\"async\" class=\"alignnone wp-image-741\" src=\"https:\/\/www.janjabenedik.com\/wp-content\/uploads\/2019\/08\/Geo1-300x200.jpg\" alt=\"\" width=\"165\" height=\"110\" \/><\/span><\/p>\n<p><span style=\"font-family: Montserrat; font-size: 10pt;\">Pot bomo za\u010deli na ju\u017eni obali polotoka Karpaz, kjer se nahajajo pe\u0161\u010denjaki iz obdobja neogena. Pot se nato vzpenja po kvartarnih sedimentih in redkih vulkanskih ostankov lave. Glavna to\u010dka ogleda je skrivnostna Rde\u010da skala neznanega izvora, ki se nahaja le tukaj in nikjer drugje na otoku. Sprehod bomo nadaljevali s spustom v dolino in zaklju\u010dili na severni, apnen\u010dasti obali, kjer si bomo ogledali cerkev Ayios Philon in romansko baziliko v nekdanjem anti\u010dnem mestu Karpasia, enem od devetih kraljestev anti\u010dnega Cipra.<\/span><\/p>\n<p><span style=\"font-family: Montserrat; font-size: 10pt;\"><b><span style=\"color: #9dbc55;\">10. dan (nedelja, 29. 3. 2020)<\/span><br \/>\n<\/b><\/span><\/p>\n<p><span style=\"font-family: Montserrat; font-size: 10pt;\">Po zgodnjem zajtrku transfer do letali\u0161\u010da. Let Er\u00e7an \u2013 Istanbul, Istanbul \u2013 Brnik.<\/span><\/p>\n<p>&nbsp;<\/p>\n<p><span style=\"font-family: Montserrat; color: #9dbc55; font-size: 10pt;\"><b>CENA IN DOPLA\u010cILA<\/b><\/span><\/p>\n<p><span lang=\"SL\" style=\"font-family: Montserrat; font-size: 10pt;\">Cena za <a href=\"http:\/\/www.proteus.si\"><em>\u010dlane<\/em><\/a> na osebo v dvoposteljni sobi: 1.330,00 \u20ac (prijavljenih 12 oseb do 15. 1. 2020).<\/span><\/p>\n<p><span lang=\"SL\" style=\"font-family: Montserrat; font-size: 10pt;\">Cena za <em>ne\u010dlane<\/em> v dvoposteljni sob je vi\u0161ja za 5 %.<br \/>\n<\/span><\/p>\n<p><span style=\"font-family: Montserrat; font-size: 10pt;\"><strong>Pri pla\u010dilu v enem obroku nudimo 5 % popust na osnovni aran\u017ema.<\/strong><\/span><\/p>\n<p><span style=\"color: #9dbc55; font-family: Montserrat; font-size: 10pt;\"><strong>OBVEZNA DOPLA\u010cILA:<\/strong><\/span><\/p>\n<ul>\n<li><span style=\"font-family: Montserrat; font-size: 10pt;\">dopla\u010dilo, \u010de bo v skupini le 10 oseb: 50,00 \u20ac,<\/span><\/li>\n<li><span style=\"font-family: Montserrat; font-size: 10pt;\">dopla\u010dilo, \u010de bo v skupini le 8 oseb: 180,00 \u20ac.<\/span><\/li>\n<\/ul>\n<p><span style=\"font-family: Montserrat; font-size: 10pt;\"><strong><span style=\"color: #9dbc55;\">OBVEZNO DOPLA\u010cILO ZA DRA\u017dJO LETALSKO KARTO:<\/span><\/strong><\/span><\/p>\n<ul>\n<li><span style=\"font-family: Montserrat; font-size: 10pt;\">ob prijavi po 15. 1. 2020: 80,00 \u20ac.<\/span><\/li>\n<li><span style=\"font-family: Montserrat; font-size: 10pt;\">ob prijavi po 15. 2. 2020: 120,00 \u20ac<\/span><\/li>\n<\/ul>\n<p><span style=\"color: #9dbc55; font-family: Montserrat; font-size: 10pt;\"><strong>DOPLA\u010cILA PO \u017dELJI:<\/strong><\/span><\/p>\n<ul>\n<li><span style=\"font-family: Montserrat; font-size: 10pt;\">enoposteljna soba: 100,00 \u20ac,<\/span><\/li>\n<li><span style=\"font-family: Montserrat; font-size: 10pt;\">riziko odpovedi potovanja: 4,3 % cene aran\u017emaja,<\/span><\/li>\n<li><span style=\"font-family: Montserrat; font-size: 10pt;\">zavarovanje za tujino Coris: 40,00 \u20ac.<\/span><\/li>\n<li><span style=\"font-family: Montserrat; font-size: 10pt;\">napitnine za lokalne vodnike in voznike (od 5,00 do 10,00 \u20ac).<\/span><\/li>\n<\/ul>\n<p><span style=\"color: #9dbc55; font-family: Montserrat; font-size: 10pt;\"><strong>POPUST:<\/strong><\/span><\/p>\n<ul>\n<li><span style=\"font-family: Montserrat; font-size: 10pt;\">pla\u010dilo v enem obroku: -5 %.<\/span><\/li>\n<\/ul>\n<p><span style=\"font-family: Montserrat; font-size: 10pt;\"><strong>Mo\u017eno je pla\u010dilo v 7 obrokih. Vsaj 5 obrokov mora biti pla\u010danih pred odhodom.<\/strong><\/span><\/p>\n<p><span style=\"font-family: Montserrat; color: #9dbc55; font-size: 10pt;\"><strong>CENA VKLJU\u010cUJE:<\/strong><\/span><\/p>\n<ul>\n<li><span style=\"font-family: Montserrat; font-size: 10pt;\">letalski prevoz na relaciji Ljubljana \u2013 Istanbul &#8211; Er\u00e7an, Er\u00e7an &#8211; Istanbul &#8211; Ljubljana (Turkish Airways), pristojbine\u00a0 in takse, zavarovanje odpovedi letalskih kart,<\/span><\/li>\n<li><span style=\"font-family: Montserrat; font-size: 10pt;\">prevoz z minibusom po programu,<\/span><\/li>\n<li><span style=\"font-family: Montserrat; font-size: 10pt;\">8 x polni penzion, 2 x no\u010ditev z zajtrkom,<\/span><\/li>\n<li><span style=\"font-family: Montserrat; font-size: 10pt;\">preno\u010devanje v buti\u010dnem hotelu znotraj starega obzidja Nikozije,<\/span><\/li>\n<li><span style=\"font-family: Montserrat; font-size: 10pt;\">slovenskega in lokalnega, angle\u0161ko govore\u010dega vodnika,<\/span><\/li>\n<li><span style=\"font-family: Montserrat; font-size: 10pt;\">vse vstopnine po programu,<\/span><\/li>\n<li><span style=\"font-family: Montserrat; font-size: 10pt;\">stro\u0161ke priprave in organizacijo potovanja.<\/span><\/li>\n<\/ul>\n<p><span style=\"font-family: Montserrat; color: #9dbc55; font-size: 10pt;\"><strong>V CENO NI VKLJU\u010cENO<\/strong>:<\/span><\/p>\n<ul>\n<li><span style=\"font-family: Montserrat; font-size: 10pt;\">vstopnine za morebitne dodatne oglede,<\/span><\/li>\n<li><span style=\"font-family: Montserrat; font-size: 10pt;\">dodatna hrana in pija\u010da,<\/span><\/li>\n<li><span style=\"font-family: Montserrat; font-size: 10pt;\">vse ostalo, kar ni navedeno posebej.<\/span><\/li>\n<\/ul>\n<p><span style=\"font-family: Montserrat; font-size: 10pt;\"><a href=\"https:\/\/natoura.si\/splosni-pogoji-poslovanja\/\">Splo\u0161ni pogoji poslovanja<\/a> so sestavni del programa. Na voljo so na spletni strani https:\/\/natoura.si.<\/span><\/p>\n<p><span style=\"font-family: Montserrat; font-size: 10pt;\">Avtorji programa: \u00a9 G\u00fcl\u00e7an Yalinca, Tugberk Emirzade in Janja Benedik, 2015-2019.<\/span><\/p>\n<p><span style=\"font-family: Montserrat; font-size: 10pt;\">Organizacija in izvedba programa: \u00a9 G\u00fcl\u00e7an Yalinca in naTOURa, Janja Benedik s. p., 2019-2020.<\/span><\/p>\n<p>&nbsp;<\/p>\n<h2><a href=\"https:\/\/natoura.si\/prijavnica-za-potovanje-severni-ciper\/\"><span style=\"font-family: Montserrat; font-size: 12pt;\"><strong><span style=\"color: #ff9900;\">PRIJAVNICA<\/span><\/strong><\/span><\/a><\/h2>\n","protected":false},"excerpt":{"rendered":"<p>20. \u2013 29. marec 2020 desetdnevno potovanje \u2022\u00a0 letalo \u2022 minibus Medtem, ko bo pri nas \u0161e vedno zima in bomo le slutili prihajajo\u010do pomlad,Tour Details<\/p>\n","protected":false},"author":1,"featured_media":0,"parent":0,"menu_order":0,"comment_status":"closed","ping_status":"closed","template":"","meta":{"footnotes":""},"class_list":["post-386","page","type-page","status-publish","hentry"],"_links":{"self":[{"href":"https:\/\/natoura.si\/sl_si\/wp-json\/wp\/v2\/pages\/386","targetHints":{"allow":["GET"]}}],"collection":[{"href":"https:\/\/natoura.si\/sl_si\/wp-json\/wp\/v2\/pages"}],"about":[{"href":"https:\/\/natoura.si\/sl_si\/wp-json\/wp\/v2\/types\/page"}],"author":[{"embeddable":true,"href":"https:\/\/natoura.si\/sl_si\/wp-json\/wp\/v2\/users\/1"}],"replies":[{"embeddable":true,"href":"https:\/\/natoura.si\/sl_si\/wp-json\/wp\/v2\/comments?post=386"}],"version-history":[{"count":8,"href":"https:\/\/natoura.si\/sl_si\/wp-json\/wp\/v2\/pages\/386\/revisions"}],"predecessor-version":[{"id":963,"href":"https:\/\/natoura.si\/sl_si\/wp-json\/wp\/v2\/pages\/386\/revisions\/963"}],"wp:attachment":[{"href":"https:\/\/natoura.si\/sl_si\/wp-json\/wp\/v2\/media?parent=386"}],"curies":[{"name":"wp","href":"https:\/\/api.w.org\/{rel}","templated":true}]}}