{"id":3716,"date":"2021-03-13T06:36:52","date_gmt":"2021-03-13T06:36:52","guid":{"rendered":"https:\/\/natoura.si\/?page_id=3716"},"modified":"2021-03-13T06:52:49","modified_gmt":"2021-03-13T06:52:49","slug":"divaski-kras-program-2","status":"publish","type":"page","link":"https:\/\/natoura.si\/sl_si\/divaski-kras-program-2\/","title":{"rendered":"Diva\u0161ki kras &#8211; program"},"content":{"rendered":"\t\t<div data-elementor-type=\"wp-page\" data-elementor-id=\"3716\" class=\"elementor elementor-3716\" data-elementor-post-type=\"page\">\n\t\t\t\t\t\t<section class=\"elementor-section elementor-top-section elementor-element elementor-element-fe66137 elementor-section-boxed elementor-section-height-default elementor-section-height-default\" data-id=\"fe66137\" data-element_type=\"section\" data-e-type=\"section\">\n\t\t\t\t\t\t<div class=\"elementor-container elementor-column-gap-default\">\n\t\t\t\t\t<div class=\"elementor-column elementor-col-33 elementor-top-column elementor-element elementor-element-bad21b2\" data-id=\"bad21b2\" data-element_type=\"column\" data-e-type=\"column\">\n\t\t\t<div class=\"elementor-widget-wrap elementor-element-populated\">\n\t\t\t\t\t\t<div class=\"elementor-element elementor-element-31d8264 elementor-widget elementor-widget-image\" data-id=\"31d8264\" data-element_type=\"widget\" data-e-type=\"widget\" data-widget_type=\"image.default\">\n\t\t\t\t<div class=\"elementor-widget-container\">\n\t\t\t\t\t\t\t\t\t\t\t\t\t\t\t<img fetchpriority=\"high\" decoding=\"async\" width=\"800\" height=\"800\" src=\"https:\/\/natoura.si\/wp-content\/uploads\/2021\/03\/Divaski-kras-napovedna-gif.jpg\" class=\"attachment-large size-large wp-image-3717\" alt=\"\" srcset=\"https:\/\/natoura.si\/wp-content\/uploads\/2021\/03\/Divaski-kras-napovedna-gif.jpg 800w, https:\/\/natoura.si\/wp-content\/uploads\/2021\/03\/Divaski-kras-napovedna-gif-300x300.jpg 300w, https:\/\/natoura.si\/wp-content\/uploads\/2021\/03\/Divaski-kras-napovedna-gif-150x150.jpg 150w, https:\/\/natoura.si\/wp-content\/uploads\/2021\/03\/Divaski-kras-napovedna-gif-768x768.jpg 768w\" sizes=\"(max-width: 800px) 100vw, 800px\" \/>\t\t\t\t\t\t\t\t\t\t\t\t\t\t\t<\/div>\n\t\t\t\t<\/div>\n\t\t\t\t\t<\/div>\n\t\t<\/div>\n\t\t\t\t<div class=\"elementor-column elementor-col-66 elementor-top-column elementor-element elementor-element-766b34a\" data-id=\"766b34a\" data-element_type=\"column\" data-e-type=\"column\">\n\t\t\t<div class=\"elementor-widget-wrap elementor-element-populated\">\n\t\t\t\t\t\t<div class=\"elementor-element elementor-element-c4596d4 elementor-widget elementor-widget-text-editor\" data-id=\"c4596d4\" data-element_type=\"widget\" data-e-type=\"widget\" data-widget_type=\"text-editor.default\">\n\t\t\t\t<div class=\"elementor-widget-container\">\n\t\t\t\t\t\t\t\t\t<p><span style=\"color: #ffffff;\">Vo\u017enja iz Ljubljane do Diva\u010de, kjer se bomo najprej sprehodili po kra\u0161kem podzemlju in ob\u010dudovali delo narave v Diva\u0161ki jami.<\/span><\/p><p><span style=\"color: #ffffff;\">V neposredni bli\u017eini se nahaja kro\u017ena u\u010dna pot, po kateri se bomo sprehodili mimo udornice Risnik skozi zna\u010dilno kra\u0161ko gmajno, spoznali \u0161tevilne kra\u0161ke pojave, razli\u010dne zanimive rastlinske zdru\u017ebe in \u017eivljenje ljudi v davni preteklosti.<\/span> <\/p><div id=\"kpm-root\" class=\"kpm_LTR\">\u00a0<\/div><div id=\"kpm-root\" class=\"kpm_LTR\">\u00a0<\/div><div id=\"kpm-root\" class=\"kpm_LTR\">\u00a0<\/div><div id=\"kpm-root\" class=\"kpm_LTR\">\u00a0<\/div><div id=\"kpm-root\" class=\"kpm_LTR\">\u00a0<\/div><div id=\"kpm-root\" class=\"kpm_LTR\">\u00a0<\/div><div id=\"kpm-root\" class=\"kpm_LTR\">\u00a0<\/div>\t\t\t\t\t\t\t\t<\/div>\n\t\t\t\t<\/div>\n\t\t\t\t\t<\/div>\n\t\t<\/div>\n\t\t\t\t\t<\/div>\n\t\t<\/section>\n\t\t\t\t<section class=\"elementor-section elementor-top-section elementor-element elementor-element-6ace64c elementor-section-boxed elementor-section-height-default elementor-section-height-default\" data-id=\"6ace64c\" data-element_type=\"section\" data-e-type=\"section\">\n\t\t\t\t\t\t<div class=\"elementor-container elementor-column-gap-default\">\n\t\t\t\t\t<div class=\"elementor-column elementor-col-66 elementor-top-column elementor-element elementor-element-26812c6\" data-id=\"26812c6\" data-element_type=\"column\" data-e-type=\"column\">\n\t\t\t<div class=\"elementor-widget-wrap elementor-element-populated\">\n\t\t\t\t\t\t<div class=\"elementor-element elementor-element-51dd81e elementor-widget elementor-widget-text-editor\" data-id=\"51dd81e\" data-element_type=\"widget\" data-e-type=\"widget\" data-widget_type=\"text-editor.default\">\n\t\t\t\t<div class=\"elementor-widget-container\">\n\t\t\t\t\t\t\t\t\t<p><span style=\"color: #ffffff;\">V bli\u017enji Diva\u010di nas bodo sprejeli v \u0160krateljnovi hi\u0161i, kjer se bomo seznanili z zna\u010dilno kra\u0161ko arhitekturo in si ogledali Muzej slovenskih filmskih igralcev, za konec pa nas bo \u010dakal \u0161e sprehod po nasadih sivke na bli\u017enji kmetiji, kjer iz te \u010dudovite rastline pridelujejo marsikaj uporabnega in okusnega. Po ogledu nasadov, destilarne in manj\u0161e degustacije povratek v Ljubljano.<br \/><\/span><\/p><div id=\"kpm-root\" class=\"kpm_LTR\">\u00a0<\/div><div id=\"kpm-root\" class=\"kpm_LTR\">\u00a0<\/div><div id=\"kpm-root\" class=\"kpm_LTR\">\u00a0<\/div><div id=\"kpm-root\" class=\"kpm_LTR\">\u00a0<\/div><div id=\"kpm-root\" class=\"kpm_LTR\">\u00a0<\/div>\t\t\t\t\t\t\t\t<\/div>\n\t\t\t\t<\/div>\n\t\t\t\t\t<\/div>\n\t\t<\/div>\n\t\t\t\t<div class=\"elementor-column elementor-col-33 elementor-top-column elementor-element elementor-element-5604e37\" data-id=\"5604e37\" data-element_type=\"column\" data-e-type=\"column\">\n\t\t\t<div class=\"elementor-widget-wrap elementor-element-populated\">\n\t\t\t\t\t\t<div class=\"elementor-element elementor-element-64b0a47 elementor-widget elementor-widget-image\" data-id=\"64b0a47\" data-element_type=\"widget\" data-e-type=\"widget\" data-widget_type=\"image.default\">\n\t\t\t\t<div class=\"elementor-widget-container\">\n\t\t\t\t\t\t\t\t\t\t\t\t\t\t\t<img decoding=\"async\" width=\"800\" height=\"800\" src=\"https:\/\/natoura.si\/wp-content\/uploads\/2021\/03\/Skrateljnova-hisa.gif\" class=\"attachment-large size-large wp-image-3718\" alt=\"\" \/>\t\t\t\t\t\t\t\t\t\t\t\t\t\t\t<\/div>\n\t\t\t\t<\/div>\n\t\t\t\t\t<\/div>\n\t\t<\/div>\n\t\t\t\t\t<\/div>\n\t\t<\/section>\n\t\t\t\t<section class=\"elementor-section elementor-top-section elementor-element elementor-element-6a1e364 elementor-section-boxed elementor-section-height-default elementor-section-height-default\" data-id=\"6a1e364\" data-element_type=\"section\" data-e-type=\"section\">\n\t\t\t\t\t\t<div class=\"elementor-container elementor-column-gap-default\">\n\t\t\t\t\t<div class=\"elementor-column elementor-col-100 elementor-top-column elementor-element elementor-element-a059ba3\" data-id=\"a059ba3\" data-element_type=\"column\" data-e-type=\"column\">\n\t\t\t<div class=\"elementor-widget-wrap elementor-element-populated\">\n\t\t\t\t\t\t<div class=\"elementor-element elementor-element-b39cfa6 elementor-widget elementor-widget-text-editor\" data-id=\"b39cfa6\" data-element_type=\"widget\" data-e-type=\"widget\" data-widget_type=\"text-editor.default\">\n\t\t\t\t<div class=\"elementor-widget-container\">\n\t\t\t\t\t\t\t\t\t<p><span style=\"color: #ffffff;\">Vodstvo: Janja Benedik.<\/span><\/p><p><span style=\"color: #ffffff;\">Avtorica programa in fotografij: \u00a9 Janja Benedik, 2020-2021.<\/span><\/p><p><span style=\"color: #f56450;\">PODROBNEJ\u0160E INFORMACIJE O IZLETU BOSTE PRIJAVLJENI PREJELI PO ELEKTRONSKI PO\u0160TI TEDEN DNI PRED ODHODOM.<\/span><\/p><div class=\"elementor-container elementor-column-gap-default\"><div class=\"elementor-row\"><div class=\"elementor-column elementor-col-100 elementor-top-column elementor-element elementor-element-271362bf\" data-id=\"271362bf\" data-element_type=\"column\"><div class=\"elementor-column-wrap elementor-element-populated\"><div class=\"elementor-widget-wrap\"><div class=\"elementor-element elementor-element-37c1f47b elementor-widget elementor-widget-text-editor\" data-id=\"37c1f47b\" data-element_type=\"widget\" data-widget_type=\"text-editor.default\"><div class=\"elementor-widget-container\"><div class=\"elementor-text-editor elementor-clearfix\"><p><span style=\"color: #ffffff;\"><a style=\"color: #ffffff;\" href=\"https:\/\/natoura.si\/splosni-pogoji-poslovanja\/\">S<\/a><a style=\"color: #ffffff;\" href=\"https:\/\/natoura.si\/splosni-pogoji-poslovanja\/\">plo\u0161ni pogoji poslovanja<\/a> so sestavni del programa. Na voljo so na spletni strani https:\/\/natoura.si.<\/span><\/p><p><span style=\"color: #ffffff;\">Organizator in izvajalec izleta: \u00a9 <span style=\"font-family: Nothing You Could Do;\">naTOURa<\/span>, potovalna agencija, Janja Benedik s. p., 2021.<\/span><\/p><\/div><\/div><\/div><\/div><\/div><\/div><\/div><\/div>\t\t\t\t\t\t\t\t<\/div>\n\t\t\t\t<\/div>\n\t\t\t\t\t<\/div>\n\t\t<\/div>\n\t\t\t\t\t<\/div>\n\t\t<\/section>\n\t\t\t\t<\/div>\n\t\t","protected":false},"excerpt":{"rendered":"<p>Vo\u017enja iz Ljubljane do Diva\u010de, kjer se bomo najprej sprehodili po kra\u0161kem podzemlju in ob\u010dudovali delo narave v Diva\u0161ki jami. V neposredni bli\u017eini se nahajaTour Details<\/p>\n","protected":false},"author":1,"featured_media":3499,"parent":0,"menu_order":0,"comment_status":"closed","ping_status":"closed","template":"","meta":{"footnotes":""},"class_list":["post-3716","page","type-page","status-publish","has-post-thumbnail","hentry"],"_links":{"self":[{"href":"https:\/\/natoura.si\/sl_si\/wp-json\/wp\/v2\/pages\/3716","targetHints":{"allow":["GET"]}}],"collection":[{"href":"https:\/\/natoura.si\/sl_si\/wp-json\/wp\/v2\/pages"}],"about":[{"href":"https:\/\/natoura.si\/sl_si\/wp-json\/wp\/v2\/types\/page"}],"author":[{"embeddable":true,"href":"https:\/\/natoura.si\/sl_si\/wp-json\/wp\/v2\/users\/1"}],"replies":[{"embeddable":true,"href":"https:\/\/natoura.si\/sl_si\/wp-json\/wp\/v2\/comments?post=3716"}],"version-history":[{"count":3,"href":"https:\/\/natoura.si\/sl_si\/wp-json\/wp\/v2\/pages\/3716\/revisions"}],"predecessor-version":[{"id":3721,"href":"https:\/\/natoura.si\/sl_si\/wp-json\/wp\/v2\/pages\/3716\/revisions\/3721"}],"wp:featuredmedia":[{"embeddable":true,"href":"https:\/\/natoura.si\/sl_si\/wp-json\/wp\/v2\/media\/3499"}],"wp:attachment":[{"href":"https:\/\/natoura.si\/sl_si\/wp-json\/wp\/v2\/media?parent=3716"}],"curies":[{"name":"wp","href":"https:\/\/api.w.org\/{rel}","templated":true}]}}