{"id":3424,"date":"2021-02-16T08:46:37","date_gmt":"2021-02-16T08:46:37","guid":{"rendered":"https:\/\/natoura.si\/?page_id=3424"},"modified":"2023-01-22T18:02:11","modified_gmt":"2023-01-22T18:02:11","slug":"crna-gora-program","status":"publish","type":"page","link":"https:\/\/natoura.si\/sl_si\/crna-gora-program\/","title":{"rendered":"\u010crna gora &#8211; program"},"content":{"rendered":"\t\t<div data-elementor-type=\"wp-page\" data-elementor-id=\"3424\" class=\"elementor elementor-3424\" data-elementor-post-type=\"page\">\n\t\t\t\t\t\t<section class=\"elementor-section elementor-top-section elementor-element elementor-element-3b78148 elementor-section-boxed elementor-section-height-default elementor-section-height-default\" data-id=\"3b78148\" data-element_type=\"section\" data-e-type=\"section\">\n\t\t\t\t\t\t<div class=\"elementor-container elementor-column-gap-default\">\n\t\t\t\t\t<div class=\"elementor-column elementor-col-33 elementor-top-column elementor-element elementor-element-03c21c9\" data-id=\"03c21c9\" data-element_type=\"column\" data-e-type=\"column\">\n\t\t\t<div class=\"elementor-widget-wrap elementor-element-populated\">\n\t\t\t\t\t\t<div class=\"elementor-element elementor-element-7408ada elementor-widget elementor-widget-image\" data-id=\"7408ada\" data-element_type=\"widget\" data-e-type=\"widget\" data-widget_type=\"image.default\">\n\t\t\t\t<div class=\"elementor-widget-container\">\n\t\t\t\t\t\t\t\t\t\t\t\t\t\t\t<img fetchpriority=\"high\" decoding=\"async\" width=\"800\" height=\"800\" src=\"https:\/\/natoura.si\/wp-content\/uploads\/2023\/01\/Kanjon-Cijevna4.gif\" class=\"attachment-large size-large wp-image-10234\" alt=\"\" \/>\t\t\t\t\t\t\t\t\t\t\t\t\t\t\t<\/div>\n\t\t\t\t<\/div>\n\t\t\t\t\t<\/div>\n\t\t<\/div>\n\t\t\t\t<div class=\"elementor-column elementor-col-66 elementor-top-column elementor-element elementor-element-8ab13c5\" data-id=\"8ab13c5\" data-element_type=\"column\" data-e-type=\"column\">\n\t\t\t<div class=\"elementor-widget-wrap elementor-element-populated\">\n\t\t\t\t\t\t<div class=\"elementor-element elementor-element-e23ee78 elementor-widget elementor-widget-text-editor\" data-id=\"e23ee78\" data-element_type=\"widget\" data-e-type=\"widget\" data-widget_type=\"text-editor.default\">\n\t\t\t\t<div class=\"elementor-widget-container\">\n\t\t\t\t\t\t\t\t\t<p><span style=\"font-family: Poppins;\"><span style=\"color: #9dbc55; font-size: 16px;\">1. dan: sreda, 20. 9. 2023<br \/><\/span><\/span><\/p><p><span style=\"color: #ffffff;\">Sredi dneva prihod z letalom v \u010crno goro. Po opravljenih formalnostih na letali\u0161\u010du vo\u017enja do slapov na reki Cijevni. Ogled slapi\u010dev in korit (\u00bbNiagara\u00ab) ter kosilo ob reki. \u00a0Vo\u017enja do vasi Medun nad Podgorico, ki le\u017ei na kra\u0161kem polju, v njej pa je \u017eivel in ustvarjal veliki \u010drnogorski rodoljub in pisatelj Marko Miljanov. Ogledali si bomo njegov muzej in se preko njegovih zapisov podali v ne tako oddaljeno preteklost, kjer je dru\u017ebena ureditev temeljila (in deloma \u0161e) na klanih. Ogleli si bomo tudi ostanke srednjeve\u0161kega gradu, s katerega bo lep razgled na spodaj le\u017ee\u010do Podgorico.<\/span> <span style=\"color: #ffffff;\">Povratek v Podgorico, nastanitev v hotelu, ve\u010derja in preno\u010devanje.<\/span><\/p>\t\t\t\t\t\t\t\t<\/div>\n\t\t\t\t<\/div>\n\t\t\t\t\t<\/div>\n\t\t<\/div>\n\t\t\t\t\t<\/div>\n\t\t<\/section>\n\t\t\t\t<section class=\"elementor-section elementor-top-section elementor-element elementor-element-c1769e8 elementor-section-boxed elementor-section-height-default elementor-section-height-default\" data-id=\"c1769e8\" data-element_type=\"section\" data-e-type=\"section\">\n\t\t\t\t\t\t<div class=\"elementor-container elementor-column-gap-default\">\n\t\t\t\t\t<div class=\"elementor-column elementor-col-66 elementor-top-column elementor-element elementor-element-6707636\" data-id=\"6707636\" data-element_type=\"column\" data-e-type=\"column\">\n\t\t\t<div class=\"elementor-widget-wrap elementor-element-populated\">\n\t\t\t\t\t\t<div class=\"elementor-element elementor-element-e5c16b1 elementor-widget elementor-widget-text-editor\" data-id=\"e5c16b1\" data-element_type=\"widget\" data-e-type=\"widget\" data-widget_type=\"text-editor.default\">\n\t\t\t\t<div class=\"elementor-widget-container\">\n\t\t\t\t\t\t\t\t\t<p><span style=\"font-family: Poppins;\"><span style=\"color: #9db958; font-size: 16px;\">2. dan: \u010detrtek, 21. 9. 2023<br \/><\/span><\/span><\/p><p><span style=\"color: #ffffff;\">Po zajtrku vo\u017enja z avtobusom iz Podgorice do reke Crnojevi\u0107a. Sprehodili se bomo do njenega izvira v Obodski jami, nato pa se s \u010dolni odpravili po reki do njenega izliva v Skadrsko jezero. Po\u010dasi teko\u010da reka, ki je dolga le nekaj kilometrov, je bogata z vodnim rastlinstvom in \u017eivalstvom in z nekaj sre\u010de bomo lahko opazovali \u0161tevilne vodne ptice. Vo\u017enja do Virpazarja ob Skadrskem jezeru in ogled trdnjave Besac nad njim. Vo\u017enja do Jadranse obale, ve\u010derja in preno\u010devanje.<\/span><\/p><p><span style=\"color: #ffffff; font-family: Poppins; font-size: 14px;\">\u00a0<\/span><\/p>\t\t\t\t\t\t\t\t<\/div>\n\t\t\t\t<\/div>\n\t\t\t\t\t<\/div>\n\t\t<\/div>\n\t\t\t\t<div class=\"elementor-column elementor-col-33 elementor-top-column elementor-element elementor-element-9139d37\" data-id=\"9139d37\" data-element_type=\"column\" data-e-type=\"column\">\n\t\t\t<div class=\"elementor-widget-wrap elementor-element-populated\">\n\t\t\t\t\t\t<div class=\"elementor-element elementor-element-cccb775 elementor-widget elementor-widget-image\" data-id=\"cccb775\" data-element_type=\"widget\" data-e-type=\"widget\" data-widget_type=\"image.default\">\n\t\t\t\t<div class=\"elementor-widget-container\">\n\t\t\t\t\t\t\t\t\t\t\t\t\t\t\t<img decoding=\"async\" width=\"800\" height=\"800\" src=\"https:\/\/natoura.si\/wp-content\/uploads\/2022\/07\/Reka-Crnojevica.gif\" class=\"attachment-large size-large wp-image-8443\" alt=\"\" \/>\t\t\t\t\t\t\t\t\t\t\t\t\t\t\t<\/div>\n\t\t\t\t<\/div>\n\t\t\t\t\t<\/div>\n\t\t<\/div>\n\t\t\t\t\t<\/div>\n\t\t<\/section>\n\t\t\t\t<section class=\"elementor-section elementor-top-section elementor-element elementor-element-7ed273d elementor-section-boxed elementor-section-height-default elementor-section-height-default\" data-id=\"7ed273d\" data-element_type=\"section\" data-e-type=\"section\">\n\t\t\t\t\t\t<div class=\"elementor-container elementor-column-gap-default\">\n\t\t\t\t\t<div class=\"elementor-column elementor-col-33 elementor-top-column elementor-element elementor-element-33e8c31\" data-id=\"33e8c31\" data-element_type=\"column\" data-e-type=\"column\">\n\t\t\t<div class=\"elementor-widget-wrap elementor-element-populated\">\n\t\t\t\t\t\t<div class=\"elementor-element elementor-element-fa5f890 elementor-widget elementor-widget-image\" data-id=\"fa5f890\" data-element_type=\"widget\" data-e-type=\"widget\" data-widget_type=\"image.default\">\n\t\t\t\t<div class=\"elementor-widget-container\">\n\t\t\t\t\t\t\t\t\t\t\t\t\t\t\t<img decoding=\"async\" width=\"800\" height=\"800\" src=\"https:\/\/natoura.si\/wp-content\/uploads\/2023\/01\/Solana.gif\" class=\"attachment-large size-large wp-image-10229\" alt=\"\" \/>\t\t\t\t\t\t\t\t\t\t\t\t\t\t\t<\/div>\n\t\t\t\t<\/div>\n\t\t\t\t\t<\/div>\n\t\t<\/div>\n\t\t\t\t<div class=\"elementor-column elementor-col-66 elementor-top-column elementor-element elementor-element-a79aa82\" data-id=\"a79aa82\" data-element_type=\"column\" data-e-type=\"column\">\n\t\t\t<div class=\"elementor-widget-wrap elementor-element-populated\">\n\t\t\t\t\t\t<div class=\"elementor-element elementor-element-5ca644c elementor-widget elementor-widget-text-editor\" data-id=\"5ca644c\" data-element_type=\"widget\" data-e-type=\"widget\" data-widget_type=\"text-editor.default\">\n\t\t\t\t<div class=\"elementor-widget-container\">\n\t\t\t\t\t\t\t\t\t<p><span style=\"font-family: Poppins;\"><span style=\"color: #9db958; font-size: 16px;\">3. dan: petek, 22. 9. 2023<br \/><\/span><\/span><\/p><p><span style=\"color: #ffffff;\">Po zajtrku se bomo odpeljali v Stari Bar in si ogledali trdnjavo ter akvedukt iz otomanskih \u010dasov, nato pa \u0161e rasti\u0161\u010de zavarovane oljke, ki naj bi bila najstarej\u0161a na svetu. Od tam nas bo pot vodila do Ulcinjske Solane, kjer si bomo ogledali mokri\u0161\u010de z zna\u010dilnimi rastlinami in z nekaj sre\u010de opazovali vodne ptice. Sledila bo vo\u017enja do Velike pla\u017ee, ki predstavlja eno najdalj\u0161ih pla\u017e vzhodne jadranske obale. Ob sprehodu po sipinah in njihovem zaledju se bomo seznanili z ekolo\u0161ko problematiko ter navzkri\u017ejem interesov med mno\u017ei\u010dnim turizmom in varovanjem narave. Ve\u010derja in preno\u010devanje v Ulcinju.<\/span><\/p><p><span style=\"font-family: Poppins; color: #ffffff;\">\u00a0<\/span><\/p>\t\t\t\t\t\t\t\t<\/div>\n\t\t\t\t<\/div>\n\t\t\t\t\t<\/div>\n\t\t<\/div>\n\t\t\t\t\t<\/div>\n\t\t<\/section>\n\t\t\t\t<section class=\"elementor-section elementor-top-section elementor-element elementor-element-78b34f3 elementor-section-boxed elementor-section-height-default elementor-section-height-default\" data-id=\"78b34f3\" data-element_type=\"section\" data-e-type=\"section\">\n\t\t\t\t\t\t<div class=\"elementor-container elementor-column-gap-default\">\n\t\t\t\t\t<div class=\"elementor-column elementor-col-66 elementor-top-column elementor-element elementor-element-2991603\" data-id=\"2991603\" data-element_type=\"column\" data-e-type=\"column\">\n\t\t\t<div class=\"elementor-widget-wrap elementor-element-populated\">\n\t\t\t\t\t\t<div class=\"elementor-element elementor-element-44bcf2d elementor-widget elementor-widget-text-editor\" data-id=\"44bcf2d\" data-element_type=\"widget\" data-e-type=\"widget\" data-widget_type=\"text-editor.default\">\n\t\t\t\t<div class=\"elementor-widget-container\">\n\t\t\t\t\t\t\t\t\t<p><span style=\"font-family: Poppins;\"><span style=\"color: #9db958; font-size: 16px;\">4. dan: sobota, 23. 9. 2023<\/span> <\/span><\/p><p><span style=\"color: #ffffff;\">Po zajtrku se bomo odpeljali do gorskega grebena Rumija, ki lo\u010duje Skadrsko jezero od Jadranskega morja. Z razgledne ceste, ki poteka na pobo\u010dju Rumije, bomo imeli \u010dudovit razgled na\u00a0 Skadrsko jezero vse do Skadra v Albaniji in na mejno reko Bojano ter njenim izlivom v morje. Ustavili se bomo na nekaj razglednih to\u010dkah, kjer se bomo seznanili z ostanki kostanjevih gozdov, poiskali rasti\u0161\u010de hrasta <em>Quercus<\/em> <em>trojanae<\/em> in balkanskega endemita <em>Ramonda<\/em> <em>serbica<\/em>. Slikovito vo\u017enjo bomo zaklju\u010dili v Virpazarju, od koder se bomo odpeljali proti Kotorskemu zalivu, kjer bo v hotelu ve\u010derja in preno\u010devanje.\u00a0<\/span><\/p><p><span style=\"color: #ffffff; font-family: Poppins; font-size: 14px;\">\u00a0<\/span><\/p>\t\t\t\t\t\t\t\t<\/div>\n\t\t\t\t<\/div>\n\t\t\t\t\t<\/div>\n\t\t<\/div>\n\t\t\t\t<div class=\"elementor-column elementor-col-33 elementor-top-column elementor-element elementor-element-3eb5519\" data-id=\"3eb5519\" data-element_type=\"column\" data-e-type=\"column\">\n\t\t\t<div class=\"elementor-widget-wrap elementor-element-populated\">\n\t\t\t\t\t\t<div class=\"elementor-element elementor-element-d0402c7 elementor-widget elementor-widget-image\" data-id=\"d0402c7\" data-element_type=\"widget\" data-e-type=\"widget\" data-widget_type=\"image.default\">\n\t\t\t\t<div class=\"elementor-widget-container\">\n\t\t\t\t\t\t\t\t\t\t\t\t\t\t\t<img loading=\"lazy\" decoding=\"async\" width=\"800\" height=\"800\" src=\"https:\/\/natoura.si\/wp-content\/uploads\/2021\/02\/Skadarsko-jezero.gif\" class=\"attachment-large size-large wp-image-3429\" alt=\"\" \/>\t\t\t\t\t\t\t\t\t\t\t\t\t\t\t<\/div>\n\t\t\t\t<\/div>\n\t\t\t\t\t<\/div>\n\t\t<\/div>\n\t\t\t\t\t<\/div>\n\t\t<\/section>\n\t\t\t\t<section class=\"elementor-section elementor-top-section elementor-element elementor-element-71d0081 elementor-section-boxed elementor-section-height-default elementor-section-height-default\" data-id=\"71d0081\" data-element_type=\"section\" data-e-type=\"section\">\n\t\t\t\t\t\t<div class=\"elementor-container elementor-column-gap-default\">\n\t\t\t\t\t<div class=\"elementor-column elementor-col-33 elementor-top-column elementor-element elementor-element-2de5e3f\" data-id=\"2de5e3f\" data-element_type=\"column\" data-e-type=\"column\">\n\t\t\t<div class=\"elementor-widget-wrap elementor-element-populated\">\n\t\t\t\t\t\t<div class=\"elementor-element elementor-element-a2dd86a elementor-widget elementor-widget-image\" data-id=\"a2dd86a\" data-element_type=\"widget\" data-e-type=\"widget\" data-widget_type=\"image.default\">\n\t\t\t\t<div class=\"elementor-widget-container\">\n\t\t\t\t\t\t\t\t\t\t\t\t\t\t\t<img loading=\"lazy\" decoding=\"async\" width=\"800\" height=\"800\" src=\"https:\/\/natoura.si\/wp-content\/uploads\/2021\/02\/Kotor3.gif\" class=\"attachment-large size-large wp-image-3430\" alt=\"\" \/>\t\t\t\t\t\t\t\t\t\t\t\t\t\t\t<\/div>\n\t\t\t\t<\/div>\n\t\t\t\t\t<\/div>\n\t\t<\/div>\n\t\t\t\t<div class=\"elementor-column elementor-col-66 elementor-top-column elementor-element elementor-element-d4060a9\" data-id=\"d4060a9\" data-element_type=\"column\" data-e-type=\"column\">\n\t\t\t<div class=\"elementor-widget-wrap elementor-element-populated\">\n\t\t\t\t\t\t<div class=\"elementor-element elementor-element-5d62b89 elementor-widget elementor-widget-text-editor\" data-id=\"5d62b89\" data-element_type=\"widget\" data-e-type=\"widget\" data-widget_type=\"text-editor.default\">\n\t\t\t\t<div class=\"elementor-widget-container\">\n\t\t\t\t\t\t\t\t\t<p><span style=\"font-family: Poppins;\"><span style=\"color: #9db958; font-size: 16px;\">5. dan: nedelja, 24. 9. 2023<\/span> <\/span><\/p><p><span style=\"color: #ffffff;\">Po zajtrku se bomo odpeljali v mestece Risan in si ogledali izredno lepo ohranjen rimski mozaik ter se ob tem seznanili z bogato zgodovino teh krajev. Ob obali se bomo vra\u010dali proti jugu in se ustavili v mestecu Perast za kratek ogled in kavo, nato pa pot nadaljevali do Dobrote, kjer si bomo ogledali Akvarijum Boka in se seznanili z morskim \u017eivalstvom tega dela Jadrana ter spoznali, kaj vse jih ogro\u017ea v njihovem naravnem okolju. Le malo naprej bo postanek v Kotorju, kjer bomo imeli kratek skupen ogled, nato pa nekaj prostega \u010dasa za samostojno raziskovanje. Sledila bo vo\u017enja do hotela, ve\u010derja in preno\u010devanje.<\/span><\/p><p><span style=\"color: #ffffff; font-family: Poppins; font-size: 14px;\">\u00a0<\/span><\/p>\t\t\t\t\t\t\t\t<\/div>\n\t\t\t\t<\/div>\n\t\t\t\t\t<\/div>\n\t\t<\/div>\n\t\t\t\t\t<\/div>\n\t\t<\/section>\n\t\t\t\t<section class=\"elementor-section elementor-top-section elementor-element elementor-element-66fb1af elementor-section-boxed elementor-section-height-default elementor-section-height-default\" data-id=\"66fb1af\" data-element_type=\"section\" data-e-type=\"section\">\n\t\t\t\t\t\t<div class=\"elementor-container elementor-column-gap-default\">\n\t\t\t\t\t<div class=\"elementor-column elementor-col-66 elementor-top-column elementor-element elementor-element-5b5f617\" data-id=\"5b5f617\" data-element_type=\"column\" data-e-type=\"column\">\n\t\t\t<div class=\"elementor-widget-wrap elementor-element-populated\">\n\t\t\t\t\t\t<div class=\"elementor-element elementor-element-c991d6e elementor-widget elementor-widget-text-editor\" data-id=\"c991d6e\" data-element_type=\"widget\" data-e-type=\"widget\" data-widget_type=\"text-editor.default\">\n\t\t\t\t<div class=\"elementor-widget-container\">\n\t\t\t\t\t\t\t\t\t<p><span style=\"font-family: Poppins;\"><span style=\"color: #9db958; font-size: 16px;\">6. dan: ponedeljek, 25. 9. 2023<\/span> <\/span><\/p><p><span style=\"color: #ffffff;\">Zjutraj se bomo podali na panoramsko vo\u017enjo po cesti, ki vodi od Kotorja proti Cetinju. Vmes bo nekaj postankov na najlep\u0161ih razglednih to\u010dkah, postanek pa bomo naredili tudi v NP Lov\u010den in si ogledali Njego\u0161ev mavzolej. Po prihodu v Cetinje se bomo namestili v hotelu, nato pa se pe\u0161 odpravili na raziskovanje nekdanje \u010drnogorske prestolnice ter si ogledali nekdanjo kraljevo pala\u010do in se povzpeli na Orlov kr\u0161, kjer je pokopan vladika Danilo. Od tu bomo imeli lep razgled na celotno mesto. Po ogledu prosto do ve\u010derje. Preno\u010devanje v Cetinju.<\/span><\/p><p><span style=\"color: #ffffff; font-family: Poppins; font-size: 14px;\">\u00a0<\/span><\/p>\t\t\t\t\t\t\t\t<\/div>\n\t\t\t\t<\/div>\n\t\t\t\t\t<\/div>\n\t\t<\/div>\n\t\t\t\t<div class=\"elementor-column elementor-col-33 elementor-top-column elementor-element elementor-element-6a9c877\" data-id=\"6a9c877\" data-element_type=\"column\" data-e-type=\"column\">\n\t\t\t<div class=\"elementor-widget-wrap elementor-element-populated\">\n\t\t\t\t\t\t<div class=\"elementor-element elementor-element-f4eed4c elementor-widget elementor-widget-image\" data-id=\"f4eed4c\" data-element_type=\"widget\" data-e-type=\"widget\" data-widget_type=\"image.default\">\n\t\t\t\t<div class=\"elementor-widget-container\">\n\t\t\t\t\t\t\t\t\t\t\t\t\t\t\t<img loading=\"lazy\" decoding=\"async\" width=\"800\" height=\"800\" src=\"https:\/\/natoura.si\/wp-content\/uploads\/2021\/02\/Kotor4.gif\" class=\"attachment-large size-large wp-image-3435\" alt=\"\" \/>\t\t\t\t\t\t\t\t\t\t\t\t\t\t\t<\/div>\n\t\t\t\t<\/div>\n\t\t\t\t\t<\/div>\n\t\t<\/div>\n\t\t\t\t\t<\/div>\n\t\t<\/section>\n\t\t\t\t<section class=\"elementor-section elementor-top-section elementor-element elementor-element-b003f9e elementor-section-boxed elementor-section-height-default elementor-section-height-default\" data-id=\"b003f9e\" data-element_type=\"section\" data-e-type=\"section\">\n\t\t\t\t\t\t<div class=\"elementor-container elementor-column-gap-default\">\n\t\t\t\t\t<div class=\"elementor-column elementor-col-33 elementor-top-column elementor-element elementor-element-4ebf0b1\" data-id=\"4ebf0b1\" data-element_type=\"column\" data-e-type=\"column\">\n\t\t\t<div class=\"elementor-widget-wrap elementor-element-populated\">\n\t\t\t\t\t\t<div class=\"elementor-element elementor-element-746fcb5 elementor-widget elementor-widget-image\" data-id=\"746fcb5\" data-element_type=\"widget\" data-e-type=\"widget\" data-widget_type=\"image.default\">\n\t\t\t\t<div class=\"elementor-widget-container\">\n\t\t\t\t\t\t\t\t\t\t\t\t\t\t\t<img loading=\"lazy\" decoding=\"async\" width=\"800\" height=\"800\" src=\"https:\/\/natoura.si\/wp-content\/uploads\/2022\/07\/Kanjon-Cijevna.gif\" class=\"attachment-large size-large wp-image-8442\" alt=\"\" \/>\t\t\t\t\t\t\t\t\t\t\t\t\t\t\t<\/div>\n\t\t\t\t<\/div>\n\t\t\t\t\t<\/div>\n\t\t<\/div>\n\t\t\t\t<div class=\"elementor-column elementor-col-66 elementor-top-column elementor-element elementor-element-1bfc2b0\" data-id=\"1bfc2b0\" data-element_type=\"column\" data-e-type=\"column\">\n\t\t\t<div class=\"elementor-widget-wrap elementor-element-populated\">\n\t\t\t\t\t\t<div class=\"elementor-element elementor-element-2c9a1c0 elementor-widget elementor-widget-text-editor\" data-id=\"2c9a1c0\" data-element_type=\"widget\" data-e-type=\"widget\" data-widget_type=\"text-editor.default\">\n\t\t\t\t<div class=\"elementor-widget-container\">\n\t\t\t\t\t\t\t\t\t<p><span style=\"font-family: Poppins;\"><span style=\"color: #9db958; font-size: 16px;\">7. dan: torek, 26. 9. 2023<\/span> <\/span><\/p><p><span style=\"color: #ffffff;\">Po zajtrku vo\u017enja na obrobje dana\u0161nje Podgorice, kjer se je v antiki nahajalo pomembno mesto Duklja. Seznanili se bomo s strate\u0161kim polo\u017eajem mesta, ki je povezovalo jadransko obalo z zaledjem\u00a0 ter si ogledali ostanke foruma term in drugih upravnih stavb. Sledila bo vo\u017enja do vasi Delaj nad Podgorico, kjer bo na\u0161e izhodi\u0161\u010de za zelo slikovit spust do reke Cijevne, ki izvira v Prokletijah v Albaniji in se pri Podgorici izliva v reko Mora\u010do. Na svoji poti je izklesala do 1000 m globok kanjon, v katerega se bomo spustili z vrha planote (pribli\u017eno 730 m vi\u0161inske razlike, dol\u017eina pribl. 5 km), ob reki pa nas bo po\u010dakal avtobus in nas nato odpeljal v Podgorico, kjer bo ve\u010derja in preno\u010devanje.<\/span><\/p><p><span style=\"color: #ffffff; font-family: Poppins; font-size: 14px;\">\u00a0<\/span><\/p>\t\t\t\t\t\t\t\t<\/div>\n\t\t\t\t<\/div>\n\t\t\t\t\t<\/div>\n\t\t<\/div>\n\t\t\t\t\t<\/div>\n\t\t<\/section>\n\t\t\t\t<section class=\"elementor-section elementor-top-section elementor-element elementor-element-de059c5 elementor-section-boxed elementor-section-height-default elementor-section-height-default\" data-id=\"de059c5\" data-element_type=\"section\" data-e-type=\"section\">\n\t\t\t\t\t\t<div class=\"elementor-container elementor-column-gap-default\">\n\t\t\t\t\t<div class=\"elementor-column elementor-col-66 elementor-top-column elementor-element elementor-element-b33107d\" data-id=\"b33107d\" data-element_type=\"column\" data-e-type=\"column\">\n\t\t\t<div class=\"elementor-widget-wrap elementor-element-populated\">\n\t\t\t\t\t\t<div class=\"elementor-element elementor-element-049e42d elementor-widget elementor-widget-text-editor\" data-id=\"049e42d\" data-element_type=\"widget\" data-e-type=\"widget\" data-widget_type=\"text-editor.default\">\n\t\t\t\t<div class=\"elementor-widget-container\">\n\t\t\t\t\t\t\t\t\t<p><span style=\"font-family: Poppins;\"><span style=\"color: #9db958; font-size: 16px;\">8. dan: 27. 9. 2023<\/span> <\/span><\/p><p><span style=\"color: #ffffff;\">Vo\u017enja iz hotela na letali\u0161\u010de in let Podgorica \u2013 Brnik. V Slovenijo bomo pri\u0161li v poznih dopoldanskih urah.<\/span><\/p><p><span style=\"color: #ffffff; font-family: Poppins; font-size: 14px;\">\u00a0<\/span><\/p>\t\t\t\t\t\t\t\t<\/div>\n\t\t\t\t<\/div>\n\t\t\t\t\t<\/div>\n\t\t<\/div>\n\t\t\t\t<div class=\"elementor-column elementor-col-33 elementor-top-column elementor-element elementor-element-05b1240\" data-id=\"05b1240\" data-element_type=\"column\" data-e-type=\"column\">\n\t\t\t<div class=\"elementor-widget-wrap elementor-element-populated\">\n\t\t\t\t\t\t<div class=\"elementor-element elementor-element-19dfba0 elementor-widget elementor-widget-image\" data-id=\"19dfba0\" data-element_type=\"widget\" data-e-type=\"widget\" data-widget_type=\"image.default\">\n\t\t\t\t<div class=\"elementor-widget-container\">\n\t\t\t\t\t\t\t\t\t\t\t\t\t\t\t<img loading=\"lazy\" decoding=\"async\" width=\"842\" height=\"858\" src=\"https:\/\/natoura.si\/wp-content\/uploads\/2020\/04\/Uvodna.gif\" class=\"attachment-large size-large wp-image-2165\" alt=\"\" \/>\t\t\t\t\t\t\t\t\t\t\t\t\t\t\t<\/div>\n\t\t\t\t<\/div>\n\t\t\t\t\t<\/div>\n\t\t<\/div>\n\t\t\t\t\t<\/div>\n\t\t<\/section>\n\t\t\t\t<section class=\"elementor-section elementor-top-section elementor-element elementor-element-658ba09 elementor-section-boxed elementor-section-height-default elementor-section-height-default\" data-id=\"658ba09\" data-element_type=\"section\" data-e-type=\"section\">\n\t\t\t\t\t\t<div class=\"elementor-container elementor-column-gap-default\">\n\t\t\t\t\t<div class=\"elementor-column elementor-col-100 elementor-top-column elementor-element elementor-element-4498596\" data-id=\"4498596\" data-element_type=\"column\" data-e-type=\"column\">\n\t\t\t<div class=\"elementor-widget-wrap elementor-element-populated\">\n\t\t\t\t\t\t<div class=\"elementor-element elementor-element-2a2d8c9 elementor-widget elementor-widget-text-editor\" data-id=\"2a2d8c9\" data-element_type=\"widget\" data-e-type=\"widget\" data-widget_type=\"text-editor.default\">\n\t\t\t\t<div class=\"elementor-widget-container\">\n\t\t\t\t\t\t\t\t\t<p><span style=\"font-family: Poppins; font-size: 14px; color: #ffffff;\">Avtorica programa in fotografij: \u00a9 Janja Benedik, 2019-2023.<\/span><\/p><p><span style=\"font-family: Poppins; font-size: 14px; color: #ffffff;\">Organizator in izvajalec programa: \u00a9 naTOURa, Janja Benedik s. p., 2022-23.<\/span><\/p>\t\t\t\t\t\t\t\t<\/div>\n\t\t\t\t<\/div>\n\t\t\t\t\t<\/div>\n\t\t<\/div>\n\t\t\t\t\t<\/div>\n\t\t<\/section>\n\t\t\t\t<\/div>\n\t\t","protected":false},"excerpt":{"rendered":"<p>1. dan: sreda, 20. 9. 2023 Sredi dneva prihod z letalom v \u010crno goro. Po opravljenih formalnostih na letali\u0161\u010du vo\u017enja do slapov na reki Cijevni.Tour Details<\/p>\n","protected":false},"author":1,"featured_media":2161,"parent":0,"menu_order":0,"comment_status":"closed","ping_status":"closed","template":"","meta":{"footnotes":""},"class_list":["post-3424","page","type-page","status-publish","has-post-thumbnail","hentry"],"_links":{"self":[{"href":"https:\/\/natoura.si\/sl_si\/wp-json\/wp\/v2\/pages\/3424","targetHints":{"allow":["GET"]}}],"collection":[{"href":"https:\/\/natoura.si\/sl_si\/wp-json\/wp\/v2\/pages"}],"about":[{"href":"https:\/\/natoura.si\/sl_si\/wp-json\/wp\/v2\/types\/page"}],"author":[{"embeddable":true,"href":"https:\/\/natoura.si\/sl_si\/wp-json\/wp\/v2\/users\/1"}],"replies":[{"embeddable":true,"href":"https:\/\/natoura.si\/sl_si\/wp-json\/wp\/v2\/comments?post=3424"}],"version-history":[{"count":25,"href":"https:\/\/natoura.si\/sl_si\/wp-json\/wp\/v2\/pages\/3424\/revisions"}],"predecessor-version":[{"id":10297,"href":"https:\/\/natoura.si\/sl_si\/wp-json\/wp\/v2\/pages\/3424\/revisions\/10297"}],"wp:featuredmedia":[{"embeddable":true,"href":"https:\/\/natoura.si\/sl_si\/wp-json\/wp\/v2\/media\/2161"}],"wp:attachment":[{"href":"https:\/\/natoura.si\/sl_si\/wp-json\/wp\/v2\/media?parent=3424"}],"curies":[{"name":"wp","href":"https:\/\/api.w.org\/{rel}","templated":true}]}}