{"id":309,"date":"2019-09-04T18:20:08","date_gmt":"2019-09-04T18:20:08","guid":{"rendered":"https:\/\/natoura.si\/?page_id=309"},"modified":"2019-12-11T10:43:48","modified_gmt":"2019-12-11T10:43:48","slug":"z-vetrom-v-novo-leto","status":"publish","type":"page","link":"https:\/\/natoura.si\/sl_si\/z-vetrom-v-novo-leto\/","title":{"rendered":"Z vetrom v Novo leto"},"content":{"rendered":"<p><span style=\"color: #9dbc55; font-family: Montserrat; font-size: 10pt;\"><strong>29. december 2019 \u2013 1. januar 2020<\/strong><\/span><\/p>\n<p style=\"text-align: left;\" align=\"center\"><span style=\"font-family: Montserrat; font-size: 10pt;\">\u0161tiridnevni izlet \u009f \u2022 avtobus<\/span><\/p>\n<p style=\"text-align: left;\" align=\"center\"><strong><span style=\"color: #ff9900;\">\u0160E DVE PROSTI MESTI (ENA DVOPOSTELJNA SOBA).<br \/>\n<\/span><\/strong><\/p>\n<p><span style=\"font-family: Montserrat; font-size: 10pt;\"><em>Vojvodina je kot mozaik &#8211; sestavljena iz drobnih pisanih ko\u0161\u010dkov, ki predstavljajo pestro etnolo\u0161ko, kulturno in kulinari\u010dno ponudbo. \u017de tretji\u010d se konec leta odpravljamo v Srbijo, tokrat v osr\u010dje Vojvodine, kjer bomo odkrivali mline na veter, stare pala\u010de in gradove, secesijo in neskon\u010dno pestrost okusov odli\u010dnih lokalnih proizvajalcev hrane in pija\u010de. Nepozabna do\u017eivetja v dobri dru\u017ebi so prav gotovo dobra popotnica v prihajajo\u010de leto. Pridru\u017eite se nam pri odkrivanju vojvodinskega mozaika.<br \/>\n<\/em><\/span><\/p>\n<p>&nbsp;<\/p>\n<p><span style=\"font-family: Montserrat; font-size: 10pt;\"><span style=\"color: #9dbc55;\"><strong>1. dan: 29. december 2019<\/strong><\/span><b><br \/>\n<\/b><\/span><\/p>\n<p><span style=\"font-family: Montserrat; font-size: 10pt;\"><img decoding=\"async\" class=\"alignnone wp-image-311\" src=\"https:\/\/natoura.si\/wp-content\/uploads\/2019\/09\/Gaston-wine-300x201.gif\" alt=\"\" width=\"164\" height=\"110\" \/> <img decoding=\"async\" class=\"alignnone wp-image-313\" src=\"https:\/\/natoura.si\/wp-content\/uploads\/2019\/09\/Celarevo-300x225.gif\" alt=\"\" width=\"147\" height=\"110\" \/> <img decoding=\"async\" class=\"alignnone wp-image-314\" src=\"https:\/\/natoura.si\/wp-content\/uploads\/2019\/09\/Zobnatica-300x200.gif\" alt=\"\" width=\"165\" height=\"110\" \/><\/span><\/p>\n<p><span style=\"font-family: Montserrat; font-size: 10pt;\">Odhod iz Slovenije preko Slavonije do obronkov Fru\u0161ke gore, kjer se bomo ustavili pri dru\u017eini Kurili\u0107, ki pod blagovno znamko Gaston Wine proizvaja vrhunska vina. Ob poku\u0161ini vin si bomo privo\u0161\u010dili tudi kosilo, ki ga bomo poplaknili\u00a0 s pivom v Muzeju piva \u010celarevo. Sledil bo spro\u0161\u010den sprehod po parku dvorca Dun\u0111erskih v neposredni bli\u017eini, dan pa bomo zaklju\u010dili na posestvu Zobnatica pri Ba\u010dki Topoli s tradicionalno vojvodinsko ve\u010derjo.<\/span><\/p>\n<p><span style=\"font-family: Montserrat; font-size: 10pt;\"><span style=\"color: #9dbc55;\"><strong>2. dan: 30. december 2019<\/strong><\/span><b><br \/>\n<\/b><\/span><\/p>\n<p><span style=\"font-family: Montserrat; font-size: 10pt;\"><img loading=\"lazy\" decoding=\"async\" class=\"alignnone wp-image-315\" src=\"https:\/\/natoura.si\/wp-content\/uploads\/2019\/09\/Vetrenjaca.gif\" alt=\"\" width=\"138\" height=\"100\" \/> <img loading=\"lazy\" decoding=\"async\" class=\"alignnone wp-image-316\" src=\"https:\/\/natoura.si\/wp-content\/uploads\/2019\/09\/Subotica-300x157.gif\" alt=\"\" width=\"191\" height=\"100\" \/> <img loading=\"lazy\" decoding=\"async\" class=\"alignnone wp-image-317\" src=\"https:\/\/natoura.si\/wp-content\/uploads\/2019\/09\/Etno.gif\" alt=\"\" width=\"149\" height=\"100\" \/><\/span><\/p>\n<p><span style=\"font-family: Montserrat; font-size: 10pt;\">Po zajtrku si bomo ogledali posest Zobnatica, ki slovi po vzreji konj, nato pa bomo v neposredni bli\u017eini obiskali enega od \u0161e ohranjenih mlinov na veter, ki so neko\u010d v veliko ve\u010djem \u0161tevilu krasili Vojvodino. Po ogledu zanimive kulturno-tehni\u0161ke dedi\u0161\u010dine se bomo odpeljali do mesta Subotica in se sprehodili med \u010dudovitimi secesijskimi stavbami. Sledila bo vo\u017enja do kraja Velebit, kjer bomo obiskali Destilarno bratov Kravi\u0107 in ob malici poskusili njihovo rakijo, ogledali pa si bomo tudi zanimivo Etno hi\u0161o \u0106emer. Dan bomo zaklju\u010dili v Senti z ve\u010derjo in preno\u010devanjem.<\/span><\/p>\n<p><span style=\"font-family: Montserrat; font-size: 10pt;\"><strong><span style=\"color: #9dbc55;\">3. dan: 31. december 2019<\/span><br \/>\n<\/strong><\/span><\/p>\n<p><span style=\"font-family: Montserrat; font-size: 10pt;\"><img loading=\"lazy\" decoding=\"async\" class=\"alignnone wp-image-318\" src=\"https:\/\/natoura.si\/wp-content\/uploads\/2019\/09\/Vetrenjaca-Melenci-225x300.gif\" alt=\"\" width=\"90\" height=\"120\" \/> <img loading=\"lazy\" decoding=\"async\" class=\"alignnone wp-image-319\" src=\"https:\/\/natoura.si\/wp-content\/uploads\/2019\/09\/Rodina-vetrenjaca.gif\" alt=\"\" width=\"160\" height=\"120\" \/> <img loading=\"lazy\" decoding=\"async\" class=\"alignnone wp-image-320\" src=\"https:\/\/natoura.si\/wp-content\/uploads\/2019\/09\/dakonije-300x200.gif\" alt=\"\" width=\"180\" height=\"120\" \/> <img loading=\"lazy\" decoding=\"async\" class=\"alignnone wp-image-321\" src=\"https:\/\/natoura.si\/wp-content\/uploads\/2019\/09\/Two-doves-176x300.gif\" alt=\"\" width=\"71\" height=\"120\" \/><\/span><\/p>\n<p><span style=\"font-family: Montserrat; font-size: 10pt;\">Zadnji dan leto\u0161njega leta bomo za\u010deli z ogledom dveh mlinov na veter, enega v vasi Melenci in drugega v vasi \u010curug. Tam se bomo posladkali tudi z znamenitimi \u010caru\u0161kimi \u0111akonijami, ki jih \u0161e danes proizvajajo v tamkaj\u0161nji bonbonieri. Sledil bo obisk Vinarije Boti\u0107 in destilarne viskija Two Doves, nato pa vo\u017enja do hotela Villa Grande, kjer bomo ob glasbi in odli\u010dni hrani pri\u010dakali leto 2020.<\/span><\/p>\n<p><span style=\"font-family: Montserrat; font-size: 10pt;\"><strong><span style=\"color: #9dbc55;\">4. dan: 1. januar 2020<\/span> <\/strong><b><\/b><\/span><\/p>\n<p><span style=\"font-family: Montserrat; font-size: 10pt;\">Sredi dopoldneva se bomo odpravili proti Sloveniji, kamor bomo prispeli v popoldanskem \u010dasu.<\/span><\/p>\n<p>&nbsp;<\/p>\n<p><span style=\"font-family: Montserrat; font-size: 10pt;\"><strong><span style=\"color: #9dbc55;\">VODSTVO<\/span><\/strong>: Janja Benedik in Pavle Pavlovi\u0107.<\/span><\/p>\n<p>&nbsp;<\/p>\n<p><span style=\"color: #9dbc55; font-family: Montserrat; font-size: 10pt;\"><strong>CENA IZLETA, DOPLA\u010cILA<\/strong><\/span><\/p>\n<p><span style=\"font-family: Montserrat; font-size: 10pt;\">Cena za <a href=\"http:\/\/www.proteus.si\"><em>\u010dlane<\/em> PDS<\/a> in naro\u010dnike revije Proteus na osebo v dvoposteljni sobi: 220,00 \u20ac (prijavljenih 25 oseb).<br \/>\n<\/span><\/p>\n<p><span style=\"font-family: Montserrat; font-size: 10pt;\">Cena za <em>ne\u010dlane<\/em> v dvoposteljni sobi je vi\u0161ja za 5 %.<\/span><\/p>\n<p><span style=\"color: #9dbc55; font-family: Montserrat; font-size: 10pt;\"><strong>OBVEZNA DOPLA\u010cILA:<\/strong><\/span><\/p>\n<ul>\n<li><span style=\"font-family: Montserrat; font-size: 10pt;\">vse vstopnine, degustacije in novoletna ve\u010derja: 80,00 \u20ac (pla\u010dilo ob prijavi),<\/span><\/li>\n<li><span style=\"font-family: Montserrat; font-size: 10pt;\">dopla\u010dilo, \u010de bo v skupini le od 20 do 24 oseb: 35,00 \u20ac,<\/span><\/li>\n<li><span style=\"font-family: Montserrat; font-size: 10pt;\">dopla\u010dilo, \u010de bo v skupini le od 15 do 19 oseb: 85,00 \u20ac.<\/span><\/li>\n<\/ul>\n<p><span style=\"color: #9dbc55; font-family: Montserrat; font-size: 10pt;\"><strong>DOPLA\u010cILA PO \u017dELJI:<\/strong><\/span><\/p>\n<ul>\n<li><span style=\"font-family: Montserrat; font-size: 10pt;\">enoposteljna soba: 30,00 \u20ac,<\/span><\/li>\n<li><span style=\"font-family: Montserrat; font-size: 10pt;\">zavarovanje rizika odpovedi: 4,3 % vrednosti aran\u017emaja.<\/span><\/li>\n<\/ul>\n<p><span style=\"color: #9dbc55; font-family: Montserrat; font-size: 10pt;\"><strong>POPUSTI:<\/strong><\/span><\/p>\n<ul>\n<li><span style=\"font-family: Montserrat; font-size: 10pt;\">pla\u010dilo v enem obroku: -5 %<\/span><\/li>\n<\/ul>\n<p><span style=\"font-family: Montserrat; font-size: 10pt;\"><strong>Mo\u017eno je pla\u010dilo v 2 obrokih. Oba obroka morata biti pla\u010dana pred odhodom.<\/strong><\/span><\/p>\n<p><span style=\"color: #9dbc55; font-family: Montserrat; font-size: 10pt;\"><strong>CENA VKLJU\u010cUJE<\/strong>:<\/span><\/p>\n<ul>\n<li><span style=\"font-family: Montserrat; font-size: 10pt;\">prevoz s turisti\u010dnim avtobusom z vsemi pripadajo\u010dimi stro\u0161ki,<\/span><\/li>\n<li><span style=\"font-family: Montserrat; font-size: 10pt;\">2 x polpenzion (Hotel Zobatnica, Anna pansion Senta), 1 x no\u010ditev z zajtrkom (Hotel Villa Grande),<\/span><\/li>\n<li><span style=\"font-family: Montserrat; font-size: 10pt;\">slovenskega vodnika z licenco TZS in srbskega vodnika z licenco,<\/span><\/li>\n<li><span style=\"font-family: Montserrat; font-size: 10pt;\">organizacijo potovanja.<\/span><\/li>\n<\/ul>\n<p>&nbsp;<\/p>\n<p><span style=\"font-family: Montserrat; font-size: 10pt;\"><a href=\"https:\/\/natoura.si\/splosni-pogoji-poslovanja\/\">Splo\u0161ni pogoji poslovanja<\/a> so sestavni del programa. Na voljo so na spletni strani https:\/\/natoura.si.<\/span><\/p>\n<p><span style=\"font-family: Montserrat; font-size: 10pt;\">Avtorica programa: \u00a9 Janja Benedik, 2019.<\/span><\/p>\n<p><span style=\"font-family: Montserrat; font-size: 10pt;\">Organizator in izvajalec programa: \u00a9 naTOURa, potovalna agencija, Janja Benedik s. p., 2019-2020.<\/span><\/p>\n<p><span style=\"font-family: Montserrat; font-size: 10pt;\"><span style=\"color: #9dbc55;\"><strong>Pozor!<\/strong> <\/span>Prijava na izlet je za potnika obvezujo\u010da, odpoved udele\u017ebe je mogo\u010da le v skladu z VIII. \u010dlenom <a href=\"https:\/\/natoura.si\/splosni-pogoji-poslovanja\/\">Splo\u0161nih pogojev poslovanja<\/a>.<\/span><\/p>\n<h2><span style=\"font-family: Montserrat; font-size: 10pt;\"><a href=\"https:\/\/natoura.si\/prijavnica-za-izlet-z-vetrom-v-novo-leto\/\"><span style=\"color: #ff6600;\"><strong>PRIJAVNICA ZA IZLET<\/strong><\/span><\/a><\/span><\/h2>\n<p>&nbsp;<\/p>\n<p><span style=\"font-family: Montserrat; font-size: 10pt;\"><img loading=\"lazy\" decoding=\"async\" class=\"alignnone wp-image-805\" src=\"https:\/\/natoura.si\/wp-content\/uploads\/2019\/09\/Bitmap-in-Pot-Srbija-300x220.gif\" alt=\"\" width=\"673\" height=\"493\" srcset=\"https:\/\/natoura.si\/wp-content\/uploads\/2019\/09\/Bitmap-in-Pot-Srbija-300x220.gif 300w, https:\/\/natoura.si\/wp-content\/uploads\/2019\/09\/Bitmap-in-Pot-Srbija-768x564.gif 768w\" sizes=\"(max-width: 673px) 100vw, 673px\" \/><\/span><\/p>\n<p><span style=\"color: #9dbc55; font-family: Montserrat; font-size: 10pt;\"><strong>Dodatne informacije:<\/strong><\/span><\/p>\n<ul>\n<li><span style=\"font-family: Montserrat; font-size: 10pt;\"><b>VINARIJA in sala\u0161 <\/b>dru\u017eine Kurili\u0107 se nahaja na najzahodnej\u0161ih obronkih Fru\u0161ke Gore, kjer na doma\u010dem posestvu gojijo \u0161tevilne doma\u010de \u017eivali, obdelujejo vinograde in gojijo vrtnine. Tako vedno postre\u017eejo doma pridelano hrano, priznana pa so tudi njihova bela in \u010drna vina pod blagovno znamko Gaston Wine.<\/span><\/li>\n<li><span style=\"font-family: Montserrat; font-size: 10pt;\"><b>DVOREC DUN\u0110ERSKIH <\/b>predstavlja bogato stavbno dedi\u0161\u010dino iz druge polovice 18. stoletja in ima zanimivo zgodovino, povezano tudi s slavnim srbskim pesnikom Lazo Kosti\u0107em.<\/span><\/li>\n<li><span style=\"font-family: Montserrat; font-size: 10pt;\"><b>ZOBNATICA <\/b>je danes zanimivo turisti\u010dno sredi\u0161\u010de, ki je znano predvsem po vzreji konj in konjeni\u0161tvu, ki ga ja tu osnoval \u017ee grof Terlei konec 18. stoletja, katerega dvorec danes slu\u017ei kot hotel. Na posestvu se nahaja tudi umetno jezero, Muzej konjeni\u0161tva in umetni\u0161ka galerija.<\/span><\/li>\n<li><span style=\"font-family: Montserrat; font-size: 10pt;\"><b>MLINI NA VETER <\/b>so v preteklosti slu\u017eili za mletje \u017eita v vetrovni panonski pokrajini. Z modernizacijo so mline na veter opustili, ohranilo se jih le malo in predstavljajo pomembno kulturno in tehni\u0161ko dedi\u0161\u010dino Vojvodine in Srbije.<\/span><\/li>\n<li><span style=\"font-family: Montserrat; font-size: 10pt;\"><b>SUBOTICA<\/b> predstavlja drugo najve\u010dje sredi\u0161\u010de Vojvodine ob soto\u010dju Donave in Tise. V mestu je ohranjenih nekaj izredno lepih secesijskih stavb, med njimi tudi ena najlep\u0161ih sinagog v Evropi. V mestu so \u0161tevilni muzeji in galerije, pona\u0161a pa se tudi s katoli\u0161kimi in pravoslavnimi cerkvami ter mo\u0161ejo.<\/span><\/li>\n<li><span style=\"font-family: Montserrat; font-size: 10pt;\"><b>DESTILARNA BRATOV KRAVI\u0106 <\/b>nadaljuje tradicijo prednikov solunskih prostovoljcev iz Like. Izdelujejo vrhunska \u017eganja iz marelic, hru\u0161k in kutin, za katera so prejeli \u017ee ve\u010d kot 300 mednarodnih priznanj. V sklopu destilarne se nahaja tudi etno hi\u0161a iz za\u010detka 20. stoletja, kjer hranijo obla\u010dila in predmete svojih prednikov, ki so v te kraje pri\u0161li izpod Velebita, po katerem je vas Velebit tudi dobila ime.<\/span><\/li>\n<li><span style=\"font-family: Montserrat; font-size: 10pt;\"><b>\u010cURU\u0160KE \u0110AKONIJE <\/b>so posebni, ro\u010dno izdelani bonboni, ki jih \u0161e vedno izdelujejo v vasi \u010curug.<\/span><\/li>\n<li><span style=\"font-family: Montserrat; font-size: 10pt;\"><b>DESTILARNA VISKIJA TWO DOVES (DVE GOLOBICI): <\/b>viski \u0161ele nekaj let proizvajajo iz vojvodinskega je\u010dmenovega slada, ki ga trikrat destilirajo, nato pa 4 leta odle\u017ei v hrastovih sodih s Fru\u0161ke gore. Ima vse zna\u010dilnosti dobrega malt viskija, ki po\u010dasi pridobiva ugled tudi v mednarodnem prostoru.<\/span><\/li>\n<\/ul>\n<p>&nbsp;<\/p>\n","protected":false},"excerpt":{"rendered":"<p>29. december 2019 \u2013 1. januar 2020 \u0161tiridnevni izlet \u009f \u2022 avtobus \u0160E DVE PROSTI MESTI (ENA DVOPOSTELJNA SOBA). Vojvodina je kot mozaik &#8211; sestavljenaTour Details<\/p>\n","protected":false},"author":1,"featured_media":0,"parent":0,"menu_order":0,"comment_status":"closed","ping_status":"closed","template":"","meta":{"footnotes":""},"class_list":["post-309","page","type-page","status-publish","hentry"],"_links":{"self":[{"href":"https:\/\/natoura.si\/sl_si\/wp-json\/wp\/v2\/pages\/309","targetHints":{"allow":["GET"]}}],"collection":[{"href":"https:\/\/natoura.si\/sl_si\/wp-json\/wp\/v2\/pages"}],"about":[{"href":"https:\/\/natoura.si\/sl_si\/wp-json\/wp\/v2\/types\/page"}],"author":[{"embeddable":true,"href":"https:\/\/natoura.si\/sl_si\/wp-json\/wp\/v2\/users\/1"}],"replies":[{"embeddable":true,"href":"https:\/\/natoura.si\/sl_si\/wp-json\/wp\/v2\/comments?post=309"}],"version-history":[{"count":25,"href":"https:\/\/natoura.si\/sl_si\/wp-json\/wp\/v2\/pages\/309\/revisions"}],"predecessor-version":[{"id":1019,"href":"https:\/\/natoura.si\/sl_si\/wp-json\/wp\/v2\/pages\/309\/revisions\/1019"}],"wp:attachment":[{"href":"https:\/\/natoura.si\/sl_si\/wp-json\/wp\/v2\/media?parent=309"}],"curies":[{"name":"wp","href":"https:\/\/api.w.org\/{rel}","templated":true}]}}