{"id":28,"date":"2019-09-02T19:43:05","date_gmt":"2019-09-02T19:43:05","guid":{"rendered":"https:\/\/natoura.si\/?page_id=28"},"modified":"2020-03-24T20:13:15","modified_gmt":"2020-03-24T20:13:15","slug":"o-meni","status":"publish","type":"page","link":"https:\/\/natoura.si\/sl_si\/o-meni\/","title":{"rendered":"O meni"},"content":{"rendered":"\t\t<div data-elementor-type=\"wp-page\" data-elementor-id=\"28\" class=\"elementor elementor-28\" data-elementor-post-type=\"page\">\n\t\t\t\t\t\t<section class=\"elementor-section elementor-top-section elementor-element elementor-element-f27f913 elementor-section-boxed elementor-section-height-default elementor-section-height-default\" data-id=\"f27f913\" data-element_type=\"section\" data-e-type=\"section\">\n\t\t\t\t\t\t<div class=\"elementor-container elementor-column-gap-default\">\n\t\t\t\t\t<div class=\"elementor-column elementor-col-33 elementor-top-column elementor-element elementor-element-d325767\" data-id=\"d325767\" data-element_type=\"column\" data-e-type=\"column\">\n\t\t\t<div class=\"elementor-widget-wrap elementor-element-populated\">\n\t\t\t\t\t\t<div class=\"elementor-element elementor-element-64bd009 elementor-widget elementor-widget-image\" data-id=\"64bd009\" data-element_type=\"widget\" data-e-type=\"widget\" data-widget_type=\"image.default\">\n\t\t\t\t<div class=\"elementor-widget-container\">\n\t\t\t\t\t\t\t\t\t\t\t\t\t\t\t<img fetchpriority=\"high\" decoding=\"async\" width=\"961\" height=\"1024\" src=\"https:\/\/natoura.si\/wp-content\/uploads\/2020\/03\/Moja4-961x1024.gif\" class=\"attachment-large size-large wp-image-1697\" alt=\"\" srcset=\"https:\/\/natoura.si\/wp-content\/uploads\/2020\/03\/Moja4-961x1024.gif 961w, https:\/\/natoura.si\/wp-content\/uploads\/2020\/03\/Moja4-282x300.gif 282w, https:\/\/natoura.si\/wp-content\/uploads\/2020\/03\/Moja4-768x818.gif 768w\" sizes=\"(max-width: 961px) 100vw, 961px\" \/>\t\t\t\t\t\t\t\t\t\t\t\t\t\t\t<\/div>\n\t\t\t\t<\/div>\n\t\t\t\t\t<\/div>\n\t\t<\/div>\n\t\t\t\t<div class=\"elementor-column elementor-col-66 elementor-top-column elementor-element elementor-element-7b1a04a\" data-id=\"7b1a04a\" data-element_type=\"column\" data-e-type=\"column\">\n\t\t\t<div class=\"elementor-widget-wrap elementor-element-populated\">\n\t\t\t\t\t\t<div class=\"elementor-element elementor-element-237661f elementor-widget elementor-widget-text-editor\" data-id=\"237661f\" data-element_type=\"widget\" data-e-type=\"widget\" data-widget_type=\"text-editor.default\">\n\t\t\t\t<div class=\"elementor-widget-container\">\n\t\t\t\t\t\t\t\t\t<p><span style=\"font-family: Poppins; color: #ffffff;\">Po izobrazbi sem biologinja, zanima pa me predvsem vse tisto, kar je povezano z naravo in zgodovino, glasbo in kulinariko. Skoraj 20 let izku\u0161enj z vodenjem Prirodoslovnega dru\u0161tva Slovenije mi je dalo izredno \u0161irino in bogate izku\u0161nje, ki mi \u017ee vrsto let pomagajo pri organizaciji in izvedbi izletov, ekskurzij in potovanj. Pri tem me vodi \u017eelja, da bi svoje navdu\u0161enje nad obiskanimi de\u017eelami delila z drugimi, zato potovanja organiziram kar se le da dale\u010d stran od mno\u017ei\u010dnega turizma, v neokrnjeno naravo, ki jo ne le opazujemo, ampak posku\u0161amo razumeti, med doma\u010dine, ki z nami delijo svoje izku\u0161nje in do\u017eivetja, spoznavamo kulinariko in seveda ne gre brez glasbe, ki iz nas zna privabiti druga\u010dno do\u017eivljanje obiskanih krajev.<\/span><\/p>\n<p><span style=\"font-family: Poppins; color: #ffffff;\">Od leta 2000 sem kot direktorica Prirodoslovnega dru\u0161tva Slovenije skrbela med drugim tudi za \u010dlanski program, ki je vklju\u010deval \u0161tevilne naravoslovne ekskurzije po Sloveniji, kasneje pa zaradi interesa \u010dlanov vedno ve\u010d tudi v tujino. To me je spodbudilo, da sem leta 2011 opravila izpit in pridobila licenco za turisti\u010dnega vodnika, dru\u0161tvo pa registrirala tudi kot turisti\u010dno agencijo in organizirala \u0161tevilne izlete in potovanja s prete\u017eno naravoslovno vsebino. Zaradi objektivnih razlogov sem se morala odlo\u010diti za samostojno pot in delo nadaljujem z upanjem \u010dim ve\u010djemu \u0161tevilu ljudi pokazati naravne vrednote in pojave, ki nas obdajajo in jih ve\u010dina od nas ne pozna in zato ne opazi. Potovati ne pomeni samo premagovati razdalje in \u0161teti kraje in dr\u017eave, ki smo jih obiskali, pomeni raziskovati, se u\u010diti, sprejemati in spo\u0161tovati vse tisto, kar vidimo in do\u017eivimo. To nas bogati in le to je tisto, zaradi \u010desar je vredno potovati.<\/span><\/p>\t\t\t\t\t\t\t\t<\/div>\n\t\t\t\t<\/div>\n\t\t\t\t\t<\/div>\n\t\t<\/div>\n\t\t\t\t\t<\/div>\n\t\t<\/section>\n\t\t\t\t<\/div>\n\t\t","protected":false},"excerpt":{"rendered":"<p>Po izobrazbi sem biologinja, zanima pa me predvsem vse tisto, kar je povezano z naravo in zgodovino, glasbo in kulinariko. Skoraj 20 let izku\u0161enj zTour Details<\/p>\n","protected":false},"author":1,"featured_media":1699,"parent":0,"menu_order":0,"comment_status":"closed","ping_status":"closed","template":"","meta":{"footnotes":""},"class_list":["post-28","page","type-page","status-publish","has-post-thumbnail","hentry"],"_links":{"self":[{"href":"https:\/\/natoura.si\/sl_si\/wp-json\/wp\/v2\/pages\/28","targetHints":{"allow":["GET"]}}],"collection":[{"href":"https:\/\/natoura.si\/sl_si\/wp-json\/wp\/v2\/pages"}],"about":[{"href":"https:\/\/natoura.si\/sl_si\/wp-json\/wp\/v2\/types\/page"}],"author":[{"embeddable":true,"href":"https:\/\/natoura.si\/sl_si\/wp-json\/wp\/v2\/users\/1"}],"replies":[{"embeddable":true,"href":"https:\/\/natoura.si\/sl_si\/wp-json\/wp\/v2\/comments?post=28"}],"version-history":[{"count":13,"href":"https:\/\/natoura.si\/sl_si\/wp-json\/wp\/v2\/pages\/28\/revisions"}],"predecessor-version":[{"id":1700,"href":"https:\/\/natoura.si\/sl_si\/wp-json\/wp\/v2\/pages\/28\/revisions\/1700"}],"wp:featuredmedia":[{"embeddable":true,"href":"https:\/\/natoura.si\/sl_si\/wp-json\/wp\/v2\/media\/1699"}],"wp:attachment":[{"href":"https:\/\/natoura.si\/sl_si\/wp-json\/wp\/v2\/media?parent=28"}],"curies":[{"name":"wp","href":"https:\/\/api.w.org\/{rel}","templated":true}]}}