{"id":2791,"date":"2020-08-04T08:56:38","date_gmt":"2020-08-04T08:56:38","guid":{"rendered":"https:\/\/natoura.si\/?page_id=2791"},"modified":"2020-08-04T17:17:03","modified_gmt":"2020-08-04T17:17:03","slug":"svetovna-idrija-program","status":"publish","type":"page","link":"https:\/\/natoura.si\/sl_si\/svetovna-idrija-program\/","title":{"rendered":"Geopark Idrija &#8211; program 1. dan"},"content":{"rendered":"\t\t<div data-elementor-type=\"wp-page\" data-elementor-id=\"2791\" class=\"elementor elementor-2791\" data-elementor-post-type=\"page\">\n\t\t\t\t\t\t<section class=\"elementor-section elementor-top-section elementor-element elementor-element-fe66137 elementor-section-boxed elementor-section-height-default elementor-section-height-default\" data-id=\"fe66137\" data-element_type=\"section\" data-e-type=\"section\">\n\t\t\t\t\t\t<div class=\"elementor-container elementor-column-gap-default\">\n\t\t\t\t\t<div class=\"elementor-column elementor-col-33 elementor-top-column elementor-element elementor-element-bad21b2\" data-id=\"bad21b2\" data-element_type=\"column\" data-e-type=\"column\">\n\t\t\t<div class=\"elementor-widget-wrap elementor-element-populated\">\n\t\t\t\t\t\t<div class=\"elementor-element elementor-element-31d8264 elementor-widget elementor-widget-image\" data-id=\"31d8264\" data-element_type=\"widget\" data-e-type=\"widget\" data-widget_type=\"image.default\">\n\t\t\t\t<div class=\"elementor-widget-container\">\n\t\t\t\t\t\t\t\t\t\t\t\t\t\t\t<img fetchpriority=\"high\" decoding=\"async\" width=\"800\" height=\"800\" src=\"https:\/\/natoura.si\/wp-content\/uploads\/2020\/08\/Cipka.gif\" class=\"attachment-large size-large wp-image-2795\" alt=\"\" \/>\t\t\t\t\t\t\t\t\t\t\t\t\t\t\t<\/div>\n\t\t\t\t<\/div>\n\t\t\t\t\t<\/div>\n\t\t<\/div>\n\t\t\t\t<div class=\"elementor-column elementor-col-66 elementor-top-column elementor-element elementor-element-766b34a\" data-id=\"766b34a\" data-element_type=\"column\" data-e-type=\"column\">\n\t\t\t<div class=\"elementor-widget-wrap elementor-element-populated\">\n\t\t\t\t\t\t<div class=\"elementor-element elementor-element-c4596d4 elementor-widget elementor-widget-text-editor\" data-id=\"c4596d4\" data-element_type=\"widget\" data-e-type=\"widget\" data-widget_type=\"text-editor.default\">\n\t\t\t\t<div class=\"elementor-widget-container\">\n\t\t\t\t\t\t\t\t\t<p><span style=\"color: #ffffff;\">Po prihodu v Idrijo nas bo v Centru za obiskovalce \u010dakala dobrodo\u0161lica, potem pa se bomo s pomo\u010djo razstave &#8220;Zapisno v kamninah&#8221; odpravili v geolo\u0161ko preteklost in spoznali, zakaj je ta majhen del Slovenije geolo\u0161ko tako pomemben, da je bil pred desetimi leti tu ustanovljen Geopark Idrija, ki je od leta 2015 tudi pod UNESCO-vo za\u0161\u010dito. Sledil bo prikaz izdelave \u010dudovite idrijske \u010dipke, le ene od znamenitosti, ki je ime Idrije ponesla \u0161irom po svetu.<\/span><\/p><div id=\"kpm-root\" class=\"kpm_LTR\">\u00a0<\/div><div id=\"kpm-root\" class=\"kpm_LTR\">\u00a0<\/div><div id=\"kpm-root\" class=\"kpm_LTR\">\u00a0<\/div>\t\t\t\t\t\t\t\t<\/div>\n\t\t\t\t<\/div>\n\t\t\t\t\t<\/div>\n\t\t<\/div>\n\t\t\t\t\t<\/div>\n\t\t<\/section>\n\t\t\t\t<section class=\"elementor-section elementor-top-section elementor-element elementor-element-6ace64c elementor-section-boxed elementor-section-height-default elementor-section-height-default\" data-id=\"6ace64c\" data-element_type=\"section\" data-e-type=\"section\">\n\t\t\t\t\t\t<div class=\"elementor-container elementor-column-gap-default\">\n\t\t\t\t\t<div class=\"elementor-column elementor-col-66 elementor-top-column elementor-element elementor-element-26812c6\" data-id=\"26812c6\" data-element_type=\"column\" data-e-type=\"column\">\n\t\t\t<div class=\"elementor-widget-wrap elementor-element-populated\">\n\t\t\t\t\t\t<div class=\"elementor-element elementor-element-51dd81e elementor-widget elementor-widget-text-editor\" data-id=\"51dd81e\" data-element_type=\"widget\" data-e-type=\"widget\" data-widget_type=\"text-editor.default\">\n\t\t\t\t<div class=\"elementor-widget-container\">\n\t\t\t\t\t\t\t\t\t<p><span style=\"color: #ffffff;\">Idrija je stisnjeno mestece v eni od dolin Idrijsko-Cerkljanskega hribovja, obdano s \u010dudovito naravo, kjer \u010debelam ne manjka dobre pa\u0161e. Tako so si me\u0161\u010dani Idrije kar v mestu postavili \u010dudovit \u010debelnjak, ki, danes lepo obnovljen, \u0161e vedno slu\u017ei svojemu namenu. Ogled bomo obogatili z degustacijo razli\u010dnih vrst idrijskega medu.<\/span><\/p><div id=\"kpm-root\" class=\"kpm_LTR\">\u00a0<\/div><div id=\"kpm-root\" class=\"kpm_LTR\">\u00a0<\/div>\t\t\t\t\t\t\t\t<\/div>\n\t\t\t\t<\/div>\n\t\t\t\t\t<\/div>\n\t\t<\/div>\n\t\t\t\t<div class=\"elementor-column elementor-col-33 elementor-top-column elementor-element elementor-element-5604e37\" data-id=\"5604e37\" data-element_type=\"column\" data-e-type=\"column\">\n\t\t\t<div class=\"elementor-widget-wrap elementor-element-populated\">\n\t\t\t\t\t\t<div class=\"elementor-element elementor-element-64b0a47 elementor-widget elementor-widget-image\" data-id=\"64b0a47\" data-element_type=\"widget\" data-e-type=\"widget\" data-widget_type=\"image.default\">\n\t\t\t\t<div class=\"elementor-widget-container\">\n\t\t\t\t\t\t\t\t\t\t\t\t\t\t\t<img decoding=\"async\" width=\"800\" height=\"800\" src=\"https:\/\/natoura.si\/wp-content\/uploads\/2020\/08\/Cebelnjak.gif\" class=\"attachment-large size-large wp-image-2820\" alt=\"\" \/>\t\t\t\t\t\t\t\t\t\t\t\t\t\t\t<\/div>\n\t\t\t\t<\/div>\n\t\t\t\t\t<\/div>\n\t\t<\/div>\n\t\t\t\t\t<\/div>\n\t\t<\/section>\n\t\t\t\t<section class=\"elementor-section elementor-top-section elementor-element elementor-element-5be3584 elementor-section-boxed elementor-section-height-default elementor-section-height-default\" data-id=\"5be3584\" data-element_type=\"section\" data-e-type=\"section\">\n\t\t\t\t\t\t<div class=\"elementor-container elementor-column-gap-default\">\n\t\t\t\t\t<div class=\"elementor-column elementor-col-33 elementor-top-column elementor-element elementor-element-d621b08\" data-id=\"d621b08\" data-element_type=\"column\" data-e-type=\"column\">\n\t\t\t<div class=\"elementor-widget-wrap elementor-element-populated\">\n\t\t\t\t\t\t<div class=\"elementor-element elementor-element-c5e2fea elementor-widget elementor-widget-image\" data-id=\"c5e2fea\" data-element_type=\"widget\" data-e-type=\"widget\" data-widget_type=\"image.default\">\n\t\t\t\t<div class=\"elementor-widget-container\">\n\t\t\t\t\t\t\t\t\t\t\t\t\t\t\t<img decoding=\"async\" width=\"800\" height=\"800\" src=\"https:\/\/natoura.si\/wp-content\/uploads\/2020\/08\/Antonijev-rov.gif\" class=\"attachment-large size-large wp-image-2798\" alt=\"\" \/>\t\t\t\t\t\t\t\t\t\t\t\t\t\t\t<\/div>\n\t\t\t\t<\/div>\n\t\t\t\t\t<\/div>\n\t\t<\/div>\n\t\t\t\t<div class=\"elementor-column elementor-col-66 elementor-top-column elementor-element elementor-element-5d877a8\" data-id=\"5d877a8\" data-element_type=\"column\" data-e-type=\"column\">\n\t\t\t<div class=\"elementor-widget-wrap elementor-element-populated\">\n\t\t\t\t\t\t<div class=\"elementor-element elementor-element-faa9318 elementor-widget elementor-widget-text-editor\" data-id=\"faa9318\" data-element_type=\"widget\" data-e-type=\"widget\" data-widget_type=\"text-editor.default\">\n\t\t\t\t<div class=\"elementor-widget-container\">\n\t\t\t\t\t\t\t\t\t<p><span style=\"color: #ffffff;\">\u017de pred stoletji je Idrija zaslovela po svoji cinabaritni rudi, iz katere so pridobivali \u0161e danes zelo dragoceno in zaradi svojih lastnosti zelo uporabno \u017eivo srebro. Pred leti so drugi najve\u010dji rudnik \u017eivega srebra na svetu zaprli in ga uredili za ogled in spoznavanje te\u017ekega dela idrijskih rudarjev. Po ogledu Antonijevega rova si bomo ogledali \u0161e topilnico in spoznali, kak\u0161ne lastnosti in pomen ima \u017eivo srebro, da je postavil Idrijo na svetovni zemljevid. Odkrivali bomo tudi znamenite mo\u017ee, ki so s svojim znanjem pripomogli k vedno bolj dovr\u0161eni tehnologiji pridobivanja \u017eivega srebra iz cinabaritne rude.<\/span><\/p><p><span style=\"color: #ffffff;\">Sledila bo ve\u010derja v lokalnem gosti\u0161\u010du in preno\u010devanje.<\/span><\/p><div id=\"kpm-root\" class=\"kpm_LTR\">\u00a0<\/div><div id=\"kpm-root\" class=\"kpm_LTR\">\u00a0<\/div>\t\t\t\t\t\t\t\t<\/div>\n\t\t\t\t<\/div>\n\t\t\t\t\t<\/div>\n\t\t<\/div>\n\t\t\t\t\t<\/div>\n\t\t<\/section>\n\t\t\t\t<\/div>\n\t\t","protected":false},"excerpt":{"rendered":"<p>Po prihodu v Idrijo nas bo v Centru za obiskovalce \u010dakala dobrodo\u0161lica, potem pa se bomo s pomo\u010djo razstave &#8220;Zapisno v kamninah&#8221; odpravili v geolo\u0161koTour Details<\/p>\n","protected":false},"author":1,"featured_media":2792,"parent":0,"menu_order":0,"comment_status":"closed","ping_status":"closed","template":"","meta":{"footnotes":""},"class_list":["post-2791","page","type-page","status-publish","has-post-thumbnail","hentry"],"_links":{"self":[{"href":"https:\/\/natoura.si\/sl_si\/wp-json\/wp\/v2\/pages\/2791","targetHints":{"allow":["GET"]}}],"collection":[{"href":"https:\/\/natoura.si\/sl_si\/wp-json\/wp\/v2\/pages"}],"about":[{"href":"https:\/\/natoura.si\/sl_si\/wp-json\/wp\/v2\/types\/page"}],"author":[{"embeddable":true,"href":"https:\/\/natoura.si\/sl_si\/wp-json\/wp\/v2\/users\/1"}],"replies":[{"embeddable":true,"href":"https:\/\/natoura.si\/sl_si\/wp-json\/wp\/v2\/comments?post=2791"}],"version-history":[{"count":10,"href":"https:\/\/natoura.si\/sl_si\/wp-json\/wp\/v2\/pages\/2791\/revisions"}],"predecessor-version":[{"id":2824,"href":"https:\/\/natoura.si\/sl_si\/wp-json\/wp\/v2\/pages\/2791\/revisions\/2824"}],"wp:featuredmedia":[{"embeddable":true,"href":"https:\/\/natoura.si\/sl_si\/wp-json\/wp\/v2\/media\/2792"}],"wp:attachment":[{"href":"https:\/\/natoura.si\/sl_si\/wp-json\/wp\/v2\/media?parent=2791"}],"curies":[{"name":"wp","href":"https:\/\/api.w.org\/{rel}","templated":true}]}}