{"id":2639,"date":"2020-07-18T21:05:56","date_gmt":"2020-07-18T21:05:56","guid":{"rendered":"https:\/\/natoura.si\/?page_id=2639"},"modified":"2020-07-19T16:29:18","modified_gmt":"2020-07-19T16:29:18","slug":"koroska-vodna-pot-program","status":"publish","type":"page","link":"https:\/\/natoura.si\/sl_si\/koroska-vodna-pot-program\/","title":{"rendered":"Koro\u0161ka vodna pot &#8211; program"},"content":{"rendered":"\t\t<div data-elementor-type=\"wp-page\" data-elementor-id=\"2639\" class=\"elementor elementor-2639\" data-elementor-post-type=\"page\">\n\t\t\t\t\t\t<section class=\"elementor-section elementor-top-section elementor-element elementor-element-be108fd elementor-section-boxed elementor-section-height-default elementor-section-height-default\" data-id=\"be108fd\" data-element_type=\"section\" data-e-type=\"section\">\n\t\t\t\t\t\t<div class=\"elementor-container elementor-column-gap-default\">\n\t\t\t\t\t<div class=\"elementor-column elementor-col-33 elementor-top-column elementor-element elementor-element-e4b05e2\" data-id=\"e4b05e2\" data-element_type=\"column\" data-e-type=\"column\">\n\t\t\t<div class=\"elementor-widget-wrap elementor-element-populated\">\n\t\t\t\t\t\t<div class=\"elementor-element elementor-element-2d6114b elementor-widget elementor-widget-image\" data-id=\"2d6114b\" data-element_type=\"widget\" data-e-type=\"widget\" data-widget_type=\"image.default\">\n\t\t\t\t<div class=\"elementor-widget-container\">\n\t\t\t\t\t\t\t\t\t\t\t\t\t\t\t<img fetchpriority=\"high\" decoding=\"async\" width=\"800\" height=\"800\" src=\"https:\/\/natoura.si\/wp-content\/uploads\/2020\/07\/Vodna-pot.gif\" class=\"attachment-large size-large wp-image-2642\" alt=\"\" \/>\t\t\t\t\t\t\t\t\t\t\t\t\t\t\t<\/div>\n\t\t\t\t<\/div>\n\t\t\t\t\t<\/div>\n\t\t<\/div>\n\t\t\t\t<div class=\"elementor-column elementor-col-66 elementor-top-column elementor-element elementor-element-0dc05be\" data-id=\"0dc05be\" data-element_type=\"column\" data-e-type=\"column\">\n\t\t\t<div class=\"elementor-widget-wrap elementor-element-populated\">\n\t\t\t\t\t\t<div class=\"elementor-element elementor-element-11e1f2c elementor-widget elementor-widget-text-editor\" data-id=\"11e1f2c\" data-element_type=\"widget\" data-e-type=\"widget\" data-widget_type=\"text-editor.default\">\n\t\t\t\t<div class=\"elementor-widget-container\">\n\t\t\t\t\t\t\t\t\t<p><span style=\"color: #ffffff;\">Pot nas bo vodila iz Ljubljane preko mejnega prehoda Ljubelj do Borovelj, od tam pa skozi Bajdi\u0161e ob potoku Ribnica v Sele &#8211; Zgornji Kot. Pri kmetiji Gornik bomo za\u010deli pohod po Hajn\u017eevem grabnu, kjer je bilo v\u010dasih ve\u010d \u017eag in mlinov, danes pa nas na njih spominjata le obnovljeni Gornikov mlin in \u017eaga. Prijeten sprehod ob \u017eubore\u010dem potoku s \u0161tevilnimi slapi\u010di bomo izkoristili za spoznavanje raznolikih kamnin.<\/span><span style=\"color: #ffffff; font-family: Poppins;\"><br \/><\/span><\/p>\t\t\t\t\t\t\t\t<\/div>\n\t\t\t\t<\/div>\n\t\t\t\t\t<\/div>\n\t\t<\/div>\n\t\t\t\t\t<\/div>\n\t\t<\/section>\n\t\t\t\t<section class=\"elementor-section elementor-top-section elementor-element elementor-element-06a0d6a elementor-section-boxed elementor-section-height-default elementor-section-height-default\" data-id=\"06a0d6a\" data-element_type=\"section\" data-e-type=\"section\">\n\t\t\t\t\t\t<div class=\"elementor-container elementor-column-gap-default\">\n\t\t\t\t\t<div class=\"elementor-column elementor-col-66 elementor-top-column elementor-element elementor-element-f3c647e\" data-id=\"f3c647e\" data-element_type=\"column\" data-e-type=\"column\">\n\t\t\t<div class=\"elementor-widget-wrap elementor-element-populated\">\n\t\t\t\t\t\t<div class=\"elementor-element elementor-element-9e06d72 elementor-widget elementor-widget-text-editor\" data-id=\"9e06d72\" data-element_type=\"widget\" data-e-type=\"widget\" data-widget_type=\"text-editor.default\">\n\t\t\t\t<div class=\"elementor-widget-container\">\n\t\t\t\t\t\t\t\t\t<p><span style=\"font-family: Poppins; color: #ffffff;\">Ro\u017e je ena od dolin na Avstrijskem Koro\u0161kem, kjer \u0161e vedno ve\u010dinoma \u017eivijo Slovenci. Ob vo\u017enji pod grebenom Ko\u0161ute si bomo v eni od vasi privo\u0161\u010dili postanek za kavo, pot pa nadaljevali proti Podjuni, kjer si bomo ogledali Podkanjski slap. Slap se nahaja pod goro Obir, velja pa za najvi\u0161ji prostopadajo\u010di slap v Evropi. <br \/><\/span><\/p>\t\t\t\t\t\t\t\t<\/div>\n\t\t\t\t<\/div>\n\t\t\t\t\t<\/div>\n\t\t<\/div>\n\t\t\t\t<div class=\"elementor-column elementor-col-33 elementor-top-column elementor-element elementor-element-54fea0c\" data-id=\"54fea0c\" data-element_type=\"column\" data-e-type=\"column\">\n\t\t\t<div class=\"elementor-widget-wrap elementor-element-populated\">\n\t\t\t\t\t\t<div class=\"elementor-element elementor-element-5c25f55 elementor-widget elementor-widget-image\" data-id=\"5c25f55\" data-element_type=\"widget\" data-e-type=\"widget\" data-widget_type=\"image.default\">\n\t\t\t\t<div class=\"elementor-widget-container\">\n\t\t\t\t\t\t\t\t\t\t\t\t\t\t\t<img decoding=\"async\" width=\"800\" height=\"800\" src=\"https:\/\/natoura.si\/wp-content\/uploads\/2020\/07\/Slap.gif\" class=\"attachment-large size-large wp-image-2644\" alt=\"\" \/>\t\t\t\t\t\t\t\t\t\t\t\t\t\t\t<\/div>\n\t\t\t\t<\/div>\n\t\t\t\t\t<\/div>\n\t\t<\/div>\n\t\t\t\t\t<\/div>\n\t\t<\/section>\n\t\t\t\t<section class=\"elementor-section elementor-top-section elementor-element elementor-element-b8b09b7 elementor-section-boxed elementor-section-height-default elementor-section-height-default\" data-id=\"b8b09b7\" data-element_type=\"section\" data-e-type=\"section\">\n\t\t\t\t\t\t<div class=\"elementor-container elementor-column-gap-default\">\n\t\t\t\t\t<div class=\"elementor-column elementor-col-33 elementor-top-column elementor-element elementor-element-0044fd2\" data-id=\"0044fd2\" data-element_type=\"column\" data-e-type=\"column\">\n\t\t\t<div class=\"elementor-widget-wrap elementor-element-populated\">\n\t\t\t\t\t\t<div class=\"elementor-element elementor-element-1ecca60 elementor-widget elementor-widget-image\" data-id=\"1ecca60\" data-element_type=\"widget\" data-e-type=\"widget\" data-widget_type=\"image.default\">\n\t\t\t\t<div class=\"elementor-widget-container\">\n\t\t\t\t\t\t\t\t\t\t\t\t\t\t\t<img decoding=\"async\" src=\"https:\/\/natoura.si\/wp-content\/uploads\/2020\/07\/Murijev-izvir.gif\" title=\"Murijev izvir\" alt=\"Murijev izvir\" loading=\"lazy\" \/>\t\t\t\t\t\t\t\t\t\t\t\t\t\t\t<\/div>\n\t\t\t\t<\/div>\n\t\t\t\t\t<\/div>\n\t\t<\/div>\n\t\t\t\t<div class=\"elementor-column elementor-col-66 elementor-top-column elementor-element elementor-element-8b3d99f\" data-id=\"8b3d99f\" data-element_type=\"column\" data-e-type=\"column\">\n\t\t\t<div class=\"elementor-widget-wrap elementor-element-populated\">\n\t\t\t\t\t\t<div class=\"elementor-element elementor-element-8c049e0 elementor-widget elementor-widget-text-editor\" data-id=\"8c049e0\" data-element_type=\"widget\" data-e-type=\"widget\" data-widget_type=\"text-editor.default\">\n\t\t\t\t<div class=\"elementor-widget-container\">\n\t\t\t\t\t\t\t\t\t<p><span style=\"font-family: Poppins;\"><span style=\"color: #ffffff;\">Pot nas bo naprej vodila proti \u017delezni Kapli, od tam pa proti Jezerskemu. Malo pred prelazom si bomo ogledali Murijev izvir, za katerega je zna\u010dilna visoka vsebnost \u017eelezovih mineralov.<\/span> <br \/><\/span><\/p>\t\t\t\t\t\t\t\t<\/div>\n\t\t\t\t<\/div>\n\t\t\t\t\t<\/div>\n\t\t<\/div>\n\t\t\t\t\t<\/div>\n\t\t<\/section>\n\t\t\t\t<section class=\"elementor-section elementor-top-section elementor-element elementor-element-5245807 elementor-section-boxed elementor-section-height-default elementor-section-height-default\" data-id=\"5245807\" data-element_type=\"section\" data-e-type=\"section\">\n\t\t\t\t\t\t<div class=\"elementor-container elementor-column-gap-default\">\n\t\t\t\t\t<div class=\"elementor-column elementor-col-66 elementor-top-column elementor-element elementor-element-7e08ab4\" data-id=\"7e08ab4\" data-element_type=\"column\" data-e-type=\"column\">\n\t\t\t<div class=\"elementor-widget-wrap elementor-element-populated\">\n\t\t\t\t\t\t<div class=\"elementor-element elementor-element-66c3f7b elementor-widget elementor-widget-text-editor\" data-id=\"66c3f7b\" data-element_type=\"widget\" data-e-type=\"widget\" data-widget_type=\"text-editor.default\">\n\t\t\t\t<div class=\"elementor-widget-container\">\n\t\t\t\t\t\t\t\t\t<p><span style=\"color: #ffffff; font-family: Poppins;\">Na Zgornjem Jezerskem bomo poskusili \u0161e jezersko slatino, ki je bogata z manganovimi in amonijevimi solmi ter magnezijem. <\/span><\/p>\t\t\t\t\t\t\t\t<\/div>\n\t\t\t\t<\/div>\n\t\t\t\t\t<\/div>\n\t\t<\/div>\n\t\t\t\t<div class=\"elementor-column elementor-col-33 elementor-top-column elementor-element elementor-element-ecdf113\" data-id=\"ecdf113\" data-element_type=\"column\" data-e-type=\"column\">\n\t\t\t<div class=\"elementor-widget-wrap elementor-element-populated\">\n\t\t\t\t\t\t<div class=\"elementor-element elementor-element-0fec247 elementor-widget elementor-widget-image\" data-id=\"0fec247\" data-element_type=\"widget\" data-e-type=\"widget\" data-widget_type=\"image.default\">\n\t\t\t\t<div class=\"elementor-widget-container\">\n\t\t\t\t\t\t\t\t\t\t\t\t\t\t\t<img decoding=\"async\" width=\"800\" height=\"800\" src=\"https:\/\/natoura.si\/wp-content\/uploads\/2020\/07\/Jezersko.gif\" class=\"attachment-large size-large wp-image-2646\" alt=\"\" \/>\t\t\t\t\t\t\t\t\t\t\t\t\t\t\t<\/div>\n\t\t\t\t<\/div>\n\t\t\t\t\t<\/div>\n\t\t<\/div>\n\t\t\t\t\t<\/div>\n\t\t<\/section>\n\t\t\t\t<section class=\"elementor-section elementor-top-section elementor-element elementor-element-b82a39f elementor-section-boxed elementor-section-height-default elementor-section-height-default\" data-id=\"b82a39f\" data-element_type=\"section\" data-e-type=\"section\">\n\t\t\t\t\t\t<div class=\"elementor-container elementor-column-gap-default\">\n\t\t\t\t\t<div class=\"elementor-column elementor-col-100 elementor-top-column elementor-element elementor-element-a036de3\" data-id=\"a036de3\" data-element_type=\"column\" data-e-type=\"column\">\n\t\t\t<div class=\"elementor-widget-wrap elementor-element-populated\">\n\t\t\t\t\t\t<div class=\"elementor-element elementor-element-ec3f929 elementor-widget elementor-widget-text-editor\" data-id=\"ec3f929\" data-element_type=\"widget\" data-e-type=\"widget\" data-widget_type=\"text-editor.default\">\n\t\t\t\t<div class=\"elementor-widget-container\">\n\t\t\t\t\t\t\t\t\t<p><span style=\"font-family: Poppins; color: #ffffff;\">Vodstvo: Janja Benedik.<\/span><\/p><p>\u00a0<\/p><p><span style=\"color: #f56450;\">PODROBNEJ\u0160E INFORMACIJE O IZLETU BOSTE PRIJAVLJENI PREJELI PO ELEKTRONSKI PO\u0160TI TEDEN DNI PRED ODHODOM.<\/span><\/p>\t\t\t\t\t\t\t\t<\/div>\n\t\t\t\t<\/div>\n\t\t\t\t\t<\/div>\n\t\t<\/div>\n\t\t\t\t\t<\/div>\n\t\t<\/section>\n\t\t\t\t<section class=\"elementor-section elementor-top-section elementor-element elementor-element-80aef39 elementor-section-boxed elementor-section-height-default elementor-section-height-default\" data-id=\"80aef39\" data-element_type=\"section\" data-e-type=\"section\">\n\t\t\t\t\t\t<div class=\"elementor-container elementor-column-gap-default\">\n\t\t\t\t\t<div class=\"elementor-column elementor-col-100 elementor-top-column elementor-element elementor-element-7809c7e\" data-id=\"7809c7e\" data-element_type=\"column\" data-e-type=\"column\">\n\t\t\t<div class=\"elementor-widget-wrap elementor-element-populated\">\n\t\t\t\t\t\t<div class=\"elementor-element elementor-element-3d1f7df elementor-widget elementor-widget-text-editor\" data-id=\"3d1f7df\" data-element_type=\"widget\" data-e-type=\"widget\" data-widget_type=\"text-editor.default\">\n\t\t\t\t<div class=\"elementor-widget-container\">\n\t\t\t\t\t\t\t\t\t<p><strong><span style=\"color: #9dbc55;\" wfd-id=\"637\">POMEMBNO OPOZORILO!<\/span><\/strong><\/p>\n<p><span style=\"color: #ffffff;\" wfd-id=\"636\">Pot po Hajn\u017eevem grabnu je uradno zaprta zaradi neobnovljenih lesenih mosti\u010dkov. Ob previdnem prehodu je pot zaenkrat varna. Spodaj so fotografije omenjenih lesenih prehodov (julij 2020) in steze po gozdu. Udele\u017eba je na lastno odgovornost.<\/span><\/p>\n<p><span style=\"color: #ffffff;\" wfd-id=\"635\">Dol\u017eina poti: 4,5 km, pribli\u017eno 400 m nm. v. spusta, lahka pot po gozdni stezi.<\/span><\/p>\t\t\t\t\t\t\t\t<\/div>\n\t\t\t\t<\/div>\n\t\t\t\t\t<\/div>\n\t\t<\/div>\n\t\t\t\t\t<\/div>\n\t\t<\/section>\n\t\t\t\t<section class=\"elementor-section elementor-top-section elementor-element elementor-element-de61f4c elementor-section-boxed elementor-section-height-default elementor-section-height-default\" data-id=\"de61f4c\" data-element_type=\"section\" data-e-type=\"section\">\n\t\t\t\t\t\t<div class=\"elementor-container elementor-column-gap-default\">\n\t\t\t\t\t<div class=\"elementor-column elementor-col-25 elementor-top-column elementor-element elementor-element-939a76c\" data-id=\"939a76c\" data-element_type=\"column\" data-e-type=\"column\">\n\t\t\t<div class=\"elementor-widget-wrap elementor-element-populated\">\n\t\t\t\t\t\t<div class=\"elementor-element elementor-element-0e367a4 elementor-widget elementor-widget-image\" data-id=\"0e367a4\" data-element_type=\"widget\" data-e-type=\"widget\" data-widget_type=\"image.default\">\n\t\t\t\t<div class=\"elementor-widget-container\">\n\t\t\t\t\t\t\t\t\t\t\t\t\t\t\t<img loading=\"lazy\" decoding=\"async\" width=\"640\" height=\"427\" src=\"https:\/\/natoura.si\/wp-content\/uploads\/2020\/07\/IMG_0379.gif\" class=\"attachment-large size-large wp-image-2654\" alt=\"\" \/>\t\t\t\t\t\t\t\t\t\t\t\t\t\t\t<\/div>\n\t\t\t\t<\/div>\n\t\t\t\t\t<\/div>\n\t\t<\/div>\n\t\t\t\t<div class=\"elementor-column elementor-col-25 elementor-top-column elementor-element elementor-element-1d525b5\" data-id=\"1d525b5\" data-element_type=\"column\" data-e-type=\"column\">\n\t\t\t<div class=\"elementor-widget-wrap elementor-element-populated\">\n\t\t\t\t\t\t<div class=\"elementor-element elementor-element-9b0b125 elementor-widget elementor-widget-image\" data-id=\"9b0b125\" data-element_type=\"widget\" data-e-type=\"widget\" data-widget_type=\"image.default\">\n\t\t\t\t<div class=\"elementor-widget-container\">\n\t\t\t\t\t\t\t\t\t\t\t\t\t\t\t<img loading=\"lazy\" decoding=\"async\" width=\"640\" height=\"509\" src=\"https:\/\/natoura.si\/wp-content\/uploads\/2020\/07\/IMG_0290.gif\" class=\"attachment-large size-large wp-image-2658\" alt=\"\" \/>\t\t\t\t\t\t\t\t\t\t\t\t\t\t\t<\/div>\n\t\t\t\t<\/div>\n\t\t\t\t\t<\/div>\n\t\t<\/div>\n\t\t\t\t<div class=\"elementor-column elementor-col-25 elementor-top-column elementor-element elementor-element-1e271f3\" data-id=\"1e271f3\" data-element_type=\"column\" data-e-type=\"column\">\n\t\t\t<div class=\"elementor-widget-wrap elementor-element-populated\">\n\t\t\t\t\t\t<div class=\"elementor-element elementor-element-1fe0f94 elementor-widget elementor-widget-image\" data-id=\"1fe0f94\" data-element_type=\"widget\" data-e-type=\"widget\" data-widget_type=\"image.default\">\n\t\t\t\t<div class=\"elementor-widget-container\">\n\t\t\t\t\t\t\t\t\t\t\t\t\t\t\t<img loading=\"lazy\" decoding=\"async\" width=\"640\" height=\"427\" src=\"https:\/\/natoura.si\/wp-content\/uploads\/2020\/07\/IMG_0328.gif\" class=\"attachment-large size-large wp-image-2656\" alt=\"\" \/>\t\t\t\t\t\t\t\t\t\t\t\t\t\t\t<\/div>\n\t\t\t\t<\/div>\n\t\t\t\t\t<\/div>\n\t\t<\/div>\n\t\t\t\t<div class=\"elementor-column elementor-col-25 elementor-top-column elementor-element elementor-element-cd215cf\" data-id=\"cd215cf\" data-element_type=\"column\" data-e-type=\"column\">\n\t\t\t<div class=\"elementor-widget-wrap elementor-element-populated\">\n\t\t\t\t\t\t<div class=\"elementor-element elementor-element-9c00265 elementor-widget elementor-widget-image\" data-id=\"9c00265\" data-element_type=\"widget\" data-e-type=\"widget\" data-widget_type=\"image.default\">\n\t\t\t\t<div class=\"elementor-widget-container\">\n\t\t\t\t\t\t\t\t\t\t\t\t\t\t\t<img loading=\"lazy\" decoding=\"async\" width=\"640\" height=\"427\" src=\"https:\/\/natoura.si\/wp-content\/uploads\/2020\/07\/IMG_0307.gif\" class=\"attachment-large size-large wp-image-2657\" alt=\"\" \/>\t\t\t\t\t\t\t\t\t\t\t\t\t\t\t<\/div>\n\t\t\t\t<\/div>\n\t\t\t\t\t<\/div>\n\t\t<\/div>\n\t\t\t\t\t<\/div>\n\t\t<\/section>\n\t\t\t\t<section class=\"elementor-section elementor-top-section elementor-element elementor-element-9f499f6 elementor-section-boxed elementor-section-height-default elementor-section-height-default\" data-id=\"9f499f6\" data-element_type=\"section\" data-e-type=\"section\">\n\t\t\t\t\t\t<div class=\"elementor-container elementor-column-gap-default\">\n\t\t\t\t\t<div class=\"elementor-column elementor-col-25 elementor-top-column elementor-element elementor-element-1619b53\" data-id=\"1619b53\" data-element_type=\"column\" data-e-type=\"column\">\n\t\t\t<div class=\"elementor-widget-wrap elementor-element-populated\">\n\t\t\t\t\t\t<div class=\"elementor-element elementor-element-06eccd1 elementor-widget elementor-widget-image\" data-id=\"06eccd1\" data-element_type=\"widget\" data-e-type=\"widget\" data-widget_type=\"image.default\">\n\t\t\t\t<div class=\"elementor-widget-container\">\n\t\t\t\t\t\t\t\t\t\t\t\t\t\t\t<img loading=\"lazy\" decoding=\"async\" width=\"640\" height=\"427\" src=\"https:\/\/natoura.si\/wp-content\/uploads\/2020\/07\/IMG_0321.gif\" class=\"attachment-large size-large wp-image-2660\" alt=\"\" \/>\t\t\t\t\t\t\t\t\t\t\t\t\t\t\t<\/div>\n\t\t\t\t<\/div>\n\t\t\t\t\t<\/div>\n\t\t<\/div>\n\t\t\t\t<div class=\"elementor-column elementor-col-25 elementor-top-column elementor-element elementor-element-48a8539\" data-id=\"48a8539\" data-element_type=\"column\" data-e-type=\"column\">\n\t\t\t<div class=\"elementor-widget-wrap elementor-element-populated\">\n\t\t\t\t\t\t<div class=\"elementor-element elementor-element-f88f96a elementor-widget elementor-widget-image\" data-id=\"f88f96a\" data-element_type=\"widget\" data-e-type=\"widget\" data-widget_type=\"image.default\">\n\t\t\t\t<div class=\"elementor-widget-container\">\n\t\t\t\t\t\t\t\t\t\t\t\t\t\t\t<img loading=\"lazy\" decoding=\"async\" width=\"640\" height=\"427\" src=\"https:\/\/natoura.si\/wp-content\/uploads\/2020\/07\/IMG_0383.gif\" class=\"attachment-large size-large wp-image-2661\" alt=\"\" \/>\t\t\t\t\t\t\t\t\t\t\t\t\t\t\t<\/div>\n\t\t\t\t<\/div>\n\t\t\t\t\t<\/div>\n\t\t<\/div>\n\t\t\t\t<div class=\"elementor-column elementor-col-25 elementor-top-column elementor-element elementor-element-88cc181\" data-id=\"88cc181\" data-element_type=\"column\" data-e-type=\"column\">\n\t\t\t<div class=\"elementor-widget-wrap elementor-element-populated\">\n\t\t\t\t\t\t<div class=\"elementor-element elementor-element-e8d45f0 elementor-widget elementor-widget-image\" data-id=\"e8d45f0\" data-element_type=\"widget\" data-e-type=\"widget\" data-widget_type=\"image.default\">\n\t\t\t\t<div class=\"elementor-widget-container\">\n\t\t\t\t\t\t\t\t\t\t\t\t\t\t\t<img loading=\"lazy\" decoding=\"async\" width=\"640\" height=\"427\" src=\"https:\/\/natoura.si\/wp-content\/uploads\/2020\/07\/IMG_0388.gif\" class=\"attachment-large size-large wp-image-2662\" alt=\"\" \/>\t\t\t\t\t\t\t\t\t\t\t\t\t\t\t<\/div>\n\t\t\t\t<\/div>\n\t\t\t\t\t<\/div>\n\t\t<\/div>\n\t\t\t\t<div class=\"elementor-column elementor-col-25 elementor-top-column elementor-element elementor-element-8657aca\" data-id=\"8657aca\" data-element_type=\"column\" data-e-type=\"column\">\n\t\t\t<div class=\"elementor-widget-wrap elementor-element-populated\">\n\t\t\t\t\t\t<div class=\"elementor-element elementor-element-eba1948 elementor-widget elementor-widget-image\" data-id=\"eba1948\" data-element_type=\"widget\" data-e-type=\"widget\" data-widget_type=\"image.default\">\n\t\t\t\t<div class=\"elementor-widget-container\">\n\t\t\t\t\t\t\t\t\t\t\t\t\t\t\t<img loading=\"lazy\" decoding=\"async\" width=\"640\" height=\"427\" src=\"https:\/\/natoura.si\/wp-content\/uploads\/2020\/07\/IMG_0394.gif\" class=\"attachment-large size-large wp-image-2663\" alt=\"\" \/>\t\t\t\t\t\t\t\t\t\t\t\t\t\t\t<\/div>\n\t\t\t\t<\/div>\n\t\t\t\t\t<\/div>\n\t\t<\/div>\n\t\t\t\t\t<\/div>\n\t\t<\/section>\n\t\t\t\t<section class=\"elementor-section elementor-top-section elementor-element elementor-element-5ffab85 elementor-section-boxed elementor-section-height-default elementor-section-height-default\" data-id=\"5ffab85\" data-element_type=\"section\" data-e-type=\"section\">\n\t\t\t\t\t\t<div class=\"elementor-container elementor-column-gap-default\">\n\t\t\t\t\t<div class=\"elementor-column elementor-col-100 elementor-top-column elementor-element elementor-element-7b795d5\" data-id=\"7b795d5\" data-element_type=\"column\" data-e-type=\"column\">\n\t\t\t<div class=\"elementor-widget-wrap elementor-element-populated\">\n\t\t\t\t\t\t<div class=\"elementor-element elementor-element-e70fe8c elementor-widget elementor-widget-text-editor\" data-id=\"e70fe8c\" data-element_type=\"widget\" data-e-type=\"widget\" data-widget_type=\"text-editor.default\">\n\t\t\t\t<div class=\"elementor-widget-container\">\n\t\t\t\t\t\t\t\t\t<p><span style=\"color: #ffffff;\"><span style=\"font-family: Poppins;\"><a style=\"color: #ffffff;\" href=\"https:\/\/natoura.si\/splosni-pogoji-poslovanja\/\">S<\/a><\/span><span style=\"font-family: Poppins;\"><a style=\"color: #ffffff;\" href=\"https:\/\/natoura.si\/splosni-pogoji-poslovanja\/\">plo\u0161ni pogoji poslovanja<\/a><\/span><span style=\"font-family: Poppins;\"> so sestavni del programa. Na voljo so na spletni strani https:\/\/natoura.si.<\/span><\/span><\/p><p><span style=\"font-family: Poppins; color: #ffffff;\">Avtorica programa: \u00a9 Janja Benedik, 2020.<\/span><\/p><p><span style=\"font-family: Poppins; color: #ffffff;\">Organizator in izvajalec izleta: \u00a9 naTOURa, Janja Benedik, s. p. , 2020.<\/span><\/p><p><strong>\u00a0<\/strong><\/p>\t\t\t\t\t\t\t\t<\/div>\n\t\t\t\t<\/div>\n\t\t\t\t\t<\/div>\n\t\t<\/div>\n\t\t\t\t\t<\/div>\n\t\t<\/section>\n\t\t\t\t<\/div>\n\t\t","protected":false},"excerpt":{"rendered":"<p>Pot nas bo vodila iz Ljubljane preko mejnega prehoda Ljubelj do Borovelj, od tam pa skozi Bajdi\u0161e ob potoku Ribnica v Sele &#8211; Zgornji Kot.Tour Details<\/p>\n","protected":false},"author":1,"featured_media":2640,"parent":0,"menu_order":0,"comment_status":"closed","ping_status":"closed","template":"","meta":{"footnotes":""},"class_list":["post-2639","page","type-page","status-publish","has-post-thumbnail","hentry"],"_links":{"self":[{"href":"https:\/\/natoura.si\/sl_si\/wp-json\/wp\/v2\/pages\/2639","targetHints":{"allow":["GET"]}}],"collection":[{"href":"https:\/\/natoura.si\/sl_si\/wp-json\/wp\/v2\/pages"}],"about":[{"href":"https:\/\/natoura.si\/sl_si\/wp-json\/wp\/v2\/types\/page"}],"author":[{"embeddable":true,"href":"https:\/\/natoura.si\/sl_si\/wp-json\/wp\/v2\/users\/1"}],"replies":[{"embeddable":true,"href":"https:\/\/natoura.si\/sl_si\/wp-json\/wp\/v2\/comments?post=2639"}],"version-history":[{"count":7,"href":"https:\/\/natoura.si\/sl_si\/wp-json\/wp\/v2\/pages\/2639\/revisions"}],"predecessor-version":[{"id":2666,"href":"https:\/\/natoura.si\/sl_si\/wp-json\/wp\/v2\/pages\/2639\/revisions\/2666"}],"wp:featuredmedia":[{"embeddable":true,"href":"https:\/\/natoura.si\/sl_si\/wp-json\/wp\/v2\/media\/2640"}],"wp:attachment":[{"href":"https:\/\/natoura.si\/sl_si\/wp-json\/wp\/v2\/media?parent=2639"}],"curies":[{"name":"wp","href":"https:\/\/api.w.org\/{rel}","templated":true}]}}