{"id":2397,"date":"2020-05-24T08:21:59","date_gmt":"2020-05-24T08:21:59","guid":{"rendered":"https:\/\/natoura.si\/?page_id=2397"},"modified":"2020-06-02T18:18:26","modified_gmt":"2020-06-02T18:18:26","slug":"dolenjski-kras-program","status":"publish","type":"page","link":"https:\/\/natoura.si\/sl_si\/dolenjski-kras-program\/","title":{"rendered":"Dolenjski kras program"},"content":{"rendered":"\t\t<div data-elementor-type=\"wp-page\" data-elementor-id=\"2397\" class=\"elementor elementor-2397\" data-elementor-post-type=\"page\">\n\t\t\t\t\t\t<section class=\"elementor-section elementor-top-section elementor-element elementor-element-be108fd elementor-section-boxed elementor-section-height-default elementor-section-height-default\" data-id=\"be108fd\" data-element_type=\"section\" data-e-type=\"section\">\n\t\t\t\t\t\t<div class=\"elementor-container elementor-column-gap-default\">\n\t\t\t\t\t<div class=\"elementor-column elementor-col-33 elementor-top-column elementor-element elementor-element-e4b05e2\" data-id=\"e4b05e2\" data-element_type=\"column\" data-e-type=\"column\">\n\t\t\t<div class=\"elementor-widget-wrap elementor-element-populated\">\n\t\t\t\t\t\t<div class=\"elementor-element elementor-element-2d6114b elementor-widget elementor-widget-image\" data-id=\"2d6114b\" data-element_type=\"widget\" data-e-type=\"widget\" data-widget_type=\"image.default\">\n\t\t\t\t<div class=\"elementor-widget-container\">\n\t\t\t\t\t\t\t\t\t\t\t\t\t\t\t<img fetchpriority=\"high\" decoding=\"async\" width=\"837\" height=\"858\" src=\"https:\/\/natoura.si\/wp-content\/uploads\/2020\/05\/Temenica.gif\" class=\"attachment-large size-large wp-image-2406\" alt=\"\" \/>\t\t\t\t\t\t\t\t\t\t\t\t\t\t\t<\/div>\n\t\t\t\t<\/div>\n\t\t\t\t\t<\/div>\n\t\t<\/div>\n\t\t\t\t<div class=\"elementor-column elementor-col-66 elementor-top-column elementor-element elementor-element-0dc05be\" data-id=\"0dc05be\" data-element_type=\"column\" data-e-type=\"column\">\n\t\t\t<div class=\"elementor-widget-wrap elementor-element-populated\">\n\t\t\t\t\t\t<div class=\"elementor-element elementor-element-11e1f2c elementor-widget elementor-widget-text-editor\" data-id=\"11e1f2c\" data-element_type=\"widget\" data-e-type=\"widget\" data-widget_type=\"text-editor.default\">\n\t\t\t\t<div class=\"elementor-widget-container\">\n\t\t\t\t\t\t\t\t\t<p><span style=\"font-family: Poppins; color: #9dbc55;\">1. dan: 10. julij 2020<\/span><\/p><p><span style=\"font-family: Poppins;\"><span style=\"color: #ffffff;\">Prvi dan bo namenjen ve\u010dinoma najve\u010dji kra\u0161ki ponikalnici, reki Temenici. Pot nas bo iz Ljubljane vodila do Trebnjega, kjer bomo zavili na Temeni\u0161ko podolje do vasi Dolenje Ponikve, kjer si bomo ogledali po\u017eiralnike, kjer reka prvi\u010d ponikne. Nadaljevali bomo proti mirnope\u0161ki dolini, kjer lahko v bli\u017eini ponovnega izvira reke ob\u010dudujemo fosilno strugo reke, ki\u00a0 danes vijuga sredi gozdov. \u017divljenju dana\u0161nje struge bomo sledili pri izviru Zijalo, kjer po nekaj kilometrih Temenica spet pride na povr\u0161je v \u010dudoviti zatrepni dolini. Po ogledu in postanku v tem idili\u010dnem okolju bomo za kratek \u010das zapustili Temenico in se podali na kra\u0161ko polje Globodol, ki je med vsemi slovenskimi kra\u0161kimi polji nekaj posebnega. Ogledali si bomo eno od estavel in se seznanili s kra\u0161kimi pojavi na tem obmo\u010dju. Ko se bomo iz Globodola vra\u010dali v dolino Temenice, si bomo ogledali njen ponovni ponor in pot v podzemni svet ter nato zadnji izvir pri nekdanjem gradu Luknja blizu Novega mesta, kjer se reka ponovno rodi kot reka Pre\u010dna in od tu te\u010de v bli\u017enjo Krko. Na poti proti Kostanjevici na Krki si bomo ogledali \u0161e zadnje borne ostanke tako imenovanega &#8220;kamnitega gozda&#8221;, pojava, ki je v bolj imenitnih izvedbah znan z drugih koncev sveta, marsikomu pa je iz na\u0161ih krajev neznan. Za konec dneva se bomo ustavili v nekdanjem kostanjevi\u0161kem samostanu, kjer bomo imeli degustacijo najbolj\u0161ih lokalnih vin, sledila bo ve\u010derja v bli\u017enjem gosti\u0161\u010du in preno\u010devanje v sredi\u0161\u010du Kostanjevice na Krki.<\/span><br \/><\/span><\/p>\t\t\t\t\t\t\t\t<\/div>\n\t\t\t\t<\/div>\n\t\t\t\t\t<\/div>\n\t\t<\/div>\n\t\t\t\t\t<\/div>\n\t\t<\/section>\n\t\t\t\t<section class=\"elementor-section elementor-top-section elementor-element elementor-element-06a0d6a elementor-section-boxed elementor-section-height-default elementor-section-height-default\" data-id=\"06a0d6a\" data-element_type=\"section\" data-e-type=\"section\">\n\t\t\t\t\t\t<div class=\"elementor-container elementor-column-gap-default\">\n\t\t\t\t\t<div class=\"elementor-column elementor-col-66 elementor-top-column elementor-element elementor-element-f3c647e\" data-id=\"f3c647e\" data-element_type=\"column\" data-e-type=\"column\">\n\t\t\t<div class=\"elementor-widget-wrap elementor-element-populated\">\n\t\t\t\t\t\t<div class=\"elementor-element elementor-element-9e06d72 elementor-widget elementor-widget-text-editor\" data-id=\"9e06d72\" data-element_type=\"widget\" data-e-type=\"widget\" data-widget_type=\"text-editor.default\">\n\t\t\t\t<div class=\"elementor-widget-container\">\n\t\t\t\t\t\t\t\t\t<p><span style=\"font-family: Poppins;\"><span style=\"color: #9dbc55;\">2. dan: 11. julij 2020<\/span><br \/><\/span><\/p><p><span style=\"font-family: Poppins; color: #ffffff;\">Po zajtrku se bomo odpravili na raziskovanje bli\u017enje okolice in spoznavali \u017eivljenje v teh krajih neko\u010d in danes. Najprej se bomo ustavili pri gra\u0161\u010dini Gracarjev turn, kjer je med drugim ustvarjal tudi Janez Trdina, nato pa se bomo odpravili proti Kartuziji Pleterje in si ogledali muzej na prostem s predstavitvijo lokalne stavbne dedi\u0161\u010dine. Znak, da je tudi na tem delu Dolenjske zaslediti kra\u0161ke pojave, je Kostanjevi\u0161ka jama, ki si jo bomo z lokalnimi jamarji tudi ogledali in spoznali njene zna\u010dilnosti. V neposredni bli\u017eini Kostanjevice se nahaja najve\u010dji poplavni gozd v Sloveniji, Krakovski gozd. Odpravili se bomo do strogo varovanega gozdnega rezervata, kjer bomo lahko ob\u010dudovali stoletne hraste dobe, se seznanili s pomenom poplavnega gozda in se spomnili Josefa Ressla, ki je z njim upravljal, natanko pred 200 leti pa v bli\u017eini tega gozda na reki Krki prvi\u010d preizkusil delovanje ladijskega vijaka. <\/span><\/p><p><span style=\"font-family: Poppins; color: #ffffff;\">Za konec raziskovanja tega dne se bomo odpravili na eno od kmetij, kjer se ukvarjajo z gojenjem avtohtone pasme kr\u0161ko poljskega pra\u0161i\u010da. Spoznali bomo lastnosti te vedno bolj cenjene slovenske pasme, ki je bila \u017ee na robu izumrtja, in jih opazovali na odprtem pa\u0161niku. Sledila bo \u0161e zaslu\u017eena ve\u010derja (lokalne postrvi) in nato preno\u010devanje v Kostanjevici.<\/span><\/p>\t\t\t\t\t\t\t\t<\/div>\n\t\t\t\t<\/div>\n\t\t\t\t\t<\/div>\n\t\t<\/div>\n\t\t\t\t<div class=\"elementor-column elementor-col-33 elementor-top-column elementor-element elementor-element-54fea0c\" data-id=\"54fea0c\" data-element_type=\"column\" data-e-type=\"column\">\n\t\t\t<div class=\"elementor-widget-wrap elementor-element-populated\">\n\t\t\t\t\t\t<div class=\"elementor-element elementor-element-5c25f55 elementor-widget elementor-widget-image\" data-id=\"5c25f55\" data-element_type=\"widget\" data-e-type=\"widget\" data-widget_type=\"image.default\">\n\t\t\t\t<div class=\"elementor-widget-container\">\n\t\t\t\t\t\t\t\t\t\t\t\t\t\t\t<img decoding=\"async\" width=\"883\" height=\"858\" src=\"https:\/\/natoura.si\/wp-content\/uploads\/2020\/05\/Krakovski-gozd.gif\" class=\"attachment-large size-large wp-image-2407\" alt=\"\" \/>\t\t\t\t\t\t\t\t\t\t\t\t\t\t\t<\/div>\n\t\t\t\t<\/div>\n\t\t\t\t\t<\/div>\n\t\t<\/div>\n\t\t\t\t\t<\/div>\n\t\t<\/section>\n\t\t\t\t<section class=\"elementor-section elementor-top-section elementor-element elementor-element-b8b09b7 elementor-section-boxed elementor-section-height-default elementor-section-height-default\" data-id=\"b8b09b7\" data-element_type=\"section\" data-e-type=\"section\">\n\t\t\t\t\t\t<div class=\"elementor-container elementor-column-gap-default\">\n\t\t\t\t\t<div class=\"elementor-column elementor-col-33 elementor-top-column elementor-element elementor-element-0044fd2\" data-id=\"0044fd2\" data-element_type=\"column\" data-e-type=\"column\">\n\t\t\t<div class=\"elementor-widget-wrap elementor-element-populated\">\n\t\t\t\t\t\t<div class=\"elementor-element elementor-element-1ecca60 elementor-widget elementor-widget-image\" data-id=\"1ecca60\" data-element_type=\"widget\" data-e-type=\"widget\" data-widget_type=\"image.default\">\n\t\t\t\t<div class=\"elementor-widget-container\">\n\t\t\t\t\t\t\t\t\t\t\t\t\t\t\t<img decoding=\"async\" src=\"https:\/\/natoura.si\/wp-content\/uploads\/2020\/05\/Klevevz1.gif\" title=\"Klevevz1\" alt=\"Klevevz1\" loading=\"lazy\" \/>\t\t\t\t\t\t\t\t\t\t\t\t\t\t\t<\/div>\n\t\t\t\t<\/div>\n\t\t\t\t\t<\/div>\n\t\t<\/div>\n\t\t\t\t<div class=\"elementor-column elementor-col-66 elementor-top-column elementor-element elementor-element-8b3d99f\" data-id=\"8b3d99f\" data-element_type=\"column\" data-e-type=\"column\">\n\t\t\t<div class=\"elementor-widget-wrap elementor-element-populated\">\n\t\t\t\t\t\t<div class=\"elementor-element elementor-element-8c049e0 elementor-widget elementor-widget-text-editor\" data-id=\"8c049e0\" data-element_type=\"widget\" data-e-type=\"widget\" data-widget_type=\"text-editor.default\">\n\t\t\t\t<div class=\"elementor-widget-container\">\n\t\t\t\t\t\t\t\t\t<p><span style=\"font-family: Poppins;\" wfd-id=\"497\"><span style=\"color: #9dbc55;\" wfd-id=\"498\">3. dan: 12. julij 2020<\/span><br><\/span><\/p>\n<p><span style=\"font-family: Poppins; color: #ffffff;\" wfd-id=\"496\">Zadnji dan raziskovanja Dolenjske bomo za\u010deli z ogledom rasti\u0161\u010da indijskega lotusa v \u0160marje\u0161kih toplicah in se seznanili, zakaj je na tem obmo\u010dju toliko toplih vodnih izvirov, saj bomo le nekaj kilometrov stran lahko videli drug termalni izvir ob reki Radulji pod nekdanjim Klevev\u0161kim gradom. Tam si bomo poleg izvira ogledali \u0161e sotesko Radulje in dve jami, ki sta zanimivi tako z naravoslovnega kot s kulturnega vidika. Sledila bo vo\u017enja do \u0160entruperta, kjer se bomo seznanili z zna\u010dilnimi dolenjskimi kozolci, ki so predstavljeni v muzeju na prostem, potem pa bo \u017ee \u010das za kosilo na kme\u010dkem turizmu v zaselku Okrog,od koder se nam bodo ponujali \u010dudoviti razgledi na mehko valovito dolenjsko pokrajino. Po kosilu se bomo v dolino skozi gozdove in med vinogradi pe\u0161 spustili nazaj do \u0160entruperta, kjer nas bo \u010dakal avtobus in nas odpeljal proti Ljubljani.<\/span><\/p>\t\t\t\t\t\t\t\t<\/div>\n\t\t\t\t<\/div>\n\t\t\t\t\t<\/div>\n\t\t<\/div>\n\t\t\t\t\t<\/div>\n\t\t<\/section>\n\t\t\t\t<section class=\"elementor-section elementor-top-section elementor-element elementor-element-b82a39f elementor-section-boxed elementor-section-height-default elementor-section-height-default\" data-id=\"b82a39f\" data-element_type=\"section\" data-e-type=\"section\">\n\t\t\t\t\t\t<div class=\"elementor-container elementor-column-gap-default\">\n\t\t\t\t\t<div class=\"elementor-column elementor-col-100 elementor-top-column elementor-element elementor-element-a036de3\" data-id=\"a036de3\" data-element_type=\"column\" data-e-type=\"column\">\n\t\t\t<div class=\"elementor-widget-wrap elementor-element-populated\">\n\t\t\t\t\t\t<div class=\"elementor-element elementor-element-ec3f929 elementor-widget elementor-widget-text-editor\" data-id=\"ec3f929\" data-element_type=\"widget\" data-e-type=\"widget\" data-widget_type=\"text-editor.default\">\n\t\t\t\t<div class=\"elementor-widget-container\">\n\t\t\t\t\t\t\t\t\t<p><span style=\"font-family: Poppins; color: #ffffff;\">Vodstvo: Janja Benedik.<\/span><\/p><p><span style=\"color: #f56450;\">PODROBNEJ\u0160E INFORMACIJE O IZLETU BOSTE PRIJAVLJENI PREJELI PO ELEKTRONSKI PO\u0160TI EN TEDEN PRED ODHODOM.<\/span><\/p>\t\t\t\t\t\t\t\t<\/div>\n\t\t\t\t<\/div>\n\t\t\t\t\t<\/div>\n\t\t<\/div>\n\t\t\t\t\t<\/div>\n\t\t<\/section>\n\t\t\t\t<section class=\"elementor-section elementor-top-section elementor-element elementor-element-5ffab85 elementor-section-boxed elementor-section-height-default elementor-section-height-default\" data-id=\"5ffab85\" data-element_type=\"section\" data-e-type=\"section\">\n\t\t\t\t\t\t<div class=\"elementor-container elementor-column-gap-default\">\n\t\t\t\t\t<div class=\"elementor-column elementor-col-100 elementor-top-column elementor-element elementor-element-7b795d5\" data-id=\"7b795d5\" data-element_type=\"column\" data-e-type=\"column\">\n\t\t\t<div class=\"elementor-widget-wrap elementor-element-populated\">\n\t\t\t\t\t\t<div class=\"elementor-element elementor-element-82f37b3 elementor-widget elementor-widget-spacer\" data-id=\"82f37b3\" data-element_type=\"widget\" data-e-type=\"widget\" data-widget_type=\"spacer.default\">\n\t\t\t\t<div class=\"elementor-widget-container\">\n\t\t\t\t\t\t\t<div class=\"elementor-spacer\">\n\t\t\t<div class=\"elementor-spacer-inner\"><\/div>\n\t\t<\/div>\n\t\t\t\t\t\t<\/div>\n\t\t\t\t<\/div>\n\t\t\t\t<div class=\"elementor-element elementor-element-e70fe8c elementor-widget elementor-widget-text-editor\" data-id=\"e70fe8c\" data-element_type=\"widget\" data-e-type=\"widget\" data-widget_type=\"text-editor.default\">\n\t\t\t\t<div class=\"elementor-widget-container\">\n\t\t\t\t\t\t\t\t\t<p><span style=\"color: #ffffff;\"><span style=\"font-family: Poppins;\"><a style=\"color: #ffffff;\" href=\"https:\/\/natoura.si\/splosni-pogoji-poslovanja\/\">S<\/a><\/span><span style=\"font-family: Poppins;\"><a style=\"color: #ffffff;\" href=\"https:\/\/natoura.si\/splosni-pogoji-poslovanja\/\">plo\u0161ni pogoji poslovanja<\/a><\/span><span style=\"font-family: Poppins;\"> so sestavni del programa. Na voljo so na spletni strani https:\/\/natoura.si.<\/span><\/span><\/p><p><span style=\"font-family: Poppins; color: #ffffff;\">Avtorica programa: \u00a9 Janja Benedik, 2020.<\/span><\/p><p><span style=\"font-family: Poppins; color: #ffffff;\">Organizator in izvajalec izleta: \u00a9 naTOURa, Janja Benedik, s. p. , 2020.<\/span><\/p><p><strong>\u00a0<\/strong><\/p>\t\t\t\t\t\t\t\t<\/div>\n\t\t\t\t<\/div>\n\t\t\t\t\t<\/div>\n\t\t<\/div>\n\t\t\t\t\t<\/div>\n\t\t<\/section>\n\t\t\t\t<\/div>\n\t\t","protected":false},"excerpt":{"rendered":"<p>1. dan: 10. julij 2020 Prvi dan bo namenjen ve\u010dinoma najve\u010dji kra\u0161ki ponikalnici, reki Temenici. Pot nas bo iz Ljubljane vodila do Trebnjega, kjer bomoTour Details<\/p>\n","protected":false},"author":1,"featured_media":2410,"parent":0,"menu_order":0,"comment_status":"closed","ping_status":"closed","template":"","meta":{"footnotes":""},"class_list":["post-2397","page","type-page","status-publish","has-post-thumbnail","hentry"],"_links":{"self":[{"href":"https:\/\/natoura.si\/sl_si\/wp-json\/wp\/v2\/pages\/2397","targetHints":{"allow":["GET"]}}],"collection":[{"href":"https:\/\/natoura.si\/sl_si\/wp-json\/wp\/v2\/pages"}],"about":[{"href":"https:\/\/natoura.si\/sl_si\/wp-json\/wp\/v2\/types\/page"}],"author":[{"embeddable":true,"href":"https:\/\/natoura.si\/sl_si\/wp-json\/wp\/v2\/users\/1"}],"replies":[{"embeddable":true,"href":"https:\/\/natoura.si\/sl_si\/wp-json\/wp\/v2\/comments?post=2397"}],"version-history":[{"count":7,"href":"https:\/\/natoura.si\/sl_si\/wp-json\/wp\/v2\/pages\/2397\/revisions"}],"predecessor-version":[{"id":2476,"href":"https:\/\/natoura.si\/sl_si\/wp-json\/wp\/v2\/pages\/2397\/revisions\/2476"}],"wp:featuredmedia":[{"embeddable":true,"href":"https:\/\/natoura.si\/sl_si\/wp-json\/wp\/v2\/media\/2410"}],"wp:attachment":[{"href":"https:\/\/natoura.si\/sl_si\/wp-json\/wp\/v2\/media?parent=2397"}],"curies":[{"name":"wp","href":"https:\/\/api.w.org\/{rel}","templated":true}]}}