{"id":1912,"date":"2020-03-28T17:31:51","date_gmt":"2020-03-28T17:31:51","guid":{"rendered":"https:\/\/natoura.si\/?page_id=1912"},"modified":"2020-03-28T20:11:34","modified_gmt":"2020-03-28T20:11:34","slug":"predprijava","status":"publish","type":"page","link":"https:\/\/natoura.si\/sl_si\/predprijava\/","title":{"rendered":"Predprijava"},"content":{"rendered":"\t\t<div data-elementor-type=\"wp-page\" data-elementor-id=\"1912\" class=\"elementor elementor-1912\" data-elementor-post-type=\"page\">\n\t\t\t\t\t\t<section class=\"elementor-section elementor-top-section elementor-element elementor-element-32b74bc elementor-section-boxed elementor-section-height-default elementor-section-height-default\" data-id=\"32b74bc\" data-element_type=\"section\" data-e-type=\"section\">\n\t\t\t\t\t\t<div class=\"elementor-container elementor-column-gap-default\">\n\t\t\t\t\t<div class=\"elementor-column elementor-col-100 elementor-top-column elementor-element elementor-element-aa82fca\" data-id=\"aa82fca\" data-element_type=\"column\" data-e-type=\"column\">\n\t\t\t<div class=\"elementor-widget-wrap elementor-element-populated\">\n\t\t\t\t\t\t<div class=\"elementor-element elementor-element-96d0c85 elementor-widget elementor-widget-text-editor\" data-id=\"96d0c85\" data-element_type=\"widget\" data-e-type=\"widget\" data-widget_type=\"text-editor.default\">\n\t\t\t\t<div class=\"elementor-widget-container\">\n\t\t\t\t\t\t\t\t\t<p><span style=\"color: #e3e3e3;\"><span style=\"font-family: Poppins;\">Vsi, ki boste izpolnili predprijavo, izka\u017eete interes za udele\u017ebo in to vas ne obvezuje k dejanski udele\u017ebi in pla\u010dilu aran\u017emaja, olaj\u0161ate nam pripravo\u00a0 in \u010dim bolj\u0161o organizacijo. Zagotovili si boste tudi prednost ob dejanski prijavi in prejemanje obvestil.<\/span><span style=\"font-family: Poppins;\"><br \/><\/span><\/span><\/p>\n<p><span style=\"font-family: Poppins; color: #e3e3e3;\">Izlete in potovanja, ki bodo prestavljeni zaradi epidemije korona virusa, bomo izvedli takoj, ko bo to mogo\u010de in popolnoma varno. Ostale izlete in potovanja bomo izvedli v na\u010drtovanih terminih.<\/span><\/p>\n<p><span style=\"font-family: Poppins; color: #e3e3e3;\">\u00a0<\/span><\/p>\n<p><span style=\"font-family: Poppins; color: #e3e3e3;\">Hvala za sodelovanje, z va\u0161o pomo\u010djo vam bomo lahko la\u017eje in bolj\u0161e organizirali izlete in potovanja, ki bi se jih radi udele\u017eili.<\/span><\/p>\n<p>\u00a0<\/p>\t\t\t\t\t\t\t\t<\/div>\n\t\t\t\t<\/div>\n\t\t\t\t\t<\/div>\n\t\t<\/div>\n\t\t\t\t\t<\/div>\n\t\t<\/section>\n\t\t\t\t<section class=\"elementor-section elementor-top-section elementor-element elementor-element-6baae0d elementor-section-boxed elementor-section-height-default elementor-section-height-default\" data-id=\"6baae0d\" data-element_type=\"section\" data-e-type=\"section\">\n\t\t\t\t\t\t<div class=\"elementor-container elementor-column-gap-default\">\n\t\t\t\t\t<div class=\"elementor-column elementor-col-100 elementor-top-column elementor-element elementor-element-320e6ea\" data-id=\"320e6ea\" data-element_type=\"column\" data-e-type=\"column\">\n\t\t\t<div class=\"elementor-widget-wrap elementor-element-populated\">\n\t\t\t\t\t\t\t<\/div>\n\t\t<\/div>\n\t\t\t\t\t<\/div>\n\t\t<\/section>\n\t\t\t\t<\/div>\n\t\t","protected":false},"excerpt":{"rendered":"<p>Vsi, ki boste izpolnili predprijavo, izka\u017eete interes za udele\u017ebo in to vas ne obvezuje k dejanski udele\u017ebi in pla\u010dilu aran\u017emaja, olaj\u0161ate nam pripravo\u00a0 in \u010dimTour Details<\/p>\n","protected":false},"author":1,"featured_media":1916,"parent":0,"menu_order":0,"comment_status":"closed","ping_status":"closed","template":"","meta":{"footnotes":""},"class_list":["post-1912","page","type-page","status-publish","has-post-thumbnail","hentry"],"_links":{"self":[{"href":"https:\/\/natoura.si\/sl_si\/wp-json\/wp\/v2\/pages\/1912","targetHints":{"allow":["GET"]}}],"collection":[{"href":"https:\/\/natoura.si\/sl_si\/wp-json\/wp\/v2\/pages"}],"about":[{"href":"https:\/\/natoura.si\/sl_si\/wp-json\/wp\/v2\/types\/page"}],"author":[{"embeddable":true,"href":"https:\/\/natoura.si\/sl_si\/wp-json\/wp\/v2\/users\/1"}],"replies":[{"embeddable":true,"href":"https:\/\/natoura.si\/sl_si\/wp-json\/wp\/v2\/comments?post=1912"}],"version-history":[{"count":7,"href":"https:\/\/natoura.si\/sl_si\/wp-json\/wp\/v2\/pages\/1912\/revisions"}],"predecessor-version":[{"id":1926,"href":"https:\/\/natoura.si\/sl_si\/wp-json\/wp\/v2\/pages\/1912\/revisions\/1926"}],"wp:featuredmedia":[{"embeddable":true,"href":"https:\/\/natoura.si\/sl_si\/wp-json\/wp\/v2\/media\/1916"}],"wp:attachment":[{"href":"https:\/\/natoura.si\/sl_si\/wp-json\/wp\/v2\/media?parent=1912"}],"curies":[{"name":"wp","href":"https:\/\/api.w.org\/{rel}","templated":true}]}}