{"id":19,"date":"2019-09-02T19:14:59","date_gmt":"2019-09-02T19:14:59","guid":{"rendered":"https:\/\/natoura.si\/?page_id=19"},"modified":"2020-03-23T11:42:57","modified_gmt":"2020-03-23T11:42:57","slug":"pozdravljeni","status":"publish","type":"page","link":"https:\/\/natoura.si\/sl_si\/pozdravljeni\/","title":{"rendered":"Pozdravljeni!"},"content":{"rendered":"\t\t<div data-elementor-type=\"wp-page\" data-elementor-id=\"19\" class=\"elementor elementor-19\" data-elementor-post-type=\"page\">\n\t\t\t\t\t\t<section class=\"elementor-section elementor-top-section elementor-element elementor-element-10b8ed8e elementor-section-boxed elementor-section-height-default elementor-section-height-default\" data-id=\"10b8ed8e\" data-element_type=\"section\" data-e-type=\"section\">\n\t\t\t\t\t\t<div class=\"elementor-container elementor-column-gap-default\">\n\t\t\t\t\t<div class=\"elementor-column elementor-col-100 elementor-top-column elementor-element elementor-element-49ec27c4\" data-id=\"49ec27c4\" data-element_type=\"column\" data-e-type=\"column\">\n\t\t\t<div class=\"elementor-widget-wrap elementor-element-populated\">\n\t\t\t\t\t\t<div class=\"elementor-element elementor-element-56ab3727 elementor-widget elementor-widget-text-editor\" data-id=\"56ab3727\" data-element_type=\"widget\" data-e-type=\"widget\" data-widget_type=\"text-editor.default\">\n\t\t\t\t<div class=\"elementor-widget-container\">\n\t\t\t\t\t\t\t\t\t<p><span style=\"font-family: Varela Round; font-size: 14px; color: #ffffff;\">Od nekdaj me je vleklo stran od tu, gnala me je radovednost, \u017eelja po odkrivanju novih do\u017eivetij, pokrajin, ljudi, kulinarike. Bivanje v enem kraju, na enem mestu, je zame utesnjujo\u010de, potrebujem \u0161irino, svobodo gibanja in misli. Saj mi tu pravzaprav ni\u010d ne manjka in vedno se rada vra\u010dam domov, vendar me nova spoznanja bogatijo in navdajajo z upanjem, ki ga v vsakdanjem \u017eivljenju ob rutinskem delu v\u010dasih pogre\u0161am.<\/span><\/p>\n<p><span style=\"font-family: Varela Round; font-size: 14px; color: #ffffff;\">Vle\u010de me v kraje, ki so druga\u010dni, kjer mi narava ponuja nekaj drugega, kot lahko najdem doma, kjer se mi odpirajo nova vpra\u0161anja in nanje potem i\u0161\u010dem odgovore. Ko potujem, raziskujem. Zanima me zgodovina, navdu\u0161ujejo me kamnine, ki govorijo o davni preteklosti in sedanjosti. Navdu\u0161ujejo me gozdovi, ki so druga\u010dni od na\u0161ih, stepe, ki delujejo prazno, pa so vendarle tako bogate in hkrati spokojne, sipine ob morjih in v pu\u0161\u010davah, gorovja, ki me spominjajo na doma\u010de gore, pa kljub temu ponujajo nekaj svojstvenega, druga\u010dnega, pisana paleta cvetja, ki iz na\u0161ih krajev prehitro izginja in seveda ljudje. Tisti vsakdanji ljudje, ki \u017eivijo nekje dale\u010d in so mi blizu, ker smo si tako zelo podobni, hkrati pa tako razli\u010dni, da mi zbujajo pozornost in zanimanje. \u017delim odkrivati njihove zgodbe, njihovo razmi\u0161ljanje, njihove navade in na\u010din \u017eivljenja.<\/span><\/p>\n<p><span style=\"font-family: Varela Round; font-size: 14px; color: #ffffff;\">In zakaj vsega tega ne bi delila z drugimi?<\/span><\/p>\n<p><strong><span style=\"font-family: Varela Round; font-size: 10pt; color: #9dbc55;\">Z NAJVE\u010cJIM \u017dAROM IN VESELJEM. POTUJTE Z MANO!<\/span><\/strong><\/p>\n<p><span style=\"font-family: Montserrat; font-size: 10pt;\">\u00a0<\/span><\/p>\t\t\t\t\t\t\t\t<\/div>\n\t\t\t\t<\/div>\n\t\t\t\t\t<\/div>\n\t\t<\/div>\n\t\t\t\t\t<\/div>\n\t\t<\/section>\n\t\t\t\t<\/div>\n\t\t","protected":false},"excerpt":{"rendered":"<p>Od nekdaj me je vleklo stran od tu, gnala me je radovednost, \u017eelja po odkrivanju novih do\u017eivetij, pokrajin, ljudi, kulinarike. Bivanje v enem kraju, naTour Details<\/p>\n","protected":false},"author":1,"featured_media":0,"parent":0,"menu_order":0,"comment_status":"closed","ping_status":"closed","template":"","meta":{"footnotes":""},"class_list":["post-19","page","type-page","status-publish","hentry"],"_links":{"self":[{"href":"https:\/\/natoura.si\/sl_si\/wp-json\/wp\/v2\/pages\/19","targetHints":{"allow":["GET"]}}],"collection":[{"href":"https:\/\/natoura.si\/sl_si\/wp-json\/wp\/v2\/pages"}],"about":[{"href":"https:\/\/natoura.si\/sl_si\/wp-json\/wp\/v2\/types\/page"}],"author":[{"embeddable":true,"href":"https:\/\/natoura.si\/sl_si\/wp-json\/wp\/v2\/users\/1"}],"replies":[{"embeddable":true,"href":"https:\/\/natoura.si\/sl_si\/wp-json\/wp\/v2\/comments?post=19"}],"version-history":[{"count":15,"href":"https:\/\/natoura.si\/sl_si\/wp-json\/wp\/v2\/pages\/19\/revisions"}],"predecessor-version":[{"id":1551,"href":"https:\/\/natoura.si\/sl_si\/wp-json\/wp\/v2\/pages\/19\/revisions\/1551"}],"wp:attachment":[{"href":"https:\/\/natoura.si\/sl_si\/wp-json\/wp\/v2\/media?parent=19"}],"curies":[{"name":"wp","href":"https:\/\/api.w.org\/{rel}","templated":true}]}}