{"id":17330,"date":"2026-02-24T06:00:44","date_gmt":"2026-02-24T06:00:44","guid":{"rendered":"https:\/\/natoura.si\/?page_id=17330"},"modified":"2026-02-24T21:25:50","modified_gmt":"2026-02-24T21:25:50","slug":"kreta-program-zrsvn","status":"publish","type":"page","link":"https:\/\/natoura.si\/sl_si\/kreta-program-zrsvn\/","title":{"rendered":"Kreta program &#8211; ZRSVN"},"content":{"rendered":"\t\t<div data-elementor-type=\"wp-page\" data-elementor-id=\"17330\" class=\"elementor elementor-17330\" data-elementor-post-type=\"page\">\n\t\t\t\t\t\t<section class=\"elementor-section elementor-top-section elementor-element elementor-element-be108fd elementor-section-boxed elementor-section-height-default elementor-section-height-default\" data-id=\"be108fd\" data-element_type=\"section\" data-e-type=\"section\">\n\t\t\t\t\t\t<div class=\"elementor-container elementor-column-gap-default\">\n\t\t\t\t\t<div class=\"elementor-column elementor-col-33 elementor-top-column elementor-element elementor-element-e4b05e2\" data-id=\"e4b05e2\" data-element_type=\"column\" data-e-type=\"column\">\n\t\t\t<div class=\"elementor-widget-wrap elementor-element-populated\">\n\t\t\t\t\t\t<div class=\"elementor-element elementor-element-2d6114b elementor-widget elementor-widget-image\" data-id=\"2d6114b\" data-element_type=\"widget\" data-e-type=\"widget\" data-widget_type=\"image.default\">\n\t\t\t\t<div class=\"elementor-widget-container\">\n\t\t\t\t\t\t\t\t\t\t\t\t\t\t\t<img fetchpriority=\"high\" decoding=\"async\" width=\"864\" height=\"864\" src=\"https:\/\/natoura.si\/wp-content\/uploads\/2024\/10\/Ovce-Kreta.gif\" class=\"attachment-large size-large wp-image-13995\" alt=\"\" \/>\t\t\t\t\t\t\t\t\t\t\t\t\t\t\t<\/div>\n\t\t\t\t<\/div>\n\t\t\t\t\t<\/div>\n\t\t<\/div>\n\t\t\t\t<div class=\"elementor-column elementor-col-66 elementor-top-column elementor-element elementor-element-0dc05be\" data-id=\"0dc05be\" data-element_type=\"column\" data-e-type=\"column\">\n\t\t\t<div class=\"elementor-widget-wrap elementor-element-populated\">\n\t\t\t\t\t\t<div class=\"elementor-element elementor-element-11e1f2c elementor-widget elementor-widget-text-editor\" data-id=\"11e1f2c\" data-element_type=\"widget\" data-e-type=\"widget\" data-widget_type=\"text-editor.default\">\n\t\t\t\t<div class=\"elementor-widget-container\">\n\t\t\t\t\t\t\t\t\t<p><span style=\"font-family: Poppins; color: #ffffff;\">1. dan<\/span><\/p><p><span style=\"color: #ffffff;\">Let Ljubljana &#8211; Heraklion preko vmesnega letali\u0161\u010da. Transfer do hotela v vasi Bal\u00ed.<\/span><\/p><p><span style=\"color: #ffffff; font-family: Poppins;\">\u00a0<\/span><\/p>\t\t\t\t\t\t\t\t<\/div>\n\t\t\t\t<\/div>\n\t\t\t\t\t<\/div>\n\t\t<\/div>\n\t\t\t\t\t<\/div>\n\t\t<\/section>\n\t\t\t\t<section class=\"elementor-section elementor-top-section elementor-element elementor-element-06a0d6a elementor-section-boxed elementor-section-height-default elementor-section-height-default\" data-id=\"06a0d6a\" data-element_type=\"section\" data-e-type=\"section\">\n\t\t\t\t\t\t<div class=\"elementor-container elementor-column-gap-default\">\n\t\t\t\t\t<div class=\"elementor-column elementor-col-66 elementor-top-column elementor-element elementor-element-f3c647e\" data-id=\"f3c647e\" data-element_type=\"column\" data-e-type=\"column\">\n\t\t\t<div class=\"elementor-widget-wrap elementor-element-populated\">\n\t\t\t\t\t\t<div class=\"elementor-element elementor-element-9e06d72 elementor-widget elementor-widget-text-editor\" data-id=\"9e06d72\" data-element_type=\"widget\" data-e-type=\"widget\" data-widget_type=\"text-editor.default\">\n\t\t\t\t<div class=\"elementor-widget-container\">\n\t\t\t\t\t\t\t\t\t<p><span style=\"color: #ffffff;\">2. dan<\/span><\/p><p><span style=\"color: #ffffff;\">Po zajtrku se bomo po kretskem pode\u017eelju peljali do kra\u0161ke planote Nida, kjer uspeva tudi nekaj endemitov, in naprej do vzno\u017eja najvi\u0161je kretske gore Psiloritis (gora Ida). Tam se bomo povzpeli (15 min hoje) do jame Ideon Anthron, ki po izro\u010dilu velja za enega od rojstnih krajev vrhovnega boga Zevsa, rojenega na Kreti. Seznanili se bomo z nekaj starogr\u0161ke mitologije, povezane s Kreto, nato pa se vra\u010dali po isti poti in se ustavili najprej ob mitatu, pastirski ko\u010di, zgrajeni s tehniko suhozida, ki se na Kreti uporabljajo od minojskih \u010dasov pa vse do danes. Malo ni\u017eje se bomo ustavili ob ostankih najvi\u0161je le\u017ee\u010de minojske pala\u010de in spregovorili o minojski civilizaciji, ki je pred ve\u010d kot 5000 leti obvladovala sredozemski prostor.\u00a0<\/span><\/p><p><span style=\"color: #ffffff;\">Naslednji postanek bo v vasi Anogia, kjer bo \u010das za kavo in kak\u0161en prigrizek, sledil pa bo ogled Informacijskega sredi\u0161\u010da Geoparka Psiloritis, kjer bomo izvedeli ve\u010d informacij o geologiji Krete. Iz Anogie bomo pot nadaljevali skozi zna\u010dilno kra\u0161ko pokrajino proti samostanu Vossakos in se ob poti ustavili ob \u010dudovitih apnen\u010dastih gubah. Po kratkem ogledu samostana se bomo preko manj\u0161ega prelaza spustili do vasi Sisses in se ob severni obali vrnili v Bal\u00ed na ve\u010derjo.<\/span><\/p><p>\u00a0<\/p>\t\t\t\t\t\t\t\t<\/div>\n\t\t\t\t<\/div>\n\t\t\t\t\t<\/div>\n\t\t<\/div>\n\t\t\t\t<div class=\"elementor-column elementor-col-33 elementor-top-column elementor-element elementor-element-54fea0c\" data-id=\"54fea0c\" data-element_type=\"column\" data-e-type=\"column\">\n\t\t\t<div class=\"elementor-widget-wrap elementor-element-populated\">\n\t\t\t\t\t\t<div class=\"elementor-element elementor-element-86e8622 elementor-widget elementor-widget-image\" data-id=\"86e8622\" data-element_type=\"widget\" data-e-type=\"widget\" data-widget_type=\"image.default\">\n\t\t\t\t<div class=\"elementor-widget-container\">\n\t\t\t\t\t\t\t\t\t\t\t\t\t\t\t<img decoding=\"async\" width=\"800\" height=\"800\" src=\"https:\/\/natoura.si\/wp-content\/uploads\/2020\/08\/7.-dan.gif\" class=\"attachment-large size-large wp-image-2940\" alt=\"\" \/>\t\t\t\t\t\t\t\t\t\t\t\t\t\t\t<\/div>\n\t\t\t\t<\/div>\n\t\t\t\t<div class=\"elementor-element elementor-element-f73ba6b elementor-widget elementor-widget-image\" data-id=\"f73ba6b\" data-element_type=\"widget\" data-e-type=\"widget\" data-widget_type=\"image.default\">\n\t\t\t\t<div class=\"elementor-widget-container\">\n\t\t\t\t\t\t\t\t\t\t\t\t\t\t\t<img decoding=\"async\" width=\"1024\" height=\"575\" src=\"https:\/\/natoura.si\/wp-content\/uploads\/2020\/07\/Kreta-naslovna-1024x575.gif\" class=\"attachment-large size-large wp-image-2691\" alt=\"\" srcset=\"https:\/\/natoura.si\/wp-content\/uploads\/2020\/07\/Kreta-naslovna-1024x575.gif 1024w, https:\/\/natoura.si\/wp-content\/uploads\/2020\/07\/Kreta-naslovna-300x169.gif 300w, https:\/\/natoura.si\/wp-content\/uploads\/2020\/07\/Kreta-naslovna-768x432.gif 768w\" sizes=\"(max-width: 1024px) 100vw, 1024px\" \/>\t\t\t\t\t\t\t\t\t\t\t\t\t\t\t<\/div>\n\t\t\t\t<\/div>\n\t\t\t\t\t<\/div>\n\t\t<\/div>\n\t\t\t\t\t<\/div>\n\t\t<\/section>\n\t\t\t\t<section class=\"elementor-section elementor-top-section elementor-element elementor-element-b8b09b7 elementor-section-boxed elementor-section-height-default elementor-section-height-default\" data-id=\"b8b09b7\" data-element_type=\"section\" data-e-type=\"section\">\n\t\t\t\t\t\t<div class=\"elementor-container elementor-column-gap-default\">\n\t\t\t\t\t<div class=\"elementor-column elementor-col-33 elementor-top-column elementor-element elementor-element-0044fd2\" data-id=\"0044fd2\" data-element_type=\"column\" data-e-type=\"column\">\n\t\t\t<div class=\"elementor-widget-wrap elementor-element-populated\">\n\t\t\t\t\t\t<div class=\"elementor-element elementor-element-7bcdee1 elementor-widget elementor-widget-image\" data-id=\"7bcdee1\" data-element_type=\"widget\" data-e-type=\"widget\" data-widget_type=\"image.default\">\n\t\t\t\t<div class=\"elementor-widget-container\">\n\t\t\t\t\t\t\t\t\t\t\t\t\t\t\t<img loading=\"lazy\" decoding=\"async\" width=\"800\" height=\"800\" src=\"https:\/\/natoura.si\/wp-content\/uploads\/2020\/07\/Margarites-tomb.gif\" class=\"attachment-large size-large wp-image-2701\" alt=\"\" \/>\t\t\t\t\t\t\t\t\t\t\t\t\t\t\t<\/div>\n\t\t\t\t<\/div>\n\t\t\t\t<div class=\"elementor-element elementor-element-5c25f55 elementor-widget elementor-widget-image\" data-id=\"5c25f55\" data-element_type=\"widget\" data-e-type=\"widget\" data-widget_type=\"image.default\">\n\t\t\t\t<div class=\"elementor-widget-container\">\n\t\t\t\t\t\t\t\t\t\t\t\t\t\t\t<img loading=\"lazy\" decoding=\"async\" width=\"800\" height=\"800\" src=\"https:\/\/natoura.si\/wp-content\/uploads\/2022\/01\/Preveli.gif\" class=\"attachment-large size-large wp-image-7367\" alt=\"\" \/>\t\t\t\t\t\t\t\t\t\t\t\t\t\t\t<\/div>\n\t\t\t\t<\/div>\n\t\t\t\t\t<\/div>\n\t\t<\/div>\n\t\t\t\t<div class=\"elementor-column elementor-col-66 elementor-top-column elementor-element elementor-element-8b3d99f\" data-id=\"8b3d99f\" data-element_type=\"column\" data-e-type=\"column\">\n\t\t\t<div class=\"elementor-widget-wrap elementor-element-populated\">\n\t\t\t\t\t\t<div class=\"elementor-element elementor-element-8c049e0 elementor-widget elementor-widget-text-editor\" data-id=\"8c049e0\" data-element_type=\"widget\" data-e-type=\"widget\" data-widget_type=\"text-editor.default\">\n\t\t\t\t<div class=\"elementor-widget-container\">\n\t\t\t\t\t\t\t\t\t<p><span style=\"font-family: Poppins; color: #ffffff;\">3. dan<\/span><\/p><p><span style=\"color: #ffffff;\">Po zajtrku nas bo pot vodila skozi vas Perama proti jugu in prvi postanek bo med nasadi oljk, od koder se bomo sprehodili do \u010dudovito ohranjene minojske grobnice s kupolasto streho, zgrajeno s tehniko suhozida. Sledila bo vo\u017enja do vasi Margarites, ki je znana po keramiki in tam bo tudi prilo\u017enost za kraj\u0161i nakup. Sledila bo vo\u017enja do vasi Armeni, kjer se nahaja minojsko pokopali\u0161\u010de s \u0161tevilnimi ohranjenimi grobnicami razli\u010dnih oblik v hrastovem gaju.<\/span><\/p><p><span style=\"color: #ffffff;\">Sledila bo vo\u017enja skozi \u010dudovit kra\u0161ki kanjon Kourtaliotiko proti samostanu Preveli. Tam se bomo po stopnicah spustili do pla\u017ee Preveli, kjer se iz kanjona v morje izliva istoimenska reka, ob re\u010dnem izlivu pa uspeva gozd avtohtonih endemi\u010dnih Teofrastovih palm (<em>Phoenix theophrastii<\/em>). Sprehodili se bomo po palmovem gozdu, nato pa bo nekaj prostega \u010dasa za kopanje v morju in posedanju v taverni pod palmami. Sledila bo vo\u017enja v hotel v Bal\u00ed, kjer bo ve\u010derja in preno\u010devanje.<\/span><\/p>\t\t\t\t\t\t\t\t<\/div>\n\t\t\t\t<\/div>\n\t\t\t\t\t<\/div>\n\t\t<\/div>\n\t\t\t\t\t<\/div>\n\t\t<\/section>\n\t\t\t\t<section class=\"elementor-section elementor-top-section elementor-element elementor-element-5245807 elementor-section-boxed elementor-section-height-default elementor-section-height-default\" data-id=\"5245807\" data-element_type=\"section\" data-e-type=\"section\">\n\t\t\t\t\t\t<div class=\"elementor-container elementor-column-gap-default\">\n\t\t\t\t\t<div class=\"elementor-column elementor-col-66 elementor-top-column elementor-element elementor-element-7e08ab4\" data-id=\"7e08ab4\" data-element_type=\"column\" data-e-type=\"column\">\n\t\t\t<div class=\"elementor-widget-wrap elementor-element-populated\">\n\t\t\t\t\t\t<div class=\"elementor-element elementor-element-66c3f7b elementor-widget elementor-widget-text-editor\" data-id=\"66c3f7b\" data-element_type=\"widget\" data-e-type=\"widget\" data-widget_type=\"text-editor.default\">\n\t\t\t\t<div class=\"elementor-widget-container\">\n\t\t\t\t\t\t\t\t\t<p><span style=\"font-family: Poppins; color: #ffffff;\">4. dan<\/span><\/p><p>Zadnji dan raziskovanja Krete bo namenjen vodi. Na Kreti, kjer v veliki meri prevladuje kras, so bili vodni viri od nekdaj zelo pomembni. Vodo so neko\u010d uporabljali tudi za poganjanje mlinov in zelo lep primer se nahaja v soteski Mili, kjer se nahajajo \u0161tevilne ru\u0161evine mlinov, ki so bili opu\u0161\u010deni sredi 20. stoletja. Sprehodili se bomo po soteski in ob ru\u0161evinah nekdanje vasi spoznavali sredozemsko vegetacijo, ki je zna\u010dilna ob vodotokih, \u0161tevilne tolmune in slapi\u010de. Od tam se bomo odpeljali do vasi Argiouropoli, kjer se je neko\u010d nahajalo anti\u010dno gr\u0161ko mesto. Sprehodili se bomo po vasi in se spustili do \u0161tevilnih izvirov, kjer se danes nahajajo \u0161tevilne ribje restavracije (mo\u017enost kosila). Pot bomo nato nadaljevali do najve\u010djega naravnega jezera na Kreti, Kournas. Danes zelo priljubljena turisti\u010dna to\u010dka omogo\u010da kopanje, pa tudi raziskovanje tamkaj\u0161nje flore in favne. Sledila bo vo\u017enja v mesto Rethymn\u00f3, kjer bo kratek ogled starega mestnega jedra in nato \u0161e nekaj prostega \u010dasa za samostojno raziskovanje in nakupovanje. Sledila bo vo\u017enja do hotela v Bal\u00ed, ve\u010derja in preno\u010devanje.<\/p>\t\t\t\t\t\t\t\t<\/div>\n\t\t\t\t<\/div>\n\t\t\t\t\t<\/div>\n\t\t<\/div>\n\t\t\t\t<div class=\"elementor-column elementor-col-33 elementor-top-column elementor-element elementor-element-ecdf113\" data-id=\"ecdf113\" data-element_type=\"column\" data-e-type=\"column\">\n\t\t\t<div class=\"elementor-widget-wrap elementor-element-populated\">\n\t\t\t\t\t\t<div class=\"elementor-element elementor-element-8a976f8 elementor-widget elementor-widget-image\" data-id=\"8a976f8\" data-element_type=\"widget\" data-e-type=\"widget\" data-widget_type=\"image.default\">\n\t\t\t\t<div class=\"elementor-widget-container\">\n\t\t\t\t\t\t\t\t\t\t\t\t\t\t\t<img loading=\"lazy\" decoding=\"async\" width=\"800\" height=\"800\" src=\"https:\/\/natoura.si\/wp-content\/uploads\/2020\/08\/IMG_1345.gif\" class=\"attachment-large size-large wp-image-2959\" alt=\"\" \/>\t\t\t\t\t\t\t\t\t\t\t\t\t\t\t<\/div>\n\t\t\t\t<\/div>\n\t\t\t\t<div class=\"elementor-element elementor-element-89bb294 elementor-widget elementor-widget-image\" data-id=\"89bb294\" data-element_type=\"widget\" data-e-type=\"widget\" data-widget_type=\"image.default\">\n\t\t\t\t<div class=\"elementor-widget-container\">\n\t\t\t\t\t\t\t\t\t\t\t\t\t\t\t<img loading=\"lazy\" decoding=\"async\" width=\"800\" height=\"800\" src=\"https:\/\/natoura.si\/wp-content\/uploads\/2020\/07\/Rethymno.gif\" class=\"attachment-large size-large wp-image-2704\" alt=\"\" \/>\t\t\t\t\t\t\t\t\t\t\t\t\t\t\t<\/div>\n\t\t\t\t<\/div>\n\t\t\t\t\t<\/div>\n\t\t<\/div>\n\t\t\t\t\t<\/div>\n\t\t<\/section>\n\t\t\t\t<section class=\"elementor-section elementor-top-section elementor-element elementor-element-8ad00cc elementor-section-boxed elementor-section-height-default elementor-section-height-default\" data-id=\"8ad00cc\" data-element_type=\"section\" data-e-type=\"section\">\n\t\t\t\t\t\t<div class=\"elementor-container elementor-column-gap-default\">\n\t\t\t\t\t<div class=\"elementor-column elementor-col-33 elementor-top-column elementor-element elementor-element-86dbb11\" data-id=\"86dbb11\" data-element_type=\"column\" data-e-type=\"column\">\n\t\t\t<div class=\"elementor-widget-wrap elementor-element-populated\">\n\t\t\t\t\t\t<div class=\"elementor-element elementor-element-59f1fa1 elementor-widget elementor-widget-image\" data-id=\"59f1fa1\" data-element_type=\"widget\" data-e-type=\"widget\" data-widget_type=\"image.default\">\n\t\t\t\t<div class=\"elementor-widget-container\">\n\t\t\t\t\t\t\t\t\t\t\t\t\t\t\t<img loading=\"lazy\" decoding=\"async\" width=\"800\" height=\"800\" src=\"https:\/\/natoura.si\/wp-content\/uploads\/2021\/09\/Kreta.gif\" class=\"attachment-large size-large wp-image-5141\" alt=\"\" \/>\t\t\t\t\t\t\t\t\t\t\t\t\t\t\t<\/div>\n\t\t\t\t<\/div>\n\t\t\t\t\t<\/div>\n\t\t<\/div>\n\t\t\t\t<div class=\"elementor-column elementor-col-66 elementor-top-column elementor-element elementor-element-20bcfb7\" data-id=\"20bcfb7\" data-element_type=\"column\" data-e-type=\"column\">\n\t\t\t<div class=\"elementor-widget-wrap elementor-element-populated\">\n\t\t\t\t\t\t<div class=\"elementor-element elementor-element-fd24291 elementor-widget elementor-widget-text-editor\" data-id=\"fd24291\" data-element_type=\"widget\" data-e-type=\"widget\" data-widget_type=\"text-editor.default\">\n\t\t\t\t<div class=\"elementor-widget-container\">\n\t\t\t\t\t\t\t\t\t<p><span style=\"color: #ffffff;\">5. dan<\/span><\/p><p><span style=\"color: #ffffff;\">Zjutraj transfer iz hotela do letali\u0161\u010da Heraklion. Let preko vmesnega letali\u0161\u010da na Brnik.<\/span><\/p>\t\t\t\t\t\t\t\t<\/div>\n\t\t\t\t<\/div>\n\t\t\t\t\t<\/div>\n\t\t<\/div>\n\t\t\t\t\t<\/div>\n\t\t<\/section>\n\t\t\t\t<section class=\"elementor-section elementor-top-section elementor-element elementor-element-b82a39f elementor-section-boxed elementor-section-height-default elementor-section-height-default\" data-id=\"b82a39f\" data-element_type=\"section\" data-e-type=\"section\">\n\t\t\t\t\t\t<div class=\"elementor-container elementor-column-gap-default\">\n\t\t\t\t\t<div class=\"elementor-column elementor-col-100 elementor-top-column elementor-element elementor-element-a036de3\" data-id=\"a036de3\" data-element_type=\"column\" data-e-type=\"column\">\n\t\t\t<div class=\"elementor-widget-wrap elementor-element-populated\">\n\t\t\t\t\t\t<div class=\"elementor-element elementor-element-ec3f929 elementor-widget elementor-widget-text-editor\" data-id=\"ec3f929\" data-element_type=\"widget\" data-e-type=\"widget\" data-widget_type=\"text-editor.default\">\n\t\t\t\t<div class=\"elementor-widget-container\">\n\t\t\t\t\t\t\t\t\t<p><span style=\"font-family: Poppins; color: #ffffff;\">Vodstvo: Janja Benedik.<\/span><\/p>\t\t\t\t\t\t\t\t<\/div>\n\t\t\t\t<\/div>\n\t\t\t\t\t<\/div>\n\t\t<\/div>\n\t\t\t\t\t<\/div>\n\t\t<\/section>\n\t\t\t\t<section class=\"elementor-section elementor-top-section elementor-element elementor-element-5ffab85 elementor-section-boxed elementor-section-height-default elementor-section-height-default\" data-id=\"5ffab85\" data-element_type=\"section\" data-e-type=\"section\">\n\t\t\t\t\t\t<div class=\"elementor-container elementor-column-gap-default\">\n\t\t\t\t\t<div class=\"elementor-column elementor-col-100 elementor-top-column elementor-element elementor-element-7b795d5\" data-id=\"7b795d5\" data-element_type=\"column\" data-e-type=\"column\">\n\t\t\t<div class=\"elementor-widget-wrap elementor-element-populated\">\n\t\t\t\t\t\t<div class=\"elementor-element elementor-element-e70fe8c elementor-widget elementor-widget-text-editor\" data-id=\"e70fe8c\" data-element_type=\"widget\" data-e-type=\"widget\" data-widget_type=\"text-editor.default\">\n\t\t\t\t<div class=\"elementor-widget-container\">\n\t\t\t\t\t\t\t\t\t<p><span style=\"color: #ffffff;\"><span style=\"font-family: Poppins;\"><a style=\"color: #ffffff;\" href=\"https:\/\/natoura.si\/splosni-pogoji-poslovanja\/\">S<\/a><\/span><span style=\"font-family: Poppins;\"><a style=\"color: #ffffff;\" href=\"https:\/\/natoura.si\/splosni-pogoji-poslovanja\/\">plo\u0161ni pogoji poslovanja<\/a><\/span><span style=\"font-family: Poppins;\"> so sestavni del programa. Na voljo so na spletni strani https:\/\/natoura.si.<\/span><\/span><\/p><p><span style=\"font-family: Poppins; color: #ffffff;\">Avtorica programa in fotografij: \u00a9 Janja Benedik.<\/span><\/p><p><span style=\"font-family: Poppins; color: #ffffff;\">Organizator in izvajalec izleta: \u00a9 naTOURa, Janja Benedik, s. p. , 2026.<\/span><\/p><p><strong>\u00a0<\/strong><\/p>\t\t\t\t\t\t\t\t<\/div>\n\t\t\t\t<\/div>\n\t\t\t\t\t<\/div>\n\t\t<\/div>\n\t\t\t\t\t<\/div>\n\t\t<\/section>\n\t\t\t\t<\/div>\n\t\t","protected":false},"excerpt":{"rendered":"<p>1. dan Let Ljubljana &#8211; Heraklion preko vmesnega letali\u0161\u010da. Transfer do hotela v vasi Bal\u00ed. \u00a0 2. dan Po zajtrku se bomo po kretskem pode\u017eeljuTour Details<\/p>\n","protected":false},"author":1,"featured_media":2691,"parent":0,"menu_order":0,"comment_status":"closed","ping_status":"closed","template":"","meta":{"footnotes":""},"class_list":["post-17330","page","type-page","status-publish","has-post-thumbnail","hentry"],"_links":{"self":[{"href":"https:\/\/natoura.si\/sl_si\/wp-json\/wp\/v2\/pages\/17330","targetHints":{"allow":["GET"]}}],"collection":[{"href":"https:\/\/natoura.si\/sl_si\/wp-json\/wp\/v2\/pages"}],"about":[{"href":"https:\/\/natoura.si\/sl_si\/wp-json\/wp\/v2\/types\/page"}],"author":[{"embeddable":true,"href":"https:\/\/natoura.si\/sl_si\/wp-json\/wp\/v2\/users\/1"}],"replies":[{"embeddable":true,"href":"https:\/\/natoura.si\/sl_si\/wp-json\/wp\/v2\/comments?post=17330"}],"version-history":[{"count":13,"href":"https:\/\/natoura.si\/sl_si\/wp-json\/wp\/v2\/pages\/17330\/revisions"}],"predecessor-version":[{"id":17345,"href":"https:\/\/natoura.si\/sl_si\/wp-json\/wp\/v2\/pages\/17330\/revisions\/17345"}],"wp:featuredmedia":[{"embeddable":true,"href":"https:\/\/natoura.si\/sl_si\/wp-json\/wp\/v2\/media\/2691"}],"wp:attachment":[{"href":"https:\/\/natoura.si\/sl_si\/wp-json\/wp\/v2\/media?parent=17330"}],"curies":[{"name":"wp","href":"https:\/\/api.w.org\/{rel}","templated":true}]}}