{"id":17272,"date":"2026-02-20T09:56:08","date_gmt":"2026-02-20T09:56:08","guid":{"rendered":"https:\/\/natoura.si\/?page_id=17272"},"modified":"2026-02-20T11:23:39","modified_gmt":"2026-02-20T11:23:39","slug":"istra-pmz-program","status":"publish","type":"page","link":"https:\/\/natoura.si\/sl_si\/istra-pmz-program\/","title":{"rendered":"Istra &#8211; PMZ &#8211; program"},"content":{"rendered":"\t\t<div data-elementor-type=\"wp-page\" data-elementor-id=\"17272\" class=\"elementor elementor-17272\" data-elementor-post-type=\"page\">\n\t\t\t\t\t\t<section class=\"elementor-section elementor-top-section elementor-element elementor-element-9f428d8 elementor-section-boxed elementor-section-height-default elementor-section-height-default\" data-id=\"9f428d8\" data-element_type=\"section\" data-e-type=\"section\">\n\t\t\t\t\t\t<div class=\"elementor-container elementor-column-gap-default\">\n\t\t\t\t\t<div class=\"elementor-column elementor-col-33 elementor-top-column elementor-element elementor-element-43b258c\" data-id=\"43b258c\" data-element_type=\"column\" data-e-type=\"column\">\n\t\t\t<div class=\"elementor-widget-wrap elementor-element-populated\">\n\t\t\t\t\t\t<div class=\"elementor-element elementor-element-7408ada elementor-widget elementor-widget-image\" data-id=\"7408ada\" data-element_type=\"widget\" data-e-type=\"widget\" data-widget_type=\"image.default\">\n\t\t\t\t<div class=\"elementor-widget-container\">\n\t\t\t\t\t\t\t\t\t\t\t\t\t\t\t<img fetchpriority=\"high\" decoding=\"async\" width=\"800\" height=\"800\" src=\"https:\/\/natoura.si\/wp-content\/uploads\/2025\/12\/Slap-Sopot.gif\" class=\"attachment-large size-large wp-image-16791\" alt=\"\" \/>\t\t\t\t\t\t\t\t\t\t\t\t\t\t\t<\/div>\n\t\t\t\t<\/div>\n\t\t\t\t\t<\/div>\n\t\t<\/div>\n\t\t\t\t<div class=\"elementor-column elementor-col-33 elementor-top-column elementor-element elementor-element-e297698\" data-id=\"e297698\" data-element_type=\"column\" data-e-type=\"column\">\n\t\t\t<div class=\"elementor-widget-wrap elementor-element-populated\">\n\t\t\t\t\t\t<div class=\"elementor-element elementor-element-77a343d elementor-widget elementor-widget-image\" data-id=\"77a343d\" data-element_type=\"widget\" data-e-type=\"widget\" data-widget_type=\"image.default\">\n\t\t\t\t<div class=\"elementor-widget-container\">\n\t\t\t\t\t\t\t\t\t\t\t\t\t\t\t<img decoding=\"async\" width=\"800\" height=\"800\" src=\"https:\/\/natoura.si\/wp-content\/uploads\/2026\/02\/Istra-orhideja.gif\" class=\"attachment-large size-large wp-image-17278\" alt=\"\" \/>\t\t\t\t\t\t\t\t\t\t\t\t\t\t\t<\/div>\n\t\t\t\t<\/div>\n\t\t\t\t\t<\/div>\n\t\t<\/div>\n\t\t\t\t<div class=\"elementor-column elementor-col-33 elementor-top-column elementor-element elementor-element-c49b563\" data-id=\"c49b563\" data-element_type=\"column\" data-e-type=\"column\">\n\t\t\t<div class=\"elementor-widget-wrap elementor-element-populated\">\n\t\t\t\t\t\t<div class=\"elementor-element elementor-element-1c01bf9 elementor-widget elementor-widget-image\" data-id=\"1c01bf9\" data-element_type=\"widget\" data-e-type=\"widget\" data-widget_type=\"image.default\">\n\t\t\t\t<div class=\"elementor-widget-container\">\n\t\t\t\t\t\t\t\t\t\t\t\t\t\t\t<img decoding=\"async\" width=\"800\" height=\"800\" src=\"https:\/\/natoura.si\/wp-content\/uploads\/2026\/02\/Vela-Draga.gif\" class=\"attachment-large size-large wp-image-17280\" alt=\"\" \/>\t\t\t\t\t\t\t\t\t\t\t\t\t\t\t<\/div>\n\t\t\t\t<\/div>\n\t\t\t\t\t<\/div>\n\t\t<\/div>\n\t\t\t\t\t<\/div>\n\t\t<\/section>\n\t\t\t\t<section class=\"elementor-section elementor-top-section elementor-element elementor-element-63d74cf elementor-section-boxed elementor-section-height-default elementor-section-height-default\" data-id=\"63d74cf\" data-element_type=\"section\" data-e-type=\"section\">\n\t\t\t\t\t\t<div class=\"elementor-container elementor-column-gap-default\">\n\t\t\t\t\t<div class=\"elementor-column elementor-col-100 elementor-top-column elementor-element elementor-element-468302d\" data-id=\"468302d\" data-element_type=\"column\" data-e-type=\"column\">\n\t\t\t<div class=\"elementor-widget-wrap elementor-element-populated\">\n\t\t\t\t\t\t<div class=\"elementor-element elementor-element-e23ee78 elementor-widget elementor-widget-text-editor\" data-id=\"e23ee78\" data-element_type=\"widget\" data-e-type=\"widget\" data-widget_type=\"text-editor.default\">\n\t\t\t\t<div class=\"elementor-widget-container\">\n\t\t\t\t\t\t\t\t\t<p><span style=\"font-family: Poppins;\"><span style=\"color: #9dbc55; font-size: 16px;\">1. dan: torek, 12. maj 2026<\/span><\/span><\/p><p><span style=\"color: #ffffff;\">Zjutraj vo\u017enja iz Ljubljano v slovensko Istro do vasi Sokoli\u010di, od koder se bomo pe\u0161 podali do slapa Veli Vir (skupaj 2 km hoje, pribli. 80 m vi\u0161inske razlike). Sledila bo vo\u017enja pod vno\u017eje gore U\u010dka do kanjona Vela Draga, kjer bo kratek sprehod do njegovega roba. Med potjo bomo lahko opazovali \u0161tevilne fosile, ki so se ohranili v tamkaj\u0161njem apnencu. Pot nas bo nato vodila proti jugu do vasi \u0160umber, kjer si bomo ogledali lapornate sipine. Dan bomo zaklju\u010dili v hotelu v Maslinici, kjer bo ve\u010derja in preno\u010devanje.<\/span><\/p>\t\t\t\t\t\t\t\t<\/div>\n\t\t\t\t<\/div>\n\t\t\t\t\t<\/div>\n\t\t<\/div>\n\t\t\t\t\t<\/div>\n\t\t<\/section>\n\t\t\t\t<section class=\"elementor-section elementor-top-section elementor-element elementor-element-6be9738 elementor-section-boxed elementor-section-height-default elementor-section-height-default\" data-id=\"6be9738\" data-element_type=\"section\" data-e-type=\"section\">\n\t\t\t\t\t\t<div class=\"elementor-container elementor-column-gap-default\">\n\t\t\t\t\t<div class=\"elementor-column elementor-col-100 elementor-top-column elementor-element elementor-element-fb6de88\" data-id=\"fb6de88\" data-element_type=\"column\" data-e-type=\"column\">\n\t\t\t<div class=\"elementor-widget-wrap elementor-element-populated\">\n\t\t\t\t\t\t<div class=\"elementor-element elementor-element-e5c16b1 elementor-widget elementor-widget-text-editor\" data-id=\"e5c16b1\" data-element_type=\"widget\" data-e-type=\"widget\" data-widget_type=\"text-editor.default\">\n\t\t\t\t<div class=\"elementor-widget-container\">\n\t\t\t\t\t\t\t\t\t<p><span style=\"font-family: Poppins;\"><span style=\"color: #9db958; font-size: 16px;\">2. dan: sreda, 13. maj 2026<\/span><\/span><\/p><p><span style=\"color: #ffffff;\">Po zajtrku se bomo odpeljali do cerkvice Sv. Fo\u0161ka med Perojem in Barbarigo ter se sprehodili do treh zna\u010dilnih istrskih ka\u017eunov, zgrajenih s tehniko suhozida. Med potjo bomo morda imeli sre\u010do in na\u0161li cveto\u010de orhideje. Sledila bo vo\u017enja proti Rovinju do arheolo\u0161kega nahajali\u0161\u010da Monkodonja, ki velja za eno najstarej\u0161ih in najve\u010djih utrjenih naselbin v Istri. Ogledali si bomo ostanke naselbine in delne rekonstrukcije ter spregovorili o povezanosti na\u010dina poselitve in kra\u0161ko pokrajino. Na\u0161a naslednja postaja bo Dvigrad, zapu\u0161\u010deno srednjeve\u0161ko mesto. Sprehodili se bomo po zapu\u0161\u010denih ulicah in u\u017eivali v pogledu na Limski kanal, potopljeno kra\u0161ko dolino, na katero bomo imeli lep pogled kasneje \u0161e z druge strani, ko se bomo po regionalni cesti dvignili nad njega. Pred leti so v jamah na pobo\u010djih nad Limskim kanalom na\u0161li \u0161tevilne zanimive najdbe in jamske poslikave. Dokaz, da se res nahajamo na krasu, bo \u0161e zadnji ogled in sicer se bomo podali v podzemlje jame Mramornica, ki velja za eno ve\u010djih in lep\u0161ih na obmo\u010dju Istre. Sledila bo pot proti sloveniji, kjer si bomo na kme\u010dkem turizmu v osr\u010dju slovenskega krasa privo\u0161\u010dili zaklju\u010dno pozno kosilo, nato pa se bomo vrnili v Ljubljano.\u00a0<\/span><\/p>\t\t\t\t\t\t\t\t<\/div>\n\t\t\t\t<\/div>\n\t\t\t\t\t<\/div>\n\t\t<\/div>\n\t\t\t\t\t<\/div>\n\t\t<\/section>\n\t\t\t\t<section class=\"elementor-section elementor-top-section elementor-element elementor-element-2a58935 elementor-section-boxed elementor-section-height-default elementor-section-height-default\" data-id=\"2a58935\" data-element_type=\"section\" data-e-type=\"section\">\n\t\t\t\t\t\t<div class=\"elementor-container elementor-column-gap-default\">\n\t\t\t\t\t<div class=\"elementor-column elementor-col-33 elementor-top-column elementor-element elementor-element-500fb5d\" data-id=\"500fb5d\" data-element_type=\"column\" data-e-type=\"column\">\n\t\t\t<div class=\"elementor-widget-wrap elementor-element-populated\">\n\t\t\t\t\t\t<div class=\"elementor-element elementor-element-cccb775 elementor-widget elementor-widget-image\" data-id=\"cccb775\" data-element_type=\"widget\" data-e-type=\"widget\" data-widget_type=\"image.default\">\n\t\t\t\t<div class=\"elementor-widget-container\">\n\t\t\t\t\t\t\t\t\t\t\t\t\t\t\t<img loading=\"lazy\" decoding=\"async\" width=\"800\" height=\"800\" src=\"https:\/\/natoura.si\/wp-content\/uploads\/2025\/12\/Kazun.gif\" class=\"attachment-large size-large wp-image-16799\" alt=\"\" \/>\t\t\t\t\t\t\t\t\t\t\t\t\t\t\t<\/div>\n\t\t\t\t<\/div>\n\t\t\t\t\t<\/div>\n\t\t<\/div>\n\t\t\t\t<div class=\"elementor-column elementor-col-33 elementor-top-column elementor-element elementor-element-c4beca7\" data-id=\"c4beca7\" data-element_type=\"column\" data-e-type=\"column\">\n\t\t\t<div class=\"elementor-widget-wrap elementor-element-populated\">\n\t\t\t\t\t\t<div class=\"elementor-element elementor-element-95d379a elementor-widget elementor-widget-image\" data-id=\"95d379a\" data-element_type=\"widget\" data-e-type=\"widget\" data-widget_type=\"image.default\">\n\t\t\t\t<div class=\"elementor-widget-container\">\n\t\t\t\t\t\t\t\t\t\t\t\t\t\t\t<img loading=\"lazy\" decoding=\"async\" width=\"800\" height=\"800\" src=\"https:\/\/natoura.si\/wp-content\/uploads\/2026\/02\/Istra-orhideja2.gif\" class=\"attachment-large size-large wp-image-17279\" alt=\"\" \/>\t\t\t\t\t\t\t\t\t\t\t\t\t\t\t<\/div>\n\t\t\t\t<\/div>\n\t\t\t\t\t<\/div>\n\t\t<\/div>\n\t\t\t\t<div class=\"elementor-column elementor-col-33 elementor-top-column elementor-element elementor-element-644de4d\" data-id=\"644de4d\" data-element_type=\"column\" data-e-type=\"column\">\n\t\t\t<div class=\"elementor-widget-wrap elementor-element-populated\">\n\t\t\t\t\t\t<div class=\"elementor-element elementor-element-4725e74 elementor-widget elementor-widget-image\" data-id=\"4725e74\" data-element_type=\"widget\" data-e-type=\"widget\" data-widget_type=\"image.default\">\n\t\t\t\t<div class=\"elementor-widget-container\">\n\t\t\t\t\t\t\t\t\t\t\t\t\t\t\t<img loading=\"lazy\" decoding=\"async\" width=\"800\" height=\"800\" src=\"https:\/\/natoura.si\/wp-content\/uploads\/2025\/12\/IMG_4735-2.gif\" class=\"attachment-large size-large wp-image-16802\" alt=\"\" \/>\t\t\t\t\t\t\t\t\t\t\t\t\t\t\t<\/div>\n\t\t\t\t<\/div>\n\t\t\t\t\t<\/div>\n\t\t<\/div>\n\t\t\t\t\t<\/div>\n\t\t<\/section>\n\t\t\t\t<section class=\"elementor-section elementor-top-section elementor-element elementor-element-658ba09 elementor-section-boxed elementor-section-height-default elementor-section-height-default\" data-id=\"658ba09\" data-element_type=\"section\" data-e-type=\"section\">\n\t\t\t\t\t\t<div class=\"elementor-container elementor-column-gap-default\">\n\t\t\t\t\t<div class=\"elementor-column elementor-col-100 elementor-top-column elementor-element elementor-element-4498596\" data-id=\"4498596\" data-element_type=\"column\" data-e-type=\"column\">\n\t\t\t<div class=\"elementor-widget-wrap elementor-element-populated\">\n\t\t\t\t\t\t<div class=\"elementor-element elementor-element-2a2d8c9 elementor-widget elementor-widget-text-editor\" data-id=\"2a2d8c9\" data-element_type=\"widget\" data-e-type=\"widget\" data-widget_type=\"text-editor.default\">\n\t\t\t\t<div class=\"elementor-widget-container\">\n\t\t\t\t\t\t\t\t\t<p><span style=\"font-family: Poppins; font-size: 14px; color: #ffffff;\">Avtorica programa in fotografij: \u00a9 Janja Benedik.<\/span><\/p><p><span style=\"color: #ffffff;\"><span style=\"font-family: Poppins; font-size: 14px;\">Organizator in izvajalec programa: \u00a9 <span style=\"font-family: 'Nothing You Could Do';\">naTOURa<\/span>, Janja Benedik s. p., 20<\/span><span style=\"font-family: Poppins; font-size: 14px;\">26.<\/span><\/span><\/p>\t\t\t\t\t\t\t\t<\/div>\n\t\t\t\t<\/div>\n\t\t\t\t\t<\/div>\n\t\t<\/div>\n\t\t\t\t\t<\/div>\n\t\t<\/section>\n\t\t\t\t<\/div>\n\t\t","protected":false},"excerpt":{"rendered":"<p>1. dan: torek, 12. maj 2026 Zjutraj vo\u017enja iz Ljubljano v slovensko Istro do vasi Sokoli\u010di, od koder se bomo pe\u0161 podali do slapa VeliTour Details<\/p>\n","protected":false},"author":1,"featured_media":16787,"parent":0,"menu_order":0,"comment_status":"closed","ping_status":"closed","template":"","meta":{"footnotes":""},"class_list":["post-17272","page","type-page","status-publish","has-post-thumbnail","hentry"],"_links":{"self":[{"href":"https:\/\/natoura.si\/sl_si\/wp-json\/wp\/v2\/pages\/17272","targetHints":{"allow":["GET"]}}],"collection":[{"href":"https:\/\/natoura.si\/sl_si\/wp-json\/wp\/v2\/pages"}],"about":[{"href":"https:\/\/natoura.si\/sl_si\/wp-json\/wp\/v2\/types\/page"}],"author":[{"embeddable":true,"href":"https:\/\/natoura.si\/sl_si\/wp-json\/wp\/v2\/users\/1"}],"replies":[{"embeddable":true,"href":"https:\/\/natoura.si\/sl_si\/wp-json\/wp\/v2\/comments?post=17272"}],"version-history":[{"count":7,"href":"https:\/\/natoura.si\/sl_si\/wp-json\/wp\/v2\/pages\/17272\/revisions"}],"predecessor-version":[{"id":17283,"href":"https:\/\/natoura.si\/sl_si\/wp-json\/wp\/v2\/pages\/17272\/revisions\/17283"}],"wp:featuredmedia":[{"embeddable":true,"href":"https:\/\/natoura.si\/sl_si\/wp-json\/wp\/v2\/media\/16787"}],"wp:attachment":[{"href":"https:\/\/natoura.si\/sl_si\/wp-json\/wp\/v2\/media?parent=17272"}],"curies":[{"name":"wp","href":"https:\/\/api.w.org\/{rel}","templated":true}]}}