{"id":17093,"date":"2026-02-08T07:56:32","date_gmt":"2026-02-08T07:56:32","guid":{"rendered":"https:\/\/natoura.si\/?page_id=17093"},"modified":"2026-02-08T08:29:16","modified_gmt":"2026-02-08T08:29:16","slug":"trst","status":"publish","type":"page","link":"https:\/\/natoura.si\/sl_si\/trst\/","title":{"rendered":"Trst"},"content":{"rendered":"\t\t<div data-elementor-type=\"wp-page\" data-elementor-id=\"17093\" class=\"elementor elementor-17093\" data-elementor-post-type=\"page\">\n\t\t\t\t\t\t<section class=\"elementor-section elementor-top-section elementor-element elementor-element-1a592fa elementor-section-boxed elementor-section-height-default elementor-section-height-default\" data-id=\"1a592fa\" data-element_type=\"section\" data-e-type=\"section\">\n\t\t\t\t\t\t<div class=\"elementor-container elementor-column-gap-default\">\n\t\t\t\t\t<div class=\"elementor-column elementor-col-33 elementor-top-column elementor-element elementor-element-2129ff5\" data-id=\"2129ff5\" data-element_type=\"column\" data-e-type=\"column\">\n\t\t\t<div class=\"elementor-widget-wrap elementor-element-populated\">\n\t\t\t\t\t\t<div class=\"elementor-element elementor-element-1ecca60 elementor-widget elementor-widget-image\" data-id=\"1ecca60\" data-element_type=\"widget\" data-e-type=\"widget\" data-widget_type=\"image.default\">\n\t\t\t\t<div class=\"elementor-widget-container\">\n\t\t\t\t\t\t\t\t\t\t\t\t\t\t\t<img decoding=\"async\" src=\"https:\/\/natoura.si\/wp-content\/uploads\/2026\/02\/Muzej-Ant-1.gif\" title=\"Muzej Ant 1\" alt=\"Muzej Ant 1\" loading=\"lazy\" \/>\t\t\t\t\t\t\t\t\t\t\t\t\t\t\t<\/div>\n\t\t\t\t<\/div>\n\t\t\t\t\t<\/div>\n\t\t<\/div>\n\t\t\t\t<div class=\"elementor-column elementor-col-33 elementor-top-column elementor-element elementor-element-27e23d7\" data-id=\"27e23d7\" data-element_type=\"column\" data-e-type=\"column\">\n\t\t\t<div class=\"elementor-widget-wrap elementor-element-populated\">\n\t\t\t\t\t\t<div class=\"elementor-element elementor-element-040afdf elementor-widget elementor-widget-image\" data-id=\"040afdf\" data-element_type=\"widget\" data-e-type=\"widget\" data-widget_type=\"image.default\">\n\t\t\t\t<div class=\"elementor-widget-container\">\n\t\t\t\t\t\t\t\t\t\t\t\t\t\t\t<img fetchpriority=\"high\" decoding=\"async\" width=\"800\" height=\"800\" src=\"https:\/\/natoura.si\/wp-content\/uploads\/2026\/02\/Muzej-Ant-2.gif\" class=\"attachment-large size-large wp-image-17097\" alt=\"\" \/>\t\t\t\t\t\t\t\t\t\t\t\t\t\t\t<\/div>\n\t\t\t\t<\/div>\n\t\t\t\t\t<\/div>\n\t\t<\/div>\n\t\t\t\t<div class=\"elementor-column elementor-col-33 elementor-top-column elementor-element elementor-element-0e97601\" data-id=\"0e97601\" data-element_type=\"column\" data-e-type=\"column\">\n\t\t\t<div class=\"elementor-widget-wrap elementor-element-populated\">\n\t\t\t\t\t\t<div class=\"elementor-element elementor-element-5f7c4cb elementor-widget elementor-widget-image\" data-id=\"5f7c4cb\" data-element_type=\"widget\" data-e-type=\"widget\" data-widget_type=\"image.default\">\n\t\t\t\t<div class=\"elementor-widget-container\">\n\t\t\t\t\t\t\t\t\t\t\t\t\t\t\t<img decoding=\"async\" width=\"800\" height=\"800\" src=\"https:\/\/natoura.si\/wp-content\/uploads\/2026\/02\/PM-Trst-1.gif\" class=\"attachment-large size-large wp-image-17098\" alt=\"\" \/>\t\t\t\t\t\t\t\t\t\t\t\t\t\t\t<\/div>\n\t\t\t\t<\/div>\n\t\t\t\t\t<\/div>\n\t\t<\/div>\n\t\t\t\t\t<\/div>\n\t\t<\/section>\n\t\t\t\t<section class=\"elementor-section elementor-top-section elementor-element elementor-element-be108fd elementor-section-boxed elementor-section-height-default elementor-section-height-default\" data-id=\"be108fd\" data-element_type=\"section\" data-e-type=\"section\">\n\t\t\t\t\t\t<div class=\"elementor-container elementor-column-gap-default\">\n\t\t\t\t\t<div class=\"elementor-column elementor-col-100 elementor-top-column elementor-element elementor-element-0dc05be\" data-id=\"0dc05be\" data-element_type=\"column\" data-e-type=\"column\">\n\t\t\t<div class=\"elementor-widget-wrap elementor-element-populated\">\n\t\t\t\t\t\t<div class=\"elementor-element elementor-element-11e1f2c elementor-widget elementor-widget-text-editor\" data-id=\"11e1f2c\" data-element_type=\"widget\" data-e-type=\"widget\" data-widget_type=\"text-editor.default\">\n\t\t\t\t<div class=\"elementor-widget-container\">\n\t\t\t\t\t\t\t\t\t<p><span style=\"color: #ffffff;\">Ve\u010dina od nas je bila v Trstu \u017ee velikokrat, malokdo pa ve, da sta v tem mestu dva izredno zanimiva muzeja, ki ju bomo tokrat obiskali z vodenim ogledom.\u00a0 Ker muzeja ne nudita vodenja v sloven\u0161\u010dini, nam bo pri prevodu pomagala na\u0161a rojakinja iz Trsta in priznana naravoslovka dr. Marina Pertot.<\/span><\/p><p><span style=\"color: #ffffff;\">V dopoldanskem \u010dasu bomo najprej obiskali Muzej Antarktike, ki predstavlja italijanske raziskovalne odprave na Antarktiko v sredini 80. let prej\u0161njega stoletja. Te raziskave so privedle do nastanka pomembnih zbirk biolo\u0161kih, glaciolo\u0161kih in geolo\u0161kih materialov.<\/span><\/p><p><span style=\"color: #ffffff;\">Po ogledu bo nekaj prostega \u010dasa v sredi\u0161\u010du Trsta za kosilo, kavo ali kratek sprehod.<\/span><\/p><p><span style=\"color: #ffffff;\">V zgodnjih popoldanskih urah se bomo odpeljali v Prirodoslovni muzej, eden najstarej\u0161ih v Italiji, kjer so v sredi\u0161\u010du prav gotovo fosili dinozavrov iz okolice Ribi\u0161ke vasi pri Nabre\u017eini, ki so jih pred nekaj leti z izvorne lokacije prenesli v muzej, kjer je poleg ohranjenih okostij zelo lepo prikazano okolje in razmere, v katerih so \u017eivele te zanimive \u017eivalske vrste. Ker je bil Trst v preteklosti glavno pristani\u0161\u010de Avstro-ogrske, ki je v 19. in v za\u010detku 20. stoletja organizirala \u0161tevilne znanstvene ekspedicije \u0161irom po svetu, si v muzeju lahko ogledamo ogromno materiala, ki so ga takratni raziskovalci v Trst pripeljali od vsepovsod. Izredno bogata je zbirka fosilov iz okolice Trsta, rastlinskih in \u017eivalskih vrst, najdemo pa lahko tudi posebnosti, kot je ve\u010d kot 6.400 let stara \u010dlove\u0161ka \u010deljustnica, v kateri je vidna zobna plomba iz \u010debeljega voska, najstarej\u0161i primer zobozdravstvene oskrbe na svetu. Velika atrakcija je tudi ohranjen beli morski pes, ki so ga ujeli v za\u010detku 20. stoletja v Kvarnerju in velja za najve\u010djega ohranjenega mesojedega morskega psa na svetu.\u00a0<\/span><\/p><p><span style=\"color: #ffffff;\">Muzej torej ponuja \u0161tevilne edinstvene svetovne najdbe in ob zagotovljenem slovenskem prevodu strokovnega vodstva je to zagotovo ve\u010d kot dober razlog za obisk.\u00a0<\/span><\/p>\t\t\t\t\t\t\t\t<\/div>\n\t\t\t\t<\/div>\n\t\t\t\t\t<\/div>\n\t\t<\/div>\n\t\t\t\t\t<\/div>\n\t\t<\/section>\n\t\t\t\t<section class=\"elementor-section elementor-top-section elementor-element elementor-element-9ab7fad elementor-section-boxed elementor-section-height-default elementor-section-height-default\" data-id=\"9ab7fad\" data-element_type=\"section\" data-e-type=\"section\">\n\t\t\t\t\t\t<div class=\"elementor-container elementor-column-gap-default\">\n\t\t\t\t\t<div class=\"elementor-column elementor-col-33 elementor-top-column elementor-element elementor-element-9d51576\" data-id=\"9d51576\" data-element_type=\"column\" data-e-type=\"column\">\n\t\t\t<div class=\"elementor-widget-wrap elementor-element-populated\">\n\t\t\t\t\t\t<div class=\"elementor-element elementor-element-5c25f55 elementor-widget elementor-widget-image\" data-id=\"5c25f55\" data-element_type=\"widget\" data-e-type=\"widget\" data-widget_type=\"image.default\">\n\t\t\t\t<div class=\"elementor-widget-container\">\n\t\t\t\t\t\t\t\t\t\t\t\t\t\t\t<img decoding=\"async\" width=\"800\" height=\"800\" src=\"https:\/\/natoura.si\/wp-content\/uploads\/2026\/02\/PM-Trst-1-1.gif\" class=\"attachment-large size-large wp-image-17099\" alt=\"\" \/>\t\t\t\t\t\t\t\t\t\t\t\t\t\t\t<\/div>\n\t\t\t\t<\/div>\n\t\t\t\t\t<\/div>\n\t\t<\/div>\n\t\t\t\t<div class=\"elementor-column elementor-col-33 elementor-top-column elementor-element elementor-element-5971ce0\" data-id=\"5971ce0\" data-element_type=\"column\" data-e-type=\"column\">\n\t\t\t<div class=\"elementor-widget-wrap elementor-element-populated\">\n\t\t\t\t\t\t<div class=\"elementor-element elementor-element-5a75333 elementor-widget elementor-widget-image\" data-id=\"5a75333\" data-element_type=\"widget\" data-e-type=\"widget\" data-widget_type=\"image.default\">\n\t\t\t\t<div class=\"elementor-widget-container\">\n\t\t\t\t\t\t\t\t\t\t\t\t\t\t\t<img loading=\"lazy\" decoding=\"async\" width=\"800\" height=\"800\" src=\"https:\/\/natoura.si\/wp-content\/uploads\/2026\/02\/PM-Trst-2.gif\" class=\"attachment-large size-large wp-image-17100\" alt=\"\" \/>\t\t\t\t\t\t\t\t\t\t\t\t\t\t\t<\/div>\n\t\t\t\t<\/div>\n\t\t\t\t\t<\/div>\n\t\t<\/div>\n\t\t\t\t<div class=\"elementor-column elementor-col-33 elementor-top-column elementor-element elementor-element-e7bd95f\" data-id=\"e7bd95f\" data-element_type=\"column\" data-e-type=\"column\">\n\t\t\t<div class=\"elementor-widget-wrap elementor-element-populated\">\n\t\t\t\t\t\t<div class=\"elementor-element elementor-element-dc97cc7 elementor-widget elementor-widget-image\" data-id=\"dc97cc7\" data-element_type=\"widget\" data-e-type=\"widget\" data-widget_type=\"image.default\">\n\t\t\t\t<div class=\"elementor-widget-container\">\n\t\t\t\t\t\t\t\t\t\t\t\t\t\t\t<img loading=\"lazy\" decoding=\"async\" width=\"800\" height=\"800\" src=\"https:\/\/natoura.si\/wp-content\/uploads\/2022\/08\/Bruno-gif.gif\" class=\"attachment-large size-large wp-image-12044\" alt=\"\" \/>\t\t\t\t\t\t\t\t\t\t\t\t\t\t\t<\/div>\n\t\t\t\t<\/div>\n\t\t\t\t\t<\/div>\n\t\t<\/div>\n\t\t\t\t\t<\/div>\n\t\t<\/section>\n\t\t\t\t<section class=\"elementor-section elementor-top-section elementor-element elementor-element-b82a39f elementor-section-boxed elementor-section-height-default elementor-section-height-default\" data-id=\"b82a39f\" data-element_type=\"section\" data-e-type=\"section\">\n\t\t\t\t\t\t<div class=\"elementor-container elementor-column-gap-default\">\n\t\t\t\t\t<div class=\"elementor-column elementor-col-100 elementor-top-column elementor-element elementor-element-a036de3\" data-id=\"a036de3\" data-element_type=\"column\" data-e-type=\"column\">\n\t\t\t<div class=\"elementor-widget-wrap elementor-element-populated\">\n\t\t\t\t\t\t<div class=\"elementor-element elementor-element-ec3f929 elementor-widget elementor-widget-text-editor\" data-id=\"ec3f929\" data-element_type=\"widget\" data-e-type=\"widget\" data-widget_type=\"text-editor.default\">\n\t\t\t\t<div class=\"elementor-widget-container\">\n\t\t\t\t\t\t\t\t\t<p><span style=\"font-family: Poppins; color: #ffffff;\">Vodstvo: Janja Benedik\u00a0 in\u00a0 Marina Pertot.<\/span><\/p><p><span style=\"color: #f56450;\">PODROBNEJ\u0160E INFORMACIJE O IZLETU BOSTE PRIJAVLJENI PREJELI PO ELEKTRONSKI PO\u0160TI NEKAJ DNI PRED ODHODOM.<\/span><\/p><div id=\"kpm-root\" class=\"kpm_LTR\">\u00a0<\/div>\t\t\t\t\t\t\t\t<\/div>\n\t\t\t\t<\/div>\n\t\t\t\t\t<\/div>\n\t\t<\/div>\n\t\t\t\t\t<\/div>\n\t\t<\/section>\n\t\t\t\t<section class=\"elementor-section elementor-top-section elementor-element elementor-element-5ffab85 elementor-section-boxed elementor-section-height-default elementor-section-height-default\" data-id=\"5ffab85\" data-element_type=\"section\" data-e-type=\"section\">\n\t\t\t\t\t\t<div class=\"elementor-container elementor-column-gap-default\">\n\t\t\t\t\t<div class=\"elementor-column elementor-col-100 elementor-top-column elementor-element elementor-element-7b795d5\" data-id=\"7b795d5\" data-element_type=\"column\" data-e-type=\"column\">\n\t\t\t<div class=\"elementor-widget-wrap elementor-element-populated\">\n\t\t\t\t\t\t<div class=\"elementor-element elementor-element-e70fe8c elementor-widget elementor-widget-text-editor\" data-id=\"e70fe8c\" data-element_type=\"widget\" data-e-type=\"widget\" data-widget_type=\"text-editor.default\">\n\t\t\t\t<div class=\"elementor-widget-container\">\n\t\t\t\t\t\t\t\t\t<p><span style=\"color: #ffffff;\"><span style=\"font-family: Poppins;\"><a style=\"color: #ffffff;\" href=\"https:\/\/natoura.si\/splosni-pogoji-poslovanja\/\">S<\/a><\/span><span style=\"font-family: Poppins;\"><a style=\"color: #ffffff;\" href=\"https:\/\/natoura.si\/splosni-pogoji-poslovanja\/\">plo\u0161ni pogoji poslovanja<\/a><\/span><span style=\"font-family: Poppins;\"> so <\/span><span style=\"font-family: Poppins;\">sestavni del programa. Na voljo so na spletni strani https:\/\/natoura.si.<\/span><\/span><\/p><p><span style=\"color: #ffffff;\"><span style=\"font-family: Poppins;\">Organizator in izvajalec izleta: \u00a9 naTOURa, Janja Benedik, s. p., <\/span><span style=\"font-family: Poppins;\">2026.<\/span><\/span><\/p><div id=\"kpm-root\" class=\"kpm_LTR\">\u00a0<\/div>\t\t\t\t\t\t\t\t<\/div>\n\t\t\t\t<\/div>\n\t\t\t\t\t<\/div>\n\t\t<\/div>\n\t\t\t\t\t<\/div>\n\t\t<\/section>\n\t\t\t\t<\/div>\n\t\t","protected":false},"excerpt":{"rendered":"<p>Ve\u010dina od nas je bila v Trstu \u017ee velikokrat, malokdo pa ve, da sta v tem mestu dva izredno zanimiva muzeja, ki ju bomo tokratTour Details<\/p>\n","protected":false},"author":1,"featured_media":17095,"parent":0,"menu_order":0,"comment_status":"closed","ping_status":"closed","template":"","meta":{"footnotes":""},"class_list":["post-17093","page","type-page","status-publish","has-post-thumbnail","hentry"],"_links":{"self":[{"href":"https:\/\/natoura.si\/sl_si\/wp-json\/wp\/v2\/pages\/17093","targetHints":{"allow":["GET"]}}],"collection":[{"href":"https:\/\/natoura.si\/sl_si\/wp-json\/wp\/v2\/pages"}],"about":[{"href":"https:\/\/natoura.si\/sl_si\/wp-json\/wp\/v2\/types\/page"}],"author":[{"embeddable":true,"href":"https:\/\/natoura.si\/sl_si\/wp-json\/wp\/v2\/users\/1"}],"replies":[{"embeddable":true,"href":"https:\/\/natoura.si\/sl_si\/wp-json\/wp\/v2\/comments?post=17093"}],"version-history":[{"count":4,"href":"https:\/\/natoura.si\/sl_si\/wp-json\/wp\/v2\/pages\/17093\/revisions"}],"predecessor-version":[{"id":17105,"href":"https:\/\/natoura.si\/sl_si\/wp-json\/wp\/v2\/pages\/17093\/revisions\/17105"}],"wp:featuredmedia":[{"embeddable":true,"href":"https:\/\/natoura.si\/sl_si\/wp-json\/wp\/v2\/media\/17095"}],"wp:attachment":[{"href":"https:\/\/natoura.si\/sl_si\/wp-json\/wp\/v2\/media?parent=17093"}],"curies":[{"name":"wp","href":"https:\/\/api.w.org\/{rel}","templated":true}]}}