{"id":16785,"date":"2025-12-21T08:26:31","date_gmt":"2025-12-21T08:26:31","guid":{"rendered":"https:\/\/natoura.si\/?page_id=16785"},"modified":"2026-01-11T20:05:01","modified_gmt":"2026-01-11T20:05:01","slug":"istra-program","status":"publish","type":"page","link":"https:\/\/natoura.si\/sl_si\/istra-program\/","title":{"rendered":"Istra &#8211; program"},"content":{"rendered":"\t\t<div data-elementor-type=\"wp-page\" data-elementor-id=\"16785\" class=\"elementor elementor-16785\" data-elementor-post-type=\"page\">\n\t\t\t\t\t\t<section class=\"elementor-section elementor-top-section elementor-element elementor-element-e079d65 elementor-section-boxed elementor-section-height-default elementor-section-height-default\" data-id=\"e079d65\" data-element_type=\"section\" data-e-type=\"section\">\n\t\t\t\t\t\t<div class=\"elementor-container elementor-column-gap-default\">\n\t\t\t\t\t<div class=\"elementor-column elementor-col-33 elementor-top-column elementor-element elementor-element-4601653\" data-id=\"4601653\" data-element_type=\"column\" data-e-type=\"column\">\n\t\t\t<div class=\"elementor-widget-wrap elementor-element-populated\">\n\t\t\t\t\t\t<div class=\"elementor-element elementor-element-fa565de elementor-widget elementor-widget-image\" data-id=\"fa565de\" data-element_type=\"widget\" data-e-type=\"widget\" data-widget_type=\"image.default\">\n\t\t\t\t<div class=\"elementor-widget-container\">\n\t\t\t\t\t\t\t\t\t\t\t\t\t\t\t<img fetchpriority=\"high\" decoding=\"async\" width=\"800\" height=\"800\" src=\"https:\/\/natoura.si\/wp-content\/uploads\/2025\/12\/Pazin.gif\" class=\"attachment-large size-large wp-image-16788\" alt=\"\" \/>\t\t\t\t\t\t\t\t\t\t\t\t\t\t\t<\/div>\n\t\t\t\t<\/div>\n\t\t\t\t\t<\/div>\n\t\t<\/div>\n\t\t\t\t<div class=\"elementor-column elementor-col-33 elementor-top-column elementor-element elementor-element-4a03fc7\" data-id=\"4a03fc7\" data-element_type=\"column\" data-e-type=\"column\">\n\t\t\t<div class=\"elementor-widget-wrap elementor-element-populated\">\n\t\t\t\t\t\t<div class=\"elementor-element elementor-element-db1ee38 elementor-widget elementor-widget-image\" data-id=\"db1ee38\" data-element_type=\"widget\" data-e-type=\"widget\" data-widget_type=\"image.default\">\n\t\t\t\t<div class=\"elementor-widget-container\">\n\t\t\t\t\t\t\t\t\t\t\t\t\t\t\t<img decoding=\"async\" width=\"800\" height=\"800\" src=\"https:\/\/natoura.si\/wp-content\/uploads\/2025\/12\/Gracisce.gif\" class=\"attachment-large size-large wp-image-16789\" alt=\"\" \/>\t\t\t\t\t\t\t\t\t\t\t\t\t\t\t<\/div>\n\t\t\t\t<\/div>\n\t\t\t\t\t<\/div>\n\t\t<\/div>\n\t\t\t\t<div class=\"elementor-column elementor-col-33 elementor-top-column elementor-element elementor-element-2fe8f74\" data-id=\"2fe8f74\" data-element_type=\"column\" data-e-type=\"column\">\n\t\t\t<div class=\"elementor-widget-wrap elementor-element-populated\">\n\t\t\t\t\t\t<div class=\"elementor-element elementor-element-808b0d7 elementor-widget elementor-widget-image\" data-id=\"808b0d7\" data-element_type=\"widget\" data-e-type=\"widget\" data-widget_type=\"image.default\">\n\t\t\t\t<div class=\"elementor-widget-container\">\n\t\t\t\t\t\t\t\t\t\t\t\t\t\t\t<img decoding=\"async\" width=\"800\" height=\"800\" src=\"https:\/\/natoura.si\/wp-content\/uploads\/2025\/12\/Slap-Sopot.gif\" class=\"attachment-large size-large wp-image-16791\" alt=\"\" \/>\t\t\t\t\t\t\t\t\t\t\t\t\t\t\t<\/div>\n\t\t\t\t<\/div>\n\t\t\t\t\t<\/div>\n\t\t<\/div>\n\t\t\t\t\t<\/div>\n\t\t<\/section>\n\t\t\t\t<section class=\"elementor-section elementor-top-section elementor-element elementor-element-c1567ca elementor-section-boxed elementor-section-height-default elementor-section-height-default\" data-id=\"c1567ca\" data-element_type=\"section\" data-e-type=\"section\">\n\t\t\t\t\t\t<div class=\"elementor-container elementor-column-gap-default\">\n\t\t\t\t\t<div class=\"elementor-column elementor-col-100 elementor-top-column elementor-element elementor-element-0779171\" data-id=\"0779171\" data-element_type=\"column\" data-e-type=\"column\">\n\t\t\t<div class=\"elementor-widget-wrap elementor-element-populated\">\n\t\t\t\t\t\t<div class=\"elementor-element elementor-element-e23ee78 elementor-widget elementor-widget-text-editor\" data-id=\"e23ee78\" data-element_type=\"widget\" data-e-type=\"widget\" data-widget_type=\"text-editor.default\">\n\t\t\t\t<div class=\"elementor-widget-container\">\n\t\t\t\t\t\t\t\t\t<p><span style=\"font-family: Poppins;\"><span style=\"color: #9dbc55; font-size: 16px;\">1. dan<\/span><\/span><\/p><p><span style=\"color: #ffffff;\">Zjutraj se bomo odpeljali iz Ljubljane preko mejnega prehoda So\u010derga do <strong>Pazina<\/strong>, mesteca v osr\u010dju Istre. Tam si bomo ogledali udornico, ki je povezana s Pazinsko jamo in se sprehodili ob re\u010dici Pazin\u010dici (pribl. 1 ura hoje), ki v bli\u017eini mesta tvori \u010dudovita korita in slap Pazinski krov. Sledila bo vo\u017enja do vasi <strong>Gra\u010di\u0161\u0107e<\/strong>, kjer se bomo po poti Sv. \u0160imuna spustili do slapu Sopot (pribl. 3,5 km spusta, 1 h hoje). Med potjo bomo spoznavali gozdne in travni\u0161ke zdru\u017ebe na fli\u0161u in u\u017eivali v \u010dudovitih razgledih proti U\u010dki in Labinu. Pot bomo nadaljevali do vasice <strong>Kringa<\/strong>, kjer je po zapisu J. V. Valvasorja v 17. stol. \u017eivel vampir Jurij Granda in se seznanili s \u0161e vedno \u017eivimi verovanji v vampirje, \u0161trige (\u010darovnice) in kersnike. Sledila bo vo\u017enja do Rovinja, kjer bo ve\u010derja in preno\u010devanje.<\/span><\/p>\t\t\t\t\t\t\t\t<\/div>\n\t\t\t\t<\/div>\n\t\t\t\t\t<\/div>\n\t\t<\/div>\n\t\t\t\t\t<\/div>\n\t\t<\/section>\n\t\t\t\t<section class=\"elementor-section elementor-top-section elementor-element elementor-element-7e80040 elementor-section-boxed elementor-section-height-default elementor-section-height-default\" data-id=\"7e80040\" data-element_type=\"section\" data-e-type=\"section\">\n\t\t\t\t\t\t<div class=\"elementor-container elementor-column-gap-default\">\n\t\t\t\t\t<div class=\"elementor-column elementor-col-33 elementor-top-column elementor-element elementor-element-f1d9265\" data-id=\"f1d9265\" data-element_type=\"column\" data-e-type=\"column\">\n\t\t\t<div class=\"elementor-widget-wrap elementor-element-populated\">\n\t\t\t\t\t\t<div class=\"elementor-element elementor-element-4494a02 elementor-widget elementor-widget-image\" data-id=\"4494a02\" data-element_type=\"widget\" data-e-type=\"widget\" data-widget_type=\"image.default\">\n\t\t\t\t<div class=\"elementor-widget-container\">\n\t\t\t\t\t\t\t\t\t\t\t\t\t\t\t<img loading=\"lazy\" decoding=\"async\" width=\"991\" height=\"991\" src=\"https:\/\/natoura.si\/wp-content\/uploads\/2025\/12\/IMG_4729-2.gif\" class=\"attachment-large size-large wp-image-16792\" alt=\"\" \/>\t\t\t\t\t\t\t\t\t\t\t\t\t\t\t<\/div>\n\t\t\t\t<\/div>\n\t\t\t\t\t<\/div>\n\t\t<\/div>\n\t\t\t\t<div class=\"elementor-column elementor-col-33 elementor-top-column elementor-element elementor-element-5b5b5eb\" data-id=\"5b5b5eb\" data-element_type=\"column\" data-e-type=\"column\">\n\t\t\t<div class=\"elementor-widget-wrap elementor-element-populated\">\n\t\t\t\t\t\t<div class=\"elementor-element elementor-element-ab99dc0 elementor-widget elementor-widget-image\" data-id=\"ab99dc0\" data-element_type=\"widget\" data-e-type=\"widget\" data-widget_type=\"image.default\">\n\t\t\t\t<div class=\"elementor-widget-container\">\n\t\t\t\t\t\t\t\t\t\t\t\t\t\t\t<img loading=\"lazy\" decoding=\"async\" width=\"800\" height=\"800\" src=\"https:\/\/natoura.si\/wp-content\/uploads\/2025\/12\/Dvigrad1.gif\" class=\"attachment-large size-large wp-image-16793\" alt=\"\" \/>\t\t\t\t\t\t\t\t\t\t\t\t\t\t\t<\/div>\n\t\t\t\t<\/div>\n\t\t\t\t\t<\/div>\n\t\t<\/div>\n\t\t\t\t<div class=\"elementor-column elementor-col-33 elementor-top-column elementor-element elementor-element-e20cb5a\" data-id=\"e20cb5a\" data-element_type=\"column\" data-e-type=\"column\">\n\t\t\t<div class=\"elementor-widget-wrap elementor-element-populated\">\n\t\t\t\t\t\t<div class=\"elementor-element elementor-element-a07d6e6 elementor-widget elementor-widget-image\" data-id=\"a07d6e6\" data-element_type=\"widget\" data-e-type=\"widget\" data-widget_type=\"image.default\">\n\t\t\t\t<div class=\"elementor-widget-container\">\n\t\t\t\t\t\t\t\t\t\t\t\t\t\t\t<img loading=\"lazy\" decoding=\"async\" width=\"800\" height=\"800\" src=\"https:\/\/natoura.si\/wp-content\/uploads\/2025\/12\/Baredine1.gif\" class=\"attachment-large size-large wp-image-16794\" alt=\"\" \/>\t\t\t\t\t\t\t\t\t\t\t\t\t\t\t<\/div>\n\t\t\t\t<\/div>\n\t\t\t\t\t<\/div>\n\t\t<\/div>\n\t\t\t\t\t<\/div>\n\t\t<\/section>\n\t\t\t\t<section class=\"elementor-section elementor-top-section elementor-element elementor-element-39f0594 elementor-section-boxed elementor-section-height-default elementor-section-height-default\" data-id=\"39f0594\" data-element_type=\"section\" data-e-type=\"section\">\n\t\t\t\t\t\t<div class=\"elementor-container elementor-column-gap-default\">\n\t\t\t\t\t<div class=\"elementor-column elementor-col-100 elementor-top-column elementor-element elementor-element-06defb0\" data-id=\"06defb0\" data-element_type=\"column\" data-e-type=\"column\">\n\t\t\t<div class=\"elementor-widget-wrap elementor-element-populated\">\n\t\t\t\t\t\t<div class=\"elementor-element elementor-element-e5c16b1 elementor-widget elementor-widget-text-editor\" data-id=\"e5c16b1\" data-element_type=\"widget\" data-e-type=\"widget\" data-widget_type=\"text-editor.default\">\n\t\t\t\t<div class=\"elementor-widget-container\">\n\t\t\t\t\t\t\t\t\t<p><span style=\"font-family: Poppins;\"><span style=\"color: #9db958; font-size: 16px;\">2. dan<\/span><\/span><\/p><p><span style=\"color: #ffffff;\">Po zajtrku se bomo najprej odpeljali do ostankov bli\u017enjega bronastodobnega naselja <strong>Monkodonja<\/strong>, ki je eno izmed najpomembnej\u0161ih arheolo\u0161kih nahajali\u0161\u010d v Istri, saj nam vsaj delno odpira vpogled v \u017eivljenje pred prihodom ilirskih Histrov. Zgodovinsko bomo nato naredili preskok ve\u010d kot tiso\u010dletje bli\u017eje sedanjosti in si ogledali zapu\u0161\u010deno mesto <strong>Dvigrad<\/strong> in njegovo usodo ter povezanost z <strong>Limskim kanalom<\/strong>, ki nas v zadnjih desetletjih presene\u010da z novimi arheolo\u0161kimi najdbami in starodavnimi stenskimi poslikavami.\u00a0<\/span><\/p><p><span style=\"color: #ffffff;\">Sledila bo vo\u017enja do majhne, ampak izredno slikovite kra\u0161ke <strong>jame Baredine<\/strong>, ki si jo bomo seveda tudi ogledali, za konec pa se bomo zapeljali do vasi <strong>Zambratija<\/strong> pri Savudriji, kjer so arheologi pred kratkim odkrili najstarej\u0161o \u0161ivano ladjo na svetu in ostanke koli\u0161\u010darske naselbine. S pomo\u010djo teh odkritij bomo spoznali, da je bil svet \u017ee pred tiso\u010dletji veliko bolj povezan, kot si danes predstavljamo in da so tako naravne kot kulturne dobrine s pomo\u010djo trgovskih poti prepotovale izredno dolge razdalje in omogo\u010dale izmenjavo znanja, izku\u0161enj in na\u010dina \u017eivljenja med razli\u010dnimi ljudstvi.<\/span><\/p><p><span style=\"color: #ffffff;\">Sledila bo vo\u017enja proti Ljubljani, kamor bomo prispeli v ve\u010dernih urah.<\/span><\/p>\t\t\t\t\t\t\t\t<\/div>\n\t\t\t\t<\/div>\n\t\t\t\t\t<\/div>\n\t\t<\/div>\n\t\t\t\t\t<\/div>\n\t\t<\/section>\n\t\t\t\t<section class=\"elementor-section elementor-top-section elementor-element elementor-element-3882d56 elementor-section-boxed elementor-section-height-default elementor-section-height-default\" data-id=\"3882d56\" data-element_type=\"section\" data-e-type=\"section\">\n\t\t\t\t\t\t<div class=\"elementor-container elementor-column-gap-default\">\n\t\t\t\t\t<div class=\"elementor-column elementor-col-33 elementor-top-column elementor-element elementor-element-99e1d6b\" data-id=\"99e1d6b\" data-element_type=\"column\" data-e-type=\"column\">\n\t\t\t<div class=\"elementor-widget-wrap elementor-element-populated\">\n\t\t\t\t\t\t<div class=\"elementor-element elementor-element-962d0f8 elementor-widget elementor-widget-image\" data-id=\"962d0f8\" data-element_type=\"widget\" data-e-type=\"widget\" data-widget_type=\"image.default\">\n\t\t\t\t<div class=\"elementor-widget-container\">\n\t\t\t\t\t\t\t\t\t\t\t\t\t\t\t<img loading=\"lazy\" decoding=\"async\" width=\"800\" height=\"800\" src=\"https:\/\/natoura.si\/wp-content\/uploads\/2025\/12\/Istra.jpg\" class=\"attachment-large size-large wp-image-16790\" alt=\"\" srcset=\"https:\/\/natoura.si\/wp-content\/uploads\/2025\/12\/Istra.jpg 800w, https:\/\/natoura.si\/wp-content\/uploads\/2025\/12\/Istra-300x300.jpg 300w, https:\/\/natoura.si\/wp-content\/uploads\/2025\/12\/Istra-150x150.jpg 150w, https:\/\/natoura.si\/wp-content\/uploads\/2025\/12\/Istra-768x768.jpg 768w, https:\/\/natoura.si\/wp-content\/uploads\/2025\/12\/Istra-12x12.jpg 12w\" sizes=\"(max-width: 800px) 100vw, 800px\" \/>\t\t\t\t\t\t\t\t\t\t\t\t\t\t\t<\/div>\n\t\t\t\t<\/div>\n\t\t\t\t\t<\/div>\n\t\t<\/div>\n\t\t\t\t<div class=\"elementor-column elementor-col-33 elementor-top-column elementor-element elementor-element-d2db3ac\" data-id=\"d2db3ac\" data-element_type=\"column\" data-e-type=\"column\">\n\t\t\t<div class=\"elementor-widget-wrap elementor-element-populated\">\n\t\t\t\t\t\t<div class=\"elementor-element elementor-element-ba3fa3c elementor-widget elementor-widget-image\" data-id=\"ba3fa3c\" data-element_type=\"widget\" data-e-type=\"widget\" data-widget_type=\"image.default\">\n\t\t\t\t<div class=\"elementor-widget-container\">\n\t\t\t\t\t\t\t\t\t\t\t\t\t\t\t<img loading=\"lazy\" decoding=\"async\" width=\"800\" height=\"800\" src=\"https:\/\/natoura.si\/wp-content\/uploads\/2025\/12\/Brin.gif\" class=\"attachment-large size-large wp-image-16795\" alt=\"\" \/>\t\t\t\t\t\t\t\t\t\t\t\t\t\t\t<\/div>\n\t\t\t\t<\/div>\n\t\t\t\t\t<\/div>\n\t\t<\/div>\n\t\t\t\t<div class=\"elementor-column elementor-col-33 elementor-top-column elementor-element elementor-element-0681fd5\" data-id=\"0681fd5\" data-element_type=\"column\" data-e-type=\"column\">\n\t\t\t<div class=\"elementor-widget-wrap elementor-element-populated\">\n\t\t\t\t\t\t<div class=\"elementor-element elementor-element-eea21bd elementor-widget elementor-widget-image\" data-id=\"eea21bd\" data-element_type=\"widget\" data-e-type=\"widget\" data-widget_type=\"image.default\">\n\t\t\t\t<div class=\"elementor-widget-container\">\n\t\t\t\t\t\t\t\t\t\t\t\t\t\t\t<img loading=\"lazy\" decoding=\"async\" width=\"800\" height=\"800\" src=\"https:\/\/natoura.si\/wp-content\/uploads\/2025\/12\/Dvigrad2.gif\" class=\"attachment-large size-large wp-image-16797\" alt=\"\" \/>\t\t\t\t\t\t\t\t\t\t\t\t\t\t\t<\/div>\n\t\t\t\t<\/div>\n\t\t\t\t\t<\/div>\n\t\t<\/div>\n\t\t\t\t\t<\/div>\n\t\t<\/section>\n\t\t\t\t<section class=\"elementor-section elementor-top-section elementor-element elementor-element-1b72eb1 elementor-section-boxed elementor-section-height-default elementor-section-height-default\" data-id=\"1b72eb1\" data-element_type=\"section\" data-e-type=\"section\">\n\t\t\t\t\t\t<div class=\"elementor-container elementor-column-gap-default\">\n\t\t\t\t\t<div class=\"elementor-column elementor-col-33 elementor-top-column elementor-element elementor-element-b6a8a87\" data-id=\"b6a8a87\" data-element_type=\"column\" data-e-type=\"column\">\n\t\t\t<div class=\"elementor-widget-wrap elementor-element-populated\">\n\t\t\t\t\t\t<div class=\"elementor-element elementor-element-00401c9 elementor-widget elementor-widget-image\" data-id=\"00401c9\" data-element_type=\"widget\" data-e-type=\"widget\" data-widget_type=\"image.default\">\n\t\t\t\t<div class=\"elementor-widget-container\">\n\t\t\t\t\t\t\t\t\t\t\t\t\t\t\t<img loading=\"lazy\" decoding=\"async\" width=\"991\" height=\"991\" src=\"https:\/\/natoura.si\/wp-content\/uploads\/2025\/12\/IMG_4709-2.gif\" class=\"attachment-large size-large wp-image-16798\" alt=\"\" \/>\t\t\t\t\t\t\t\t\t\t\t\t\t\t\t<\/div>\n\t\t\t\t<\/div>\n\t\t\t\t\t<\/div>\n\t\t<\/div>\n\t\t\t\t<div class=\"elementor-column elementor-col-33 elementor-top-column elementor-element elementor-element-c008f79\" data-id=\"c008f79\" data-element_type=\"column\" data-e-type=\"column\">\n\t\t\t<div class=\"elementor-widget-wrap elementor-element-populated\">\n\t\t\t\t\t\t<div class=\"elementor-element elementor-element-74b2d16 elementor-widget elementor-widget-image\" data-id=\"74b2d16\" data-element_type=\"widget\" data-e-type=\"widget\" data-widget_type=\"image.default\">\n\t\t\t\t<div class=\"elementor-widget-container\">\n\t\t\t\t\t\t\t\t\t\t\t\t\t\t\t<img loading=\"lazy\" decoding=\"async\" width=\"800\" height=\"800\" src=\"https:\/\/natoura.si\/wp-content\/uploads\/2025\/12\/Kazun.gif\" class=\"attachment-large size-large wp-image-16799\" alt=\"\" \/>\t\t\t\t\t\t\t\t\t\t\t\t\t\t\t<\/div>\n\t\t\t\t<\/div>\n\t\t\t\t\t<\/div>\n\t\t<\/div>\n\t\t\t\t<div class=\"elementor-column elementor-col-33 elementor-top-column elementor-element elementor-element-51d1b36\" data-id=\"51d1b36\" data-element_type=\"column\" data-e-type=\"column\">\n\t\t\t<div class=\"elementor-widget-wrap elementor-element-populated\">\n\t\t\t\t\t\t<div class=\"elementor-element elementor-element-4c2b0b1 elementor-widget elementor-widget-image\" data-id=\"4c2b0b1\" data-element_type=\"widget\" data-e-type=\"widget\" data-widget_type=\"image.default\">\n\t\t\t\t<div class=\"elementor-widget-container\">\n\t\t\t\t\t\t\t\t\t\t\t\t\t\t\t<img loading=\"lazy\" decoding=\"async\" width=\"800\" height=\"800\" src=\"https:\/\/natoura.si\/wp-content\/uploads\/2025\/12\/Rovinj.gif\" class=\"attachment-large size-large wp-image-16800\" alt=\"\" \/>\t\t\t\t\t\t\t\t\t\t\t\t\t\t\t<\/div>\n\t\t\t\t<\/div>\n\t\t\t\t\t<\/div>\n\t\t<\/div>\n\t\t\t\t\t<\/div>\n\t\t<\/section>\n\t\t\t\t<section class=\"elementor-section elementor-top-section elementor-element elementor-element-9162401 elementor-section-boxed elementor-section-height-default elementor-section-height-default\" data-id=\"9162401\" data-element_type=\"section\" data-e-type=\"section\">\n\t\t\t\t\t\t<div class=\"elementor-container elementor-column-gap-default\">\n\t\t\t\t\t<div class=\"elementor-column elementor-col-33 elementor-top-column elementor-element elementor-element-f955db2\" data-id=\"f955db2\" data-element_type=\"column\" data-e-type=\"column\">\n\t\t\t<div class=\"elementor-widget-wrap elementor-element-populated\">\n\t\t\t\t\t\t<div class=\"elementor-element elementor-element-3f05f01 elementor-widget elementor-widget-image\" data-id=\"3f05f01\" data-element_type=\"widget\" data-e-type=\"widget\" data-widget_type=\"image.default\">\n\t\t\t\t<div class=\"elementor-widget-container\">\n\t\t\t\t\t\t\t\t\t\t\t\t\t\t\t<img loading=\"lazy\" decoding=\"async\" width=\"800\" height=\"800\" src=\"https:\/\/natoura.si\/wp-content\/uploads\/2025\/12\/IMG_4713-2.gif\" class=\"attachment-large size-large wp-image-16801\" alt=\"\" \/>\t\t\t\t\t\t\t\t\t\t\t\t\t\t\t<\/div>\n\t\t\t\t<\/div>\n\t\t\t\t\t<\/div>\n\t\t<\/div>\n\t\t\t\t<div class=\"elementor-column elementor-col-33 elementor-top-column elementor-element elementor-element-89a6cc5\" data-id=\"89a6cc5\" data-element_type=\"column\" data-e-type=\"column\">\n\t\t\t<div class=\"elementor-widget-wrap elementor-element-populated\">\n\t\t\t\t\t\t<div class=\"elementor-element elementor-element-e64497f elementor-widget elementor-widget-image\" data-id=\"e64497f\" data-element_type=\"widget\" data-e-type=\"widget\" data-widget_type=\"image.default\">\n\t\t\t\t<div class=\"elementor-widget-container\">\n\t\t\t\t\t\t\t\t\t\t\t\t\t\t\t<img loading=\"lazy\" decoding=\"async\" width=\"800\" height=\"800\" src=\"https:\/\/natoura.si\/wp-content\/uploads\/2025\/12\/IMG_4735-2.gif\" class=\"attachment-large size-large wp-image-16802\" alt=\"\" \/>\t\t\t\t\t\t\t\t\t\t\t\t\t\t\t<\/div>\n\t\t\t\t<\/div>\n\t\t\t\t\t<\/div>\n\t\t<\/div>\n\t\t\t\t<div class=\"elementor-column elementor-col-33 elementor-top-column elementor-element elementor-element-4965c5d\" data-id=\"4965c5d\" data-element_type=\"column\" data-e-type=\"column\">\n\t\t\t<div class=\"elementor-widget-wrap elementor-element-populated\">\n\t\t\t\t\t\t<div class=\"elementor-element elementor-element-17fb570 elementor-widget elementor-widget-image\" data-id=\"17fb570\" data-element_type=\"widget\" data-e-type=\"widget\" data-widget_type=\"image.default\">\n\t\t\t\t<div class=\"elementor-widget-container\">\n\t\t\t\t\t\t\t\t\t\t\t\t\t\t\t<img loading=\"lazy\" decoding=\"async\" width=\"800\" height=\"800\" src=\"https:\/\/natoura.si\/wp-content\/uploads\/2025\/12\/Parenzana.gif\" class=\"attachment-large size-large wp-image-16803\" alt=\"\" \/>\t\t\t\t\t\t\t\t\t\t\t\t\t\t\t<\/div>\n\t\t\t\t<\/div>\n\t\t\t\t\t<\/div>\n\t\t<\/div>\n\t\t\t\t\t<\/div>\n\t\t<\/section>\n\t\t\t\t<section class=\"elementor-section elementor-top-section elementor-element elementor-element-ce68f98 elementor-section-boxed elementor-section-height-default elementor-section-height-default\" data-id=\"ce68f98\" data-element_type=\"section\" data-e-type=\"section\">\n\t\t\t\t\t\t<div class=\"elementor-container elementor-column-gap-default\">\n\t\t\t\t\t<div class=\"elementor-column elementor-col-100 elementor-top-column elementor-element elementor-element-a06625b\" data-id=\"a06625b\" data-element_type=\"column\" data-e-type=\"column\">\n\t\t\t<div class=\"elementor-widget-wrap elementor-element-populated\">\n\t\t\t\t\t\t<div class=\"elementor-element elementor-element-9878e7e elementor-widget-divider--view-line elementor-widget elementor-widget-divider\" data-id=\"9878e7e\" data-element_type=\"widget\" data-e-type=\"widget\" data-widget_type=\"divider.default\">\n\t\t\t\t<div class=\"elementor-widget-container\">\n\t\t\t\t\t\t\t<div class=\"elementor-divider\">\n\t\t\t<span class=\"elementor-divider-separator\">\n\t\t\t\t\t\t<\/span>\n\t\t<\/div>\n\t\t\t\t\t\t<\/div>\n\t\t\t\t<\/div>\n\t\t\t\t\t<\/div>\n\t\t<\/div>\n\t\t\t\t\t<\/div>\n\t\t<\/section>\n\t\t\t\t<section class=\"elementor-section elementor-top-section elementor-element elementor-element-658ba09 elementor-section-boxed elementor-section-height-default elementor-section-height-default\" data-id=\"658ba09\" data-element_type=\"section\" data-e-type=\"section\">\n\t\t\t\t\t\t<div class=\"elementor-container elementor-column-gap-default\">\n\t\t\t\t\t<div class=\"elementor-column elementor-col-100 elementor-top-column elementor-element elementor-element-4498596\" data-id=\"4498596\" data-element_type=\"column\" data-e-type=\"column\">\n\t\t\t<div class=\"elementor-widget-wrap elementor-element-populated\">\n\t\t\t\t\t\t<div class=\"elementor-element elementor-element-2a2d8c9 elementor-widget elementor-widget-text-editor\" data-id=\"2a2d8c9\" data-element_type=\"widget\" data-e-type=\"widget\" data-widget_type=\"text-editor.default\">\n\t\t\t\t<div class=\"elementor-widget-container\">\n\t\t\t\t\t\t\t\t\t<p><span style=\"font-family: Poppins; font-size: 14px; color: #ffffff;\">Avtorica programa in fotografij: \u00a9 Janja Benedik, 2014-2025.<\/span><\/p><p><span style=\"color: #ffffff;\"><span style=\"font-family: Poppins; font-size: 14px;\">Organizator in izvajalec programa: \u00a9 naTOURa, Janja Benedik s.<\/span><span style=\"font-family: Poppins; font-size: 14px;\"> p., 2025-26.<\/span><\/span><\/p>\t\t\t\t\t\t\t\t<\/div>\n\t\t\t\t<\/div>\n\t\t\t\t\t<\/div>\n\t\t<\/div>\n\t\t\t\t\t<\/div>\n\t\t<\/section>\n\t\t\t\t<\/div>\n\t\t","protected":false},"excerpt":{"rendered":"<p>1. dan Zjutraj se bomo odpeljali iz Ljubljane preko mejnega prehoda So\u010derga do Pazina, mesteca v osr\u010dju Istre. Tam si bomo ogledali udornico, ki jeTour Details<\/p>\n","protected":false},"author":1,"featured_media":16787,"parent":0,"menu_order":0,"comment_status":"closed","ping_status":"closed","template":"","meta":{"footnotes":""},"class_list":["post-16785","page","type-page","status-publish","has-post-thumbnail","hentry"],"_links":{"self":[{"href":"https:\/\/natoura.si\/sl_si\/wp-json\/wp\/v2\/pages\/16785","targetHints":{"allow":["GET"]}}],"collection":[{"href":"https:\/\/natoura.si\/sl_si\/wp-json\/wp\/v2\/pages"}],"about":[{"href":"https:\/\/natoura.si\/sl_si\/wp-json\/wp\/v2\/types\/page"}],"author":[{"embeddable":true,"href":"https:\/\/natoura.si\/sl_si\/wp-json\/wp\/v2\/users\/1"}],"replies":[{"embeddable":true,"href":"https:\/\/natoura.si\/sl_si\/wp-json\/wp\/v2\/comments?post=16785"}],"version-history":[{"count":13,"href":"https:\/\/natoura.si\/sl_si\/wp-json\/wp\/v2\/pages\/16785\/revisions"}],"predecessor-version":[{"id":17033,"href":"https:\/\/natoura.si\/sl_si\/wp-json\/wp\/v2\/pages\/16785\/revisions\/17033"}],"wp:featuredmedia":[{"embeddable":true,"href":"https:\/\/natoura.si\/sl_si\/wp-json\/wp\/v2\/media\/16787"}],"wp:attachment":[{"href":"https:\/\/natoura.si\/sl_si\/wp-json\/wp\/v2\/media?parent=16785"}],"curies":[{"name":"wp","href":"https:\/\/api.w.org\/{rel}","templated":true}]}}