{"id":15748,"date":"2025-08-18T20:36:30","date_gmt":"2025-08-18T20:36:30","guid":{"rendered":"https:\/\/natoura.si\/?page_id=15748"},"modified":"2025-08-19T10:27:27","modified_gmt":"2025-08-19T10:27:27","slug":"novoletna-srbija-program","status":"publish","type":"page","link":"https:\/\/natoura.si\/sl_si\/novoletna-srbija-program\/","title":{"rendered":"Novoletna Srbija &#8211; program"},"content":{"rendered":"\t\t<div data-elementor-type=\"wp-page\" data-elementor-id=\"15748\" class=\"elementor elementor-15748\" data-elementor-post-type=\"page\">\n\t\t\t\t\t\t<section class=\"elementor-section elementor-top-section elementor-element elementor-element-3b78148 elementor-section-boxed elementor-section-height-default elementor-section-height-default\" data-id=\"3b78148\" data-element_type=\"section\" data-e-type=\"section\">\n\t\t\t\t\t\t<div class=\"elementor-container elementor-column-gap-default\">\n\t\t\t\t\t<div class=\"elementor-column elementor-col-33 elementor-top-column elementor-element elementor-element-03c21c9\" data-id=\"03c21c9\" data-element_type=\"column\" data-e-type=\"column\">\n\t\t\t<div class=\"elementor-widget-wrap elementor-element-populated\">\n\t\t\t\t\t\t<div class=\"elementor-element elementor-element-7408ada elementor-widget elementor-widget-image\" data-id=\"7408ada\" data-element_type=\"widget\" data-e-type=\"widget\" data-widget_type=\"image.default\">\n\t\t\t\t<div class=\"elementor-widget-container\">\n\t\t\t\t\t\t\t\t\t\t\t\t\t\t\t<img fetchpriority=\"high\" decoding=\"async\" width=\"525\" height=\"525\" src=\"https:\/\/natoura.si\/wp-content\/uploads\/2025\/08\/Vinarija-Verkat.gif\" class=\"attachment-large size-large wp-image-15751\" alt=\"\" \/>\t\t\t\t\t\t\t\t\t\t\t\t\t\t\t<\/div>\n\t\t\t\t<\/div>\n\t\t\t\t\t<\/div>\n\t\t<\/div>\n\t\t\t\t<div class=\"elementor-column elementor-col-66 elementor-top-column elementor-element elementor-element-8ab13c5\" data-id=\"8ab13c5\" data-element_type=\"column\" data-e-type=\"column\">\n\t\t\t<div class=\"elementor-widget-wrap elementor-element-populated\">\n\t\t\t\t\t\t<div class=\"elementor-element elementor-element-e23ee78 elementor-widget elementor-widget-text-editor\" data-id=\"e23ee78\" data-element_type=\"widget\" data-e-type=\"widget\" data-widget_type=\"text-editor.default\">\n\t\t\t\t<div class=\"elementor-widget-container\">\n\t\t\t\t\t\t\t\t\t<p><span style=\"font-family: Poppins;\"><span style=\"color: #9dbc55; font-size: 16px;\">1. dan: 29. 12. 2025<\/span><\/span><\/p><p><span style=\"color: #ffffff;\">Odhod iz Slovenije preko Slavonije do severnih obronkov Fru\u0161ke gore, kjer se bomo ustavili na posesti <strong>Verkat<\/strong>, kjer bomo ob odli\u010dnem kosilu oku\u0161ali tudi njihova odli\u010dna vina. Sledila bo kratka vo\u017enja do <strong>Zmajevega muzeja<\/strong>, ki je posve\u010den \u017eivljenju in delu srbskemu zdravniku, prevajalcu in pesniku. Kratka vo\u017enja do <strong>Sremskih Karlovcev<\/strong>, kjer bo ve\u010derja in preno\u010devanje.\u00a0<\/span><\/p>\t\t\t\t\t\t\t\t<\/div>\n\t\t\t\t<\/div>\n\t\t\t\t\t<\/div>\n\t\t<\/div>\n\t\t\t\t\t<\/div>\n\t\t<\/section>\n\t\t\t\t<section class=\"elementor-section elementor-top-section elementor-element elementor-element-c1769e8 elementor-section-boxed elementor-section-height-default elementor-section-height-default\" data-id=\"c1769e8\" data-element_type=\"section\" data-e-type=\"section\">\n\t\t\t\t\t\t<div class=\"elementor-container elementor-column-gap-default\">\n\t\t\t\t\t<div class=\"elementor-column elementor-col-66 elementor-top-column elementor-element elementor-element-6707636\" data-id=\"6707636\" data-element_type=\"column\" data-e-type=\"column\">\n\t\t\t<div class=\"elementor-widget-wrap elementor-element-populated\">\n\t\t\t\t\t\t<div class=\"elementor-element elementor-element-e5c16b1 elementor-widget elementor-widget-text-editor\" data-id=\"e5c16b1\" data-element_type=\"widget\" data-e-type=\"widget\" data-widget_type=\"text-editor.default\">\n\t\t\t\t<div class=\"elementor-widget-container\">\n\t\t\t\t\t\t\t\t\t<p><span style=\"font-family: Poppins;\"><span style=\"color: #9db958; font-size: 16px;\">2. dan: 30. 12. 2025<\/span><\/span><\/p><p><span style=\"color: #ffffff;\">Po zajtrku se bomo odpeljali do mesta <strong>Idvor<\/strong> na drugem bregu Donave in spoznali \u017eivljenje in delo <strong>Mihajla Pupina<\/strong>, svetovno znanega izumitelja, ki je s pomo\u010djo svoje slave in poznanstev po 1. svetovni vojni ob novih dr\u017eavnih razmejitvah odlo\u010dilno pripomogel k ohranitvi nekaterih slovenskih ozemelj.\u00a0 Pot nas bo nato vodila proti jugu, kjer bomo ponovno pre\u010dkali Donavo in si v <strong>Smederevu<\/strong> ogledali trdnjavo iz 15. stoletja, ki je imela zaradi svoje strate\u0161ke lege v zgodovini izredno pomembno vlogo. V Smederevu se bomo zadr\u017eali \u0161e nekaj \u010dasa, saj se bomo po ogledu trdnjave najprej odpravili na kosilo z zna\u010dilnimi ribjimi jedmi, kasneje pa si bomo ogledali \u0161e lokalno pivovarno <strong>Crow brewery<\/strong> in seveda njihovo pivo tudi poskusili.\u00a0<\/span><\/p><p><span style=\"color: #ffffff;\">Pot nas bo nato vodila do vasi Barajevo, kjer bomo obiskali lokalnega lon\u010darja, ki izdeluje zna\u010dilno srbsko keramiko. V <strong>&#8220;Grn\u010dariji Min\u010di\u0107&#8221;<\/strong> si bomo ogledali izdelavo glinenih izdelkov, po \u017eelji se boste v tej spretnosti lahko preizkusili tudi sami. Dan bomo zaklju\u010dili v <strong>Hotelu Su\u010devi\u0107<\/strong>, kjer bomo najprej imeli degustacijo razli\u010dnih vrst \u017eganja, ob ve\u010derju pa bo poskrbljeno tudi za \u017eivo glasbo. Preno\u010devanje v Hotelu Su\u010devi\u0107.<\/span><\/p>\t\t\t\t\t\t\t\t<\/div>\n\t\t\t\t<\/div>\n\t\t\t\t\t<\/div>\n\t\t<\/div>\n\t\t\t\t<div class=\"elementor-column elementor-col-33 elementor-top-column elementor-element elementor-element-9139d37\" data-id=\"9139d37\" data-element_type=\"column\" data-e-type=\"column\">\n\t\t\t<div class=\"elementor-widget-wrap elementor-element-populated\">\n\t\t\t\t\t\t<div class=\"elementor-element elementor-element-cccb775 elementor-widget elementor-widget-image\" data-id=\"cccb775\" data-element_type=\"widget\" data-e-type=\"widget\" data-widget_type=\"image.default\">\n\t\t\t\t<div class=\"elementor-widget-container\">\n\t\t\t\t\t\t\t\t\t\t\t\t\t\t\t<img decoding=\"async\" width=\"525\" height=\"525\" src=\"https:\/\/natoura.si\/wp-content\/uploads\/2025\/08\/IMG_0314.gif\" class=\"attachment-large size-large wp-image-15752\" alt=\"\" \/>\t\t\t\t\t\t\t\t\t\t\t\t\t\t\t<\/div>\n\t\t\t\t<\/div>\n\t\t\t\t\t<\/div>\n\t\t<\/div>\n\t\t\t\t\t<\/div>\n\t\t<\/section>\n\t\t\t\t<section class=\"elementor-section elementor-top-section elementor-element elementor-element-7ed273d elementor-section-boxed elementor-section-height-default elementor-section-height-default\" data-id=\"7ed273d\" data-element_type=\"section\" data-e-type=\"section\">\n\t\t\t\t\t\t<div class=\"elementor-container elementor-column-gap-default\">\n\t\t\t\t\t<div class=\"elementor-column elementor-col-33 elementor-top-column elementor-element elementor-element-33e8c31\" data-id=\"33e8c31\" data-element_type=\"column\" data-e-type=\"column\">\n\t\t\t<div class=\"elementor-widget-wrap elementor-element-populated\">\n\t\t\t\t\t\t<div class=\"elementor-element elementor-element-fa5f890 elementor-widget elementor-widget-image\" data-id=\"fa5f890\" data-element_type=\"widget\" data-e-type=\"widget\" data-widget_type=\"image.default\">\n\t\t\t\t<div class=\"elementor-widget-container\">\n\t\t\t\t\t\t\t\t\t\t\t\t\t\t\t<img decoding=\"async\" width=\"525\" height=\"525\" src=\"https:\/\/natoura.si\/wp-content\/uploads\/2025\/08\/Zmaj-od-Nocaja4.gif\" class=\"attachment-large size-large wp-image-15753\" alt=\"\" \/>\t\t\t\t\t\t\t\t\t\t\t\t\t\t\t<\/div>\n\t\t\t\t<\/div>\n\t\t\t\t\t<\/div>\n\t\t<\/div>\n\t\t\t\t<div class=\"elementor-column elementor-col-66 elementor-top-column elementor-element elementor-element-a79aa82\" data-id=\"a79aa82\" data-element_type=\"column\" data-e-type=\"column\">\n\t\t\t<div class=\"elementor-widget-wrap elementor-element-populated\">\n\t\t\t\t\t\t<div class=\"elementor-element elementor-element-5ca644c elementor-widget elementor-widget-text-editor\" data-id=\"5ca644c\" data-element_type=\"widget\" data-e-type=\"widget\" data-widget_type=\"text-editor.default\">\n\t\t\t\t<div class=\"elementor-widget-container\">\n\t\t\t\t\t\t\t\t\t<p><span style=\"font-family: Poppins;\"><span style=\"color: #9db958; font-size: 16px;\">3. dan: 31. 12. 2025<\/span><\/span><\/p><p><span style=\"color: #ffffff;\">Po zajtrku se bomo odpeljali do Beograda, kjer se bomo vkrcali na ladjico in od\u0161li na razgledno vo\u017enjo po Savi in Donavi in si <strong>Beograd<\/strong> ogledali z malo druga\u010dne perspektive. Sledila bo vo\u017enja do <strong>Posebnega naravnega rezervata Zasavica<\/strong>. Tam si bomo privo\u0161\u010dili kosilo in se nato z elektri\u010dnimi vozili odpravili na ogled posesti, kjer gojijo stare pasme doma\u010dih \u017eivali: balkanskega osla, pra\u0161i\u010da mangulico, doma\u010dega gorskega konja in podolsko govedo.<\/span><\/p><p><span style=\"color: #ffffff;\">Po ogledu se bomo odpeljali v hotel v Sremsko Mitrovico, kjer bo nekaj prostega \u010dasa za po\u010ditek in pripravo na novoletni ve\u010der, ki ga bomo pre\u017eiveli v <strong>Etno zdaniju &#8220;Zmaj od No\u0107aja&#8221;<\/strong>. Tam nas bodo pogostili z doma\u010do hrano in ve\u010der popestrili z \u017eivo glasbo. V prijetnem okolju bomo leto 2026 pri\u010dakali v dru\u017ebi gostiteljev &#8211; dru\u017eine \u010cupi\u0107, neposrednih potomcev Zmaja od No\u0107aja, legendarnega borca v I. srbski vstaji proti Turkom v 19. stoletju.\u00a0<\/span><\/p>\t\t\t\t\t\t\t\t<\/div>\n\t\t\t\t<\/div>\n\t\t\t\t\t<\/div>\n\t\t<\/div>\n\t\t\t\t\t<\/div>\n\t\t<\/section>\n\t\t\t\t<section class=\"elementor-section elementor-top-section elementor-element elementor-element-78b34f3 elementor-section-boxed elementor-section-height-default elementor-section-height-default\" data-id=\"78b34f3\" data-element_type=\"section\" data-e-type=\"section\">\n\t\t\t\t\t\t<div class=\"elementor-container elementor-column-gap-default\">\n\t\t\t\t\t<div class=\"elementor-column elementor-col-66 elementor-top-column elementor-element elementor-element-2991603\" data-id=\"2991603\" data-element_type=\"column\" data-e-type=\"column\">\n\t\t\t<div class=\"elementor-widget-wrap elementor-element-populated\">\n\t\t\t\t\t\t<div class=\"elementor-element elementor-element-44bcf2d elementor-widget elementor-widget-text-editor\" data-id=\"44bcf2d\" data-element_type=\"widget\" data-e-type=\"widget\" data-widget_type=\"text-editor.default\">\n\t\t\t\t<div class=\"elementor-widget-container\">\n\t\t\t\t\t\t\t\t\t<p><span style=\"font-family: Poppins;\"><span style=\"color: #9db958; font-size: 16px;\">4. dan: 1. 1. 2026<\/span><\/span><\/p><p><span style=\"color: #ffffff;\">Po poznem zajtrku se bomo iz Sremske Mitrovice odpeljali proti Ljubljani, kamor bomo prispeli v popoldanskih urah.<\/span><\/p>\t\t\t\t\t\t\t\t<\/div>\n\t\t\t\t<\/div>\n\t\t\t\t\t<\/div>\n\t\t<\/div>\n\t\t\t\t<div class=\"elementor-column elementor-col-33 elementor-top-column elementor-element elementor-element-3eb5519\" data-id=\"3eb5519\" data-element_type=\"column\" data-e-type=\"column\">\n\t\t\t<div class=\"elementor-widget-wrap elementor-element-populated\">\n\t\t\t\t\t\t<div class=\"elementor-element elementor-element-d0402c7 elementor-widget elementor-widget-image\" data-id=\"d0402c7\" data-element_type=\"widget\" data-e-type=\"widget\" data-widget_type=\"image.default\">\n\t\t\t\t<div class=\"elementor-widget-container\">\n\t\t\t\t\t\t\t\t\t\t\t\t\t\t\t<img loading=\"lazy\" decoding=\"async\" width=\"525\" height=\"525\" src=\"https:\/\/natoura.si\/wp-content\/uploads\/2025\/08\/zima.gif\" class=\"attachment-large size-large wp-image-15754\" alt=\"\" \/>\t\t\t\t\t\t\t\t\t\t\t\t\t\t\t<\/div>\n\t\t\t\t<\/div>\n\t\t\t\t\t<\/div>\n\t\t<\/div>\n\t\t\t\t\t<\/div>\n\t\t<\/section>\n\t\t\t\t<section class=\"elementor-section elementor-top-section elementor-element elementor-element-ce68f98 elementor-section-boxed elementor-section-height-default elementor-section-height-default\" data-id=\"ce68f98\" data-element_type=\"section\" data-e-type=\"section\">\n\t\t\t\t\t\t<div class=\"elementor-container elementor-column-gap-default\">\n\t\t\t\t\t<div class=\"elementor-column elementor-col-100 elementor-top-column elementor-element elementor-element-a06625b\" data-id=\"a06625b\" data-element_type=\"column\" data-e-type=\"column\">\n\t\t\t<div class=\"elementor-widget-wrap elementor-element-populated\">\n\t\t\t\t\t\t<div class=\"elementor-element elementor-element-9878e7e elementor-widget-divider--view-line elementor-widget elementor-widget-divider\" data-id=\"9878e7e\" data-element_type=\"widget\" data-e-type=\"widget\" data-widget_type=\"divider.default\">\n\t\t\t\t<div class=\"elementor-widget-container\">\n\t\t\t\t\t\t\t<div class=\"elementor-divider\">\n\t\t\t<span class=\"elementor-divider-separator\">\n\t\t\t\t\t\t<\/span>\n\t\t<\/div>\n\t\t\t\t\t\t<\/div>\n\t\t\t\t<\/div>\n\t\t\t\t\t<\/div>\n\t\t<\/div>\n\t\t\t\t\t<\/div>\n\t\t<\/section>\n\t\t\t\t<section class=\"elementor-section elementor-top-section elementor-element elementor-element-658ba09 elementor-section-boxed elementor-section-height-default elementor-section-height-default\" data-id=\"658ba09\" data-element_type=\"section\" data-e-type=\"section\">\n\t\t\t\t\t\t<div class=\"elementor-container elementor-column-gap-default\">\n\t\t\t\t\t<div class=\"elementor-column elementor-col-100 elementor-top-column elementor-element elementor-element-4498596\" data-id=\"4498596\" data-element_type=\"column\" data-e-type=\"column\">\n\t\t\t<div class=\"elementor-widget-wrap elementor-element-populated\">\n\t\t\t\t\t\t<div class=\"elementor-element elementor-element-2a2d8c9 elementor-widget elementor-widget-text-editor\" data-id=\"2a2d8c9\" data-element_type=\"widget\" data-e-type=\"widget\" data-widget_type=\"text-editor.default\">\n\t\t\t\t<div class=\"elementor-widget-container\">\n\t\t\t\t\t\t\t\t\t<p><span style=\"font-family: Poppins; font-size: 16px; color: #ffffff;\">Avtorica programa: \u00a9 Janja Benedik, 2025.<\/span><\/p><p><span style=\"font-size: 16px; color: #ffffff;\">Vodenje: Janja Benedik in Pavle Pavlovi\u0107.<\/span><\/p><p><span style=\"color: #ffffff; font-size: 16px;\"><span style=\"font-family: Poppins;\">Organizator in izvajalec programa: \u00a9 naTOURa, Janja Benedik s. p., 2025-<\/span><span style=\"font-family: Poppins;\">26.<\/span><\/span><\/p>\t\t\t\t\t\t\t\t<\/div>\n\t\t\t\t<\/div>\n\t\t\t\t\t<\/div>\n\t\t<\/div>\n\t\t\t\t\t<\/div>\n\t\t<\/section>\n\t\t\t\t<\/div>\n\t\t","protected":false},"excerpt":{"rendered":"<p>1. dan: 29. 12. 2025 Odhod iz Slovenije preko Slavonije do severnih obronkov Fru\u0161ke gore, kjer se bomo ustavili na posesti Verkat, kjer bomo obTour Details<\/p>\n","protected":false},"author":1,"featured_media":15622,"parent":0,"menu_order":0,"comment_status":"closed","ping_status":"closed","template":"","meta":{"footnotes":""},"class_list":["post-15748","page","type-page","status-publish","has-post-thumbnail","hentry"],"_links":{"self":[{"href":"https:\/\/natoura.si\/sl_si\/wp-json\/wp\/v2\/pages\/15748","targetHints":{"allow":["GET"]}}],"collection":[{"href":"https:\/\/natoura.si\/sl_si\/wp-json\/wp\/v2\/pages"}],"about":[{"href":"https:\/\/natoura.si\/sl_si\/wp-json\/wp\/v2\/types\/page"}],"author":[{"embeddable":true,"href":"https:\/\/natoura.si\/sl_si\/wp-json\/wp\/v2\/users\/1"}],"replies":[{"embeddable":true,"href":"https:\/\/natoura.si\/sl_si\/wp-json\/wp\/v2\/comments?post=15748"}],"version-history":[{"count":7,"href":"https:\/\/natoura.si\/sl_si\/wp-json\/wp\/v2\/pages\/15748\/revisions"}],"predecessor-version":[{"id":15761,"href":"https:\/\/natoura.si\/sl_si\/wp-json\/wp\/v2\/pages\/15748\/revisions\/15761"}],"wp:featuredmedia":[{"embeddable":true,"href":"https:\/\/natoura.si\/sl_si\/wp-json\/wp\/v2\/media\/15622"}],"wp:attachment":[{"href":"https:\/\/natoura.si\/sl_si\/wp-json\/wp\/v2\/media?parent=15748"}],"curies":[{"name":"wp","href":"https:\/\/api.w.org\/{rel}","templated":true}]}}