{"id":14339,"date":"2024-12-29T16:10:43","date_gmt":"2024-12-29T16:10:43","guid":{"rendered":"https:\/\/natoura.si\/?page_id=14339"},"modified":"2024-12-29T21:35:49","modified_gmt":"2024-12-29T21:35:49","slug":"vodne-poti-v-zaledju-treviza","status":"publish","type":"page","link":"https:\/\/natoura.si\/sl_si\/vodne-poti-v-zaledju-treviza\/","title":{"rendered":"Vodne poti v zaledju Trevi\u017ea &#8211; program"},"content":{"rendered":"\t\t<div data-elementor-type=\"wp-page\" data-elementor-id=\"14339\" class=\"elementor elementor-14339\" data-elementor-post-type=\"page\">\n\t\t\t\t\t\t<section class=\"elementor-section elementor-top-section elementor-element elementor-element-3b78148 elementor-section-boxed elementor-section-height-default elementor-section-height-default\" data-id=\"3b78148\" data-element_type=\"section\" data-e-type=\"section\">\n\t\t\t\t\t\t<div class=\"elementor-container elementor-column-gap-default\">\n\t\t\t\t\t<div class=\"elementor-column elementor-col-33 elementor-top-column elementor-element elementor-element-03c21c9\" data-id=\"03c21c9\" data-element_type=\"column\" data-e-type=\"column\">\n\t\t\t<div class=\"elementor-widget-wrap elementor-element-populated\">\n\t\t\t\t\t\t<div class=\"elementor-element elementor-element-19dfba0 elementor-widget elementor-widget-image\" data-id=\"19dfba0\" data-element_type=\"widget\" data-e-type=\"widget\" data-widget_type=\"image.default\">\n\t\t\t\t<div class=\"elementor-widget-container\">\n\t\t\t\t\t\t\t\t\t\t\t\t\t\t\t<img fetchpriority=\"high\" decoding=\"async\" width=\"800\" height=\"800\" src=\"https:\/\/natoura.si\/wp-content\/uploads\/2024\/12\/Sorgenti-della-Santissima-2.gif\" class=\"attachment-large size-large wp-image-14345\" alt=\"\" \/>\t\t\t\t\t\t\t\t\t\t\t\t\t\t\t<\/div>\n\t\t\t\t<\/div>\n\t\t\t\t\t<\/div>\n\t\t<\/div>\n\t\t\t\t<div class=\"elementor-column elementor-col-66 elementor-top-column elementor-element elementor-element-8ab13c5\" data-id=\"8ab13c5\" data-element_type=\"column\" data-e-type=\"column\">\n\t\t\t<div class=\"elementor-widget-wrap elementor-element-populated\">\n\t\t\t\t\t\t<div class=\"elementor-element elementor-element-e23ee78 elementor-widget elementor-widget-text-editor\" data-id=\"e23ee78\" data-element_type=\"widget\" data-e-type=\"widget\" data-widget_type=\"text-editor.default\">\n\t\t\t\t<div class=\"elementor-widget-container\">\n\t\t\t\t\t\t\t\t\t<p><span style=\"font-family: Poppins;\"><span style=\"color: #9dbc55; font-size: 16px;\">1. dan: petek, 30. maj 2025<br \/><\/span><\/span><\/p><p><span style=\"font-family: Poppins; font-size: 14px;\"><span style=\"font-size: 16px; color: #ffffff;\">Zjutraj odhod z avtobusom iz Ljubljane do slikovite vasi Polcenigo, kjer se bomo najprej sprehodili do izvira Gorgazzo, nato pa \u0161e bo bli\u017enjem parku Pal\u00fa di Livenza, kjer se je nahajalo prazgodovinsko koli\u0161\u010de. Lokacija je del UNESCO-ve svetovne dedi\u0161\u010dine, v neposredni bli\u017eini pa se nahajajo \u0161e izviri Santissima, ki so del linije vodnih izvirov, zna\u010dilnih za severni del Padske ni\u017eine in jih bomo spoznavali\u00a0 na na\u0161em izletu. Pot nas bo naprej vodila do mesta Vittorio Veneto, kjer so neko\u010d gojili sviloprejke in izdelovali kvalitetno svilo, v spomin na te \u010dase pa se na obrobju mesta nahaja Muzej sviloprejstva s prikazom gojenja sviloprejk in izdelave svile. Po ogledu muzeja se bomo odpeljali do bli\u017enjega mesta Conegliano, kjer se bomo sprehodili po starem delu mesta, nato pa se odpravili v bli\u017eino Trevi\u017ea (ital. Treviso) v hotel na ve\u0107erjo in preno\u010devanje. <\/span><br \/><\/span><\/p>\t\t\t\t\t\t\t\t<\/div>\n\t\t\t\t<\/div>\n\t\t\t\t\t<\/div>\n\t\t<\/div>\n\t\t\t\t\t<\/div>\n\t\t<\/section>\n\t\t\t\t<section class=\"elementor-section elementor-top-section elementor-element elementor-element-c1769e8 elementor-section-boxed elementor-section-height-default elementor-section-height-default\" data-id=\"c1769e8\" data-element_type=\"section\" data-e-type=\"section\">\n\t\t\t\t\t\t<div class=\"elementor-container elementor-column-gap-default\">\n\t\t\t\t\t<div class=\"elementor-column elementor-col-66 elementor-top-column elementor-element elementor-element-6707636\" data-id=\"6707636\" data-element_type=\"column\" data-e-type=\"column\">\n\t\t\t<div class=\"elementor-widget-wrap elementor-element-populated\">\n\t\t\t\t\t\t<div class=\"elementor-element elementor-element-e5c16b1 elementor-widget elementor-widget-text-editor\" data-id=\"e5c16b1\" data-element_type=\"widget\" data-e-type=\"widget\" data-widget_type=\"text-editor.default\">\n\t\t\t\t<div class=\"elementor-widget-container\">\n\t\t\t\t\t\t\t\t\t<p><span style=\"font-family: Poppins;\"><span style=\"color: #9db958; font-size: 16px;\">2. dan: sobota, 31. maj 2025<br \/><\/span><\/span><\/p><p><span style=\"font-family: Poppins; font-size: 14px;\"><span style=\"font-size: 16px; color: #ffffff;\">Dan bomo pre\u017eiveli severozahodno od Trevi\u017ea in prvi postanek bomo naredili v vasi Tarzo, ki je znana po muralih, poslikavah na fasad va\u0161kih hi\u0161. Po kratkem sprehodu se bomo odpeljali do jezera Lago, kjer se je v prazgodovini nahajalo koli\u0161\u010de, danes pa je tu priljubljena izletni\u0161ka to\u010dka in kopali\u0161\u010de. Po kratkem ogledu nas bo pot vodila preko znanega prelaza San Boldo po slikoviti vijugasti cesti do vasi Sant\u00b4Antonio Tortal, kjer se bomo pe\u0161 odpravili do slikovite soteske Brent de l\u00c1rt in si ogledali izmenjujo\u010de plasti barvastih apnencev in se seznanili z njihovim nastankom (5 km hoje, pribl. 100 m vi\u0161inske razlike). Sledila bo vo\u017enja do gradu Zumelle, od koder se bomo sprehodili do slikovitih korit ob bli\u017enjem potoku do vodne jame Grotta Azzura (2 km). Sledila bo vo\u017enja do hotela, ve\u010derja in preno\u010devanje.<\/span><br \/><\/span><\/p>\t\t\t\t\t\t\t\t<\/div>\n\t\t\t\t<\/div>\n\t\t\t\t\t<\/div>\n\t\t<\/div>\n\t\t\t\t<div class=\"elementor-column elementor-col-33 elementor-top-column elementor-element elementor-element-9139d37\" data-id=\"9139d37\" data-element_type=\"column\" data-e-type=\"column\">\n\t\t\t<div class=\"elementor-widget-wrap elementor-element-populated\">\n\t\t\t\t\t\t<div class=\"elementor-element elementor-element-746fcb5 elementor-widget elementor-widget-image\" data-id=\"746fcb5\" data-element_type=\"widget\" data-e-type=\"widget\" data-widget_type=\"image.default\">\n\t\t\t\t<div class=\"elementor-widget-container\">\n\t\t\t\t\t\t\t\t\t\t\t\t\t\t\t<img decoding=\"async\" width=\"898\" height=\"898\" src=\"https:\/\/natoura.si\/wp-content\/uploads\/2024\/12\/Najavna-Vodne-poti.gif\" class=\"attachment-large size-large wp-image-14335\" alt=\"\" \/>\t\t\t\t\t\t\t\t\t\t\t\t\t\t\t<\/div>\n\t\t\t\t<\/div>\n\t\t\t\t\t<\/div>\n\t\t<\/div>\n\t\t\t\t\t<\/div>\n\t\t<\/section>\n\t\t\t\t<section class=\"elementor-section elementor-top-section elementor-element elementor-element-7ed273d elementor-section-boxed elementor-section-height-default elementor-section-height-default\" data-id=\"7ed273d\" data-element_type=\"section\" data-e-type=\"section\">\n\t\t\t\t\t\t<div class=\"elementor-container elementor-column-gap-default\">\n\t\t\t\t\t<div class=\"elementor-column elementor-col-33 elementor-top-column elementor-element elementor-element-33e8c31\" data-id=\"33e8c31\" data-element_type=\"column\" data-e-type=\"column\">\n\t\t\t<div class=\"elementor-widget-wrap elementor-element-populated\">\n\t\t\t\t\t\t<div class=\"elementor-element elementor-element-fa5f890 elementor-widget elementor-widget-image\" data-id=\"fa5f890\" data-element_type=\"widget\" data-e-type=\"widget\" data-widget_type=\"image.default\">\n\t\t\t\t<div class=\"elementor-widget-container\">\n\t\t\t\t\t\t\t\t\t\t\t\t\t\t\t<img decoding=\"async\" width=\"800\" height=\"800\" src=\"https:\/\/natoura.si\/wp-content\/uploads\/2024\/12\/Treviso1-2.gif\" class=\"attachment-large size-large wp-image-14346\" alt=\"\" \/>\t\t\t\t\t\t\t\t\t\t\t\t\t\t\t<\/div>\n\t\t\t\t<\/div>\n\t\t\t\t\t<\/div>\n\t\t<\/div>\n\t\t\t\t<div class=\"elementor-column elementor-col-66 elementor-top-column elementor-element elementor-element-a79aa82\" data-id=\"a79aa82\" data-element_type=\"column\" data-e-type=\"column\">\n\t\t\t<div class=\"elementor-widget-wrap elementor-element-populated\">\n\t\t\t\t\t\t<div class=\"elementor-element elementor-element-5ca644c elementor-widget elementor-widget-text-editor\" data-id=\"5ca644c\" data-element_type=\"widget\" data-e-type=\"widget\" data-widget_type=\"text-editor.default\">\n\t\t\t\t<div class=\"elementor-widget-container\">\n\t\t\t\t\t\t\t\t\t<p><span style=\"font-family: Poppins;\"><span style=\"color: #9db958; font-size: 16px;\">3. dan: nedelja, 1. junij 2025<br \/><\/span><\/span><\/p><p><span style=\"font-family: Poppins;\"><span style=\"color: #ffffff;\">Zadnji dan izleta bomo namenili Trevi\u017eu in bli\u017enji okolici. Po zajtrku se bomo odpeljali do izvirov reke Sile, ki nato nekaj kilometrov vzhodneje te\u010de skozi mesto Trevi\u017e in se pribli\u017eno 30 kilometrov ju\u017eneje izliva v bene\u0161ko laguno. Reka Sile, ki si pot do morja utira s \u0161tevilnimi meandri, je najdalj\u0161a kra\u0161ka evropska reka in je plovna v svojem spodnjem toku. Ob njej so v \u010dasu vrhunca Bene\u0161ke republike bogati me\u0161\u010dani gradili svoje poletne rezidence, za plovbo pa so jo uporabljali tudi trgovci s \u010dolni, imenovanimi burci. Nekaj propadajo\u010dih starih \u010dolnov si bomo ogledali na obrobju Trevi\u017ea, potem pa se bomo odpravili \u0161e v samo mesto, ki slovi kot Male Benetke. Sprehodili se bomo po idili\u010dnem starem mestnem jedru, si privo\u0161\u010dili tiramissu in morda \u0161e kak\u0161no zna\u010dilno trevi\u0161ko jed, nato pa se odpeljali nazaj proti Ljubljani, kamor bomo prispeli v ve\u010dernih urah.<\/span><br \/><\/span><\/p>\t\t\t\t\t\t\t\t<\/div>\n\t\t\t\t<\/div>\n\t\t\t\t\t<\/div>\n\t\t<\/div>\n\t\t\t\t\t<\/div>\n\t\t<\/section>\n\t\t\t\t<section class=\"elementor-section elementor-top-section elementor-element elementor-element-56380dc elementor-section-boxed elementor-section-height-default elementor-section-height-default\" data-id=\"56380dc\" data-element_type=\"section\" data-e-type=\"section\">\n\t\t\t\t\t\t<div class=\"elementor-container elementor-column-gap-default\">\n\t\t\t\t\t<div class=\"elementor-column elementor-col-100 elementor-top-column elementor-element elementor-element-d2eba57\" data-id=\"d2eba57\" data-element_type=\"column\" data-e-type=\"column\">\n\t\t\t<div class=\"elementor-widget-wrap elementor-element-populated\">\n\t\t\t\t\t\t<div class=\"elementor-element elementor-element-7b57216 elementor-widget elementor-widget-spacer\" data-id=\"7b57216\" data-element_type=\"widget\" data-e-type=\"widget\" data-widget_type=\"spacer.default\">\n\t\t\t\t<div class=\"elementor-widget-container\">\n\t\t\t\t\t\t\t<div class=\"elementor-spacer\">\n\t\t\t<div class=\"elementor-spacer-inner\"><\/div>\n\t\t<\/div>\n\t\t\t\t\t\t<\/div>\n\t\t\t\t<\/div>\n\t\t\t\t\t<\/div>\n\t\t<\/div>\n\t\t\t\t\t<\/div>\n\t\t<\/section>\n\t\t\t\t<section class=\"elementor-section elementor-top-section elementor-element elementor-element-658ba09 elementor-section-boxed elementor-section-height-default elementor-section-height-default\" data-id=\"658ba09\" data-element_type=\"section\" data-e-type=\"section\">\n\t\t\t\t\t\t<div class=\"elementor-container elementor-column-gap-default\">\n\t\t\t\t\t<div class=\"elementor-column elementor-col-100 elementor-top-column elementor-element elementor-element-4498596\" data-id=\"4498596\" data-element_type=\"column\" data-e-type=\"column\">\n\t\t\t<div class=\"elementor-widget-wrap elementor-element-populated\">\n\t\t\t\t\t\t<div class=\"elementor-element elementor-element-2a2d8c9 elementor-widget elementor-widget-text-editor\" data-id=\"2a2d8c9\" data-element_type=\"widget\" data-e-type=\"widget\" data-widget_type=\"text-editor.default\">\n\t\t\t\t<div class=\"elementor-widget-container\">\n\t\t\t\t\t\t\t\t\t<p><span style=\"font-family: Poppins; font-size: 16px; color: #ffffff;\">Avtorica programa: \u00a9 Janja Benedik, 2024.<\/span><\/p><p><span style=\"font-size: 16px; color: #ffffff;\"><span style=\"font-family: Poppins;\">Organizator in izvajalec <\/span><span style=\"font-family: Poppins;\">programa: \u00a9 naTOURa, Janja Benedik s. p.\u00a0 <\/span><\/span><\/p><p><span style=\"font-size: 16px; color: #ffffff;\">\u00a9 foto: Janja Benedik.<\/span><\/p>\t\t\t\t\t\t\t\t<\/div>\n\t\t\t\t<\/div>\n\t\t\t\t\t<\/div>\n\t\t<\/div>\n\t\t\t\t\t<\/div>\n\t\t<\/section>\n\t\t\t\t<\/div>\n\t\t","protected":false},"excerpt":{"rendered":"<p>1. dan: petek, 30. maj 2025 Zjutraj odhod z avtobusom iz Ljubljane do slikovite vasi Polcenigo, kjer se bomo najprej sprehodili do izvira Gorgazzo, natoTour Details<\/p>\n","protected":false},"author":1,"featured_media":14341,"parent":0,"menu_order":0,"comment_status":"closed","ping_status":"closed","template":"","meta":{"footnotes":""},"class_list":["post-14339","page","type-page","status-publish","has-post-thumbnail","hentry"],"_links":{"self":[{"href":"https:\/\/natoura.si\/sl_si\/wp-json\/wp\/v2\/pages\/14339","targetHints":{"allow":["GET"]}}],"collection":[{"href":"https:\/\/natoura.si\/sl_si\/wp-json\/wp\/v2\/pages"}],"about":[{"href":"https:\/\/natoura.si\/sl_si\/wp-json\/wp\/v2\/types\/page"}],"author":[{"embeddable":true,"href":"https:\/\/natoura.si\/sl_si\/wp-json\/wp\/v2\/users\/1"}],"replies":[{"embeddable":true,"href":"https:\/\/natoura.si\/sl_si\/wp-json\/wp\/v2\/comments?post=14339"}],"version-history":[{"count":18,"href":"https:\/\/natoura.si\/sl_si\/wp-json\/wp\/v2\/pages\/14339\/revisions"}],"predecessor-version":[{"id":14394,"href":"https:\/\/natoura.si\/sl_si\/wp-json\/wp\/v2\/pages\/14339\/revisions\/14394"}],"wp:featuredmedia":[{"embeddable":true,"href":"https:\/\/natoura.si\/sl_si\/wp-json\/wp\/v2\/media\/14341"}],"wp:attachment":[{"href":"https:\/\/natoura.si\/sl_si\/wp-json\/wp\/v2\/media?parent=14339"}],"curies":[{"name":"wp","href":"https:\/\/api.w.org\/{rel}","templated":true}]}}