{"id":13982,"date":"2024-10-09T07:07:02","date_gmt":"2024-10-09T07:07:02","guid":{"rendered":"https:\/\/natoura.si\/?page_id=13982"},"modified":"2025-12-10T07:47:01","modified_gmt":"2025-12-10T07:47:01","slug":"zahodna-kreta-program","status":"publish","type":"page","link":"https:\/\/natoura.si\/sl_si\/zahodna-kreta-program\/","title":{"rendered":"Zahodna Kreta &#8211; program"},"content":{"rendered":"\t\t<div data-elementor-type=\"wp-page\" data-elementor-id=\"13982\" class=\"elementor elementor-13982\" data-elementor-post-type=\"page\">\n\t\t\t\t\t\t<section class=\"elementor-section elementor-top-section elementor-element elementor-element-3b78148 elementor-section-boxed elementor-section-height-default elementor-section-height-default\" data-id=\"3b78148\" data-element_type=\"section\" data-e-type=\"section\">\n\t\t\t\t\t\t<div class=\"elementor-container elementor-column-gap-default\">\n\t\t\t\t\t<div class=\"elementor-column elementor-col-33 elementor-top-column elementor-element elementor-element-03c21c9\" data-id=\"03c21c9\" data-element_type=\"column\" data-e-type=\"column\">\n\t\t\t<div class=\"elementor-widget-wrap elementor-element-populated\">\n\t\t\t\t\t\t<div class=\"elementor-element elementor-element-7408ada elementor-widget elementor-widget-image\" data-id=\"7408ada\" data-element_type=\"widget\" data-e-type=\"widget\" data-widget_type=\"image.default\">\n\t\t\t\t<div class=\"elementor-widget-container\">\n\t\t\t\t\t\t\t\t\t\t\t\t\t\t\t<img fetchpriority=\"high\" decoding=\"async\" width=\"800\" height=\"800\" src=\"https:\/\/natoura.si\/wp-content\/uploads\/2024\/10\/Clipboard_10-08-2024_01.gif\" class=\"attachment-large size-large wp-image-13987\" alt=\"\" \/>\t\t\t\t\t\t\t\t\t\t\t\t\t\t\t<\/div>\n\t\t\t\t<\/div>\n\t\t\t\t\t<\/div>\n\t\t<\/div>\n\t\t\t\t<div class=\"elementor-column elementor-col-66 elementor-top-column elementor-element elementor-element-8ab13c5\" data-id=\"8ab13c5\" data-element_type=\"column\" data-e-type=\"column\">\n\t\t\t<div class=\"elementor-widget-wrap elementor-element-populated\">\n\t\t\t\t\t\t<div class=\"elementor-element elementor-element-e23ee78 elementor-widget elementor-widget-text-editor\" data-id=\"e23ee78\" data-element_type=\"widget\" data-e-type=\"widget\" data-widget_type=\"text-editor.default\">\n\t\t\t\t<div class=\"elementor-widget-container\">\n\t\t\t\t\t\t\t\t\t<p><span style=\"font-family: Poppins;\"><span style=\"color: #9dbc55; font-size: 16px;\">1. dan<br \/><\/span><\/span><\/p><p><span style=\"color: #ffffff;\">Odhod iz Slovenije: let Ljubljana &#8211; Atene &#8211; Heraklion. Transfer z letali\u0161\u010da do hotela ob severni obali Krete, ve\u010derja in preno\u010devanje.<\/span><\/p>\t\t\t\t\t\t\t\t<\/div>\n\t\t\t\t<\/div>\n\t\t\t\t\t<\/div>\n\t\t<\/div>\n\t\t\t\t\t<\/div>\n\t\t<\/section>\n\t\t\t\t<section class=\"elementor-section elementor-top-section elementor-element elementor-element-c1769e8 elementor-section-boxed elementor-section-height-default elementor-section-height-default\" data-id=\"c1769e8\" data-element_type=\"section\" data-e-type=\"section\">\n\t\t\t\t\t\t<div class=\"elementor-container elementor-column-gap-default\">\n\t\t\t\t\t<div class=\"elementor-column elementor-col-66 elementor-top-column elementor-element elementor-element-6707636\" data-id=\"6707636\" data-element_type=\"column\" data-e-type=\"column\">\n\t\t\t<div class=\"elementor-widget-wrap elementor-element-populated\">\n\t\t\t\t\t\t<div class=\"elementor-element elementor-element-e5c16b1 elementor-widget elementor-widget-text-editor\" data-id=\"e5c16b1\" data-element_type=\"widget\" data-e-type=\"widget\" data-widget_type=\"text-editor.default\">\n\t\t\t\t<div class=\"elementor-widget-container\">\n\t\t\t\t\t\t\t\t\t<p><span style=\"font-family: Poppins;\"><span style=\"color: #9db958; font-size: 16px;\">2. dan<br \/><\/span><\/span><\/p><p><span style=\"color: #ffffff;\">Po zajtrku se bomo odpeljali do vzno\u017eja vzhodnega dela obmo\u010dja najvi\u0161jega vrha Krete Psiloritisa. Tam se bomo seznanili z nekdanjo minojsko pala\u010do Zominthos, ki se nahaja ob cesti, ki vodi do planote Nida pod Psiloritisom. Spregovorili bomo o vlogi pala\u010de, ki se je v \u010dasu svojega delovanja nahajala ob poti proti sveti jami Ideon Anthron. \u010ce bo cesta normalno prevozna, se bomo do jame tudi zapeljali in si ogledali enega od rojstnih krajev vrhovnega poglavarja starogr\u0161kih bogov Zeusa. Sledil bo postanek v vasi Anogia, kjer bomo obiskali Informativno sredi\u0161\u010da Geoparka Psiloritis, nato pa se bomo podali v globine jame Sfedonis v vasi Zoniana. Sledila bo vo\u017enja nazaj v hotel na ve\u010derjo in preno\u010devanje.<\/span><\/p>\t\t\t\t\t\t\t\t<\/div>\n\t\t\t\t<\/div>\n\t\t\t\t\t<\/div>\n\t\t<\/div>\n\t\t\t\t<div class=\"elementor-column elementor-col-33 elementor-top-column elementor-element elementor-element-9139d37\" data-id=\"9139d37\" data-element_type=\"column\" data-e-type=\"column\">\n\t\t\t<div class=\"elementor-widget-wrap elementor-element-populated\">\n\t\t\t\t\t\t<div class=\"elementor-element elementor-element-cccb775 elementor-widget elementor-widget-image\" data-id=\"cccb775\" data-element_type=\"widget\" data-e-type=\"widget\" data-widget_type=\"image.default\">\n\t\t\t\t<div class=\"elementor-widget-container\">\n\t\t\t\t\t\t\t\t\t\t\t\t\t\t\t<img decoding=\"async\" width=\"800\" height=\"800\" src=\"https:\/\/natoura.si\/wp-content\/uploads\/2025\/03\/Sfendoni-cave.webp\" class=\"attachment-large size-large wp-image-15060\" alt=\"\" srcset=\"https:\/\/natoura.si\/wp-content\/uploads\/2025\/03\/Sfendoni-cave.webp 800w, https:\/\/natoura.si\/wp-content\/uploads\/2025\/03\/Sfendoni-cave-300x300.webp 300w, https:\/\/natoura.si\/wp-content\/uploads\/2025\/03\/Sfendoni-cave-150x150.webp 150w, https:\/\/natoura.si\/wp-content\/uploads\/2025\/03\/Sfendoni-cave-768x768.webp 768w, https:\/\/natoura.si\/wp-content\/uploads\/2025\/03\/Sfendoni-cave-12x12.webp 12w\" sizes=\"(max-width: 800px) 100vw, 800px\" \/>\t\t\t\t\t\t\t\t\t\t\t\t\t\t\t<\/div>\n\t\t\t\t<\/div>\n\t\t\t\t\t<\/div>\n\t\t<\/div>\n\t\t\t\t\t<\/div>\n\t\t<\/section>\n\t\t\t\t<section class=\"elementor-section elementor-top-section elementor-element elementor-element-7ed273d elementor-section-boxed elementor-section-height-default elementor-section-height-default\" data-id=\"7ed273d\" data-element_type=\"section\" data-e-type=\"section\">\n\t\t\t\t\t\t<div class=\"elementor-container elementor-column-gap-default\">\n\t\t\t\t\t<div class=\"elementor-column elementor-col-33 elementor-top-column elementor-element elementor-element-33e8c31\" data-id=\"33e8c31\" data-element_type=\"column\" data-e-type=\"column\">\n\t\t\t<div class=\"elementor-widget-wrap elementor-element-populated\">\n\t\t\t\t\t\t<div class=\"elementor-element elementor-element-fa5f890 elementor-widget elementor-widget-image\" data-id=\"fa5f890\" data-element_type=\"widget\" data-e-type=\"widget\" data-widget_type=\"image.default\">\n\t\t\t\t<div class=\"elementor-widget-container\">\n\t\t\t\t\t\t\t\t\t\t\t\t\t\t\t<img decoding=\"async\" width=\"800\" height=\"800\" src=\"https:\/\/natoura.si\/wp-content\/uploads\/2025\/12\/Armeni.gif\" class=\"attachment-large size-large wp-image-16696\" alt=\"\" \/>\t\t\t\t\t\t\t\t\t\t\t\t\t\t\t<\/div>\n\t\t\t\t<\/div>\n\t\t\t\t\t<\/div>\n\t\t<\/div>\n\t\t\t\t<div class=\"elementor-column elementor-col-66 elementor-top-column elementor-element elementor-element-a79aa82\" data-id=\"a79aa82\" data-element_type=\"column\" data-e-type=\"column\">\n\t\t\t<div class=\"elementor-widget-wrap elementor-element-populated\">\n\t\t\t\t\t\t<div class=\"elementor-element elementor-element-5ca644c elementor-widget elementor-widget-text-editor\" data-id=\"5ca644c\" data-element_type=\"widget\" data-e-type=\"widget\" data-widget_type=\"text-editor.default\">\n\t\t\t\t<div class=\"elementor-widget-container\">\n\t\t\t\t\t\t\t\t\t<p><span style=\"font-family: Poppins;\"><span style=\"color: #9db958; font-size: 16px;\">3. dan: <br \/><\/span><\/span><\/p><p><span style=\"color: #ffffff;\">Po zajtrku nas bo pot vodila do nekdanjega anti\u010dnega mesta Eleutherna, kjer so \u0161tevilne \u010dudovite najdbe prikazane v sodobnem arheolo\u0161kem muzeju. Po ogledu se bomo sprehodili \u0161e po lokaciji nekdanjega mesta, ki je bilo zgrajeno na strete\u0161ki lokaciji. Nedale\u010d stran se v vasi Armeni nahaja minojsko pokopali\u0161\u010de s \u0161tevilnimi grobnicami razli\u010dnih oblik in velikosti, v katerih so na\u0161li razli\u010dne predmete, preko katerih imamo danes vsaj delen vpogled v na\u010din \u017eivljenja nekdanjih prebivalcev Krete. Sledila bo vo\u017enja do ju\u017ene obale Krete do trdnjave Frangocastelo, ki si jo bomo ogledali, nato pa bo nekaj prostega \u010dasa za kopanje. Pot bomo nadaljevali proti vasi Chora Sfakion, kjer bo ob obali ve\u010derja in preno\u010devanje.<\/span><\/p>\t\t\t\t\t\t\t\t<\/div>\n\t\t\t\t<\/div>\n\t\t\t\t\t<\/div>\n\t\t<\/div>\n\t\t\t\t\t<\/div>\n\t\t<\/section>\n\t\t\t\t<section class=\"elementor-section elementor-top-section elementor-element elementor-element-78b34f3 elementor-section-boxed elementor-section-height-default elementor-section-height-default\" data-id=\"78b34f3\" data-element_type=\"section\" data-e-type=\"section\">\n\t\t\t\t\t\t<div class=\"elementor-container elementor-column-gap-default\">\n\t\t\t\t\t<div class=\"elementor-column elementor-col-66 elementor-top-column elementor-element elementor-element-2991603\" data-id=\"2991603\" data-element_type=\"column\" data-e-type=\"column\">\n\t\t\t<div class=\"elementor-widget-wrap elementor-element-populated\">\n\t\t\t\t\t\t<div class=\"elementor-element elementor-element-44bcf2d elementor-widget elementor-widget-text-editor\" data-id=\"44bcf2d\" data-element_type=\"widget\" data-e-type=\"widget\" data-widget_type=\"text-editor.default\">\n\t\t\t\t<div class=\"elementor-widget-container\">\n\t\t\t\t\t\t\t\t\t<p><span style=\"font-family: Poppins;\"><span style=\"color: #9db958; font-size: 16px;\">4. dan:\u00a0<\/span> <\/span><\/p><p><span style=\"color: #ffffff;\">Zjutraj se bomo z ladjico odpeljali do pla\u017ee Marmama, od koder se bomo podali na pohod* ob ju\u017eni obali proti vasi Chora Sfakion. Pohod bomo prekinili s postanki na lepih pla\u017eah z mo\u017enostjo kopanja. Ve\u010derja in preno\u010devanje v Chora Sfakion.\u00a0<\/span><\/p><p><span style=\"font-family: Poppins; font-size: 14px; color: #ffffff;\">\u00a0*pribli\u017eno 7,5 km, nekaj bla\u017ejih vzponov in spustov (pribl. 50 m vi\u0161inske razlike, zadnji vzpon nekaj manj kot 100 m).<\/span><\/p>\t\t\t\t\t\t\t\t<\/div>\n\t\t\t\t<\/div>\n\t\t\t\t\t<\/div>\n\t\t<\/div>\n\t\t\t\t<div class=\"elementor-column elementor-col-33 elementor-top-column elementor-element elementor-element-3eb5519\" data-id=\"3eb5519\" data-element_type=\"column\" data-e-type=\"column\">\n\t\t\t<div class=\"elementor-widget-wrap elementor-element-populated\">\n\t\t\t\t\t\t<div class=\"elementor-element elementor-element-d0402c7 elementor-widget elementor-widget-image\" data-id=\"d0402c7\" data-element_type=\"widget\" data-e-type=\"widget\" data-widget_type=\"image.default\">\n\t\t\t\t<div class=\"elementor-widget-container\">\n\t\t\t\t\t\t\t\t\t\t\t\t\t\t\t<img loading=\"lazy\" decoding=\"async\" width=\"800\" height=\"800\" src=\"https:\/\/natoura.si\/wp-content\/uploads\/2025\/12\/Marmara.gif\" class=\"attachment-large size-large wp-image-16695\" alt=\"\" \/>\t\t\t\t\t\t\t\t\t\t\t\t\t\t\t<\/div>\n\t\t\t\t<\/div>\n\t\t\t\t\t<\/div>\n\t\t<\/div>\n\t\t\t\t\t<\/div>\n\t\t<\/section>\n\t\t\t\t<section class=\"elementor-section elementor-top-section elementor-element elementor-element-71d0081 elementor-section-boxed elementor-section-height-default elementor-section-height-default\" data-id=\"71d0081\" data-element_type=\"section\" data-e-type=\"section\">\n\t\t\t\t\t\t<div class=\"elementor-container elementor-column-gap-default\">\n\t\t\t\t\t<div class=\"elementor-column elementor-col-33 elementor-top-column elementor-element elementor-element-2de5e3f\" data-id=\"2de5e3f\" data-element_type=\"column\" data-e-type=\"column\">\n\t\t\t<div class=\"elementor-widget-wrap elementor-element-populated\">\n\t\t\t\t\t\t<div class=\"elementor-element elementor-element-a2dd86a elementor-widget elementor-widget-image\" data-id=\"a2dd86a\" data-element_type=\"widget\" data-e-type=\"widget\" data-widget_type=\"image.default\">\n\t\t\t\t<div class=\"elementor-widget-container\">\n\t\t\t\t\t\t\t\t\t\t\t\t\t\t\t<img loading=\"lazy\" decoding=\"async\" width=\"800\" height=\"800\" src=\"https:\/\/natoura.si\/wp-content\/uploads\/2025\/12\/Aradena.gif\" class=\"attachment-large size-large wp-image-16694\" alt=\"\" \/>\t\t\t\t\t\t\t\t\t\t\t\t\t\t\t<\/div>\n\t\t\t\t<\/div>\n\t\t\t\t\t<\/div>\n\t\t<\/div>\n\t\t\t\t<div class=\"elementor-column elementor-col-66 elementor-top-column elementor-element elementor-element-d4060a9\" data-id=\"d4060a9\" data-element_type=\"column\" data-e-type=\"column\">\n\t\t\t<div class=\"elementor-widget-wrap elementor-element-populated\">\n\t\t\t\t\t\t<div class=\"elementor-element elementor-element-5d62b89 elementor-widget elementor-widget-text-editor\" data-id=\"5d62b89\" data-element_type=\"widget\" data-e-type=\"widget\" data-widget_type=\"text-editor.default\">\n\t\t\t\t<div class=\"elementor-widget-container\">\n\t\t\t\t\t\t\t\t\t<p><span style=\"font-family: Poppins;\"><span style=\"color: #9db958; font-size: 16px;\">5. dan:\u00a0<\/span> <\/span><\/p><p><span style=\"color: #ffffff;\">Zjutraj se bomo iz vasi Chora Sfakion odpeljali do vasi Aradena, si ogledali stare zapu\u0161\u010dene hi\u0161e ter se sprehodili preko mostu, ki vodi preko znamenitega istoimenskega kanjona. Nato bomo zapustili ju\u017eni del otoka in se odpravili proti severu do vasi Stylos, kjer si bomo ogledali kar tri znamenitosti. Prva nas bo popeljala v \u010das Minojcev, saj si bomo ogledali poseben tip minojske grobnice s kupolasto streho, sledil bo ogled najve\u010djih ohranjenih bene\u010danskih mlinov na Kreti, nato pa \u0161e izredno lepo ohranjeno okostje morske krave, ki nas bo popeljalo v \u017eivljenje na Kreti pred ve\u010d milijoni let. Sledila bo vo\u017enja do bli\u017enjega mesta Chania, kjer bo ve\u010derja in preno\u010devanje v neposredni bli\u017eini starega mestnega jedra.<\/span><\/p>\t\t\t\t\t\t\t\t<\/div>\n\t\t\t\t<\/div>\n\t\t\t\t\t<\/div>\n\t\t<\/div>\n\t\t\t\t\t<\/div>\n\t\t<\/section>\n\t\t\t\t<section class=\"elementor-section elementor-top-section elementor-element elementor-element-66fb1af elementor-section-boxed elementor-section-height-default elementor-section-height-default\" data-id=\"66fb1af\" data-element_type=\"section\" data-e-type=\"section\">\n\t\t\t\t\t\t<div class=\"elementor-container elementor-column-gap-default\">\n\t\t\t\t\t<div class=\"elementor-column elementor-col-66 elementor-top-column elementor-element elementor-element-5b5f617\" data-id=\"5b5f617\" data-element_type=\"column\" data-e-type=\"column\">\n\t\t\t<div class=\"elementor-widget-wrap elementor-element-populated\">\n\t\t\t\t\t\t<div class=\"elementor-element elementor-element-c991d6e elementor-widget elementor-widget-text-editor\" data-id=\"c991d6e\" data-element_type=\"widget\" data-e-type=\"widget\" data-widget_type=\"text-editor.default\">\n\t\t\t\t<div class=\"elementor-widget-container\">\n\t\t\t\t\t\t\t\t\t<p><span style=\"font-family: Poppins;\"><span style=\"color: #9db958; font-size: 16px;\">6. dan:\u00a0<\/span> <\/span><\/p><p><span style=\"color: #ffffff;\">Zjutraj nas bo pot vodila na skrajni severozahodni del otoka, kjer je v antiki cvetelo mesto Phalasarna. Zaradi uni\u010dujo\u010dega potresa leta 365, ko se je del Krete dvignil za skoraj 9 m, je bilo mesto poru\u0161eno in zapu\u0161\u010deno, danes pa si lahko ogledamo ostanke pristani\u0161\u010da in del poselitvenega prostora. Vrnili se bomo na severno obalo do zaliva Trachillos, kjer so pred leti na\u0161li odtise stopinj, ki veljajo za najstarej\u0161e do zdaj najdene sledi, ki jih je zapustil prednik \u010dloveka. Skupaj z nekaterimi drugimi najdbami v Evropi ta lokacija postavlja na glavo teorijo o izvoru na\u0161e vrste v Afriki. Posku\u0161ali bomo ugotoviti, ali so na\u0161i predniki hodili prav po tej obali Krete? Vrnili se bomo v sedanjost in se zapeljali v notranjost do vasi Polyrrhenia, kjer bomo obiskali anti\u010dno akropolo in u\u017eivali v nepozabnih razgledih na severno obalo in notranjost otoka. \u010ce bo \u010das, se bomo na poti nazaj proti Chanii ustavili v vasi Komolithi in si ogledali zemeljske piramide.<\/span><\/p>\t\t\t\t\t\t\t\t<\/div>\n\t\t\t\t<\/div>\n\t\t\t\t\t<\/div>\n\t\t<\/div>\n\t\t\t\t<div class=\"elementor-column elementor-col-33 elementor-top-column elementor-element elementor-element-6a9c877\" data-id=\"6a9c877\" data-element_type=\"column\" data-e-type=\"column\">\n\t\t\t<div class=\"elementor-widget-wrap elementor-element-populated\">\n\t\t\t\t\t\t<div class=\"elementor-element elementor-element-746fcb5 elementor-widget elementor-widget-image\" data-id=\"746fcb5\" data-element_type=\"widget\" data-e-type=\"widget\" data-widget_type=\"image.default\">\n\t\t\t\t<div class=\"elementor-widget-container\">\n\t\t\t\t\t\t\t\t\t\t\t\t\t\t\t<img loading=\"lazy\" decoding=\"async\" width=\"800\" height=\"800\" src=\"https:\/\/natoura.si\/wp-content\/uploads\/2024\/10\/Polyrrhenia.gif\" class=\"attachment-large size-large wp-image-13994\" alt=\"\" \/>\t\t\t\t\t\t\t\t\t\t\t\t\t\t\t<\/div>\n\t\t\t\t<\/div>\n\t\t\t\t\t<\/div>\n\t\t<\/div>\n\t\t\t\t\t<\/div>\n\t\t<\/section>\n\t\t\t\t<section class=\"elementor-section elementor-top-section elementor-element elementor-element-b003f9e elementor-section-boxed elementor-section-height-default elementor-section-height-default\" data-id=\"b003f9e\" data-element_type=\"section\" data-e-type=\"section\">\n\t\t\t\t\t\t<div class=\"elementor-container elementor-column-gap-default\">\n\t\t\t\t\t<div class=\"elementor-column elementor-col-33 elementor-top-column elementor-element elementor-element-4ebf0b1\" data-id=\"4ebf0b1\" data-element_type=\"column\" data-e-type=\"column\">\n\t\t\t<div class=\"elementor-widget-wrap elementor-element-populated\">\n\t\t\t\t\t\t<div class=\"elementor-element elementor-element-f4eed4c elementor-widget elementor-widget-image\" data-id=\"f4eed4c\" data-element_type=\"widget\" data-e-type=\"widget\" data-widget_type=\"image.default\">\n\t\t\t\t<div class=\"elementor-widget-container\">\n\t\t\t\t\t\t\t\t\t\t\t\t\t\t\t<img loading=\"lazy\" decoding=\"async\" width=\"800\" height=\"800\" src=\"https:\/\/natoura.si\/wp-content\/uploads\/2024\/10\/Aptera.gif\" class=\"attachment-large size-large wp-image-13992\" alt=\"\" \/>\t\t\t\t\t\t\t\t\t\t\t\t\t\t\t<\/div>\n\t\t\t\t<\/div>\n\t\t\t\t\t<\/div>\n\t\t<\/div>\n\t\t\t\t<div class=\"elementor-column elementor-col-66 elementor-top-column elementor-element elementor-element-1bfc2b0\" data-id=\"1bfc2b0\" data-element_type=\"column\" data-e-type=\"column\">\n\t\t\t<div class=\"elementor-widget-wrap elementor-element-populated\">\n\t\t\t\t\t\t<div class=\"elementor-element elementor-element-2c9a1c0 elementor-widget elementor-widget-text-editor\" data-id=\"2c9a1c0\" data-element_type=\"widget\" data-e-type=\"widget\" data-widget_type=\"text-editor.default\">\n\t\t\t\t<div class=\"elementor-widget-container\">\n\t\t\t\t\t\t\t\t\t<p><span style=\"font-family: Poppins;\"><span style=\"color: #9db958; font-size: 16px;\">7. dan:\u00a0<\/span> <\/span><\/p><p><span style=\"color: #ffffff;\">Tudi ta dan ne bo \u0161lo brez raziskovanja razli\u010dnih zgodovinskih obdobij, predvsem pa slikovite in divje narave Zahodne Krete. Najprej nas bo pri\u010dakala Aptera, nekdanje anti\u010dno mesto na izjemni strate\u0161ki legi nad vhodom v zaliv Souda, kjer so med drugim ohranjene ogromne cisterne za vodo, gledali\u0161\u010de, bazilika, &#8230; Pot nas bo iz Aptere vodila v hribovito notranjost, prepredeno s kanjoni, rekami in gozdovi do vasi Therisso, kjer bo kratek postanek, sledila pa bo vo\u017enja do planote Omalos, s katere se proti jugu Krete spu\u0161\u010dajo najdalj\u0161i in najglobji kanjoni. Tokrat jih bomo izpustili in se podali na kratek sprehod do rasti\u0161\u010da endemi\u010dnih kretskih dreves Zelkova, iz katerih so v preteklosti pastirji izdelovali zna\u010dilne zakrivljene palice. Spoznali bomo \u017eivljenje na odmaknjeni planoti in se pozno popoldan vrnili v Chanio, kjer bo ve\u010derja in preno\u010devanje.<\/span><\/p>\t\t\t\t\t\t\t\t<\/div>\n\t\t\t\t<\/div>\n\t\t\t\t\t<\/div>\n\t\t<\/div>\n\t\t\t\t\t<\/div>\n\t\t<\/section>\n\t\t\t\t<section class=\"elementor-section elementor-top-section elementor-element elementor-element-de059c5 elementor-section-boxed elementor-section-height-default elementor-section-height-default\" data-id=\"de059c5\" data-element_type=\"section\" data-e-type=\"section\">\n\t\t\t\t\t\t<div class=\"elementor-container elementor-column-gap-default\">\n\t\t\t\t\t<div class=\"elementor-column elementor-col-66 elementor-top-column elementor-element elementor-element-b33107d\" data-id=\"b33107d\" data-element_type=\"column\" data-e-type=\"column\">\n\t\t\t<div class=\"elementor-widget-wrap elementor-element-populated\">\n\t\t\t\t\t\t<div class=\"elementor-element elementor-element-049e42d elementor-widget elementor-widget-text-editor\" data-id=\"049e42d\" data-element_type=\"widget\" data-e-type=\"widget\" data-widget_type=\"text-editor.default\">\n\t\t\t\t<div class=\"elementor-widget-container\">\n\t\t\t\t\t\t\t\t\t<p><span style=\"font-family: Poppins;\"><span style=\"color: #9db958; font-size: 16px;\">8. dan:\u00a0<\/span> <\/span><\/p><p><span style=\"color: #ffffff;\">Vo\u017enja iz hotela na letali\u0161\u010de Chania, in let preko Aten do Brnika.\u00a0<\/span><\/p>\t\t\t\t\t\t\t\t<\/div>\n\t\t\t\t<\/div>\n\t\t\t\t\t<\/div>\n\t\t<\/div>\n\t\t\t\t<div class=\"elementor-column elementor-col-33 elementor-top-column elementor-element elementor-element-05b1240\" data-id=\"05b1240\" data-element_type=\"column\" data-e-type=\"column\">\n\t\t\t<div class=\"elementor-widget-wrap elementor-element-populated\">\n\t\t\t\t\t\t<div class=\"elementor-element elementor-element-19dfba0 elementor-widget elementor-widget-image\" data-id=\"19dfba0\" data-element_type=\"widget\" data-e-type=\"widget\" data-widget_type=\"image.default\">\n\t\t\t\t<div class=\"elementor-widget-container\">\n\t\t\t\t\t\t\t\t\t\t\t\t\t\t\t<img loading=\"lazy\" decoding=\"async\" width=\"864\" height=\"864\" src=\"https:\/\/natoura.si\/wp-content\/uploads\/2024\/10\/Ovce-Kreta.gif\" class=\"attachment-large size-large wp-image-13995\" alt=\"\" \/>\t\t\t\t\t\t\t\t\t\t\t\t\t\t\t<\/div>\n\t\t\t\t<\/div>\n\t\t\t\t\t<\/div>\n\t\t<\/div>\n\t\t\t\t\t<\/div>\n\t\t<\/section>\n\t\t\t\t<section class=\"elementor-section elementor-top-section elementor-element elementor-element-ce68f98 elementor-section-boxed elementor-section-height-default elementor-section-height-default\" data-id=\"ce68f98\" data-element_type=\"section\" data-e-type=\"section\">\n\t\t\t\t\t\t<div class=\"elementor-container elementor-column-gap-default\">\n\t\t\t\t\t<div class=\"elementor-column elementor-col-100 elementor-top-column elementor-element elementor-element-a06625b\" data-id=\"a06625b\" data-element_type=\"column\" data-e-type=\"column\">\n\t\t\t<div class=\"elementor-widget-wrap\">\n\t\t\t\t\t\t\t<\/div>\n\t\t<\/div>\n\t\t\t\t\t<\/div>\n\t\t<\/section>\n\t\t\t\t<section class=\"elementor-section elementor-top-section elementor-element elementor-element-658ba09 elementor-section-boxed elementor-section-height-default elementor-section-height-default\" data-id=\"658ba09\" data-element_type=\"section\" data-e-type=\"section\">\n\t\t\t\t\t\t<div class=\"elementor-container elementor-column-gap-default\">\n\t\t\t\t\t<div class=\"elementor-column elementor-col-100 elementor-top-column elementor-element elementor-element-4498596\" data-id=\"4498596\" data-element_type=\"column\" data-e-type=\"column\">\n\t\t\t<div class=\"elementor-widget-wrap elementor-element-populated\">\n\t\t\t\t\t\t<div class=\"elementor-element elementor-element-2a2d8c9 elementor-widget elementor-widget-text-editor\" data-id=\"2a2d8c9\" data-element_type=\"widget\" data-e-type=\"widget\" data-widget_type=\"text-editor.default\">\n\t\t\t\t<div class=\"elementor-widget-container\">\n\t\t\t\t\t\t\t\t\t<p><span style=\"font-family: Poppins; font-size: 14px; color: #ffffff;\">Avtorica programa in fotografij: \u00a9 Janja Benedik, 2015-2025.<\/span><\/p><p><span style=\"font-family: Poppins; font-size: 14px; color: #ffffff;\">Organizator in izvajalec programa: \u00a9 naTOURa, Janja Benedik s. p., 2024-26.<\/span><\/p>\t\t\t\t\t\t\t\t<\/div>\n\t\t\t\t<\/div>\n\t\t\t\t\t<\/div>\n\t\t<\/div>\n\t\t\t\t\t<\/div>\n\t\t<\/section>\n\t\t\t\t<\/div>\n\t\t","protected":false},"excerpt":{"rendered":"<p>1. dan Odhod iz Slovenije: let Ljubljana &#8211; Atene &#8211; Heraklion. Transfer z letali\u0161\u010da do hotela ob severni obali Krete, ve\u010derja in preno\u010devanje. 2. danTour Details<\/p>\n","protected":false},"author":1,"featured_media":13984,"parent":0,"menu_order":0,"comment_status":"closed","ping_status":"closed","template":"","meta":{"footnotes":""},"class_list":["post-13982","page","type-page","status-publish","has-post-thumbnail","hentry"],"_links":{"self":[{"href":"https:\/\/natoura.si\/sl_si\/wp-json\/wp\/v2\/pages\/13982","targetHints":{"allow":["GET"]}}],"collection":[{"href":"https:\/\/natoura.si\/sl_si\/wp-json\/wp\/v2\/pages"}],"about":[{"href":"https:\/\/natoura.si\/sl_si\/wp-json\/wp\/v2\/types\/page"}],"author":[{"embeddable":true,"href":"https:\/\/natoura.si\/sl_si\/wp-json\/wp\/v2\/users\/1"}],"replies":[{"embeddable":true,"href":"https:\/\/natoura.si\/sl_si\/wp-json\/wp\/v2\/comments?post=13982"}],"version-history":[{"count":28,"href":"https:\/\/natoura.si\/sl_si\/wp-json\/wp\/v2\/pages\/13982\/revisions"}],"predecessor-version":[{"id":16699,"href":"https:\/\/natoura.si\/sl_si\/wp-json\/wp\/v2\/pages\/13982\/revisions\/16699"}],"wp:featuredmedia":[{"embeddable":true,"href":"https:\/\/natoura.si\/sl_si\/wp-json\/wp\/v2\/media\/13984"}],"wp:attachment":[{"href":"https:\/\/natoura.si\/sl_si\/wp-json\/wp\/v2\/media?parent=13982"}],"curies":[{"name":"wp","href":"https:\/\/api.w.org\/{rel}","templated":true}]}}