{"id":1376,"date":"2020-03-17T18:10:39","date_gmt":"2020-03-17T18:10:39","guid":{"rendered":"https:\/\/natoura.si\/?page_id=1376"},"modified":"2020-03-17T18:15:24","modified_gmt":"2020-03-17T18:15:24","slug":"tabs","status":"publish","type":"page","link":"https:\/\/natoura.si\/sl_si\/tabs\/","title":{"rendered":"Tabs"},"content":{"rendered":"\t\t<div data-elementor-type=\"wp-page\" data-elementor-id=\"1376\" class=\"elementor elementor-1376\" data-elementor-post-type=\"page\">\n\t\t\t\t\t\t<section class=\"elementor-section elementor-top-section elementor-element elementor-element-04f34e2 elementor-section-boxed elementor-section-height-default elementor-section-height-default\" data-id=\"04f34e2\" data-element_type=\"section\" data-e-type=\"section\">\n\t\t\t\t\t\t<div class=\"elementor-container elementor-column-gap-default\">\n\t\t\t\t\t<div class=\"elementor-column elementor-col-100 elementor-top-column elementor-element elementor-element-d26b8a2\" data-id=\"d26b8a2\" data-element_type=\"column\" data-e-type=\"column\">\n\t\t\t<div class=\"elementor-widget-wrap elementor-element-populated\">\n\t\t\t\t\t\t<div class=\"elementor-element elementor-element-bdc020f elementor-tabs-view-horizontal elementor-widget elementor-widget-tabs\" data-id=\"bdc020f\" data-element_type=\"widget\" data-e-type=\"widget\" data-widget_type=\"tabs.default\">\n\t\t\t\t<div class=\"elementor-widget-container\">\n\t\t\t\t\t\t\t<div class=\"elementor-tabs\">\n\t\t\t<div class=\"elementor-tabs-wrapper\" role=\"tablist\" >\n\t\t\t\t\t\t\t\t\t<div id=\"elementor-tab-title-1981\" class=\"elementor-tab-title elementor-tab-desktop-title\" aria-selected=\"true\" data-tab=\"1\" role=\"tab\" tabindex=\"0\" aria-controls=\"elementor-tab-content-1981\" aria-expanded=\"false\">Program<\/div>\n\t\t\t\t\t\t\t\t\t<div id=\"elementor-tab-title-1982\" class=\"elementor-tab-title elementor-tab-desktop-title\" aria-selected=\"false\" data-tab=\"2\" role=\"tab\" tabindex=\"-1\" aria-controls=\"elementor-tab-content-1982\" aria-expanded=\"false\">Cena<\/div>\n\t\t\t\t\t\t\t<\/div>\n\t\t\t<div class=\"elementor-tabs-content-wrapper\" role=\"tablist\" aria-orientation=\"vertical\">\n\t\t\t\t\t\t\t\t\t<div class=\"elementor-tab-title elementor-tab-mobile-title\" aria-selected=\"true\" data-tab=\"1\" role=\"tab\" tabindex=\"0\" aria-controls=\"elementor-tab-content-1981\" aria-expanded=\"false\">Program<\/div>\n\t\t\t\t\t<div id=\"elementor-tab-content-1981\" class=\"elementor-tab-content elementor-clearfix\" data-tab=\"1\" role=\"tabpanel\" aria-labelledby=\"elementor-tab-title-1981\" tabindex=\"0\" hidden=\"false\">Lorem ipsum dolor sit amet, consectetur adipiscing elit. Ut elit tellus, luctus nec ullamcorper mattis, pulvinar dapibus leo.<\/div>\n\t\t\t\t\t\t\t\t\t<div class=\"elementor-tab-title elementor-tab-mobile-title\" aria-selected=\"false\" data-tab=\"2\" role=\"tab\" tabindex=\"-1\" aria-controls=\"elementor-tab-content-1982\" aria-expanded=\"false\">Cena<\/div>\n\t\t\t\t\t<div id=\"elementor-tab-content-1982\" class=\"elementor-tab-content elementor-clearfix\" data-tab=\"2\" role=\"tabpanel\" aria-labelledby=\"elementor-tab-title-1982\" tabindex=\"0\" hidden=\"hidden\"><p><strong>CENA POTOVANJA:<\/strong><\/p><p>Cena na osebo v dvoposteljni sobi: 900,00 \u20ac (prijavljenih 29 oseb).<\/p><p><strong>DOPLA\u010cILA PO \u017dELJI:<\/strong><\/p><ul><li>enoposteljna soba: 100,00 \u20ac.<\/li><li>nezgodno zavarovanje za tujino Coris: 9,50 \u20ac.<\/li><li><a href=\"https:\/\/natoura.si\/wp-content\/uploads\/2020\/03\/IPID-Trip-cancellation-2020.pdf\">zavarovanje rizika odpovedi (le za potnike do dopolnjenega 75. leta starosti): 4,3 % celotne vrednosti aran\u017emaja (enostavna polica) ali 6,6 % vrednosti celotnega aran\u017emaja (raz\u0161irjena polica).<\/a><\/li><\/ul><p><strong>OBVEZNO DOPLA\u010cILO OB PRIJAVI MANJ\u0160EGA \u0160TEVILA OSEB:<\/strong><\/p><ul><li>dopla\u010dilo, \u010de bo v skupini le od 25 do 28 oseb: 50,00 \u20ac<\/li><li>dopla\u010dilo, \u010de bo v skupini le od 20 do 24 oseb: 100,00 \u20ac,<\/li><li>dopla\u010dilo, \u010de bo v skupini le od 15 do 19 oseb: 150,00 \u20ac.<\/li><li>dopla\u010dilo, \u010de bo v skupini le od 10 do 14 oseb: 180,00 \u20ac.<\/li><\/ul><p><strong>POPUSTI<\/strong><\/p><ul><li>pla\u010dilo v enem obroku: -5 %.<\/li><\/ul><p><strong>Mo\u017eno je pla\u010dilo v 5 obrokih. Vsaj 3 obroki morajo biti pla\u010dani pred odhodom.<\/strong><\/p><p><strong>CENA VKLJU\u010cUJE<\/strong>:<\/p><ul><li>letalski prevoz na relaciji Ljubljana \u2013 Istanbul \u2013 Constanta, Constanta \u2013 Istanbul \u2013 Ljubljana, letali\u0161ke pristojbine in takse, zavarovanje odpovedi letalskih kart,<\/li><li>vsi prevozi v Romuniji po programu (avtobus, ladjice),<\/li><li>5 x polni penzion, 2 x preno\u010devanje z zajtrkom,<\/li><li>slovenski in lokalni, angle\u0161ko govore\u010di vodniki,<\/li><li>vse vstopnine po programu,<\/li><li>stro\u0161ke priprave in organizacijo potovanja.<\/li><\/ul><p><strong>V CENO NI VKLJU\u010cENO<\/strong>:<\/p><ul><li>vstopnine za morebitne dodatne oglede,<\/li><li>dodatna hrana in pija\u010da,<\/li><li>vse ostalo, kar ni navedeno posebej,<\/li><li>napitnine za lokalne vodnike in voznike (od 10,00 do 20,00 \u20ac).<\/li><\/ul><\/div>\n\t\t\t\t\t\t\t<\/div>\n\t\t<\/div>\n\t\t\t\t\t\t<\/div>\n\t\t\t\t<\/div>\n\t\t\t\t\t<\/div>\n\t\t<\/div>\n\t\t\t\t\t<\/div>\n\t\t<\/section>\n\t\t\t\t<\/div>\n\t\t","protected":false},"excerpt":{"rendered":"<p>Program Cena Program Lorem ipsum dolor sit amet, consectetur adipiscing elit. Ut elit tellus, luctus nec ullamcorper mattis, pulvinar dapibus leo. Cena CENA POTOVANJA: CenaTour Details<\/p>\n","protected":false},"author":1,"featured_media":0,"parent":0,"menu_order":0,"comment_status":"closed","ping_status":"closed","template":"","meta":{"footnotes":""},"class_list":["post-1376","page","type-page","status-publish","hentry"],"_links":{"self":[{"href":"https:\/\/natoura.si\/sl_si\/wp-json\/wp\/v2\/pages\/1376","targetHints":{"allow":["GET"]}}],"collection":[{"href":"https:\/\/natoura.si\/sl_si\/wp-json\/wp\/v2\/pages"}],"about":[{"href":"https:\/\/natoura.si\/sl_si\/wp-json\/wp\/v2\/types\/page"}],"author":[{"embeddable":true,"href":"https:\/\/natoura.si\/sl_si\/wp-json\/wp\/v2\/users\/1"}],"replies":[{"embeddable":true,"href":"https:\/\/natoura.si\/sl_si\/wp-json\/wp\/v2\/comments?post=1376"}],"version-history":[{"count":4,"href":"https:\/\/natoura.si\/sl_si\/wp-json\/wp\/v2\/pages\/1376\/revisions"}],"predecessor-version":[{"id":1380,"href":"https:\/\/natoura.si\/sl_si\/wp-json\/wp\/v2\/pages\/1376\/revisions\/1380"}],"wp:attachment":[{"href":"https:\/\/natoura.si\/sl_si\/wp-json\/wp\/v2\/media?parent=1376"}],"curies":[{"name":"wp","href":"https:\/\/api.w.org\/{rel}","templated":true}]}}