{"id":12902,"date":"2024-02-13T18:01:02","date_gmt":"2024-02-13T18:01:02","guid":{"rendered":"https:\/\/natoura.si\/?page_id=12902"},"modified":"2024-02-13T18:28:51","modified_gmt":"2024-02-13T18:28:51","slug":"petelinsko-jezero-program","status":"publish","type":"page","link":"https:\/\/natoura.si\/sl_si\/petelinsko-jezero-program\/","title":{"rendered":"Petelinjsko jezero &#8211; program"},"content":{"rendered":"\t\t<div data-elementor-type=\"wp-page\" data-elementor-id=\"12902\" class=\"elementor elementor-12902\" data-elementor-post-type=\"page\">\n\t\t\t\t\t\t<section class=\"elementor-section elementor-top-section elementor-element elementor-element-e788f60 elementor-section-boxed elementor-section-height-default elementor-section-height-default\" data-id=\"e788f60\" data-element_type=\"section\" data-e-type=\"section\">\n\t\t\t\t\t\t<div class=\"elementor-container elementor-column-gap-default\">\n\t\t\t\t\t<div class=\"elementor-column elementor-col-50 elementor-top-column elementor-element elementor-element-07105f2\" data-id=\"07105f2\" data-element_type=\"column\" data-e-type=\"column\">\n\t\t\t<div class=\"elementor-widget-wrap elementor-element-populated\">\n\t\t\t\t\t\t<div class=\"elementor-element elementor-element-45d6059 elementor-widget elementor-widget-image\" data-id=\"45d6059\" data-element_type=\"widget\" data-e-type=\"widget\" data-widget_type=\"image.default\">\n\t\t\t\t<div class=\"elementor-widget-container\">\n\t\t\t\t\t\t\t\t\t\t\t\t\t\t\t<img fetchpriority=\"high\" decoding=\"async\" width=\"800\" height=\"800\" src=\"https:\/\/natoura.si\/wp-content\/uploads\/2024\/02\/20170610-Petelinjsko-jezero-8-2.gif\" class=\"attachment-large size-large wp-image-12906\" alt=\"\" \/>\t\t\t\t\t\t\t\t\t\t\t\t\t\t\t<\/div>\n\t\t\t\t<\/div>\n\t\t\t\t\t<\/div>\n\t\t<\/div>\n\t\t\t\t<div class=\"elementor-column elementor-col-50 elementor-top-column elementor-element elementor-element-3a0a07e\" data-id=\"3a0a07e\" data-element_type=\"column\" data-e-type=\"column\">\n\t\t\t<div class=\"elementor-widget-wrap elementor-element-populated\">\n\t\t\t\t\t\t<div class=\"elementor-element elementor-element-cf911ed elementor-widget elementor-widget-image\" data-id=\"cf911ed\" data-element_type=\"widget\" data-e-type=\"widget\" data-widget_type=\"image.default\">\n\t\t\t\t<div class=\"elementor-widget-container\">\n\t\t\t\t\t\t\t\t\t\t\t\t\t\t\t<img decoding=\"async\" width=\"800\" height=\"800\" src=\"https:\/\/natoura.si\/wp-content\/uploads\/2024\/02\/20200711-Petelinjsko-jezero-17-2.gif\" class=\"attachment-large size-large wp-image-12907\" alt=\"\" \/>\t\t\t\t\t\t\t\t\t\t\t\t\t\t\t<\/div>\n\t\t\t\t<\/div>\n\t\t\t\t\t<\/div>\n\t\t<\/div>\n\t\t\t\t\t<\/div>\n\t\t<\/section>\n\t\t\t\t<section class=\"elementor-section elementor-top-section elementor-element elementor-element-be108fd elementor-section-boxed elementor-section-height-default elementor-section-height-default\" data-id=\"be108fd\" data-element_type=\"section\" data-e-type=\"section\">\n\t\t\t\t\t\t<div class=\"elementor-container elementor-column-gap-default\">\n\t\t\t\t\t<div class=\"elementor-column elementor-col-100 elementor-top-column elementor-element elementor-element-0dc05be\" data-id=\"0dc05be\" data-element_type=\"column\" data-e-type=\"column\">\n\t\t\t<div class=\"elementor-widget-wrap elementor-element-populated\">\n\t\t\t\t\t\t<div class=\"elementor-element elementor-element-11e1f2c elementor-widget elementor-widget-text-editor\" data-id=\"11e1f2c\" data-element_type=\"widget\" data-e-type=\"widget\" data-widget_type=\"text-editor.default\">\n\t\t\t\t<div class=\"elementor-widget-container\">\n\t\t\t\t\t\t\t\t\t<p><span style=\"color: #ffffff;\">Izlet na Petelinjsko jezero bomo za\u010deli z obiskom nedavno prenovljenega Ekomuzeja Piv\u0161kih presihajo\u010dih jezer, nato pa se bomo z lokalnim vodnikom sprehodili do bli\u017enjega Petelinjskega jezera.<\/span><\/p><p><span style=\"color: #ffffff;\">V ekomuzeju bomo spoznali predstavil \u0161ir\u0161o okolico Pivke: s 17. manj\u0161imi in ve\u010djimi presihajo\u010dimi jezeri je ta kraj edinstven na svetu! Muzej predstavlja \u010dudovito pokrajino in posebne vrste rastlin in \u017eivali, ki \u017eivijo na tem obmo\u010dju. Pripoveduje tudi o podzemnih vodah v kra\u0161ki pokrajini in o tem, kako ob\u010dutljive so za onesna\u017eenje. Muzej ni namenjen samo turistom: ima tudi pomembno izobra\u017eevalno funkcijo za \u0161ole in lokalne prebivalce.<\/span><\/p><p><span style=\"color: #ffffff;\">Po ogledu muzeja bo organizirano kosilo: piknik s tradicionalnimi izdelki lokalne eko kmetije.<\/span><\/p><p><span style=\"color: #ffffff;\">Petelinjsko jezero je drugo najve\u010dje med presihajo\u010dimi jezeri Piv\u0161ke doline in jezero, ki najdlje zadr\u017ei vodo. Po makadamskih cestah bomo okrog jezera prehodili pribli\u017eno 5 km in se na poti ve\u010dkrat ustavili, saj bomo imeli prilo\u017enost ob\u010dudovati pokrajino ali poiskati zanimive \u017eivali in rastline, ki jih sre\u010damo na poti. Kaj bomo na\u0161li, je v veliki meri odvisno od vi\u0161ine vode. V primeru vi\u0161jega vodostaja, bomo imeli prilo\u017enost videti kra\u0161kega rakca \u0161krgono\u017eca, ki \u017eivi le v dveh Piv\u0161kih jezerih in nikjer drugje na svetu! Te \u017eivali \u017eivijo le nekaj tednov ali mesecev: ko jezero presahne, njihova jaj\u010deca ostanejo v zemlji in \u010dakajo na naslednji de\u017e, da se izle\u017eejo. Aprila se bodo ve\u010dinoma \u017ee vrnile ptice\u00a0 in za\u010dnele gnezditi, ob son\u010dnem vremenu pa bomo lahko opazovali tudi metulje.<\/span><\/p><p><span style=\"color: #ffffff;\">Va\u0161 vodnik po muzeju in med pohodom bo Paul Veenvliet: nizozemski biolog, ki v Sloveniji \u017eivi \u017ee ve\u010d kot 20 let. V tem \u010dasu je dodobra spoznal slovensko naravo, ker pa je odra\u0161\u010dal drugje, se dobro zaveda, kaj je v tej de\u017eeli posebnega. V dnevih, ko ne vodi skupin, pre\u017eivi \u010das na prostem s svojim psom ali pa ustvarja naravoslovne ilustracije za \u0161olske u\u010dbenike in naravoslovne projekte.<\/span><\/p>\t\t\t\t\t\t\t\t<\/div>\n\t\t\t\t<\/div>\n\t\t\t\t\t<\/div>\n\t\t<\/div>\n\t\t\t\t\t<\/div>\n\t\t<\/section>\n\t\t\t\t<section class=\"elementor-section elementor-top-section elementor-element elementor-element-d88bca4 elementor-section-boxed elementor-section-height-default elementor-section-height-default\" data-id=\"d88bca4\" data-element_type=\"section\" data-e-type=\"section\">\n\t\t\t\t\t\t<div class=\"elementor-container elementor-column-gap-default\">\n\t\t\t\t\t<div class=\"elementor-column elementor-col-50 elementor-top-column elementor-element elementor-element-2aea4f1\" data-id=\"2aea4f1\" data-element_type=\"column\" data-e-type=\"column\">\n\t\t\t<div class=\"elementor-widget-wrap elementor-element-populated\">\n\t\t\t\t\t\t<div class=\"elementor-element elementor-element-13fc199 elementor-widget elementor-widget-image\" data-id=\"13fc199\" data-element_type=\"widget\" data-e-type=\"widget\" data-widget_type=\"image.default\">\n\t\t\t\t<div class=\"elementor-widget-container\">\n\t\t\t\t\t\t\t\t\t\t\t\t\t\t\t<img decoding=\"async\" width=\"800\" height=\"800\" src=\"https:\/\/natoura.si\/wp-content\/uploads\/2024\/02\/20230612-Javorniki-105-2.gif\" class=\"attachment-large size-large wp-image-12908\" alt=\"\" \/>\t\t\t\t\t\t\t\t\t\t\t\t\t\t\t<\/div>\n\t\t\t\t<\/div>\n\t\t\t\t\t<\/div>\n\t\t<\/div>\n\t\t\t\t<div class=\"elementor-column elementor-col-50 elementor-top-column elementor-element elementor-element-f9dc956\" data-id=\"f9dc956\" data-element_type=\"column\" data-e-type=\"column\">\n\t\t\t<div class=\"elementor-widget-wrap elementor-element-populated\">\n\t\t\t\t\t\t<div class=\"elementor-element elementor-element-c21abd5 elementor-widget elementor-widget-image\" data-id=\"c21abd5\" data-element_type=\"widget\" data-e-type=\"widget\" data-widget_type=\"image.default\">\n\t\t\t\t<div class=\"elementor-widget-container\">\n\t\t\t\t\t\t\t\t\t\t\t\t\t\t\t<img loading=\"lazy\" decoding=\"async\" width=\"800\" height=\"800\" src=\"https:\/\/natoura.si\/wp-content\/uploads\/2024\/02\/20231217-Petelinjsko-jezero-6-2.gif\" class=\"attachment-large size-large wp-image-12909\" alt=\"\" \/>\t\t\t\t\t\t\t\t\t\t\t\t\t\t\t<\/div>\n\t\t\t\t<\/div>\n\t\t\t\t\t<\/div>\n\t\t<\/div>\n\t\t\t\t\t<\/div>\n\t\t<\/section>\n\t\t\t\t<section class=\"elementor-section elementor-top-section elementor-element elementor-element-b82a39f elementor-section-boxed elementor-section-height-default elementor-section-height-default\" data-id=\"b82a39f\" data-element_type=\"section\" data-e-type=\"section\">\n\t\t\t\t\t\t<div class=\"elementor-container elementor-column-gap-default\">\n\t\t\t\t\t<div class=\"elementor-column elementor-col-100 elementor-top-column elementor-element elementor-element-a036de3\" data-id=\"a036de3\" data-element_type=\"column\" data-e-type=\"column\">\n\t\t\t<div class=\"elementor-widget-wrap elementor-element-populated\">\n\t\t\t\t\t\t<div class=\"elementor-element elementor-element-ec3f929 elementor-widget elementor-widget-text-editor\" data-id=\"ec3f929\" data-element_type=\"widget\" data-e-type=\"widget\" data-widget_type=\"text-editor.default\">\n\t\t\t\t<div class=\"elementor-widget-container\">\n\t\t\t\t\t\t\t\t\t<p><span style=\"font-family: Poppins; color: #ffffff;\">Vodstvo: Paul Veenvliet.<\/span><\/p><p><span style=\"color: #f56450;\">PODROBNEJ\u0160E INFORMACIJE O IZLETU BOSTE PRIJAVLJENI PREJELI PO ELEKTRONSKI PO\u0160TI NEKAJ DNI PRED ODHODOM.<\/span><\/p>\t\t\t\t\t\t\t\t<\/div>\n\t\t\t\t<\/div>\n\t\t\t\t\t<\/div>\n\t\t<\/div>\n\t\t\t\t\t<\/div>\n\t\t<\/section>\n\t\t\t\t<section class=\"elementor-section elementor-top-section elementor-element elementor-element-5ffab85 elementor-section-boxed elementor-section-height-default elementor-section-height-default\" data-id=\"5ffab85\" data-element_type=\"section\" data-e-type=\"section\">\n\t\t\t\t\t\t<div class=\"elementor-container elementor-column-gap-default\">\n\t\t\t\t\t<div class=\"elementor-column elementor-col-100 elementor-top-column elementor-element elementor-element-7b795d5\" data-id=\"7b795d5\" data-element_type=\"column\" data-e-type=\"column\">\n\t\t\t<div class=\"elementor-widget-wrap elementor-element-populated\">\n\t\t\t\t\t\t<div class=\"elementor-element elementor-element-e70fe8c elementor-widget elementor-widget-text-editor\" data-id=\"e70fe8c\" data-element_type=\"widget\" data-e-type=\"widget\" data-widget_type=\"text-editor.default\">\n\t\t\t\t<div class=\"elementor-widget-container\">\n\t\t\t\t\t\t\t\t\t<p><span style=\"color: #ffffff;\"><span style=\"font-family: Poppins;\"><a style=\"color: #ffffff;\" href=\"https:\/\/natoura.si\/splosni-pogoji-poslovanja\/\">S<\/a><\/span><span style=\"font-family: Poppins;\"><a style=\"color: #ffffff;\" href=\"https:\/\/natoura.si\/splosni-pogoji-poslovanja\/\">plo\u0161ni pogoji poslovanja<\/a><\/span><span style=\"font-family: Poppins;\"> so <\/span><span style=\"font-family: Poppins;\">sestavni del programa. Na voljo so na spletni strani https:\/\/natoura.si.<\/span><\/span><\/p><p><span style=\"color: #ffffff;\">Foto: \u00a9 Paul Veenvliet.<\/span><\/p><p><span style=\"color: #ffffff;\"><span style=\"font-family: Poppins;\">Organizator in izvajalec izleta: \u00a9 naTOURa, Janja Benedik, s. p., <\/span><span style=\"font-family: Poppins;\">2024.<\/span><\/span><\/p><div id=\"kpm-root\" class=\"kpm_LTR\">\u00a0<\/div>\t\t\t\t\t\t\t\t<\/div>\n\t\t\t\t<\/div>\n\t\t\t\t\t<\/div>\n\t\t<\/div>\n\t\t\t\t\t<\/div>\n\t\t<\/section>\n\t\t\t\t<\/div>\n\t\t","protected":false},"excerpt":{"rendered":"<p>Izlet na Petelinjsko jezero bomo za\u010deli z obiskom nedavno prenovljenega Ekomuzeja Piv\u0161kih presihajo\u010dih jezer, nato pa se bomo z lokalnim vodnikom sprehodili do bli\u017enjega PetelinjskegaTour Details<\/p>\n","protected":false},"author":1,"featured_media":12904,"parent":0,"menu_order":0,"comment_status":"closed","ping_status":"closed","template":"","meta":{"footnotes":""},"class_list":["post-12902","page","type-page","status-publish","has-post-thumbnail","hentry"],"_links":{"self":[{"href":"https:\/\/natoura.si\/sl_si\/wp-json\/wp\/v2\/pages\/12902","targetHints":{"allow":["GET"]}}],"collection":[{"href":"https:\/\/natoura.si\/sl_si\/wp-json\/wp\/v2\/pages"}],"about":[{"href":"https:\/\/natoura.si\/sl_si\/wp-json\/wp\/v2\/types\/page"}],"author":[{"embeddable":true,"href":"https:\/\/natoura.si\/sl_si\/wp-json\/wp\/v2\/users\/1"}],"replies":[{"embeddable":true,"href":"https:\/\/natoura.si\/sl_si\/wp-json\/wp\/v2\/comments?post=12902"}],"version-history":[{"count":6,"href":"https:\/\/natoura.si\/sl_si\/wp-json\/wp\/v2\/pages\/12902\/revisions"}],"predecessor-version":[{"id":12917,"href":"https:\/\/natoura.si\/sl_si\/wp-json\/wp\/v2\/pages\/12902\/revisions\/12917"}],"wp:featuredmedia":[{"embeddable":true,"href":"https:\/\/natoura.si\/sl_si\/wp-json\/wp\/v2\/media\/12904"}],"wp:attachment":[{"href":"https:\/\/natoura.si\/sl_si\/wp-json\/wp\/v2\/media?parent=12902"}],"curies":[{"name":"wp","href":"https:\/\/api.w.org\/{rel}","templated":true}]}}