{"id":12649,"date":"2024-01-12T08:49:45","date_gmt":"2024-01-12T08:49:45","guid":{"rendered":"https:\/\/natoura.si\/?page_id=12649"},"modified":"2024-01-12T08:59:40","modified_gmt":"2024-01-12T08:59:40","slug":"prijavnica-za-potovanje-juzna-svedska","status":"publish","type":"page","link":"https:\/\/natoura.si\/sl_si\/prijavnica-za-potovanje-juzna-svedska\/","title":{"rendered":"Prijavnica za potovanje Ju\u017ena \u0160vedska"},"content":{"rendered":"\t\t<div data-elementor-type=\"wp-page\" data-elementor-id=\"12649\" class=\"elementor elementor-12649\" data-elementor-post-type=\"page\">\n\t\t\t\t\t\t<section class=\"elementor-section elementor-top-section elementor-element elementor-element-e323fd5 elementor-section-boxed elementor-section-height-default elementor-section-height-default\" data-id=\"e323fd5\" data-element_type=\"section\" data-e-type=\"section\">\n\t\t\t\t\t\t<div class=\"elementor-container elementor-column-gap-default\">\n\t\t\t\t\t<div class=\"elementor-column elementor-col-100 elementor-top-column elementor-element elementor-element-4590762\" data-id=\"4590762\" data-element_type=\"column\" data-e-type=\"column\">\n\t\t\t<div class=\"elementor-widget-wrap elementor-element-populated\">\n\t\t\t\t\t\t<div class=\"elementor-element elementor-element-3fca472 elementor-button-align-center elementor-widget__width-auto elementor-widget elementor-widget-form\" data-id=\"3fca472\" data-element_type=\"widget\" data-e-type=\"widget\" data-settings=\"{&quot;step_next_label&quot;:&quot;Next&quot;,&quot;step_previous_label&quot;:&quot;Previous&quot;,&quot;button_width&quot;:&quot;100&quot;,&quot;step_type&quot;:&quot;number_text&quot;,&quot;step_icon_shape&quot;:&quot;circle&quot;}\" data-widget_type=\"form.default\">\n\t\t\t\t<div class=\"elementor-widget-container\">\n\t\t\t\t\t\t\t<form class=\"elementor-form\" method=\"post\" name=\"Prijavnica za potovanje Ju\u017ena \u0160vedska\" aria-label=\"Prijavnica za potovanje Ju\u017ena \u0160vedska\">\n\t\t\t<input type=\"hidden\" name=\"post_id\" value=\"12649\"\/>\n\t\t\t<input type=\"hidden\" name=\"form_id\" value=\"3fca472\"\/>\n\t\t\t<input type=\"hidden\" name=\"referer_title\" value=\"Prijavnica za potovanje Ju\u017ena \u0160vedska\" \/>\n\n\t\t\t\t\t\t\t<input type=\"hidden\" name=\"queried_id\" value=\"12649\"\/>\n\t\t\t\n\t\t\t<div class=\"elementor-form-fields-wrapper elementor-labels-above\">\n\t\t\t\t\t\t\t\t<div class=\"elementor-field-type-text elementor-field-group elementor-column elementor-field-group-field_beaa343 elementor-col-100\">\n\t\t\t\t\t\t\t\t\t\t\t\t\t<input size=\"1\" type=\"text\" name=\"form_fields[field_beaa343]\" id=\"form-field-field_beaa343\" class=\"elementor-field elementor-size-sm  elementor-field-textual\" placeholder=\"OSEBNI PODATKI\">\n\t\t\t\t\t\t\t\t\t\t\t<\/div>\n\t\t\t\t\t\t\t\t<div class=\"elementor-field-type-text elementor-field-group elementor-column elementor-field-group-name elementor-col-100 elementor-field-required elementor-mark-required\">\n\t\t\t\t\t\t\t\t\t\t\t\t<label for=\"form-field-name\" class=\"elementor-field-label\">\n\t\t\t\t\t\t\t\tIme in priimek pla\u010dnika\t\t\t\t\t\t\t<\/label>\n\t\t\t\t\t\t\t\t\t\t\t\t\t\t<input size=\"1\" type=\"text\" name=\"form_fields[name]\" id=\"form-field-name\" class=\"elementor-field elementor-size-sm  elementor-field-textual\" placeholder=\"Ime in priimek\" required=\"required\">\n\t\t\t\t\t\t\t\t\t\t\t<\/div>\n\t\t\t\t\t\t\t\t<div class=\"elementor-field-type-text elementor-field-group elementor-column elementor-field-group-field_45a8be9 elementor-col-50 elementor-field-required elementor-mark-required\">\n\t\t\t\t\t\t\t\t\t\t\t\t<label for=\"form-field-field_45a8be9\" class=\"elementor-field-label\">\n\t\t\t\t\t\t\t\tNaslov stalnega prebivali\u0161\u010da\t\t\t\t\t\t\t<\/label>\n\t\t\t\t\t\t\t\t\t\t\t\t\t\t<input size=\"1\" type=\"text\" name=\"form_fields[field_45a8be9]\" id=\"form-field-field_45a8be9\" class=\"elementor-field elementor-size-sm  elementor-field-textual\" placeholder=\"Ulica in hi\u0161na \u0161tevilka, po\u0161ta, kraj\" required=\"required\">\n\t\t\t\t\t\t\t\t\t\t\t<\/div>\n\t\t\t\t\t\t\t\t<div class=\"elementor-field-type-email elementor-field-group elementor-column elementor-field-group-email elementor-col-50 elementor-field-required elementor-mark-required\">\n\t\t\t\t\t\t\t\t\t\t\t\t<label for=\"form-field-email\" class=\"elementor-field-label\">\n\t\t\t\t\t\t\t\tElektronski naslov\t\t\t\t\t\t\t<\/label>\n\t\t\t\t\t\t\t\t\t\t\t\t\t\t<input size=\"1\" type=\"email\" name=\"form_fields[email]\" id=\"form-field-email\" class=\"elementor-field elementor-size-sm  elementor-field-textual\" placeholder=\"Elektronski naslov\" required=\"required\">\n\t\t\t\t\t\t\t\t\t\t\t<\/div>\n\t\t\t\t\t\t\t\t<div class=\"elementor-field-type-text elementor-field-group elementor-column elementor-field-group-field_2f69ea2 elementor-col-50 elementor-field-required elementor-mark-required\">\n\t\t\t\t\t\t\t\t\t\t\t\t<label for=\"form-field-field_2f69ea2\" class=\"elementor-field-label\">\n\t\t\t\t\t\t\t\tTelefonska \u0161tevilka\t\t\t\t\t\t\t<\/label>\n\t\t\t\t\t\t\t\t\t\t\t\t\t\t<input size=\"1\" type=\"text\" name=\"form_fields[field_2f69ea2]\" id=\"form-field-field_2f69ea2\" class=\"elementor-field elementor-size-sm  elementor-field-textual\" placeholder=\"\u0160tevilka GSM\" required=\"required\">\n\t\t\t\t\t\t\t\t\t\t\t<\/div>\n\t\t\t\t\t\t\t\t<div class=\"elementor-field-type-text elementor-field-group elementor-column elementor-field-group-field_ccd5636 elementor-col-50 elementor-field-required elementor-mark-required\">\n\t\t\t\t\t\t\t\t\t\t\t\t<label for=\"form-field-field_ccd5636\" class=\"elementor-field-label\">\n\t\t\t\t\t\t\t\tDatum rojstva\t\t\t\t\t\t\t<\/label>\n\t\t\t\t\t\t\t\t\t\t\t\t\t\t<input size=\"1\" type=\"text\" name=\"form_fields[field_ccd5636]\" id=\"form-field-field_ccd5636\" class=\"elementor-field elementor-size-sm  elementor-field-textual\" required=\"required\">\n\t\t\t\t\t\t\t\t\t\t\t<\/div>\n\t\t\t\t\t\t\t\t<div class=\"elementor-field-type-text elementor-field-group elementor-column elementor-field-group-field_785f2da elementor-col-50 elementor-field-required elementor-mark-required\">\n\t\t\t\t\t\t\t\t\t\t\t\t<label for=\"form-field-field_785f2da\" class=\"elementor-field-label\">\n\t\t\t\t\t\t\t\t\u0160tevilka osebnega dokumenta:\t\t\t\t\t\t\t<\/label>\n\t\t\t\t\t\t\t\t\t\t\t\t\t\t<input size=\"1\" type=\"text\" name=\"form_fields[field_785f2da]\" id=\"form-field-field_785f2da\" class=\"elementor-field elementor-size-sm  elementor-field-textual\" required=\"required\">\n\t\t\t\t\t\t\t\t\t\t\t<\/div>\n\t\t\t\t\t\t\t\t<div class=\"elementor-field-type-text elementor-field-group elementor-column elementor-field-group-field_09685bb elementor-col-100\">\n\t\t\t\t\t\t\t\t\t\t\t\t\t<input size=\"1\" type=\"text\" name=\"form_fields[field_09685bb]\" id=\"form-field-field_09685bb\" class=\"elementor-field elementor-size-sm  elementor-field-textual\" placeholder=\"SOPOTNIKI z enakim naslovom stalnega prebivali\u0161\u010da\">\n\t\t\t\t\t\t\t\t\t\t\t<\/div>\n\t\t\t\t\t\t\t\t<div class=\"elementor-field-type-text elementor-field-group elementor-column elementor-field-group-field_bf20647 elementor-col-50\">\n\t\t\t\t\t\t\t\t\t\t\t\t<label for=\"form-field-field_bf20647\" class=\"elementor-field-label\">\n\t\t\t\t\t\t\t\t1. Ime in priimek\t\t\t\t\t\t\t<\/label>\n\t\t\t\t\t\t\t\t\t\t\t\t\t\t<input size=\"1\" type=\"text\" name=\"form_fields[field_bf20647]\" id=\"form-field-field_bf20647\" class=\"elementor-field elementor-size-sm  elementor-field-textual\" placeholder=\"1. Ime in priimek \">\n\t\t\t\t\t\t\t\t\t\t\t<\/div>\n\t\t\t\t\t\t\t\t<div class=\"elementor-field-type-text elementor-field-group elementor-column elementor-field-group-field_599ee7b elementor-col-50\">\n\t\t\t\t\t\t\t\t\t\t\t\t<label for=\"form-field-field_599ee7b\" class=\"elementor-field-label\">\n\t\t\t\t\t\t\t\t1. Datum rojstva\t\t\t\t\t\t\t<\/label>\n\t\t\t\t\t\t\t\t\t\t\t\t\t\t<input size=\"1\" type=\"text\" name=\"form_fields[field_599ee7b]\" id=\"form-field-field_599ee7b\" class=\"elementor-field elementor-size-sm  elementor-field-textual\">\n\t\t\t\t\t\t\t\t\t\t\t<\/div>\n\t\t\t\t\t\t\t\t<div class=\"elementor-field-type-text elementor-field-group elementor-column elementor-field-group-field_b0239bc elementor-col-50\">\n\t\t\t\t\t\t\t\t\t\t\t\t<label for=\"form-field-field_b0239bc\" class=\"elementor-field-label\">\n\t\t\t\t\t\t\t\t1. Telefonska \u0161tevilka\t\t\t\t\t\t\t<\/label>\n\t\t\t\t\t\t\t\t\t\t\t\t\t\t<input size=\"1\" type=\"text\" name=\"form_fields[field_b0239bc]\" id=\"form-field-field_b0239bc\" class=\"elementor-field elementor-size-sm  elementor-field-textual\" placeholder=\"\u0160tevilka GSM\">\n\t\t\t\t\t\t\t\t\t\t\t<\/div>\n\t\t\t\t\t\t\t\t<div class=\"elementor-field-type-email elementor-field-group elementor-column elementor-field-group-field_e8ddd7a elementor-col-50\">\n\t\t\t\t\t\t\t\t\t\t\t\t<label for=\"form-field-field_e8ddd7a\" class=\"elementor-field-label\">\n\t\t\t\t\t\t\t\t1. Elektronski naslov\t\t\t\t\t\t\t<\/label>\n\t\t\t\t\t\t\t\t\t\t\t\t\t\t<input size=\"1\" type=\"email\" name=\"form_fields[field_e8ddd7a]\" id=\"form-field-field_e8ddd7a\" class=\"elementor-field elementor-size-sm  elementor-field-textual\">\n\t\t\t\t\t\t\t\t\t\t\t<\/div>\n\t\t\t\t\t\t\t\t<div class=\"elementor-field-type-text elementor-field-group elementor-column elementor-field-group-field_71572a3 elementor-col-50\">\n\t\t\t\t\t\t\t\t\t\t\t\t<label for=\"form-field-field_71572a3\" class=\"elementor-field-label\">\n\t\t\t\t\t\t\t\t1. \u0160tevilka osebnega dokumenta:\t\t\t\t\t\t\t<\/label>\n\t\t\t\t\t\t\t\t\t\t\t\t\t\t<input size=\"1\" type=\"text\" name=\"form_fields[field_71572a3]\" id=\"form-field-field_71572a3\" class=\"elementor-field elementor-size-sm  elementor-field-textual\">\n\t\t\t\t\t\t\t\t\t\t\t<\/div>\n\t\t\t\t\t\t\t\t<div class=\"elementor-field-type-text elementor-field-group elementor-column elementor-field-group-field_3ae0b2c elementor-col-50\">\n\t\t\t\t\t\t\t\t\t\t\t\t<label for=\"form-field-field_3ae0b2c\" class=\"elementor-field-label\">\n\t\t\t\t\t\t\t\t2. Ime in priimek\t\t\t\t\t\t\t<\/label>\n\t\t\t\t\t\t\t\t\t\t\t\t\t\t<input size=\"1\" type=\"text\" name=\"form_fields[field_3ae0b2c]\" id=\"form-field-field_3ae0b2c\" class=\"elementor-field elementor-size-sm  elementor-field-textual\" placeholder=\"2. Ime in priimek \">\n\t\t\t\t\t\t\t\t\t\t\t<\/div>\n\t\t\t\t\t\t\t\t<div class=\"elementor-field-type-text elementor-field-group elementor-column elementor-field-group-field_5172098 elementor-col-50\">\n\t\t\t\t\t\t\t\t\t\t\t\t<label for=\"form-field-field_5172098\" class=\"elementor-field-label\">\n\t\t\t\t\t\t\t\t2. Datum rojstva\t\t\t\t\t\t\t<\/label>\n\t\t\t\t\t\t\t\t\t\t\t\t\t\t<input size=\"1\" type=\"text\" name=\"form_fields[field_5172098]\" id=\"form-field-field_5172098\" class=\"elementor-field elementor-size-sm  elementor-field-textual\">\n\t\t\t\t\t\t\t\t\t\t\t<\/div>\n\t\t\t\t\t\t\t\t<div class=\"elementor-field-type-text elementor-field-group elementor-column elementor-field-group-field_df9a20e elementor-col-50\">\n\t\t\t\t\t\t\t\t\t\t\t\t<label for=\"form-field-field_df9a20e\" class=\"elementor-field-label\">\n\t\t\t\t\t\t\t\t2. Telefonska \u0161tevilka\t\t\t\t\t\t\t<\/label>\n\t\t\t\t\t\t\t\t\t\t\t\t\t\t<input size=\"1\" type=\"text\" name=\"form_fields[field_df9a20e]\" id=\"form-field-field_df9a20e\" class=\"elementor-field elementor-size-sm  elementor-field-textual\" placeholder=\"\u0160tevilka GSM\">\n\t\t\t\t\t\t\t\t\t\t\t<\/div>\n\t\t\t\t\t\t\t\t<div class=\"elementor-field-type-email elementor-field-group elementor-column elementor-field-group-field_d140293 elementor-col-50\">\n\t\t\t\t\t\t\t\t\t\t\t\t<label for=\"form-field-field_d140293\" class=\"elementor-field-label\">\n\t\t\t\t\t\t\t\t2. Elektronski naslov\t\t\t\t\t\t\t<\/label>\n\t\t\t\t\t\t\t\t\t\t\t\t\t\t<input size=\"1\" type=\"email\" name=\"form_fields[field_d140293]\" id=\"form-field-field_d140293\" class=\"elementor-field elementor-size-sm  elementor-field-textual\">\n\t\t\t\t\t\t\t\t\t\t\t<\/div>\n\t\t\t\t\t\t\t\t<div class=\"elementor-field-type-text elementor-field-group elementor-column elementor-field-group-field_e29ae19 elementor-col-50\">\n\t\t\t\t\t\t\t\t\t\t\t\t<label for=\"form-field-field_e29ae19\" class=\"elementor-field-label\">\n\t\t\t\t\t\t\t\t2. \u0160tevilka osebnega dokumenta:\t\t\t\t\t\t\t<\/label>\n\t\t\t\t\t\t\t\t\t\t\t\t\t\t<input size=\"1\" type=\"text\" name=\"form_fields[field_e29ae19]\" id=\"form-field-field_e29ae19\" class=\"elementor-field elementor-size-sm  elementor-field-textual\">\n\t\t\t\t\t\t\t\t\t\t\t<\/div>\n\t\t\t\t\t\t\t\t<div class=\"elementor-field-type-hidden elementor-field-group elementor-column elementor-field-group-field_148c839 elementor-col-100\">\n\t\t\t\t\t\t\t\t\t\t\t\t\t<input size=\"1\" type=\"hidden\" name=\"form_fields[field_148c839]\" id=\"form-field-field_148c839\" class=\"elementor-field elementor-size-sm  elementor-field-textual\">\n\t\t\t\t\t\t\t\t\t\t\t<\/div>\n\t\t\t\t\t\t\t\t<div class=\"elementor-field-type-text elementor-field-group elementor-column elementor-field-group-field_d71e0d7 elementor-col-100\">\n\t\t\t\t\t\t\t\t\t\t\t\t\t<input size=\"1\" type=\"text\" name=\"form_fields[field_d71e0d7]\" id=\"form-field-field_d71e0d7\" class=\"elementor-field elementor-size-sm  elementor-field-textual\" placeholder=\"BIVANJE NA POTI\">\n\t\t\t\t\t\t\t\t\t\t\t<\/div>\n\t\t\t\t\t\t\t\t<div class=\"elementor-field-type-checkbox elementor-field-group elementor-column elementor-field-group-field_6f1a54b elementor-col-100\">\n\t\t\t\t\t\t\t\t\t\t\t\t<label for=\"form-field-field_6f1a54b\" class=\"elementor-field-label\">\n\t\t\t\t\t\t\t\tPreno\u010devanje \u017eelim imeti v (izberi)\t\t\t\t\t\t\t<\/label>\n\t\t\t\t\t\t<div class=\"elementor-field-subgroup  elementor-subgroup-inline\"><span class=\"elementor-field-option\"><input type=\"checkbox\" value=\"enoposteljni sobi (mo\u017eno le na nekaj lokacijah)\" id=\"form-field-field_6f1a54b-0\" name=\"form_fields[field_6f1a54b][]\"> <label for=\"form-field-field_6f1a54b-0\">enoposteljni sobi (mo\u017eno le na nekaj lokacijah)<\/label><\/span><span class=\"elementor-field-option\"><input type=\"checkbox\" value=\"dvo- ali ve\u010dposteljni sobi\" id=\"form-field-field_6f1a54b-1\" name=\"form_fields[field_6f1a54b][]\"> <label for=\"form-field-field_6f1a54b-1\">dvo- ali ve\u010dposteljni sobi<\/label><\/span><span class=\"elementor-field-option\"><input type=\"checkbox\" value=\"\" id=\"form-field-field_6f1a54b-2\" name=\"form_fields[field_6f1a54b][]\"> <label for=\"form-field-field_6f1a54b-2\"><\/label><\/span><\/div>\t\t\t\t<\/div>\n\t\t\t\t\t\t\t\t<div class=\"elementor-field-type-textarea elementor-field-group elementor-column elementor-field-group-field_bf525cc elementor-col-100\">\n\t\t\t\t\t\t\t\t\t\t\t\t<label for=\"form-field-field_bf525cc\" class=\"elementor-field-label\">\n\t\t\t\t\t\t\t\tIme in priimek sopotnika, s katerim si \u017eelim deliti sobo:\t\t\t\t\t\t\t<\/label>\n\t\t\t\t\t\t<textarea class=\"elementor-field-textual elementor-field  elementor-size-sm\" name=\"form_fields[field_bf525cc]\" id=\"form-field-field_bf525cc\" rows=\"1\"><\/textarea>\t\t\t\t<\/div>\n\t\t\t\t\t\t\t\t<div class=\"elementor-field-type-text elementor-field-group elementor-column elementor-field-group-field_5088d06 elementor-col-100\">\n\t\t\t\t\t\t\t\t\t\t\t\t\t<input size=\"1\" type=\"text\" name=\"form_fields[field_5088d06]\" id=\"form-field-field_5088d06\" class=\"elementor-field elementor-size-sm  elementor-field-textual\" placeholder=\"ZAVAROVANJE ODPOVEDI POTOVANJA\">\n\t\t\t\t\t\t\t\t\t\t\t<\/div>\n\t\t\t\t\t\t\t\t<div class=\"elementor-field-type-checkbox elementor-field-group elementor-column elementor-field-group-field_d03cafc elementor-col-100\">\n\t\t\t\t\t\t\t\t\t\t\t\t<label for=\"form-field-field_d03cafc\" class=\"elementor-field-label\">\n\t\t\t\t\t\t\t\t\u017delim, da mi uredite \t\t\t\t\t\t\t<\/label>\n\t\t\t\t\t\t<div class=\"elementor-field-subgroup  \"><span class=\"elementor-field-option\"><input type=\"checkbox\" value=\"Zavarovanje odpovedi potovanja pri Zavarovalnici Triglav - paket A.\" id=\"form-field-field_d03cafc-0\" name=\"form_fields[field_d03cafc][]\"> <label for=\"form-field-field_d03cafc-0\">Zavarovanje odpovedi potovanja pri Zavarovalnici Triglav - paket A.<\/label><\/span><span class=\"elementor-field-option\"><input type=\"checkbox\" value=\"Zavarovanje odpovedi potovanja pri Zavarovalnici Triglav - paket B.\" id=\"form-field-field_d03cafc-1\" name=\"form_fields[field_d03cafc][]\"> <label for=\"form-field-field_d03cafc-1\">Zavarovanje odpovedi potovanja pri Zavarovalnici Triglav - paket B.<\/label><\/span><span class=\"elementor-field-option\"><input type=\"checkbox\" value=\"Zavarovanje odpovedi potovanja pri Zavarovalnici Triglav - paketa A in B.\" id=\"form-field-field_d03cafc-2\" name=\"form_fields[field_d03cafc][]\"> <label for=\"form-field-field_d03cafc-2\">Zavarovanje odpovedi potovanja pri Zavarovalnici Triglav - paketa A in B.<\/label><\/span><span class=\"elementor-field-option\"><input type=\"checkbox\" value=\"Ni\u010d od tega, zavarovanje imam urejeno ali si ga bom uredil\/-a sam\/-a, oz. prevzemam tveganje.\" id=\"form-field-field_d03cafc-3\" name=\"form_fields[field_d03cafc][]\"> <label for=\"form-field-field_d03cafc-3\">Ni\u010d od tega, zavarovanje imam urejeno ali si ga bom uredil\/-a sam\/-a, oz. prevzemam tveganje.<\/label><\/span><\/div>\t\t\t\t<\/div>\n\t\t\t\t\t\t\t\t<div class=\"elementor-field-type-text elementor-field-group elementor-column elementor-field-group-field_212cc54 elementor-col-100\">\n\t\t\t\t\t\t\t\t\t\t\t\t\t<input size=\"1\" type=\"text\" name=\"form_fields[field_212cc54]\" id=\"form-field-field_212cc54\" class=\"elementor-field elementor-size-sm  elementor-field-textual\" placeholder=\"ZAVAROVANJE NA POTOVANJU\">\n\t\t\t\t\t\t\t\t\t\t\t<\/div>\n\t\t\t\t\t\t\t\t<div class=\"elementor-field-type-checkbox elementor-field-group elementor-column elementor-field-group-field_9e368cc elementor-col-100\">\n\t\t\t\t\t\t\t\t\t\t\t\t<label for=\"form-field-field_9e368cc\" class=\"elementor-field-label\">\n\t\t\t\t\t\t\t\t\u017delim, da mi uredite \t\t\t\t\t\t\t<\/label>\n\t\t\t\t\t\t<div class=\"elementor-field-subgroup  \"><span class=\"elementor-field-option\"><input type=\"checkbox\" value=\"Turisti\u010dno zavarovanje na poti pri Zavarovalnici Triglav - paket A.\" id=\"form-field-field_9e368cc-0\" name=\"form_fields[field_9e368cc][]\"> <label for=\"form-field-field_9e368cc-0\">Turisti\u010dno zavarovanje na poti pri Zavarovalnici Triglav - paket A.<\/label><\/span><span class=\"elementor-field-option\"><input type=\"checkbox\" value=\"Turisti\u010dno zavarovanje na poti pri Zavarovalnici Triglav - paket B.\" id=\"form-field-field_9e368cc-1\" name=\"form_fields[field_9e368cc][]\"> <label for=\"form-field-field_9e368cc-1\">Turisti\u010dno zavarovanje na poti pri Zavarovalnici Triglav - paket B.<\/label><\/span><span class=\"elementor-field-option\"><input type=\"checkbox\" value=\"Turisti\u010dno zavarovanje na poti pri Zavarovalnici Triglav - paket C.\" id=\"form-field-field_9e368cc-2\" name=\"form_fields[field_9e368cc][]\"> <label for=\"form-field-field_9e368cc-2\">Turisti\u010dno zavarovanje na poti pri Zavarovalnici Triglav - paket C.<\/label><\/span><span class=\"elementor-field-option\"><input type=\"checkbox\" value=\"Ni\u010d od tega, zavarovanje imam urejeno ali si ga bom uredil\/-a sam\/-a, oz. prevzemam tveganje potovati brez zavarovanja.\" id=\"form-field-field_9e368cc-3\" name=\"form_fields[field_9e368cc][]\"> <label for=\"form-field-field_9e368cc-3\">Ni\u010d od tega, zavarovanje imam urejeno ali si ga bom uredil\/-a sam\/-a, oz. prevzemam tveganje potovati brez zavarovanja.<\/label><\/span><\/div>\t\t\t\t<\/div>\n\t\t\t\t\t\t\t\t<div class=\"elementor-field-type-textarea elementor-field-group elementor-column elementor-field-group-field_c07a887 elementor-col-100\">\n\t\t\t\t\t\t\t\t\t\t\t\t<label for=\"form-field-field_c07a887\" class=\"elementor-field-label\">\n\t\t\t\t\t\t\t\t\u010ce ste se odlo\u010dili za zavarovanje, vpi\u0161ite svojo dav\u010dno \u0161tevilko. Brez nje se zavarovanja ne da skleniti.\t\t\t\t\t\t\t<\/label>\n\t\t\t\t\t\t<textarea class=\"elementor-field-textual elementor-field  elementor-size-sm\" name=\"form_fields[field_c07a887]\" id=\"form-field-field_c07a887\" rows=\"1\"><\/textarea>\t\t\t\t<\/div>\n\t\t\t\t\t\t\t\t<div class=\"elementor-field-type-text elementor-field-group elementor-column elementor-field-group-field_3886666 elementor-col-100\">\n\t\t\t\t\t\t\t\t\t\t\t\t\t<input size=\"1\" type=\"text\" name=\"form_fields[field_3886666]\" id=\"form-field-field_3886666\" class=\"elementor-field elementor-size-sm  elementor-field-textual\" placeholder=\"PLA\u010cILO ARAN\u017dMAJA\">\n\t\t\t\t\t\t\t\t\t\t\t<\/div>\n\t\t\t\t\t\t\t\t<div class=\"elementor-field-type-select elementor-field-group elementor-column elementor-field-group-field_f3219ed elementor-col-100 elementor-field-required elementor-mark-required\">\n\t\t\t\t\t\t\t\t\t\t\t\t<label for=\"form-field-field_f3219ed\" class=\"elementor-field-label\">\n\t\t\t\t\t\t\t\tPotovanje \u017eelim pla\u010dati v\t\t\t\t\t\t\t<\/label>\n\t\t\t\t\t\t\t\t<div class=\"elementor-field elementor-select-wrapper remove-before \">\n\t\t\t<div class=\"select-caret-down-wrapper\">\n\t\t\t\t<i aria-hidden=\"true\" class=\"eicon-caret-down\"><\/i>\t\t\t<\/div>\n\t\t\t<select name=\"form_fields[field_f3219ed]\" id=\"form-field-field_f3219ed\" class=\"elementor-field-textual elementor-size-sm\" required=\"required\">\n\t\t\t\t\t\t\t\t\t<option value=\"v enem obroku,\">v enem obroku,<\/option>\n\t\t\t\t\t\t\t\t\t<option value=\"v dveh obrokih,\">v dveh obrokih,<\/option>\n\t\t\t\t\t\t\t\t\t<option value=\"v treh obrokih,\">v treh obrokih,<\/option>\n\t\t\t\t\t\t\t\t\t<option value=\"v \u0161tirih obrokih.\">v \u0161tirih obrokih.<\/option>\n\t\t\t\t\t\t\t<\/select>\n\t\t<\/div>\n\t\t\t\t\t\t<\/div>\n\t\t\t\t\t\t\t\t<div class=\"elementor-field-type-text elementor-field-group elementor-column elementor-field-group-field_bbef5bd elementor-col-100\">\n\t\t\t\t\t\t\t\t\t\t\t\t<label for=\"form-field-field_bbef5bd\" class=\"elementor-field-label\">\n\t\t\t\t\t\t\t\t\u010ce bi radi po\u0161to prejemali na drug naslov, kot je naveden zgoraj, ga vpi\u0161ite tu:\t\t\t\t\t\t\t<\/label>\n\t\t\t\t\t\t\t\t\t\t\t\t\t\t<input size=\"1\" type=\"text\" name=\"form_fields[field_bbef5bd]\" id=\"form-field-field_bbef5bd\" class=\"elementor-field elementor-size-sm  elementor-field-textual\">\n\t\t\t\t\t\t\t\t\t\t\t<\/div>\n\t\t\t\t\t\t\t\t<div class=\"elementor-field-type-textarea elementor-field-group elementor-column elementor-field-group-field_32832ce elementor-col-100\">\n\t\t\t\t\t<textarea class=\"elementor-field-textual elementor-field  elementor-size-sm\" name=\"form_fields[field_32832ce]\" id=\"form-field-field_32832ce\" rows=\"3\" placeholder=\"NAVODILA IN SPLO\u0160NI POGOJI Splo\u0161ni pogoji in navodila za udele\u017ebo na potovanju so sestavni del programa. Na voljo so na spletni strani https:\/\/natoura.si. Potnik s prijavo sogla\u0161a z interno uporabo osebnih podatkov in za obve\u0161\u010danja o ponudbi naTOURa, Janja Benedik s. p. \u010ce potnik tega ne \u017eeli, mora to sporo\u010diti ob prijavi. \"><\/textarea>\t\t\t\t<\/div>\n\t\t\t\t\t\t\t\t<div class=\"elementor-field-type-textarea elementor-field-group elementor-column elementor-field-group-field_3271700 elementor-col-100\">\n\t\t\t\t\t\t\t\t\t\t\t\t<label for=\"form-field-field_3271700\" class=\"elementor-field-label\">\n\t\t\t\t\t\t\t\tVA\u0160E SPORO\u010cILO:\t\t\t\t\t\t\t<\/label>\n\t\t\t\t\t\t<textarea class=\"elementor-field-textual elementor-field  elementor-size-sm\" name=\"form_fields[field_3271700]\" id=\"form-field-field_3271700\" rows=\"3\"><\/textarea>\t\t\t\t<\/div>\n\t\t\t\t\t\t\t\t<div class=\"elementor-field-type-acceptance elementor-field-group elementor-column elementor-field-group-field_e30e1c2 elementor-col-100 elementor-field-required elementor-mark-required\">\n\t\t\t\t\t\t\t<div class=\"elementor-field-subgroup\">\n\t\t\t<span class=\"elementor-field-option\">\n\t\t\t\t<input type=\"checkbox\" name=\"form_fields[field_e30e1c2]\" id=\"form-field-field_e30e1c2\" class=\"elementor-field elementor-size-sm  elementor-acceptance-field\" required=\"required\">\n\t\t\t\t<label for=\"form-field-field_e30e1c2\">Strinjam se s Splo\u0161nimi pogoji in navodili naTOURa, Janja Benedik s. p. za udele\u017ebo na potovanju.<\/label>\t\t\t<\/span>\n\t\t<\/div>\n\t\t\t\t\t\t<\/div>\n\t\t\t\t\t\t\t\t<div class=\"elementor-field-type-acceptance elementor-field-group elementor-column elementor-field-group-field_9df29c4 elementor-col-100 elementor-field-required elementor-mark-required\">\n\t\t\t\t\t\t\t<div class=\"elementor-field-subgroup\">\n\t\t\t<span class=\"elementor-field-option\">\n\t\t\t\t<input type=\"checkbox\" name=\"form_fields[field_9df29c4]\" id=\"form-field-field_9df29c4\" class=\"elementor-field elementor-size-sm  elementor-acceptance-field\" required=\"required\">\n\t\t\t\t<label for=\"form-field-field_9df29c4\">Sprejemam Politiko varstva osebnih podatkov naTOURa, Janja Benedik s. p.<\/label>\t\t\t<\/span>\n\t\t<\/div>\n\t\t\t\t\t\t<\/div>\n\t\t\t\t\t\t\t\t<div class=\"elementor-field-group elementor-column elementor-field-type-submit elementor-col-100 e-form__buttons\">\n\t\t\t\t\t<button class=\"elementor-button elementor-size-sm\" type=\"submit\">\n\t\t\t\t\t\t<span class=\"elementor-button-content-wrapper\">\n\t\t\t\t\t\t\t\t\t\t\t\t\t\t\t<span class=\"elementor-button-icon\">\n\t\t\t\t\t\t\t\t\t<i aria-hidden=\"true\" class=\"far fa-paper-plane\"><\/i>\t\t\t\t\t\t\t\t\t\t\t\t\t\t\t\t\t<\/span>\n\t\t\t\t\t\t\t\t\t\t\t\t\t\t\t\t\t\t\t\t\t\t<span class=\"elementor-button-text\">PO\u0160LJI<\/span>\n\t\t\t\t\t\t\t\t\t\t\t\t\t<\/span>\n\t\t\t\t\t<\/button>\n\t\t\t\t<\/div>\n\t\t\t<\/div>\n\t\t<\/form>\n\t\t\t\t\t\t<\/div>\n\t\t\t\t<\/div>\n\t\t\t\t\t<\/div>\n\t\t<\/div>\n\t\t\t\t\t<\/div>\n\t\t<\/section>\n\t\t\t\t<\/div>\n\t\t","protected":false},"excerpt":{"rendered":"","protected":false},"author":1,"featured_media":11431,"parent":0,"menu_order":0,"comment_status":"closed","ping_status":"closed","template":"","meta":{"footnotes":""},"class_list":["post-12649","page","type-page","status-publish","has-post-thumbnail","hentry"],"_links":{"self":[{"href":"https:\/\/natoura.si\/sl_si\/wp-json\/wp\/v2\/pages\/12649","targetHints":{"allow":["GET"]}}],"collection":[{"href":"https:\/\/natoura.si\/sl_si\/wp-json\/wp\/v2\/pages"}],"about":[{"href":"https:\/\/natoura.si\/sl_si\/wp-json\/wp\/v2\/types\/page"}],"author":[{"embeddable":true,"href":"https:\/\/natoura.si\/sl_si\/wp-json\/wp\/v2\/users\/1"}],"replies":[{"embeddable":true,"href":"https:\/\/natoura.si\/sl_si\/wp-json\/wp\/v2\/comments?post=12649"}],"version-history":[{"count":8,"href":"https:\/\/natoura.si\/sl_si\/wp-json\/wp\/v2\/pages\/12649\/revisions"}],"predecessor-version":[{"id":12664,"href":"https:\/\/natoura.si\/sl_si\/wp-json\/wp\/v2\/pages\/12649\/revisions\/12664"}],"wp:featuredmedia":[{"embeddable":true,"href":"https:\/\/natoura.si\/sl_si\/wp-json\/wp\/v2\/media\/11431"}],"wp:attachment":[{"href":"https:\/\/natoura.si\/sl_si\/wp-json\/wp\/v2\/media?parent=12649"}],"curies":[{"name":"wp","href":"https:\/\/api.w.org\/{rel}","templated":true}]}}