{"id":11911,"date":"2023-11-06T14:49:31","date_gmt":"2023-11-06T14:49:31","guid":{"rendered":"https:\/\/natoura.si\/?page_id=11911"},"modified":"2024-12-29T08:09:35","modified_gmt":"2024-12-29T08:09:35","slug":"lessinia-program","status":"publish","type":"page","link":"https:\/\/natoura.si\/sl_si\/lessinia-program\/","title":{"rendered":"Bene\u0161ka Slovenija &#8211; program"},"content":{"rendered":"\t\t<div data-elementor-type=\"wp-page\" data-elementor-id=\"11911\" class=\"elementor elementor-11911\" data-elementor-post-type=\"page\">\n\t\t\t\t\t\t<section class=\"elementor-section elementor-top-section elementor-element elementor-element-caa1184 elementor-section-boxed elementor-section-height-default elementor-section-height-default\" data-id=\"caa1184\" data-element_type=\"section\" data-e-type=\"section\">\n\t\t\t\t\t\t<div class=\"elementor-container elementor-column-gap-default\">\n\t\t\t\t\t<div class=\"elementor-column elementor-col-33 elementor-top-column elementor-element elementor-element-2a3e188\" data-id=\"2a3e188\" data-element_type=\"column\" data-e-type=\"column\">\n\t\t\t<div class=\"elementor-widget-wrap elementor-element-populated\">\n\t\t\t\t\t\t<div class=\"elementor-element elementor-element-ad0484e elementor-widget elementor-widget-image\" data-id=\"ad0484e\" data-element_type=\"widget\" data-e-type=\"widget\" data-widget_type=\"image.default\">\n\t\t\t\t<div class=\"elementor-widget-container\">\n\t\t\t\t\t\t\t\t\t\t\t\t\t\t\t<img fetchpriority=\"high\" decoding=\"async\" width=\"800\" height=\"800\" src=\"https:\/\/natoura.si\/wp-content\/uploads\/2024\/02\/Clipboard_02-03-2024_01-2.gif\" class=\"attachment-large size-large wp-image-12737\" alt=\"\" \/>\t\t\t\t\t\t\t\t\t\t\t\t\t\t\t<\/div>\n\t\t\t\t<\/div>\n\t\t\t\t\t<\/div>\n\t\t<\/div>\n\t\t\t\t<div class=\"elementor-column elementor-col-66 elementor-top-column elementor-element elementor-element-acdc423\" data-id=\"acdc423\" data-element_type=\"column\" data-e-type=\"column\">\n\t\t\t<div class=\"elementor-widget-wrap elementor-element-populated\">\n\t\t\t\t\t\t<div class=\"elementor-element elementor-element-80aeafd elementor-widget elementor-widget-text-editor\" data-id=\"80aeafd\" data-element_type=\"widget\" data-e-type=\"widget\" data-widget_type=\"text-editor.default\">\n\t\t\t\t<div class=\"elementor-widget-container\">\n\t\t\t\t\t\t\t\t\t<p><span style=\"color: #ffffff;\">Zjutraj odhod iz Ljubljane in vo\u017enja skozi Tolmin do doline reke Nadi\u017ee, po kateri se bomo odpravili na italijansko stran meje. Tam si bomo ogledali Krajinski in pripovedni muzej z odli\u010dno multimedijsko predstavitvijo obmo\u010dja, kjer v Italiji \u017eivijo Slovenci: Nadi\u0161ke in Terske doline, Kanalska dolina in Rezija. Spoznali bomo njihova nare\u010dja in druge posebnosti. Od tam nas bo pot vodila v bli\u017enjo vas Bja\u010da, kjer se nahaja Landarska banka &#8211; kamen z zapisom o nekdanji avtonomiji Nadi\u0161kih in Terskih dolin, ki je tamkaj\u0161njim ljudem omogo\u010dala ohranjanje jezika, upravno ureditev in obi\u010daje. Nad vasjo se nahaja znamenita Landarska jama, v kateri je bilo \u017ee prazgodovinsko sveti\u0161\u010de, kasneje so jamo uporabljali tudi RImljani, Langobardi in nazadnje Slovenci. Po ogledu jamskega sveti\u0161\u010da nas bo pot vodila v vas Ma\u0161era pod Matajurjem, kjer se bomo sre\u010dali z doma\u010dini in si skupaj z njimi ogledali lokalni muzej. Spustili se bomo v dolino do bli\u017enjega \u010cedada in se sprehodili do slovitega Langobardskega templja, ki predstavlja enega najlep\u0161ih primerov Langobardske umetnosti.\u00a0 Po ogledu bo sledila vo\u017enja do hotela v bli\u017eini \u010cedada, ki se nahaja v nekdanji gra\u0161\u010dini, kjer bo ve\u010derja in preno\u010devanje.<\/span><\/p>\t\t\t\t\t\t\t\t<\/div>\n\t\t\t\t<\/div>\n\t\t\t\t\t<\/div>\n\t\t<\/div>\n\t\t\t\t\t<\/div>\n\t\t<\/section>\n\t\t\t\t<section class=\"elementor-section elementor-top-section elementor-element elementor-element-22ee4c3 elementor-section-boxed elementor-section-height-default elementor-section-height-default\" data-id=\"22ee4c3\" data-element_type=\"section\" data-e-type=\"section\">\n\t\t\t\t\t\t<div class=\"elementor-container elementor-column-gap-default\">\n\t\t\t\t\t<div class=\"elementor-column elementor-col-66 elementor-top-column elementor-element elementor-element-5c5d380\" data-id=\"5c5d380\" data-element_type=\"column\" data-e-type=\"column\">\n\t\t\t<div class=\"elementor-widget-wrap elementor-element-populated\">\n\t\t\t\t\t\t<div class=\"elementor-element elementor-element-b36b23c elementor-widget elementor-widget-text-editor\" data-id=\"b36b23c\" data-element_type=\"widget\" data-e-type=\"widget\" data-widget_type=\"text-editor.default\">\n\t\t\t\t<div class=\"elementor-widget-container\">\n\t\t\t\t\t\t\t\t\t<p><span style=\"color: #ffffff;\">Drugi dan bomo nadaljevali zgodbo o Langobardih, Germanskem ljudstvu, ki je v te kraje pri\u0161lo v 6. stoletju. Kmalu po prihodu so se raz\u0161irili po ve\u010djem delu Apeninskega polotoka in prav oni so bili tisti, ki so prepre\u010dili naseljevanje Slovanov v Padski ni\u017eini. Prvo mesto, ki so ga Langobardi izbrali za svojo prstolnico, je bil ravno \u010cedad in v tamkaj\u0161njem Arheolo\u0161kem muzeju bomo odkrivali sledi, ki so jih pustili v obliki umetnosti, raznih predmetov, oro\u017eja in arhitekture. Na meji, ki je kasneje postala narodnostna meja med Slovenci in Furlani (potomci Langobardov in staroselcev), so Langobardi postavili serijo utrdb, na osnovi katerih so se kasneje razvile srednjeve\u0161ke utrdbe in gradovi. Po eni od \u0161tevilnih urejenih poti, ki vodi med posameznimi ostanki gradov, se bomo sprehodili tudi mi (8 km, pribl. 200 m vi\u0161inske razlike) in spoznavali \u017eivljenje na narodnostni meji ter u\u017eivali v pogledih na Furlansko ni\u017eino. V popoldanskih urah se bomo odpeljali do reke Nadi\u017ee, kjer si bomo privo\u0161\u010dili sprehod nad kanjonom, nekaj \u010dasa pa bo tudi za kopanje. Sledila bo vo\u017enja do hotela, ve\u010derja in preno\u010devanje.<\/span><\/p>\t\t\t\t\t\t\t\t<\/div>\n\t\t\t\t<\/div>\n\t\t\t\t\t<\/div>\n\t\t<\/div>\n\t\t\t\t<div class=\"elementor-column elementor-col-33 elementor-top-column elementor-element elementor-element-fed6152\" data-id=\"fed6152\" data-element_type=\"column\" data-e-type=\"column\">\n\t\t\t<div class=\"elementor-widget-wrap elementor-element-populated\">\n\t\t\t\t\t\t<div class=\"elementor-element elementor-element-f1ce101 elementor-widget elementor-widget-image\" data-id=\"f1ce101\" data-element_type=\"widget\" data-e-type=\"widget\" data-widget_type=\"image.default\">\n\t\t\t\t<div class=\"elementor-widget-container\">\n\t\t\t\t\t\t\t\t\t\t\t\t\t\t\t<img decoding=\"async\" width=\"800\" height=\"800\" src=\"https:\/\/natoura.si\/wp-content\/uploads\/2024\/02\/IMG_4374-2.gif\" class=\"attachment-large size-large wp-image-12738\" alt=\"\" \/>\t\t\t\t\t\t\t\t\t\t\t\t\t\t\t<\/div>\n\t\t\t\t<\/div>\n\t\t\t\t\t<\/div>\n\t\t<\/div>\n\t\t\t\t\t<\/div>\n\t\t<\/section>\n\t\t\t\t<section class=\"elementor-section elementor-top-section elementor-element elementor-element-4d51e0c elementor-section-boxed elementor-section-height-default elementor-section-height-default\" data-id=\"4d51e0c\" data-element_type=\"section\" data-e-type=\"section\">\n\t\t\t\t\t\t<div class=\"elementor-container elementor-column-gap-default\">\n\t\t\t\t\t<div class=\"elementor-column elementor-col-33 elementor-top-column elementor-element elementor-element-9f6e32d\" data-id=\"9f6e32d\" data-element_type=\"column\" data-e-type=\"column\">\n\t\t\t<div class=\"elementor-widget-wrap elementor-element-populated\">\n\t\t\t\t\t\t<div class=\"elementor-element elementor-element-f60a527 elementor-widget elementor-widget-image\" data-id=\"f60a527\" data-element_type=\"widget\" data-e-type=\"widget\" data-widget_type=\"image.default\">\n\t\t\t\t<div class=\"elementor-widget-container\">\n\t\t\t\t\t\t\t\t\t\t\t\t\t\t\t<img decoding=\"async\" width=\"800\" height=\"800\" src=\"https:\/\/natoura.si\/wp-content\/uploads\/2024\/02\/IMG_4562-2.gif\" class=\"attachment-large size-large wp-image-12766\" alt=\"\" \/>\t\t\t\t\t\t\t\t\t\t\t\t\t\t\t<\/div>\n\t\t\t\t<\/div>\n\t\t\t\t\t<\/div>\n\t\t<\/div>\n\t\t\t\t<div class=\"elementor-column elementor-col-66 elementor-top-column elementor-element elementor-element-434a310\" data-id=\"434a310\" data-element_type=\"column\" data-e-type=\"column\">\n\t\t\t<div class=\"elementor-widget-wrap elementor-element-populated\">\n\t\t\t\t\t\t<div class=\"elementor-element elementor-element-f4793a6 elementor-widget elementor-widget-text-editor\" data-id=\"f4793a6\" data-element_type=\"widget\" data-e-type=\"widget\" data-widget_type=\"text-editor.default\">\n\t\t\t\t<div class=\"elementor-widget-container\">\n\t\t\t\t\t\t\t\t\t<p><span style=\"color: #ffffff;\">Po zajtrku bomo zapustili okolico \u010cedada in reko Nadi\u017eo ter se odpeljali do dolin ob reki Ter. Dan bomo posvetili spoznavanju \u017eivljenja Slovencev v Terskih dolinah neko\u010d in danes in preko vasi Tipana se bomo odpeljali do vasi Vi\u0161ko\u0161a, ki le\u017ei na uravnavi pod goro Brinica, od tam pa do vasi Bardo, kjer se bomo spet sre\u010dali z doma\u010dini in si ogledali zanimiv Etnografski muzej s pri\u010devanjem Slovencev v Terskih dolinah neko\u010d. Sledila bo vo\u017enja do vasi Zajama, kjer si bomo ogledali \u010dudovito kra\u0161ko jamo, v kateri lahko vidimo nenavaden pojav &#8211; podzemni stik apnenca in fli\u0161a. Nato se bomo spustili v dolino in sledili reki Ter do njenega izvira, od tam pa preko prelaza U\u010dja do Tolmina in naprej proti Ljubljani, kamor bomo prispeli v ve\u010dernih urah.<\/span><\/p>\t\t\t\t\t\t\t\t<\/div>\n\t\t\t\t<\/div>\n\t\t\t\t\t<\/div>\n\t\t<\/div>\n\t\t\t\t\t<\/div>\n\t\t<\/section>\n\t\t\t\t<section class=\"elementor-section elementor-top-section elementor-element elementor-element-7646ff9 elementor-section-boxed elementor-section-height-default elementor-section-height-default\" data-id=\"7646ff9\" data-element_type=\"section\" data-e-type=\"section\">\n\t\t\t\t\t\t<div class=\"elementor-container elementor-column-gap-default\">\n\t\t\t\t\t<div class=\"elementor-column elementor-col-100 elementor-top-column elementor-element elementor-element-29bac89\" data-id=\"29bac89\" data-element_type=\"column\" data-e-type=\"column\">\n\t\t\t<div class=\"elementor-widget-wrap elementor-element-populated\">\n\t\t\t\t\t\t<div class=\"elementor-element elementor-element-23ab1bf elementor-widget elementor-widget-spacer\" data-id=\"23ab1bf\" data-element_type=\"widget\" data-e-type=\"widget\" data-widget_type=\"spacer.default\">\n\t\t\t\t<div class=\"elementor-widget-container\">\n\t\t\t\t\t\t\t<div class=\"elementor-spacer\">\n\t\t\t<div class=\"elementor-spacer-inner\"><\/div>\n\t\t<\/div>\n\t\t\t\t\t\t<\/div>\n\t\t\t\t<\/div>\n\t\t\t\t\t<\/div>\n\t\t<\/div>\n\t\t\t\t\t<\/div>\n\t\t<\/section>\n\t\t\t\t<section class=\"elementor-section elementor-top-section elementor-element elementor-element-b82a39f elementor-section-boxed elementor-section-height-default elementor-section-height-default\" data-id=\"b82a39f\" data-element_type=\"section\" data-e-type=\"section\">\n\t\t\t\t\t\t<div class=\"elementor-container elementor-column-gap-default\">\n\t\t\t\t\t<div class=\"elementor-column elementor-col-100 elementor-top-column elementor-element elementor-element-a036de3\" data-id=\"a036de3\" data-element_type=\"column\" data-e-type=\"column\">\n\t\t\t<div class=\"elementor-widget-wrap elementor-element-populated\">\n\t\t\t\t\t\t<div class=\"elementor-element elementor-element-ec3f929 elementor-widget elementor-widget-text-editor\" data-id=\"ec3f929\" data-element_type=\"widget\" data-e-type=\"widget\" data-widget_type=\"text-editor.default\">\n\t\t\t\t<div class=\"elementor-widget-container\">\n\t\t\t\t\t\t\t\t\t<p><span style=\"font-family: Poppins; color: #ffffff;\">Vodstvo: Janja Benedik\u00a0 in lokalni vodniki.<\/span><\/p>\t\t\t\t\t\t\t\t<\/div>\n\t\t\t\t<\/div>\n\t\t\t\t\t<\/div>\n\t\t<\/div>\n\t\t\t\t\t<\/div>\n\t\t<\/section>\n\t\t\t\t<section class=\"elementor-section elementor-top-section elementor-element elementor-element-5ffab85 elementor-section-boxed elementor-section-height-default elementor-section-height-default\" data-id=\"5ffab85\" data-element_type=\"section\" data-e-type=\"section\">\n\t\t\t\t\t\t<div class=\"elementor-container elementor-column-gap-default\">\n\t\t\t\t\t<div class=\"elementor-column elementor-col-100 elementor-top-column elementor-element elementor-element-7b795d5\" data-id=\"7b795d5\" data-element_type=\"column\" data-e-type=\"column\">\n\t\t\t<div class=\"elementor-widget-wrap elementor-element-populated\">\n\t\t\t\t\t\t<div class=\"elementor-element elementor-element-e70fe8c elementor-widget elementor-widget-text-editor\" data-id=\"e70fe8c\" data-element_type=\"widget\" data-e-type=\"widget\" data-widget_type=\"text-editor.default\">\n\t\t\t\t<div class=\"elementor-widget-container\">\n\t\t\t\t\t\t\t\t\t<p><span style=\"color: #ffffff;\"><span style=\"font-family: Poppins;\"><a style=\"color: #ffffff;\" href=\"https:\/\/natoura.si\/splosni-pogoji-poslovanja\/\">S<\/a><\/span><span style=\"font-family: Poppins;\"><a style=\"color: #ffffff;\" href=\"https:\/\/natoura.si\/splosni-pogoji-poslovanja\/\">plo\u0161ni pogoji poslovanja<\/a><\/span><span style=\"font-family: Poppins;\"> so <\/span><span style=\"font-family: Poppins;\">sestavni del programa. Na voljo so na spletni strani https:\/\/natoura.si.<\/span><\/span><\/p><p><span style=\"color: #ffffff;\">Avtorica programa in fotografij: \u00a9 Janja Benedik, 2007-2024.<\/span><\/p><p><span style=\"color: #ffffff;\"><span style=\"font-family: Poppins;\">Organizator in izvajalec izleta: \u00a9 naTOURa, Janja Benedik, s. p., <\/span><span style=\"font-family: Poppins;\">2024-25.<\/span><\/span><\/p><div id=\"kpm-root\" class=\"kpm_LTR\">\u00a0<\/div>\t\t\t\t\t\t\t\t<\/div>\n\t\t\t\t<\/div>\n\t\t\t\t\t<\/div>\n\t\t<\/div>\n\t\t\t\t\t<\/div>\n\t\t<\/section>\n\t\t\t\t<\/div>\n\t\t","protected":false},"excerpt":{"rendered":"<p>Zjutraj odhod iz Ljubljane in vo\u017enja skozi Tolmin do doline reke Nadi\u017ee, po kateri se bomo odpravili na italijansko stran meje. Tam si bomo ogledaliTour Details<\/p>\n","protected":false},"author":1,"featured_media":12736,"parent":0,"menu_order":0,"comment_status":"closed","ping_status":"closed","template":"","meta":{"footnotes":""},"class_list":["post-11911","page","type-page","status-publish","has-post-thumbnail","hentry"],"_links":{"self":[{"href":"https:\/\/natoura.si\/sl_si\/wp-json\/wp\/v2\/pages\/11911","targetHints":{"allow":["GET"]}}],"collection":[{"href":"https:\/\/natoura.si\/sl_si\/wp-json\/wp\/v2\/pages"}],"about":[{"href":"https:\/\/natoura.si\/sl_si\/wp-json\/wp\/v2\/types\/page"}],"author":[{"embeddable":true,"href":"https:\/\/natoura.si\/sl_si\/wp-json\/wp\/v2\/users\/1"}],"replies":[{"embeddable":true,"href":"https:\/\/natoura.si\/sl_si\/wp-json\/wp\/v2\/comments?post=11911"}],"version-history":[{"count":42,"href":"https:\/\/natoura.si\/sl_si\/wp-json\/wp\/v2\/pages\/11911\/revisions"}],"predecessor-version":[{"id":14313,"href":"https:\/\/natoura.si\/sl_si\/wp-json\/wp\/v2\/pages\/11911\/revisions\/14313"}],"wp:featuredmedia":[{"embeddable":true,"href":"https:\/\/natoura.si\/sl_si\/wp-json\/wp\/v2\/media\/12736"}],"wp:attachment":[{"href":"https:\/\/natoura.si\/sl_si\/wp-json\/wp\/v2\/media?parent=11911"}],"curies":[{"name":"wp","href":"https:\/\/api.w.org\/{rel}","templated":true}]}}