{"id":11704,"date":"2023-09-28T16:35:57","date_gmt":"2023-09-28T16:35:57","guid":{"rendered":"https:\/\/natoura.si\/?page_id=11704"},"modified":"2023-12-13T17:41:29","modified_gmt":"2023-12-13T17:41:29","slug":"crna-gora-program-copy","status":"publish","type":"page","link":"https:\/\/natoura.si\/sl_si\/crna-gora-program-copy\/","title":{"rendered":"Zahodna Srbija &#8211; program"},"content":{"rendered":"\t\t<div data-elementor-type=\"wp-page\" data-elementor-id=\"11704\" class=\"elementor elementor-11704\" data-elementor-post-type=\"page\">\n\t\t\t\t\t\t<section class=\"elementor-section elementor-top-section elementor-element elementor-element-1eb7043 elementor-section-boxed elementor-section-height-default elementor-section-height-default\" data-id=\"1eb7043\" data-element_type=\"section\" data-e-type=\"section\">\n\t\t\t\t\t\t<div class=\"elementor-container elementor-column-gap-default\">\n\t\t\t\t\t<div class=\"elementor-column elementor-col-33 elementor-top-column elementor-element elementor-element-65c14b3\" data-id=\"65c14b3\" data-element_type=\"column\" data-e-type=\"column\">\n\t\t\t<div class=\"elementor-widget-wrap elementor-element-populated\">\n\t\t\t\t\t\t<div class=\"elementor-element elementor-element-73aef05 elementor-widget elementor-widget-image\" data-id=\"73aef05\" data-element_type=\"widget\" data-e-type=\"widget\" data-widget_type=\"image.default\">\n\t\t\t\t<div class=\"elementor-widget-container\">\n\t\t\t\t\t\t\t\t\t\t\t\t\t\t\t<img fetchpriority=\"high\" decoding=\"async\" width=\"800\" height=\"800\" src=\"https:\/\/natoura.si\/wp-content\/uploads\/2023\/12\/Obedska-bara-3.gif\" class=\"attachment-large size-large wp-image-12428\" alt=\"\" \/>\t\t\t\t\t\t\t\t\t\t\t\t\t\t\t<\/div>\n\t\t\t\t<\/div>\n\t\t\t\t\t<\/div>\n\t\t<\/div>\n\t\t\t\t<div class=\"elementor-column elementor-col-66 elementor-top-column elementor-element elementor-element-b39bd48\" data-id=\"b39bd48\" data-element_type=\"column\" data-e-type=\"column\">\n\t\t\t<div class=\"elementor-widget-wrap elementor-element-populated\">\n\t\t\t\t\t\t<div class=\"elementor-element elementor-element-8954cd2 elementor-widget elementor-widget-text-editor\" data-id=\"8954cd2\" data-element_type=\"widget\" data-e-type=\"widget\" data-widget_type=\"text-editor.default\">\n\t\t\t\t<div class=\"elementor-widget-container\">\n\t\t\t\t\t\t\t\t\t<p><span style=\"color: #9dbc55;\">1. dan: \u010detrtek, 16. maj 2024<\/span><\/p><p><span style=\"color: #ffffff;\">Zjutraj odhod iz Ljubljane in vo\u017enja proti Beogradu. Malo pred Beogradom bomo na izhodu Pe\u0107inci zavili proti Naravnemu rezervatu <strong>Obedska bara<\/strong>. Mokri\u0161\u010de predstavlja nekdanjo strugo reke Save, kjer danes najdemo razli\u010dna \u017eivljenjska okolja: mrtvice, mokri\u0161\u010da, vla\u017ene travnike in poplavne gozdove. Vse to predstavlja pomembno \u017eivljenjsko okolje za \u0161tevilne redke rastlinske in \u017eivalske vrste. Sprehodili se bomo skozi poplavne gozdove ob strugi reke in se nato s \u010dolni zapeljali \u0161e po sami strugi ter opazovali vodno rastlinstvo in \u017eivalstvo, predvsem ptice. Sledila bo vo\u017enja v Etno selo Sun\u010dana reka pri Loznici, kjer bo ve\u010derja in preno\u010devanje.<\/span><\/p>\t\t\t\t\t\t\t\t<\/div>\n\t\t\t\t<\/div>\n\t\t\t\t\t<\/div>\n\t\t<\/div>\n\t\t\t\t\t<\/div>\n\t\t<\/section>\n\t\t\t\t<section class=\"elementor-section elementor-top-section elementor-element elementor-element-6db23a6 elementor-section-boxed elementor-section-height-default elementor-section-height-default\" data-id=\"6db23a6\" data-element_type=\"section\" data-e-type=\"section\">\n\t\t\t\t\t\t<div class=\"elementor-container elementor-column-gap-default\">\n\t\t\t\t\t<div class=\"elementor-column elementor-col-66 elementor-top-column elementor-element elementor-element-01fc2de\" data-id=\"01fc2de\" data-element_type=\"column\" data-e-type=\"column\">\n\t\t\t<div class=\"elementor-widget-wrap elementor-element-populated\">\n\t\t\t\t\t\t<div class=\"elementor-element elementor-element-301a202 elementor-widget elementor-widget-text-editor\" data-id=\"301a202\" data-element_type=\"widget\" data-e-type=\"widget\" data-widget_type=\"text-editor.default\">\n\t\t\t\t<div class=\"elementor-widget-container\">\n\t\t\t\t\t\t\t\t\t<p><span style=\"color: #9dbc55;\">2. dan: petek, 17. maj 2024<\/span><\/p><p><span style=\"color: #ffffff;\">Po zajtrku vo\u017enja do <strong>Bajine Ba\u0161te<\/strong>, kjer si bomo ogledali znamenito hi\u0161ico na Drini in pritok Drine, eno najkraj\u0161ih rek v Evropi (reka Godina\/Vrelo, dol\u017eina 365 m). Z obale Drine se bomo z avtobusom povzpeli proti razgledi\u0161\u010du <strong>Banjska stena<\/strong> (od parkiri\u0161\u010da do razgledi\u0161\u010da in nazaj pribli\u017eno 1 h hoje, 2,5 km), kjer bomo imeli \u010dudovite razglede na sotesko Drine, nato pa se bomo odpeljali do <strong>Zaovinskega jezera<\/strong>, kjer si bomo ogledali omoriko (<em>Picea omorika<\/em>), endemit Balkana. Z Zaovinskega jezera se bomo preko planote Tara vrnili v <strong>Bajino Ba\u0161to<\/strong> na ve\u010derjo in preno\u010devanje v hotelu.<\/span><\/p>\t\t\t\t\t\t\t\t<\/div>\n\t\t\t\t<\/div>\n\t\t\t\t\t<\/div>\n\t\t<\/div>\n\t\t\t\t<div class=\"elementor-column elementor-col-33 elementor-top-column elementor-element elementor-element-3df9465\" data-id=\"3df9465\" data-element_type=\"column\" data-e-type=\"column\">\n\t\t\t<div class=\"elementor-widget-wrap elementor-element-populated\">\n\t\t\t\t\t\t<div class=\"elementor-element elementor-element-3c441f3 elementor-widget elementor-widget-image\" data-id=\"3c441f3\" data-element_type=\"widget\" data-e-type=\"widget\" data-widget_type=\"image.default\">\n\t\t\t\t<div class=\"elementor-widget-container\">\n\t\t\t\t\t\t\t\t\t\t\t\t\t\t\t<img decoding=\"async\" width=\"800\" height=\"800\" src=\"https:\/\/natoura.si\/wp-content\/uploads\/2023\/12\/Tara-vidikovac.gif\" class=\"attachment-large size-large wp-image-12429\" alt=\"\" \/>\t\t\t\t\t\t\t\t\t\t\t\t\t\t\t<\/div>\n\t\t\t\t<\/div>\n\t\t\t\t\t<\/div>\n\t\t<\/div>\n\t\t\t\t\t<\/div>\n\t\t<\/section>\n\t\t\t\t<section class=\"elementor-section elementor-top-section elementor-element elementor-element-7dbd7df elementor-section-boxed elementor-section-height-default elementor-section-height-default\" data-id=\"7dbd7df\" data-element_type=\"section\" data-e-type=\"section\">\n\t\t\t\t\t\t<div class=\"elementor-container elementor-column-gap-default\">\n\t\t\t\t\t<div class=\"elementor-column elementor-col-33 elementor-top-column elementor-element elementor-element-5072d91\" data-id=\"5072d91\" data-element_type=\"column\" data-e-type=\"column\">\n\t\t\t<div class=\"elementor-widget-wrap elementor-element-populated\">\n\t\t\t\t\t\t<div class=\"elementor-element elementor-element-669ede7 elementor-widget elementor-widget-image\" data-id=\"669ede7\" data-element_type=\"widget\" data-e-type=\"widget\" data-widget_type=\"image.default\">\n\t\t\t\t<div class=\"elementor-widget-container\">\n\t\t\t\t\t\t\t\t\t\t\t\t\t\t\t<img decoding=\"async\" width=\"800\" height=\"800\" src=\"https:\/\/natoura.si\/wp-content\/uploads\/2023\/12\/Uvac2.gif\" class=\"attachment-large size-large wp-image-12430\" alt=\"\" \/>\t\t\t\t\t\t\t\t\t\t\t\t\t\t\t<\/div>\n\t\t\t\t<\/div>\n\t\t\t\t\t<\/div>\n\t\t<\/div>\n\t\t\t\t<div class=\"elementor-column elementor-col-66 elementor-top-column elementor-element elementor-element-1042d29\" data-id=\"1042d29\" data-element_type=\"column\" data-e-type=\"column\">\n\t\t\t<div class=\"elementor-widget-wrap elementor-element-populated\">\n\t\t\t\t\t\t<div class=\"elementor-element elementor-element-1d88c84 elementor-widget elementor-widget-text-editor\" data-id=\"1d88c84\" data-element_type=\"widget\" data-e-type=\"widget\" data-widget_type=\"text-editor.default\">\n\t\t\t\t<div class=\"elementor-widget-container\">\n\t\t\t\t\t\t\t\t\t<p><span style=\"color: #9dbc55;\">3. dan: sobota, 18. maj 2024<\/span><\/p><p><span style=\"color: #ffffff;\">Po zajtrku vo\u017enja do Sjenice, kjer se bomo ob poti posvetili tudi pestri geologiji tega obmo\u010dja. Popoldan se bomo posvetili raziskovanju reke <strong>Uvac <\/strong>in njenih nepozabno lepih meandrov. Najprej se bomo pe\u0161 odpravili po poti ob robu kanjona do razgledi\u0161\u010da, od tam pa se spustili do reke in se s \u010dolni odpeljali po meandrih do Ledene jame ter nazaj do izhodi\u0161\u010da. Opazovali bomo beloglave jastrebe, za katere obmo\u010dje reke Uvac predstavlja pomembno obmo\u010dje za gnezdenje. Vrnitev v Sjenico, kjer bo ve\u010derja in preno\u010devanje.<\/span><\/p><p><span style=\"color: #ffffff;\">Pribl. 5 km hoje nad kanjonom Uvac &#8211; pribl. 200 m vi\u0161inske razlike.<\/span><\/p>\t\t\t\t\t\t\t\t<\/div>\n\t\t\t\t<\/div>\n\t\t\t\t\t<\/div>\n\t\t<\/div>\n\t\t\t\t\t<\/div>\n\t\t<\/section>\n\t\t\t\t<section class=\"elementor-section elementor-top-section elementor-element elementor-element-3d48662 elementor-section-boxed elementor-section-height-default elementor-section-height-default\" data-id=\"3d48662\" data-element_type=\"section\" data-e-type=\"section\">\n\t\t\t\t\t\t<div class=\"elementor-container elementor-column-gap-default\">\n\t\t\t\t\t<div class=\"elementor-column elementor-col-66 elementor-top-column elementor-element elementor-element-174a7f7\" data-id=\"174a7f7\" data-element_type=\"column\" data-e-type=\"column\">\n\t\t\t<div class=\"elementor-widget-wrap elementor-element-populated\">\n\t\t\t\t\t\t<div class=\"elementor-element elementor-element-42433ad elementor-widget elementor-widget-text-editor\" data-id=\"42433ad\" data-element_type=\"widget\" data-e-type=\"widget\" data-widget_type=\"text-editor.default\">\n\t\t\t\t<div class=\"elementor-widget-container\">\n\t\t\t\t\t\t\t\t\t<p><span style=\"color: #9dbc55;\">4. dan: nedelja, 19. maj 2024<\/span><\/p><p><span style=\"color: #ffffff;\">Po zajtrku vo\u017enja proti Zlatiboru, kjer si bomo ogledali jamo <strong>Stopi\u0107a pe\u0107ina<\/strong>, ki velja za eno lep\u0161ih turisti\u010dno urejenih jam v Srbiji. Pot bomo nato nadaljevali proti Valjevu in se ustavili v vasi <strong>Brankovina<\/strong>, katere del je kulturno-zgodovinski kompleks z ohranjeno staro srbsko pode\u017eelsko arhitekturo. Ob ogledu vasi se bomo spomnili tudi znane srbske pesnice Desanke Maksimovi\u0107. Po ogledu se bomo odpeljali do \u0160abca, kjer bo ve\u010derja in preno\u010devanje.<\/span><\/p>\t\t\t\t\t\t\t\t<\/div>\n\t\t\t\t<\/div>\n\t\t\t\t\t<\/div>\n\t\t<\/div>\n\t\t\t\t<div class=\"elementor-column elementor-col-33 elementor-top-column elementor-element elementor-element-a9c5ca3\" data-id=\"a9c5ca3\" data-element_type=\"column\" data-e-type=\"column\">\n\t\t\t<div class=\"elementor-widget-wrap elementor-element-populated\">\n\t\t\t\t\t\t<div class=\"elementor-element elementor-element-131638b elementor-widget elementor-widget-image\" data-id=\"131638b\" data-element_type=\"widget\" data-e-type=\"widget\" data-widget_type=\"image.default\">\n\t\t\t\t<div class=\"elementor-widget-container\">\n\t\t\t\t\t\t\t\t\t\t\t\t\t\t\t<img loading=\"lazy\" decoding=\"async\" width=\"800\" height=\"800\" src=\"https:\/\/natoura.si\/wp-content\/uploads\/2023\/12\/Stopica-pecina.gif\" class=\"attachment-large size-large wp-image-12431\" alt=\"\" \/>\t\t\t\t\t\t\t\t\t\t\t\t\t\t\t<\/div>\n\t\t\t\t<\/div>\n\t\t\t\t\t<\/div>\n\t\t<\/div>\n\t\t\t\t\t<\/div>\n\t\t<\/section>\n\t\t\t\t<section class=\"elementor-section elementor-top-section elementor-element elementor-element-76cf172 elementor-section-boxed elementor-section-height-default elementor-section-height-default\" data-id=\"76cf172\" data-element_type=\"section\" data-e-type=\"section\">\n\t\t\t\t\t\t<div class=\"elementor-container elementor-column-gap-default\">\n\t\t\t\t\t<div class=\"elementor-column elementor-col-33 elementor-top-column elementor-element elementor-element-c9cb3ca\" data-id=\"c9cb3ca\" data-element_type=\"column\" data-e-type=\"column\">\n\t\t\t<div class=\"elementor-widget-wrap elementor-element-populated\">\n\t\t\t\t\t\t<div class=\"elementor-element elementor-element-7ecc249 elementor-widget elementor-widget-image\" data-id=\"7ecc249\" data-element_type=\"widget\" data-e-type=\"widget\" data-widget_type=\"image.default\">\n\t\t\t\t<div class=\"elementor-widget-container\">\n\t\t\t\t\t\t\t\t\t\t\t\t\t\t\t<img loading=\"lazy\" decoding=\"async\" width=\"800\" height=\"800\" src=\"https:\/\/natoura.si\/wp-content\/uploads\/2023\/12\/Obedska-bara-1.gif\" class=\"attachment-large size-large wp-image-12432\" alt=\"\" \/>\t\t\t\t\t\t\t\t\t\t\t\t\t\t\t<\/div>\n\t\t\t\t<\/div>\n\t\t\t\t\t<\/div>\n\t\t<\/div>\n\t\t\t\t<div class=\"elementor-column elementor-col-66 elementor-top-column elementor-element elementor-element-195f95c\" data-id=\"195f95c\" data-element_type=\"column\" data-e-type=\"column\">\n\t\t\t<div class=\"elementor-widget-wrap elementor-element-populated\">\n\t\t\t\t\t\t<div class=\"elementor-element elementor-element-7216538 elementor-widget elementor-widget-text-editor\" data-id=\"7216538\" data-element_type=\"widget\" data-e-type=\"widget\" data-widget_type=\"text-editor.default\">\n\t\t\t\t<div class=\"elementor-widget-container\">\n\t\t\t\t\t\t\t\t\t<p><span style=\"color: #9dbc55;\">5. dan: ponedeljek, 20. maj 2024<\/span><\/p><p><span style=\"color: #ffffff;\">Po zajtrku povratek proti Ljubljani. Prihod v Ljubljano v ve\u010dernih urah.<\/span><\/p>\t\t\t\t\t\t\t\t<\/div>\n\t\t\t\t<\/div>\n\t\t\t\t\t<\/div>\n\t\t<\/div>\n\t\t\t\t\t<\/div>\n\t\t<\/section>\n\t\t\t\t<section class=\"elementor-section elementor-top-section elementor-element elementor-element-658ba09 elementor-section-boxed elementor-section-height-default elementor-section-height-default\" data-id=\"658ba09\" data-element_type=\"section\" data-e-type=\"section\">\n\t\t\t\t\t\t<div class=\"elementor-container elementor-column-gap-default\">\n\t\t\t\t\t<div class=\"elementor-column elementor-col-100 elementor-top-column elementor-element elementor-element-4498596\" data-id=\"4498596\" data-element_type=\"column\" data-e-type=\"column\">\n\t\t\t<div class=\"elementor-widget-wrap elementor-element-populated\">\n\t\t\t\t\t\t<div class=\"elementor-element elementor-element-2a2d8c9 elementor-widget elementor-widget-text-editor\" data-id=\"2a2d8c9\" data-element_type=\"widget\" data-e-type=\"widget\" data-widget_type=\"text-editor.default\">\n\t\t\t\t<div class=\"elementor-widget-container\">\n\t\t\t\t\t\t\t\t\t<p><span style=\"font-family: Poppins; font-size: 14px; color: #ffffff;\">Avtorica programa in fotografij: \u00a9 Janja Benedik, 2019-2023.<\/span><\/p><p><span style=\"color: #ffffff;\"><span style=\"font-family: Poppins; font-size: 14px;\">Or<\/span><span style=\"font-family: Poppins; font-size: 14px;\">ganizator in izvajalec programa: \u00a9 naTOURa, Janja Benedik s. p., 2023.<\/span><\/span><\/p>\t\t\t\t\t\t\t\t<\/div>\n\t\t\t\t<\/div>\n\t\t\t\t\t<\/div>\n\t\t<\/div>\n\t\t\t\t\t<\/div>\n\t\t<\/section>\n\t\t\t\t<\/div>\n\t\t","protected":false},"excerpt":{"rendered":"<p>1. dan: \u010detrtek, 16. maj 2024 Zjutraj odhod iz Ljubljane in vo\u017enja proti Beogradu. Malo pred Beogradom bomo na izhodu Pe\u0107inci zavili proti Naravnemu rezervatuTour Details<\/p>\n","protected":false},"author":1,"featured_media":12419,"parent":0,"menu_order":0,"comment_status":"closed","ping_status":"closed","template":"","meta":{"footnotes":""},"class_list":["post-11704","page","type-page","status-publish","has-post-thumbnail","hentry"],"_links":{"self":[{"href":"https:\/\/natoura.si\/sl_si\/wp-json\/wp\/v2\/pages\/11704","targetHints":{"allow":["GET"]}}],"collection":[{"href":"https:\/\/natoura.si\/sl_si\/wp-json\/wp\/v2\/pages"}],"about":[{"href":"https:\/\/natoura.si\/sl_si\/wp-json\/wp\/v2\/types\/page"}],"author":[{"embeddable":true,"href":"https:\/\/natoura.si\/sl_si\/wp-json\/wp\/v2\/users\/1"}],"replies":[{"embeddable":true,"href":"https:\/\/natoura.si\/sl_si\/wp-json\/wp\/v2\/comments?post=11704"}],"version-history":[{"count":14,"href":"https:\/\/natoura.si\/sl_si\/wp-json\/wp\/v2\/pages\/11704\/revisions"}],"predecessor-version":[{"id":12446,"href":"https:\/\/natoura.si\/sl_si\/wp-json\/wp\/v2\/pages\/11704\/revisions\/12446"}],"wp:featuredmedia":[{"embeddable":true,"href":"https:\/\/natoura.si\/sl_si\/wp-json\/wp\/v2\/media\/12419"}],"wp:attachment":[{"href":"https:\/\/natoura.si\/sl_si\/wp-json\/wp\/v2\/media?parent=11704"}],"curies":[{"name":"wp","href":"https:\/\/api.w.org\/{rel}","templated":true}]}}