{"id":11378,"date":"2023-08-06T20:44:06","date_gmt":"2023-08-06T20:44:06","guid":{"rendered":"https:\/\/natoura.si\/?page_id=11378"},"modified":"2023-08-06T20:50:09","modified_gmt":"2023-08-06T20:50:09","slug":"poplave-in-kosutin-mladic","status":"publish","type":"page","link":"https:\/\/natoura.si\/sl_si\/poplave-in-kosutin-mladic\/","title":{"rendered":"Poplave in ko\u0161utin mladi\u010d"},"content":{"rendered":"\t\t<div data-elementor-type=\"wp-page\" data-elementor-id=\"11378\" class=\"elementor elementor-11378\" data-elementor-post-type=\"page\">\n\t\t\t\t\t\t<section class=\"elementor-section elementor-top-section elementor-element elementor-element-d869ab6 elementor-section-boxed elementor-section-height-default elementor-section-height-default\" data-id=\"d869ab6\" data-element_type=\"section\" data-e-type=\"section\">\n\t\t\t\t\t\t<div class=\"elementor-container elementor-column-gap-default\">\n\t\t\t\t\t<div class=\"elementor-column elementor-col-100 elementor-top-column elementor-element elementor-element-854bc97\" data-id=\"854bc97\" data-element_type=\"column\" data-e-type=\"column\">\n\t\t\t<div class=\"elementor-widget-wrap elementor-element-populated\">\n\t\t\t\t\t\t<div class=\"elementor-element elementor-element-e9365ff elementor-widget elementor-widget-text-editor\" data-id=\"e9365ff\" data-element_type=\"widget\" data-e-type=\"widget\" data-widget_type=\"text-editor.default\">\n\t\t\t\t<div class=\"elementor-widget-container\">\n\t\t\t\t\t\t\t\t\t<p><span style=\"color: #ffffff;\">V sredini maja leta 2014 so obilne padavine povzro\u010dile uni\u010dujo\u010de poplave v delu Hrva\u0161ke, Bosne in Hercegovine ter Srbije. Spomnim se grozljivih posnetkov s televizije in pomo\u010di, ki so iz vseh koncev Evrope prihajale na prizadeti del Balkana.<\/span><\/p>\t\t\t\t\t\t\t\t<\/div>\n\t\t\t\t<\/div>\n\t\t\t\t\t<\/div>\n\t\t<\/div>\n\t\t\t\t\t<\/div>\n\t\t<\/section>\n\t\t\t\t<section class=\"elementor-section elementor-top-section elementor-element elementor-element-6bb13bf elementor-section-boxed elementor-section-height-default elementor-section-height-default\" data-id=\"6bb13bf\" data-element_type=\"section\" data-e-type=\"section\">\n\t\t\t\t\t\t<div class=\"elementor-container elementor-column-gap-default\">\n\t\t\t\t\t<div class=\"elementor-column elementor-col-33 elementor-top-column elementor-element elementor-element-2d5e72a\" data-id=\"2d5e72a\" data-element_type=\"column\" data-e-type=\"column\">\n\t\t\t<div class=\"elementor-widget-wrap elementor-element-populated\">\n\t\t\t\t\t\t<div class=\"elementor-element elementor-element-b728136 elementor-widget elementor-widget-image\" data-id=\"b728136\" data-element_type=\"widget\" data-e-type=\"widget\" data-widget_type=\"image.default\">\n\t\t\t\t<div class=\"elementor-widget-container\">\n\t\t\t\t\t\t\t\t\t\t\t\t\t\t\t<img fetchpriority=\"high\" decoding=\"async\" width=\"1024\" height=\"683\" src=\"https:\/\/natoura.si\/wp-content\/uploads\/2023\/08\/IMG_1006-1024x683.gif\" class=\"attachment-large size-large wp-image-11381\" alt=\"\" srcset=\"https:\/\/natoura.si\/wp-content\/uploads\/2023\/08\/IMG_1006-1024x683.gif 1024w, https:\/\/natoura.si\/wp-content\/uploads\/2023\/08\/IMG_1006-300x200.gif 300w, https:\/\/natoura.si\/wp-content\/uploads\/2023\/08\/IMG_1006-768x512.gif 768w, https:\/\/natoura.si\/wp-content\/uploads\/2023\/08\/IMG_1006-18x12.gif 18w\" sizes=\"(max-width: 1024px) 100vw, 1024px\" \/>\t\t\t\t\t\t\t\t\t\t\t\t\t\t\t<\/div>\n\t\t\t\t<\/div>\n\t\t\t\t\t<\/div>\n\t\t<\/div>\n\t\t\t\t<div class=\"elementor-column elementor-col-33 elementor-top-column elementor-element elementor-element-a6b80df\" data-id=\"a6b80df\" data-element_type=\"column\" data-e-type=\"column\">\n\t\t\t<div class=\"elementor-widget-wrap elementor-element-populated\">\n\t\t\t\t\t\t<div class=\"elementor-element elementor-element-78e728c elementor-widget elementor-widget-image\" data-id=\"78e728c\" data-element_type=\"widget\" data-e-type=\"widget\" data-widget_type=\"image.default\">\n\t\t\t\t<div class=\"elementor-widget-container\">\n\t\t\t\t\t\t\t\t\t\t\t\t\t\t\t<img decoding=\"async\" width=\"1024\" height=\"683\" src=\"https:\/\/natoura.si\/wp-content\/uploads\/2023\/08\/IMG_0957-1024x683.gif\" class=\"attachment-large size-large wp-image-11382\" alt=\"\" srcset=\"https:\/\/natoura.si\/wp-content\/uploads\/2023\/08\/IMG_0957-1024x683.gif 1024w, https:\/\/natoura.si\/wp-content\/uploads\/2023\/08\/IMG_0957-300x200.gif 300w, https:\/\/natoura.si\/wp-content\/uploads\/2023\/08\/IMG_0957-768x512.gif 768w, https:\/\/natoura.si\/wp-content\/uploads\/2023\/08\/IMG_0957-18x12.gif 18w\" sizes=\"(max-width: 1024px) 100vw, 1024px\" \/>\t\t\t\t\t\t\t\t\t\t\t\t\t\t\t<\/div>\n\t\t\t\t<\/div>\n\t\t\t\t\t<\/div>\n\t\t<\/div>\n\t\t\t\t<div class=\"elementor-column elementor-col-33 elementor-top-column elementor-element elementor-element-4a8b7d4\" data-id=\"4a8b7d4\" data-element_type=\"column\" data-e-type=\"column\">\n\t\t\t<div class=\"elementor-widget-wrap elementor-element-populated\">\n\t\t\t\t\t\t<div class=\"elementor-element elementor-element-5a3653b elementor-widget elementor-widget-image\" data-id=\"5a3653b\" data-element_type=\"widget\" data-e-type=\"widget\" data-widget_type=\"image.default\">\n\t\t\t\t<div class=\"elementor-widget-container\">\n\t\t\t\t\t\t\t\t\t\t\t\t\t\t\t<img decoding=\"async\" width=\"1024\" height=\"683\" src=\"https:\/\/natoura.si\/wp-content\/uploads\/2023\/08\/IMG_0964-1024x683.gif\" class=\"attachment-large size-large wp-image-11383\" alt=\"\" srcset=\"https:\/\/natoura.si\/wp-content\/uploads\/2023\/08\/IMG_0964-1024x683.gif 1024w, https:\/\/natoura.si\/wp-content\/uploads\/2023\/08\/IMG_0964-300x200.gif 300w, https:\/\/natoura.si\/wp-content\/uploads\/2023\/08\/IMG_0964-768x512.gif 768w, https:\/\/natoura.si\/wp-content\/uploads\/2023\/08\/IMG_0964-18x12.gif 18w\" sizes=\"(max-width: 1024px) 100vw, 1024px\" \/>\t\t\t\t\t\t\t\t\t\t\t\t\t\t\t<\/div>\n\t\t\t\t<\/div>\n\t\t\t\t\t<\/div>\n\t\t<\/div>\n\t\t\t\t\t<\/div>\n\t\t<\/section>\n\t\t\t\t<section class=\"elementor-section elementor-top-section elementor-element elementor-element-5afa379 elementor-section-boxed elementor-section-height-default elementor-section-height-default\" data-id=\"5afa379\" data-element_type=\"section\" data-e-type=\"section\">\n\t\t\t\t\t\t<div class=\"elementor-container elementor-column-gap-default\">\n\t\t\t\t\t<div class=\"elementor-column elementor-col-100 elementor-top-column elementor-element elementor-element-96fd70f\" data-id=\"96fd70f\" data-element_type=\"column\" data-e-type=\"column\">\n\t\t\t<div class=\"elementor-widget-wrap elementor-element-populated\">\n\t\t\t\t\t\t<div class=\"elementor-element elementor-element-e786d5e elementor-widget elementor-widget-text-editor\" data-id=\"e786d5e\" data-element_type=\"widget\" data-e-type=\"widget\" data-widget_type=\"text-editor.default\">\n\t\t\t\t<div class=\"elementor-widget-container\">\n\t\t\t\t\t\t\t\t\t<p><span style=\"color: #ffffff;\">Konec maja sem organizirala izlet v Kopa\u010dki rit na meji med Hrva\u0161ko in Srbijo, kjer se reka Drava izliva v Donavo. Veliko mokri\u0161\u010de je bilo mo\u010dno poplavljeno, vendar se je gladina vode do na\u0161ega prihoda \u017ee toliko zni\u017eala, da so nam pristojni v parku zagotovili, da je plovba s \u010dolni varna. Kljub temu je bil ob na\u0161em prihodu vodostaj \u0161e zelo visok in ogromne povr\u0161ine vode se prekrivale tudi dele travnikov in gozdov, ki so zelo redko poplavljeni. S \u010dolni smo se odpravili na raziskovanje poplavnega obmo\u010dja med soto\u010djem dveh velikih rek in strokovnjaki iz parka so nam pripovedovali o najve\u010djem mokri\u0161\u010du na Hrva\u0161kem in kak\u0161no je bilo stanje med poplavami. \u010cez nekaj \u010dasa smo zasli\u0161ali obupane klice ko\u0161ute in njenega mladi\u010da, zato so naravovarstveniki iz parka \u010dolne usmerili proti prihajajo\u010demu zvoku. Zagledali smo pretresljiv prizor: na bregu je stala ko\u0161uta in klicala svojega mladi\u010da, ki je padel v vodo in se na sre\u010do ujel med poplavljeno grmovje, vendar se ni znal re\u0161iti iz nastale situacije. Mo\u017eakarja iz parka sta sko\u010dila iz \u010dolnov in iz prepletenih vej re\u0161ila mladega jelen\u010dka ter ga prinesla na enega od na\u0161ih \u010dolnov, \u010deprav smo pri\u010dakovali, da ga bosta odnesla k mami. Jelen\u010dek se je tresel od strahu in prav gotovo je bil v \u0161oku zaradi celotne situacije. Ko\u0161uta je bila zmedena in je \u0161e nekaj \u010dasa sledila na\u0161im \u010dolnom, vendar se je morala predati, saj je kmalu pri\u0161la do roba vode, od koder ni mogla naprej. Spra\u0161evali smo, zakaj mladi\u010da niso vrnili mami in dobili pojasnilo, da ga bodo najprej odpeljali k veterinarju in ga primerno oskrbeli, \u010de bo potrebno, saj bi se lahko ob iskanju poti skozi preplet vej po\u0161kodoval. Ko bodo prepri\u010dani, da je z njim vse v redu, ga bodo vrnili na mesto, kjer so ga na\u0161li, saj ga bo tam zagotovo \u010dakala mama.<\/span><\/p>\t\t\t\t\t\t\t\t<\/div>\n\t\t\t\t<\/div>\n\t\t\t\t\t<\/div>\n\t\t<\/div>\n\t\t\t\t\t<\/div>\n\t\t<\/section>\n\t\t\t\t<section class=\"elementor-section elementor-top-section elementor-element elementor-element-982041b elementor-section-boxed elementor-section-height-default elementor-section-height-default\" data-id=\"982041b\" data-element_type=\"section\" data-e-type=\"section\">\n\t\t\t\t\t\t<div class=\"elementor-container elementor-column-gap-default\">\n\t\t\t\t\t<div class=\"elementor-column elementor-col-33 elementor-top-column elementor-element elementor-element-f68f609\" data-id=\"f68f609\" data-element_type=\"column\" data-e-type=\"column\">\n\t\t\t<div class=\"elementor-widget-wrap elementor-element-populated\">\n\t\t\t\t\t\t<div class=\"elementor-element elementor-element-0d44c4c elementor-widget elementor-widget-image\" data-id=\"0d44c4c\" data-element_type=\"widget\" data-e-type=\"widget\" data-widget_type=\"image.default\">\n\t\t\t\t<div class=\"elementor-widget-container\">\n\t\t\t\t\t\t\t\t\t\t\t\t\t\t\t<img loading=\"lazy\" decoding=\"async\" width=\"1024\" height=\"683\" src=\"https:\/\/natoura.si\/wp-content\/uploads\/2023\/08\/IMG_0851-1024x683.gif\" class=\"attachment-large size-large wp-image-11384\" alt=\"\" srcset=\"https:\/\/natoura.si\/wp-content\/uploads\/2023\/08\/IMG_0851-1024x683.gif 1024w, https:\/\/natoura.si\/wp-content\/uploads\/2023\/08\/IMG_0851-300x200.gif 300w, https:\/\/natoura.si\/wp-content\/uploads\/2023\/08\/IMG_0851-768x512.gif 768w, https:\/\/natoura.si\/wp-content\/uploads\/2023\/08\/IMG_0851-18x12.gif 18w\" sizes=\"(max-width: 1024px) 100vw, 1024px\" \/>\t\t\t\t\t\t\t\t\t\t\t\t\t\t\t<\/div>\n\t\t\t\t<\/div>\n\t\t\t\t\t<\/div>\n\t\t<\/div>\n\t\t\t\t<div class=\"elementor-column elementor-col-33 elementor-top-column elementor-element elementor-element-0ce5bd6\" data-id=\"0ce5bd6\" data-element_type=\"column\" data-e-type=\"column\">\n\t\t\t<div class=\"elementor-widget-wrap elementor-element-populated\">\n\t\t\t\t\t\t<div class=\"elementor-element elementor-element-af1c62f elementor-widget elementor-widget-image\" data-id=\"af1c62f\" data-element_type=\"widget\" data-e-type=\"widget\" data-widget_type=\"image.default\">\n\t\t\t\t<div class=\"elementor-widget-container\">\n\t\t\t\t\t\t\t\t\t\t\t\t\t\t\t<img loading=\"lazy\" decoding=\"async\" width=\"1024\" height=\"683\" src=\"https:\/\/natoura.si\/wp-content\/uploads\/2023\/08\/IMG_0930-1024x683.gif\" class=\"attachment-large size-large wp-image-11385\" alt=\"\" srcset=\"https:\/\/natoura.si\/wp-content\/uploads\/2023\/08\/IMG_0930-1024x683.gif 1024w, https:\/\/natoura.si\/wp-content\/uploads\/2023\/08\/IMG_0930-300x200.gif 300w, https:\/\/natoura.si\/wp-content\/uploads\/2023\/08\/IMG_0930-768x512.gif 768w, https:\/\/natoura.si\/wp-content\/uploads\/2023\/08\/IMG_0930-18x12.gif 18w\" sizes=\"(max-width: 1024px) 100vw, 1024px\" \/>\t\t\t\t\t\t\t\t\t\t\t\t\t\t\t<\/div>\n\t\t\t\t<\/div>\n\t\t\t\t\t<\/div>\n\t\t<\/div>\n\t\t\t\t<div class=\"elementor-column elementor-col-33 elementor-top-column elementor-element elementor-element-91499ac\" data-id=\"91499ac\" data-element_type=\"column\" data-e-type=\"column\">\n\t\t\t<div class=\"elementor-widget-wrap elementor-element-populated\">\n\t\t\t\t\t\t<div class=\"elementor-element elementor-element-87652f8 elementor-widget elementor-widget-image\" data-id=\"87652f8\" data-element_type=\"widget\" data-e-type=\"widget\" data-widget_type=\"image.default\">\n\t\t\t\t<div class=\"elementor-widget-container\">\n\t\t\t\t\t\t\t\t\t\t\t\t\t\t\t<img loading=\"lazy\" decoding=\"async\" width=\"1024\" height=\"683\" src=\"https:\/\/natoura.si\/wp-content\/uploads\/2023\/08\/IMG_1034-1024x683.gif\" class=\"attachment-large size-large wp-image-11386\" alt=\"\" srcset=\"https:\/\/natoura.si\/wp-content\/uploads\/2023\/08\/IMG_1034-1024x683.gif 1024w, https:\/\/natoura.si\/wp-content\/uploads\/2023\/08\/IMG_1034-300x200.gif 300w, https:\/\/natoura.si\/wp-content\/uploads\/2023\/08\/IMG_1034-768x512.gif 768w, https:\/\/natoura.si\/wp-content\/uploads\/2023\/08\/IMG_1034-18x12.gif 18w\" sizes=\"(max-width: 1024px) 100vw, 1024px\" \/>\t\t\t\t\t\t\t\t\t\t\t\t\t\t\t<\/div>\n\t\t\t\t<\/div>\n\t\t\t\t\t<\/div>\n\t\t<\/div>\n\t\t\t\t\t<\/div>\n\t\t<\/section>\n\t\t\t\t<section class=\"elementor-section elementor-top-section elementor-element elementor-element-a0aee63 elementor-section-boxed elementor-section-height-default elementor-section-height-default\" data-id=\"a0aee63\" data-element_type=\"section\" data-e-type=\"section\">\n\t\t\t\t\t\t<div class=\"elementor-container elementor-column-gap-default\">\n\t\t\t\t\t<div class=\"elementor-column elementor-col-100 elementor-top-column elementor-element elementor-element-d6c1540\" data-id=\"d6c1540\" data-element_type=\"column\" data-e-type=\"column\">\n\t\t\t<div class=\"elementor-widget-wrap elementor-element-populated\">\n\t\t\t\t\t\t<div class=\"elementor-element elementor-element-642e644 elementor-widget elementor-widget-text-editor\" data-id=\"642e644\" data-element_type=\"widget\" data-e-type=\"widget\" data-widget_type=\"text-editor.default\">\n\t\t\t\t<div class=\"elementor-widget-container\">\n\t\t\t\t\t\t\t\t\t<p><span style=\"color: #ffffff;\">Po precej vznemirljivem dogodku tudi za nas smo nadaljevali s programom izleta in kasneje izvedeli, da je bil jelen\u010dek nepo\u0161kodovan in so ga kmalu vrnili na kopno tam, kjer mu je zdrsnilo v vodo in da ga je njegova mama na\u0161la. Zgodba s sre\u010dnim koncem, ki bi se lahko kon\u010dala druga\u010de, \u010de se ne bi ravno takrat pripeljali mimo s strokovnjaki iz Parka narave Kopa\u010dki rit.<\/span><\/p>\t\t\t\t\t\t\t\t<\/div>\n\t\t\t\t<\/div>\n\t\t\t\t\t<\/div>\n\t\t<\/div>\n\t\t\t\t\t<\/div>\n\t\t<\/section>\n\t\t\t\t<section class=\"elementor-section elementor-top-section elementor-element elementor-element-916f9de elementor-section-boxed elementor-section-height-default elementor-section-height-default\" data-id=\"916f9de\" data-element_type=\"section\" data-e-type=\"section\">\n\t\t\t\t\t\t<div class=\"elementor-container elementor-column-gap-default\">\n\t\t\t\t\t<div class=\"elementor-column elementor-col-33 elementor-top-column elementor-element elementor-element-eb237c3\" data-id=\"eb237c3\" data-element_type=\"column\" data-e-type=\"column\">\n\t\t\t<div class=\"elementor-widget-wrap elementor-element-populated\">\n\t\t\t\t\t\t<div class=\"elementor-element elementor-element-b165b11 elementor-widget elementor-widget-image\" data-id=\"b165b11\" data-element_type=\"widget\" data-e-type=\"widget\" data-widget_type=\"image.default\">\n\t\t\t\t<div class=\"elementor-widget-container\">\n\t\t\t\t\t\t\t\t\t\t\t\t\t\t\t<img loading=\"lazy\" decoding=\"async\" width=\"1024\" height=\"683\" src=\"https:\/\/natoura.si\/wp-content\/uploads\/2023\/08\/IMG_0942-1024x683.gif\" class=\"attachment-large size-large wp-image-11388\" alt=\"\" srcset=\"https:\/\/natoura.si\/wp-content\/uploads\/2023\/08\/IMG_0942-1024x683.gif 1024w, https:\/\/natoura.si\/wp-content\/uploads\/2023\/08\/IMG_0942-300x200.gif 300w, https:\/\/natoura.si\/wp-content\/uploads\/2023\/08\/IMG_0942-768x512.gif 768w, https:\/\/natoura.si\/wp-content\/uploads\/2023\/08\/IMG_0942-18x12.gif 18w\" sizes=\"(max-width: 1024px) 100vw, 1024px\" \/>\t\t\t\t\t\t\t\t\t\t\t\t\t\t\t<\/div>\n\t\t\t\t<\/div>\n\t\t\t\t\t<\/div>\n\t\t<\/div>\n\t\t\t\t<div class=\"elementor-column elementor-col-33 elementor-top-column elementor-element elementor-element-3c67a50\" data-id=\"3c67a50\" data-element_type=\"column\" data-e-type=\"column\">\n\t\t\t<div class=\"elementor-widget-wrap elementor-element-populated\">\n\t\t\t\t\t\t<div class=\"elementor-element elementor-element-2f0e25e elementor-widget elementor-widget-image\" data-id=\"2f0e25e\" data-element_type=\"widget\" data-e-type=\"widget\" data-widget_type=\"image.default\">\n\t\t\t\t<div class=\"elementor-widget-container\">\n\t\t\t\t\t\t\t\t\t\t\t\t\t\t\t<img loading=\"lazy\" decoding=\"async\" width=\"1024\" height=\"683\" src=\"https:\/\/natoura.si\/wp-content\/uploads\/2023\/08\/IMG_1287-1024x683.gif\" class=\"attachment-large size-large wp-image-11387\" alt=\"\" srcset=\"https:\/\/natoura.si\/wp-content\/uploads\/2023\/08\/IMG_1287-1024x683.gif 1024w, https:\/\/natoura.si\/wp-content\/uploads\/2023\/08\/IMG_1287-300x200.gif 300w, https:\/\/natoura.si\/wp-content\/uploads\/2023\/08\/IMG_1287-768x512.gif 768w, https:\/\/natoura.si\/wp-content\/uploads\/2023\/08\/IMG_1287-18x12.gif 18w\" sizes=\"(max-width: 1024px) 100vw, 1024px\" \/>\t\t\t\t\t\t\t\t\t\t\t\t\t\t\t<\/div>\n\t\t\t\t<\/div>\n\t\t\t\t\t<\/div>\n\t\t<\/div>\n\t\t\t\t<div class=\"elementor-column elementor-col-33 elementor-top-column elementor-element elementor-element-fdeabc1\" data-id=\"fdeabc1\" data-element_type=\"column\" data-e-type=\"column\">\n\t\t\t<div class=\"elementor-widget-wrap elementor-element-populated\">\n\t\t\t\t\t\t<div class=\"elementor-element elementor-element-c004a6a elementor-widget elementor-widget-image\" data-id=\"c004a6a\" data-element_type=\"widget\" data-e-type=\"widget\" data-widget_type=\"image.default\">\n\t\t\t\t<div class=\"elementor-widget-container\">\n\t\t\t\t\t\t\t\t\t\t\t\t\t\t\t<img loading=\"lazy\" decoding=\"async\" width=\"1024\" height=\"683\" src=\"https:\/\/natoura.si\/wp-content\/uploads\/2023\/08\/IMG_0955-1024x683.gif\" class=\"attachment-large size-large wp-image-11389\" alt=\"\" srcset=\"https:\/\/natoura.si\/wp-content\/uploads\/2023\/08\/IMG_0955-1024x683.gif 1024w, https:\/\/natoura.si\/wp-content\/uploads\/2023\/08\/IMG_0955-300x200.gif 300w, https:\/\/natoura.si\/wp-content\/uploads\/2023\/08\/IMG_0955-768x512.gif 768w, https:\/\/natoura.si\/wp-content\/uploads\/2023\/08\/IMG_0955-18x12.gif 18w\" sizes=\"(max-width: 1024px) 100vw, 1024px\" \/>\t\t\t\t\t\t\t\t\t\t\t\t\t\t\t<\/div>\n\t\t\t\t<\/div>\n\t\t\t\t\t<\/div>\n\t\t<\/div>\n\t\t\t\t\t<\/div>\n\t\t<\/section>\n\t\t\t\t<section class=\"elementor-section elementor-top-section elementor-element elementor-element-c20fa4a elementor-section-boxed elementor-section-height-default elementor-section-height-default\" data-id=\"c20fa4a\" data-element_type=\"section\" data-e-type=\"section\">\n\t\t\t\t\t\t<div class=\"elementor-container elementor-column-gap-default\">\n\t\t\t\t\t<div class=\"elementor-column elementor-col-100 elementor-top-column elementor-element elementor-element-4fc1612\" data-id=\"4fc1612\" data-element_type=\"column\" data-e-type=\"column\">\n\t\t\t<div class=\"elementor-widget-wrap elementor-element-populated\">\n\t\t\t\t\t\t<div class=\"elementor-element elementor-element-35ed809 elementor-widget elementor-widget-text-editor\" data-id=\"35ed809\" data-element_type=\"widget\" data-e-type=\"widget\" data-widget_type=\"text-editor.default\">\n\t\t\t\t<div class=\"elementor-widget-container\">\n\t\t\t\t\t\t\t\t\t<p><span style=\"color: #ffffff;\">Kranj, 6. 8. 2023<\/span><\/p>\t\t\t\t\t\t\t\t<\/div>\n\t\t\t\t<\/div>\n\t\t\t\t\t<\/div>\n\t\t<\/div>\n\t\t\t\t\t<\/div>\n\t\t<\/section>\n\t\t\t\t<\/div>\n\t\t","protected":false},"excerpt":{"rendered":"<p>V sredini maja leta 2014 so obilne padavine povzro\u010dile uni\u010dujo\u010de poplave v delu Hrva\u0161ke, Bosne in Hercegovine ter Srbije. Spomnim se grozljivih posnetkov s televizijeTour Details<\/p>\n","protected":false},"author":1,"featured_media":11379,"parent":0,"menu_order":0,"comment_status":"closed","ping_status":"closed","template":"","meta":{"footnotes":""},"class_list":["post-11378","page","type-page","status-publish","has-post-thumbnail","hentry"],"_links":{"self":[{"href":"https:\/\/natoura.si\/sl_si\/wp-json\/wp\/v2\/pages\/11378","targetHints":{"allow":["GET"]}}],"collection":[{"href":"https:\/\/natoura.si\/sl_si\/wp-json\/wp\/v2\/pages"}],"about":[{"href":"https:\/\/natoura.si\/sl_si\/wp-json\/wp\/v2\/types\/page"}],"author":[{"embeddable":true,"href":"https:\/\/natoura.si\/sl_si\/wp-json\/wp\/v2\/users\/1"}],"replies":[{"embeddable":true,"href":"https:\/\/natoura.si\/sl_si\/wp-json\/wp\/v2\/comments?post=11378"}],"version-history":[{"count":4,"href":"https:\/\/natoura.si\/sl_si\/wp-json\/wp\/v2\/pages\/11378\/revisions"}],"predecessor-version":[{"id":11392,"href":"https:\/\/natoura.si\/sl_si\/wp-json\/wp\/v2\/pages\/11378\/revisions\/11392"}],"wp:featuredmedia":[{"embeddable":true,"href":"https:\/\/natoura.si\/sl_si\/wp-json\/wp\/v2\/media\/11379"}],"wp:attachment":[{"href":"https:\/\/natoura.si\/sl_si\/wp-json\/wp\/v2\/media?parent=11378"}],"curies":[{"name":"wp","href":"https:\/\/api.w.org\/{rel}","templated":true}]}}