{"id":11216,"date":"2023-07-07T12:56:46","date_gmt":"2023-07-07T12:56:46","guid":{"rendered":"https:\/\/natoura.si\/?page_id=11216"},"modified":"2023-07-07T13:49:27","modified_gmt":"2023-07-07T13:49:27","slug":"albanska-improvizacija","status":"publish","type":"page","link":"https:\/\/natoura.si\/sl_si\/albanska-improvizacija\/","title":{"rendered":"Albanska improvizacija"},"content":{"rendered":"\t\t<div data-elementor-type=\"wp-page\" data-elementor-id=\"11216\" class=\"elementor elementor-11216\" data-elementor-post-type=\"page\">\n\t\t\t\t\t\t<section class=\"elementor-section elementor-top-section elementor-element elementor-element-13746ab elementor-section-boxed elementor-section-height-default elementor-section-height-default\" data-id=\"13746ab\" data-element_type=\"section\" data-e-type=\"section\">\n\t\t\t\t\t\t<div class=\"elementor-container elementor-column-gap-default\">\n\t\t\t\t\t<div class=\"elementor-column elementor-col-100 elementor-top-column elementor-element elementor-element-c0a38e5\" data-id=\"c0a38e5\" data-element_type=\"column\" data-e-type=\"column\">\n\t\t\t<div class=\"elementor-widget-wrap elementor-element-populated\">\n\t\t\t\t\t\t<div class=\"elementor-element elementor-element-9aeecab elementor-widget elementor-widget-text-editor\" data-id=\"9aeecab\" data-element_type=\"widget\" data-e-type=\"widget\" data-widget_type=\"text-editor.default\">\n\t\t\t\t<div class=\"elementor-widget-container\">\n\t\t\t\t\t\t\t\t\t<p><span style=\"color: #ffffff;\">Ko sem pred pribli\u017eno desetimi leti prvi\u010d organizirala potovanje po Albaniji, sem vse hotele, v katerih smo preno\u010devali, rezervirala neposredno, le enega sem rezervirala preko lokalne turisti\u010dne agencije in za pla\u010dilo rezervacije prejela vav\u010der. Malo me je skrbelo, ali bo vse potekalo brez te\u017eav in prvi del potovanja nismo imeli nobenih problemov. Potovali smo preko Srbije in Makedonije in se mimo Ohridskega jezera zapeljali v Albanijo, kjer smo se s skrajnega juga po\u010dasi pomikali prosti severu do Skadra, zavili na Kosovo, spet v Makedonijo in preko Srbije nazaj domov. \u0160tirinajstdnevna avantura z minibusom je bila uspe\u0161na, izredno prijetna skupina pa je s svojim prijetnim vzdu\u0161jem pripomogla, da smo se na potovanju tudi neizmerno zabavali.<\/span><\/p><p><span style=\"color: #ffffff;\">Na vsakem potovanju se praviloma kaj zaplete in je potrebna improvizacija in tudi tokrat je bilo tako. Ampak potovali smo po Balkanu, tam pa z improvizacijo ni te\u017eav, \u010de se le prepustimo toku dogodkov in malce odklopimo na\u0161o slovensko zategnjeno miselnost.<\/span><\/p>\t\t\t\t\t\t\t\t<\/div>\n\t\t\t\t<\/div>\n\t\t\t\t\t<\/div>\n\t\t<\/div>\n\t\t\t\t\t<\/div>\n\t\t<\/section>\n\t\t\t\t<section class=\"elementor-section elementor-top-section elementor-element elementor-element-6311ed8 elementor-section-boxed elementor-section-height-default elementor-section-height-default\" data-id=\"6311ed8\" data-element_type=\"section\" data-e-type=\"section\">\n\t\t\t\t\t\t<div class=\"elementor-container elementor-column-gap-default\">\n\t\t\t\t\t<div class=\"elementor-column elementor-col-100 elementor-top-column elementor-element elementor-element-8376195\" data-id=\"8376195\" data-element_type=\"column\" data-e-type=\"column\">\n\t\t\t<div class=\"elementor-widget-wrap elementor-element-populated\">\n\t\t\t\t\t\t<div class=\"elementor-element elementor-element-e5d67d6 elementor-widget elementor-widget-image\" data-id=\"e5d67d6\" data-element_type=\"widget\" data-e-type=\"widget\" data-widget_type=\"image.default\">\n\t\t\t\t<div class=\"elementor-widget-container\">\n\t\t\t\t\t\t\t\t\t\t\t\t\t\t\t<img fetchpriority=\"high\" decoding=\"async\" width=\"848\" height=\"958\" src=\"https:\/\/natoura.si\/wp-content\/uploads\/2023\/07\/Albanija1.gif\" class=\"attachment-large size-large wp-image-11217\" alt=\"\" \/>\t\t\t\t\t\t\t\t\t\t\t\t\t\t\t<\/div>\n\t\t\t\t<\/div>\n\t\t\t\t\t<\/div>\n\t\t<\/div>\n\t\t\t\t\t<\/div>\n\t\t<\/section>\n\t\t\t\t<section class=\"elementor-section elementor-top-section elementor-element elementor-element-8d5660c elementor-section-boxed elementor-section-height-default elementor-section-height-default\" data-id=\"8d5660c\" data-element_type=\"section\" data-e-type=\"section\">\n\t\t\t\t\t\t<div class=\"elementor-container elementor-column-gap-default\">\n\t\t\t\t\t<div class=\"elementor-column elementor-col-100 elementor-top-column elementor-element elementor-element-a1270df\" data-id=\"a1270df\" data-element_type=\"column\" data-e-type=\"column\">\n\t\t\t<div class=\"elementor-widget-wrap elementor-element-populated\">\n\t\t\t\t\t\t<div class=\"elementor-element elementor-element-cb782b3 elementor-widget elementor-widget-text-editor\" data-id=\"cb782b3\" data-element_type=\"widget\" data-e-type=\"widget\" data-widget_type=\"text-editor.default\">\n\t\t\t\t<div class=\"elementor-widget-container\">\n\t\t\t\t\t\t\t\t\t<p><span style=\"color: #ffffff;\">V programu smo imeli tudi ogled Arheolo\u0161kega parka Apolonia, nekdanje izredno pomembno anti\u010dno mesto z bogato knji\u017enico, velikim pristani\u0161\u010dem, ki je povezovalo Apeninski polotok s severnim delom Gr\u010dije, ostanki bogate arhitekture pa \u0161e danes ka\u017eejo bli\u0161\u010d in sijaj tega mesta. Imeli smo sre\u010do, da je ravno na dan na\u0161ega obiska po parku vodil lokalni arheolog, katerega pripovedovanje je bilo tako zanimivo, da smo se tam zadr\u017eali precej ve\u010d \u010dasa, kot je bilo predvideno. Ko smo v senci drevesa \u0161e vedno poslu\u0161ali zanimive zgodbe iz preteklosti, morali pa bi \u017ee biti v hotelu, kjer naj bi vav\u010der potrjeval na\u0161o rezervacijo za polpenzion, sem poklicala v hotel, da bi jih obvestila o na\u0161i zamudi. Oglasil se je mlaj\u0161i mo\u0161ki, vsaj tako je bilo sli\u0161ati po telefonu, in za\u010dela sem se opravi\u010devati in razlagati, da pridemo zelo kmalu. Mo\u017eakar me je nekaj \u010dasa poslu\u0161al, potem pa zelo za\u010duden odvrnil, da na\u0161e rezervacije nimajo zavedene in da so ta dan \u017ee polno zasedeni, da pa lahko pridemo v petek, ko imajo \u0161e nekaj prostih sob. Glede na to, da je bila sreda, seveda nismo mogli na proste sobe \u010dakati do petka, ko smo imeli rezerviran hotel \u017ee precej na severu. Zdelo se mi je \u010dudno, ampak bila sem prepri\u010dana v njegovo zmoto, saj sem vendar imela vav\u010der lokalne agencije! Mislila sem si, da mo\u017eakar na recepciji pa\u010d ne razume dobro angle\u0161ko, morda je zame\u0161al datume \u2026<\/span><\/p>\t\t\t\t\t\t\t\t<\/div>\n\t\t\t\t<\/div>\n\t\t\t\t\t<\/div>\n\t\t<\/div>\n\t\t\t\t\t<\/div>\n\t\t<\/section>\n\t\t\t\t<section class=\"elementor-section elementor-top-section elementor-element elementor-element-f245526 elementor-section-boxed elementor-section-height-default elementor-section-height-default\" data-id=\"f245526\" data-element_type=\"section\" data-e-type=\"section\">\n\t\t\t\t\t\t<div class=\"elementor-container elementor-column-gap-default\">\n\t\t\t\t\t<div class=\"elementor-column elementor-col-100 elementor-top-column elementor-element elementor-element-ee7693f\" data-id=\"ee7693f\" data-element_type=\"column\" data-e-type=\"column\">\n\t\t\t<div class=\"elementor-widget-wrap elementor-element-populated\">\n\t\t\t\t\t\t<div class=\"elementor-element elementor-element-557d514 elementor-widget elementor-widget-image\" data-id=\"557d514\" data-element_type=\"widget\" data-e-type=\"widget\" data-widget_type=\"image.default\">\n\t\t\t\t<div class=\"elementor-widget-container\">\n\t\t\t\t\t\t\t\t\t\t\t\t\t\t\t<img decoding=\"async\" width=\"763\" height=\"958\" src=\"https:\/\/natoura.si\/wp-content\/uploads\/2023\/07\/Apolonia.gif\" class=\"attachment-large size-large wp-image-11220\" alt=\"\" \/>\t\t\t\t\t\t\t\t\t\t\t\t\t\t\t<\/div>\n\t\t\t\t<\/div>\n\t\t\t\t\t<\/div>\n\t\t<\/div>\n\t\t\t\t\t<\/div>\n\t\t<\/section>\n\t\t\t\t<section class=\"elementor-section elementor-top-section elementor-element elementor-element-94ccb06 elementor-section-boxed elementor-section-height-default elementor-section-height-default\" data-id=\"94ccb06\" data-element_type=\"section\" data-e-type=\"section\">\n\t\t\t\t\t\t<div class=\"elementor-container elementor-column-gap-default\">\n\t\t\t\t\t<div class=\"elementor-column elementor-col-100 elementor-top-column elementor-element elementor-element-b1fba49\" data-id=\"b1fba49\" data-element_type=\"column\" data-e-type=\"column\">\n\t\t\t<div class=\"elementor-widget-wrap elementor-element-populated\">\n\t\t\t\t\t\t<div class=\"elementor-element elementor-element-bda8964 elementor-widget elementor-widget-text-editor\" data-id=\"bda8964\" data-element_type=\"widget\" data-e-type=\"widget\" data-widget_type=\"text-editor.default\">\n\t\t\t\t<div class=\"elementor-widget-container\">\n\t\t\t\t\t\t\t\t\t<p><span style=\"color: #ffffff;\">Kakorkoli, po ogledu smo se z avtobusom odpeljali do hotela, z vav\u010derjem v roki sem odhitela na recepcijo, da potrdim zmoto mladega receptorja, pa mi je dokazoval, da se ni zmotil. Malo mi je postalo vro\u010de \u2013 kam naj dam petnajst potnikov, \u0161oferja in sebe, \u010de je bil to takrat edini hotel v mestu? Zahtevala sem \u0161efa hotela in na sre\u010do je bil tam. Pokazala sem mu vav\u010der lokalne agencije, ki je potrjeval rezervacijo za tisti dan in potrdilo, da je bila storitev pla\u010dana \u017ee vnaprej. Zahtevala sem sobe, ve\u010derjo in zajtrk in mu povedala, da s potniki ne gremo nikamor in naj nam na nek na\u010din zagotovi to, kar smo pla\u010dali. Zdaj sem \u017ee bila malo nervozna, seveda mi ni bilo vseeno, kaj bo s potniki, saj smo bili vsi skupaj po celem dnevu in pohajkovanju po vro\u010dini la\u010dni, \u017eejni in utrujeni. \u0160ef se ni prav ni\u010d sekiral, malo je pomislil in mi naro\u010dil, naj potnike odpeljem na vrt pred hotelom na hladno pivo, on pa da bo vse uredil in da se bo vrnil \u010dez petnajst minut. Usedel se je v avto in odpeljal. \u017de sem videla \u010drni scenarij, da \u0161efa seveda ne bo nazaj, mi pa bomo celo no\u010d presedeli na vrtu in do jutra \u010dakali sobe \u2026 Pa na sre\u010do ni bilo tako, \u0161ef se je res vrnil \u010dez \u010detrt ure, komaj smo uspeli spiti pivo. Zagotovil nam je, da je na\u0161el za nas hotel in da naj z avtobusom sledimo njegovemu avtu. Odpeljali smo se po avtocesti in \u017ee po nekaj sto metrih se je ustavil na bencinski \u010drpalki, za katero je bilo gradbi\u0161\u010de, kjer je nastajal nov hotel. Nisem bila \u010disto prepri\u010dana, kam vse skupaj vodi, vendar sem sledila \u0161efu, ki nas je odpeljal v tisto polovico, ki je bila \u017ee narejena, hodniki so bili sicer \u0161e polni peska, ampak sobe so bile \u017ee urejene, velike in \u010diste, z novim pohi\u0161tvom, postelje z baldahinom, moderno kopalnico. Uf, odleglo mi je. Razdelili smo si sobe, na bencinski \u010drpalki pa mladi prodajalki naro\u010dili, da bomo kupili vse pivo, kar ga ima, naj ga le da hladit \u2013 po precej napetem vzdu\u0161ju in nelagodju smo potrebovali to\u010dno to. \u0160ef je bil zadovoljen, da je re\u0161il problem in ko sem ga vpra\u0161ala, kam naj potnike pripeljem na zajtrk, saj v tem hotelu razen enega hodnika s sobami \u0161e ni bilo dokon\u010danega prav ni\u010d, je potrdil, da lahko pridemo v njegov hotel, da je to urejeno. Ob 7h zjutraj? Seveda, zajtrk bo ob 7h pripravljen. Odli\u010dno, zdaj sem si res oddahnila in si tudi sama z veseljem privo\u0161\u010dila pivo.<\/span><\/p>\t\t\t\t\t\t\t\t<\/div>\n\t\t\t\t<\/div>\n\t\t\t\t\t<\/div>\n\t\t<\/div>\n\t\t\t\t\t<\/div>\n\t\t<\/section>\n\t\t\t\t<section class=\"elementor-section elementor-top-section elementor-element elementor-element-61156fd elementor-section-boxed elementor-section-height-default elementor-section-height-default\" data-id=\"61156fd\" data-element_type=\"section\" data-e-type=\"section\">\n\t\t\t\t\t\t<div class=\"elementor-container elementor-column-gap-default\">\n\t\t\t\t\t<div class=\"elementor-column elementor-col-100 elementor-top-column elementor-element elementor-element-a830ec5\" data-id=\"a830ec5\" data-element_type=\"column\" data-e-type=\"column\">\n\t\t\t<div class=\"elementor-widget-wrap elementor-element-populated\">\n\t\t\t\t\t\t<div class=\"elementor-element elementor-element-37fbdb5 elementor-widget elementor-widget-image\" data-id=\"37fbdb5\" data-element_type=\"widget\" data-e-type=\"widget\" data-widget_type=\"image.default\">\n\t\t\t\t<div class=\"elementor-widget-container\">\n\t\t\t\t\t\t\t\t\t\t\t\t\t\t\t<img decoding=\"async\" width=\"1024\" height=\"667\" src=\"https:\/\/natoura.si\/wp-content\/uploads\/2023\/07\/Clipboard04-1024x667.gif\" class=\"attachment-large size-large wp-image-11224\" alt=\"\" srcset=\"https:\/\/natoura.si\/wp-content\/uploads\/2023\/07\/Clipboard04-1024x667.gif 1024w, https:\/\/natoura.si\/wp-content\/uploads\/2023\/07\/Clipboard04-300x195.gif 300w, https:\/\/natoura.si\/wp-content\/uploads\/2023\/07\/Clipboard04-768x500.gif 768w, https:\/\/natoura.si\/wp-content\/uploads\/2023\/07\/Clipboard04-18x12.gif 18w\" sizes=\"(max-width: 1024px) 100vw, 1024px\" \/>\t\t\t\t\t\t\t\t\t\t\t\t\t\t\t<\/div>\n\t\t\t\t<\/div>\n\t\t\t\t\t<\/div>\n\t\t<\/div>\n\t\t\t\t\t<\/div>\n\t\t<\/section>\n\t\t\t\t<section class=\"elementor-section elementor-top-section elementor-element elementor-element-5da2508 elementor-section-boxed elementor-section-height-default elementor-section-height-default\" data-id=\"5da2508\" data-element_type=\"section\" data-e-type=\"section\">\n\t\t\t\t\t\t<div class=\"elementor-container elementor-column-gap-default\">\n\t\t\t\t\t<div class=\"elementor-column elementor-col-100 elementor-top-column elementor-element elementor-element-5075bb7\" data-id=\"5075bb7\" data-element_type=\"column\" data-e-type=\"column\">\n\t\t\t<div class=\"elementor-widget-wrap elementor-element-populated\">\n\t\t\t\t\t\t<div class=\"elementor-element elementor-element-59540a3 elementor-widget elementor-widget-text-editor\" data-id=\"59540a3\" data-element_type=\"widget\" data-e-type=\"widget\" data-widget_type=\"text-editor.default\">\n\t\t\t\t<div class=\"elementor-widget-container\">\n\t\t\t\t\t\t\t\t\t<p><span style=\"color: #ffffff;\">Zjutraj smo vstali zgodaj, saj nismo hoteli zamuditi dogovorjenega zajtrka \u2013 joj, zdaj \u0161ele vidim, kako sem bila neko\u010d neizprosna do svojih potnikov in zahtevala zgodnje vstajanje. Seveda smo pri\u0161li pred zaklenjen hotel in odlo\u010dili smo se po\u010dakati, saj smo zajtrk pla\u010dali, \u0161ef je obljubil, da je vse dogovorjeno \u2013 torej smo \u017eeleli dobiti, kar nam je pripadalo. Okrog pol osmih je pri\u0161el kuhar, vidno utrujen in neprespan in prav ni\u010d mu ni bilo jasno, ko smo mu razlagali, da \u010dakamo svoj zajtrk in da ne bomo od\u0161li, dokler ga ne dobimo. Malce slab\u0161e je govoril angle\u0161ko, zato je bila komunikacija precej te\u017eja, ampak ko sem spet zahtevala \u0161efa, je za\u010denjal razumeti, kaj mu razlagamo in \u010dez dobre pol ure nam je prinesel pe\u010dena jajca, nekaj kruha in kavo. Ko je zahteval pla\u010dilo, sem mu za\u010denjala razlagati, da je \u017ee vse pla\u010dano, da nam je \u0161ef potrdil in da naj ga kar pokli\u010de in vpra\u0161a. Res ga je poklical, \u0161ef je potrdil moje trditve in zadovoljni, da smo zgodbo v tem hotelu zaklju\u010dili, smo se odpeljali raziskovat nove kraje.<\/span><\/p>\t\t\t\t\t\t\t\t<\/div>\n\t\t\t\t<\/div>\n\t\t\t\t\t<\/div>\n\t\t<\/div>\n\t\t\t\t\t<\/div>\n\t\t<\/section>\n\t\t\t\t<section class=\"elementor-section elementor-top-section elementor-element elementor-element-3d5d785 elementor-section-boxed elementor-section-height-default elementor-section-height-default\" data-id=\"3d5d785\" data-element_type=\"section\" data-e-type=\"section\">\n\t\t\t\t\t\t<div class=\"elementor-container elementor-column-gap-default\">\n\t\t\t\t\t<div class=\"elementor-column elementor-col-100 elementor-top-column elementor-element elementor-element-76a3bcf\" data-id=\"76a3bcf\" data-element_type=\"column\" data-e-type=\"column\">\n\t\t\t<div class=\"elementor-widget-wrap elementor-element-populated\">\n\t\t\t\t\t\t<div class=\"elementor-element elementor-element-b7b6c5f elementor-widget elementor-widget-image\" data-id=\"b7b6c5f\" data-element_type=\"widget\" data-e-type=\"widget\" data-widget_type=\"image.default\">\n\t\t\t\t<div class=\"elementor-widget-container\">\n\t\t\t\t\t\t\t\t\t\t\t\t\t\t\t<img loading=\"lazy\" decoding=\"async\" width=\"1024\" height=\"693\" src=\"https:\/\/natoura.si\/wp-content\/uploads\/2023\/07\/Clipboard01-1024x693.gif\" class=\"attachment-large size-large wp-image-11226\" alt=\"\" srcset=\"https:\/\/natoura.si\/wp-content\/uploads\/2023\/07\/Clipboard01-1024x693.gif 1024w, https:\/\/natoura.si\/wp-content\/uploads\/2023\/07\/Clipboard01-300x203.gif 300w, https:\/\/natoura.si\/wp-content\/uploads\/2023\/07\/Clipboard01-768x520.gif 768w, https:\/\/natoura.si\/wp-content\/uploads\/2023\/07\/Clipboard01-18x12.gif 18w\" sizes=\"(max-width: 1024px) 100vw, 1024px\" \/>\t\t\t\t\t\t\t\t\t\t\t\t\t\t\t<\/div>\n\t\t\t\t<\/div>\n\t\t\t\t\t<\/div>\n\t\t<\/div>\n\t\t\t\t\t<\/div>\n\t\t<\/section>\n\t\t\t\t<section class=\"elementor-section elementor-top-section elementor-element elementor-element-082c98a elementor-section-boxed elementor-section-height-default elementor-section-height-default\" data-id=\"082c98a\" data-element_type=\"section\" data-e-type=\"section\">\n\t\t\t\t\t\t<div class=\"elementor-container elementor-column-gap-default\">\n\t\t\t\t\t<div class=\"elementor-column elementor-col-100 elementor-top-column elementor-element elementor-element-69f9a57\" data-id=\"69f9a57\" data-element_type=\"column\" data-e-type=\"column\">\n\t\t\t<div class=\"elementor-widget-wrap elementor-element-populated\">\n\t\t\t\t\t\t<div class=\"elementor-element elementor-element-c47899c elementor-widget elementor-widget-text-editor\" data-id=\"c47899c\" data-element_type=\"widget\" data-e-type=\"widget\" data-widget_type=\"text-editor.default\">\n\t\t\t\t<div class=\"elementor-widget-container\">\n\t\t\t\t\t\t\t\t\t<p><span style=\"color: #ffffff;\">Od tu je spet vse teklo brez te\u017eav in ko sem podobno odpravo organizirala leto dni kasneje, nisem bila prepri\u010dana ali naj spet rezerviram ta hotel ali ne. Naj jim dam \u0161e eno prilo\u017enost ali ne? Padla je odlo\u010ditev: dam jim \u0161e eno prilo\u017enost, ampak tokrat bom rezervacijo opravila neposredno s hotelom in ne preko lokalne agencije. In rezultat? Vse je bilo tako, kot smo se dogovorili, \u010dakale so nas sobe, vendar sem bila nad njimi razo\u010darana, videlo se je, da \u017ee dolgo ni nih\u010de ni\u010desar obnovil.<\/span><\/p><p><span style=\"color: #ffffff;\">Po naslednjem potovanju po Albaniji sem se odlo\u010dila, da tja ne bom ve\u010d organizirala potovanj, saj je preve\u010d hitro za\u010del prevladovati mno\u017ei\u010dni turizem, pozidali so preve\u010d lepih in neokrnjenih pla\u017e (tudi na zavarovanih obmo\u010djih) in zame Albanija ostaja le \u0161e ena od Sredozemskih de\u017eel, ki so se vdale kapitalu, hoteli in pla\u017ee ob obali so podobne tistim v Italiji, Gr\u010diji in \u0160paniji, tudi notranjost je za\u010dela spreminjati svoj zna\u010daj. Zato se tja nisem ve\u010d vrnila. Mi bo pa za vedno ostal v spominu dogodek iz mesta Lushnj\u00eb in dejstvo, da se je na potovanjih po Balkanu treba le sprostiti in stvari se \u017ee nekako uredijo. Tako ali druga\u010de pa\u010d.<\/span><\/p><p>\u00a0<\/p><p><span style=\"color: #ffffff;\">Kranj, 3. 7. 2023<\/span><\/p>\t\t\t\t\t\t\t\t<\/div>\n\t\t\t\t<\/div>\n\t\t\t\t\t<\/div>\n\t\t<\/div>\n\t\t\t\t\t<\/div>\n\t\t<\/section>\n\t\t\t\t<\/div>\n\t\t","protected":false},"excerpt":{"rendered":"<p>Ko sem pred pribli\u017eno desetimi leti prvi\u010d organizirala potovanje po Albaniji, sem vse hotele, v katerih smo preno\u010devali, rezervirala neposredno, le enega sem rezervirala prekoTour Details<\/p>\n","protected":false},"author":1,"featured_media":11218,"parent":0,"menu_order":0,"comment_status":"closed","ping_status":"closed","template":"","meta":{"footnotes":""},"class_list":["post-11216","page","type-page","status-publish","has-post-thumbnail","hentry"],"_links":{"self":[{"href":"https:\/\/natoura.si\/sl_si\/wp-json\/wp\/v2\/pages\/11216","targetHints":{"allow":["GET"]}}],"collection":[{"href":"https:\/\/natoura.si\/sl_si\/wp-json\/wp\/v2\/pages"}],"about":[{"href":"https:\/\/natoura.si\/sl_si\/wp-json\/wp\/v2\/types\/page"}],"author":[{"embeddable":true,"href":"https:\/\/natoura.si\/sl_si\/wp-json\/wp\/v2\/users\/1"}],"replies":[{"embeddable":true,"href":"https:\/\/natoura.si\/sl_si\/wp-json\/wp\/v2\/comments?post=11216"}],"version-history":[{"count":7,"href":"https:\/\/natoura.si\/sl_si\/wp-json\/wp\/v2\/pages\/11216\/revisions"}],"predecessor-version":[{"id":11229,"href":"https:\/\/natoura.si\/sl_si\/wp-json\/wp\/v2\/pages\/11216\/revisions\/11229"}],"wp:featuredmedia":[{"embeddable":true,"href":"https:\/\/natoura.si\/sl_si\/wp-json\/wp\/v2\/media\/11218"}],"wp:attachment":[{"href":"https:\/\/natoura.si\/sl_si\/wp-json\/wp\/v2\/media?parent=11216"}],"curies":[{"name":"wp","href":"https:\/\/api.w.org\/{rel}","templated":true}]}}