{"id":11185,"date":"2023-07-03T09:33:32","date_gmt":"2023-07-03T09:33:32","guid":{"rendered":"https:\/\/natoura.si\/?page_id=11185"},"modified":"2023-07-03T10:23:56","modified_gmt":"2023-07-03T10:23:56","slug":"pocitniska-zgodba-krst-pod-bohorjem","status":"publish","type":"page","link":"https:\/\/natoura.si\/sl_si\/pocitniska-zgodba-krst-pod-bohorjem\/","title":{"rendered":"Krst pod Bohorjem"},"content":{"rendered":"\t\t<div data-elementor-type=\"wp-page\" data-elementor-id=\"11185\" class=\"elementor elementor-11185\" data-elementor-post-type=\"page\">\n\t\t\t\t\t\t<section class=\"elementor-section elementor-top-section elementor-element elementor-element-6eaf97b elementor-section-boxed elementor-section-height-default elementor-section-height-default\" data-id=\"6eaf97b\" data-element_type=\"section\" data-e-type=\"section\">\n\t\t\t\t\t\t<div class=\"elementor-container elementor-column-gap-default\">\n\t\t\t\t\t<div class=\"elementor-column elementor-col-100 elementor-top-column elementor-element elementor-element-29282df\" data-id=\"29282df\" data-element_type=\"column\" data-e-type=\"column\">\n\t\t\t<div class=\"elementor-widget-wrap elementor-element-populated\">\n\t\t\t\t\t\t<div class=\"elementor-element elementor-element-01c0f60 elementor-widget elementor-widget-text-editor\" data-id=\"01c0f60\" data-element_type=\"widget\" data-e-type=\"widget\" data-widget_type=\"text-editor.default\">\n\t\t\t\t<div class=\"elementor-widget-container\">\n\t\t\t\t\t\t\t\t\t<p><span style=\"color: #c8c8c8;\">Ker se z organizacijo in izvedbo izletov in potovanj ukvarjam \u017ee dobrih dvajset let, se je seveda nabralo kar nekaj takih in druga\u010dnih spominov. Na sre\u010do nas na\u0161i mo\u017egani ve\u010dinoma spomnijo le na lepe spomine, tisto manj prijetno ali celo slabo pa obi\u010dajno s\u010dasoma izgine nekam globoko v na\u0161o podzavest. In ko se tako spominjam nekaterih dogodkov in pripetljajev, mi je pri\u0161lo na misel, da bi vsaj nekaj od tega, kar se spomnim, zapisala in seveda delila tudi z vami. Morda pa pride prav malo po\u010ditni\u0161kega branja?<\/span><\/p>\n<p><span style=\"color: #c8c8c8;\">\u0160e med \u0161tudijem biologije sem se v\u010dlanila v Prirodoslovno dru\u0161tvo Slovenije, saj sem bila \u017ee kot srednje\u0161olka naro\u010dena na revijo Proteus, kjer je dru\u0161tvo kot izdajatelj objavljalo programe ve\u010dinoma enodnevnih strokovnih ekskurzij po Sloveniji, kar me je zelo pritegnilo. Udele\u017eila sem se jih kar nekaj, ne da bi slutila, da bom z dru\u0161tvom in revijo Proteus pre\u017eivela naslednjih skoraj dvajset let. Ko sem se odlo\u010dala med novim delovnim mestom profesorice biologije in upravljanjem Prirodoslovnega dru\u0161tva Slovenije, sem se odlo\u010dila za slednje, \u010deprav je bilo pou\u010devanje zame nekaj, kar sem si \u017eelela po\u010deti \u017ee kot otrok. Ob prihodu na dru\u0161tvo sem seveda nadaljevala program in delo svoje predhodnice in priprava \u010dlanskega programa z enodnevnimi strokovnimi naravoslovnimi ekskurzijami mi je predstavljalo izziv in hkrati veliko zadovoljstvo. Na ta na\u010din sem spoznala kar precej naravoslovcev, ki so se z veseljem vedno odzvali za strokovno vodenje, ve\u010dkrat smo skupaj od\u0161li tudi na predoglede in vse skupaj mi je za\u010delo odpirati nove poglede na naravo Slovenije, ob \u010demer sem se za\u010dela zavedati, kako malo jo poznam in kako lepa in zanimiva je.<\/span><\/p>\t\t\t\t\t\t\t\t<\/div>\n\t\t\t\t<\/div>\n\t\t\t\t\t<\/div>\n\t\t<\/div>\n\t\t\t\t\t<\/div>\n\t\t<\/section>\n\t\t\t\t<section class=\"elementor-section elementor-top-section elementor-element elementor-element-5b88126 elementor-section-boxed elementor-section-height-default elementor-section-height-default\" data-id=\"5b88126\" data-element_type=\"section\" data-e-type=\"section\">\n\t\t\t\t\t\t<div class=\"elementor-container elementor-column-gap-default\">\n\t\t\t\t\t<div class=\"elementor-column elementor-col-100 elementor-top-column elementor-element elementor-element-b570d23\" data-id=\"b570d23\" data-element_type=\"column\" data-e-type=\"column\">\n\t\t\t<div class=\"elementor-widget-wrap elementor-element-populated\">\n\t\t\t\t\t\t<div class=\"elementor-element elementor-element-7a4213a elementor-widget elementor-widget-image\" data-id=\"7a4213a\" data-element_type=\"widget\" data-e-type=\"widget\" data-widget_type=\"image.default\">\n\t\t\t\t<div class=\"elementor-widget-container\">\n\t\t\t\t\t\t\t\t\t\t\t\t\t\t\t<img fetchpriority=\"high\" decoding=\"async\" width=\"1024\" height=\"683\" src=\"https:\/\/natoura.si\/wp-content\/uploads\/2023\/07\/Pocitniska-zgodba-1b-1024x683.gif\" class=\"attachment-large size-large wp-image-11201\" alt=\"\" srcset=\"https:\/\/natoura.si\/wp-content\/uploads\/2023\/07\/Pocitniska-zgodba-1b-1024x683.gif 1024w, https:\/\/natoura.si\/wp-content\/uploads\/2023\/07\/Pocitniska-zgodba-1b-300x200.gif 300w, https:\/\/natoura.si\/wp-content\/uploads\/2023\/07\/Pocitniska-zgodba-1b-768x512.gif 768w, https:\/\/natoura.si\/wp-content\/uploads\/2023\/07\/Pocitniska-zgodba-1b-18x12.gif 18w\" sizes=\"(max-width: 1024px) 100vw, 1024px\" \/>\t\t\t\t\t\t\t\t\t\t\t\t\t\t\t<\/div>\n\t\t\t\t<\/div>\n\t\t\t\t\t<\/div>\n\t\t<\/div>\n\t\t\t\t\t<\/div>\n\t\t<\/section>\n\t\t\t\t<section class=\"elementor-section elementor-top-section elementor-element elementor-element-ce6a051 elementor-section-boxed elementor-section-height-default elementor-section-height-default\" data-id=\"ce6a051\" data-element_type=\"section\" data-e-type=\"section\">\n\t\t\t\t\t\t<div class=\"elementor-container elementor-column-gap-default\">\n\t\t\t\t\t<div class=\"elementor-column elementor-col-100 elementor-top-column elementor-element elementor-element-4eda3e0\" data-id=\"4eda3e0\" data-element_type=\"column\" data-e-type=\"column\">\n\t\t\t<div class=\"elementor-widget-wrap elementor-element-populated\">\n\t\t\t\t\t\t<div class=\"elementor-element elementor-element-c4a1873 elementor-widget elementor-widget-text-editor\" data-id=\"c4a1873\" data-element_type=\"widget\" data-e-type=\"widget\" data-widget_type=\"text-editor.default\">\n\t\t\t\t<div class=\"elementor-widget-container\">\n\t\t\t\t\t\t\t\t\t<p><span style=\"color: #c8c8c8;\">Moj prvi izlet, ki sem ga organizirala, je bil na slapove pod Bohorjem, vodil pa ga je biolog Du\u0161an Klenov\u0161ek, takrat \u0161e u\u010ditelj v osnovni \u0161oli. Du\u0161an je bil \u017ee takrat odli\u010den poznavalec narave in ker je bil takrat v upravi dru\u0161tva in tudi zadol\u017een za \u010dlanski program, je bila njegova pomo\u010d pri mojem prvem izletu zame ve\u010d kot dobrodo\u0161la, slapovi pa se nahajajo na njegovem doma\u010dem terenu.<\/span><\/p>\n<p><span style=\"color: #c8c8c8;\">Priznam, da sem bila zjutraj na dan izleta precej nervozna. V tistih \u010dasih je bilo povpra\u0161evanje za tovrstne izlete tako veliko, da sem brez te\u017eav napolnila veliki turisti\u010dni avtobus. Nekaj udele\u017eencev sem seveda poznala, saj sem se \u017ee prej tudi sama udele\u017eevala teh izletov, vseh pa seveda ne, predvsem pa je vloga udele\u017eenca in organizatorja popolnoma druga\u010dna in to sem izkusila \u017ee tisti dan.\u00a0\u00a0<\/span><\/p>\n<p><span style=\"color: #c8c8c8;\">Avtobus nas je ob prihodu pod Bohor pustil ob makadamski cesti, po kateri je bilo potrebno prehoditi kak\u0161en kilometer ali dva do za\u010detnega vzpona proti prvemu slapu. Kmalu sem ugotovila, da dve starej\u0161i gospe zelo zaostajata in sem ju po\u010dakala. Ena od njiju je hodila s palico, imela je zelo mo\u010dno voljo, fizi\u010dne mo\u010di pa z vsakim korakom manj. Po\u010dasi sem jo za\u010dela pripravljati na to, da ji ta dan ne bo usojeno videti slapov, saj se mi je zdelo to zanjo popolnoma nemogo\u010de in zelo nevarno, gospa tega vsekakor fizi\u010dno ni bila ve\u010d sposobna. Kljub mojemu zelo potrpe\u017eljivemu prepri\u010devanju je bila odlo\u010dena, da bo zmogla prehoditi celo pot, le malce naj bi jo sem in tja po\u010dakali. Ko je celotna skupina pred nami \u017ee izginila za ovinkom dale\u010d pred nami, sem dojela, da ne bo \u0161lo druga\u010de, kot da svoje pregovarjanje spremenim v odlo\u010dnej\u0161o zahtevo in njeno prijateljico, s katero smo hodile vse tri skupaj, sem prosila, \u010de bi pri kmetiji, kjer smo pohod na\u010drtovali zaklju\u010diti s pe\u010denimi postrvmi, lahko po\u010dakala z njo, saj moram jaz ujeti preostale udele\u017eence. \u017denska je seveda privolila, od uboge trmoglavke pa sva potem zahtevali, naj pri kmetiji po\u010diva in tam raziskuje okolico, njena prijateljica pa mi je morala obljubiti, da jo bo imela ves \u010das na o\u010deh, saj je trmasta \u017eenica \u0161e vedno imela \u017eeljo priti vsaj do prvega slapa \u2026<\/span><\/p>\t\t\t\t\t\t\t\t<\/div>\n\t\t\t\t<\/div>\n\t\t\t\t\t<\/div>\n\t\t<\/div>\n\t\t\t\t\t<\/div>\n\t\t<\/section>\n\t\t\t\t<section class=\"elementor-section elementor-top-section elementor-element elementor-element-4695fb6 elementor-section-boxed elementor-section-height-default elementor-section-height-default\" data-id=\"4695fb6\" data-element_type=\"section\" data-e-type=\"section\">\n\t\t\t\t\t\t<div class=\"elementor-container elementor-column-gap-default\">\n\t\t\t\t\t<div class=\"elementor-column elementor-col-100 elementor-top-column elementor-element elementor-element-da64e0d\" data-id=\"da64e0d\" data-element_type=\"column\" data-e-type=\"column\">\n\t\t\t<div class=\"elementor-widget-wrap elementor-element-populated\">\n\t\t\t\t\t\t<div class=\"elementor-element elementor-element-af8290e elementor-widget elementor-widget-image\" data-id=\"af8290e\" data-element_type=\"widget\" data-e-type=\"widget\" data-widget_type=\"image.default\">\n\t\t\t\t<div class=\"elementor-widget-container\">\n\t\t\t\t\t\t\t\t\t\t\t\t\t\t\t<img decoding=\"async\" width=\"1024\" height=\"683\" src=\"https:\/\/natoura.si\/wp-content\/uploads\/2023\/07\/Pocitniska-zgodba-1c-1024x683.gif\" class=\"attachment-large size-large wp-image-11199\" alt=\"\" srcset=\"https:\/\/natoura.si\/wp-content\/uploads\/2023\/07\/Pocitniska-zgodba-1c-1024x683.gif 1024w, https:\/\/natoura.si\/wp-content\/uploads\/2023\/07\/Pocitniska-zgodba-1c-300x200.gif 300w, https:\/\/natoura.si\/wp-content\/uploads\/2023\/07\/Pocitniska-zgodba-1c-768x512.gif 768w, https:\/\/natoura.si\/wp-content\/uploads\/2023\/07\/Pocitniska-zgodba-1c-18x12.gif 18w\" sizes=\"(max-width: 1024px) 100vw, 1024px\" \/>\t\t\t\t\t\t\t\t\t\t\t\t\t\t\t<\/div>\n\t\t\t\t<\/div>\n\t\t\t\t\t<\/div>\n\t\t<\/div>\n\t\t\t\t\t<\/div>\n\t\t<\/section>\n\t\t\t\t<section class=\"elementor-section elementor-top-section elementor-element elementor-element-a0d55de elementor-section-boxed elementor-section-height-default elementor-section-height-default\" data-id=\"a0d55de\" data-element_type=\"section\" data-e-type=\"section\">\n\t\t\t\t\t\t<div class=\"elementor-container elementor-column-gap-default\">\n\t\t\t\t\t<div class=\"elementor-column elementor-col-100 elementor-top-column elementor-element elementor-element-43fac1f\" data-id=\"43fac1f\" data-element_type=\"column\" data-e-type=\"column\">\n\t\t\t<div class=\"elementor-widget-wrap elementor-element-populated\">\n\t\t\t\t\t\t<div class=\"elementor-element elementor-element-e4c833c elementor-widget elementor-widget-text-editor\" data-id=\"e4c833c\" data-element_type=\"widget\" data-e-type=\"widget\" data-widget_type=\"text-editor.default\">\n\t\t\t\t<div class=\"elementor-widget-container\">\n\t\t\t\t\t\t\t\t\t<p><span style=\"color: #c8c8c8;\">Ker smo do prvega postanka izgubile \u017ee ogromno \u010dasa, nisem vedela, do kam je \u017ee uspela priti skupina, ki jo je vodil Du\u0161an. Tekla sem za njimi, steza se je za\u010dela \u017ee po\u0161teno vzpenjati, skupine pa ni in ni bilo. Skoraj mi je \u017ee zmanjkalo mo\u010di, saj ne slovim ravno po hitri hoji v hrib, \u0161e manj pa po teku, ko sem kon\u010dno zagledala skupino in neverjeten prizor, ki mi je vzel sapo. Pot je namre\u010d \u010dez strmo pobo\u010dje pre\u010dkala potok, del skupine je bil \u017ee na drugi strani, del pred potokom, sredi poti pa je stala drobna \u017eenica v krilu in z vre\u010dko v roki tulila, naj jo pustijo pri miru. Z zadnjimi mo\u010dmi sem stekla do potoka in jo vpra\u0161ala, kaj se dogaja. Kar naenkrat so se oglasili vsi prisotni in za\u010deli eden prek drugega razlagati, da je gospa neprimerno obuta, da ji bo zdrsnilo, da ji ho\u010dejo pomagati, pa jim ne pusti, da je gospa histeri\u010dna in zme\u0161ana, ona pa se je drla nazaj, naj jo pustijo pri miru, saj bo zmogla sama. Ni mi preostalo drugega, kot da prekinem navzkri\u017eno pregovarjanje in jih prosila za ti\u0161ino, da bo gospa v miru pri\u0161la na drugo stran brez neza\u017eelenih posledic. Ko se je gospa umirila, je mirno pri\u0161la na drugo stran, kot da se ni ni\u010d zgodilo, jaz pa \u0161e nekaj trenutkov nisem pri\u0161la k sebi. Nato sem jo dohitela in razlo\u017eila mi je, da vedno in vsepovsod hodi v obi\u010dajnih nizkih \u010devljih, s sabo ima le vre\u010dko, v kateri ima nekaj najnujnej\u0161ih stvari in da je \u017ee prehodila ve\u010dino Slovenije in se ji \u0161e nikoli ni ni\u010d zgodilo in da naj jo le pustimo pri miru, pa z njo nikoli ne bo nobenih te\u017eav. S precej dvoma sem ji prikimavala in resni\u010dno je celotno pot, ki ni bila prav enostavna, prehodila brez te\u017eav. Gospa me je na izletih spremljala \u0161e nekaj let, vedno v krilu do kolen, v obi\u010dajnih nizkih \u010devljih in z vre\u010dko v rokah. Ker je zbirala po\u0161tne \u017eige prvega dne, je v\u010dasih izginila na kak\u0161no lokalno po\u0161to in se \u010dez kak\u0161no uro spet pojavila, kar mi je nekajkrat povzro\u010dalo skrbi, zato sva se dogovorili, da me na svoje izginjanje in ponovno pojavljanje prej raje opozori in to je tudi storila. Bila je zelo posebna, za mnoge tudi \u010duda\u0161ka, zame pa je bila le gospa, ki je svoje te\u017eko \u017eivljenje najraje pre\u017eivljala v naravi in dale\u010d stran od ljudi, s katerimi je zaradi druga\u010dnega pogleda na svet imela ve\u010dinoma slabe izku\u0161nje. In ker je bila v svojem bistvu \u010dlovek z velikim srcem, sem jo imela rada in sva se v\u010dasih tudi veliko pogovarjali. Ker je dejansko prehodila skoraj vso Slovenijo, je poznala tudi mnoge manj znane kraje in poti in \u0161e vedno hranim njen seznam idej za pohodni\u0161ke izlete, ki mi ga je prinesla pred mnogimi leti.<\/span><\/p>\t\t\t\t\t\t\t\t<\/div>\n\t\t\t\t<\/div>\n\t\t\t\t\t<\/div>\n\t\t<\/div>\n\t\t\t\t\t<\/div>\n\t\t<\/section>\n\t\t\t\t<section class=\"elementor-section elementor-top-section elementor-element elementor-element-a986663 elementor-section-boxed elementor-section-height-default elementor-section-height-default\" data-id=\"a986663\" data-element_type=\"section\" data-e-type=\"section\">\n\t\t\t\t\t\t<div class=\"elementor-container elementor-column-gap-default\">\n\t\t\t\t\t<div class=\"elementor-column elementor-col-100 elementor-top-column elementor-element elementor-element-a8eed4d\" data-id=\"a8eed4d\" data-element_type=\"column\" data-e-type=\"column\">\n\t\t\t<div class=\"elementor-widget-wrap elementor-element-populated\">\n\t\t\t\t\t\t<div class=\"elementor-element elementor-element-89f3178 elementor-widget elementor-widget-image\" data-id=\"89f3178\" data-element_type=\"widget\" data-e-type=\"widget\" data-widget_type=\"image.default\">\n\t\t\t\t<div class=\"elementor-widget-container\">\n\t\t\t\t\t\t\t\t\t\t\t\t\t\t\t<img decoding=\"async\" width=\"1024\" height=\"615\" src=\"https:\/\/natoura.si\/wp-content\/uploads\/2023\/07\/Pocitniska-zgodba-1a-1024x615.gif\" class=\"attachment-large size-large wp-image-11195\" alt=\"\" srcset=\"https:\/\/natoura.si\/wp-content\/uploads\/2023\/07\/Pocitniska-zgodba-1a-1024x615.gif 1024w, https:\/\/natoura.si\/wp-content\/uploads\/2023\/07\/Pocitniska-zgodba-1a-300x180.gif 300w, https:\/\/natoura.si\/wp-content\/uploads\/2023\/07\/Pocitniska-zgodba-1a-768x462.gif 768w, https:\/\/natoura.si\/wp-content\/uploads\/2023\/07\/Pocitniska-zgodba-1a-1536x923.gif 1536w, https:\/\/natoura.si\/wp-content\/uploads\/2023\/07\/Pocitniska-zgodba-1a-18x12.gif 18w\" sizes=\"(max-width: 1024px) 100vw, 1024px\" \/>\t\t\t\t\t\t\t\t\t\t\t\t\t\t\t<\/div>\n\t\t\t\t<\/div>\n\t\t\t\t\t<\/div>\n\t\t<\/div>\n\t\t\t\t\t<\/div>\n\t\t<\/section>\n\t\t\t\t<section class=\"elementor-section elementor-top-section elementor-element elementor-element-0a7618b elementor-section-boxed elementor-section-height-default elementor-section-height-default\" data-id=\"0a7618b\" data-element_type=\"section\" data-e-type=\"section\">\n\t\t\t\t\t\t<div class=\"elementor-container elementor-column-gap-default\">\n\t\t\t\t\t<div class=\"elementor-column elementor-col-100 elementor-top-column elementor-element elementor-element-54b0bce\" data-id=\"54b0bce\" data-element_type=\"column\" data-e-type=\"column\">\n\t\t\t<div class=\"elementor-widget-wrap elementor-element-populated\">\n\t\t\t\t\t\t<div class=\"elementor-element elementor-element-9575b51 elementor-widget elementor-widget-text-editor\" data-id=\"9575b51\" data-element_type=\"widget\" data-e-type=\"widget\" data-widget_type=\"text-editor.default\">\n\t\t\t\t<div class=\"elementor-widget-container\">\n\t\t\t\t\t\t\t\t\t<p><span style=\"color: #c8c8de;\">No, pot med slapovi se je dobro kon\u010dala, tudi starej\u0161i prijateljici sta po\u010dakali tam, kjer smo se dogovorili. Na koncu smo bili sicer malo utrujeni, vendar zadovoljni in navdu\u0161eni nad slapovi, ki jih do takrat ve\u010dina ni poznala. Moja prva izku\u0161nja z vodenjem je bila sicer zelo adrenalinska, vendar me to ni odvrnilo od novih podvigov. Ravno nasprotno, saj \u0161e vedno z velikim veseljem po\u010dnem prav to.<\/span><\/p>\n<p><span style=\"color: #c8c8de;\">Kranj, 28. 6. 2023<\/span><\/p>\n<p><span style=\"color: #c8c8de;\">\u00a9 Janja Benedik<\/span><\/p>\t\t\t\t\t\t\t\t<\/div>\n\t\t\t\t<\/div>\n\t\t\t\t\t<\/div>\n\t\t<\/div>\n\t\t\t\t\t<\/div>\n\t\t<\/section>\n\t\t\t\t<\/div>\n\t\t","protected":false},"excerpt":{"rendered":"<p>Ker se z organizacijo in izvedbo izletov in potovanj ukvarjam \u017ee dobrih dvajset let, se je seveda nabralo kar nekaj takih in druga\u010dnih spominov. NaTour Details<\/p>\n","protected":false},"author":1,"featured_media":11186,"parent":0,"menu_order":0,"comment_status":"closed","ping_status":"closed","template":"","meta":{"footnotes":""},"class_list":["post-11185","page","type-page","status-publish","has-post-thumbnail","hentry"],"_links":{"self":[{"href":"https:\/\/natoura.si\/sl_si\/wp-json\/wp\/v2\/pages\/11185","targetHints":{"allow":["GET"]}}],"collection":[{"href":"https:\/\/natoura.si\/sl_si\/wp-json\/wp\/v2\/pages"}],"about":[{"href":"https:\/\/natoura.si\/sl_si\/wp-json\/wp\/v2\/types\/page"}],"author":[{"embeddable":true,"href":"https:\/\/natoura.si\/sl_si\/wp-json\/wp\/v2\/users\/1"}],"replies":[{"embeddable":true,"href":"https:\/\/natoura.si\/sl_si\/wp-json\/wp\/v2\/comments?post=11185"}],"version-history":[{"count":19,"href":"https:\/\/natoura.si\/sl_si\/wp-json\/wp\/v2\/pages\/11185\/revisions"}],"predecessor-version":[{"id":11210,"href":"https:\/\/natoura.si\/sl_si\/wp-json\/wp\/v2\/pages\/11185\/revisions\/11210"}],"wp:featuredmedia":[{"embeddable":true,"href":"https:\/\/natoura.si\/sl_si\/wp-json\/wp\/v2\/media\/11186"}],"wp:attachment":[{"href":"https:\/\/natoura.si\/sl_si\/wp-json\/wp\/v2\/media?parent=11185"}],"curies":[{"name":"wp","href":"https:\/\/api.w.org\/{rel}","templated":true}]}}