{"id":111,"date":"2019-09-03T05:49:59","date_gmt":"2019-09-03T05:49:59","guid":{"rendered":"https:\/\/natoura.si\/?page_id=111"},"modified":"2020-03-29T21:53:10","modified_gmt":"2020-03-29T21:53:10","slug":"armenski-bumerang","status":"publish","type":"page","link":"https:\/\/natoura.si\/sl_si\/armenski-bumerang\/","title":{"rendered":"Armenski bumerang"},"content":{"rendered":"\t\t<div data-elementor-type=\"wp-page\" data-elementor-id=\"111\" class=\"elementor elementor-111\" data-elementor-post-type=\"page\">\n\t\t\t\t\t\t<section class=\"elementor-section elementor-top-section elementor-element elementor-element-8239b0c elementor-section-boxed elementor-section-height-default elementor-section-height-default\" data-id=\"8239b0c\" data-element_type=\"section\" data-e-type=\"section\">\n\t\t\t\t\t\t<div class=\"elementor-container elementor-column-gap-default\">\n\t\t\t\t\t<div class=\"elementor-column elementor-col-100 elementor-top-column elementor-element elementor-element-2c0374c\" data-id=\"2c0374c\" data-element_type=\"column\" data-e-type=\"column\">\n\t\t\t<div class=\"elementor-widget-wrap elementor-element-populated\">\n\t\t\t\t\t\t<div class=\"elementor-element elementor-element-4aabac5 elementor-widget elementor-widget-text-editor\" data-id=\"4aabac5\" data-element_type=\"widget\" data-e-type=\"widget\" data-widget_type=\"text-editor.default\">\n\t\t\t\t<div class=\"elementor-widget-container\">\n\t\t\t\t\t\t\t\t\t<p><span style=\"font-family: Poppins; color: #ffffff;\"><em>Tudi Armenija je ena tistih de\u017eel, ki \u00bbpride za tabo\u00ab, vedno znova se vra\u010da v vseh mo\u017enih oblikah. Tako sem jo ob\u010dutila \u017ee ob prvem obisku. V ljudeh sem za\u010dutila ranjeni ponos in medlo upanje na bolj\u0161o prihodnost. Sprva zadr\u017eani se nato odprejo v vsej svoji \u010dutnosti, \u017eelijo \u017eiveti vsak trenutek in to deliti s tabo.<\/em><\/span><\/p>\t\t\t\t\t\t\t\t<\/div>\n\t\t\t\t<\/div>\n\t\t\t\t\t<\/div>\n\t\t<\/div>\n\t\t\t\t\t<\/div>\n\t\t<\/section>\n\t\t\t\t<section class=\"elementor-section elementor-top-section elementor-element elementor-element-edad148 elementor-section-boxed elementor-section-height-default elementor-section-height-default\" data-id=\"edad148\" data-element_type=\"section\" data-e-type=\"section\">\n\t\t\t\t\t\t<div class=\"elementor-container elementor-column-gap-default\">\n\t\t\t\t\t<div class=\"elementor-column elementor-col-50 elementor-top-column elementor-element elementor-element-c15e141\" data-id=\"c15e141\" data-element_type=\"column\" data-e-type=\"column\">\n\t\t\t<div class=\"elementor-widget-wrap elementor-element-populated\">\n\t\t\t\t\t\t<div class=\"elementor-element elementor-element-5dd25b0 elementor-widget elementor-widget-image\" data-id=\"5dd25b0\" data-element_type=\"widget\" data-e-type=\"widget\" data-widget_type=\"image.default\">\n\t\t\t\t<div class=\"elementor-widget-container\">\n\t\t\t\t\t\t\t\t\t\t\t\t\t\t\t<img fetchpriority=\"high\" decoding=\"async\" width=\"525\" height=\"367\" src=\"https:\/\/natoura.si\/wp-content\/uploads\/2019\/09\/Armenski-bumerang1.gif\" class=\"attachment-large size-large wp-image-113\" alt=\"\" \/>\t\t\t\t\t\t\t\t\t\t\t\t\t\t\t<\/div>\n\t\t\t\t<\/div>\n\t\t\t\t\t<\/div>\n\t\t<\/div>\n\t\t\t\t<div class=\"elementor-column elementor-col-50 elementor-top-column elementor-element elementor-element-12fa4db\" data-id=\"12fa4db\" data-element_type=\"column\" data-e-type=\"column\">\n\t\t\t<div class=\"elementor-widget-wrap elementor-element-populated\">\n\t\t\t\t\t\t<div class=\"elementor-element elementor-element-72d170b elementor-widget elementor-widget-image\" data-id=\"72d170b\" data-element_type=\"widget\" data-e-type=\"widget\" data-widget_type=\"image.default\">\n\t\t\t\t<div class=\"elementor-widget-container\">\n\t\t\t\t\t\t\t\t\t\t\t\t\t\t\t<img decoding=\"async\" width=\"525\" height=\"347\" src=\"https:\/\/natoura.si\/wp-content\/uploads\/2019\/09\/Armenski-bumerang2.gif\" class=\"attachment-large size-large wp-image-114\" alt=\"\" \/>\t\t\t\t\t\t\t\t\t\t\t\t\t\t\t<\/div>\n\t\t\t\t<\/div>\n\t\t\t\t\t<\/div>\n\t\t<\/div>\n\t\t\t\t\t<\/div>\n\t\t<\/section>\n\t\t\t\t<section class=\"elementor-section elementor-top-section elementor-element elementor-element-0c4a007 elementor-section-boxed elementor-section-height-default elementor-section-height-default\" data-id=\"0c4a007\" data-element_type=\"section\" data-e-type=\"section\">\n\t\t\t\t\t\t<div class=\"elementor-container elementor-column-gap-default\">\n\t\t\t\t\t<div class=\"elementor-column elementor-col-100 elementor-top-column elementor-element elementor-element-1984cdc\" data-id=\"1984cdc\" data-element_type=\"column\" data-e-type=\"column\">\n\t\t\t<div class=\"elementor-widget-wrap elementor-element-populated\">\n\t\t\t\t\t\t<div class=\"elementor-element elementor-element-1ae563b elementor-widget elementor-widget-text-editor\" data-id=\"1ae563b\" data-element_type=\"widget\" data-e-type=\"widget\" data-widget_type=\"text-editor.default\">\n\t\t\t\t<div class=\"elementor-widget-container\">\n\t\t\t\t\t\t\t\t\t<p>\u00a0<\/p>\n<p><span style=\"font-family: Poppins; color: #ffffff;\">Narava me odpelje v drug svet, prazne \u0161irjave vulkanskih kamnin, ponekod porasle ali pa tudi ne \u2013 vseeno je, navdajajo me z nostalgijo in oto\u017enostjo, sli\u0161im zvok duduka in vetra, \u0161tevilnih vodnih izvirov in \u010dutim vro\u010dino pripekajo\u010dega sonca.<\/span><\/p>\n<p>\u00a0<\/p>\t\t\t\t\t\t\t\t<\/div>\n\t\t\t\t<\/div>\n\t\t\t\t\t<\/div>\n\t\t<\/div>\n\t\t\t\t\t<\/div>\n\t\t<\/section>\n\t\t\t\t<section class=\"elementor-section elementor-top-section elementor-element elementor-element-b161708 elementor-section-boxed elementor-section-height-default elementor-section-height-default\" data-id=\"b161708\" data-element_type=\"section\" data-e-type=\"section\">\n\t\t\t\t\t\t<div class=\"elementor-container elementor-column-gap-default\">\n\t\t\t\t\t<div class=\"elementor-column elementor-col-50 elementor-top-column elementor-element elementor-element-2b3d773\" data-id=\"2b3d773\" data-element_type=\"column\" data-e-type=\"column\">\n\t\t\t<div class=\"elementor-widget-wrap elementor-element-populated\">\n\t\t\t\t\t\t<div class=\"elementor-element elementor-element-d048d49 elementor-widget elementor-widget-image\" data-id=\"d048d49\" data-element_type=\"widget\" data-e-type=\"widget\" data-widget_type=\"image.default\">\n\t\t\t\t<div class=\"elementor-widget-container\">\n\t\t\t\t\t\t\t\t\t\t\t\t\t\t\t<img decoding=\"async\" width=\"525\" height=\"357\" src=\"https:\/\/natoura.si\/wp-content\/uploads\/2019\/09\/Armenski-bumerang3.gif\" class=\"attachment-large size-large wp-image-115\" alt=\"\" \/>\t\t\t\t\t\t\t\t\t\t\t\t\t\t\t<\/div>\n\t\t\t\t<\/div>\n\t\t\t\t\t<\/div>\n\t\t<\/div>\n\t\t\t\t<div class=\"elementor-column elementor-col-50 elementor-top-column elementor-element elementor-element-5f6e6a1\" data-id=\"5f6e6a1\" data-element_type=\"column\" data-e-type=\"column\">\n\t\t\t<div class=\"elementor-widget-wrap elementor-element-populated\">\n\t\t\t\t\t\t<div class=\"elementor-element elementor-element-33da6a2 elementor-widget elementor-widget-image\" data-id=\"33da6a2\" data-element_type=\"widget\" data-e-type=\"widget\" data-widget_type=\"image.default\">\n\t\t\t\t<div class=\"elementor-widget-container\">\n\t\t\t\t\t\t\t\t\t\t\t\t\t\t\t<img loading=\"lazy\" decoding=\"async\" width=\"525\" height=\"333\" src=\"https:\/\/natoura.si\/wp-content\/uploads\/2019\/09\/Armenski-bumerang4.gif\" class=\"attachment-large size-large wp-image-116\" alt=\"\" \/>\t\t\t\t\t\t\t\t\t\t\t\t\t\t\t<\/div>\n\t\t\t\t<\/div>\n\t\t\t\t\t<\/div>\n\t\t<\/div>\n\t\t\t\t\t<\/div>\n\t\t<\/section>\n\t\t\t\t<section class=\"elementor-section elementor-top-section elementor-element elementor-element-c6b921f elementor-section-boxed elementor-section-height-default elementor-section-height-default\" data-id=\"c6b921f\" data-element_type=\"section\" data-e-type=\"section\">\n\t\t\t\t\t\t<div class=\"elementor-container elementor-column-gap-default\">\n\t\t\t\t\t<div class=\"elementor-column elementor-col-100 elementor-top-column elementor-element elementor-element-0f8f3fe\" data-id=\"0f8f3fe\" data-element_type=\"column\" data-e-type=\"column\">\n\t\t\t<div class=\"elementor-widget-wrap elementor-element-populated\">\n\t\t\t\t\t\t<div class=\"elementor-element elementor-element-315f1a3 elementor-widget elementor-widget-text-editor\" data-id=\"315f1a3\" data-element_type=\"widget\" data-e-type=\"widget\" data-widget_type=\"text-editor.default\">\n\t\t\t\t<div class=\"elementor-widget-container\">\n\t\t\t\t\t\t\t\t\t<p>\u00a0<\/p>\n<p><span style=\"color: #ffffff;\"><span style=\"font-family: Poppins;\">Vsak prehojeni korak je u\u017eitek, \u010deprav fizi\u010dno naporen. Ti\u0161ina in brez\u010dasje opravita svoje, samo predam se in hodim. \u010cutim, kako se polnim z notranjim mirom, ki ga tako potrebujem, odklopim realni svet in vase srkam vse, kar <\/span><span style=\"font-family: Poppins;\">se mi ponuja \u2013 rahlo odcvetelo cvetje v poznem poletju, \u010debelarje, ki kro\u017eijo nad mano, v daljavi morda kanja, ki la\u010dna i\u0161\u010de svoj plen, veter, ki valovi plode\u010de trave in vro\u010de sonce, ki mi sledi na vsakem koraku.<\/span><\/span><\/p>\n<p><span style=\"color: #ffffff;\"><span style=\"font-family: Poppins;\">V daljavi \u010drede krav, ki i\u0161\u010dejo zadnjo so\u010dno pa\u0161o, med njimi Jezidi, spojeni s sedlom nadzirajo <\/span><span style=\"font-family: Poppins;\">svoje edino bogastvo. Njihov svet je tako druga\u010den od mojega in vendar smo v nekem trenutku skupaj in si delimo usodo tisteg<\/span><span style=\"font-family: Poppins;\">a dne.<\/span><\/span><\/p>\n<p><span style=\"font-family: Poppins; color: #ffffff;\">Visoko pod oblaki le\u017eijo vulkanska jezera, rahlo valujo\u010da gladina odseva bli\u017enje vrhove. Na prvi pogled je vse prazno, ni\u010desar ni, pa vendar izjemno bogastvo narave, ki me obdaja. Sedim ob obali in \u010dakam son\u010dni zahod. \u017de toliko sem jih videla, pa je vseeno vsak malo druga\u010den. Vsak ima svojo zgodbo, svoj hrib, kamor se skrije sonce, druga\u010dne ob\u010dutke.<\/span><\/p>\n<p>\u00a0<\/p>\n<p>\u00a0<\/p>\t\t\t\t\t\t\t\t<\/div>\n\t\t\t\t<\/div>\n\t\t\t\t\t<\/div>\n\t\t<\/div>\n\t\t\t\t\t<\/div>\n\t\t<\/section>\n\t\t\t\t<section class=\"elementor-section elementor-top-section elementor-element elementor-element-d2bddaa elementor-section-boxed elementor-section-height-default elementor-section-height-default\" data-id=\"d2bddaa\" data-element_type=\"section\" data-e-type=\"section\">\n\t\t\t\t\t\t<div class=\"elementor-container elementor-column-gap-default\">\n\t\t\t\t\t<div class=\"elementor-column elementor-col-100 elementor-top-column elementor-element elementor-element-8917c8d\" data-id=\"8917c8d\" data-element_type=\"column\" data-e-type=\"column\">\n\t\t\t<div class=\"elementor-widget-wrap elementor-element-populated\">\n\t\t\t\t\t\t<div class=\"elementor-element elementor-element-0f4f2ef elementor-widget elementor-widget-image\" data-id=\"0f4f2ef\" data-element_type=\"widget\" data-e-type=\"widget\" data-widget_type=\"image.default\">\n\t\t\t\t<div class=\"elementor-widget-container\">\n\t\t\t\t\t\t\t\t\t\t\t\t\t\t\t<img loading=\"lazy\" decoding=\"async\" width=\"525\" height=\"350\" src=\"https:\/\/natoura.si\/wp-content\/uploads\/2019\/09\/Armenski-bumerang5.gif\" class=\"attachment-large size-large wp-image-117\" alt=\"\" \/>\t\t\t\t\t\t\t\t\t\t\t\t\t\t\t<\/div>\n\t\t\t\t<\/div>\n\t\t\t\t\t<\/div>\n\t\t<\/div>\n\t\t\t\t\t<\/div>\n\t\t<\/section>\n\t\t\t\t<section class=\"elementor-section elementor-top-section elementor-element elementor-element-96e19c9 elementor-section-boxed elementor-section-height-default elementor-section-height-default\" data-id=\"96e19c9\" data-element_type=\"section\" data-e-type=\"section\">\n\t\t\t\t\t\t<div class=\"elementor-container elementor-column-gap-default\">\n\t\t\t\t\t<div class=\"elementor-column elementor-col-100 elementor-top-column elementor-element elementor-element-a0e5ff0\" data-id=\"a0e5ff0\" data-element_type=\"column\" data-e-type=\"column\">\n\t\t\t<div class=\"elementor-widget-wrap elementor-element-populated\">\n\t\t\t\t\t\t<div class=\"elementor-element elementor-element-7075168 elementor-widget elementor-widget-text-editor\" data-id=\"7075168\" data-element_type=\"widget\" data-e-type=\"widget\" data-widget_type=\"text-editor.default\">\n\t\t\t\t<div class=\"elementor-widget-container\">\n\t\t\t\t\t\t\t\t\t<p><span style=\"font-family: Poppins; color: #ffffff;\">Koliko ljudi je \u017ee pred mano tu ob\u010dutilo enako? Kako davno in zakaj prav tu? Moja zgodba je le ena izmed \u0161tevilnih zgodb, ki se tu odvijajo \u017ee tiso\u010dletja. Zgodbe, ki se prepletajo in sre\u010dujejo, zgodbe, za katere si domi\u0161ljam, da jih poznam, pa jih v resnici ne. Domi\u0161ljija me odnese in razmi\u0161ljam o ljudeh, ki so pred tiso\u010dletji hodili po istih poteh, pili vodo iz istih izvirov, opazovali zahod istega sonca in \u010dakali na isto polno luno. Tisti ljudje, ki so nam pustili utrinke svoje umetnosti, da jo danes ob\u010dudujemo in o njej pripovedujemo zgodbe. Tisti ljudje, ki so morda ob vsem tem \u010dutili enako kot jaz? Morda.<\/span><\/p>\n<p>\u00a0<\/p>\t\t\t\t\t\t\t\t<\/div>\n\t\t\t\t<\/div>\n\t\t\t\t\t<\/div>\n\t\t<\/div>\n\t\t\t\t\t<\/div>\n\t\t<\/section>\n\t\t\t\t<section class=\"elementor-section elementor-top-section elementor-element elementor-element-fc076ba elementor-section-boxed elementor-section-height-default elementor-section-height-default\" data-id=\"fc076ba\" data-element_type=\"section\" data-e-type=\"section\">\n\t\t\t\t\t\t<div class=\"elementor-container elementor-column-gap-default\">\n\t\t\t\t\t<div class=\"elementor-column elementor-col-50 elementor-top-column elementor-element elementor-element-ecab70e\" data-id=\"ecab70e\" data-element_type=\"column\" data-e-type=\"column\">\n\t\t\t<div class=\"elementor-widget-wrap elementor-element-populated\">\n\t\t\t\t\t\t<div class=\"elementor-element elementor-element-7e01ce1 elementor-widget elementor-widget-image\" data-id=\"7e01ce1\" data-element_type=\"widget\" data-e-type=\"widget\" data-widget_type=\"image.default\">\n\t\t\t\t<div class=\"elementor-widget-container\">\n\t\t\t\t\t\t\t\t\t\t\t\t\t\t\t<img loading=\"lazy\" decoding=\"async\" width=\"525\" height=\"350\" src=\"https:\/\/natoura.si\/wp-content\/uploads\/2019\/09\/Armenski-bumerang6.gif\" class=\"attachment-large size-large wp-image-118\" alt=\"\" \/>\t\t\t\t\t\t\t\t\t\t\t\t\t\t\t<\/div>\n\t\t\t\t<\/div>\n\t\t\t\t\t<\/div>\n\t\t<\/div>\n\t\t\t\t<div class=\"elementor-column elementor-col-50 elementor-top-column elementor-element elementor-element-18f863f\" data-id=\"18f863f\" data-element_type=\"column\" data-e-type=\"column\">\n\t\t\t<div class=\"elementor-widget-wrap elementor-element-populated\">\n\t\t\t\t\t\t<div class=\"elementor-element elementor-element-abfb2db elementor-widget elementor-widget-image\" data-id=\"abfb2db\" data-element_type=\"widget\" data-e-type=\"widget\" data-widget_type=\"image.default\">\n\t\t\t\t<div class=\"elementor-widget-container\">\n\t\t\t\t\t\t\t\t\t\t\t\t\t\t\t<img loading=\"lazy\" decoding=\"async\" width=\"525\" height=\"350\" src=\"https:\/\/natoura.si\/wp-content\/uploads\/2019\/09\/Armenski-bumerang7.gif\" class=\"attachment-large size-large wp-image-119\" alt=\"\" \/>\t\t\t\t\t\t\t\t\t\t\t\t\t\t\t<\/div>\n\t\t\t\t<\/div>\n\t\t\t\t\t<\/div>\n\t\t<\/div>\n\t\t\t\t\t<\/div>\n\t\t<\/section>\n\t\t\t\t<section class=\"elementor-section elementor-top-section elementor-element elementor-element-1aff2dd elementor-section-boxed elementor-section-height-default elementor-section-height-default\" data-id=\"1aff2dd\" data-element_type=\"section\" data-e-type=\"section\">\n\t\t\t\t\t\t<div class=\"elementor-container elementor-column-gap-default\">\n\t\t\t\t\t<div class=\"elementor-column elementor-col-100 elementor-top-column elementor-element elementor-element-ec7c8b9\" data-id=\"ec7c8b9\" data-element_type=\"column\" data-e-type=\"column\">\n\t\t\t<div class=\"elementor-widget-wrap elementor-element-populated\">\n\t\t\t\t\t\t<div class=\"elementor-element elementor-element-dca5e1b elementor-widget elementor-widget-text-editor\" data-id=\"dca5e1b\" data-element_type=\"widget\" data-e-type=\"widget\" data-widget_type=\"text-editor.default\">\n\t\t\t\t<div class=\"elementor-widget-container\">\n\t\t\t\t\t\t\t\t\t<p>\u00a0<\/p>\n<p><span style=\"font-family: Poppins; color: #ffffff;\">Vrnitev iz sanj je neizbe\u017ena. Ni mi hudo, gore so me napolnile z energijo in grem dalje. I\u0161\u010dem in najdem nove poti, nove zgodbe, nove sanje. Grem v druga\u010den svet, svet, ki \u010drpa, srka, preizku\u0161a. In ko to najbolj potrebujem, se vrne nostalgi\u010den spomin na \u0161irna prostranstva in energija se vra\u010da znova in znova &#8230;<\/span><\/p>\t\t\t\t\t\t\t\t<\/div>\n\t\t\t\t<\/div>\n\t\t\t\t\t<\/div>\n\t\t<\/div>\n\t\t\t\t\t<\/div>\n\t\t<\/section>\n\t\t\t\t<section class=\"elementor-section elementor-top-section elementor-element elementor-element-e96aca3 elementor-section-boxed elementor-section-height-default elementor-section-height-default\" data-id=\"e96aca3\" data-element_type=\"section\" data-e-type=\"section\">\n\t\t\t\t\t\t<div class=\"elementor-container elementor-column-gap-default\">\n\t\t\t\t\t<div class=\"elementor-column elementor-col-100 elementor-top-column elementor-element elementor-element-0f82a4a\" data-id=\"0f82a4a\" data-element_type=\"column\" data-e-type=\"column\">\n\t\t\t<div class=\"elementor-widget-wrap elementor-element-populated\">\n\t\t\t\t\t\t<div class=\"elementor-element elementor-element-0f18c3d elementor-widget elementor-widget-image\" data-id=\"0f18c3d\" data-element_type=\"widget\" data-e-type=\"widget\" data-widget_type=\"image.default\">\n\t\t\t\t<div class=\"elementor-widget-container\">\n\t\t\t\t\t\t\t\t\t\t\t\t\t\t\t<img loading=\"lazy\" decoding=\"async\" width=\"525\" height=\"350\" src=\"https:\/\/natoura.si\/wp-content\/uploads\/2019\/09\/Armenski-bumerang8.gif\" class=\"attachment-large size-large wp-image-120\" alt=\"\" \/>\t\t\t\t\t\t\t\t\t\t\t\t\t\t\t<\/div>\n\t\t\t\t<\/div>\n\t\t\t\t\t<\/div>\n\t\t<\/div>\n\t\t\t\t\t<\/div>\n\t\t<\/section>\n\t\t\t\t<\/div>\n\t\t","protected":false},"excerpt":{"rendered":"<p>Tudi Armenija je ena tistih de\u017eel, ki \u00bbpride za tabo\u00ab, vedno znova se vra\u010da v vseh mo\u017enih oblikah. Tako sem jo ob\u010dutila \u017ee ob prvemTour Details<\/p>\n","protected":false},"author":1,"featured_media":818,"parent":0,"menu_order":0,"comment_status":"closed","ping_status":"closed","template":"","meta":{"footnotes":""},"class_list":["post-111","page","type-page","status-publish","has-post-thumbnail","hentry"],"_links":{"self":[{"href":"https:\/\/natoura.si\/sl_si\/wp-json\/wp\/v2\/pages\/111","targetHints":{"allow":["GET"]}}],"collection":[{"href":"https:\/\/natoura.si\/sl_si\/wp-json\/wp\/v2\/pages"}],"about":[{"href":"https:\/\/natoura.si\/sl_si\/wp-json\/wp\/v2\/types\/page"}],"author":[{"embeddable":true,"href":"https:\/\/natoura.si\/sl_si\/wp-json\/wp\/v2\/users\/1"}],"replies":[{"embeddable":true,"href":"https:\/\/natoura.si\/sl_si\/wp-json\/wp\/v2\/comments?post=111"}],"version-history":[{"count":8,"href":"https:\/\/natoura.si\/sl_si\/wp-json\/wp\/v2\/pages\/111\/revisions"}],"predecessor-version":[{"id":2009,"href":"https:\/\/natoura.si\/sl_si\/wp-json\/wp\/v2\/pages\/111\/revisions\/2009"}],"wp:featuredmedia":[{"embeddable":true,"href":"https:\/\/natoura.si\/sl_si\/wp-json\/wp\/v2\/media\/818"}],"wp:attachment":[{"href":"https:\/\/natoura.si\/sl_si\/wp-json\/wp\/v2\/media?parent=111"}],"curies":[{"name":"wp","href":"https:\/\/api.w.org\/{rel}","templated":true}]}}