{"id":10858,"date":"2023-05-03T06:25:19","date_gmt":"2023-05-03T06:25:19","guid":{"rendered":"https:\/\/natoura.si\/?page_id=10858"},"modified":"2025-10-21T16:46:22","modified_gmt":"2025-10-21T16:46:22","slug":"druge-dejavnosti","status":"publish","type":"page","link":"https:\/\/natoura.si\/sl_si\/druge-dejavnosti\/","title":{"rendered":"Druge dejavnosti"},"content":{"rendered":"\t\t<div data-elementor-type=\"wp-page\" data-elementor-id=\"10858\" class=\"elementor elementor-10858\" data-elementor-post-type=\"page\">\n\t\t\t\t\t\t<section class=\"elementor-section elementor-top-section elementor-element elementor-element-748d800 elementor-section-boxed elementor-section-height-default elementor-section-height-default\" data-id=\"748d800\" data-element_type=\"section\" data-e-type=\"section\">\n\t\t\t\t\t\t<div class=\"elementor-container elementor-column-gap-default\">\n\t\t\t\t\t<div class=\"elementor-column elementor-col-50 elementor-top-column elementor-element elementor-element-7520f3f\" data-id=\"7520f3f\" data-element_type=\"column\" data-e-type=\"column\">\n\t\t\t<div class=\"elementor-widget-wrap elementor-element-populated\">\n\t\t\t\t\t\t<div class=\"elementor-element elementor-element-f68dba5 elementor-widget elementor-widget-image\" data-id=\"f68dba5\" data-element_type=\"widget\" data-e-type=\"widget\" data-widget_type=\"image.default\">\n\t\t\t\t<div class=\"elementor-widget-container\">\n\t\t\t\t\t\t\t\t\t\t\t\t\t\t\t<img fetchpriority=\"high\" decoding=\"async\" width=\"1024\" height=\"724\" src=\"https:\/\/natoura.si\/wp-content\/uploads\/2023\/05\/Vabilo-na-razstavo-gif-1024x724.gif\" class=\"attachment-large size-large wp-image-10861\" alt=\"\" srcset=\"https:\/\/natoura.si\/wp-content\/uploads\/2023\/05\/Vabilo-na-razstavo-gif-1024x724.gif 1024w, https:\/\/natoura.si\/wp-content\/uploads\/2023\/05\/Vabilo-na-razstavo-gif-300x212.gif 300w, https:\/\/natoura.si\/wp-content\/uploads\/2023\/05\/Vabilo-na-razstavo-gif-768x543.gif 768w, https:\/\/natoura.si\/wp-content\/uploads\/2023\/05\/Vabilo-na-razstavo-gif-18x12.gif 18w\" sizes=\"(max-width: 1024px) 100vw, 1024px\" \/>\t\t\t\t\t\t\t\t\t\t\t\t\t\t\t<\/div>\n\t\t\t\t<\/div>\n\t\t\t\t<div class=\"elementor-element elementor-element-e323e98 elementor-widget elementor-widget-text-editor\" data-id=\"e323e98\" data-element_type=\"widget\" data-e-type=\"widget\" data-widget_type=\"text-editor.default\">\n\t\t\t\t<div class=\"elementor-widget-container\">\n\t\t\t\t\t\t\t\t\t<p><span style=\"color: #ffffff; font-size: 14px;\">FOTOGRAFSKE RAZSTAVE S POTOVANJ<\/span><\/p>\t\t\t\t\t\t\t\t<\/div>\n\t\t\t\t<\/div>\n\t\t\t\t\t<\/div>\n\t\t<\/div>\n\t\t\t\t<div class=\"elementor-column elementor-col-50 elementor-top-column elementor-element elementor-element-5c4834d\" data-id=\"5c4834d\" data-element_type=\"column\" data-e-type=\"column\">\n\t\t\t<div class=\"elementor-widget-wrap elementor-element-populated\">\n\t\t\t\t\t\t<div class=\"elementor-element elementor-element-21ec585 elementor-widget elementor-widget-image\" data-id=\"21ec585\" data-element_type=\"widget\" data-e-type=\"widget\" data-widget_type=\"image.default\">\n\t\t\t\t<div class=\"elementor-widget-container\">\n\t\t\t\t\t\t\t\t\t\t\t\t\t\t\t<img decoding=\"async\" width=\"1024\" height=\"683\" src=\"https:\/\/natoura.si\/wp-content\/uploads\/2022\/07\/IMG_2717-1024x683.gif\" class=\"attachment-large size-large wp-image-8537\" alt=\"\" srcset=\"https:\/\/natoura.si\/wp-content\/uploads\/2022\/07\/IMG_2717-1024x683.gif 1024w, https:\/\/natoura.si\/wp-content\/uploads\/2022\/07\/IMG_2717-300x200.gif 300w, https:\/\/natoura.si\/wp-content\/uploads\/2022\/07\/IMG_2717-768x512.gif 768w\" sizes=\"(max-width: 1024px) 100vw, 1024px\" \/>\t\t\t\t\t\t\t\t\t\t\t\t\t\t\t<\/div>\n\t\t\t\t<\/div>\n\t\t\t\t<div class=\"elementor-element elementor-element-2b7d4f4 elementor-widget elementor-widget-text-editor\" data-id=\"2b7d4f4\" data-element_type=\"widget\" data-e-type=\"widget\" data-widget_type=\"text-editor.default\">\n\t\t\t\t<div class=\"elementor-widget-container\">\n\t\t\t\t\t\t\t\t\t<p style=\"text-align: center;\"><span style=\"color: #ffffff;\"><span style=\"font-size: 16px;\">PRIPRAVA INDIVIDUALNIH PROGRAMOV POTOVANJ<\/span><\/span><\/p><ul><li><span style=\"font-size: 12px; color: #ffffff;\">cena priprave programa: 100,00 \u20ac za vsak dan potovanja, <\/span><\/li><li><span style=\"font-size: 12px; color: #ffffff;\">v primeru potrditve programa se obra\u010dunani znesek priprave od\u0161teje od cene aran\u017emaja.<\/span><\/li><\/ul>\t\t\t\t\t\t\t\t<\/div>\n\t\t\t\t<\/div>\n\t\t\t\t\t<\/div>\n\t\t<\/div>\n\t\t\t\t\t<\/div>\n\t\t<\/section>\n\t\t\t\t<section class=\"elementor-section elementor-top-section elementor-element elementor-element-1ef0e1e elementor-section-boxed elementor-section-height-default elementor-section-height-default\" data-id=\"1ef0e1e\" data-element_type=\"section\" data-e-type=\"section\">\n\t\t\t\t\t\t<div class=\"elementor-container elementor-column-gap-default\">\n\t\t\t\t\t<div class=\"elementor-column elementor-col-50 elementor-top-column elementor-element elementor-element-e690a18\" data-id=\"e690a18\" data-element_type=\"column\" data-e-type=\"column\">\n\t\t\t<div class=\"elementor-widget-wrap elementor-element-populated\">\n\t\t\t\t\t\t<div class=\"elementor-element elementor-element-f2aca25 elementor-widget elementor-widget-image\" data-id=\"f2aca25\" data-element_type=\"widget\" data-e-type=\"widget\" data-widget_type=\"image.default\">\n\t\t\t\t<div class=\"elementor-widget-container\">\n\t\t\t\t\t\t\t\t\t\t\t\t\t\t\t<img decoding=\"async\" width=\"640\" height=\"460\" src=\"https:\/\/natoura.si\/wp-content\/uploads\/2023\/05\/Ciper-konferenca.gif\" class=\"attachment-medium_large size-medium_large wp-image-10865\" alt=\"\" \/>\t\t\t\t\t\t\t\t\t\t\t\t\t\t\t<\/div>\n\t\t\t\t<\/div>\n\t\t\t\t<div class=\"elementor-element elementor-element-558d297 elementor-widget elementor-widget-text-editor\" data-id=\"558d297\" data-element_type=\"widget\" data-e-type=\"widget\" data-widget_type=\"text-editor.default\">\n\t\t\t\t<div class=\"elementor-widget-container\">\n\t\t\t\t\t\t\t\t\t<p style=\"text-align: center;\"><span style=\"color: #ffffff; font-size: 10pt;\"><span style=\"font-size: 14px;\">PREDAVANJA<\/span><br \/><\/span><\/p><ul><li style=\"text-align: left;\"><span style=\"color: #ffffff; font-size: 10pt;\">potopisna predavanja<\/span><\/li><li style=\"text-align: left;\"><span style=\"color: #ffffff; font-size: 10pt;\">naravoslovni in trajnostni turizem<\/span><\/li><\/ul>\t\t\t\t\t\t\t\t<\/div>\n\t\t\t\t<\/div>\n\t\t\t\t\t<\/div>\n\t\t<\/div>\n\t\t\t\t<div class=\"elementor-column elementor-col-50 elementor-top-column elementor-element elementor-element-7b760d9\" data-id=\"7b760d9\" data-element_type=\"column\" data-e-type=\"column\">\n\t\t\t<div class=\"elementor-widget-wrap elementor-element-populated\">\n\t\t\t\t\t\t<div class=\"elementor-element elementor-element-15c05cd elementor-widget elementor-widget-image\" data-id=\"15c05cd\" data-element_type=\"widget\" data-e-type=\"widget\" data-widget_type=\"image.default\">\n\t\t\t\t<div class=\"elementor-widget-container\">\n\t\t\t\t\t\t\t\t\t\t\t\t\t\t\t\t<a href=\"https:\/\/natoura.si\/sl_si\/sokotra-naravoslovni-vodnik\/\">\n\t\t\t\t\t\t\t<img loading=\"lazy\" decoding=\"async\" width=\"1024\" height=\"768\" src=\"https:\/\/natoura.si\/wp-content\/uploads\/2024\/12\/book-mockup-standing-against-a-transparent-background-a154831-1024x768.png\" class=\"attachment-large size-large wp-image-14226\" alt=\"\" srcset=\"https:\/\/natoura.si\/wp-content\/uploads\/2024\/12\/book-mockup-standing-against-a-transparent-background-a154831-1024x768.png 1024w, https:\/\/natoura.si\/wp-content\/uploads\/2024\/12\/book-mockup-standing-against-a-transparent-background-a154831-300x225.png 300w, https:\/\/natoura.si\/wp-content\/uploads\/2024\/12\/book-mockup-standing-against-a-transparent-background-a154831-768x576.png 768w, https:\/\/natoura.si\/wp-content\/uploads\/2024\/12\/book-mockup-standing-against-a-transparent-background-a154831-1536x1152.png 1536w, https:\/\/natoura.si\/wp-content\/uploads\/2024\/12\/book-mockup-standing-against-a-transparent-background-a154831-16x12.png 16w, https:\/\/natoura.si\/wp-content\/uploads\/2024\/12\/book-mockup-standing-against-a-transparent-background-a154831.png 1920w\" sizes=\"(max-width: 1024px) 100vw, 1024px\" \/>\t\t\t\t\t\t\t\t<\/a>\n\t\t\t\t\t\t\t\t\t\t\t\t\t\t\t<\/div>\n\t\t\t\t<\/div>\n\t\t\t\t<div class=\"elementor-element elementor-element-268c53c elementor-widget elementor-widget-text-editor\" data-id=\"268c53c\" data-element_type=\"widget\" data-e-type=\"widget\" data-widget_type=\"text-editor.default\">\n\t\t\t\t<div class=\"elementor-widget-container\">\n\t\t\t\t\t\t\t\t\t<p style=\"text-align: center;\"><span style=\"color: #ffffff; font-size: 10pt;\"><a style=\"color: #ffffff;\" href=\"https:\/\/natoura.si\/sl_si\/sokotra-naravoslovni-vodnik\/\"><span style=\"font-size: 14px;\">ZALO\u017dNI\u0160TVO<\/span><\/a><br \/><\/span><\/p><ul><li style=\"text-align: left;\"><span style=\"font-size: 10pt;\"><a href=\"https:\/\/natoura.si\/sl_si\/sokotra-naravoslovni-vodnik\/\"><span style=\"color: #ffffff;\">vodniki za potovanja<\/span><\/a><br \/><\/span><\/li><\/ul>\t\t\t\t\t\t\t\t<\/div>\n\t\t\t\t<\/div>\n\t\t\t\t\t<\/div>\n\t\t<\/div>\n\t\t\t\t\t<\/div>\n\t\t<\/section>\n\t\t\t\t<section class=\"elementor-section elementor-top-section elementor-element elementor-element-d617682 elementor-section-boxed elementor-section-height-default elementor-section-height-default\" data-id=\"d617682\" data-element_type=\"section\" data-e-type=\"section\">\n\t\t\t\t\t\t<div class=\"elementor-container elementor-column-gap-default\">\n\t\t\t\t\t<div class=\"elementor-column elementor-col-33 elementor-top-column elementor-element elementor-element-a0ca1d9\" data-id=\"a0ca1d9\" data-element_type=\"column\" data-e-type=\"column\">\n\t\t\t<div class=\"elementor-widget-wrap elementor-element-populated\">\n\t\t\t\t\t\t<div class=\"elementor-element elementor-element-e710baa elementor-widget elementor-widget-image\" data-id=\"e710baa\" data-element_type=\"widget\" data-e-type=\"widget\" data-widget_type=\"image.default\">\n\t\t\t\t<div class=\"elementor-widget-container\">\n\t\t\t\t\t\t\t\t\t\t\t\t\t\t\t<img loading=\"lazy\" decoding=\"async\" width=\"200\" height=\"200\" src=\"https:\/\/natoura.si\/wp-content\/uploads\/2025\/08\/FOS-logo.gif\" class=\"attachment-large size-large wp-image-15618\" alt=\"\" \/>\t\t\t\t\t\t\t\t\t\t\t\t\t\t\t<\/div>\n\t\t\t\t<\/div>\n\t\t\t\t\t<\/div>\n\t\t<\/div>\n\t\t\t\t<div class=\"elementor-column elementor-col-33 elementor-top-column elementor-element elementor-element-1fa4024\" data-id=\"1fa4024\" data-element_type=\"column\" data-e-type=\"column\">\n\t\t\t<div class=\"elementor-widget-wrap elementor-element-populated\">\n\t\t\t\t\t\t<div class=\"elementor-element elementor-element-f1339dc elementor-widget elementor-widget-image\" data-id=\"f1339dc\" data-element_type=\"widget\" data-e-type=\"widget\" data-widget_type=\"image.default\">\n\t\t\t\t<div class=\"elementor-widget-container\">\n\t\t\t\t\t\t\t\t\t\t\t\t\t\t\t<img loading=\"lazy\" decoding=\"async\" width=\"162\" height=\"53\" src=\"https:\/\/natoura.si\/wp-content\/uploads\/2025\/09\/ZRC-SAZU.jpg\" class=\"attachment-large size-large wp-image-16222\" alt=\"\" srcset=\"https:\/\/natoura.si\/wp-content\/uploads\/2025\/09\/ZRC-SAZU.jpg 162w, https:\/\/natoura.si\/wp-content\/uploads\/2025\/09\/ZRC-SAZU-18x6.jpg 18w\" sizes=\"(max-width: 162px) 100vw, 162px\" \/>\t\t\t\t\t\t\t\t\t\t\t\t\t\t\t<\/div>\n\t\t\t\t<\/div>\n\t\t\t\t<div class=\"elementor-element elementor-element-260d6a6 elementor-widget elementor-widget-image\" data-id=\"260d6a6\" data-element_type=\"widget\" data-e-type=\"widget\" data-widget_type=\"image.default\">\n\t\t\t\t<div class=\"elementor-widget-container\">\n\t\t\t\t\t\t\t\t\t\t\t\t\t\t\t<img loading=\"lazy\" decoding=\"async\" width=\"146\" height=\"98\" src=\"https:\/\/natoura.si\/wp-content\/uploads\/2025\/09\/Mendel-University.jpg\" class=\"attachment-large size-large wp-image-16223\" alt=\"\" srcset=\"https:\/\/natoura.si\/wp-content\/uploads\/2025\/09\/Mendel-University.jpg 146w, https:\/\/natoura.si\/wp-content\/uploads\/2025\/09\/Mendel-University-18x12.jpg 18w\" sizes=\"(max-width: 146px) 100vw, 146px\" \/>\t\t\t\t\t\t\t\t\t\t\t\t\t\t\t<\/div>\n\t\t\t\t<\/div>\n\t\t\t\t\t<\/div>\n\t\t<\/div>\n\t\t\t\t<div class=\"elementor-column elementor-col-33 elementor-top-column elementor-element elementor-element-2f92eac\" data-id=\"2f92eac\" data-element_type=\"column\" data-e-type=\"column\">\n\t\t\t<div class=\"elementor-widget-wrap elementor-element-populated\">\n\t\t\t\t\t\t<div class=\"elementor-element elementor-element-d887873 elementor-widget elementor-widget-text-editor\" data-id=\"d887873\" data-element_type=\"widget\" data-e-type=\"widget\" data-widget_type=\"text-editor.default\">\n\t\t\t\t<div class=\"elementor-widget-container\">\n\t\t\t\t\t\t\t\t\t<p style=\"text-align: center;\"><span style=\"color: #ffffff;\">Od 19. do 21. septembra letos je v Ljubljani potekalo 24. mednarodno sre\u010danje zdru\u017eenja Friends of Soqotra. Sodelovala sem pri organizaciji in izvedbi dogodka, predstavila pa sem tudi svoj pogled na turizem na Socotri v zadnjih 10 letih.<\/span><\/p><p style=\"text-align: center;\"><a href=\"https:\/\/natoura.si\/sl_si\/friends-of-socotra-ljubljana-2025\/\">Ve\u010d o dogodku &#8230;<\/a><\/p>\t\t\t\t\t\t\t\t<\/div>\n\t\t\t\t<\/div>\n\t\t\t\t\t<\/div>\n\t\t<\/div>\n\t\t\t\t\t<\/div>\n\t\t<\/section>\n\t\t\t\t<\/div>\n\t\t","protected":false},"excerpt":{"rendered":"<p>FOTOGRAFSKE RAZSTAVE S POTOVANJ PRIPRAVA INDIVIDUALNIH PROGRAMOV POTOVANJ cena priprave programa: 100,00 \u20ac za vsak dan potovanja, v primeru potrditve programa se obra\u010dunani znesek pripraveTour Details<\/p>\n","protected":false},"author":1,"featured_media":10859,"parent":0,"menu_order":0,"comment_status":"closed","ping_status":"closed","template":"","meta":{"footnotes":""},"class_list":["post-10858","page","type-page","status-publish","has-post-thumbnail","hentry"],"_links":{"self":[{"href":"https:\/\/natoura.si\/sl_si\/wp-json\/wp\/v2\/pages\/10858","targetHints":{"allow":["GET"]}}],"collection":[{"href":"https:\/\/natoura.si\/sl_si\/wp-json\/wp\/v2\/pages"}],"about":[{"href":"https:\/\/natoura.si\/sl_si\/wp-json\/wp\/v2\/types\/page"}],"author":[{"embeddable":true,"href":"https:\/\/natoura.si\/sl_si\/wp-json\/wp\/v2\/users\/1"}],"replies":[{"embeddable":true,"href":"https:\/\/natoura.si\/sl_si\/wp-json\/wp\/v2\/comments?post=10858"}],"version-history":[{"count":19,"href":"https:\/\/natoura.si\/sl_si\/wp-json\/wp\/v2\/pages\/10858\/revisions"}],"predecessor-version":[{"id":16531,"href":"https:\/\/natoura.si\/sl_si\/wp-json\/wp\/v2\/pages\/10858\/revisions\/16531"}],"wp:featuredmedia":[{"embeddable":true,"href":"https:\/\/natoura.si\/sl_si\/wp-json\/wp\/v2\/media\/10859"}],"wp:attachment":[{"href":"https:\/\/natoura.si\/sl_si\/wp-json\/wp\/v2\/media?parent=10858"}],"curies":[{"name":"wp","href":"https:\/\/api.w.org\/{rel}","templated":true}]}}