{"id":984,"date":"2019-11-13T12:12:58","date_gmt":"2019-11-13T12:12:58","guid":{"rendered":"https:\/\/natoura.si\/?page_id=984"},"modified":"2024-12-10T17:22:03","modified_gmt":"2024-12-10T17:22:03","slug":"darilni-bon","status":"publish","type":"page","link":"https:\/\/natoura.si\/en\/darilni-bon\/","title":{"rendered":"Gift Voucher"},"content":{"rendered":"<div data-elementor-type=\"wp-page\" data-elementor-id=\"984\" class=\"elementor elementor-984\" data-elementor-post-type=\"page\">\n\t\t\t\t\t\t<section class=\"elementor-section elementor-top-section elementor-element elementor-element-7d951334 elementor-section-boxed elementor-section-height-default elementor-section-height-default\" data-id=\"7d951334\" data-element_type=\"section\" data-e-type=\"section\">\n\t\t\t\t\t\t<div class=\"elementor-container elementor-column-gap-default\">\n\t\t\t\t\t<div class=\"elementor-column elementor-col-100 elementor-top-column elementor-element elementor-element-10155c07\" data-id=\"10155c07\" data-element_type=\"column\" data-e-type=\"column\">\n\t\t\t<div class=\"elementor-widget-wrap elementor-element-populated\">\n\t\t\t\t\t\t<div class=\"elementor-element elementor-element-11e5dfff elementor-widget elementor-widget-text-editor\" data-id=\"11e5dfff\" data-element_type=\"widget\" data-e-type=\"widget\" data-widget_type=\"text-editor.default\">\n\t\t\t\t<div class=\"elementor-widget-container\">\n\t\t\t\t\t\t\t\t\t<p style=\"text-align: center;\"><span style=\"color: #ffffff;\"><span style=\"font-family: Poppins; font-size: 16px;\">O<\/span><span style=\"font-family: Poppins; font-size: 16px;\">sebi, ki si \u017eeli potovati, je najlep\u0161e pokloniti darilni bon za potovanje. Darilni bon lahko naro\u010dite s poljubno vrednostjo, velja pa dve leti od izdaje. <\/span><span style=\"font-family: Poppins; font-size: 16px;\">Oseba, ki prejme darilni bon, si lahko izbere poljubno potovanje z razpisanega programa.<\/span><\/span><\/p><p style=\"text-align: center;\"><span style=\"font-family: Poppins; font-size: 16px;\"><span style=\"color: #ffffff;\">Darilni bon lahko naro\u010dite tako, da nam izpolnite<\/span> <span style=\"color: #ff6600;\"><a style=\"color: #ff6600;\" href=\"https:\/\/natoura.si\/en\/narocilo-darilnega-bona\/\">OBRAZEC.<\/a><\/span><br \/><\/span><\/p><div id=\"kpm-root\" class=\"kpm_LTR notranslate\" translate=\"no\">\u00a0<\/div>\t\t\t\t\t\t\t\t<\/div>\n\t\t\t\t<\/div>\n\t\t\t\t\t<\/div>\n\t\t<\/div>\n\t\t\t\t\t<\/div>\n\t\t<\/section>\n\t\t\t\t<section class=\"elementor-section elementor-top-section elementor-element elementor-element-318b06e elementor-section-boxed elementor-section-height-default elementor-section-height-default\" data-id=\"318b06e\" data-element_type=\"section\" data-e-type=\"section\">\n\t\t\t\t\t\t<div class=\"elementor-container elementor-column-gap-default\">\n\t\t\t\t\t<div class=\"elementor-column elementor-col-50 elementor-top-column elementor-element elementor-element-e12e135\" data-id=\"e12e135\" data-element_type=\"column\" data-e-type=\"column\">\n\t\t\t<div class=\"elementor-widget-wrap elementor-element-populated\">\n\t\t\t\t\t\t<div class=\"elementor-element elementor-element-2708cb0 elementor-widget elementor-widget-image\" data-id=\"2708cb0\" data-element_type=\"widget\" data-e-type=\"widget\" data-widget_type=\"image.default\">\n\t\t\t\t<div class=\"elementor-widget-container\">\n\t\t\t\t\t\t\t\t\t\t\t\t\t\t\t<img fetchpriority=\"high\" decoding=\"async\" width=\"870\" height=\"871\" src=\"https:\/\/natoura.si\/wp-content\/uploads\/2024\/12\/Darilni-bon.gif\" class=\"attachment-large size-large wp-image-14251\" alt=\"\" \/>\t\t\t\t\t\t\t\t\t\t\t\t\t\t\t<\/div>\n\t\t\t\t<\/div>\n\t\t\t\t\t<\/div>\n\t\t<\/div>\n\t\t\t\t<div class=\"elementor-column elementor-col-50 elementor-top-column elementor-element elementor-element-3a29074\" data-id=\"3a29074\" data-element_type=\"column\" data-e-type=\"column\">\n\t\t\t<div class=\"elementor-widget-wrap elementor-element-populated\">\n\t\t\t\t\t\t<div class=\"elementor-element elementor-element-c816260 elementor-widget elementor-widget-image\" data-id=\"c816260\" data-element_type=\"widget\" data-e-type=\"widget\" data-widget_type=\"image.default\">\n\t\t\t\t<div class=\"elementor-widget-container\">\n\t\t\t\t\t\t\t\t\t\t\t\t\t\t\t<img decoding=\"async\" width=\"870\" height=\"871\" src=\"https:\/\/natoura.si\/wp-content\/uploads\/2024\/12\/Darilni-bon2.gif\" class=\"attachment-large size-large wp-image-14252\" alt=\"\" \/>\t\t\t\t\t\t\t\t\t\t\t\t\t\t\t<\/div>\n\t\t\t\t<\/div>\n\t\t\t\t\t<\/div>\n\t\t<\/div>\n\t\t\t\t\t<\/div>\n\t\t<\/section>\n\t\t\t\t<\/div>","protected":false},"excerpt":{"rendered":"<p>Osebi, ki si \u017eeli potovati, je najlep\u0161e pokloniti darilni bon za potovanje. Darilni bon lahko naro\u010dite s poljubno vrednostjo, velja pa dve leti od izdaje.Tour Details<\/p>","protected":false},"author":1,"featured_media":14,"parent":0,"menu_order":0,"comment_status":"closed","ping_status":"closed","template":"","meta":{"footnotes":""},"class_list":["post-984","page","type-page","status-publish","has-post-thumbnail","hentry"],"_links":{"self":[{"href":"https:\/\/natoura.si\/en\/wp-json\/wp\/v2\/pages\/984","targetHints":{"allow":["GET"]}}],"collection":[{"href":"https:\/\/natoura.si\/en\/wp-json\/wp\/v2\/pages"}],"about":[{"href":"https:\/\/natoura.si\/en\/wp-json\/wp\/v2\/types\/page"}],"author":[{"embeddable":true,"href":"https:\/\/natoura.si\/en\/wp-json\/wp\/v2\/users\/1"}],"replies":[{"embeddable":true,"href":"https:\/\/natoura.si\/en\/wp-json\/wp\/v2\/comments?post=984"}],"version-history":[{"count":14,"href":"https:\/\/natoura.si\/en\/wp-json\/wp\/v2\/pages\/984\/revisions"}],"predecessor-version":[{"id":14265,"href":"https:\/\/natoura.si\/en\/wp-json\/wp\/v2\/pages\/984\/revisions\/14265"}],"wp:featuredmedia":[{"embeddable":true,"href":"https:\/\/natoura.si\/en\/wp-json\/wp\/v2\/media\/14"}],"wp:attachment":[{"href":"https:\/\/natoura.si\/en\/wp-json\/wp\/v2\/media?parent=984"}],"curies":[{"name":"wp","href":"https:\/\/api.w.org\/{rel}","templated":true}]}}